{"id":5163,"date":"2024-04-07T10:00:25","date_gmt":"2024-04-07T13:00:25","guid":{"rendered":"https:\/\/deputadotaveirajr.com.br\/?page_id=5163"},"modified":"2024-04-07T10:00:25","modified_gmt":"2024-04-07T13:00:25","slug":"veja-receita-de-tapioca-recheada-com-banana-queijo-coalho-e-coco","status":"publish","type":"page","link":"https:\/\/deputadotaveirajr.com.br\/index.php\/veja-receita-de-tapioca-recheada-com-banana-queijo-coalho-e-coco\/","title":{"rendered":"Veja receita de tapioca recheada com banana, queijo coalho e coco"},"content":{"rendered":"<p>     Confira ingredientes e modo de preparo de receita exibida no Inter TV Rural deste domingo (7). Tapioca com banana, queijo e coco<br \/>\nInter TV Costa Branca<br \/>\n A tapioca \u00e9 uma heran\u00e7a cultural ind\u00edgena que virou um s\u00edmbolo da culin\u00e1ria nordestina. Ao longo do tempo ela foi ganhando diversas vers\u00f5es e recheios que fazem da tapioca um prato que pode ser servido em quase todas as refei\u00e7\u00f5es<br \/>\n dAo  tapioca \u00e9 uma heran\u00e7a cultural ind\u00edgena que virou um s\u00edmbolo da culin\u00e1ria nordestina. Ao longo do tempo ela foi ganhando diversas vers\u00f5es e recheios que fazem da tapioca um prato que pode ser servido em quase todas as refei\u00e7\u00f5es<br \/>\nNo programa Inter TV Rural deste domingo (7), o chef Alexandre Dantas apresentou uma receita de tapioca incrementada com queijo coalho, banana e coco ralado.<br \/>\nIngredientes<br \/>\n150 g de goma hidratada e peneirada<br \/>\n120 g de queijo coalho ralado grosseiramente<br \/>\n2 bananas de tamanho m\u00e9dio maduras<br \/>\n40 g de coco fresco ralado<br \/>\nSal a gosto<br \/>\nFio de azeite para untar a frigideira<br \/>\nModo de preparo<br \/>\nA gente come\u00e7a j\u00e1 montando a tapioca na frigideira. O ideal \u00e9 ter 2 frigideiras, de tamanhos diferentes. Ainda com a chama do fog\u00e3o desligada, vamos untar com um fio de azeite e forrar o fundo da frigideira menor com as bananas cortadas em rodelas.<br \/>\nAp\u00f3s organizar a camada de banana, vamos deixar espa\u00e7o entre uma peda\u00e7o e outro da banana. Entre os espa\u00e7os, vamos colocar o queijo coalho ralado, preenchendo esses espa\u00e7os .<br \/>\nVamos ligar a chama do fog\u00e3o e aguardar 1 a 2 minutos at\u00e9 observar que o queijo come\u00e7a a formar uma crosta e a banana come\u00e7a a caramelizar formando uma camada dourada. Nessa hora, podemos colocar a camada da goma de tapioca hidratada.<br \/>\nPolvilhamos a goma preenchendo toda frigideira e cobrindo completamente a banana e o queijo coalho. Depois vamos nivelar e deixar a goma bem lisinha. Quando observarmos que a tapioca come\u00e7a a soltar do fundo da frigideira, \u00e9 hora de virar. Com ajuda de uma frigideira maior, vamos virar a tapioca, passando de uma para a outra. Nessa frigideira maior, deixamos a tapioca no fogo por cerca de 1 minuto e vamos reservar.<br \/>\nNa frigideira menor, vamos fazer a finaliza\u00e7\u00e3o. Untamos novamente a frigideira e com a chama desligada vamos forrar o fundo da frigideira com uma camada de queijo de coalho e coco ralado. Ligamos a chama do fog\u00e3o e esperamos cerca de 2 minutos at\u00e9 tostar levemente.<br \/>\nQuando ela estiver tostando, a gente coloca a tapioca que estava reservada por cima dessa camada de coco e queijo. O ideal \u00e9 colocar a parte branca da tapioca para que o coco e o queijo possam aderir \u00e0 massa.<br \/>\nDepois de alguns minutos, a tapioca est\u00e1 pronta. Quem preferir pode dobrar ou servir a tapioca aberta.<br \/>\nVeja os v\u00eddeos mais assistidos no g1 RN<br \/>\nV\u00cdDEOS: Mais assistidos do Rio Grande do Norte nos \u00faltimos 7 dias| em G1 \/ RN \/ Rio Grande do Norte<\/p>","protected":false},"excerpt":{"rendered":"<p>Confira ingredientes e modo de preparo de receita exibida no Inter TV Rural deste domingo (7). Tapioca com banana, queijo e coco Inter TV Costa Branca A tapioca \u00e9 uma &#8230;<\/p>\n","protected":false},"author":0,"featured_media":5164,"parent":0,"menu_order":0,"comment_status":"closed","ping_status":"closed","template":"","meta":{"footnotes":""},"class_list":["post-5163","page","type-page","status-publish","has-post-thumbnail","hentry"],"yoast_head":"<!-- This site is optimized with the Yoast SEO plugin v27.1.1 - https:\/\/yoast.com\/product\/yoast-seo-wordpress\/ -->\n<title>Veja receita de tapioca recheada com banana, queijo coalho e coco - Taveira Jr<\/title>\n<meta name=\"robots\" content=\"index, follow, max-snippet:-1, max-image-preview:large, max-video-preview:-1\" \/>\n<link rel=\"canonical\" href=\"https:\/\/deputadotaveirajr.com.br\/index.php\/veja-receita-de-tapioca-recheada-com-banana-queijo-coalho-e-coco\/\" \/>\n<meta property=\"og:locale\" content=\"pt_BR\" \/>\n<meta property=\"og:type\" content=\"article\" \/>\n<meta property=\"og:title\" content=\"Veja receita de tapioca recheada com banana, queijo coalho e coco - Taveira Jr\" \/>\n<meta property=\"og:description\" content=\"Confira ingredientes e modo de preparo de receita exibida no Inter TV Rural deste domingo (7). Tapioca com banana, queijo e coco Inter TV Costa Branca A tapioca \u00e9 uma ...\" \/>\n<meta property=\"og:url\" content=\"https:\/\/deputadotaveirajr.com.br\/index.php\/veja-receita-de-tapioca-recheada-com-banana-queijo-coalho-e-coco\/\" \/>\n<meta property=\"og:site_name\" content=\"Taveira Jr\" \/>\n<meta property=\"og:image\" content=\"https:\/\/deputadotaveirajr.com.br\/wp-content\/uploads\/2024\/04\/tapioca-UcM9tv.jpeg\" \/>\n\t<meta property=\"og:image:width\" content=\"1600\" \/>\n\t<meta property=\"og:image:height\" content=\"1200\" \/>\n\t<meta property=\"og:image:type\" content=\"image\/jpeg\" \/>\n<meta name=\"twitter:card\" content=\"summary_large_image\" \/>\n<meta name=\"twitter:label1\" content=\"Est. tempo de leitura\" \/>\n\t<meta name=\"twitter:data1\" content=\"2 minutos\" \/>\n<script type=\"application\/ld+json\" class=\"yoast-schema-graph\">{\"@context\":\"https:\/\/schema.org\",\"@graph\":[{\"@type\":\"WebPage\",\"@id\":\"https:\/\/deputadotaveirajr.com.br\/index.php\/veja-receita-de-tapioca-recheada-com-banana-queijo-coalho-e-coco\/\",\"url\":\"https:\/\/deputadotaveirajr.com.br\/index.php\/veja-receita-de-tapioca-recheada-com-banana-queijo-coalho-e-coco\/\",\"name\":\"Veja receita de tapioca recheada com banana, queijo coalho e coco - Taveira Jr\",\"isPartOf\":{\"@id\":\"https:\/\/deputadotaveirajr.com.br\/#website\"},\"primaryImageOfPage\":{\"@id\":\"https:\/\/deputadotaveirajr.com.br\/index.php\/veja-receita-de-tapioca-recheada-com-banana-queijo-coalho-e-coco\/#primaryimage\"},\"image\":{\"@id\":\"https:\/\/deputadotaveirajr.com.br\/index.php\/veja-receita-de-tapioca-recheada-com-banana-queijo-coalho-e-coco\/#primaryimage\"},\"thumbnailUrl\":\"https:\/\/deputadotaveirajr.com.br\/wp-content\/uploads\/2024\/04\/tapioca-UcM9tv.jpeg\",\"datePublished\":\"2024-04-07T13:00:25+00:00\",\"breadcrumb\":{\"@id\":\"https:\/\/deputadotaveirajr.com.br\/index.php\/veja-receita-de-tapioca-recheada-com-banana-queijo-coalho-e-coco\/#breadcrumb\"},\"inLanguage\":\"pt-BR\",\"potentialAction\":[{\"@type\":\"ReadAction\",\"target\":[\"https:\/\/deputadotaveirajr.com.br\/index.php\/veja-receita-de-tapioca-recheada-com-banana-queijo-coalho-e-coco\/\"]}]},{\"@type\":\"ImageObject\",\"inLanguage\":\"pt-BR\",\"@id\":\"https:\/\/deputadotaveirajr.com.br\/index.php\/veja-receita-de-tapioca-recheada-com-banana-queijo-coalho-e-coco\/#primaryimage\",\"url\":\"https:\/\/deputadotaveirajr.com.br\/wp-content\/uploads\/2024\/04\/tapioca-UcM9tv.jpeg\",\"contentUrl\":\"https:\/\/deputadotaveirajr.com.br\/wp-content\/uploads\/2024\/04\/tapioca-UcM9tv.jpeg\",\"width\":1600,\"height\":1200},{\"@type\":\"BreadcrumbList\",\"@id\":\"https:\/\/deputadotaveirajr.com.br\/index.php\/veja-receita-de-tapioca-recheada-com-banana-queijo-coalho-e-coco\/#breadcrumb\",\"itemListElement\":[{\"@type\":\"ListItem\",\"position\":1,\"name\":\"In\u00edcio\",\"item\":\"https:\/\/deputadotaveirajr.com.br\/\"},{\"@type\":\"ListItem\",\"position\":2,\"name\":\"Veja receita de tapioca recheada com banana, queijo coalho e coco\"}]},{\"@type\":\"WebSite\",\"@id\":\"https:\/\/deputadotaveirajr.com.br\/#website\",\"url\":\"https:\/\/deputadotaveirajr.com.br\/\",\"name\":\"Taveira Jr\",\"description\":\"Deputado Estadual\",\"publisher\":{\"@id\":\"https:\/\/deputadotaveirajr.com.br\/#organization\"},\"potentialAction\":[{\"@type\":\"SearchAction\",\"target\":{\"@type\":\"EntryPoint\",\"urlTemplate\":\"https:\/\/deputadotaveirajr.com.br\/?s={search_term_string}\"},\"query-input\":{\"@type\":\"PropertyValueSpecification\",\"valueRequired\":true,\"valueName\":\"search_term_string\"}}],\"inLanguage\":\"pt-BR\"},{\"@type\":\"Organization\",\"@id\":\"https:\/\/deputadotaveirajr.com.br\/#organization\",\"name\":\"Taveira Jr\",\"url\":\"https:\/\/deputadotaveirajr.com.br\/\",\"logo\":{\"@type\":\"ImageObject\",\"inLanguage\":\"pt-BR\",\"@id\":\"https:\/\/deputadotaveirajr.com.br\/#\/schema\/logo\/image\/\",\"url\":\"https:\/\/deputadotaveirajr.com.br\/wp-content\/uploads\/2026\/01\/logolow2a.png\",\"contentUrl\":\"https:\/\/deputadotaveirajr.com.br\/wp-content\/uploads\/2026\/01\/logolow2a.png\",\"width\":290,\"height\":80,\"caption\":\"Taveira Jr\"},\"image\":{\"@id\":\"https:\/\/deputadotaveirajr.com.br\/#\/schema\/logo\/image\/\"}}]}<\/script>\n<!-- \/ Yoast SEO plugin. -->","yoast_head_json":{"title":"Veja receita de tapioca recheada com banana, queijo coalho e coco - Taveira Jr","robots":{"index":"index","follow":"follow","max-snippet":"max-snippet:-1","max-image-preview":"max-image-preview:large","max-video-preview":"max-video-preview:-1"},"canonical":"https:\/\/deputadotaveirajr.com.br\/index.php\/veja-receita-de-tapioca-recheada-com-banana-queijo-coalho-e-coco\/","og_locale":"pt_BR","og_type":"article","og_title":"Veja receita de tapioca recheada com banana, queijo coalho e coco - Taveira Jr","og_description":"Confira ingredientes e modo de preparo de receita exibida no Inter TV Rural deste domingo (7). Tapioca com banana, queijo e coco Inter TV Costa Branca A tapioca \u00e9 uma ...","og_url":"https:\/\/deputadotaveirajr.com.br\/index.php\/veja-receita-de-tapioca-recheada-com-banana-queijo-coalho-e-coco\/","og_site_name":"Taveira Jr","og_image":[{"width":1600,"height":1200,"url":"https:\/\/deputadotaveirajr.com.br\/wp-content\/uploads\/2024\/04\/tapioca-UcM9tv.jpeg","type":"image\/jpeg"}],"twitter_card":"summary_large_image","twitter_misc":{"Est. tempo de leitura":"2 minutos"},"schema":{"@context":"https:\/\/schema.org","@graph":[{"@type":"WebPage","@id":"https:\/\/deputadotaveirajr.com.br\/index.php\/veja-receita-de-tapioca-recheada-com-banana-queijo-coalho-e-coco\/","url":"https:\/\/deputadotaveirajr.com.br\/index.php\/veja-receita-de-tapioca-recheada-com-banana-queijo-coalho-e-coco\/","name":"Veja receita de tapioca recheada com banana, queijo coalho e coco - Taveira Jr","isPartOf":{"@id":"https:\/\/deputadotaveirajr.com.br\/#website"},"primaryImageOfPage":{"@id":"https:\/\/deputadotaveirajr.com.br\/index.php\/veja-receita-de-tapioca-recheada-com-banana-queijo-coalho-e-coco\/#primaryimage"},"image":{"@id":"https:\/\/deputadotaveirajr.com.br\/index.php\/veja-receita-de-tapioca-recheada-com-banana-queijo-coalho-e-coco\/#primaryimage"},"thumbnailUrl":"https:\/\/deputadotaveirajr.com.br\/wp-content\/uploads\/2024\/04\/tapioca-UcM9tv.jpeg","datePublished":"2024-04-07T13:00:25+00:00","breadcrumb":{"@id":"https:\/\/deputadotaveirajr.com.br\/index.php\/veja-receita-de-tapioca-recheada-com-banana-queijo-coalho-e-coco\/#breadcrumb"},"inLanguage":"pt-BR","potentialAction":[{"@type":"ReadAction","target":["https:\/\/deputadotaveirajr.com.br\/index.php\/veja-receita-de-tapioca-recheada-com-banana-queijo-coalho-e-coco\/"]}]},{"@type":"ImageObject","inLanguage":"pt-BR","@id":"https:\/\/deputadotaveirajr.com.br\/index.php\/veja-receita-de-tapioca-recheada-com-banana-queijo-coalho-e-coco\/#primaryimage","url":"https:\/\/deputadotaveirajr.com.br\/wp-content\/uploads\/2024\/04\/tapioca-UcM9tv.jpeg","contentUrl":"https:\/\/deputadotaveirajr.com.br\/wp-content\/uploads\/2024\/04\/tapioca-UcM9tv.jpeg","width":1600,"height":1200},{"@type":"BreadcrumbList","@id":"https:\/\/deputadotaveirajr.com.br\/index.php\/veja-receita-de-tapioca-recheada-com-banana-queijo-coalho-e-coco\/#breadcrumb","itemListElement":[{"@type":"ListItem","position":1,"name":"In\u00edcio","item":"https:\/\/deputadotaveirajr.com.br\/"},{"@type":"ListItem","position":2,"name":"Veja receita de tapioca recheada com banana, queijo coalho e coco"}]},{"@type":"WebSite","@id":"https:\/\/deputadotaveirajr.com.br\/#website","url":"https:\/\/deputadotaveirajr.com.br\/","name":"Taveira Jr","description":"Deputado Estadual","publisher":{"@id":"https:\/\/deputadotaveirajr.com.br\/#organization"},"potentialAction":[{"@type":"SearchAction","target":{"@type":"EntryPoint","urlTemplate":"https:\/\/deputadotaveirajr.com.br\/?s={search_term_string}"},"query-input":{"@type":"PropertyValueSpecification","valueRequired":true,"valueName":"search_term_string"}}],"inLanguage":"pt-BR"},{"@type":"Organization","@id":"https:\/\/deputadotaveirajr.com.br\/#organization","name":"Taveira Jr","url":"https:\/\/deputadotaveirajr.com.br\/","logo":{"@type":"ImageObject","inLanguage":"pt-BR","@id":"https:\/\/deputadotaveirajr.com.br\/#\/schema\/logo\/image\/","url":"https:\/\/deputadotaveirajr.com.br\/wp-content\/uploads\/2026\/01\/logolow2a.png","contentUrl":"https:\/\/deputadotaveirajr.com.br\/wp-content\/uploads\/2026\/01\/logolow2a.png","width":290,"height":80,"caption":"Taveira Jr"},"image":{"@id":"https:\/\/deputadotaveirajr.com.br\/#\/schema\/logo\/image\/"}}]}},"_links":{"self":[{"href":"https:\/\/deputadotaveirajr.com.br\/index.php\/wp-json\/wp\/v2\/pages\/5163","targetHints":{"allow":["GET"]}}],"collection":[{"href":"https:\/\/deputadotaveirajr.com.br\/index.php\/wp-json\/wp\/v2\/pages"}],"about":[{"href":"https:\/\/deputadotaveirajr.com.br\/index.php\/wp-json\/wp\/v2\/types\/page"}],"replies":[{"embeddable":true,"href":"https:\/\/deputadotaveirajr.com.br\/index.php\/wp-json\/wp\/v2\/comments?post=5163"}],"version-history":[{"count":1,"href":"https:\/\/deputadotaveirajr.com.br\/index.php\/wp-json\/wp\/v2\/pages\/5163\/revisions"}],"predecessor-version":[{"id":5167,"href":"https:\/\/deputadotaveirajr.com.br\/index.php\/wp-json\/wp\/v2\/pages\/5163\/revisions\/5167"}],"wp:featuredmedia":[{"embeddable":true,"href":"https:\/\/deputadotaveirajr.com.br\/index.php\/wp-json\/wp\/v2\/media\/5164"}],"wp:attachment":[{"href":"https:\/\/deputadotaveirajr.com.br\/index.php\/wp-json\/wp\/v2\/media?parent=5163"}],"curies":[{"name":"wp","href":"https:\/\/api.w.org\/{rel}","templated":true}]}}