{"id":5171,"date":"2024-04-07T15:37:10","date_gmt":"2024-04-07T18:37:10","guid":{"rendered":"https:\/\/deputadotaveirajr.com.br\/index.php\/sangria-do-acude-gargalheiras-atrai-milhares-de-visitantes-e-congestionamento-chama-atencao\/"},"modified":"2024-04-07T15:37:10","modified_gmt":"2024-04-07T18:37:10","slug":"sangria-do-acude-gargalheiras-atrai-milhares-de-visitantes-e-congestionamento-chama-atencao","status":"publish","type":"page","link":"https:\/\/deputadotaveirajr.com.br\/index.php\/sangria-do-acude-gargalheiras-atrai-milhares-de-visitantes-e-congestionamento-chama-atencao\/","title":{"rendered":"Sangria do a\u00e7ude Gargalheiras atrai milhares de visitantes e congestionamento chama aten\u00e7\u00e3o"},"content":{"rendered":"<p>     Munic\u00edpio recebeu mais de 6 mil pessoas no s\u00e1bado (6). Estrada que d\u00e1 acesso \u00e0 barragem tem longo engarrafamento. Mais de 6 mil pessoas visitaram o A\u00e7ude Gargalheiras neste s\u00e1bado<br \/>\nMuita gente foi ver de perto a sangria do a\u00e7ude Gargalheiras, em Acari, na regi\u00e3o do Serid\u00f3 do Rio Grande do Norte, neste fim de semana. Diante do chamado &#8220;v\u00e9u de noiva&#8221;, a movimenta\u00e7\u00e3o \u00e9 intensa durante todo o dia. Todos querem contemplar o momento e registrar com fotos.<br \/>\nO tr\u00e2nsito chegou a ficar congestionado na via principal da cidade. Neste domingo (7), novas imagens apontam que a estrada da comunidade que d\u00e1 acesso \u00e0 barragem &#8211; que tem quase 5 km de extens\u00e3o &#8211; tamb\u00e9m ficou tomada por centenas de ve\u00edculos.<br \/>\nSangria do a\u00e7ude Gargalheiras atrai milhares de visitantes e congestionamento chama aten\u00e7\u00e3o<br \/>\nReprodu\u00e7\u00e3o<br \/>\nUma carreata com a imagem peregrina de Nossa Senhora da Guia saiu da Igreja Matriz com destino ao Gargalheiras, onde foi celebrada uma missa em a\u00e7\u00e3o de gra\u00e7as na manh\u00e3 deste domingo. Em trecho que n\u00e3o pode mais passar ve\u00edculos, os fi\u00e9is seguiram a p\u00e9 em prociss\u00e3o (veja v\u00eddeo abaixo).<br \/>\nFi\u00e9is participam de prociss\u00e3o no a\u00e7ude Gargalheiras (Imagens: Gl\u00e1ucia Lima)<br \/>\nSe no s\u00e1bado (6) foram aproximadamente 6 mil visitantes, a expectativa do munic\u00edpio \u00e9 que o domingo registre um n\u00famero ainda maior.<br \/>\nPor orienta\u00e7\u00e3o da Pol\u00edcia Rodovi\u00e1ria Estadual, o tr\u00e2nsito na regi\u00e3o foi modificado. Apenas ve\u00edculos autorizados podem acessar o trecho da estrada que fica mais pr\u00f3ximo \u00e0 barragem. Ve\u00edculos de passeio s\u00f3 podem estacionar no campo de futebol, que fica a uma dist\u00e2ncia de 500 metros do pared\u00e3o.<br \/>\nA recomenda\u00e7\u00e3o da prefeitura \u00e9 que os moradores de Acari e regi\u00e3o evitem usar ve\u00edculos para visitar o Gargalheiras.<br \/>\nSangria do a\u00e7ude Gargalheiras aumenta e forma &#8216;v\u00e9u de noiva&#8217; &#8211; Imagens: Cl\u00e9ber Dantas<br \/>\nA partir das 17h, tamb\u00e9m est\u00e1 prevista a Festa do Gargalheiras, com shows de Bruno Martins, Giullian Monte e Giannini Alencar, al\u00e9m da banda Feras.<br \/>\nSangria do a\u00e7ude Gargalheiras forma &#8216;v\u00e9u de noiva&#8217; nesta sexta-feira (5)<br \/>\nHugo Andrade\/Inter TV Cabugi<br \/>\n\ud83d\udcf3Participe do canal do g1 RN no WhatsApp e receba no seu celular as not\u00edcias do estado<br \/>\nSobre o Gargalheiras<br \/>\n\ud83d\udc49 Contexto: A &#8220;sangria&#8221; \u00e9 o termo usado quando o reservat\u00f3rio chega \u00e0 sua capacidade m\u00e1xima e transborda. Patrim\u00f4nio hist\u00f3rico, geogr\u00e1fico, paisag\u00edstico, ambiental e tur\u00edstico do Rio Grande do Norte, o Gargalheiras serviu de loca\u00e7\u00e3o para o filme &#8220;Bacurau&#8221; em 2018 e \u00e9 um dos maiores a\u00e7udes do estado.<br \/>\nA sangria come\u00e7ou na noite de quinta-feira (3), ainda t\u00edmida, mas houve fogos, ora\u00e7\u00f5es e muita comemora\u00e7\u00e3o no local. Centenas de pessoas aguardavam a sangria \u00e0s margens do Gargalheiras.<br \/>\nO a\u00e7ude de Gargalheiras tem capacidade para armazenar mais de 44 milh\u00f5es de metros c\u00fabicos de \u00e1gua. Para se ter ideia do tamanho desse reservat\u00f3rio, ele \u00e9 suficiente para abastecer uma popula\u00e7\u00e3o de 56 mil pessoas por cerca de quatro anos.<br \/>\nEntenda o caminho das \u00e1guas: para onde vai sangria do A\u00e7ude Gargalheiras<br \/>\nDesde a \u00faltima sangria, em 2011, o Gargalheiras passou por momentos dif\u00edceis com a falta de chuvas na regi\u00e3o, chegando a ficar completamente seco em alguns momentos entre os anos de 2017, 2018 e 2019.<br \/>\nNum desses momentos sem \u00e1gua, o a\u00e7ude serviu de cen\u00e1rio para o filme brasileiro &#8220;Bacurau&#8221;, de Kleber Mendon\u00e7a Filho e Juliano Dornelles, lan\u00e7ado em 2019.<br \/>\nLEIA TAMB\u00c9M<br \/>\nJANEIRO DE 2021: A\u00e7ude Gargalheiras virou patrim\u00f4nio hist\u00f3rico do RN<br \/>\nNO SERID\u00d3: Saiba como chegar ao a\u00e7ude Gargalheiras no Serid\u00f3 potiguar<br \/>\nEm cerca de 40 dias, o a\u00e7ude de Gargalheiras saiu de 1% de volume de \u00e1gua para a sangria. Em 22 de fevereiro, o a\u00e7ude tinha 1,63% do volume de \u00e1gua, de acordo com o Instituto de Gest\u00e3o de \u00c1guas do RN (Igarn).<br \/>\nAl\u00e9m das chuvas que ca\u00edram nos \u00faltimos dias no estado, o aumento no n\u00edvel do Gargalheiras foi impulsionado tamb\u00e9m pela sangria do A\u00e7ude Dourado, em Currais Novos, que levou parte da \u00e1gua para o a\u00e7ude de Acari.<br \/>\nAp\u00f3s 13 anos, a\u00e7ude Gargalheiras inicia sangria e sertanejos comemoram com fogos e ora\u00e7\u00f5es<br \/>\nV\u00eddeos mais assistidos do g1 RN<br \/>\np<\/p>","protected":false},"excerpt":{"rendered":"<p>Munic\u00edpio recebeu mais de 6 mil pessoas no s\u00e1bado (6). Estrada que d\u00e1 acesso \u00e0 barragem tem longo engarrafamento. Mais de 6 mil pessoas visitaram o A\u00e7ude Gargalheiras neste s\u00e1bado &#8230;<\/p>\n","protected":false},"author":0,"featured_media":5172,"parent":0,"menu_order":0,"comment_status":"closed","ping_status":"closed","template":"","meta":{"footnotes":""},"class_list":["post-5171","page","type-page","status-publish","has-post-thumbnail","hentry"],"yoast_head":"<!-- This site is optimized with the Yoast SEO plugin v27.1.1 - https:\/\/yoast.com\/product\/yoast-seo-wordpress\/ -->\n<title>Sangria do a\u00e7ude Gargalheiras atrai milhares de visitantes e congestionamento chama aten\u00e7\u00e3o - Taveira Jr<\/title>\n<meta name=\"robots\" content=\"index, follow, max-snippet:-1, max-image-preview:large, max-video-preview:-1\" \/>\n<link rel=\"canonical\" href=\"https:\/\/deputadotaveirajr.com.br\/index.php\/sangria-do-acude-gargalheiras-atrai-milhares-de-visitantes-e-congestionamento-chama-atencao\/\" \/>\n<meta property=\"og:locale\" content=\"pt_BR\" \/>\n<meta property=\"og:type\" content=\"article\" \/>\n<meta property=\"og:title\" content=\"Sangria do a\u00e7ude Gargalheiras atrai milhares de visitantes e congestionamento chama aten\u00e7\u00e3o - Taveira Jr\" \/>\n<meta property=\"og:description\" content=\"Munic\u00edpio recebeu mais de 6 mil pessoas no s\u00e1bado (6). Estrada que d\u00e1 acesso \u00e0 barragem tem longo engarrafamento. Mais de 6 mil pessoas visitaram o A\u00e7ude Gargalheiras neste s\u00e1bado ...\" \/>\n<meta property=\"og:url\" content=\"https:\/\/deputadotaveirajr.com.br\/index.php\/sangria-do-acude-gargalheiras-atrai-milhares-de-visitantes-e-congestionamento-chama-atencao\/\" \/>\n<meta property=\"og:site_name\" content=\"Taveira Jr\" \/>\n<meta name=\"twitter:card\" content=\"summary_large_image\" \/>\n<meta name=\"twitter:label1\" content=\"Est. tempo de leitura\" \/>\n\t<meta name=\"twitter:data1\" content=\"4 minutos\" \/>\n<script type=\"application\/ld+json\" class=\"yoast-schema-graph\">{\"@context\":\"https:\/\/schema.org\",\"@graph\":[{\"@type\":\"WebPage\",\"@id\":\"https:\/\/deputadotaveirajr.com.br\/index.php\/sangria-do-acude-gargalheiras-atrai-milhares-de-visitantes-e-congestionamento-chama-atencao\/\",\"url\":\"https:\/\/deputadotaveirajr.com.br\/index.php\/sangria-do-acude-gargalheiras-atrai-milhares-de-visitantes-e-congestionamento-chama-atencao\/\",\"name\":\"Sangria do a\u00e7ude Gargalheiras atrai milhares de visitantes e congestionamento chama aten\u00e7\u00e3o - Taveira Jr\",\"isPartOf\":{\"@id\":\"https:\/\/deputadotaveirajr.com.br\/#website\"},\"primaryImageOfPage\":{\"@id\":\"https:\/\/deputadotaveirajr.com.br\/index.php\/sangria-do-acude-gargalheiras-atrai-milhares-de-visitantes-e-congestionamento-chama-atencao\/#primaryimage\"},\"image\":{\"@id\":\"https:\/\/deputadotaveirajr.com.br\/index.php\/sangria-do-acude-gargalheiras-atrai-milhares-de-visitantes-e-congestionamento-chama-atencao\/#primaryimage\"},\"thumbnailUrl\":\"https:\/\/deputadotaveirajr.com.br\/wp-content\/uploads\/2024\/04\/captura-de-tela-2024-04-07-as-12.28.41-ALZzIa.jpeg\",\"datePublished\":\"2024-04-07T18:37:10+00:00\",\"breadcrumb\":{\"@id\":\"https:\/\/deputadotaveirajr.com.br\/index.php\/sangria-do-acude-gargalheiras-atrai-milhares-de-visitantes-e-congestionamento-chama-atencao\/#breadcrumb\"},\"inLanguage\":\"pt-BR\",\"potentialAction\":[{\"@type\":\"ReadAction\",\"target\":[\"https:\/\/deputadotaveirajr.com.br\/index.php\/sangria-do-acude-gargalheiras-atrai-milhares-de-visitantes-e-congestionamento-chama-atencao\/\"]}]},{\"@type\":\"ImageObject\",\"inLanguage\":\"pt-BR\",\"@id\":\"https:\/\/deputadotaveirajr.com.br\/index.php\/sangria-do-acude-gargalheiras-atrai-milhares-de-visitantes-e-congestionamento-chama-atencao\/#primaryimage\",\"url\":\"https:\/\/deputadotaveirajr.com.br\/wp-content\/uploads\/2024\/04\/captura-de-tela-2024-04-07-as-12.28.41-ALZzIa.jpeg\",\"contentUrl\":\"https:\/\/deputadotaveirajr.com.br\/wp-content\/uploads\/2024\/04\/captura-de-tela-2024-04-07-as-12.28.41-ALZzIa.jpeg\",\"width\":1165,\"height\":780},{\"@type\":\"BreadcrumbList\",\"@id\":\"https:\/\/deputadotaveirajr.com.br\/index.php\/sangria-do-acude-gargalheiras-atrai-milhares-de-visitantes-e-congestionamento-chama-atencao\/#breadcrumb\",\"itemListElement\":[{\"@type\":\"ListItem\",\"position\":1,\"name\":\"In\u00edcio\",\"item\":\"https:\/\/deputadotaveirajr.com.br\/\"},{\"@type\":\"ListItem\",\"position\":2,\"name\":\"Sangria do a\u00e7ude Gargalheiras atrai milhares de visitantes e congestionamento chama aten\u00e7\u00e3o\"}]},{\"@type\":\"WebSite\",\"@id\":\"https:\/\/deputadotaveirajr.com.br\/#website\",\"url\":\"https:\/\/deputadotaveirajr.com.br\/\",\"name\":\"Taveira Jr\",\"description\":\"Deputado Estadual\",\"publisher\":{\"@id\":\"https:\/\/deputadotaveirajr.com.br\/#organization\"},\"potentialAction\":[{\"@type\":\"SearchAction\",\"target\":{\"@type\":\"EntryPoint\",\"urlTemplate\":\"https:\/\/deputadotaveirajr.com.br\/?s={search_term_string}\"},\"query-input\":{\"@type\":\"PropertyValueSpecification\",\"valueRequired\":true,\"valueName\":\"search_term_string\"}}],\"inLanguage\":\"pt-BR\"},{\"@type\":\"Organization\",\"@id\":\"https:\/\/deputadotaveirajr.com.br\/#organization\",\"name\":\"Taveira Jr\",\"url\":\"https:\/\/deputadotaveirajr.com.br\/\",\"logo\":{\"@type\":\"ImageObject\",\"inLanguage\":\"pt-BR\",\"@id\":\"https:\/\/deputadotaveirajr.com.br\/#\/schema\/logo\/image\/\",\"url\":\"https:\/\/deputadotaveirajr.com.br\/wp-content\/uploads\/2026\/01\/logolow2a.png\",\"contentUrl\":\"https:\/\/deputadotaveirajr.com.br\/wp-content\/uploads\/2026\/01\/logolow2a.png\",\"width\":290,\"height\":80,\"caption\":\"Taveira Jr\"},\"image\":{\"@id\":\"https:\/\/deputadotaveirajr.com.br\/#\/schema\/logo\/image\/\"}}]}<\/script>\n<!-- \/ Yoast SEO plugin. -->","yoast_head_json":{"title":"Sangria do a\u00e7ude Gargalheiras atrai milhares de visitantes e congestionamento chama aten\u00e7\u00e3o - Taveira Jr","robots":{"index":"index","follow":"follow","max-snippet":"max-snippet:-1","max-image-preview":"max-image-preview:large","max-video-preview":"max-video-preview:-1"},"canonical":"https:\/\/deputadotaveirajr.com.br\/index.php\/sangria-do-acude-gargalheiras-atrai-milhares-de-visitantes-e-congestionamento-chama-atencao\/","og_locale":"pt_BR","og_type":"article","og_title":"Sangria do a\u00e7ude Gargalheiras atrai milhares de visitantes e congestionamento chama aten\u00e7\u00e3o - Taveira Jr","og_description":"Munic\u00edpio recebeu mais de 6 mil pessoas no s\u00e1bado (6). Estrada que d\u00e1 acesso \u00e0 barragem tem longo engarrafamento. Mais de 6 mil pessoas visitaram o A\u00e7ude Gargalheiras neste s\u00e1bado ...","og_url":"https:\/\/deputadotaveirajr.com.br\/index.php\/sangria-do-acude-gargalheiras-atrai-milhares-de-visitantes-e-congestionamento-chama-atencao\/","og_site_name":"Taveira Jr","twitter_card":"summary_large_image","twitter_misc":{"Est. tempo de leitura":"4 minutos"},"schema":{"@context":"https:\/\/schema.org","@graph":[{"@type":"WebPage","@id":"https:\/\/deputadotaveirajr.com.br\/index.php\/sangria-do-acude-gargalheiras-atrai-milhares-de-visitantes-e-congestionamento-chama-atencao\/","url":"https:\/\/deputadotaveirajr.com.br\/index.php\/sangria-do-acude-gargalheiras-atrai-milhares-de-visitantes-e-congestionamento-chama-atencao\/","name":"Sangria do a\u00e7ude Gargalheiras atrai milhares de visitantes e congestionamento chama aten\u00e7\u00e3o - Taveira Jr","isPartOf":{"@id":"https:\/\/deputadotaveirajr.com.br\/#website"},"primaryImageOfPage":{"@id":"https:\/\/deputadotaveirajr.com.br\/index.php\/sangria-do-acude-gargalheiras-atrai-milhares-de-visitantes-e-congestionamento-chama-atencao\/#primaryimage"},"image":{"@id":"https:\/\/deputadotaveirajr.com.br\/index.php\/sangria-do-acude-gargalheiras-atrai-milhares-de-visitantes-e-congestionamento-chama-atencao\/#primaryimage"},"thumbnailUrl":"https:\/\/deputadotaveirajr.com.br\/wp-content\/uploads\/2024\/04\/captura-de-tela-2024-04-07-as-12.28.41-ALZzIa.jpeg","datePublished":"2024-04-07T18:37:10+00:00","breadcrumb":{"@id":"https:\/\/deputadotaveirajr.com.br\/index.php\/sangria-do-acude-gargalheiras-atrai-milhares-de-visitantes-e-congestionamento-chama-atencao\/#breadcrumb"},"inLanguage":"pt-BR","potentialAction":[{"@type":"ReadAction","target":["https:\/\/deputadotaveirajr.com.br\/index.php\/sangria-do-acude-gargalheiras-atrai-milhares-de-visitantes-e-congestionamento-chama-atencao\/"]}]},{"@type":"ImageObject","inLanguage":"pt-BR","@id":"https:\/\/deputadotaveirajr.com.br\/index.php\/sangria-do-acude-gargalheiras-atrai-milhares-de-visitantes-e-congestionamento-chama-atencao\/#primaryimage","url":"https:\/\/deputadotaveirajr.com.br\/wp-content\/uploads\/2024\/04\/captura-de-tela-2024-04-07-as-12.28.41-ALZzIa.jpeg","contentUrl":"https:\/\/deputadotaveirajr.com.br\/wp-content\/uploads\/2024\/04\/captura-de-tela-2024-04-07-as-12.28.41-ALZzIa.jpeg","width":1165,"height":780},{"@type":"BreadcrumbList","@id":"https:\/\/deputadotaveirajr.com.br\/index.php\/sangria-do-acude-gargalheiras-atrai-milhares-de-visitantes-e-congestionamento-chama-atencao\/#breadcrumb","itemListElement":[{"@type":"ListItem","position":1,"name":"In\u00edcio","item":"https:\/\/deputadotaveirajr.com.br\/"},{"@type":"ListItem","position":2,"name":"Sangria do a\u00e7ude Gargalheiras atrai milhares de visitantes e congestionamento chama aten\u00e7\u00e3o"}]},{"@type":"WebSite","@id":"https:\/\/deputadotaveirajr.com.br\/#website","url":"https:\/\/deputadotaveirajr.com.br\/","name":"Taveira Jr","description":"Deputado Estadual","publisher":{"@id":"https:\/\/deputadotaveirajr.com.br\/#organization"},"potentialAction":[{"@type":"SearchAction","target":{"@type":"EntryPoint","urlTemplate":"https:\/\/deputadotaveirajr.com.br\/?s={search_term_string}"},"query-input":{"@type":"PropertyValueSpecification","valueRequired":true,"valueName":"search_term_string"}}],"inLanguage":"pt-BR"},{"@type":"Organization","@id":"https:\/\/deputadotaveirajr.com.br\/#organization","name":"Taveira Jr","url":"https:\/\/deputadotaveirajr.com.br\/","logo":{"@type":"ImageObject","inLanguage":"pt-BR","@id":"https:\/\/deputadotaveirajr.com.br\/#\/schema\/logo\/image\/","url":"https:\/\/deputadotaveirajr.com.br\/wp-content\/uploads\/2026\/01\/logolow2a.png","contentUrl":"https:\/\/deputadotaveirajr.com.br\/wp-content\/uploads\/2026\/01\/logolow2a.png","width":290,"height":80,"caption":"Taveira Jr"},"image":{"@id":"https:\/\/deputadotaveirajr.com.br\/#\/schema\/logo\/image\/"}}]}},"_links":{"self":[{"href":"https:\/\/deputadotaveirajr.com.br\/index.php\/wp-json\/wp\/v2\/pages\/5171","targetHints":{"allow":["GET"]}}],"collection":[{"href":"https:\/\/deputadotaveirajr.com.br\/index.php\/wp-json\/wp\/v2\/pages"}],"about":[{"href":"https:\/\/deputadotaveirajr.com.br\/index.php\/wp-json\/wp\/v2\/types\/page"}],"replies":[{"embeddable":true,"href":"https:\/\/deputadotaveirajr.com.br\/index.php\/wp-json\/wp\/v2\/comments?post=5171"}],"version-history":[{"count":0,"href":"https:\/\/deputadotaveirajr.com.br\/index.php\/wp-json\/wp\/v2\/pages\/5171\/revisions"}],"wp:featuredmedia":[{"embeddable":true,"href":"https:\/\/deputadotaveirajr.com.br\/index.php\/wp-json\/wp\/v2\/media\/5172"}],"wp:attachment":[{"href":"https:\/\/deputadotaveirajr.com.br\/index.php\/wp-json\/wp\/v2\/media?parent=5171"}],"curies":[{"name":"wp","href":"https:\/\/api.w.org\/{rel}","templated":true}]}}