{"id":5191,"date":"2024-04-08T18:29:56","date_gmt":"2024-04-08T21:29:56","guid":{"rendered":"https:\/\/deputadotaveirajr.com.br\/?page_id=5191"},"modified":"2024-04-08T18:29:56","modified_gmt":"2024-04-08T21:29:56","slug":"vaca-morre-apos-cair-em-vala-aberta-no-interior-do-rio-grande-do-norte","status":"publish","type":"page","link":"https:\/\/deputadotaveirajr.com.br\/index.php\/vaca-morre-apos-cair-em-vala-aberta-no-interior-do-rio-grande-do-norte\/","title":{"rendered":"Vaca morre ap\u00f3s cair em vala aberta no interior do Rio Grande do Norte"},"content":{"rendered":"<p>     Animal chegou a ser resgatado pelo Corpo de Bombeiros ap\u00f3s o acidente em Caic\u00f3, mas n\u00e3o resistiu. Moradores disseram que h\u00e1 uma obra inacabada h\u00e1 pelo menos dois anos na rua. Vaca cai em vala em Caico\u0301<br \/>\nUma vaca morreu ap\u00f3s cair em uma vala de esgoto aberta na cidade de Caic\u00f3, na Regi\u00e3o Serid\u00f3 do Rio Grande do Norte.<br \/>\nO acidente aconteceu no s\u00e1bado (6), e a vaca chegou a ser retirada pelo Corpo de Bombeiros com a ajuda da popula\u00e7\u00e3o. Nesta segunda (8), os bombeiros foram informados pelo dono do animal que a vaca havia morrido.<br \/>\n\ud83d\udcf3Participe do canal do g1 RN no WhatsApp<br \/>\nA vala aberta fica na Rua Cristalina Abreu, no bairro Darcy Fonseca, na Zona Norte de Caic\u00f3. Os moradores da regi\u00e3o contaram que o problema \u00e9 antigo e que outros acidentes quase aconteceram no local.<br \/>\nSegundo a moradora Cleide Lucimar de Medeiros, existe uma obra inacabada na rua h\u00e1 pelo menos dois anos.<br \/>\n&#8220;Foi uma situa\u00e7\u00e3o que todos n\u00f3s moradores ficamos muito sofridos. Teve a queda da vaca, mas dias antes uma crian\u00e7a estava aqui na cal\u00e7ada, brincando de bicicleta, e s\u00f3 n\u00e3o caiu porque a gente gritou e correu&#8221;, relatou.<br \/>\nVala aberta na qual a vaca caiu em rua em Caic\u00f3<br \/>\nCardoso Silva\/Inter TV Costa Branca<br \/>\n A Inter TV Cabugi entrou em contato com a prefeitura de Caic\u00f3 para saber quando a vala seria tampada e o problema seria resolvido, mas o Munic\u00edpio informou que a vala \u00e9 de responsabilidade da Companhia de \u00c1guas e Esgotos do Rio Grande do Norte (Caern). Procurada, a Caern informou que a responsabilidade sobre a vala \u00e9 da prefeitura.<br \/>\nNo dia do acidente, a vala n\u00e3o estava com nenhuma tampa. Al\u00e9m disso, tamb\u00e9m n\u00e3o havia sinaliza\u00e7\u00f5es de perigo para evitar acidentes com os moradores.<br \/>\nVaca caiu na vala e morreu ap\u00f3s ser resgatada<br \/>\nReprodu\u00e7\u00e3o<br \/>\nV\u00eddeos mais assistidos do g1 RN<\/p>","protected":false},"excerpt":{"rendered":"<p>Animal chegou a ser resgatado pelo Corpo de Bombeiros ap\u00f3s o acidente em Caic\u00f3, mas n\u00e3o resistiu. Moradores disseram que h\u00e1 uma obra inacabada h\u00e1 pelo menos dois anos na &#8230;<\/p>\n","protected":false},"author":0,"featured_media":5192,"parent":0,"menu_order":0,"comment_status":"closed","ping_status":"closed","template":"","meta":{"footnotes":""},"class_list":["post-5191","page","type-page","status-publish","has-post-thumbnail","hentry"],"yoast_head":"<!-- This site is optimized with the Yoast SEO plugin v27.1.1 - https:\/\/yoast.com\/product\/yoast-seo-wordpress\/ -->\n<title>Vaca morre ap\u00f3s cair em vala aberta no interior do Rio Grande do Norte - Taveira Jr<\/title>\n<meta name=\"robots\" content=\"index, follow, max-snippet:-1, max-image-preview:large, max-video-preview:-1\" \/>\n<link rel=\"canonical\" href=\"https:\/\/deputadotaveirajr.com.br\/index.php\/vaca-morre-apos-cair-em-vala-aberta-no-interior-do-rio-grande-do-norte\/\" \/>\n<meta property=\"og:locale\" content=\"pt_BR\" \/>\n<meta property=\"og:type\" content=\"article\" \/>\n<meta property=\"og:title\" content=\"Vaca morre ap\u00f3s cair em vala aberta no interior do Rio Grande do Norte - Taveira Jr\" \/>\n<meta property=\"og:description\" content=\"Animal chegou a ser resgatado pelo Corpo de Bombeiros ap\u00f3s o acidente em Caic\u00f3, mas n\u00e3o resistiu. Moradores disseram que h\u00e1 uma obra inacabada h\u00e1 pelo menos dois anos na ...\" \/>\n<meta property=\"og:url\" content=\"https:\/\/deputadotaveirajr.com.br\/index.php\/vaca-morre-apos-cair-em-vala-aberta-no-interior-do-rio-grande-do-norte\/\" \/>\n<meta property=\"og:site_name\" content=\"Taveira Jr\" \/>\n<meta property=\"og:image\" content=\"https:\/\/deputadotaveirajr.com.br\/wp-content\/uploads\/2024\/04\/whatsapp-image-2024-04-08-at-12.08.11-Gj6AUJ.jpeg\" \/>\n\t<meta property=\"og:image:width\" content=\"1600\" \/>\n\t<meta property=\"og:image:height\" content=\"1200\" \/>\n\t<meta property=\"og:image:type\" content=\"image\/jpeg\" \/>\n<meta name=\"twitter:card\" content=\"summary_large_image\" \/>\n<meta name=\"twitter:label1\" content=\"Est. tempo de leitura\" \/>\n\t<meta name=\"twitter:data1\" content=\"2 minutos\" \/>\n<script type=\"application\/ld+json\" class=\"yoast-schema-graph\">{\"@context\":\"https:\/\/schema.org\",\"@graph\":[{\"@type\":\"WebPage\",\"@id\":\"https:\/\/deputadotaveirajr.com.br\/index.php\/vaca-morre-apos-cair-em-vala-aberta-no-interior-do-rio-grande-do-norte\/\",\"url\":\"https:\/\/deputadotaveirajr.com.br\/index.php\/vaca-morre-apos-cair-em-vala-aberta-no-interior-do-rio-grande-do-norte\/\",\"name\":\"Vaca morre ap\u00f3s cair em vala aberta no interior do Rio Grande do Norte - Taveira Jr\",\"isPartOf\":{\"@id\":\"https:\/\/deputadotaveirajr.com.br\/#website\"},\"primaryImageOfPage\":{\"@id\":\"https:\/\/deputadotaveirajr.com.br\/index.php\/vaca-morre-apos-cair-em-vala-aberta-no-interior-do-rio-grande-do-norte\/#primaryimage\"},\"image\":{\"@id\":\"https:\/\/deputadotaveirajr.com.br\/index.php\/vaca-morre-apos-cair-em-vala-aberta-no-interior-do-rio-grande-do-norte\/#primaryimage\"},\"thumbnailUrl\":\"https:\/\/deputadotaveirajr.com.br\/wp-content\/uploads\/2024\/04\/whatsapp-image-2024-04-08-at-12.08.11-Gj6AUJ.jpeg\",\"datePublished\":\"2024-04-08T21:29:56+00:00\",\"breadcrumb\":{\"@id\":\"https:\/\/deputadotaveirajr.com.br\/index.php\/vaca-morre-apos-cair-em-vala-aberta-no-interior-do-rio-grande-do-norte\/#breadcrumb\"},\"inLanguage\":\"pt-BR\",\"potentialAction\":[{\"@type\":\"ReadAction\",\"target\":[\"https:\/\/deputadotaveirajr.com.br\/index.php\/vaca-morre-apos-cair-em-vala-aberta-no-interior-do-rio-grande-do-norte\/\"]}]},{\"@type\":\"ImageObject\",\"inLanguage\":\"pt-BR\",\"@id\":\"https:\/\/deputadotaveirajr.com.br\/index.php\/vaca-morre-apos-cair-em-vala-aberta-no-interior-do-rio-grande-do-norte\/#primaryimage\",\"url\":\"https:\/\/deputadotaveirajr.com.br\/wp-content\/uploads\/2024\/04\/whatsapp-image-2024-04-08-at-12.08.11-Gj6AUJ.jpeg\",\"contentUrl\":\"https:\/\/deputadotaveirajr.com.br\/wp-content\/uploads\/2024\/04\/whatsapp-image-2024-04-08-at-12.08.11-Gj6AUJ.jpeg\",\"width\":1600,\"height\":1200},{\"@type\":\"BreadcrumbList\",\"@id\":\"https:\/\/deputadotaveirajr.com.br\/index.php\/vaca-morre-apos-cair-em-vala-aberta-no-interior-do-rio-grande-do-norte\/#breadcrumb\",\"itemListElement\":[{\"@type\":\"ListItem\",\"position\":1,\"name\":\"In\u00edcio\",\"item\":\"https:\/\/deputadotaveirajr.com.br\/\"},{\"@type\":\"ListItem\",\"position\":2,\"name\":\"Vaca morre ap\u00f3s cair em vala aberta no interior do Rio Grande do Norte\"}]},{\"@type\":\"WebSite\",\"@id\":\"https:\/\/deputadotaveirajr.com.br\/#website\",\"url\":\"https:\/\/deputadotaveirajr.com.br\/\",\"name\":\"Taveira Jr\",\"description\":\"Deputado Estadual\",\"publisher\":{\"@id\":\"https:\/\/deputadotaveirajr.com.br\/#organization\"},\"potentialAction\":[{\"@type\":\"SearchAction\",\"target\":{\"@type\":\"EntryPoint\",\"urlTemplate\":\"https:\/\/deputadotaveirajr.com.br\/?s={search_term_string}\"},\"query-input\":{\"@type\":\"PropertyValueSpecification\",\"valueRequired\":true,\"valueName\":\"search_term_string\"}}],\"inLanguage\":\"pt-BR\"},{\"@type\":\"Organization\",\"@id\":\"https:\/\/deputadotaveirajr.com.br\/#organization\",\"name\":\"Taveira Jr\",\"url\":\"https:\/\/deputadotaveirajr.com.br\/\",\"logo\":{\"@type\":\"ImageObject\",\"inLanguage\":\"pt-BR\",\"@id\":\"https:\/\/deputadotaveirajr.com.br\/#\/schema\/logo\/image\/\",\"url\":\"https:\/\/deputadotaveirajr.com.br\/wp-content\/uploads\/2026\/01\/logolow2a.png\",\"contentUrl\":\"https:\/\/deputadotaveirajr.com.br\/wp-content\/uploads\/2026\/01\/logolow2a.png\",\"width\":290,\"height\":80,\"caption\":\"Taveira Jr\"},\"image\":{\"@id\":\"https:\/\/deputadotaveirajr.com.br\/#\/schema\/logo\/image\/\"}}]}<\/script>\n<!-- \/ Yoast SEO plugin. -->","yoast_head_json":{"title":"Vaca morre ap\u00f3s cair em vala aberta no interior do Rio Grande do Norte - Taveira Jr","robots":{"index":"index","follow":"follow","max-snippet":"max-snippet:-1","max-image-preview":"max-image-preview:large","max-video-preview":"max-video-preview:-1"},"canonical":"https:\/\/deputadotaveirajr.com.br\/index.php\/vaca-morre-apos-cair-em-vala-aberta-no-interior-do-rio-grande-do-norte\/","og_locale":"pt_BR","og_type":"article","og_title":"Vaca morre ap\u00f3s cair em vala aberta no interior do Rio Grande do Norte - Taveira Jr","og_description":"Animal chegou a ser resgatado pelo Corpo de Bombeiros ap\u00f3s o acidente em Caic\u00f3, mas n\u00e3o resistiu. Moradores disseram que h\u00e1 uma obra inacabada h\u00e1 pelo menos dois anos na ...","og_url":"https:\/\/deputadotaveirajr.com.br\/index.php\/vaca-morre-apos-cair-em-vala-aberta-no-interior-do-rio-grande-do-norte\/","og_site_name":"Taveira Jr","og_image":[{"width":1600,"height":1200,"url":"https:\/\/deputadotaveirajr.com.br\/wp-content\/uploads\/2024\/04\/whatsapp-image-2024-04-08-at-12.08.11-Gj6AUJ.jpeg","type":"image\/jpeg"}],"twitter_card":"summary_large_image","twitter_misc":{"Est. tempo de leitura":"2 minutos"},"schema":{"@context":"https:\/\/schema.org","@graph":[{"@type":"WebPage","@id":"https:\/\/deputadotaveirajr.com.br\/index.php\/vaca-morre-apos-cair-em-vala-aberta-no-interior-do-rio-grande-do-norte\/","url":"https:\/\/deputadotaveirajr.com.br\/index.php\/vaca-morre-apos-cair-em-vala-aberta-no-interior-do-rio-grande-do-norte\/","name":"Vaca morre ap\u00f3s cair em vala aberta no interior do Rio Grande do Norte - Taveira Jr","isPartOf":{"@id":"https:\/\/deputadotaveirajr.com.br\/#website"},"primaryImageOfPage":{"@id":"https:\/\/deputadotaveirajr.com.br\/index.php\/vaca-morre-apos-cair-em-vala-aberta-no-interior-do-rio-grande-do-norte\/#primaryimage"},"image":{"@id":"https:\/\/deputadotaveirajr.com.br\/index.php\/vaca-morre-apos-cair-em-vala-aberta-no-interior-do-rio-grande-do-norte\/#primaryimage"},"thumbnailUrl":"https:\/\/deputadotaveirajr.com.br\/wp-content\/uploads\/2024\/04\/whatsapp-image-2024-04-08-at-12.08.11-Gj6AUJ.jpeg","datePublished":"2024-04-08T21:29:56+00:00","breadcrumb":{"@id":"https:\/\/deputadotaveirajr.com.br\/index.php\/vaca-morre-apos-cair-em-vala-aberta-no-interior-do-rio-grande-do-norte\/#breadcrumb"},"inLanguage":"pt-BR","potentialAction":[{"@type":"ReadAction","target":["https:\/\/deputadotaveirajr.com.br\/index.php\/vaca-morre-apos-cair-em-vala-aberta-no-interior-do-rio-grande-do-norte\/"]}]},{"@type":"ImageObject","inLanguage":"pt-BR","@id":"https:\/\/deputadotaveirajr.com.br\/index.php\/vaca-morre-apos-cair-em-vala-aberta-no-interior-do-rio-grande-do-norte\/#primaryimage","url":"https:\/\/deputadotaveirajr.com.br\/wp-content\/uploads\/2024\/04\/whatsapp-image-2024-04-08-at-12.08.11-Gj6AUJ.jpeg","contentUrl":"https:\/\/deputadotaveirajr.com.br\/wp-content\/uploads\/2024\/04\/whatsapp-image-2024-04-08-at-12.08.11-Gj6AUJ.jpeg","width":1600,"height":1200},{"@type":"BreadcrumbList","@id":"https:\/\/deputadotaveirajr.com.br\/index.php\/vaca-morre-apos-cair-em-vala-aberta-no-interior-do-rio-grande-do-norte\/#breadcrumb","itemListElement":[{"@type":"ListItem","position":1,"name":"In\u00edcio","item":"https:\/\/deputadotaveirajr.com.br\/"},{"@type":"ListItem","position":2,"name":"Vaca morre ap\u00f3s cair em vala aberta no interior do Rio Grande do Norte"}]},{"@type":"WebSite","@id":"https:\/\/deputadotaveirajr.com.br\/#website","url":"https:\/\/deputadotaveirajr.com.br\/","name":"Taveira Jr","description":"Deputado Estadual","publisher":{"@id":"https:\/\/deputadotaveirajr.com.br\/#organization"},"potentialAction":[{"@type":"SearchAction","target":{"@type":"EntryPoint","urlTemplate":"https:\/\/deputadotaveirajr.com.br\/?s={search_term_string}"},"query-input":{"@type":"PropertyValueSpecification","valueRequired":true,"valueName":"search_term_string"}}],"inLanguage":"pt-BR"},{"@type":"Organization","@id":"https:\/\/deputadotaveirajr.com.br\/#organization","name":"Taveira Jr","url":"https:\/\/deputadotaveirajr.com.br\/","logo":{"@type":"ImageObject","inLanguage":"pt-BR","@id":"https:\/\/deputadotaveirajr.com.br\/#\/schema\/logo\/image\/","url":"https:\/\/deputadotaveirajr.com.br\/wp-content\/uploads\/2026\/01\/logolow2a.png","contentUrl":"https:\/\/deputadotaveirajr.com.br\/wp-content\/uploads\/2026\/01\/logolow2a.png","width":290,"height":80,"caption":"Taveira Jr"},"image":{"@id":"https:\/\/deputadotaveirajr.com.br\/#\/schema\/logo\/image\/"}}]}},"_links":{"self":[{"href":"https:\/\/deputadotaveirajr.com.br\/index.php\/wp-json\/wp\/v2\/pages\/5191","targetHints":{"allow":["GET"]}}],"collection":[{"href":"https:\/\/deputadotaveirajr.com.br\/index.php\/wp-json\/wp\/v2\/pages"}],"about":[{"href":"https:\/\/deputadotaveirajr.com.br\/index.php\/wp-json\/wp\/v2\/types\/page"}],"replies":[{"embeddable":true,"href":"https:\/\/deputadotaveirajr.com.br\/index.php\/wp-json\/wp\/v2\/comments?post=5191"}],"version-history":[{"count":1,"href":"https:\/\/deputadotaveirajr.com.br\/index.php\/wp-json\/wp\/v2\/pages\/5191\/revisions"}],"predecessor-version":[{"id":5194,"href":"https:\/\/deputadotaveirajr.com.br\/index.php\/wp-json\/wp\/v2\/pages\/5191\/revisions\/5194"}],"wp:featuredmedia":[{"embeddable":true,"href":"https:\/\/deputadotaveirajr.com.br\/index.php\/wp-json\/wp\/v2\/media\/5192"}],"wp:attachment":[{"href":"https:\/\/deputadotaveirajr.com.br\/index.php\/wp-json\/wp\/v2\/media?parent=5191"}],"curies":[{"name":"wp","href":"https:\/\/api.w.org\/{rel}","templated":true}]}}