{"id":5197,"date":"2024-04-09T10:27:49","date_gmt":"2024-04-09T13:27:49","guid":{"rendered":"https:\/\/deputadotaveirajr.com.br\/?page_id=5197"},"modified":"2024-04-09T10:27:49","modified_gmt":"2024-04-09T13:27:49","slug":"estado-e-condenado-por-erro-medico-apos-estudante-de-23-anos-ter-perna-amputada-em-natal","status":"publish","type":"page","link":"https:\/\/deputadotaveirajr.com.br\/index.php\/estado-e-condenado-por-erro-medico-apos-estudante-de-23-anos-ter-perna-amputada-em-natal\/","title":{"rendered":"Estado \u00e9 condenado por erro m\u00e9dico ap\u00f3s estudante de 23 anos ter perna amputada em Natal"},"content":{"rendered":"<p>     Jovem ser\u00e1 indenizada com o valor de R$ 25 mil por danos est\u00e9ticos e R$ 50 mil por danos morais.  Pr\u00e9dio fachada sede do Tribunal de Justi\u00e7a do Rio Grande do Norte RN TJRN<br \/>\nS\u00e9rgio Henrique Santos\/Inter TV Cabugi<br \/>\nUma estudante de 23 anos que sofreu amputa\u00e7\u00e3o da perna esquerda ser\u00e1 indenizada com o valor de R$ 25 mil por danos est\u00e9ticos e R$ 50 mil, por danos morais. As quantias ser\u00e3o pagas pelo Estado do Rio Grande do Norte . A justi\u00e7a entendeu que a amputa\u00e7\u00e3o aconteceu por neglig\u00eancia na presta\u00e7\u00e3o de servi\u00e7o m\u00e9dico.<br \/>\nA jovem de 23 anos relatou no processo que foi atropelada quando voltava da escola para casa em 27 de maio de 2014. Ela contou que foi atendida pelo Samu Natal e, logo em seguida, encaminhada ao Hospital Monsenhor Walfredo Gurgel. No hospital foi constatada a fratura do 1\/3 inferior da perna esquerda (t\u00edbia e f\u00edbula), sem fratura exposta, mas com necessidade de interven\u00e7\u00e3o cir\u00fargica.<br \/>\nSegundo a paciente, ela foi transferida no dia 28 de maio para um hospital particular localizado na zona Sul de Natal, conveniado com o SUS, para a realiza\u00e7\u00e3o da cirurgia, j\u00e1 que no Walfredo Gurgel n\u00e3o havia profissional adequado para a realiza\u00e7\u00e3o do procedimento necess\u00e1rio. No dia 29 de maio, a jovem foi submetida ao procedimento cir\u00fargico e recebeu alta no dia 31 do mesmo m\u00eas, mesmo sentido fortes dores e incha\u00e7o na perna operada, com dedos arroxeados e sangramento.<br \/>\nPor tal motivo, explicou que foi para UPA, localizada no bairro de Cidade da Esperan\u00e7a, onde verificaram a gravidade do fato e a orientaram a ir ao Hospital Walfredo Gurgel. Ainda de acordo com o relatado no processo, ao comparecer \u00e0 unidade de sa\u00fade, verificou-se a urg\u00eancia de uma nova interven\u00e7\u00e3o cir\u00fargica, quando foi realizada a cirurgia de amputa\u00e7\u00e3o da perna. Diante desse contexto, a jovem alegou que a amputa\u00e7\u00e3o do membro se deu por uma neglig\u00eancia e sucess\u00f5es de erros dos hospitais.<br \/>\nA 2\u00aa Vara da Fazenda P\u00fablica de Natal julgou a demanda procedente e condenou o Estado do RN a pagar indeniza\u00e7\u00e3o por danos est\u00e9ticos e danos morais. O Estado recorreu ao TJRN, que manteve a condena\u00e7\u00e3o. Segundo o desembargador Glauber R\u00eago, o recurso n\u00e3o pode ser admitido porque, para reverter o entendimento firmado no ac\u00f3rd\u00e3o recorrido seria imprescind\u00edvel o reanalisar os fatos e as provas dos autos, o que, para ele, \u00e9 invi\u00e1vel na via eleita.<br \/>\nV\u00cdDEOS: Mais vistos do RN nos \u00faltimos 7 dias<\/p>","protected":false},"excerpt":{"rendered":"<p>Jovem ser\u00e1 indenizada com o valor de R$ 25 mil por danos est\u00e9ticos e R$ 50 mil por danos morais. Pr\u00e9dio fachada sede do Tribunal de Justi\u00e7a do Rio Grande &#8230;<\/p>\n","protected":false},"author":0,"featured_media":5198,"parent":0,"menu_order":0,"comment_status":"closed","ping_status":"closed","template":"","meta":{"footnotes":""},"class_list":["post-5197","page","type-page","status-publish","has-post-thumbnail","hentry"],"yoast_head":"<!-- This site is optimized with the Yoast SEO plugin v27.1.1 - https:\/\/yoast.com\/product\/yoast-seo-wordpress\/ -->\n<title>Estado \u00e9 condenado por erro m\u00e9dico ap\u00f3s estudante de 23 anos ter perna amputada em Natal - Taveira Jr<\/title>\n<meta name=\"robots\" content=\"index, follow, max-snippet:-1, max-image-preview:large, max-video-preview:-1\" \/>\n<link rel=\"canonical\" href=\"https:\/\/deputadotaveirajr.com.br\/index.php\/estado-e-condenado-por-erro-medico-apos-estudante-de-23-anos-ter-perna-amputada-em-natal\/\" \/>\n<meta property=\"og:locale\" content=\"pt_BR\" \/>\n<meta property=\"og:type\" content=\"article\" \/>\n<meta property=\"og:title\" content=\"Estado \u00e9 condenado por erro m\u00e9dico ap\u00f3s estudante de 23 anos ter perna amputada em Natal - Taveira Jr\" \/>\n<meta property=\"og:description\" content=\"Jovem ser\u00e1 indenizada com o valor de R$ 25 mil por danos est\u00e9ticos e R$ 50 mil por danos morais. Pr\u00e9dio fachada sede do Tribunal de Justi\u00e7a do Rio Grande ...\" \/>\n<meta property=\"og:url\" content=\"https:\/\/deputadotaveirajr.com.br\/index.php\/estado-e-condenado-por-erro-medico-apos-estudante-de-23-anos-ter-perna-amputada-em-natal\/\" \/>\n<meta property=\"og:site_name\" content=\"Taveira Jr\" \/>\n<meta property=\"og:image\" content=\"https:\/\/deputadotaveirajr.com.br\/wp-content\/uploads\/2024\/04\/whatsapp-image-2022-02-03-at-16.44.40-1-X4uWRE.jpeg\" \/>\n\t<meta property=\"og:image:width\" content=\"1152\" \/>\n\t<meta property=\"og:image:height\" content=\"648\" \/>\n\t<meta property=\"og:image:type\" content=\"image\/jpeg\" \/>\n<meta name=\"twitter:card\" content=\"summary_large_image\" \/>\n<meta name=\"twitter:label1\" content=\"Est. tempo de leitura\" \/>\n\t<meta name=\"twitter:data1\" content=\"2 minutos\" \/>\n<script type=\"application\/ld+json\" class=\"yoast-schema-graph\">{\"@context\":\"https:\/\/schema.org\",\"@graph\":[{\"@type\":\"WebPage\",\"@id\":\"https:\/\/deputadotaveirajr.com.br\/index.php\/estado-e-condenado-por-erro-medico-apos-estudante-de-23-anos-ter-perna-amputada-em-natal\/\",\"url\":\"https:\/\/deputadotaveirajr.com.br\/index.php\/estado-e-condenado-por-erro-medico-apos-estudante-de-23-anos-ter-perna-amputada-em-natal\/\",\"name\":\"Estado \u00e9 condenado por erro m\u00e9dico ap\u00f3s estudante de 23 anos ter perna amputada em Natal - Taveira Jr\",\"isPartOf\":{\"@id\":\"https:\/\/deputadotaveirajr.com.br\/#website\"},\"primaryImageOfPage\":{\"@id\":\"https:\/\/deputadotaveirajr.com.br\/index.php\/estado-e-condenado-por-erro-medico-apos-estudante-de-23-anos-ter-perna-amputada-em-natal\/#primaryimage\"},\"image\":{\"@id\":\"https:\/\/deputadotaveirajr.com.br\/index.php\/estado-e-condenado-por-erro-medico-apos-estudante-de-23-anos-ter-perna-amputada-em-natal\/#primaryimage\"},\"thumbnailUrl\":\"https:\/\/deputadotaveirajr.com.br\/wp-content\/uploads\/2024\/04\/whatsapp-image-2022-02-03-at-16.44.40-1-X4uWRE.jpeg\",\"datePublished\":\"2024-04-09T13:27:49+00:00\",\"breadcrumb\":{\"@id\":\"https:\/\/deputadotaveirajr.com.br\/index.php\/estado-e-condenado-por-erro-medico-apos-estudante-de-23-anos-ter-perna-amputada-em-natal\/#breadcrumb\"},\"inLanguage\":\"pt-BR\",\"potentialAction\":[{\"@type\":\"ReadAction\",\"target\":[\"https:\/\/deputadotaveirajr.com.br\/index.php\/estado-e-condenado-por-erro-medico-apos-estudante-de-23-anos-ter-perna-amputada-em-natal\/\"]}]},{\"@type\":\"ImageObject\",\"inLanguage\":\"pt-BR\",\"@id\":\"https:\/\/deputadotaveirajr.com.br\/index.php\/estado-e-condenado-por-erro-medico-apos-estudante-de-23-anos-ter-perna-amputada-em-natal\/#primaryimage\",\"url\":\"https:\/\/deputadotaveirajr.com.br\/wp-content\/uploads\/2024\/04\/whatsapp-image-2022-02-03-at-16.44.40-1-X4uWRE.jpeg\",\"contentUrl\":\"https:\/\/deputadotaveirajr.com.br\/wp-content\/uploads\/2024\/04\/whatsapp-image-2022-02-03-at-16.44.40-1-X4uWRE.jpeg\",\"width\":1152,\"height\":648},{\"@type\":\"BreadcrumbList\",\"@id\":\"https:\/\/deputadotaveirajr.com.br\/index.php\/estado-e-condenado-por-erro-medico-apos-estudante-de-23-anos-ter-perna-amputada-em-natal\/#breadcrumb\",\"itemListElement\":[{\"@type\":\"ListItem\",\"position\":1,\"name\":\"In\u00edcio\",\"item\":\"https:\/\/deputadotaveirajr.com.br\/\"},{\"@type\":\"ListItem\",\"position\":2,\"name\":\"Estado \u00e9 condenado por erro m\u00e9dico ap\u00f3s estudante de 23 anos ter perna amputada em Natal\"}]},{\"@type\":\"WebSite\",\"@id\":\"https:\/\/deputadotaveirajr.com.br\/#website\",\"url\":\"https:\/\/deputadotaveirajr.com.br\/\",\"name\":\"Taveira Jr\",\"description\":\"Deputado Estadual\",\"publisher\":{\"@id\":\"https:\/\/deputadotaveirajr.com.br\/#organization\"},\"potentialAction\":[{\"@type\":\"SearchAction\",\"target\":{\"@type\":\"EntryPoint\",\"urlTemplate\":\"https:\/\/deputadotaveirajr.com.br\/?s={search_term_string}\"},\"query-input\":{\"@type\":\"PropertyValueSpecification\",\"valueRequired\":true,\"valueName\":\"search_term_string\"}}],\"inLanguage\":\"pt-BR\"},{\"@type\":\"Organization\",\"@id\":\"https:\/\/deputadotaveirajr.com.br\/#organization\",\"name\":\"Taveira Jr\",\"url\":\"https:\/\/deputadotaveirajr.com.br\/\",\"logo\":{\"@type\":\"ImageObject\",\"inLanguage\":\"pt-BR\",\"@id\":\"https:\/\/deputadotaveirajr.com.br\/#\/schema\/logo\/image\/\",\"url\":\"https:\/\/deputadotaveirajr.com.br\/wp-content\/uploads\/2026\/01\/logolow2a.png\",\"contentUrl\":\"https:\/\/deputadotaveirajr.com.br\/wp-content\/uploads\/2026\/01\/logolow2a.png\",\"width\":290,\"height\":80,\"caption\":\"Taveira Jr\"},\"image\":{\"@id\":\"https:\/\/deputadotaveirajr.com.br\/#\/schema\/logo\/image\/\"}}]}<\/script>\n<!-- \/ Yoast SEO plugin. -->","yoast_head_json":{"title":"Estado \u00e9 condenado por erro m\u00e9dico ap\u00f3s estudante de 23 anos ter perna amputada em Natal - Taveira Jr","robots":{"index":"index","follow":"follow","max-snippet":"max-snippet:-1","max-image-preview":"max-image-preview:large","max-video-preview":"max-video-preview:-1"},"canonical":"https:\/\/deputadotaveirajr.com.br\/index.php\/estado-e-condenado-por-erro-medico-apos-estudante-de-23-anos-ter-perna-amputada-em-natal\/","og_locale":"pt_BR","og_type":"article","og_title":"Estado \u00e9 condenado por erro m\u00e9dico ap\u00f3s estudante de 23 anos ter perna amputada em Natal - Taveira Jr","og_description":"Jovem ser\u00e1 indenizada com o valor de R$ 25 mil por danos est\u00e9ticos e R$ 50 mil por danos morais. Pr\u00e9dio fachada sede do Tribunal de Justi\u00e7a do Rio Grande ...","og_url":"https:\/\/deputadotaveirajr.com.br\/index.php\/estado-e-condenado-por-erro-medico-apos-estudante-de-23-anos-ter-perna-amputada-em-natal\/","og_site_name":"Taveira Jr","og_image":[{"width":1152,"height":648,"url":"https:\/\/deputadotaveirajr.com.br\/wp-content\/uploads\/2024\/04\/whatsapp-image-2022-02-03-at-16.44.40-1-X4uWRE.jpeg","type":"image\/jpeg"}],"twitter_card":"summary_large_image","twitter_misc":{"Est. tempo de leitura":"2 minutos"},"schema":{"@context":"https:\/\/schema.org","@graph":[{"@type":"WebPage","@id":"https:\/\/deputadotaveirajr.com.br\/index.php\/estado-e-condenado-por-erro-medico-apos-estudante-de-23-anos-ter-perna-amputada-em-natal\/","url":"https:\/\/deputadotaveirajr.com.br\/index.php\/estado-e-condenado-por-erro-medico-apos-estudante-de-23-anos-ter-perna-amputada-em-natal\/","name":"Estado \u00e9 condenado por erro m\u00e9dico ap\u00f3s estudante de 23 anos ter perna amputada em Natal - Taveira Jr","isPartOf":{"@id":"https:\/\/deputadotaveirajr.com.br\/#website"},"primaryImageOfPage":{"@id":"https:\/\/deputadotaveirajr.com.br\/index.php\/estado-e-condenado-por-erro-medico-apos-estudante-de-23-anos-ter-perna-amputada-em-natal\/#primaryimage"},"image":{"@id":"https:\/\/deputadotaveirajr.com.br\/index.php\/estado-e-condenado-por-erro-medico-apos-estudante-de-23-anos-ter-perna-amputada-em-natal\/#primaryimage"},"thumbnailUrl":"https:\/\/deputadotaveirajr.com.br\/wp-content\/uploads\/2024\/04\/whatsapp-image-2022-02-03-at-16.44.40-1-X4uWRE.jpeg","datePublished":"2024-04-09T13:27:49+00:00","breadcrumb":{"@id":"https:\/\/deputadotaveirajr.com.br\/index.php\/estado-e-condenado-por-erro-medico-apos-estudante-de-23-anos-ter-perna-amputada-em-natal\/#breadcrumb"},"inLanguage":"pt-BR","potentialAction":[{"@type":"ReadAction","target":["https:\/\/deputadotaveirajr.com.br\/index.php\/estado-e-condenado-por-erro-medico-apos-estudante-de-23-anos-ter-perna-amputada-em-natal\/"]}]},{"@type":"ImageObject","inLanguage":"pt-BR","@id":"https:\/\/deputadotaveirajr.com.br\/index.php\/estado-e-condenado-por-erro-medico-apos-estudante-de-23-anos-ter-perna-amputada-em-natal\/#primaryimage","url":"https:\/\/deputadotaveirajr.com.br\/wp-content\/uploads\/2024\/04\/whatsapp-image-2022-02-03-at-16.44.40-1-X4uWRE.jpeg","contentUrl":"https:\/\/deputadotaveirajr.com.br\/wp-content\/uploads\/2024\/04\/whatsapp-image-2022-02-03-at-16.44.40-1-X4uWRE.jpeg","width":1152,"height":648},{"@type":"BreadcrumbList","@id":"https:\/\/deputadotaveirajr.com.br\/index.php\/estado-e-condenado-por-erro-medico-apos-estudante-de-23-anos-ter-perna-amputada-em-natal\/#breadcrumb","itemListElement":[{"@type":"ListItem","position":1,"name":"In\u00edcio","item":"https:\/\/deputadotaveirajr.com.br\/"},{"@type":"ListItem","position":2,"name":"Estado \u00e9 condenado por erro m\u00e9dico ap\u00f3s estudante de 23 anos ter perna amputada em Natal"}]},{"@type":"WebSite","@id":"https:\/\/deputadotaveirajr.com.br\/#website","url":"https:\/\/deputadotaveirajr.com.br\/","name":"Taveira Jr","description":"Deputado Estadual","publisher":{"@id":"https:\/\/deputadotaveirajr.com.br\/#organization"},"potentialAction":[{"@type":"SearchAction","target":{"@type":"EntryPoint","urlTemplate":"https:\/\/deputadotaveirajr.com.br\/?s={search_term_string}"},"query-input":{"@type":"PropertyValueSpecification","valueRequired":true,"valueName":"search_term_string"}}],"inLanguage":"pt-BR"},{"@type":"Organization","@id":"https:\/\/deputadotaveirajr.com.br\/#organization","name":"Taveira Jr","url":"https:\/\/deputadotaveirajr.com.br\/","logo":{"@type":"ImageObject","inLanguage":"pt-BR","@id":"https:\/\/deputadotaveirajr.com.br\/#\/schema\/logo\/image\/","url":"https:\/\/deputadotaveirajr.com.br\/wp-content\/uploads\/2026\/01\/logolow2a.png","contentUrl":"https:\/\/deputadotaveirajr.com.br\/wp-content\/uploads\/2026\/01\/logolow2a.png","width":290,"height":80,"caption":"Taveira Jr"},"image":{"@id":"https:\/\/deputadotaveirajr.com.br\/#\/schema\/logo\/image\/"}}]}},"_links":{"self":[{"href":"https:\/\/deputadotaveirajr.com.br\/index.php\/wp-json\/wp\/v2\/pages\/5197","targetHints":{"allow":["GET"]}}],"collection":[{"href":"https:\/\/deputadotaveirajr.com.br\/index.php\/wp-json\/wp\/v2\/pages"}],"about":[{"href":"https:\/\/deputadotaveirajr.com.br\/index.php\/wp-json\/wp\/v2\/types\/page"}],"replies":[{"embeddable":true,"href":"https:\/\/deputadotaveirajr.com.br\/index.php\/wp-json\/wp\/v2\/comments?post=5197"}],"version-history":[{"count":1,"href":"https:\/\/deputadotaveirajr.com.br\/index.php\/wp-json\/wp\/v2\/pages\/5197\/revisions"}],"predecessor-version":[{"id":5199,"href":"https:\/\/deputadotaveirajr.com.br\/index.php\/wp-json\/wp\/v2\/pages\/5197\/revisions\/5199"}],"wp:featuredmedia":[{"embeddable":true,"href":"https:\/\/deputadotaveirajr.com.br\/index.php\/wp-json\/wp\/v2\/media\/5198"}],"wp:attachment":[{"href":"https:\/\/deputadotaveirajr.com.br\/index.php\/wp-json\/wp\/v2\/media?parent=5197"}],"curies":[{"name":"wp","href":"https:\/\/api.w.org\/{rel}","templated":true}]}}