{"id":5278,"date":"2024-04-11T12:25:43","date_gmt":"2024-04-11T15:25:43","guid":{"rendered":"https:\/\/deputadotaveirajr.com.br\/?page_id=5278"},"modified":"2024-04-11T12:25:43","modified_gmt":"2024-04-11T15:25:43","slug":"empresa-de-telemarketing-abre-300-vagas-de-emprego-em-mossoro-veja-como-se-candidatar","status":"publish","type":"page","link":"https:\/\/deputadotaveirajr.com.br\/index.php\/empresa-de-telemarketing-abre-300-vagas-de-emprego-em-mossoro-veja-como-se-candidatar\/","title":{"rendered":"Empresa de telemarketing abre 300 vagas de emprego em Mossor\u00f3; veja como se candidatar"},"content":{"rendered":"<p>     As vagas s\u00e3o para in\u00edcio imediato. Os interessados devem ter mais de 18 anos e ensino m\u00e9dio completo.  Operador de contact center<br \/>\nFoto: Freepik<br \/>\nA empresa AeC abriu 300 vagas de in\u00edcio imediato para operador de contact center em Mossor\u00f3. Para concorrer \u00e0s vagas, o candidato n\u00e3o precisa ter experi\u00eancia na fun\u00e7\u00e3o, mas deve ter mais de 18 anos e ensino m\u00e9dio completo.<br \/>\nAl\u00e9m de &#8220;remunera\u00e7\u00e3o compat\u00edvel com o mercado&#8221;, os contratados ter\u00e3o benef\u00edcios como plano de sa\u00fade e odontol\u00f3gico e a possibilidade de home office durante 90 dias.<br \/>\nPara concorrer a uma das vagas, o interessado deve fazer o cadastro no site da empresa e, se selecionado, participar da primeira etapa do recrutamento, que ser\u00e1 uma prova on-line. O candidato deve manter as informa\u00e7\u00f5es atualizadas no portal da empresa.<br \/>\nContact center<br \/>\nContact center \u00e9 uma estrutura organizacional que lida com intera\u00e7\u00f5es de comunica\u00e7\u00e3o com clientes ou usu\u00e1rios, utilizando diferentes canais como telefone, e-mail, chat online, m\u00eddias sociais, entre outros. Ele \u00e9 projetado para gerenciar e facilitar o contato entre uma empresa ou organiza\u00e7\u00e3o e seus clientes, fornecendo suporte, atendimento ao cliente, vendas, servi\u00e7os de informa\u00e7\u00f5es, entre outros.<br \/>\nA AeC \u00e9 uma das l\u00edderes na \u00e1rea de contact center do Brasil e, em 2023, completou 10 anos em Mossor\u00f3.<br \/>\nV\u00eddeos mais vistos do RN nos \u00faltimos 7 dias<\/p>","protected":false},"excerpt":{"rendered":"<p>As vagas s\u00e3o para in\u00edcio imediato. Os interessados devem ter mais de 18 anos e ensino m\u00e9dio completo. Operador de contact center Foto: Freepik A empresa AeC abriu 300 vagas &#8230;<\/p>\n","protected":false},"author":0,"featured_media":0,"parent":0,"menu_order":0,"comment_status":"closed","ping_status":"closed","template":"","meta":{"footnotes":""},"class_list":["post-5278","page","type-page","status-publish","hentry"],"yoast_head":"<!-- This site is optimized with the Yoast SEO plugin v27.1.1 - https:\/\/yoast.com\/product\/yoast-seo-wordpress\/ -->\n<title>Empresa de telemarketing abre 300 vagas de emprego em Mossor\u00f3; veja como se candidatar - Taveira Jr<\/title>\n<meta name=\"robots\" content=\"index, follow, max-snippet:-1, max-image-preview:large, max-video-preview:-1\" \/>\n<link rel=\"canonical\" href=\"https:\/\/deputadotaveirajr.com.br\/index.php\/empresa-de-telemarketing-abre-300-vagas-de-emprego-em-mossoro-veja-como-se-candidatar\/\" \/>\n<meta property=\"og:locale\" content=\"pt_BR\" \/>\n<meta property=\"og:type\" content=\"article\" \/>\n<meta property=\"og:title\" content=\"Empresa de telemarketing abre 300 vagas de emprego em Mossor\u00f3; veja como se candidatar - Taveira Jr\" \/>\n<meta property=\"og:description\" content=\"As vagas s\u00e3o para in\u00edcio imediato. Os interessados devem ter mais de 18 anos e ensino m\u00e9dio completo. Operador de contact center Foto: Freepik A empresa AeC abriu 300 vagas ...\" \/>\n<meta property=\"og:url\" content=\"https:\/\/deputadotaveirajr.com.br\/index.php\/empresa-de-telemarketing-abre-300-vagas-de-emprego-em-mossoro-veja-como-se-candidatar\/\" \/>\n<meta property=\"og:site_name\" content=\"Taveira Jr\" \/>\n<meta name=\"twitter:card\" content=\"summary_large_image\" \/>\n<meta name=\"twitter:label1\" content=\"Est. tempo de leitura\" \/>\n\t<meta name=\"twitter:data1\" content=\"1 minuto\" \/>\n<script type=\"application\/ld+json\" class=\"yoast-schema-graph\">{\"@context\":\"https:\/\/schema.org\",\"@graph\":[{\"@type\":\"WebPage\",\"@id\":\"https:\/\/deputadotaveirajr.com.br\/index.php\/empresa-de-telemarketing-abre-300-vagas-de-emprego-em-mossoro-veja-como-se-candidatar\/\",\"url\":\"https:\/\/deputadotaveirajr.com.br\/index.php\/empresa-de-telemarketing-abre-300-vagas-de-emprego-em-mossoro-veja-como-se-candidatar\/\",\"name\":\"Empresa de telemarketing abre 300 vagas de emprego em Mossor\u00f3; veja como se candidatar - Taveira Jr\",\"isPartOf\":{\"@id\":\"https:\/\/deputadotaveirajr.com.br\/#website\"},\"datePublished\":\"2024-04-11T15:25:43+00:00\",\"breadcrumb\":{\"@id\":\"https:\/\/deputadotaveirajr.com.br\/index.php\/empresa-de-telemarketing-abre-300-vagas-de-emprego-em-mossoro-veja-como-se-candidatar\/#breadcrumb\"},\"inLanguage\":\"pt-BR\",\"potentialAction\":[{\"@type\":\"ReadAction\",\"target\":[\"https:\/\/deputadotaveirajr.com.br\/index.php\/empresa-de-telemarketing-abre-300-vagas-de-emprego-em-mossoro-veja-como-se-candidatar\/\"]}]},{\"@type\":\"BreadcrumbList\",\"@id\":\"https:\/\/deputadotaveirajr.com.br\/index.php\/empresa-de-telemarketing-abre-300-vagas-de-emprego-em-mossoro-veja-como-se-candidatar\/#breadcrumb\",\"itemListElement\":[{\"@type\":\"ListItem\",\"position\":1,\"name\":\"In\u00edcio\",\"item\":\"https:\/\/deputadotaveirajr.com.br\/\"},{\"@type\":\"ListItem\",\"position\":2,\"name\":\"Empresa de telemarketing abre 300 vagas de emprego em Mossor\u00f3; veja como se candidatar\"}]},{\"@type\":\"WebSite\",\"@id\":\"https:\/\/deputadotaveirajr.com.br\/#website\",\"url\":\"https:\/\/deputadotaveirajr.com.br\/\",\"name\":\"Taveira Jr\",\"description\":\"Deputado Estadual\",\"publisher\":{\"@id\":\"https:\/\/deputadotaveirajr.com.br\/#organization\"},\"potentialAction\":[{\"@type\":\"SearchAction\",\"target\":{\"@type\":\"EntryPoint\",\"urlTemplate\":\"https:\/\/deputadotaveirajr.com.br\/?s={search_term_string}\"},\"query-input\":{\"@type\":\"PropertyValueSpecification\",\"valueRequired\":true,\"valueName\":\"search_term_string\"}}],\"inLanguage\":\"pt-BR\"},{\"@type\":\"Organization\",\"@id\":\"https:\/\/deputadotaveirajr.com.br\/#organization\",\"name\":\"Taveira Jr\",\"url\":\"https:\/\/deputadotaveirajr.com.br\/\",\"logo\":{\"@type\":\"ImageObject\",\"inLanguage\":\"pt-BR\",\"@id\":\"https:\/\/deputadotaveirajr.com.br\/#\/schema\/logo\/image\/\",\"url\":\"https:\/\/deputadotaveirajr.com.br\/wp-content\/uploads\/2026\/01\/logolow2a.png\",\"contentUrl\":\"https:\/\/deputadotaveirajr.com.br\/wp-content\/uploads\/2026\/01\/logolow2a.png\",\"width\":290,\"height\":80,\"caption\":\"Taveira Jr\"},\"image\":{\"@id\":\"https:\/\/deputadotaveirajr.com.br\/#\/schema\/logo\/image\/\"}}]}<\/script>\n<!-- \/ Yoast SEO plugin. -->","yoast_head_json":{"title":"Empresa de telemarketing abre 300 vagas de emprego em Mossor\u00f3; veja como se candidatar - Taveira Jr","robots":{"index":"index","follow":"follow","max-snippet":"max-snippet:-1","max-image-preview":"max-image-preview:large","max-video-preview":"max-video-preview:-1"},"canonical":"https:\/\/deputadotaveirajr.com.br\/index.php\/empresa-de-telemarketing-abre-300-vagas-de-emprego-em-mossoro-veja-como-se-candidatar\/","og_locale":"pt_BR","og_type":"article","og_title":"Empresa de telemarketing abre 300 vagas de emprego em Mossor\u00f3; veja como se candidatar - Taveira Jr","og_description":"As vagas s\u00e3o para in\u00edcio imediato. Os interessados devem ter mais de 18 anos e ensino m\u00e9dio completo. Operador de contact center Foto: Freepik A empresa AeC abriu 300 vagas ...","og_url":"https:\/\/deputadotaveirajr.com.br\/index.php\/empresa-de-telemarketing-abre-300-vagas-de-emprego-em-mossoro-veja-como-se-candidatar\/","og_site_name":"Taveira Jr","twitter_card":"summary_large_image","twitter_misc":{"Est. tempo de leitura":"1 minuto"},"schema":{"@context":"https:\/\/schema.org","@graph":[{"@type":"WebPage","@id":"https:\/\/deputadotaveirajr.com.br\/index.php\/empresa-de-telemarketing-abre-300-vagas-de-emprego-em-mossoro-veja-como-se-candidatar\/","url":"https:\/\/deputadotaveirajr.com.br\/index.php\/empresa-de-telemarketing-abre-300-vagas-de-emprego-em-mossoro-veja-como-se-candidatar\/","name":"Empresa de telemarketing abre 300 vagas de emprego em Mossor\u00f3; veja como se candidatar - Taveira Jr","isPartOf":{"@id":"https:\/\/deputadotaveirajr.com.br\/#website"},"datePublished":"2024-04-11T15:25:43+00:00","breadcrumb":{"@id":"https:\/\/deputadotaveirajr.com.br\/index.php\/empresa-de-telemarketing-abre-300-vagas-de-emprego-em-mossoro-veja-como-se-candidatar\/#breadcrumb"},"inLanguage":"pt-BR","potentialAction":[{"@type":"ReadAction","target":["https:\/\/deputadotaveirajr.com.br\/index.php\/empresa-de-telemarketing-abre-300-vagas-de-emprego-em-mossoro-veja-como-se-candidatar\/"]}]},{"@type":"BreadcrumbList","@id":"https:\/\/deputadotaveirajr.com.br\/index.php\/empresa-de-telemarketing-abre-300-vagas-de-emprego-em-mossoro-veja-como-se-candidatar\/#breadcrumb","itemListElement":[{"@type":"ListItem","position":1,"name":"In\u00edcio","item":"https:\/\/deputadotaveirajr.com.br\/"},{"@type":"ListItem","position":2,"name":"Empresa de telemarketing abre 300 vagas de emprego em Mossor\u00f3; veja como se candidatar"}]},{"@type":"WebSite","@id":"https:\/\/deputadotaveirajr.com.br\/#website","url":"https:\/\/deputadotaveirajr.com.br\/","name":"Taveira Jr","description":"Deputado Estadual","publisher":{"@id":"https:\/\/deputadotaveirajr.com.br\/#organization"},"potentialAction":[{"@type":"SearchAction","target":{"@type":"EntryPoint","urlTemplate":"https:\/\/deputadotaveirajr.com.br\/?s={search_term_string}"},"query-input":{"@type":"PropertyValueSpecification","valueRequired":true,"valueName":"search_term_string"}}],"inLanguage":"pt-BR"},{"@type":"Organization","@id":"https:\/\/deputadotaveirajr.com.br\/#organization","name":"Taveira Jr","url":"https:\/\/deputadotaveirajr.com.br\/","logo":{"@type":"ImageObject","inLanguage":"pt-BR","@id":"https:\/\/deputadotaveirajr.com.br\/#\/schema\/logo\/image\/","url":"https:\/\/deputadotaveirajr.com.br\/wp-content\/uploads\/2026\/01\/logolow2a.png","contentUrl":"https:\/\/deputadotaveirajr.com.br\/wp-content\/uploads\/2026\/01\/logolow2a.png","width":290,"height":80,"caption":"Taveira Jr"},"image":{"@id":"https:\/\/deputadotaveirajr.com.br\/#\/schema\/logo\/image\/"}}]}},"_links":{"self":[{"href":"https:\/\/deputadotaveirajr.com.br\/index.php\/wp-json\/wp\/v2\/pages\/5278","targetHints":{"allow":["GET"]}}],"collection":[{"href":"https:\/\/deputadotaveirajr.com.br\/index.php\/wp-json\/wp\/v2\/pages"}],"about":[{"href":"https:\/\/deputadotaveirajr.com.br\/index.php\/wp-json\/wp\/v2\/types\/page"}],"replies":[{"embeddable":true,"href":"https:\/\/deputadotaveirajr.com.br\/index.php\/wp-json\/wp\/v2\/comments?post=5278"}],"version-history":[{"count":1,"href":"https:\/\/deputadotaveirajr.com.br\/index.php\/wp-json\/wp\/v2\/pages\/5278\/revisions"}],"predecessor-version":[{"id":5288,"href":"https:\/\/deputadotaveirajr.com.br\/index.php\/wp-json\/wp\/v2\/pages\/5278\/revisions\/5288"}],"wp:attachment":[{"href":"https:\/\/deputadotaveirajr.com.br\/index.php\/wp-json\/wp\/v2\/media?parent=5278"}],"curies":[{"name":"wp","href":"https:\/\/api.w.org\/{rel}","templated":true}]}}