{"id":5285,"date":"2024-04-11T14:00:31","date_gmt":"2024-04-11T17:00:31","guid":{"rendered":"https:\/\/deputadotaveirajr.com.br\/?page_id=5285"},"modified":"2024-04-11T14:00:31","modified_gmt":"2024-04-11T17:00:31","slug":"trem-bate-em-carro-parado-em-passagem-de-nivel-na-grande-natal-motorista-e-socorrida","status":"publish","type":"page","link":"https:\/\/deputadotaveirajr.com.br\/index.php\/trem-bate-em-carro-parado-em-passagem-de-nivel-na-grande-natal-motorista-e-socorrida\/","title":{"rendered":"Trem bate em carro parado em passagem de n\u00edvel na Grande Natal; motorista \u00e9 socorrida"},"content":{"rendered":"<p>     Caso aconteceu na manh\u00e3 desta quinta-feira (11) em Parnamirim. Motorista foi atendida pelo Samu e levada a hospital.  Carro \u00e9 atingido por trem em Parnamirim, na Grande Natal<br \/>\nVin\u00edcius Marinho\/Inter TV Cabugi<br \/>\nUm carro foi atingido por um trem, na manh\u00e3 desta quinta-feira (11) em uma passagem de n\u00edvel perto da esta\u00e7\u00e3o de Parnamirim, na Grande Natal. A motorista do autom\u00f3vel foi socorrida e levada ao hospital.<br \/>\nSegundo testemunhas, o acidente aconteceu por volta das 8h30. O trem havia sa\u00eddo \u00e0s S\u00e3o Jos\u00e9 de Mipibu e chegava \u00e0 esta\u00e7\u00e3o de Parnamirim, quando atingiu o ve\u00edculo em cima da linha.<br \/>\nEm nota, a Companhia Brasileira de Trens Urbanos (CBTU) informou que, segundo o relato da motorista, o carro teve uma pane mec\u00e2nica e ela n\u00e3o conseguiu tir\u00e1-lo da linha f\u00e9rrea a tempo.<br \/>\nA CBTU ainda informou que, &#8220;o condutor maquinista cumpriu todos os procedimentos de seguran\u00e7a, trafegando com velocidade reduzida na passagem de n\u00edvel, a qual est\u00e1 devidamente sinalizada, utilizando a buzina de forma intermitente, al\u00e9m de ter acionado o freio de emerg\u00eancia assim que identificou o ve\u00edculo parado na linha f\u00e9rrea&#8221;.<br \/>\nCarro atingido por trem em Parnamirim, nesta quinta-feira (11)<br \/>\nVin\u00edcius Marinho\/Inter TV Cabugi<br \/>\nUma das testemunhas do acidente, o mec\u00e2nico Rodrigo Soares afirmou que correu junto com outras pessoas para tentar ajudar a mulher a sair do ve\u00edculo.<br \/>\n&#8220;Creio que o carro dela estancou e ela ficou nervosa. Mas ela pulou para o banco do passageiro e aliviou o impacto pra ela. Ela estava com uma mancha vermelha no ombro, acho que do cinto, e reclamou de dores nas pernas&#8221;, relatou.<br \/>\nConsciente, a mulher foi atendida no local pelo Servi\u00e7o de Atendimento M\u00f3vel de Urg\u00eancia (Samu) e levada para o Hospital Walfredo Gurgel, em Natal.<br \/>\nVeja os v\u00eddeos mais assistidos no g1 RN<\/p>","protected":false},"excerpt":{"rendered":"<p>Caso aconteceu na manh\u00e3 desta quinta-feira (11) em Parnamirim. Motorista foi atendida pelo Samu e levada a hospital. Carro \u00e9 atingido por trem em Parnamirim, na Grande Natal Vin\u00edcius Marinho\/Inter &#8230;<\/p>\n","protected":false},"author":0,"featured_media":5286,"parent":0,"menu_order":0,"comment_status":"closed","ping_status":"closed","template":"","meta":{"footnotes":""},"class_list":["post-5285","page","type-page","status-publish","has-post-thumbnail","hentry"],"yoast_head":"<!-- This site is optimized with the Yoast SEO plugin v27.1.1 - https:\/\/yoast.com\/product\/yoast-seo-wordpress\/ -->\n<title>Trem bate em carro parado em passagem de n\u00edvel na Grande Natal; motorista \u00e9 socorrida - Taveira Jr<\/title>\n<meta name=\"robots\" content=\"index, follow, max-snippet:-1, max-image-preview:large, max-video-preview:-1\" \/>\n<link rel=\"canonical\" href=\"https:\/\/deputadotaveirajr.com.br\/index.php\/trem-bate-em-carro-parado-em-passagem-de-nivel-na-grande-natal-motorista-e-socorrida\/\" \/>\n<meta property=\"og:locale\" content=\"pt_BR\" \/>\n<meta property=\"og:type\" content=\"article\" \/>\n<meta property=\"og:title\" content=\"Trem bate em carro parado em passagem de n\u00edvel na Grande Natal; motorista \u00e9 socorrida - Taveira Jr\" \/>\n<meta property=\"og:description\" content=\"Caso aconteceu na manh\u00e3 desta quinta-feira (11) em Parnamirim. Motorista foi atendida pelo Samu e levada a hospital. Carro \u00e9 atingido por trem em Parnamirim, na Grande Natal Vin\u00edcius Marinho\/Inter ...\" \/>\n<meta property=\"og:url\" content=\"https:\/\/deputadotaveirajr.com.br\/index.php\/trem-bate-em-carro-parado-em-passagem-de-nivel-na-grande-natal-motorista-e-socorrida\/\" \/>\n<meta property=\"og:site_name\" content=\"Taveira Jr\" \/>\n<meta property=\"og:image\" content=\"https:\/\/deputadotaveirajr.com.br\/wp-content\/uploads\/2024\/04\/whatsapp-image-2024-04-11-at-09.48.57-ljprLx.jpeg\" \/>\n\t<meta property=\"og:image:width\" content=\"1600\" \/>\n\t<meta property=\"og:image:height\" content=\"1200\" \/>\n\t<meta property=\"og:image:type\" content=\"image\/jpeg\" \/>\n<meta name=\"twitter:card\" content=\"summary_large_image\" \/>\n<meta name=\"twitter:label1\" content=\"Est. tempo de leitura\" \/>\n\t<meta name=\"twitter:data1\" content=\"2 minutos\" \/>\n<script type=\"application\/ld+json\" class=\"yoast-schema-graph\">{\"@context\":\"https:\/\/schema.org\",\"@graph\":[{\"@type\":\"WebPage\",\"@id\":\"https:\/\/deputadotaveirajr.com.br\/index.php\/trem-bate-em-carro-parado-em-passagem-de-nivel-na-grande-natal-motorista-e-socorrida\/\",\"url\":\"https:\/\/deputadotaveirajr.com.br\/index.php\/trem-bate-em-carro-parado-em-passagem-de-nivel-na-grande-natal-motorista-e-socorrida\/\",\"name\":\"Trem bate em carro parado em passagem de n\u00edvel na Grande Natal; motorista \u00e9 socorrida - Taveira Jr\",\"isPartOf\":{\"@id\":\"https:\/\/deputadotaveirajr.com.br\/#website\"},\"primaryImageOfPage\":{\"@id\":\"https:\/\/deputadotaveirajr.com.br\/index.php\/trem-bate-em-carro-parado-em-passagem-de-nivel-na-grande-natal-motorista-e-socorrida\/#primaryimage\"},\"image\":{\"@id\":\"https:\/\/deputadotaveirajr.com.br\/index.php\/trem-bate-em-carro-parado-em-passagem-de-nivel-na-grande-natal-motorista-e-socorrida\/#primaryimage\"},\"thumbnailUrl\":\"https:\/\/deputadotaveirajr.com.br\/wp-content\/uploads\/2024\/04\/whatsapp-image-2024-04-11-at-09.48.57-ljprLx.jpeg\",\"datePublished\":\"2024-04-11T17:00:31+00:00\",\"breadcrumb\":{\"@id\":\"https:\/\/deputadotaveirajr.com.br\/index.php\/trem-bate-em-carro-parado-em-passagem-de-nivel-na-grande-natal-motorista-e-socorrida\/#breadcrumb\"},\"inLanguage\":\"pt-BR\",\"potentialAction\":[{\"@type\":\"ReadAction\",\"target\":[\"https:\/\/deputadotaveirajr.com.br\/index.php\/trem-bate-em-carro-parado-em-passagem-de-nivel-na-grande-natal-motorista-e-socorrida\/\"]}]},{\"@type\":\"ImageObject\",\"inLanguage\":\"pt-BR\",\"@id\":\"https:\/\/deputadotaveirajr.com.br\/index.php\/trem-bate-em-carro-parado-em-passagem-de-nivel-na-grande-natal-motorista-e-socorrida\/#primaryimage\",\"url\":\"https:\/\/deputadotaveirajr.com.br\/wp-content\/uploads\/2024\/04\/whatsapp-image-2024-04-11-at-09.48.57-ljprLx.jpeg\",\"contentUrl\":\"https:\/\/deputadotaveirajr.com.br\/wp-content\/uploads\/2024\/04\/whatsapp-image-2024-04-11-at-09.48.57-ljprLx.jpeg\",\"width\":1600,\"height\":1200},{\"@type\":\"BreadcrumbList\",\"@id\":\"https:\/\/deputadotaveirajr.com.br\/index.php\/trem-bate-em-carro-parado-em-passagem-de-nivel-na-grande-natal-motorista-e-socorrida\/#breadcrumb\",\"itemListElement\":[{\"@type\":\"ListItem\",\"position\":1,\"name\":\"In\u00edcio\",\"item\":\"https:\/\/deputadotaveirajr.com.br\/\"},{\"@type\":\"ListItem\",\"position\":2,\"name\":\"Trem bate em carro parado em passagem de n\u00edvel na Grande Natal; motorista \u00e9 socorrida\"}]},{\"@type\":\"WebSite\",\"@id\":\"https:\/\/deputadotaveirajr.com.br\/#website\",\"url\":\"https:\/\/deputadotaveirajr.com.br\/\",\"name\":\"Taveira Jr\",\"description\":\"Deputado Estadual\",\"publisher\":{\"@id\":\"https:\/\/deputadotaveirajr.com.br\/#organization\"},\"potentialAction\":[{\"@type\":\"SearchAction\",\"target\":{\"@type\":\"EntryPoint\",\"urlTemplate\":\"https:\/\/deputadotaveirajr.com.br\/?s={search_term_string}\"},\"query-input\":{\"@type\":\"PropertyValueSpecification\",\"valueRequired\":true,\"valueName\":\"search_term_string\"}}],\"inLanguage\":\"pt-BR\"},{\"@type\":\"Organization\",\"@id\":\"https:\/\/deputadotaveirajr.com.br\/#organization\",\"name\":\"Taveira Jr\",\"url\":\"https:\/\/deputadotaveirajr.com.br\/\",\"logo\":{\"@type\":\"ImageObject\",\"inLanguage\":\"pt-BR\",\"@id\":\"https:\/\/deputadotaveirajr.com.br\/#\/schema\/logo\/image\/\",\"url\":\"https:\/\/deputadotaveirajr.com.br\/wp-content\/uploads\/2026\/01\/logolow2a.png\",\"contentUrl\":\"https:\/\/deputadotaveirajr.com.br\/wp-content\/uploads\/2026\/01\/logolow2a.png\",\"width\":290,\"height\":80,\"caption\":\"Taveira Jr\"},\"image\":{\"@id\":\"https:\/\/deputadotaveirajr.com.br\/#\/schema\/logo\/image\/\"}}]}<\/script>\n<!-- \/ Yoast SEO plugin. -->","yoast_head_json":{"title":"Trem bate em carro parado em passagem de n\u00edvel na Grande Natal; motorista \u00e9 socorrida - Taveira Jr","robots":{"index":"index","follow":"follow","max-snippet":"max-snippet:-1","max-image-preview":"max-image-preview:large","max-video-preview":"max-video-preview:-1"},"canonical":"https:\/\/deputadotaveirajr.com.br\/index.php\/trem-bate-em-carro-parado-em-passagem-de-nivel-na-grande-natal-motorista-e-socorrida\/","og_locale":"pt_BR","og_type":"article","og_title":"Trem bate em carro parado em passagem de n\u00edvel na Grande Natal; motorista \u00e9 socorrida - Taveira Jr","og_description":"Caso aconteceu na manh\u00e3 desta quinta-feira (11) em Parnamirim. Motorista foi atendida pelo Samu e levada a hospital. Carro \u00e9 atingido por trem em Parnamirim, na Grande Natal Vin\u00edcius Marinho\/Inter ...","og_url":"https:\/\/deputadotaveirajr.com.br\/index.php\/trem-bate-em-carro-parado-em-passagem-de-nivel-na-grande-natal-motorista-e-socorrida\/","og_site_name":"Taveira Jr","og_image":[{"width":1600,"height":1200,"url":"https:\/\/deputadotaveirajr.com.br\/wp-content\/uploads\/2024\/04\/whatsapp-image-2024-04-11-at-09.48.57-ljprLx.jpeg","type":"image\/jpeg"}],"twitter_card":"summary_large_image","twitter_misc":{"Est. tempo de leitura":"2 minutos"},"schema":{"@context":"https:\/\/schema.org","@graph":[{"@type":"WebPage","@id":"https:\/\/deputadotaveirajr.com.br\/index.php\/trem-bate-em-carro-parado-em-passagem-de-nivel-na-grande-natal-motorista-e-socorrida\/","url":"https:\/\/deputadotaveirajr.com.br\/index.php\/trem-bate-em-carro-parado-em-passagem-de-nivel-na-grande-natal-motorista-e-socorrida\/","name":"Trem bate em carro parado em passagem de n\u00edvel na Grande Natal; motorista \u00e9 socorrida - Taveira Jr","isPartOf":{"@id":"https:\/\/deputadotaveirajr.com.br\/#website"},"primaryImageOfPage":{"@id":"https:\/\/deputadotaveirajr.com.br\/index.php\/trem-bate-em-carro-parado-em-passagem-de-nivel-na-grande-natal-motorista-e-socorrida\/#primaryimage"},"image":{"@id":"https:\/\/deputadotaveirajr.com.br\/index.php\/trem-bate-em-carro-parado-em-passagem-de-nivel-na-grande-natal-motorista-e-socorrida\/#primaryimage"},"thumbnailUrl":"https:\/\/deputadotaveirajr.com.br\/wp-content\/uploads\/2024\/04\/whatsapp-image-2024-04-11-at-09.48.57-ljprLx.jpeg","datePublished":"2024-04-11T17:00:31+00:00","breadcrumb":{"@id":"https:\/\/deputadotaveirajr.com.br\/index.php\/trem-bate-em-carro-parado-em-passagem-de-nivel-na-grande-natal-motorista-e-socorrida\/#breadcrumb"},"inLanguage":"pt-BR","potentialAction":[{"@type":"ReadAction","target":["https:\/\/deputadotaveirajr.com.br\/index.php\/trem-bate-em-carro-parado-em-passagem-de-nivel-na-grande-natal-motorista-e-socorrida\/"]}]},{"@type":"ImageObject","inLanguage":"pt-BR","@id":"https:\/\/deputadotaveirajr.com.br\/index.php\/trem-bate-em-carro-parado-em-passagem-de-nivel-na-grande-natal-motorista-e-socorrida\/#primaryimage","url":"https:\/\/deputadotaveirajr.com.br\/wp-content\/uploads\/2024\/04\/whatsapp-image-2024-04-11-at-09.48.57-ljprLx.jpeg","contentUrl":"https:\/\/deputadotaveirajr.com.br\/wp-content\/uploads\/2024\/04\/whatsapp-image-2024-04-11-at-09.48.57-ljprLx.jpeg","width":1600,"height":1200},{"@type":"BreadcrumbList","@id":"https:\/\/deputadotaveirajr.com.br\/index.php\/trem-bate-em-carro-parado-em-passagem-de-nivel-na-grande-natal-motorista-e-socorrida\/#breadcrumb","itemListElement":[{"@type":"ListItem","position":1,"name":"In\u00edcio","item":"https:\/\/deputadotaveirajr.com.br\/"},{"@type":"ListItem","position":2,"name":"Trem bate em carro parado em passagem de n\u00edvel na Grande Natal; motorista \u00e9 socorrida"}]},{"@type":"WebSite","@id":"https:\/\/deputadotaveirajr.com.br\/#website","url":"https:\/\/deputadotaveirajr.com.br\/","name":"Taveira Jr","description":"Deputado Estadual","publisher":{"@id":"https:\/\/deputadotaveirajr.com.br\/#organization"},"potentialAction":[{"@type":"SearchAction","target":{"@type":"EntryPoint","urlTemplate":"https:\/\/deputadotaveirajr.com.br\/?s={search_term_string}"},"query-input":{"@type":"PropertyValueSpecification","valueRequired":true,"valueName":"search_term_string"}}],"inLanguage":"pt-BR"},{"@type":"Organization","@id":"https:\/\/deputadotaveirajr.com.br\/#organization","name":"Taveira Jr","url":"https:\/\/deputadotaveirajr.com.br\/","logo":{"@type":"ImageObject","inLanguage":"pt-BR","@id":"https:\/\/deputadotaveirajr.com.br\/#\/schema\/logo\/image\/","url":"https:\/\/deputadotaveirajr.com.br\/wp-content\/uploads\/2026\/01\/logolow2a.png","contentUrl":"https:\/\/deputadotaveirajr.com.br\/wp-content\/uploads\/2026\/01\/logolow2a.png","width":290,"height":80,"caption":"Taveira Jr"},"image":{"@id":"https:\/\/deputadotaveirajr.com.br\/#\/schema\/logo\/image\/"}}]}},"_links":{"self":[{"href":"https:\/\/deputadotaveirajr.com.br\/index.php\/wp-json\/wp\/v2\/pages\/5285","targetHints":{"allow":["GET"]}}],"collection":[{"href":"https:\/\/deputadotaveirajr.com.br\/index.php\/wp-json\/wp\/v2\/pages"}],"about":[{"href":"https:\/\/deputadotaveirajr.com.br\/index.php\/wp-json\/wp\/v2\/types\/page"}],"replies":[{"embeddable":true,"href":"https:\/\/deputadotaveirajr.com.br\/index.php\/wp-json\/wp\/v2\/comments?post=5285"}],"version-history":[{"count":1,"href":"https:\/\/deputadotaveirajr.com.br\/index.php\/wp-json\/wp\/v2\/pages\/5285\/revisions"}],"predecessor-version":[{"id":5297,"href":"https:\/\/deputadotaveirajr.com.br\/index.php\/wp-json\/wp\/v2\/pages\/5285\/revisions\/5297"}],"wp:featuredmedia":[{"embeddable":true,"href":"https:\/\/deputadotaveirajr.com.br\/index.php\/wp-json\/wp\/v2\/media\/5286"}],"wp:attachment":[{"href":"https:\/\/deputadotaveirajr.com.br\/index.php\/wp-json\/wp\/v2\/media?parent=5285"}],"curies":[{"name":"wp","href":"https:\/\/api.w.org\/{rel}","templated":true}]}}