{"id":5579,"date":"2024-04-16T12:05:44","date_gmt":"2024-04-16T15:05:44","guid":{"rendered":"https:\/\/deputadotaveirajr.com.br\/?page_id=5579"},"modified":"2024-04-16T12:05:44","modified_gmt":"2024-04-16T15:05:44","slug":"febre-aftosa-rn-tenta-imunizar-mais-de-90-dos-bovinos-e-bubalinos-para-ficar-livre-de-exigencia-de-vacinacao-anual","status":"publish","type":"page","link":"https:\/\/deputadotaveirajr.com.br\/index.php\/febre-aftosa-rn-tenta-imunizar-mais-de-90-dos-bovinos-e-bubalinos-para-ficar-livre-de-exigencia-de-vacinacao-anual\/","title":{"rendered":"Febre aftosa: RN tenta imunizar mais de 90% dos bovinos e bubalinos para ficar livre de exig\u00eancia de vacina\u00e7\u00e3o anual"},"content":{"rendered":"<p>     Segundo Idiarn, estado n\u00e3o registra ocorr\u00eancia da doen\u00e7a h\u00e1 mais de 20 anos e busca ganhar status de &#8216;livre da aftosa sem vacina\u00e7\u00e3o&#8217;.  Bovinos e bubalinos devem ser vacinados at\u00e9 dia 30 de abril no RN<br \/>\nIdiarn\/Divulga\u00e7\u00e3o<br \/>\nO Instituto de Defesa e Inspe\u00e7\u00e3o Agropecu\u00e1ria do Rio Grande do Norte (Idiarn) anunciou a antecipa\u00e7\u00e3o da vacina\u00e7\u00e3o contra a febre aftosa para bovinos e bubalinos de todas as idades em 2024. A campanha come\u00e7ou nesta segunda-feira (15) e segue at\u00e9 o dia 30 de abril.<br \/>\nA meta do governo \u00e9 imunizar mais de 90% do rebanho, at\u00e9 o fim da campanha. A declara\u00e7\u00e3o dos animais deve ser feita at\u00e9 o dia 15 de maio.<br \/>\nSegundo o \u00f3rg\u00e3o, a expectativa \u00e9 que essa seja a \u00faltima campanha de vacina\u00e7\u00e3o dos rebanhos antes da libera\u00e7\u00e3o do Minist\u00e9rio de Agricultura e Pecu\u00e1ria, para que o estado seja considerado livre da febre aftosa sem vacina\u00e7\u00e3o.<br \/>\nA febre aftosa \u00e9 uma doen\u00e7a animal altamente contagiosa, causada por um v\u00edrus, que pode acometer cria\u00e7\u00f5es inteiras e at\u00e9 seres humanos. O Rio Grande do Norte n\u00e3o registra casos da infec\u00e7\u00e3o h\u00e1 mais de 20 anos, sendo considerado um estado &#8220;livre da Febre Aftosa com vacina\u00e7\u00e3o&#8221;.<br \/>\nEm reuni\u00e3o do governo com o Minist\u00e9rio de Agricultura e Pecu\u00e1ria, ficou definido que a partir de 2025, a vacina\u00e7\u00e3o n\u00e3o ser\u00e1 mais necess\u00e1ria no estado, desde que a campanha de 2024 cumpra a meta estabelecida de vacinar acima de 90% dos animais.<br \/>\n&#8220;Esse \u00e9 um momento de extrema import\u00e2ncia para todos n\u00f3s. Sonhamos com a libera\u00e7\u00e3o da vacina\u00e7\u00e3o da aftosa h\u00e1 anos, e agora ela est\u00e1 mais perto do que nunca. Nossos esfor\u00e7os est\u00e3o voltados para uma grande for\u00e7a-tarefa junto aos produtores, revendas e profissionais da agropecu\u00e1ria em todo o estado para iniciar a imuniza\u00e7\u00e3o dos rebanhos ainda esta semana, e bater a nossa meta at\u00e9 o final do m\u00eas&#8221;, afirmou o diretor de Defesa e Inspe\u00e7\u00e3o Sanit\u00e1ria Animal do Idiarn, Renato Dias.<br \/>\nSegundo o governo, a classifica\u00e7\u00e3o como &#8220;livre da febre aftosa sem vacina\u00e7\u00e3o&#8221; eleva o Rio Grande do Norte a um lugar de valoriza\u00e7\u00e3o da produ\u00e7\u00e3o de bovinos e bubalinos e abre caminhos para a exporta\u00e7\u00e3o e crescimento econ\u00f4mico do estado.<br \/>\nA Associa\u00e7\u00e3o Norte-Rio-Grandense de Criadores (Anorc) anunciou que convocou s\u00f3cios para uma assembleia extraordin\u00e1ria nesta ter\u00e7a-feira (16), para refor\u00e7ar a import\u00e2ncia da vacina\u00e7\u00e3o.<br \/>\n\u201cEstamos convocando nossos associados e refor\u00e7ando a import\u00e2ncia da participa\u00e7\u00e3o de todos na assembleia e principalmente, na ades\u00e3o \u00e0 campanha. Atingir a meta de vacina\u00e7\u00e3o \u00e9 garantir a qualidade e seguran\u00e7a sanit\u00e1ria do rebanho do Rio Grande do Norte\u201d, disse o presidente da Anorc, Matheus Fran\u00e7a.<br \/>\nVeja os v\u00eddeos mais assistidos no g1 RN<\/p>","protected":false},"excerpt":{"rendered":"<p>Segundo Idiarn, estado n\u00e3o registra ocorr\u00eancia da doen\u00e7a h\u00e1 mais de 20 anos e busca ganhar status de &#8216;livre da aftosa sem vacina\u00e7\u00e3o&#8217;. Bovinos e bubalinos devem ser vacinados at\u00e9 &#8230;<\/p>\n","protected":false},"author":0,"featured_media":5580,"parent":0,"menu_order":0,"comment_status":"closed","ping_status":"closed","template":"","meta":{"footnotes":""},"class_list":["post-5579","page","type-page","status-publish","has-post-thumbnail","hentry"],"yoast_head":"<!-- This site is optimized with the Yoast SEO plugin v27.1.1 - https:\/\/yoast.com\/product\/yoast-seo-wordpress\/ -->\n<title>Febre aftosa: RN tenta imunizar mais de 90% dos bovinos e bubalinos para ficar livre de exig\u00eancia de vacina\u00e7\u00e3o anual - Taveira Jr<\/title>\n<meta name=\"robots\" content=\"index, follow, max-snippet:-1, max-image-preview:large, max-video-preview:-1\" \/>\n<link rel=\"canonical\" href=\"https:\/\/deputadotaveirajr.com.br\/index.php\/febre-aftosa-rn-tenta-imunizar-mais-de-90-dos-bovinos-e-bubalinos-para-ficar-livre-de-exigencia-de-vacinacao-anual\/\" \/>\n<meta property=\"og:locale\" content=\"pt_BR\" \/>\n<meta property=\"og:type\" content=\"article\" \/>\n<meta property=\"og:title\" content=\"Febre aftosa: RN tenta imunizar mais de 90% dos bovinos e bubalinos para ficar livre de exig\u00eancia de vacina\u00e7\u00e3o anual - Taveira Jr\" \/>\n<meta property=\"og:description\" content=\"Segundo Idiarn, estado n\u00e3o registra ocorr\u00eancia da doen\u00e7a h\u00e1 mais de 20 anos e busca ganhar status de &#8216;livre da aftosa sem vacina\u00e7\u00e3o&#8217;. Bovinos e bubalinos devem ser vacinados at\u00e9 ...\" \/>\n<meta property=\"og:url\" content=\"https:\/\/deputadotaveirajr.com.br\/index.php\/febre-aftosa-rn-tenta-imunizar-mais-de-90-dos-bovinos-e-bubalinos-para-ficar-livre-de-exigencia-de-vacinacao-anual\/\" \/>\n<meta property=\"og:site_name\" content=\"Taveira Jr\" \/>\n<meta property=\"og:image\" content=\"https:\/\/deputadotaveirajr.com.br\/wp-content\/uploads\/2024\/04\/release-aftosa-2-PguvGP.jpeg\" \/>\n\t<meta property=\"og:image:width\" content=\"959\" \/>\n\t<meta property=\"og:image:height\" content=\"1280\" \/>\n\t<meta property=\"og:image:type\" content=\"image\/jpeg\" \/>\n<meta name=\"twitter:card\" content=\"summary_large_image\" \/>\n<meta name=\"twitter:label1\" content=\"Est. tempo de leitura\" \/>\n\t<meta name=\"twitter:data1\" content=\"2 minutos\" \/>\n<script type=\"application\/ld+json\" class=\"yoast-schema-graph\">{\"@context\":\"https:\/\/schema.org\",\"@graph\":[{\"@type\":\"WebPage\",\"@id\":\"https:\/\/deputadotaveirajr.com.br\/index.php\/febre-aftosa-rn-tenta-imunizar-mais-de-90-dos-bovinos-e-bubalinos-para-ficar-livre-de-exigencia-de-vacinacao-anual\/\",\"url\":\"https:\/\/deputadotaveirajr.com.br\/index.php\/febre-aftosa-rn-tenta-imunizar-mais-de-90-dos-bovinos-e-bubalinos-para-ficar-livre-de-exigencia-de-vacinacao-anual\/\",\"name\":\"Febre aftosa: RN tenta imunizar mais de 90% dos bovinos e bubalinos para ficar livre de exig\u00eancia de vacina\u00e7\u00e3o anual - Taveira Jr\",\"isPartOf\":{\"@id\":\"https:\/\/deputadotaveirajr.com.br\/#website\"},\"primaryImageOfPage\":{\"@id\":\"https:\/\/deputadotaveirajr.com.br\/index.php\/febre-aftosa-rn-tenta-imunizar-mais-de-90-dos-bovinos-e-bubalinos-para-ficar-livre-de-exigencia-de-vacinacao-anual\/#primaryimage\"},\"image\":{\"@id\":\"https:\/\/deputadotaveirajr.com.br\/index.php\/febre-aftosa-rn-tenta-imunizar-mais-de-90-dos-bovinos-e-bubalinos-para-ficar-livre-de-exigencia-de-vacinacao-anual\/#primaryimage\"},\"thumbnailUrl\":\"https:\/\/deputadotaveirajr.com.br\/wp-content\/uploads\/2024\/04\/release-aftosa-2-PguvGP.jpeg\",\"datePublished\":\"2024-04-16T15:05:44+00:00\",\"breadcrumb\":{\"@id\":\"https:\/\/deputadotaveirajr.com.br\/index.php\/febre-aftosa-rn-tenta-imunizar-mais-de-90-dos-bovinos-e-bubalinos-para-ficar-livre-de-exigencia-de-vacinacao-anual\/#breadcrumb\"},\"inLanguage\":\"pt-BR\",\"potentialAction\":[{\"@type\":\"ReadAction\",\"target\":[\"https:\/\/deputadotaveirajr.com.br\/index.php\/febre-aftosa-rn-tenta-imunizar-mais-de-90-dos-bovinos-e-bubalinos-para-ficar-livre-de-exigencia-de-vacinacao-anual\/\"]}]},{\"@type\":\"ImageObject\",\"inLanguage\":\"pt-BR\",\"@id\":\"https:\/\/deputadotaveirajr.com.br\/index.php\/febre-aftosa-rn-tenta-imunizar-mais-de-90-dos-bovinos-e-bubalinos-para-ficar-livre-de-exigencia-de-vacinacao-anual\/#primaryimage\",\"url\":\"https:\/\/deputadotaveirajr.com.br\/wp-content\/uploads\/2024\/04\/release-aftosa-2-PguvGP.jpeg\",\"contentUrl\":\"https:\/\/deputadotaveirajr.com.br\/wp-content\/uploads\/2024\/04\/release-aftosa-2-PguvGP.jpeg\",\"width\":959,\"height\":1280},{\"@type\":\"BreadcrumbList\",\"@id\":\"https:\/\/deputadotaveirajr.com.br\/index.php\/febre-aftosa-rn-tenta-imunizar-mais-de-90-dos-bovinos-e-bubalinos-para-ficar-livre-de-exigencia-de-vacinacao-anual\/#breadcrumb\",\"itemListElement\":[{\"@type\":\"ListItem\",\"position\":1,\"name\":\"In\u00edcio\",\"item\":\"https:\/\/deputadotaveirajr.com.br\/\"},{\"@type\":\"ListItem\",\"position\":2,\"name\":\"Febre aftosa: RN tenta imunizar mais de 90% dos bovinos e bubalinos para ficar livre de exig\u00eancia de vacina\u00e7\u00e3o anual\"}]},{\"@type\":\"WebSite\",\"@id\":\"https:\/\/deputadotaveirajr.com.br\/#website\",\"url\":\"https:\/\/deputadotaveirajr.com.br\/\",\"name\":\"Taveira Jr\",\"description\":\"Deputado Estadual\",\"publisher\":{\"@id\":\"https:\/\/deputadotaveirajr.com.br\/#organization\"},\"potentialAction\":[{\"@type\":\"SearchAction\",\"target\":{\"@type\":\"EntryPoint\",\"urlTemplate\":\"https:\/\/deputadotaveirajr.com.br\/?s={search_term_string}\"},\"query-input\":{\"@type\":\"PropertyValueSpecification\",\"valueRequired\":true,\"valueName\":\"search_term_string\"}}],\"inLanguage\":\"pt-BR\"},{\"@type\":\"Organization\",\"@id\":\"https:\/\/deputadotaveirajr.com.br\/#organization\",\"name\":\"Taveira Jr\",\"url\":\"https:\/\/deputadotaveirajr.com.br\/\",\"logo\":{\"@type\":\"ImageObject\",\"inLanguage\":\"pt-BR\",\"@id\":\"https:\/\/deputadotaveirajr.com.br\/#\/schema\/logo\/image\/\",\"url\":\"https:\/\/deputadotaveirajr.com.br\/wp-content\/uploads\/2026\/01\/logolow2a.png\",\"contentUrl\":\"https:\/\/deputadotaveirajr.com.br\/wp-content\/uploads\/2026\/01\/logolow2a.png\",\"width\":290,\"height\":80,\"caption\":\"Taveira Jr\"},\"image\":{\"@id\":\"https:\/\/deputadotaveirajr.com.br\/#\/schema\/logo\/image\/\"}}]}<\/script>\n<!-- \/ Yoast SEO plugin. -->","yoast_head_json":{"title":"Febre aftosa: RN tenta imunizar mais de 90% dos bovinos e bubalinos para ficar livre de exig\u00eancia de vacina\u00e7\u00e3o anual - Taveira Jr","robots":{"index":"index","follow":"follow","max-snippet":"max-snippet:-1","max-image-preview":"max-image-preview:large","max-video-preview":"max-video-preview:-1"},"canonical":"https:\/\/deputadotaveirajr.com.br\/index.php\/febre-aftosa-rn-tenta-imunizar-mais-de-90-dos-bovinos-e-bubalinos-para-ficar-livre-de-exigencia-de-vacinacao-anual\/","og_locale":"pt_BR","og_type":"article","og_title":"Febre aftosa: RN tenta imunizar mais de 90% dos bovinos e bubalinos para ficar livre de exig\u00eancia de vacina\u00e7\u00e3o anual - Taveira Jr","og_description":"Segundo Idiarn, estado n\u00e3o registra ocorr\u00eancia da doen\u00e7a h\u00e1 mais de 20 anos e busca ganhar status de &#8216;livre da aftosa sem vacina\u00e7\u00e3o&#8217;. Bovinos e bubalinos devem ser vacinados at\u00e9 ...","og_url":"https:\/\/deputadotaveirajr.com.br\/index.php\/febre-aftosa-rn-tenta-imunizar-mais-de-90-dos-bovinos-e-bubalinos-para-ficar-livre-de-exigencia-de-vacinacao-anual\/","og_site_name":"Taveira Jr","og_image":[{"width":959,"height":1280,"url":"https:\/\/deputadotaveirajr.com.br\/wp-content\/uploads\/2024\/04\/release-aftosa-2-PguvGP.jpeg","type":"image\/jpeg"}],"twitter_card":"summary_large_image","twitter_misc":{"Est. tempo de leitura":"2 minutos"},"schema":{"@context":"https:\/\/schema.org","@graph":[{"@type":"WebPage","@id":"https:\/\/deputadotaveirajr.com.br\/index.php\/febre-aftosa-rn-tenta-imunizar-mais-de-90-dos-bovinos-e-bubalinos-para-ficar-livre-de-exigencia-de-vacinacao-anual\/","url":"https:\/\/deputadotaveirajr.com.br\/index.php\/febre-aftosa-rn-tenta-imunizar-mais-de-90-dos-bovinos-e-bubalinos-para-ficar-livre-de-exigencia-de-vacinacao-anual\/","name":"Febre aftosa: RN tenta imunizar mais de 90% dos bovinos e bubalinos para ficar livre de exig\u00eancia de vacina\u00e7\u00e3o anual - Taveira Jr","isPartOf":{"@id":"https:\/\/deputadotaveirajr.com.br\/#website"},"primaryImageOfPage":{"@id":"https:\/\/deputadotaveirajr.com.br\/index.php\/febre-aftosa-rn-tenta-imunizar-mais-de-90-dos-bovinos-e-bubalinos-para-ficar-livre-de-exigencia-de-vacinacao-anual\/#primaryimage"},"image":{"@id":"https:\/\/deputadotaveirajr.com.br\/index.php\/febre-aftosa-rn-tenta-imunizar-mais-de-90-dos-bovinos-e-bubalinos-para-ficar-livre-de-exigencia-de-vacinacao-anual\/#primaryimage"},"thumbnailUrl":"https:\/\/deputadotaveirajr.com.br\/wp-content\/uploads\/2024\/04\/release-aftosa-2-PguvGP.jpeg","datePublished":"2024-04-16T15:05:44+00:00","breadcrumb":{"@id":"https:\/\/deputadotaveirajr.com.br\/index.php\/febre-aftosa-rn-tenta-imunizar-mais-de-90-dos-bovinos-e-bubalinos-para-ficar-livre-de-exigencia-de-vacinacao-anual\/#breadcrumb"},"inLanguage":"pt-BR","potentialAction":[{"@type":"ReadAction","target":["https:\/\/deputadotaveirajr.com.br\/index.php\/febre-aftosa-rn-tenta-imunizar-mais-de-90-dos-bovinos-e-bubalinos-para-ficar-livre-de-exigencia-de-vacinacao-anual\/"]}]},{"@type":"ImageObject","inLanguage":"pt-BR","@id":"https:\/\/deputadotaveirajr.com.br\/index.php\/febre-aftosa-rn-tenta-imunizar-mais-de-90-dos-bovinos-e-bubalinos-para-ficar-livre-de-exigencia-de-vacinacao-anual\/#primaryimage","url":"https:\/\/deputadotaveirajr.com.br\/wp-content\/uploads\/2024\/04\/release-aftosa-2-PguvGP.jpeg","contentUrl":"https:\/\/deputadotaveirajr.com.br\/wp-content\/uploads\/2024\/04\/release-aftosa-2-PguvGP.jpeg","width":959,"height":1280},{"@type":"BreadcrumbList","@id":"https:\/\/deputadotaveirajr.com.br\/index.php\/febre-aftosa-rn-tenta-imunizar-mais-de-90-dos-bovinos-e-bubalinos-para-ficar-livre-de-exigencia-de-vacinacao-anual\/#breadcrumb","itemListElement":[{"@type":"ListItem","position":1,"name":"In\u00edcio","item":"https:\/\/deputadotaveirajr.com.br\/"},{"@type":"ListItem","position":2,"name":"Febre aftosa: RN tenta imunizar mais de 90% dos bovinos e bubalinos para ficar livre de exig\u00eancia de vacina\u00e7\u00e3o anual"}]},{"@type":"WebSite","@id":"https:\/\/deputadotaveirajr.com.br\/#website","url":"https:\/\/deputadotaveirajr.com.br\/","name":"Taveira Jr","description":"Deputado Estadual","publisher":{"@id":"https:\/\/deputadotaveirajr.com.br\/#organization"},"potentialAction":[{"@type":"SearchAction","target":{"@type":"EntryPoint","urlTemplate":"https:\/\/deputadotaveirajr.com.br\/?s={search_term_string}"},"query-input":{"@type":"PropertyValueSpecification","valueRequired":true,"valueName":"search_term_string"}}],"inLanguage":"pt-BR"},{"@type":"Organization","@id":"https:\/\/deputadotaveirajr.com.br\/#organization","name":"Taveira Jr","url":"https:\/\/deputadotaveirajr.com.br\/","logo":{"@type":"ImageObject","inLanguage":"pt-BR","@id":"https:\/\/deputadotaveirajr.com.br\/#\/schema\/logo\/image\/","url":"https:\/\/deputadotaveirajr.com.br\/wp-content\/uploads\/2026\/01\/logolow2a.png","contentUrl":"https:\/\/deputadotaveirajr.com.br\/wp-content\/uploads\/2026\/01\/logolow2a.png","width":290,"height":80,"caption":"Taveira Jr"},"image":{"@id":"https:\/\/deputadotaveirajr.com.br\/#\/schema\/logo\/image\/"}}]}},"_links":{"self":[{"href":"https:\/\/deputadotaveirajr.com.br\/index.php\/wp-json\/wp\/v2\/pages\/5579","targetHints":{"allow":["GET"]}}],"collection":[{"href":"https:\/\/deputadotaveirajr.com.br\/index.php\/wp-json\/wp\/v2\/pages"}],"about":[{"href":"https:\/\/deputadotaveirajr.com.br\/index.php\/wp-json\/wp\/v2\/types\/page"}],"replies":[{"embeddable":true,"href":"https:\/\/deputadotaveirajr.com.br\/index.php\/wp-json\/wp\/v2\/comments?post=5579"}],"version-history":[{"count":1,"href":"https:\/\/deputadotaveirajr.com.br\/index.php\/wp-json\/wp\/v2\/pages\/5579\/revisions"}],"predecessor-version":[{"id":5585,"href":"https:\/\/deputadotaveirajr.com.br\/index.php\/wp-json\/wp\/v2\/pages\/5579\/revisions\/5585"}],"wp:featuredmedia":[{"embeddable":true,"href":"https:\/\/deputadotaveirajr.com.br\/index.php\/wp-json\/wp\/v2\/media\/5580"}],"wp:attachment":[{"href":"https:\/\/deputadotaveirajr.com.br\/index.php\/wp-json\/wp\/v2\/media?parent=5579"}],"curies":[{"name":"wp","href":"https:\/\/api.w.org\/{rel}","templated":true}]}}