{"id":5638,"date":"2024-04-18T16:24:51","date_gmt":"2024-04-18T19:24:51","guid":{"rendered":"https:\/\/deputadotaveirajr.com.br\/?page_id=5638"},"modified":"2024-04-18T16:24:51","modified_gmt":"2024-04-18T19:24:51","slug":"turista-que-foi-estuprada-dentro-do-quarto-de-hotel-em-ponta-negra-aguarda-indenizacao-desde-2019-nao-tem-como-esquecer","status":"publish","type":"page","link":"https:\/\/deputadotaveirajr.com.br\/index.php\/turista-que-foi-estuprada-dentro-do-quarto-de-hotel-em-ponta-negra-aguarda-indenizacao-desde-2019-nao-tem-como-esquecer\/","title":{"rendered":"Turista que foi estuprada dentro do quarto de hotel em Ponta Negra aguarda indeniza\u00e7\u00e3o desde 2019: &#8216;N\u00e3o tem como esquecer&#8217;"},"content":{"rendered":"<p>     Mulher adquiriu pacote de viagem e foi surpreendida por criminoso enquanto dormia, em setembro de 2018. Uma turista paulista de 54 anos de idade que foi estuprada dentro do hotel onde estava hospedada, em 2018, na Praia de Ponta Negra, em Natal, ainda n\u00e3o foi indenizada pelo estabelecimento, que foi condenado na Justi\u00e7a.<br \/>\nA senten\u00e7a da Justi\u00e7a de S\u00e3o Paulo, de 2019, determina um pagamento superior a R$ 100 mil por danos morais \u00e0 v\u00edtima. Os valores corrigidos com juros, atualmente, chegariam a mais de R$ 300 mil.<br \/>\n\ud83d\udcf3Participe do canal do g1 RN no WhatsApp<br \/>\nO crime aconteceu no dia 19 de setembro de 2019. A turista estava dormindo e foi surpreendida por um criminoso dentro do quarto, que mexia nos pertences dela. O criminoso a amea\u00e7ou, a amarrou na cama e a estuprou.<br \/>\nAs investiga\u00e7\u00f5es apontaram que agressor entrou no hotel ap\u00f3s pular o muro e depois saiu pela porta da frente, sem ser abordado por ningu\u00e9m. Ele deixou uma faca e uma bermuda dentro do quarto.<br \/>\n&#8216;Ele falou que ia me estrangular&#8217;, diz mulher v\u00edtima de estupro dentro de hotel em Natal<br \/>\nA v\u00edtima contou que, ap\u00f3s o crime, sofreu grave abalo psicol\u00f3gico e trata at\u00e9 hoje as sequelas da viol\u00eancia. A mulher relatou que faz tratamento psicol\u00f3gico e psiqui\u00e1trico desde ent\u00e3o.<br \/>\nAo g1, a mulher disse que, embora a indeniza\u00e7\u00e3o n\u00e3o possa faz\u00ea-la se recuperar dos danos causados, contribuir\u00e1 para amenizar materialmente o abalo provocado pelo epis\u00f3dio.<br \/>\n&#8220;Vai fazer seis anos (do fato) em setembro e, desde ent\u00e3o, eu fa\u00e7o tratamento psicol\u00f3gico e psiqui\u00e1trico, tratamentos caros, pagos pelo meu bolso. Atualmente, tenho 54 anos e perdi meu emprego na pandemia. Pedi uma aposentadoria antecipada e, por isso, n\u00e3o recebo o valor integral. E ainda adquiri uma s\u00edndrome de transtorno p\u00f3s-traum\u00e1tico&#8221;, relatou.<br \/>\n&#8220;N\u00e3o tem como esquecer. Mas iria amenizar a situa\u00e7\u00e3o financeira&#8221;, considerou.<br \/>\nAinda de acordo com a v\u00edtima, ela chegou a conseguir outro emprego, mas passou apenas uma semana na empresa, por causa dos traumas que enfrenta.<br \/>\n&#8220;N\u00e3o consigo mais viajar, at\u00e9 pra lugares pr\u00f3ximos. N\u00e3o saio de casa, praticamente. Quando minha irm\u00e3 sai, eu tranco a casa toda&#8221;, explicou.<br \/>\nSegundo a advogada da v\u00edtima, o hotel chegou a oferecer dois acordos extrajudiciais &#8211; um antes da abertura do processo e outro em novembro de 2023. Apesar de a mulher ter aceitado ambas as propostas, menores que a conquistadas na Justi\u00e7a, o acordo n\u00e3o foi conclu\u00eddo.<br \/>\nProcurada pelo g1, a defesa do Hotel Bello Mare afirmou que o estabelecimento vem agindo &#8220;como lhe cabe&#8221;, inclusive acionando a sua seguradora na esfera judicial. A defesa do hotel ainda afirmou que os acordos n\u00e3o foram conclu\u00eddos, por n\u00e3o haver consenso de valores.<br \/>\n&#8220;N\u00e3o houve aceita\u00e7\u00e3o por parte da autora. Acaso, de fato, ela aceite, pode me procurar que formalizaremos&#8221;, disse. O defensor disse que n\u00e3o poderia passar mais informa\u00e7\u00f5es sobre o caso, pelo fato de o processo correr em segredo de Justi\u00e7a.<br \/>\nO criminoso respons\u00e1vel pela viol\u00eancia nunca foi preso. Segundo a defesa da v\u00edtima, durante as investiga\u00e7\u00f5es, o delegado respons\u00e1vel pelo caso informou que o suspeito teria sido assassinado por uma fac\u00e7\u00e3o criminosa local.<br \/>\nEstuprador entrou pela janela e rendeu a v\u00edtima em hotel na Zona Sul de Natal<br \/>\nDivulga\u00e7\u00e3o<br \/>\nV\u00eddeos mais assistidos do g1 RN<\/p>","protected":false},"excerpt":{"rendered":"<p>Mulher adquiriu pacote de viagem e foi surpreendida por criminoso enquanto dormia, em setembro de 2018. Uma turista paulista de 54 anos de idade que foi estuprada dentro do hotel &#8230;<\/p>\n","protected":false},"author":0,"featured_media":5639,"parent":0,"menu_order":0,"comment_status":"closed","ping_status":"closed","template":"","meta":{"footnotes":""},"class_list":["post-5638","page","type-page","status-publish","has-post-thumbnail","hentry"],"yoast_head":"<!-- This site is optimized with the Yoast SEO plugin v27.1.1 - https:\/\/yoast.com\/product\/yoast-seo-wordpress\/ -->\n<title>Turista que foi estuprada dentro do quarto de hotel em Ponta Negra aguarda indeniza\u00e7\u00e3o desde 2019: &#039;N\u00e3o tem como esquecer&#039; - Taveira Jr<\/title>\n<meta name=\"robots\" content=\"index, follow, max-snippet:-1, max-image-preview:large, max-video-preview:-1\" \/>\n<link rel=\"canonical\" href=\"https:\/\/deputadotaveirajr.com.br\/index.php\/turista-que-foi-estuprada-dentro-do-quarto-de-hotel-em-ponta-negra-aguarda-indenizacao-desde-2019-nao-tem-como-esquecer\/\" \/>\n<meta property=\"og:locale\" content=\"pt_BR\" \/>\n<meta property=\"og:type\" content=\"article\" \/>\n<meta property=\"og:title\" content=\"Turista que foi estuprada dentro do quarto de hotel em Ponta Negra aguarda indeniza\u00e7\u00e3o desde 2019: &#039;N\u00e3o tem como esquecer&#039; - Taveira Jr\" \/>\n<meta property=\"og:description\" content=\"Mulher adquiriu pacote de viagem e foi surpreendida por criminoso enquanto dormia, em setembro de 2018. Uma turista paulista de 54 anos de idade que foi estuprada dentro do hotel ...\" \/>\n<meta property=\"og:url\" content=\"https:\/\/deputadotaveirajr.com.br\/index.php\/turista-que-foi-estuprada-dentro-do-quarto-de-hotel-em-ponta-negra-aguarda-indenizacao-desde-2019-nao-tem-como-esquecer\/\" \/>\n<meta property=\"og:site_name\" content=\"Taveira Jr\" \/>\n<meta property=\"og:image\" content=\"https:\/\/deputadotaveirajr.com.br\/wp-content\/uploads\/2024\/04\/sacada-u1rsj7.jpeg\" \/>\n\t<meta property=\"og:image:width\" content=\"1890\" \/>\n\t<meta property=\"og:image:height\" content=\"1080\" \/>\n\t<meta property=\"og:image:type\" content=\"image\/jpeg\" \/>\n<meta name=\"twitter:card\" content=\"summary_large_image\" \/>\n<meta name=\"twitter:label1\" content=\"Est. tempo de leitura\" \/>\n\t<meta name=\"twitter:data1\" content=\"3 minutos\" \/>\n<script type=\"application\/ld+json\" class=\"yoast-schema-graph\">{\"@context\":\"https:\/\/schema.org\",\"@graph\":[{\"@type\":\"WebPage\",\"@id\":\"https:\/\/deputadotaveirajr.com.br\/index.php\/turista-que-foi-estuprada-dentro-do-quarto-de-hotel-em-ponta-negra-aguarda-indenizacao-desde-2019-nao-tem-como-esquecer\/\",\"url\":\"https:\/\/deputadotaveirajr.com.br\/index.php\/turista-que-foi-estuprada-dentro-do-quarto-de-hotel-em-ponta-negra-aguarda-indenizacao-desde-2019-nao-tem-como-esquecer\/\",\"name\":\"Turista que foi estuprada dentro do quarto de hotel em Ponta Negra aguarda indeniza\u00e7\u00e3o desde 2019: 'N\u00e3o tem como esquecer' - Taveira Jr\",\"isPartOf\":{\"@id\":\"https:\/\/deputadotaveirajr.com.br\/#website\"},\"primaryImageOfPage\":{\"@id\":\"https:\/\/deputadotaveirajr.com.br\/index.php\/turista-que-foi-estuprada-dentro-do-quarto-de-hotel-em-ponta-negra-aguarda-indenizacao-desde-2019-nao-tem-como-esquecer\/#primaryimage\"},\"image\":{\"@id\":\"https:\/\/deputadotaveirajr.com.br\/index.php\/turista-que-foi-estuprada-dentro-do-quarto-de-hotel-em-ponta-negra-aguarda-indenizacao-desde-2019-nao-tem-como-esquecer\/#primaryimage\"},\"thumbnailUrl\":\"https:\/\/deputadotaveirajr.com.br\/wp-content\/uploads\/2024\/04\/sacada-u1rsj7.jpeg\",\"datePublished\":\"2024-04-18T19:24:51+00:00\",\"breadcrumb\":{\"@id\":\"https:\/\/deputadotaveirajr.com.br\/index.php\/turista-que-foi-estuprada-dentro-do-quarto-de-hotel-em-ponta-negra-aguarda-indenizacao-desde-2019-nao-tem-como-esquecer\/#breadcrumb\"},\"inLanguage\":\"pt-BR\",\"potentialAction\":[{\"@type\":\"ReadAction\",\"target\":[\"https:\/\/deputadotaveirajr.com.br\/index.php\/turista-que-foi-estuprada-dentro-do-quarto-de-hotel-em-ponta-negra-aguarda-indenizacao-desde-2019-nao-tem-como-esquecer\/\"]}]},{\"@type\":\"ImageObject\",\"inLanguage\":\"pt-BR\",\"@id\":\"https:\/\/deputadotaveirajr.com.br\/index.php\/turista-que-foi-estuprada-dentro-do-quarto-de-hotel-em-ponta-negra-aguarda-indenizacao-desde-2019-nao-tem-como-esquecer\/#primaryimage\",\"url\":\"https:\/\/deputadotaveirajr.com.br\/wp-content\/uploads\/2024\/04\/sacada-u1rsj7.jpeg\",\"contentUrl\":\"https:\/\/deputadotaveirajr.com.br\/wp-content\/uploads\/2024\/04\/sacada-u1rsj7.jpeg\",\"width\":1890,\"height\":1080},{\"@type\":\"BreadcrumbList\",\"@id\":\"https:\/\/deputadotaveirajr.com.br\/index.php\/turista-que-foi-estuprada-dentro-do-quarto-de-hotel-em-ponta-negra-aguarda-indenizacao-desde-2019-nao-tem-como-esquecer\/#breadcrumb\",\"itemListElement\":[{\"@type\":\"ListItem\",\"position\":1,\"name\":\"In\u00edcio\",\"item\":\"https:\/\/deputadotaveirajr.com.br\/\"},{\"@type\":\"ListItem\",\"position\":2,\"name\":\"Turista que foi estuprada dentro do quarto de hotel em Ponta Negra aguarda indeniza\u00e7\u00e3o desde 2019: &#8216;N\u00e3o tem como esquecer&#8217;\"}]},{\"@type\":\"WebSite\",\"@id\":\"https:\/\/deputadotaveirajr.com.br\/#website\",\"url\":\"https:\/\/deputadotaveirajr.com.br\/\",\"name\":\"Taveira Jr\",\"description\":\"Deputado Estadual\",\"publisher\":{\"@id\":\"https:\/\/deputadotaveirajr.com.br\/#organization\"},\"potentialAction\":[{\"@type\":\"SearchAction\",\"target\":{\"@type\":\"EntryPoint\",\"urlTemplate\":\"https:\/\/deputadotaveirajr.com.br\/?s={search_term_string}\"},\"query-input\":{\"@type\":\"PropertyValueSpecification\",\"valueRequired\":true,\"valueName\":\"search_term_string\"}}],\"inLanguage\":\"pt-BR\"},{\"@type\":\"Organization\",\"@id\":\"https:\/\/deputadotaveirajr.com.br\/#organization\",\"name\":\"Taveira Jr\",\"url\":\"https:\/\/deputadotaveirajr.com.br\/\",\"logo\":{\"@type\":\"ImageObject\",\"inLanguage\":\"pt-BR\",\"@id\":\"https:\/\/deputadotaveirajr.com.br\/#\/schema\/logo\/image\/\",\"url\":\"https:\/\/deputadotaveirajr.com.br\/wp-content\/uploads\/2026\/01\/logolow2a.png\",\"contentUrl\":\"https:\/\/deputadotaveirajr.com.br\/wp-content\/uploads\/2026\/01\/logolow2a.png\",\"width\":290,\"height\":80,\"caption\":\"Taveira Jr\"},\"image\":{\"@id\":\"https:\/\/deputadotaveirajr.com.br\/#\/schema\/logo\/image\/\"}}]}<\/script>\n<!-- \/ Yoast SEO plugin. -->","yoast_head_json":{"title":"Turista que foi estuprada dentro do quarto de hotel em Ponta Negra aguarda indeniza\u00e7\u00e3o desde 2019: 'N\u00e3o tem como esquecer' - Taveira Jr","robots":{"index":"index","follow":"follow","max-snippet":"max-snippet:-1","max-image-preview":"max-image-preview:large","max-video-preview":"max-video-preview:-1"},"canonical":"https:\/\/deputadotaveirajr.com.br\/index.php\/turista-que-foi-estuprada-dentro-do-quarto-de-hotel-em-ponta-negra-aguarda-indenizacao-desde-2019-nao-tem-como-esquecer\/","og_locale":"pt_BR","og_type":"article","og_title":"Turista que foi estuprada dentro do quarto de hotel em Ponta Negra aguarda indeniza\u00e7\u00e3o desde 2019: 'N\u00e3o tem como esquecer' - Taveira Jr","og_description":"Mulher adquiriu pacote de viagem e foi surpreendida por criminoso enquanto dormia, em setembro de 2018. Uma turista paulista de 54 anos de idade que foi estuprada dentro do hotel ...","og_url":"https:\/\/deputadotaveirajr.com.br\/index.php\/turista-que-foi-estuprada-dentro-do-quarto-de-hotel-em-ponta-negra-aguarda-indenizacao-desde-2019-nao-tem-como-esquecer\/","og_site_name":"Taveira Jr","og_image":[{"width":1890,"height":1080,"url":"https:\/\/deputadotaveirajr.com.br\/wp-content\/uploads\/2024\/04\/sacada-u1rsj7.jpeg","type":"image\/jpeg"}],"twitter_card":"summary_large_image","twitter_misc":{"Est. tempo de leitura":"3 minutos"},"schema":{"@context":"https:\/\/schema.org","@graph":[{"@type":"WebPage","@id":"https:\/\/deputadotaveirajr.com.br\/index.php\/turista-que-foi-estuprada-dentro-do-quarto-de-hotel-em-ponta-negra-aguarda-indenizacao-desde-2019-nao-tem-como-esquecer\/","url":"https:\/\/deputadotaveirajr.com.br\/index.php\/turista-que-foi-estuprada-dentro-do-quarto-de-hotel-em-ponta-negra-aguarda-indenizacao-desde-2019-nao-tem-como-esquecer\/","name":"Turista que foi estuprada dentro do quarto de hotel em Ponta Negra aguarda indeniza\u00e7\u00e3o desde 2019: 'N\u00e3o tem como esquecer' - Taveira Jr","isPartOf":{"@id":"https:\/\/deputadotaveirajr.com.br\/#website"},"primaryImageOfPage":{"@id":"https:\/\/deputadotaveirajr.com.br\/index.php\/turista-que-foi-estuprada-dentro-do-quarto-de-hotel-em-ponta-negra-aguarda-indenizacao-desde-2019-nao-tem-como-esquecer\/#primaryimage"},"image":{"@id":"https:\/\/deputadotaveirajr.com.br\/index.php\/turista-que-foi-estuprada-dentro-do-quarto-de-hotel-em-ponta-negra-aguarda-indenizacao-desde-2019-nao-tem-como-esquecer\/#primaryimage"},"thumbnailUrl":"https:\/\/deputadotaveirajr.com.br\/wp-content\/uploads\/2024\/04\/sacada-u1rsj7.jpeg","datePublished":"2024-04-18T19:24:51+00:00","breadcrumb":{"@id":"https:\/\/deputadotaveirajr.com.br\/index.php\/turista-que-foi-estuprada-dentro-do-quarto-de-hotel-em-ponta-negra-aguarda-indenizacao-desde-2019-nao-tem-como-esquecer\/#breadcrumb"},"inLanguage":"pt-BR","potentialAction":[{"@type":"ReadAction","target":["https:\/\/deputadotaveirajr.com.br\/index.php\/turista-que-foi-estuprada-dentro-do-quarto-de-hotel-em-ponta-negra-aguarda-indenizacao-desde-2019-nao-tem-como-esquecer\/"]}]},{"@type":"ImageObject","inLanguage":"pt-BR","@id":"https:\/\/deputadotaveirajr.com.br\/index.php\/turista-que-foi-estuprada-dentro-do-quarto-de-hotel-em-ponta-negra-aguarda-indenizacao-desde-2019-nao-tem-como-esquecer\/#primaryimage","url":"https:\/\/deputadotaveirajr.com.br\/wp-content\/uploads\/2024\/04\/sacada-u1rsj7.jpeg","contentUrl":"https:\/\/deputadotaveirajr.com.br\/wp-content\/uploads\/2024\/04\/sacada-u1rsj7.jpeg","width":1890,"height":1080},{"@type":"BreadcrumbList","@id":"https:\/\/deputadotaveirajr.com.br\/index.php\/turista-que-foi-estuprada-dentro-do-quarto-de-hotel-em-ponta-negra-aguarda-indenizacao-desde-2019-nao-tem-como-esquecer\/#breadcrumb","itemListElement":[{"@type":"ListItem","position":1,"name":"In\u00edcio","item":"https:\/\/deputadotaveirajr.com.br\/"},{"@type":"ListItem","position":2,"name":"Turista que foi estuprada dentro do quarto de hotel em Ponta Negra aguarda indeniza\u00e7\u00e3o desde 2019: &#8216;N\u00e3o tem como esquecer&#8217;"}]},{"@type":"WebSite","@id":"https:\/\/deputadotaveirajr.com.br\/#website","url":"https:\/\/deputadotaveirajr.com.br\/","name":"Taveira Jr","description":"Deputado Estadual","publisher":{"@id":"https:\/\/deputadotaveirajr.com.br\/#organization"},"potentialAction":[{"@type":"SearchAction","target":{"@type":"EntryPoint","urlTemplate":"https:\/\/deputadotaveirajr.com.br\/?s={search_term_string}"},"query-input":{"@type":"PropertyValueSpecification","valueRequired":true,"valueName":"search_term_string"}}],"inLanguage":"pt-BR"},{"@type":"Organization","@id":"https:\/\/deputadotaveirajr.com.br\/#organization","name":"Taveira Jr","url":"https:\/\/deputadotaveirajr.com.br\/","logo":{"@type":"ImageObject","inLanguage":"pt-BR","@id":"https:\/\/deputadotaveirajr.com.br\/#\/schema\/logo\/image\/","url":"https:\/\/deputadotaveirajr.com.br\/wp-content\/uploads\/2026\/01\/logolow2a.png","contentUrl":"https:\/\/deputadotaveirajr.com.br\/wp-content\/uploads\/2026\/01\/logolow2a.png","width":290,"height":80,"caption":"Taveira Jr"},"image":{"@id":"https:\/\/deputadotaveirajr.com.br\/#\/schema\/logo\/image\/"}}]}},"_links":{"self":[{"href":"https:\/\/deputadotaveirajr.com.br\/index.php\/wp-json\/wp\/v2\/pages\/5638","targetHints":{"allow":["GET"]}}],"collection":[{"href":"https:\/\/deputadotaveirajr.com.br\/index.php\/wp-json\/wp\/v2\/pages"}],"about":[{"href":"https:\/\/deputadotaveirajr.com.br\/index.php\/wp-json\/wp\/v2\/types\/page"}],"replies":[{"embeddable":true,"href":"https:\/\/deputadotaveirajr.com.br\/index.php\/wp-json\/wp\/v2\/comments?post=5638"}],"version-history":[{"count":1,"href":"https:\/\/deputadotaveirajr.com.br\/index.php\/wp-json\/wp\/v2\/pages\/5638\/revisions"}],"predecessor-version":[{"id":5641,"href":"https:\/\/deputadotaveirajr.com.br\/index.php\/wp-json\/wp\/v2\/pages\/5638\/revisions\/5641"}],"wp:featuredmedia":[{"embeddable":true,"href":"https:\/\/deputadotaveirajr.com.br\/index.php\/wp-json\/wp\/v2\/media\/5639"}],"wp:attachment":[{"href":"https:\/\/deputadotaveirajr.com.br\/index.php\/wp-json\/wp\/v2\/media?parent=5638"}],"curies":[{"name":"wp","href":"https:\/\/api.w.org\/{rel}","templated":true}]}}