{"id":5679,"date":"2024-04-20T16:53:25","date_gmt":"2024-04-20T19:53:25","guid":{"rendered":"https:\/\/deputadotaveirajr.com.br\/?page_id=5679"},"modified":"2024-04-20T16:53:25","modified_gmt":"2024-04-20T19:53:25","slug":"condenado-por-falsificacao-ideologica-secretario-de-planejamento-de-mossoro-e-exonerado-do-cargo","status":"publish","type":"page","link":"https:\/\/deputadotaveirajr.com.br\/index.php\/condenado-por-falsificacao-ideologica-secretario-de-planejamento-de-mossoro-e-exonerado-do-cargo\/","title":{"rendered":"Condenado por falsifica\u00e7\u00e3o ideol\u00f3gica, secret\u00e1rio de Planejamento de Mossor\u00f3 \u00e9 exonerado do cargo"},"content":{"rendered":"<p>     Exonera\u00e7\u00e3o foi publicada neste s\u00e1bado (20) no Di\u00e1rio Oficial. MPF apontou que Kadson Eduardo falsificou documento e alterou data audi\u00eancia na Vara Federal de Pau dos Ferros. Advogado Kadson Eduardo, ex-secret\u00e1rio de planejamento de Mossor\u00f3<br \/>\nReprodu\u00e7\u00e3o\/Inter TV Costa Branca<br \/>\nCondenado por falsifica\u00e7\u00e3o ideol\u00f3gica, o secret\u00e1rio de Planejamento, Gest\u00e3o e Or\u00e7amento de Mossor\u00f3, Kadson Eduardo, foi exonerado do cargo neste s\u00e1bado (20). A sa\u00edda foi publicada no Di\u00e1rio Oficial do munic\u00edpio.<br \/>\nO advogado foi condenado ap\u00f3s uma den\u00fancia do Minist\u00e9rio P\u00fablico Federal (MPF), em 2016, antes de sua atua\u00e7\u00e3o na gest\u00e3o municipal.<br \/>\nEm abril de 2023, o processo tr\u00e2nsitou em julgado &#8211; sem mais inst\u00e2ncias para recorrer &#8211; e a condena\u00e7\u00e3o se tornou definitiva, enquadrando Kadson na Lei da Ficha Limpa Municipal, de 2012.<br \/>\nA Inter TV Costa Branca procurou a prefeitura de Mossor\u00f3 para um posicionamento do ex-secret\u00e1rio e do Munic\u00edpio sobre o assunto, mas n\u00e3o recebeu respostas at\u00e9 a atualiza\u00e7\u00e3o mais recente desta mat\u00e9ria.<br \/>\nCom a exonera\u00e7\u00e3o de Kadson Eduardo, o Munic\u00edpio informou que quem assumiu a pasta foi a secret\u00e1ria municipal de Finan\u00e7as, Tatiane Paula Leite, que passa a acumular as duas fun\u00e7\u00f5es.<br \/>\nDen\u00fancia e condena\u00e7\u00e3o<br \/>\nA den\u00fancia do MPF apontou que Kadson Eduardo, na fun\u00e7\u00e3o de advogado, falsificou um documento e alterou a data de uma audi\u00eancia na 12\u00aa Vara Federal de Pau dos Ferros. O processo \u00e9 de 2013. A audi\u00eancia era relacionada \u00e0 demarca\u00e7\u00e3o de terras particulares em Apodi.<br \/>\nApesar da alega\u00e7\u00e3o da defesa do advogado, que citava falhas no sistema eletr\u00f4nico judici\u00e1rio, o juiz Rodrigo Arruda Carri\u00e7o condenou Kadson Eduardo a 2 anos de reclus\u00e3o e 10 dias-multa &#8211; a pena restritiva foi substitu\u00edda por presta\u00e7\u00e3o pecuni\u00e1ria e presta\u00e7\u00e3o de servi\u00e7os \u00e0 comunidade.<br \/>\nV\u00eddeos mais assistidos do g1 RN<\/p>","protected":false},"excerpt":{"rendered":"<p>Exonera\u00e7\u00e3o foi publicada neste s\u00e1bado (20) no Di\u00e1rio Oficial. MPF apontou que Kadson Eduardo falsificou documento e alterou data audi\u00eancia na Vara Federal de Pau dos Ferros. Advogado Kadson Eduardo, &#8230;<\/p>\n","protected":false},"author":0,"featured_media":5680,"parent":0,"menu_order":0,"comment_status":"closed","ping_status":"closed","template":"","meta":{"footnotes":""},"class_list":["post-5679","page","type-page","status-publish","has-post-thumbnail","hentry"],"yoast_head":"<!-- This site is optimized with the Yoast SEO plugin v27.1.1 - https:\/\/yoast.com\/product\/yoast-seo-wordpress\/ -->\n<title>Condenado por falsifica\u00e7\u00e3o ideol\u00f3gica, secret\u00e1rio de Planejamento de Mossor\u00f3 \u00e9 exonerado do cargo - Taveira Jr<\/title>\n<meta name=\"robots\" content=\"index, follow, max-snippet:-1, max-image-preview:large, max-video-preview:-1\" \/>\n<link rel=\"canonical\" href=\"https:\/\/deputadotaveirajr.com.br\/index.php\/condenado-por-falsificacao-ideologica-secretario-de-planejamento-de-mossoro-e-exonerado-do-cargo\/\" \/>\n<meta property=\"og:locale\" content=\"pt_BR\" \/>\n<meta property=\"og:type\" content=\"article\" \/>\n<meta property=\"og:title\" content=\"Condenado por falsifica\u00e7\u00e3o ideol\u00f3gica, secret\u00e1rio de Planejamento de Mossor\u00f3 \u00e9 exonerado do cargo - Taveira Jr\" \/>\n<meta property=\"og:description\" content=\"Exonera\u00e7\u00e3o foi publicada neste s\u00e1bado (20) no Di\u00e1rio Oficial. MPF apontou que Kadson Eduardo falsificou documento e alterou data audi\u00eancia na Vara Federal de Pau dos Ferros. Advogado Kadson Eduardo, ...\" \/>\n<meta property=\"og:url\" content=\"https:\/\/deputadotaveirajr.com.br\/index.php\/condenado-por-falsificacao-ideologica-secretario-de-planejamento-de-mossoro-e-exonerado-do-cargo\/\" \/>\n<meta property=\"og:site_name\" content=\"Taveira Jr\" \/>\n<meta property=\"og:image\" content=\"https:\/\/deputadotaveirajr.com.br\/wp-content\/uploads\/2024\/04\/kadson-eduardo-7GUXsQ.jpeg\" \/>\n\t<meta property=\"og:image:width\" content=\"1086\" \/>\n\t<meta property=\"og:image:height\" content=\"643\" \/>\n\t<meta property=\"og:image:type\" content=\"image\/jpeg\" \/>\n<meta name=\"twitter:card\" content=\"summary_large_image\" \/>\n<meta name=\"twitter:label1\" content=\"Est. tempo de leitura\" \/>\n\t<meta name=\"twitter:data1\" content=\"2 minutos\" \/>\n<script type=\"application\/ld+json\" class=\"yoast-schema-graph\">{\"@context\":\"https:\/\/schema.org\",\"@graph\":[{\"@type\":\"WebPage\",\"@id\":\"https:\/\/deputadotaveirajr.com.br\/index.php\/condenado-por-falsificacao-ideologica-secretario-de-planejamento-de-mossoro-e-exonerado-do-cargo\/\",\"url\":\"https:\/\/deputadotaveirajr.com.br\/index.php\/condenado-por-falsificacao-ideologica-secretario-de-planejamento-de-mossoro-e-exonerado-do-cargo\/\",\"name\":\"Condenado por falsifica\u00e7\u00e3o ideol\u00f3gica, secret\u00e1rio de Planejamento de Mossor\u00f3 \u00e9 exonerado do cargo - Taveira Jr\",\"isPartOf\":{\"@id\":\"https:\/\/deputadotaveirajr.com.br\/#website\"},\"primaryImageOfPage\":{\"@id\":\"https:\/\/deputadotaveirajr.com.br\/index.php\/condenado-por-falsificacao-ideologica-secretario-de-planejamento-de-mossoro-e-exonerado-do-cargo\/#primaryimage\"},\"image\":{\"@id\":\"https:\/\/deputadotaveirajr.com.br\/index.php\/condenado-por-falsificacao-ideologica-secretario-de-planejamento-de-mossoro-e-exonerado-do-cargo\/#primaryimage\"},\"thumbnailUrl\":\"https:\/\/deputadotaveirajr.com.br\/wp-content\/uploads\/2024\/04\/kadson-eduardo-7GUXsQ.jpeg\",\"datePublished\":\"2024-04-20T19:53:25+00:00\",\"breadcrumb\":{\"@id\":\"https:\/\/deputadotaveirajr.com.br\/index.php\/condenado-por-falsificacao-ideologica-secretario-de-planejamento-de-mossoro-e-exonerado-do-cargo\/#breadcrumb\"},\"inLanguage\":\"pt-BR\",\"potentialAction\":[{\"@type\":\"ReadAction\",\"target\":[\"https:\/\/deputadotaveirajr.com.br\/index.php\/condenado-por-falsificacao-ideologica-secretario-de-planejamento-de-mossoro-e-exonerado-do-cargo\/\"]}]},{\"@type\":\"ImageObject\",\"inLanguage\":\"pt-BR\",\"@id\":\"https:\/\/deputadotaveirajr.com.br\/index.php\/condenado-por-falsificacao-ideologica-secretario-de-planejamento-de-mossoro-e-exonerado-do-cargo\/#primaryimage\",\"url\":\"https:\/\/deputadotaveirajr.com.br\/wp-content\/uploads\/2024\/04\/kadson-eduardo-7GUXsQ.jpeg\",\"contentUrl\":\"https:\/\/deputadotaveirajr.com.br\/wp-content\/uploads\/2024\/04\/kadson-eduardo-7GUXsQ.jpeg\",\"width\":1086,\"height\":643},{\"@type\":\"BreadcrumbList\",\"@id\":\"https:\/\/deputadotaveirajr.com.br\/index.php\/condenado-por-falsificacao-ideologica-secretario-de-planejamento-de-mossoro-e-exonerado-do-cargo\/#breadcrumb\",\"itemListElement\":[{\"@type\":\"ListItem\",\"position\":1,\"name\":\"In\u00edcio\",\"item\":\"https:\/\/deputadotaveirajr.com.br\/\"},{\"@type\":\"ListItem\",\"position\":2,\"name\":\"Condenado por falsifica\u00e7\u00e3o ideol\u00f3gica, secret\u00e1rio de Planejamento de Mossor\u00f3 \u00e9 exonerado do cargo\"}]},{\"@type\":\"WebSite\",\"@id\":\"https:\/\/deputadotaveirajr.com.br\/#website\",\"url\":\"https:\/\/deputadotaveirajr.com.br\/\",\"name\":\"Taveira Jr\",\"description\":\"Deputado Estadual\",\"publisher\":{\"@id\":\"https:\/\/deputadotaveirajr.com.br\/#organization\"},\"potentialAction\":[{\"@type\":\"SearchAction\",\"target\":{\"@type\":\"EntryPoint\",\"urlTemplate\":\"https:\/\/deputadotaveirajr.com.br\/?s={search_term_string}\"},\"query-input\":{\"@type\":\"PropertyValueSpecification\",\"valueRequired\":true,\"valueName\":\"search_term_string\"}}],\"inLanguage\":\"pt-BR\"},{\"@type\":\"Organization\",\"@id\":\"https:\/\/deputadotaveirajr.com.br\/#organization\",\"name\":\"Taveira Jr\",\"url\":\"https:\/\/deputadotaveirajr.com.br\/\",\"logo\":{\"@type\":\"ImageObject\",\"inLanguage\":\"pt-BR\",\"@id\":\"https:\/\/deputadotaveirajr.com.br\/#\/schema\/logo\/image\/\",\"url\":\"https:\/\/deputadotaveirajr.com.br\/wp-content\/uploads\/2026\/01\/logolow2a.png\",\"contentUrl\":\"https:\/\/deputadotaveirajr.com.br\/wp-content\/uploads\/2026\/01\/logolow2a.png\",\"width\":290,\"height\":80,\"caption\":\"Taveira Jr\"},\"image\":{\"@id\":\"https:\/\/deputadotaveirajr.com.br\/#\/schema\/logo\/image\/\"}}]}<\/script>\n<!-- \/ Yoast SEO plugin. -->","yoast_head_json":{"title":"Condenado por falsifica\u00e7\u00e3o ideol\u00f3gica, secret\u00e1rio de Planejamento de Mossor\u00f3 \u00e9 exonerado do cargo - Taveira Jr","robots":{"index":"index","follow":"follow","max-snippet":"max-snippet:-1","max-image-preview":"max-image-preview:large","max-video-preview":"max-video-preview:-1"},"canonical":"https:\/\/deputadotaveirajr.com.br\/index.php\/condenado-por-falsificacao-ideologica-secretario-de-planejamento-de-mossoro-e-exonerado-do-cargo\/","og_locale":"pt_BR","og_type":"article","og_title":"Condenado por falsifica\u00e7\u00e3o ideol\u00f3gica, secret\u00e1rio de Planejamento de Mossor\u00f3 \u00e9 exonerado do cargo - Taveira Jr","og_description":"Exonera\u00e7\u00e3o foi publicada neste s\u00e1bado (20) no Di\u00e1rio Oficial. MPF apontou que Kadson Eduardo falsificou documento e alterou data audi\u00eancia na Vara Federal de Pau dos Ferros. Advogado Kadson Eduardo, ...","og_url":"https:\/\/deputadotaveirajr.com.br\/index.php\/condenado-por-falsificacao-ideologica-secretario-de-planejamento-de-mossoro-e-exonerado-do-cargo\/","og_site_name":"Taveira Jr","og_image":[{"width":1086,"height":643,"url":"https:\/\/deputadotaveirajr.com.br\/wp-content\/uploads\/2024\/04\/kadson-eduardo-7GUXsQ.jpeg","type":"image\/jpeg"}],"twitter_card":"summary_large_image","twitter_misc":{"Est. tempo de leitura":"2 minutos"},"schema":{"@context":"https:\/\/schema.org","@graph":[{"@type":"WebPage","@id":"https:\/\/deputadotaveirajr.com.br\/index.php\/condenado-por-falsificacao-ideologica-secretario-de-planejamento-de-mossoro-e-exonerado-do-cargo\/","url":"https:\/\/deputadotaveirajr.com.br\/index.php\/condenado-por-falsificacao-ideologica-secretario-de-planejamento-de-mossoro-e-exonerado-do-cargo\/","name":"Condenado por falsifica\u00e7\u00e3o ideol\u00f3gica, secret\u00e1rio de Planejamento de Mossor\u00f3 \u00e9 exonerado do cargo - Taveira Jr","isPartOf":{"@id":"https:\/\/deputadotaveirajr.com.br\/#website"},"primaryImageOfPage":{"@id":"https:\/\/deputadotaveirajr.com.br\/index.php\/condenado-por-falsificacao-ideologica-secretario-de-planejamento-de-mossoro-e-exonerado-do-cargo\/#primaryimage"},"image":{"@id":"https:\/\/deputadotaveirajr.com.br\/index.php\/condenado-por-falsificacao-ideologica-secretario-de-planejamento-de-mossoro-e-exonerado-do-cargo\/#primaryimage"},"thumbnailUrl":"https:\/\/deputadotaveirajr.com.br\/wp-content\/uploads\/2024\/04\/kadson-eduardo-7GUXsQ.jpeg","datePublished":"2024-04-20T19:53:25+00:00","breadcrumb":{"@id":"https:\/\/deputadotaveirajr.com.br\/index.php\/condenado-por-falsificacao-ideologica-secretario-de-planejamento-de-mossoro-e-exonerado-do-cargo\/#breadcrumb"},"inLanguage":"pt-BR","potentialAction":[{"@type":"ReadAction","target":["https:\/\/deputadotaveirajr.com.br\/index.php\/condenado-por-falsificacao-ideologica-secretario-de-planejamento-de-mossoro-e-exonerado-do-cargo\/"]}]},{"@type":"ImageObject","inLanguage":"pt-BR","@id":"https:\/\/deputadotaveirajr.com.br\/index.php\/condenado-por-falsificacao-ideologica-secretario-de-planejamento-de-mossoro-e-exonerado-do-cargo\/#primaryimage","url":"https:\/\/deputadotaveirajr.com.br\/wp-content\/uploads\/2024\/04\/kadson-eduardo-7GUXsQ.jpeg","contentUrl":"https:\/\/deputadotaveirajr.com.br\/wp-content\/uploads\/2024\/04\/kadson-eduardo-7GUXsQ.jpeg","width":1086,"height":643},{"@type":"BreadcrumbList","@id":"https:\/\/deputadotaveirajr.com.br\/index.php\/condenado-por-falsificacao-ideologica-secretario-de-planejamento-de-mossoro-e-exonerado-do-cargo\/#breadcrumb","itemListElement":[{"@type":"ListItem","position":1,"name":"In\u00edcio","item":"https:\/\/deputadotaveirajr.com.br\/"},{"@type":"ListItem","position":2,"name":"Condenado por falsifica\u00e7\u00e3o ideol\u00f3gica, secret\u00e1rio de Planejamento de Mossor\u00f3 \u00e9 exonerado do cargo"}]},{"@type":"WebSite","@id":"https:\/\/deputadotaveirajr.com.br\/#website","url":"https:\/\/deputadotaveirajr.com.br\/","name":"Taveira Jr","description":"Deputado Estadual","publisher":{"@id":"https:\/\/deputadotaveirajr.com.br\/#organization"},"potentialAction":[{"@type":"SearchAction","target":{"@type":"EntryPoint","urlTemplate":"https:\/\/deputadotaveirajr.com.br\/?s={search_term_string}"},"query-input":{"@type":"PropertyValueSpecification","valueRequired":true,"valueName":"search_term_string"}}],"inLanguage":"pt-BR"},{"@type":"Organization","@id":"https:\/\/deputadotaveirajr.com.br\/#organization","name":"Taveira Jr","url":"https:\/\/deputadotaveirajr.com.br\/","logo":{"@type":"ImageObject","inLanguage":"pt-BR","@id":"https:\/\/deputadotaveirajr.com.br\/#\/schema\/logo\/image\/","url":"https:\/\/deputadotaveirajr.com.br\/wp-content\/uploads\/2026\/01\/logolow2a.png","contentUrl":"https:\/\/deputadotaveirajr.com.br\/wp-content\/uploads\/2026\/01\/logolow2a.png","width":290,"height":80,"caption":"Taveira Jr"},"image":{"@id":"https:\/\/deputadotaveirajr.com.br\/#\/schema\/logo\/image\/"}}]}},"_links":{"self":[{"href":"https:\/\/deputadotaveirajr.com.br\/index.php\/wp-json\/wp\/v2\/pages\/5679","targetHints":{"allow":["GET"]}}],"collection":[{"href":"https:\/\/deputadotaveirajr.com.br\/index.php\/wp-json\/wp\/v2\/pages"}],"about":[{"href":"https:\/\/deputadotaveirajr.com.br\/index.php\/wp-json\/wp\/v2\/types\/page"}],"replies":[{"embeddable":true,"href":"https:\/\/deputadotaveirajr.com.br\/index.php\/wp-json\/wp\/v2\/comments?post=5679"}],"version-history":[{"count":1,"href":"https:\/\/deputadotaveirajr.com.br\/index.php\/wp-json\/wp\/v2\/pages\/5679\/revisions"}],"predecessor-version":[{"id":5682,"href":"https:\/\/deputadotaveirajr.com.br\/index.php\/wp-json\/wp\/v2\/pages\/5679\/revisions\/5682"}],"wp:featuredmedia":[{"embeddable":true,"href":"https:\/\/deputadotaveirajr.com.br\/index.php\/wp-json\/wp\/v2\/media\/5680"}],"wp:attachment":[{"href":"https:\/\/deputadotaveirajr.com.br\/index.php\/wp-json\/wp\/v2\/media?parent=5679"}],"curies":[{"name":"wp","href":"https:\/\/api.w.org\/{rel}","templated":true}]}}