{"id":5693,"date":"2024-04-21T13:27:25","date_gmt":"2024-04-21T16:27:25","guid":{"rendered":"https:\/\/deputadotaveirajr.com.br\/?page_id=5693"},"modified":"2024-04-21T13:27:25","modified_gmt":"2024-04-21T16:27:25","slug":"inmet-alerta-para-perigo-potencial-de-chuvas-intensas-em-124-cidades-do-rn","status":"publish","type":"page","link":"https:\/\/deputadotaveirajr.com.br\/index.php\/inmet-alerta-para-perigo-potencial-de-chuvas-intensas-em-124-cidades-do-rn\/","title":{"rendered":"Inmet alerta para perigo potencial de chuvas intensas em 124 cidades do RN"},"content":{"rendered":"<p>     Previs\u00e3o de chuvas de at\u00e9 50 mil\u00edmetros di\u00e1rios e ventos de 60 km por hora. Aviso \u00e9 v\u00e1lido at\u00e9 \u00e0s 10h desta segunda-feira (22).  Alerta de chuva abrange v\u00e1rias regi\u00f5es do Rio Grande do Norte<br \/>\nInmet\/Reprodu\u00e7\u00e3o<br \/>\nO Instituto Nacional de Meteorologia (Inmet) emitiu um alerta de perigo potencial causado pela previs\u00e3o de chuvas em v\u00e1rias regi\u00f5es do Rio Grande do Norte.<br \/>\nO aviso meteorol\u00f3gico abrange 124 munic\u00edpios potiguares e vale da manh\u00e3 deste domingo (21) at\u00e9 \u00e0s 10h da segunda-feira (22).<br \/>\nSegundo o Inmet, a previs\u00e3o \u00e9 de ocorr\u00eancias de chuvas com volumes que podem variar de 20 e 30 mil\u00edmetros por hora ou at\u00e9 50 mil\u00edmetros por dia, al\u00e9m de ventos intensos, entre 40 60 quil\u00f4metros por hora.<br \/>\nEssas condi\u00e7\u00f5es podem causar um baixo risco de corte de energia el\u00e9trica, queda de galhos de \u00e1rvores, alagamentos e descargas el\u00e9tricas.<br \/>\nEm caso de rajadas de vento, o Inmet orienta a popula\u00e7\u00e3o a n\u00e3o se abrigar debaixo de \u00e1rvores, por causa do risco de queda e descargas el\u00e9tricas.<br \/>\nOutras orienta\u00e7\u00f5es s\u00e3o: n\u00e3o estacionar ve\u00edculos perto de torres de transmiss\u00e3o e placas de propaganda; e evitar usar aparelhos eletr\u00f4nicos ligados a tomadas.<br \/>\nO alerta amarelo, que informa perigo potencial, \u00e9 o de menor risco entre os tr\u00eas tipos de avisos emitidos pelo Inmet. Os outros s\u00e3o o laranja &#8211; que informa perigo; e vermelho, de grande perigo.<br \/>\nVeja cidades com alerta amarelo<br \/>\nAcari<br \/>\nA\u00e7u<br \/>\nAfonso Bezerra<br \/>\nAlto do Rodrigues<br \/>\nAngicos<br \/>\nApodi<br \/>\nAreia Branca<br \/>\nAr\u00eas<br \/>\nAugusto Severo<br \/>\nBa\u00eda Formosa<br \/>\nBara\u00fana<br \/>\nBarcelona<br \/>\nBento Fernandes<br \/>\nBod\u00f3<br \/>\nBom Jesus<br \/>\nBrejinho<br \/>\nCai\u00e7ara do Norte<br \/>\nCai\u00e7ara do Rio do Vento<br \/>\nCaic\u00f3<br \/>\nCampo Redondo<br \/>\nCanguaretama<br \/>\nCara\u00fabas<br \/>\nCarnaubais<br \/>\nCear\u00e1-Mirim<br \/>\nCerro Cor\u00e1<br \/>\nCoronel Ezequiel<br \/>\nCruzeta<br \/>\nCurrais Novos<br \/>\nEsp\u00edrito Santo<br \/>\nExtremoz<br \/>\nFelipe Guerra<br \/>\nFernando Pedroza<br \/>\nFlor\u00e2nia<br \/>\nGalinhos<br \/>\nGoianinha<br \/>\nGovernador Dix-Sept Rosado<br \/>\nGrossos<br \/>\nGuamar\u00e9<br \/>\nIelmo Marinho<br \/>\nIpangua\u00e7u<br \/>\nItaj\u00e1<br \/>\nIta\u00fa<br \/>\nJa\u00e7an\u00e3<br \/>\nJanda\u00edra<br \/>\nJandu\u00eds<br \/>\nJanu\u00e1rio Cicco<br \/>\nJapi<br \/>\nJardim de Angicos<br \/>\nJardim de Piranhas<br \/>\nJo\u00e3o C\u00e2mara<br \/>\nJucurutu<br \/>\nJundi\u00e1<br \/>\nLagoa d&#8217;Anta<br \/>\nLagoa de Pedras<br \/>\nLagoa de Velhos<br \/>\nLagoa Nova<br \/>\nLagoa Salgada<br \/>\nLajes<br \/>\nLajes Pintadas<br \/>\nMaca\u00edba<br \/>\nMacau<br \/>\nMaxaranguape<br \/>\nMessias Targino<br \/>\nMontanhas<br \/>\nMonte Alegre<br \/>\nMonte das Gameleiras<br \/>\nMossor\u00f3<br \/>\nNatal<br \/>\nN\u00edsia Floresta<br \/>\nNova Cruz<br \/>\nOlho d&#8217;\u00c1gua do Borges<br \/>\nPara\u00fa<br \/>\nParazinho<br \/>\nParnamirim<br \/>\nPassa e Fica<br \/>\nPassagem<br \/>\nPatu<br \/>\nPedra Grande<br \/>\nPedra Preta<br \/>\nPedro Avelino<br \/>\nPedro Velho<br \/>\nPend\u00eancias<br \/>\nPo\u00e7o Branco<br \/>\nPorto do Mangue<br \/>\nPureza<br \/>\nRiachuelo<br \/>\nRio do Fogo<br \/>\nRuy Barbosa<br \/>\nSanta Cruz<br \/>\nSanta Maria<br \/>\nSantana do Matos<br \/>\nSanto Ant\u00f4nio<br \/>\nS\u00e3o Bento do Norte<br \/>\nS\u00e3o Bento do Trair\u00ed<br \/>\nS\u00e3o Fernando<br \/>\nS\u00e3o Gon\u00e7alo do Amarante<br \/>\nS\u00e3o Jos\u00e9 de Mipibu<br \/>\nS\u00e3o Jos\u00e9 do Campestre<br \/>\nS\u00e3o Miguel do Gostoso<br \/>\nS\u00e3o Paulo do Potengi<br \/>\nS\u00e3o Pedro<br \/>\nS\u00e3o Rafael<br \/>\nS\u00e3o Tom\u00e9<br \/>\nS\u00e3o Vicente<br \/>\nSenador El\u00f3i de Souza<br \/>\nSenador Georgino Avelino<br \/>\nSerra Caiada<br \/>\nSerra de S\u00e3o Bento<br \/>\nSerra do Mel<br \/>\nSerrinha<br \/>\nSeveriano Melo<br \/>\nS\u00edtio Novo<br \/>\nTaipu<br \/>\nTangar\u00e1<br \/>\nTenente Laurentino Cruz<br \/>\nTibau<br \/>\nTibau do Sul<br \/>\nTouros<br \/>\nTriunfo Potiguar<br \/>\nUmarizal<br \/>\nUpanema<br \/>\nV\u00e1rzea<br \/>\nVera Cruz<br \/>\nVila Flor<br \/>\nVeja os v\u00eddeos mais assistidos no g1 RN<\/p>","protected":false},"excerpt":{"rendered":"<p>Previs\u00e3o de chuvas de at\u00e9 50 mil\u00edmetros di\u00e1rios e ventos de 60 km por hora. Aviso \u00e9 v\u00e1lido at\u00e9 \u00e0s 10h desta segunda-feira (22). Alerta de chuva abrange v\u00e1rias regi\u00f5es &#8230;<\/p>\n","protected":false},"author":0,"featured_media":5694,"parent":0,"menu_order":0,"comment_status":"closed","ping_status":"closed","template":"","meta":{"footnotes":""},"class_list":["post-5693","page","type-page","status-publish","has-post-thumbnail","hentry"],"yoast_head":"<!-- This site is optimized with the Yoast SEO plugin v27.1.1 - https:\/\/yoast.com\/product\/yoast-seo-wordpress\/ -->\n<title>Inmet alerta para perigo potencial de chuvas intensas em 124 cidades do RN - Taveira Jr<\/title>\n<meta name=\"robots\" content=\"index, follow, max-snippet:-1, max-image-preview:large, max-video-preview:-1\" \/>\n<link rel=\"canonical\" href=\"https:\/\/deputadotaveirajr.com.br\/index.php\/inmet-alerta-para-perigo-potencial-de-chuvas-intensas-em-124-cidades-do-rn\/\" \/>\n<meta property=\"og:locale\" content=\"pt_BR\" \/>\n<meta property=\"og:type\" content=\"article\" \/>\n<meta property=\"og:title\" content=\"Inmet alerta para perigo potencial de chuvas intensas em 124 cidades do RN - Taveira Jr\" \/>\n<meta property=\"og:description\" content=\"Previs\u00e3o de chuvas de at\u00e9 50 mil\u00edmetros di\u00e1rios e ventos de 60 km por hora. Aviso \u00e9 v\u00e1lido at\u00e9 \u00e0s 10h desta segunda-feira (22). Alerta de chuva abrange v\u00e1rias regi\u00f5es ...\" \/>\n<meta property=\"og:url\" content=\"https:\/\/deputadotaveirajr.com.br\/index.php\/inmet-alerta-para-perigo-potencial-de-chuvas-intensas-em-124-cidades-do-rn\/\" \/>\n<meta property=\"og:site_name\" content=\"Taveira Jr\" \/>\n<meta property=\"og:image\" content=\"https:\/\/deputadotaveirajr.com.br\/wp-content\/uploads\/2024\/04\/inmet1-4MYilH.jpeg\" \/>\n\t<meta property=\"og:image:width\" content=\"992\" \/>\n\t<meta property=\"og:image:height\" content=\"693\" \/>\n\t<meta property=\"og:image:type\" content=\"image\/jpeg\" \/>\n<meta name=\"twitter:card\" content=\"summary_large_image\" \/>\n<meta name=\"twitter:label1\" content=\"Est. tempo de leitura\" \/>\n\t<meta name=\"twitter:data1\" content=\"3 minutos\" \/>\n<script type=\"application\/ld+json\" class=\"yoast-schema-graph\">{\"@context\":\"https:\/\/schema.org\",\"@graph\":[{\"@type\":\"WebPage\",\"@id\":\"https:\/\/deputadotaveirajr.com.br\/index.php\/inmet-alerta-para-perigo-potencial-de-chuvas-intensas-em-124-cidades-do-rn\/\",\"url\":\"https:\/\/deputadotaveirajr.com.br\/index.php\/inmet-alerta-para-perigo-potencial-de-chuvas-intensas-em-124-cidades-do-rn\/\",\"name\":\"Inmet alerta para perigo potencial de chuvas intensas em 124 cidades do RN - Taveira Jr\",\"isPartOf\":{\"@id\":\"https:\/\/deputadotaveirajr.com.br\/#website\"},\"primaryImageOfPage\":{\"@id\":\"https:\/\/deputadotaveirajr.com.br\/index.php\/inmet-alerta-para-perigo-potencial-de-chuvas-intensas-em-124-cidades-do-rn\/#primaryimage\"},\"image\":{\"@id\":\"https:\/\/deputadotaveirajr.com.br\/index.php\/inmet-alerta-para-perigo-potencial-de-chuvas-intensas-em-124-cidades-do-rn\/#primaryimage\"},\"thumbnailUrl\":\"https:\/\/deputadotaveirajr.com.br\/wp-content\/uploads\/2024\/04\/inmet1-4MYilH.jpeg\",\"datePublished\":\"2024-04-21T16:27:25+00:00\",\"breadcrumb\":{\"@id\":\"https:\/\/deputadotaveirajr.com.br\/index.php\/inmet-alerta-para-perigo-potencial-de-chuvas-intensas-em-124-cidades-do-rn\/#breadcrumb\"},\"inLanguage\":\"pt-BR\",\"potentialAction\":[{\"@type\":\"ReadAction\",\"target\":[\"https:\/\/deputadotaveirajr.com.br\/index.php\/inmet-alerta-para-perigo-potencial-de-chuvas-intensas-em-124-cidades-do-rn\/\"]}]},{\"@type\":\"ImageObject\",\"inLanguage\":\"pt-BR\",\"@id\":\"https:\/\/deputadotaveirajr.com.br\/index.php\/inmet-alerta-para-perigo-potencial-de-chuvas-intensas-em-124-cidades-do-rn\/#primaryimage\",\"url\":\"https:\/\/deputadotaveirajr.com.br\/wp-content\/uploads\/2024\/04\/inmet1-4MYilH.jpeg\",\"contentUrl\":\"https:\/\/deputadotaveirajr.com.br\/wp-content\/uploads\/2024\/04\/inmet1-4MYilH.jpeg\",\"width\":992,\"height\":693},{\"@type\":\"BreadcrumbList\",\"@id\":\"https:\/\/deputadotaveirajr.com.br\/index.php\/inmet-alerta-para-perigo-potencial-de-chuvas-intensas-em-124-cidades-do-rn\/#breadcrumb\",\"itemListElement\":[{\"@type\":\"ListItem\",\"position\":1,\"name\":\"In\u00edcio\",\"item\":\"https:\/\/deputadotaveirajr.com.br\/\"},{\"@type\":\"ListItem\",\"position\":2,\"name\":\"Inmet alerta para perigo potencial de chuvas intensas em 124 cidades do RN\"}]},{\"@type\":\"WebSite\",\"@id\":\"https:\/\/deputadotaveirajr.com.br\/#website\",\"url\":\"https:\/\/deputadotaveirajr.com.br\/\",\"name\":\"Taveira Jr\",\"description\":\"Deputado Estadual\",\"publisher\":{\"@id\":\"https:\/\/deputadotaveirajr.com.br\/#organization\"},\"potentialAction\":[{\"@type\":\"SearchAction\",\"target\":{\"@type\":\"EntryPoint\",\"urlTemplate\":\"https:\/\/deputadotaveirajr.com.br\/?s={search_term_string}\"},\"query-input\":{\"@type\":\"PropertyValueSpecification\",\"valueRequired\":true,\"valueName\":\"search_term_string\"}}],\"inLanguage\":\"pt-BR\"},{\"@type\":\"Organization\",\"@id\":\"https:\/\/deputadotaveirajr.com.br\/#organization\",\"name\":\"Taveira Jr\",\"url\":\"https:\/\/deputadotaveirajr.com.br\/\",\"logo\":{\"@type\":\"ImageObject\",\"inLanguage\":\"pt-BR\",\"@id\":\"https:\/\/deputadotaveirajr.com.br\/#\/schema\/logo\/image\/\",\"url\":\"https:\/\/deputadotaveirajr.com.br\/wp-content\/uploads\/2026\/01\/logolow2a.png\",\"contentUrl\":\"https:\/\/deputadotaveirajr.com.br\/wp-content\/uploads\/2026\/01\/logolow2a.png\",\"width\":290,\"height\":80,\"caption\":\"Taveira Jr\"},\"image\":{\"@id\":\"https:\/\/deputadotaveirajr.com.br\/#\/schema\/logo\/image\/\"}}]}<\/script>\n<!-- \/ Yoast SEO plugin. -->","yoast_head_json":{"title":"Inmet alerta para perigo potencial de chuvas intensas em 124 cidades do RN - Taveira Jr","robots":{"index":"index","follow":"follow","max-snippet":"max-snippet:-1","max-image-preview":"max-image-preview:large","max-video-preview":"max-video-preview:-1"},"canonical":"https:\/\/deputadotaveirajr.com.br\/index.php\/inmet-alerta-para-perigo-potencial-de-chuvas-intensas-em-124-cidades-do-rn\/","og_locale":"pt_BR","og_type":"article","og_title":"Inmet alerta para perigo potencial de chuvas intensas em 124 cidades do RN - Taveira Jr","og_description":"Previs\u00e3o de chuvas de at\u00e9 50 mil\u00edmetros di\u00e1rios e ventos de 60 km por hora. Aviso \u00e9 v\u00e1lido at\u00e9 \u00e0s 10h desta segunda-feira (22). Alerta de chuva abrange v\u00e1rias regi\u00f5es ...","og_url":"https:\/\/deputadotaveirajr.com.br\/index.php\/inmet-alerta-para-perigo-potencial-de-chuvas-intensas-em-124-cidades-do-rn\/","og_site_name":"Taveira Jr","og_image":[{"width":992,"height":693,"url":"https:\/\/deputadotaveirajr.com.br\/wp-content\/uploads\/2024\/04\/inmet1-4MYilH.jpeg","type":"image\/jpeg"}],"twitter_card":"summary_large_image","twitter_misc":{"Est. tempo de leitura":"3 minutos"},"schema":{"@context":"https:\/\/schema.org","@graph":[{"@type":"WebPage","@id":"https:\/\/deputadotaveirajr.com.br\/index.php\/inmet-alerta-para-perigo-potencial-de-chuvas-intensas-em-124-cidades-do-rn\/","url":"https:\/\/deputadotaveirajr.com.br\/index.php\/inmet-alerta-para-perigo-potencial-de-chuvas-intensas-em-124-cidades-do-rn\/","name":"Inmet alerta para perigo potencial de chuvas intensas em 124 cidades do RN - Taveira Jr","isPartOf":{"@id":"https:\/\/deputadotaveirajr.com.br\/#website"},"primaryImageOfPage":{"@id":"https:\/\/deputadotaveirajr.com.br\/index.php\/inmet-alerta-para-perigo-potencial-de-chuvas-intensas-em-124-cidades-do-rn\/#primaryimage"},"image":{"@id":"https:\/\/deputadotaveirajr.com.br\/index.php\/inmet-alerta-para-perigo-potencial-de-chuvas-intensas-em-124-cidades-do-rn\/#primaryimage"},"thumbnailUrl":"https:\/\/deputadotaveirajr.com.br\/wp-content\/uploads\/2024\/04\/inmet1-4MYilH.jpeg","datePublished":"2024-04-21T16:27:25+00:00","breadcrumb":{"@id":"https:\/\/deputadotaveirajr.com.br\/index.php\/inmet-alerta-para-perigo-potencial-de-chuvas-intensas-em-124-cidades-do-rn\/#breadcrumb"},"inLanguage":"pt-BR","potentialAction":[{"@type":"ReadAction","target":["https:\/\/deputadotaveirajr.com.br\/index.php\/inmet-alerta-para-perigo-potencial-de-chuvas-intensas-em-124-cidades-do-rn\/"]}]},{"@type":"ImageObject","inLanguage":"pt-BR","@id":"https:\/\/deputadotaveirajr.com.br\/index.php\/inmet-alerta-para-perigo-potencial-de-chuvas-intensas-em-124-cidades-do-rn\/#primaryimage","url":"https:\/\/deputadotaveirajr.com.br\/wp-content\/uploads\/2024\/04\/inmet1-4MYilH.jpeg","contentUrl":"https:\/\/deputadotaveirajr.com.br\/wp-content\/uploads\/2024\/04\/inmet1-4MYilH.jpeg","width":992,"height":693},{"@type":"BreadcrumbList","@id":"https:\/\/deputadotaveirajr.com.br\/index.php\/inmet-alerta-para-perigo-potencial-de-chuvas-intensas-em-124-cidades-do-rn\/#breadcrumb","itemListElement":[{"@type":"ListItem","position":1,"name":"In\u00edcio","item":"https:\/\/deputadotaveirajr.com.br\/"},{"@type":"ListItem","position":2,"name":"Inmet alerta para perigo potencial de chuvas intensas em 124 cidades do RN"}]},{"@type":"WebSite","@id":"https:\/\/deputadotaveirajr.com.br\/#website","url":"https:\/\/deputadotaveirajr.com.br\/","name":"Taveira Jr","description":"Deputado Estadual","publisher":{"@id":"https:\/\/deputadotaveirajr.com.br\/#organization"},"potentialAction":[{"@type":"SearchAction","target":{"@type":"EntryPoint","urlTemplate":"https:\/\/deputadotaveirajr.com.br\/?s={search_term_string}"},"query-input":{"@type":"PropertyValueSpecification","valueRequired":true,"valueName":"search_term_string"}}],"inLanguage":"pt-BR"},{"@type":"Organization","@id":"https:\/\/deputadotaveirajr.com.br\/#organization","name":"Taveira Jr","url":"https:\/\/deputadotaveirajr.com.br\/","logo":{"@type":"ImageObject","inLanguage":"pt-BR","@id":"https:\/\/deputadotaveirajr.com.br\/#\/schema\/logo\/image\/","url":"https:\/\/deputadotaveirajr.com.br\/wp-content\/uploads\/2026\/01\/logolow2a.png","contentUrl":"https:\/\/deputadotaveirajr.com.br\/wp-content\/uploads\/2026\/01\/logolow2a.png","width":290,"height":80,"caption":"Taveira Jr"},"image":{"@id":"https:\/\/deputadotaveirajr.com.br\/#\/schema\/logo\/image\/"}}]}},"_links":{"self":[{"href":"https:\/\/deputadotaveirajr.com.br\/index.php\/wp-json\/wp\/v2\/pages\/5693","targetHints":{"allow":["GET"]}}],"collection":[{"href":"https:\/\/deputadotaveirajr.com.br\/index.php\/wp-json\/wp\/v2\/pages"}],"about":[{"href":"https:\/\/deputadotaveirajr.com.br\/index.php\/wp-json\/wp\/v2\/types\/page"}],"replies":[{"embeddable":true,"href":"https:\/\/deputadotaveirajr.com.br\/index.php\/wp-json\/wp\/v2\/comments?post=5693"}],"version-history":[{"count":1,"href":"https:\/\/deputadotaveirajr.com.br\/index.php\/wp-json\/wp\/v2\/pages\/5693\/revisions"}],"predecessor-version":[{"id":5697,"href":"https:\/\/deputadotaveirajr.com.br\/index.php\/wp-json\/wp\/v2\/pages\/5693\/revisions\/5697"}],"wp:featuredmedia":[{"embeddable":true,"href":"https:\/\/deputadotaveirajr.com.br\/index.php\/wp-json\/wp\/v2\/media\/5694"}],"wp:attachment":[{"href":"https:\/\/deputadotaveirajr.com.br\/index.php\/wp-json\/wp\/v2\/media?parent=5693"}],"curies":[{"name":"wp","href":"https:\/\/api.w.org\/{rel}","templated":true}]}}