{"id":5713,"date":"2024-04-22T14:57:38","date_gmt":"2024-04-22T17:57:38","guid":{"rendered":"https:\/\/deputadotaveirajr.com.br\/?page_id=5713"},"modified":"2024-04-22T14:57:38","modified_gmt":"2024-04-22T17:57:38","slug":"pai-morre-afogado-apos-salvar-o-filho-em-rio-no-interior-do-rn","status":"publish","type":"page","link":"https:\/\/deputadotaveirajr.com.br\/index.php\/pai-morre-afogado-apos-salvar-o-filho-em-rio-no-interior-do-rn\/","title":{"rendered":"Pai morre afogado ap\u00f3s salvar o filho em rio no interior do RN"},"content":{"rendered":"<p>     Caso aconteceu na tarde deste domingo (21) em Pend\u00eancias, na regi\u00e3o Oeste potiguar. Ronaldo Campos de Menezes Neto, v\u00edtima de afogamento no interior do RN<br \/>\nRedes sociais<br \/>\nUm homem morreu afogado em um rio logo ap\u00f3s salvar o pr\u00f3prio filho de um afogamento. O caso aconteceu na tarde deste domingo (21) no Rio Piranhas, em Pend\u00eancias, na regi\u00e3o Oeste potiguar.<br \/>\nSegundo a Pol\u00edcia Militar, o caso aconteceu por volta das 12h. A v\u00edtima foi identificada como Ronaldo Campos de Menezes Neto, de 30 anos.<br \/>\nAinda segundo a pol\u00edcia, o homem estava com tr\u00eas filhos, tomando banho no rio, quando um deles come\u00e7ou a se afogar. Ronaldo conseguiu salvar o filho, mas como n\u00e3o sabia nadar, acabou desaparecendo na \u00e1gua.<br \/>\nO corpo dele foi encontrado cerca de duas horas depois e recolhido pelo Instituto T\u00e9cnico-Cient\u00edfico de Per\u00edcia (Itep).<br \/>\nRonaldo era natural da Para\u00edba e trabalhava em uma empresa de produ\u00e7\u00e3o de camar\u00e3o em Pend\u00eancias.<br \/>\nAfogamentos<br \/>\nSegundo o Corpo de Bombeiros do Rio Grande do Norte, 27 afogamentos foram registrados entre janeiro e mar\u00e7o deste ano no estado. O n\u00famero \u00e9 17% maior que o n\u00famero de ocorr\u00eancias no mesmo per\u00edodo de 2023. Cerca de 70% dos casos ocorreram em lagoas, rios, ou a\u00e7udes e barragens.<br \/>\nVeja os v\u00eddeos mais assistidos no g1 RN<\/p>","protected":false},"excerpt":{"rendered":"<p>Caso aconteceu na tarde deste domingo (21) em Pend\u00eancias, na regi\u00e3o Oeste potiguar. Ronaldo Campos de Menezes Neto, v\u00edtima de afogamento no interior do RN Redes sociais Um homem morreu &#8230;<\/p>\n","protected":false},"author":0,"featured_media":5714,"parent":0,"menu_order":0,"comment_status":"closed","ping_status":"closed","template":"","meta":{"footnotes":""},"class_list":["post-5713","page","type-page","status-publish","has-post-thumbnail","hentry"],"yoast_head":"<!-- This site is optimized with the Yoast SEO plugin v27.1.1 - https:\/\/yoast.com\/product\/yoast-seo-wordpress\/ -->\n<title>Pai morre afogado ap\u00f3s salvar o filho em rio no interior do RN - Taveira Jr<\/title>\n<meta name=\"robots\" content=\"index, follow, max-snippet:-1, max-image-preview:large, max-video-preview:-1\" \/>\n<link rel=\"canonical\" href=\"https:\/\/deputadotaveirajr.com.br\/index.php\/pai-morre-afogado-apos-salvar-o-filho-em-rio-no-interior-do-rn\/\" \/>\n<meta property=\"og:locale\" content=\"pt_BR\" \/>\n<meta property=\"og:type\" content=\"article\" \/>\n<meta property=\"og:title\" content=\"Pai morre afogado ap\u00f3s salvar o filho em rio no interior do RN - Taveira Jr\" \/>\n<meta property=\"og:description\" content=\"Caso aconteceu na tarde deste domingo (21) em Pend\u00eancias, na regi\u00e3o Oeste potiguar. Ronaldo Campos de Menezes Neto, v\u00edtima de afogamento no interior do RN Redes sociais Um homem morreu ...\" \/>\n<meta property=\"og:url\" content=\"https:\/\/deputadotaveirajr.com.br\/index.php\/pai-morre-afogado-apos-salvar-o-filho-em-rio-no-interior-do-rn\/\" \/>\n<meta property=\"og:site_name\" content=\"Taveira Jr\" \/>\n<meta property=\"og:image\" content=\"https:\/\/deputadotaveirajr.com.br\/wp-content\/uploads\/2024\/04\/vitima-afogamento-RjPE1B.jpeg\" \/>\n\t<meta property=\"og:image:width\" content=\"650\" \/>\n\t<meta property=\"og:image:height\" content=\"696\" \/>\n\t<meta property=\"og:image:type\" content=\"image\/jpeg\" \/>\n<meta name=\"twitter:card\" content=\"summary_large_image\" \/>\n<meta name=\"twitter:label1\" content=\"Est. tempo de leitura\" \/>\n\t<meta name=\"twitter:data1\" content=\"1 minuto\" \/>\n<script type=\"application\/ld+json\" class=\"yoast-schema-graph\">{\"@context\":\"https:\/\/schema.org\",\"@graph\":[{\"@type\":\"WebPage\",\"@id\":\"https:\/\/deputadotaveirajr.com.br\/index.php\/pai-morre-afogado-apos-salvar-o-filho-em-rio-no-interior-do-rn\/\",\"url\":\"https:\/\/deputadotaveirajr.com.br\/index.php\/pai-morre-afogado-apos-salvar-o-filho-em-rio-no-interior-do-rn\/\",\"name\":\"Pai morre afogado ap\u00f3s salvar o filho em rio no interior do RN - Taveira Jr\",\"isPartOf\":{\"@id\":\"https:\/\/deputadotaveirajr.com.br\/#website\"},\"primaryImageOfPage\":{\"@id\":\"https:\/\/deputadotaveirajr.com.br\/index.php\/pai-morre-afogado-apos-salvar-o-filho-em-rio-no-interior-do-rn\/#primaryimage\"},\"image\":{\"@id\":\"https:\/\/deputadotaveirajr.com.br\/index.php\/pai-morre-afogado-apos-salvar-o-filho-em-rio-no-interior-do-rn\/#primaryimage\"},\"thumbnailUrl\":\"https:\/\/deputadotaveirajr.com.br\/wp-content\/uploads\/2024\/04\/vitima-afogamento-RjPE1B.jpeg\",\"datePublished\":\"2024-04-22T17:57:38+00:00\",\"breadcrumb\":{\"@id\":\"https:\/\/deputadotaveirajr.com.br\/index.php\/pai-morre-afogado-apos-salvar-o-filho-em-rio-no-interior-do-rn\/#breadcrumb\"},\"inLanguage\":\"pt-BR\",\"potentialAction\":[{\"@type\":\"ReadAction\",\"target\":[\"https:\/\/deputadotaveirajr.com.br\/index.php\/pai-morre-afogado-apos-salvar-o-filho-em-rio-no-interior-do-rn\/\"]}]},{\"@type\":\"ImageObject\",\"inLanguage\":\"pt-BR\",\"@id\":\"https:\/\/deputadotaveirajr.com.br\/index.php\/pai-morre-afogado-apos-salvar-o-filho-em-rio-no-interior-do-rn\/#primaryimage\",\"url\":\"https:\/\/deputadotaveirajr.com.br\/wp-content\/uploads\/2024\/04\/vitima-afogamento-RjPE1B.jpeg\",\"contentUrl\":\"https:\/\/deputadotaveirajr.com.br\/wp-content\/uploads\/2024\/04\/vitima-afogamento-RjPE1B.jpeg\",\"width\":650,\"height\":696},{\"@type\":\"BreadcrumbList\",\"@id\":\"https:\/\/deputadotaveirajr.com.br\/index.php\/pai-morre-afogado-apos-salvar-o-filho-em-rio-no-interior-do-rn\/#breadcrumb\",\"itemListElement\":[{\"@type\":\"ListItem\",\"position\":1,\"name\":\"In\u00edcio\",\"item\":\"https:\/\/deputadotaveirajr.com.br\/\"},{\"@type\":\"ListItem\",\"position\":2,\"name\":\"Pai morre afogado ap\u00f3s salvar o filho em rio no interior do RN\"}]},{\"@type\":\"WebSite\",\"@id\":\"https:\/\/deputadotaveirajr.com.br\/#website\",\"url\":\"https:\/\/deputadotaveirajr.com.br\/\",\"name\":\"Taveira Jr\",\"description\":\"Deputado Estadual\",\"publisher\":{\"@id\":\"https:\/\/deputadotaveirajr.com.br\/#organization\"},\"potentialAction\":[{\"@type\":\"SearchAction\",\"target\":{\"@type\":\"EntryPoint\",\"urlTemplate\":\"https:\/\/deputadotaveirajr.com.br\/?s={search_term_string}\"},\"query-input\":{\"@type\":\"PropertyValueSpecification\",\"valueRequired\":true,\"valueName\":\"search_term_string\"}}],\"inLanguage\":\"pt-BR\"},{\"@type\":\"Organization\",\"@id\":\"https:\/\/deputadotaveirajr.com.br\/#organization\",\"name\":\"Taveira Jr\",\"url\":\"https:\/\/deputadotaveirajr.com.br\/\",\"logo\":{\"@type\":\"ImageObject\",\"inLanguage\":\"pt-BR\",\"@id\":\"https:\/\/deputadotaveirajr.com.br\/#\/schema\/logo\/image\/\",\"url\":\"https:\/\/deputadotaveirajr.com.br\/wp-content\/uploads\/2026\/01\/logolow2a.png\",\"contentUrl\":\"https:\/\/deputadotaveirajr.com.br\/wp-content\/uploads\/2026\/01\/logolow2a.png\",\"width\":290,\"height\":80,\"caption\":\"Taveira Jr\"},\"image\":{\"@id\":\"https:\/\/deputadotaveirajr.com.br\/#\/schema\/logo\/image\/\"}}]}<\/script>\n<!-- \/ Yoast SEO plugin. -->","yoast_head_json":{"title":"Pai morre afogado ap\u00f3s salvar o filho em rio no interior do RN - Taveira Jr","robots":{"index":"index","follow":"follow","max-snippet":"max-snippet:-1","max-image-preview":"max-image-preview:large","max-video-preview":"max-video-preview:-1"},"canonical":"https:\/\/deputadotaveirajr.com.br\/index.php\/pai-morre-afogado-apos-salvar-o-filho-em-rio-no-interior-do-rn\/","og_locale":"pt_BR","og_type":"article","og_title":"Pai morre afogado ap\u00f3s salvar o filho em rio no interior do RN - Taveira Jr","og_description":"Caso aconteceu na tarde deste domingo (21) em Pend\u00eancias, na regi\u00e3o Oeste potiguar. Ronaldo Campos de Menezes Neto, v\u00edtima de afogamento no interior do RN Redes sociais Um homem morreu ...","og_url":"https:\/\/deputadotaveirajr.com.br\/index.php\/pai-morre-afogado-apos-salvar-o-filho-em-rio-no-interior-do-rn\/","og_site_name":"Taveira Jr","og_image":[{"width":650,"height":696,"url":"https:\/\/deputadotaveirajr.com.br\/wp-content\/uploads\/2024\/04\/vitima-afogamento-RjPE1B.jpeg","type":"image\/jpeg"}],"twitter_card":"summary_large_image","twitter_misc":{"Est. tempo de leitura":"1 minuto"},"schema":{"@context":"https:\/\/schema.org","@graph":[{"@type":"WebPage","@id":"https:\/\/deputadotaveirajr.com.br\/index.php\/pai-morre-afogado-apos-salvar-o-filho-em-rio-no-interior-do-rn\/","url":"https:\/\/deputadotaveirajr.com.br\/index.php\/pai-morre-afogado-apos-salvar-o-filho-em-rio-no-interior-do-rn\/","name":"Pai morre afogado ap\u00f3s salvar o filho em rio no interior do RN - Taveira Jr","isPartOf":{"@id":"https:\/\/deputadotaveirajr.com.br\/#website"},"primaryImageOfPage":{"@id":"https:\/\/deputadotaveirajr.com.br\/index.php\/pai-morre-afogado-apos-salvar-o-filho-em-rio-no-interior-do-rn\/#primaryimage"},"image":{"@id":"https:\/\/deputadotaveirajr.com.br\/index.php\/pai-morre-afogado-apos-salvar-o-filho-em-rio-no-interior-do-rn\/#primaryimage"},"thumbnailUrl":"https:\/\/deputadotaveirajr.com.br\/wp-content\/uploads\/2024\/04\/vitima-afogamento-RjPE1B.jpeg","datePublished":"2024-04-22T17:57:38+00:00","breadcrumb":{"@id":"https:\/\/deputadotaveirajr.com.br\/index.php\/pai-morre-afogado-apos-salvar-o-filho-em-rio-no-interior-do-rn\/#breadcrumb"},"inLanguage":"pt-BR","potentialAction":[{"@type":"ReadAction","target":["https:\/\/deputadotaveirajr.com.br\/index.php\/pai-morre-afogado-apos-salvar-o-filho-em-rio-no-interior-do-rn\/"]}]},{"@type":"ImageObject","inLanguage":"pt-BR","@id":"https:\/\/deputadotaveirajr.com.br\/index.php\/pai-morre-afogado-apos-salvar-o-filho-em-rio-no-interior-do-rn\/#primaryimage","url":"https:\/\/deputadotaveirajr.com.br\/wp-content\/uploads\/2024\/04\/vitima-afogamento-RjPE1B.jpeg","contentUrl":"https:\/\/deputadotaveirajr.com.br\/wp-content\/uploads\/2024\/04\/vitima-afogamento-RjPE1B.jpeg","width":650,"height":696},{"@type":"BreadcrumbList","@id":"https:\/\/deputadotaveirajr.com.br\/index.php\/pai-morre-afogado-apos-salvar-o-filho-em-rio-no-interior-do-rn\/#breadcrumb","itemListElement":[{"@type":"ListItem","position":1,"name":"In\u00edcio","item":"https:\/\/deputadotaveirajr.com.br\/"},{"@type":"ListItem","position":2,"name":"Pai morre afogado ap\u00f3s salvar o filho em rio no interior do RN"}]},{"@type":"WebSite","@id":"https:\/\/deputadotaveirajr.com.br\/#website","url":"https:\/\/deputadotaveirajr.com.br\/","name":"Taveira Jr","description":"Deputado Estadual","publisher":{"@id":"https:\/\/deputadotaveirajr.com.br\/#organization"},"potentialAction":[{"@type":"SearchAction","target":{"@type":"EntryPoint","urlTemplate":"https:\/\/deputadotaveirajr.com.br\/?s={search_term_string}"},"query-input":{"@type":"PropertyValueSpecification","valueRequired":true,"valueName":"search_term_string"}}],"inLanguage":"pt-BR"},{"@type":"Organization","@id":"https:\/\/deputadotaveirajr.com.br\/#organization","name":"Taveira Jr","url":"https:\/\/deputadotaveirajr.com.br\/","logo":{"@type":"ImageObject","inLanguage":"pt-BR","@id":"https:\/\/deputadotaveirajr.com.br\/#\/schema\/logo\/image\/","url":"https:\/\/deputadotaveirajr.com.br\/wp-content\/uploads\/2026\/01\/logolow2a.png","contentUrl":"https:\/\/deputadotaveirajr.com.br\/wp-content\/uploads\/2026\/01\/logolow2a.png","width":290,"height":80,"caption":"Taveira Jr"},"image":{"@id":"https:\/\/deputadotaveirajr.com.br\/#\/schema\/logo\/image\/"}}]}},"_links":{"self":[{"href":"https:\/\/deputadotaveirajr.com.br\/index.php\/wp-json\/wp\/v2\/pages\/5713","targetHints":{"allow":["GET"]}}],"collection":[{"href":"https:\/\/deputadotaveirajr.com.br\/index.php\/wp-json\/wp\/v2\/pages"}],"about":[{"href":"https:\/\/deputadotaveirajr.com.br\/index.php\/wp-json\/wp\/v2\/types\/page"}],"replies":[{"embeddable":true,"href":"https:\/\/deputadotaveirajr.com.br\/index.php\/wp-json\/wp\/v2\/comments?post=5713"}],"version-history":[{"count":1,"href":"https:\/\/deputadotaveirajr.com.br\/index.php\/wp-json\/wp\/v2\/pages\/5713\/revisions"}],"predecessor-version":[{"id":5717,"href":"https:\/\/deputadotaveirajr.com.br\/index.php\/wp-json\/wp\/v2\/pages\/5713\/revisions\/5717"}],"wp:featuredmedia":[{"embeddable":true,"href":"https:\/\/deputadotaveirajr.com.br\/index.php\/wp-json\/wp\/v2\/media\/5714"}],"wp:attachment":[{"href":"https:\/\/deputadotaveirajr.com.br\/index.php\/wp-json\/wp\/v2\/media?parent=5713"}],"curies":[{"name":"wp","href":"https:\/\/api.w.org\/{rel}","templated":true}]}}