{"id":5721,"date":"2024-04-22T17:37:16","date_gmt":"2024-04-22T20:37:16","guid":{"rendered":"https:\/\/deputadotaveirajr.com.br\/?page_id=5721"},"modified":"2024-04-22T17:37:16","modified_gmt":"2024-04-22T20:37:16","slug":"inmet-alerta-para-chuvas-intensas-em-todas-as-cidades-do-rn","status":"publish","type":"page","link":"https:\/\/deputadotaveirajr.com.br\/index.php\/inmet-alerta-para-chuvas-intensas-em-todas-as-cidades-do-rn\/","title":{"rendered":"Inmet alerta para chuvas intensas em todas as cidades do RN"},"content":{"rendered":"<p>     Alerta \u00e9 da cor amarela, de perigo potencial, que estima chuvas de at\u00e9 50 mm por dia. Inmet alerta tamb\u00e9m para possibilidade de ventos entre 40 e 60 km\/h. Chuvas atingem todas as cidades do RN, segundo alerta do Inmet<br \/>\nDivulga\u00e7\u00e3o\/Inmet<br \/>\nO Instituto Nacional de Meteorologia (Inmet) emitiu um alerta de chuvas intensas para todas as 167 cidades do Rio Grande do Norte. O aviso do instituto \u00e9 v\u00e1lido at\u00e9 10h desta ter\u00e7a-feira (23).<br \/>\nO alerta \u00e9 da cor amarela (perigo potencial), o n\u00edvel mais baixo no grau de severidade do \u00f3rg\u00e3o.  (Entenda abaixo os n\u00edveis).<br \/>\nGrau de severidade<br \/>\n\ud83d\udcf3Participe do canal do g1 RN no WhatsApp e receba no seu celular as not\u00edcias do estado<br \/>\n\ud83d\udfe1 No alerta amarelo, h\u00e1 previs\u00e3o de chuvas entre 20 e 30 mm\/h, chegando a atingir at\u00e9 50 mm por dia. O alerta ainda prev\u00ea ventos intensos entre 40 e 60 km\/h. Segundo o Inmet, h\u00e1 baixo risco de corte de energia el\u00e9trica, queda de galhos de \u00e1rvores, alagamentos e de descargas el\u00e9tricas.<br \/>\nRecomenda\u00e7\u00f5es<br \/>\nEm caso de chuva intensa e rajadas de vento, \u00e9 recomendado pelo \u00f3rg\u00e3o:<br \/>\nn\u00e3o se abrigar debaixo de \u00e1rvores;<br \/>\nn\u00e3o estacionar ve\u00edculos pr\u00f3ximos a torres de transmiss\u00e3o e placas de propaganda;<br \/>\nevitar usar aparelhos ligados \u00e0 tomada;<br \/>\nem caso de necessidade, acionar Defesa Civil (telefone 199) e Corpo de Bombeiros (telefone 193).<br \/>\nV\u00eddeos mais assistidos do g1 RN<\/p>","protected":false},"excerpt":{"rendered":"<p>Alerta \u00e9 da cor amarela, de perigo potencial, que estima chuvas de at\u00e9 50 mm por dia. Inmet alerta tamb\u00e9m para possibilidade de ventos entre 40 e 60 km\/h. Chuvas &#8230;<\/p>\n","protected":false},"author":0,"featured_media":5722,"parent":0,"menu_order":0,"comment_status":"closed","ping_status":"closed","template":"","meta":{"footnotes":""},"class_list":["post-5721","page","type-page","status-publish","has-post-thumbnail","hentry"],"yoast_head":"<!-- This site is optimized with the Yoast SEO plugin v27.1.1 - https:\/\/yoast.com\/product\/yoast-seo-wordpress\/ -->\n<title>Inmet alerta para chuvas intensas em todas as cidades do RN - Taveira Jr<\/title>\n<meta name=\"robots\" content=\"index, follow, max-snippet:-1, max-image-preview:large, max-video-preview:-1\" \/>\n<link rel=\"canonical\" href=\"https:\/\/deputadotaveirajr.com.br\/index.php\/inmet-alerta-para-chuvas-intensas-em-todas-as-cidades-do-rn\/\" \/>\n<meta property=\"og:locale\" content=\"pt_BR\" \/>\n<meta property=\"og:type\" content=\"article\" \/>\n<meta property=\"og:title\" content=\"Inmet alerta para chuvas intensas em todas as cidades do RN - Taveira Jr\" \/>\n<meta property=\"og:description\" content=\"Alerta \u00e9 da cor amarela, de perigo potencial, que estima chuvas de at\u00e9 50 mm por dia. Inmet alerta tamb\u00e9m para possibilidade de ventos entre 40 e 60 km\/h. Chuvas ...\" \/>\n<meta property=\"og:url\" content=\"https:\/\/deputadotaveirajr.com.br\/index.php\/inmet-alerta-para-chuvas-intensas-em-todas-as-cidades-do-rn\/\" \/>\n<meta property=\"og:site_name\" content=\"Taveira Jr\" \/>\n<meta property=\"og:image\" content=\"https:\/\/deputadotaveirajr.com.br\/wp-content\/uploads\/2024\/04\/mapa-whl8PZ.jpeg\" \/>\n\t<meta property=\"og:image:width\" content=\"577\" \/>\n\t<meta property=\"og:image:height\" content=\"562\" \/>\n\t<meta property=\"og:image:type\" content=\"image\/jpeg\" \/>\n<meta name=\"twitter:card\" content=\"summary_large_image\" \/>\n<meta name=\"twitter:label1\" content=\"Est. tempo de leitura\" \/>\n\t<meta name=\"twitter:data1\" content=\"1 minuto\" \/>\n<script type=\"application\/ld+json\" class=\"yoast-schema-graph\">{\"@context\":\"https:\/\/schema.org\",\"@graph\":[{\"@type\":\"WebPage\",\"@id\":\"https:\/\/deputadotaveirajr.com.br\/index.php\/inmet-alerta-para-chuvas-intensas-em-todas-as-cidades-do-rn\/\",\"url\":\"https:\/\/deputadotaveirajr.com.br\/index.php\/inmet-alerta-para-chuvas-intensas-em-todas-as-cidades-do-rn\/\",\"name\":\"Inmet alerta para chuvas intensas em todas as cidades do RN - Taveira Jr\",\"isPartOf\":{\"@id\":\"https:\/\/deputadotaveirajr.com.br\/#website\"},\"primaryImageOfPage\":{\"@id\":\"https:\/\/deputadotaveirajr.com.br\/index.php\/inmet-alerta-para-chuvas-intensas-em-todas-as-cidades-do-rn\/#primaryimage\"},\"image\":{\"@id\":\"https:\/\/deputadotaveirajr.com.br\/index.php\/inmet-alerta-para-chuvas-intensas-em-todas-as-cidades-do-rn\/#primaryimage\"},\"thumbnailUrl\":\"https:\/\/deputadotaveirajr.com.br\/wp-content\/uploads\/2024\/04\/mapa-whl8PZ.jpeg\",\"datePublished\":\"2024-04-22T20:37:16+00:00\",\"breadcrumb\":{\"@id\":\"https:\/\/deputadotaveirajr.com.br\/index.php\/inmet-alerta-para-chuvas-intensas-em-todas-as-cidades-do-rn\/#breadcrumb\"},\"inLanguage\":\"pt-BR\",\"potentialAction\":[{\"@type\":\"ReadAction\",\"target\":[\"https:\/\/deputadotaveirajr.com.br\/index.php\/inmet-alerta-para-chuvas-intensas-em-todas-as-cidades-do-rn\/\"]}]},{\"@type\":\"ImageObject\",\"inLanguage\":\"pt-BR\",\"@id\":\"https:\/\/deputadotaveirajr.com.br\/index.php\/inmet-alerta-para-chuvas-intensas-em-todas-as-cidades-do-rn\/#primaryimage\",\"url\":\"https:\/\/deputadotaveirajr.com.br\/wp-content\/uploads\/2024\/04\/mapa-whl8PZ.jpeg\",\"contentUrl\":\"https:\/\/deputadotaveirajr.com.br\/wp-content\/uploads\/2024\/04\/mapa-whl8PZ.jpeg\",\"width\":577,\"height\":562},{\"@type\":\"BreadcrumbList\",\"@id\":\"https:\/\/deputadotaveirajr.com.br\/index.php\/inmet-alerta-para-chuvas-intensas-em-todas-as-cidades-do-rn\/#breadcrumb\",\"itemListElement\":[{\"@type\":\"ListItem\",\"position\":1,\"name\":\"In\u00edcio\",\"item\":\"https:\/\/deputadotaveirajr.com.br\/\"},{\"@type\":\"ListItem\",\"position\":2,\"name\":\"Inmet alerta para chuvas intensas em todas as cidades do RN\"}]},{\"@type\":\"WebSite\",\"@id\":\"https:\/\/deputadotaveirajr.com.br\/#website\",\"url\":\"https:\/\/deputadotaveirajr.com.br\/\",\"name\":\"Taveira Jr\",\"description\":\"Deputado Estadual\",\"publisher\":{\"@id\":\"https:\/\/deputadotaveirajr.com.br\/#organization\"},\"potentialAction\":[{\"@type\":\"SearchAction\",\"target\":{\"@type\":\"EntryPoint\",\"urlTemplate\":\"https:\/\/deputadotaveirajr.com.br\/?s={search_term_string}\"},\"query-input\":{\"@type\":\"PropertyValueSpecification\",\"valueRequired\":true,\"valueName\":\"search_term_string\"}}],\"inLanguage\":\"pt-BR\"},{\"@type\":\"Organization\",\"@id\":\"https:\/\/deputadotaveirajr.com.br\/#organization\",\"name\":\"Taveira Jr\",\"url\":\"https:\/\/deputadotaveirajr.com.br\/\",\"logo\":{\"@type\":\"ImageObject\",\"inLanguage\":\"pt-BR\",\"@id\":\"https:\/\/deputadotaveirajr.com.br\/#\/schema\/logo\/image\/\",\"url\":\"https:\/\/deputadotaveirajr.com.br\/wp-content\/uploads\/2026\/01\/logolow2a.png\",\"contentUrl\":\"https:\/\/deputadotaveirajr.com.br\/wp-content\/uploads\/2026\/01\/logolow2a.png\",\"width\":290,\"height\":80,\"caption\":\"Taveira Jr\"},\"image\":{\"@id\":\"https:\/\/deputadotaveirajr.com.br\/#\/schema\/logo\/image\/\"}}]}<\/script>\n<!-- \/ Yoast SEO plugin. -->","yoast_head_json":{"title":"Inmet alerta para chuvas intensas em todas as cidades do RN - Taveira Jr","robots":{"index":"index","follow":"follow","max-snippet":"max-snippet:-1","max-image-preview":"max-image-preview:large","max-video-preview":"max-video-preview:-1"},"canonical":"https:\/\/deputadotaveirajr.com.br\/index.php\/inmet-alerta-para-chuvas-intensas-em-todas-as-cidades-do-rn\/","og_locale":"pt_BR","og_type":"article","og_title":"Inmet alerta para chuvas intensas em todas as cidades do RN - Taveira Jr","og_description":"Alerta \u00e9 da cor amarela, de perigo potencial, que estima chuvas de at\u00e9 50 mm por dia. Inmet alerta tamb\u00e9m para possibilidade de ventos entre 40 e 60 km\/h. Chuvas ...","og_url":"https:\/\/deputadotaveirajr.com.br\/index.php\/inmet-alerta-para-chuvas-intensas-em-todas-as-cidades-do-rn\/","og_site_name":"Taveira Jr","og_image":[{"width":577,"height":562,"url":"https:\/\/deputadotaveirajr.com.br\/wp-content\/uploads\/2024\/04\/mapa-whl8PZ.jpeg","type":"image\/jpeg"}],"twitter_card":"summary_large_image","twitter_misc":{"Est. tempo de leitura":"1 minuto"},"schema":{"@context":"https:\/\/schema.org","@graph":[{"@type":"WebPage","@id":"https:\/\/deputadotaveirajr.com.br\/index.php\/inmet-alerta-para-chuvas-intensas-em-todas-as-cidades-do-rn\/","url":"https:\/\/deputadotaveirajr.com.br\/index.php\/inmet-alerta-para-chuvas-intensas-em-todas-as-cidades-do-rn\/","name":"Inmet alerta para chuvas intensas em todas as cidades do RN - Taveira Jr","isPartOf":{"@id":"https:\/\/deputadotaveirajr.com.br\/#website"},"primaryImageOfPage":{"@id":"https:\/\/deputadotaveirajr.com.br\/index.php\/inmet-alerta-para-chuvas-intensas-em-todas-as-cidades-do-rn\/#primaryimage"},"image":{"@id":"https:\/\/deputadotaveirajr.com.br\/index.php\/inmet-alerta-para-chuvas-intensas-em-todas-as-cidades-do-rn\/#primaryimage"},"thumbnailUrl":"https:\/\/deputadotaveirajr.com.br\/wp-content\/uploads\/2024\/04\/mapa-whl8PZ.jpeg","datePublished":"2024-04-22T20:37:16+00:00","breadcrumb":{"@id":"https:\/\/deputadotaveirajr.com.br\/index.php\/inmet-alerta-para-chuvas-intensas-em-todas-as-cidades-do-rn\/#breadcrumb"},"inLanguage":"pt-BR","potentialAction":[{"@type":"ReadAction","target":["https:\/\/deputadotaveirajr.com.br\/index.php\/inmet-alerta-para-chuvas-intensas-em-todas-as-cidades-do-rn\/"]}]},{"@type":"ImageObject","inLanguage":"pt-BR","@id":"https:\/\/deputadotaveirajr.com.br\/index.php\/inmet-alerta-para-chuvas-intensas-em-todas-as-cidades-do-rn\/#primaryimage","url":"https:\/\/deputadotaveirajr.com.br\/wp-content\/uploads\/2024\/04\/mapa-whl8PZ.jpeg","contentUrl":"https:\/\/deputadotaveirajr.com.br\/wp-content\/uploads\/2024\/04\/mapa-whl8PZ.jpeg","width":577,"height":562},{"@type":"BreadcrumbList","@id":"https:\/\/deputadotaveirajr.com.br\/index.php\/inmet-alerta-para-chuvas-intensas-em-todas-as-cidades-do-rn\/#breadcrumb","itemListElement":[{"@type":"ListItem","position":1,"name":"In\u00edcio","item":"https:\/\/deputadotaveirajr.com.br\/"},{"@type":"ListItem","position":2,"name":"Inmet alerta para chuvas intensas em todas as cidades do RN"}]},{"@type":"WebSite","@id":"https:\/\/deputadotaveirajr.com.br\/#website","url":"https:\/\/deputadotaveirajr.com.br\/","name":"Taveira Jr","description":"Deputado Estadual","publisher":{"@id":"https:\/\/deputadotaveirajr.com.br\/#organization"},"potentialAction":[{"@type":"SearchAction","target":{"@type":"EntryPoint","urlTemplate":"https:\/\/deputadotaveirajr.com.br\/?s={search_term_string}"},"query-input":{"@type":"PropertyValueSpecification","valueRequired":true,"valueName":"search_term_string"}}],"inLanguage":"pt-BR"},{"@type":"Organization","@id":"https:\/\/deputadotaveirajr.com.br\/#organization","name":"Taveira Jr","url":"https:\/\/deputadotaveirajr.com.br\/","logo":{"@type":"ImageObject","inLanguage":"pt-BR","@id":"https:\/\/deputadotaveirajr.com.br\/#\/schema\/logo\/image\/","url":"https:\/\/deputadotaveirajr.com.br\/wp-content\/uploads\/2026\/01\/logolow2a.png","contentUrl":"https:\/\/deputadotaveirajr.com.br\/wp-content\/uploads\/2026\/01\/logolow2a.png","width":290,"height":80,"caption":"Taveira Jr"},"image":{"@id":"https:\/\/deputadotaveirajr.com.br\/#\/schema\/logo\/image\/"}}]}},"_links":{"self":[{"href":"https:\/\/deputadotaveirajr.com.br\/index.php\/wp-json\/wp\/v2\/pages\/5721","targetHints":{"allow":["GET"]}}],"collection":[{"href":"https:\/\/deputadotaveirajr.com.br\/index.php\/wp-json\/wp\/v2\/pages"}],"about":[{"href":"https:\/\/deputadotaveirajr.com.br\/index.php\/wp-json\/wp\/v2\/types\/page"}],"replies":[{"embeddable":true,"href":"https:\/\/deputadotaveirajr.com.br\/index.php\/wp-json\/wp\/v2\/comments?post=5721"}],"version-history":[{"count":1,"href":"https:\/\/deputadotaveirajr.com.br\/index.php\/wp-json\/wp\/v2\/pages\/5721\/revisions"}],"predecessor-version":[{"id":5723,"href":"https:\/\/deputadotaveirajr.com.br\/index.php\/wp-json\/wp\/v2\/pages\/5721\/revisions\/5723"}],"wp:featuredmedia":[{"embeddable":true,"href":"https:\/\/deputadotaveirajr.com.br\/index.php\/wp-json\/wp\/v2\/media\/5722"}],"wp:attachment":[{"href":"https:\/\/deputadotaveirajr.com.br\/index.php\/wp-json\/wp\/v2\/media?parent=5721"}],"curies":[{"name":"wp","href":"https:\/\/api.w.org\/{rel}","templated":true}]}}