{"id":5742,"date":"2024-04-23T22:45:20","date_gmt":"2024-04-24T01:45:20","guid":{"rendered":"https:\/\/deputadotaveirajr.com.br\/?page_id=5742"},"modified":"2024-04-23T22:45:20","modified_gmt":"2024-04-24T01:45:20","slug":"paralisacao-da-policia-civil-familia-nao-consegue-registrar-bo-e-corpo-de-idoso-fica-24-horas-preso-em-hospital-em-natal","status":"publish","type":"page","link":"https:\/\/deputadotaveirajr.com.br\/index.php\/paralisacao-da-policia-civil-familia-nao-consegue-registrar-bo-e-corpo-de-idoso-fica-24-horas-preso-em-hospital-em-natal\/","title":{"rendered":"Paralisa\u00e7\u00e3o da Pol\u00edcia Civil: Fam\u00edlia n\u00e3o consegue registrar BO e corpo de idoso fica 24 horas &#8216;preso&#8217; em hospital em Natal"},"content":{"rendered":"<p>     Documento \u00e9 necess\u00e1rio para que corpo passe por exame no Instituto T\u00e9cnico-Cient\u00edfico de Per\u00edcia (Itep), j\u00e1 que interna\u00e7\u00e3o aconteceu ap\u00f3s uma queda. Entrada do Pronto-Socorro Cl\u00f3vis Sarinho, no Hospital Walfredo Gurgel, em Natal.<br \/>\nFrancielly Medeiros\/Inter TV Cabugi<br \/>\nUma fam\u00edlia n\u00e3o conseguiu liberar o corpo de um idoso do Hospital Monsenhor Walfredo Gurgel, em Natal, mesmo 24 horas ap\u00f3s a morte dele. O motivo: n\u00e3o ter conseguido registrar um Boletim de Ocorr\u00eancia (BO) devido \u00e0 paralisa\u00e7\u00e3o da Pol\u00edcia Civil em todo o estado nesta ter\u00e7a-feira (23).<br \/>\nO boletim foi solicitado, segundo a fam\u00edlia, porque Maxuel de Lima Cortez, de 63 anos, morreu ap\u00f3s ser internado por conta de uma queda, que resultou na fratura do f\u00eamur, o que torna o documento necess\u00e1rio para que seja autorizado exame e consequente laudo do Instituto T\u00e9cnico-Cient\u00edfico de Per\u00edcia (Itep).<br \/>\n\ud83d\udcf3Participe do canal do g1 RN no WhatsApp<br \/>\nA fam\u00edlia contou que o idoso morreu por volta das 19h30 de segunda-feira (22). Desde ent\u00e3o, eles foram a quatro delegacias, sendo duas em Natal e duas em S\u00e3o Jos\u00e9 de Mipibu, na Regi\u00e3o Metropolitana, mas n\u00e3o conseguiram registrar o caso.<br \/>\nOs policiais civis paralisaram as atividades na manh\u00e3 desta ter\u00e7a-feira (23), e nenhuma delegacia do estado abriu para atendimento ao p\u00fablico tanto pela manh\u00e3 quanto pela tarde. Os registros on-line tamb\u00e9m foram afetados, j\u00e1 que n\u00e3o havia policiais civis para homologa\u00e7\u00e3o dos boletins.<br \/>\nDelegacia de plant\u00e3o em Natal fechada durante o dia<br \/>\nVin\u00edcius Marinho\/Inter TV Cabugi<br \/>\nA sobrinha de Maxuel, a recepcionista Ivanyelle de Lima, explicou que a fam\u00edlia recebeu a recomenda\u00e7\u00e3o do hospital de que era necess\u00e1rio o boletim de ocorr\u00eancia para a libera\u00e7\u00e3o do corpo para o Itep. Eles receberam da unidade de sa\u00fade uma solicita\u00e7\u00e3o do exame cadav\u00e9rico.<br \/>\n&#8220;Fomos encaminhados para fazer um BO para o corpo do meu tio ser liberado, mas com a greve dos policiais at\u00e9 o momento n\u00e3o estamos conseguindo. J\u00e1 rodamos algumas delegacias em S\u00e3o Jos\u00e9 de Mipibu, aqui em Natal, e at\u00e9 o momento n\u00e3o tivemos um retorno&#8221;, disse.<br \/>\nConseque\u0302ncias da greve da Poli\u0301cia Civil no RN<br \/>\nLEIA TAMB\u00c9M:<br \/>\nNA JUSTI\u00c7A: MP pede fim da paralisa\u00e7\u00e3o e cobra nomea\u00e7\u00e3o de aprovados em concurso<br \/>\nA fam\u00edlia procurou na noite desta ter\u00e7a-feira (23) a Central de Flagrantes de Natal, que foi reaberta no turno da noite ap\u00f3s passar o dia fechada por conta da mobiliza\u00e7\u00e3o dos policiais.  At\u00e9 a atualiza\u00e7\u00e3o mais recente desta mat\u00e9ria, a fam\u00edlia aguardava para conseguir realizar o BO, e o corpo n\u00e3o havia sido liberado.<br \/>\nMaxuel fraturou o femur na quarta-feira passada, quando foi para a UPA de S\u00e3o Jos\u00e9 de Mipibu, cidade onde morava, e em seguida foi transferido para o Hospital Monsenhor Walfredo Gurgel.<br \/>\n&#8220;A gente est\u00e1 passando por um momento de luto e ainda ter que, desde ontem [ter\u00e7a], correr atr\u00e1s, pra ter uma resolu\u00e7\u00e3o. \u00c9 uma impot\u00eancia. A gente vai para um lado e para o outro e n\u00e3o consegue resolver&#8221;, lamentou Ivanyelle.<br \/>\nSobrinha do idoso lamentou problema em momento de luto da fam\u00edlia<br \/>\nReprodu\u00e7\u00e3o\/Inter TV Cabugi<br \/>\nV\u00eddeos mais assistidos do g1 RN<\/p>","protected":false},"excerpt":{"rendered":"<p>Documento \u00e9 necess\u00e1rio para que corpo passe por exame no Instituto T\u00e9cnico-Cient\u00edfico de Per\u00edcia (Itep), j\u00e1 que interna\u00e7\u00e3o aconteceu ap\u00f3s uma queda. Entrada do Pronto-Socorro Cl\u00f3vis Sarinho, no Hospital Walfredo &#8230;<\/p>\n","protected":false},"author":0,"featured_media":5743,"parent":0,"menu_order":0,"comment_status":"closed","ping_status":"closed","template":"","meta":{"footnotes":""},"class_list":["post-5742","page","type-page","status-publish","has-post-thumbnail","hentry"],"yoast_head":"<!-- This site is optimized with the Yoast SEO plugin v27.1.1 - https:\/\/yoast.com\/product\/yoast-seo-wordpress\/ -->\n<title>Paralisa\u00e7\u00e3o da Pol\u00edcia Civil: Fam\u00edlia n\u00e3o consegue registrar BO e corpo de idoso fica 24 horas &#039;preso&#039; em hospital em Natal - Taveira Jr<\/title>\n<meta name=\"robots\" content=\"index, follow, max-snippet:-1, max-image-preview:large, max-video-preview:-1\" \/>\n<link rel=\"canonical\" href=\"https:\/\/deputadotaveirajr.com.br\/index.php\/paralisacao-da-policia-civil-familia-nao-consegue-registrar-bo-e-corpo-de-idoso-fica-24-horas-preso-em-hospital-em-natal\/\" \/>\n<meta property=\"og:locale\" content=\"pt_BR\" \/>\n<meta property=\"og:type\" content=\"article\" \/>\n<meta property=\"og:title\" content=\"Paralisa\u00e7\u00e3o da Pol\u00edcia Civil: Fam\u00edlia n\u00e3o consegue registrar BO e corpo de idoso fica 24 horas &#039;preso&#039; em hospital em Natal - Taveira Jr\" \/>\n<meta property=\"og:description\" content=\"Documento \u00e9 necess\u00e1rio para que corpo passe por exame no Instituto T\u00e9cnico-Cient\u00edfico de Per\u00edcia (Itep), j\u00e1 que interna\u00e7\u00e3o aconteceu ap\u00f3s uma queda. Entrada do Pronto-Socorro Cl\u00f3vis Sarinho, no Hospital Walfredo ...\" \/>\n<meta property=\"og:url\" content=\"https:\/\/deputadotaveirajr.com.br\/index.php\/paralisacao-da-policia-civil-familia-nao-consegue-registrar-bo-e-corpo-de-idoso-fica-24-horas-preso-em-hospital-em-natal\/\" \/>\n<meta property=\"og:site_name\" content=\"Taveira Jr\" \/>\n<meta property=\"og:image\" content=\"https:\/\/deputadotaveirajr.com.br\/wp-content\/uploads\/2024\/04\/whatsapp-image-2022-12-27-at-07.37.06-xfrUC3.jpeg\" \/>\n\t<meta property=\"og:image:width\" content=\"1600\" \/>\n\t<meta property=\"og:image:height\" content=\"900\" \/>\n\t<meta property=\"og:image:type\" content=\"image\/jpeg\" \/>\n<meta name=\"twitter:card\" content=\"summary_large_image\" \/>\n<meta name=\"twitter:label1\" content=\"Est. tempo de leitura\" \/>\n\t<meta name=\"twitter:data1\" content=\"3 minutos\" \/>\n<script type=\"application\/ld+json\" class=\"yoast-schema-graph\">{\"@context\":\"https:\/\/schema.org\",\"@graph\":[{\"@type\":\"WebPage\",\"@id\":\"https:\/\/deputadotaveirajr.com.br\/index.php\/paralisacao-da-policia-civil-familia-nao-consegue-registrar-bo-e-corpo-de-idoso-fica-24-horas-preso-em-hospital-em-natal\/\",\"url\":\"https:\/\/deputadotaveirajr.com.br\/index.php\/paralisacao-da-policia-civil-familia-nao-consegue-registrar-bo-e-corpo-de-idoso-fica-24-horas-preso-em-hospital-em-natal\/\",\"name\":\"Paralisa\u00e7\u00e3o da Pol\u00edcia Civil: Fam\u00edlia n\u00e3o consegue registrar BO e corpo de idoso fica 24 horas 'preso' em hospital em Natal - Taveira Jr\",\"isPartOf\":{\"@id\":\"https:\/\/deputadotaveirajr.com.br\/#website\"},\"primaryImageOfPage\":{\"@id\":\"https:\/\/deputadotaveirajr.com.br\/index.php\/paralisacao-da-policia-civil-familia-nao-consegue-registrar-bo-e-corpo-de-idoso-fica-24-horas-preso-em-hospital-em-natal\/#primaryimage\"},\"image\":{\"@id\":\"https:\/\/deputadotaveirajr.com.br\/index.php\/paralisacao-da-policia-civil-familia-nao-consegue-registrar-bo-e-corpo-de-idoso-fica-24-horas-preso-em-hospital-em-natal\/#primaryimage\"},\"thumbnailUrl\":\"https:\/\/deputadotaveirajr.com.br\/wp-content\/uploads\/2024\/04\/whatsapp-image-2022-12-27-at-07.37.06-xfrUC3.jpeg\",\"datePublished\":\"2024-04-24T01:45:20+00:00\",\"breadcrumb\":{\"@id\":\"https:\/\/deputadotaveirajr.com.br\/index.php\/paralisacao-da-policia-civil-familia-nao-consegue-registrar-bo-e-corpo-de-idoso-fica-24-horas-preso-em-hospital-em-natal\/#breadcrumb\"},\"inLanguage\":\"pt-BR\",\"potentialAction\":[{\"@type\":\"ReadAction\",\"target\":[\"https:\/\/deputadotaveirajr.com.br\/index.php\/paralisacao-da-policia-civil-familia-nao-consegue-registrar-bo-e-corpo-de-idoso-fica-24-horas-preso-em-hospital-em-natal\/\"]}]},{\"@type\":\"ImageObject\",\"inLanguage\":\"pt-BR\",\"@id\":\"https:\/\/deputadotaveirajr.com.br\/index.php\/paralisacao-da-policia-civil-familia-nao-consegue-registrar-bo-e-corpo-de-idoso-fica-24-horas-preso-em-hospital-em-natal\/#primaryimage\",\"url\":\"https:\/\/deputadotaveirajr.com.br\/wp-content\/uploads\/2024\/04\/whatsapp-image-2022-12-27-at-07.37.06-xfrUC3.jpeg\",\"contentUrl\":\"https:\/\/deputadotaveirajr.com.br\/wp-content\/uploads\/2024\/04\/whatsapp-image-2022-12-27-at-07.37.06-xfrUC3.jpeg\",\"width\":1600,\"height\":900},{\"@type\":\"BreadcrumbList\",\"@id\":\"https:\/\/deputadotaveirajr.com.br\/index.php\/paralisacao-da-policia-civil-familia-nao-consegue-registrar-bo-e-corpo-de-idoso-fica-24-horas-preso-em-hospital-em-natal\/#breadcrumb\",\"itemListElement\":[{\"@type\":\"ListItem\",\"position\":1,\"name\":\"In\u00edcio\",\"item\":\"https:\/\/deputadotaveirajr.com.br\/\"},{\"@type\":\"ListItem\",\"position\":2,\"name\":\"Paralisa\u00e7\u00e3o da Pol\u00edcia Civil: Fam\u00edlia n\u00e3o consegue registrar BO e corpo de idoso fica 24 horas &#8216;preso&#8217; em hospital em Natal\"}]},{\"@type\":\"WebSite\",\"@id\":\"https:\/\/deputadotaveirajr.com.br\/#website\",\"url\":\"https:\/\/deputadotaveirajr.com.br\/\",\"name\":\"Taveira Jr\",\"description\":\"Deputado Estadual\",\"publisher\":{\"@id\":\"https:\/\/deputadotaveirajr.com.br\/#organization\"},\"potentialAction\":[{\"@type\":\"SearchAction\",\"target\":{\"@type\":\"EntryPoint\",\"urlTemplate\":\"https:\/\/deputadotaveirajr.com.br\/?s={search_term_string}\"},\"query-input\":{\"@type\":\"PropertyValueSpecification\",\"valueRequired\":true,\"valueName\":\"search_term_string\"}}],\"inLanguage\":\"pt-BR\"},{\"@type\":\"Organization\",\"@id\":\"https:\/\/deputadotaveirajr.com.br\/#organization\",\"name\":\"Taveira Jr\",\"url\":\"https:\/\/deputadotaveirajr.com.br\/\",\"logo\":{\"@type\":\"ImageObject\",\"inLanguage\":\"pt-BR\",\"@id\":\"https:\/\/deputadotaveirajr.com.br\/#\/schema\/logo\/image\/\",\"url\":\"https:\/\/deputadotaveirajr.com.br\/wp-content\/uploads\/2026\/01\/logolow2a.png\",\"contentUrl\":\"https:\/\/deputadotaveirajr.com.br\/wp-content\/uploads\/2026\/01\/logolow2a.png\",\"width\":290,\"height\":80,\"caption\":\"Taveira Jr\"},\"image\":{\"@id\":\"https:\/\/deputadotaveirajr.com.br\/#\/schema\/logo\/image\/\"}}]}<\/script>\n<!-- \/ Yoast SEO plugin. -->","yoast_head_json":{"title":"Paralisa\u00e7\u00e3o da Pol\u00edcia Civil: Fam\u00edlia n\u00e3o consegue registrar BO e corpo de idoso fica 24 horas 'preso' em hospital em Natal - Taveira Jr","robots":{"index":"index","follow":"follow","max-snippet":"max-snippet:-1","max-image-preview":"max-image-preview:large","max-video-preview":"max-video-preview:-1"},"canonical":"https:\/\/deputadotaveirajr.com.br\/index.php\/paralisacao-da-policia-civil-familia-nao-consegue-registrar-bo-e-corpo-de-idoso-fica-24-horas-preso-em-hospital-em-natal\/","og_locale":"pt_BR","og_type":"article","og_title":"Paralisa\u00e7\u00e3o da Pol\u00edcia Civil: Fam\u00edlia n\u00e3o consegue registrar BO e corpo de idoso fica 24 horas 'preso' em hospital em Natal - Taveira Jr","og_description":"Documento \u00e9 necess\u00e1rio para que corpo passe por exame no Instituto T\u00e9cnico-Cient\u00edfico de Per\u00edcia (Itep), j\u00e1 que interna\u00e7\u00e3o aconteceu ap\u00f3s uma queda. Entrada do Pronto-Socorro Cl\u00f3vis Sarinho, no Hospital Walfredo ...","og_url":"https:\/\/deputadotaveirajr.com.br\/index.php\/paralisacao-da-policia-civil-familia-nao-consegue-registrar-bo-e-corpo-de-idoso-fica-24-horas-preso-em-hospital-em-natal\/","og_site_name":"Taveira Jr","og_image":[{"width":1600,"height":900,"url":"https:\/\/deputadotaveirajr.com.br\/wp-content\/uploads\/2024\/04\/whatsapp-image-2022-12-27-at-07.37.06-xfrUC3.jpeg","type":"image\/jpeg"}],"twitter_card":"summary_large_image","twitter_misc":{"Est. tempo de leitura":"3 minutos"},"schema":{"@context":"https:\/\/schema.org","@graph":[{"@type":"WebPage","@id":"https:\/\/deputadotaveirajr.com.br\/index.php\/paralisacao-da-policia-civil-familia-nao-consegue-registrar-bo-e-corpo-de-idoso-fica-24-horas-preso-em-hospital-em-natal\/","url":"https:\/\/deputadotaveirajr.com.br\/index.php\/paralisacao-da-policia-civil-familia-nao-consegue-registrar-bo-e-corpo-de-idoso-fica-24-horas-preso-em-hospital-em-natal\/","name":"Paralisa\u00e7\u00e3o da Pol\u00edcia Civil: Fam\u00edlia n\u00e3o consegue registrar BO e corpo de idoso fica 24 horas 'preso' em hospital em Natal - Taveira Jr","isPartOf":{"@id":"https:\/\/deputadotaveirajr.com.br\/#website"},"primaryImageOfPage":{"@id":"https:\/\/deputadotaveirajr.com.br\/index.php\/paralisacao-da-policia-civil-familia-nao-consegue-registrar-bo-e-corpo-de-idoso-fica-24-horas-preso-em-hospital-em-natal\/#primaryimage"},"image":{"@id":"https:\/\/deputadotaveirajr.com.br\/index.php\/paralisacao-da-policia-civil-familia-nao-consegue-registrar-bo-e-corpo-de-idoso-fica-24-horas-preso-em-hospital-em-natal\/#primaryimage"},"thumbnailUrl":"https:\/\/deputadotaveirajr.com.br\/wp-content\/uploads\/2024\/04\/whatsapp-image-2022-12-27-at-07.37.06-xfrUC3.jpeg","datePublished":"2024-04-24T01:45:20+00:00","breadcrumb":{"@id":"https:\/\/deputadotaveirajr.com.br\/index.php\/paralisacao-da-policia-civil-familia-nao-consegue-registrar-bo-e-corpo-de-idoso-fica-24-horas-preso-em-hospital-em-natal\/#breadcrumb"},"inLanguage":"pt-BR","potentialAction":[{"@type":"ReadAction","target":["https:\/\/deputadotaveirajr.com.br\/index.php\/paralisacao-da-policia-civil-familia-nao-consegue-registrar-bo-e-corpo-de-idoso-fica-24-horas-preso-em-hospital-em-natal\/"]}]},{"@type":"ImageObject","inLanguage":"pt-BR","@id":"https:\/\/deputadotaveirajr.com.br\/index.php\/paralisacao-da-policia-civil-familia-nao-consegue-registrar-bo-e-corpo-de-idoso-fica-24-horas-preso-em-hospital-em-natal\/#primaryimage","url":"https:\/\/deputadotaveirajr.com.br\/wp-content\/uploads\/2024\/04\/whatsapp-image-2022-12-27-at-07.37.06-xfrUC3.jpeg","contentUrl":"https:\/\/deputadotaveirajr.com.br\/wp-content\/uploads\/2024\/04\/whatsapp-image-2022-12-27-at-07.37.06-xfrUC3.jpeg","width":1600,"height":900},{"@type":"BreadcrumbList","@id":"https:\/\/deputadotaveirajr.com.br\/index.php\/paralisacao-da-policia-civil-familia-nao-consegue-registrar-bo-e-corpo-de-idoso-fica-24-horas-preso-em-hospital-em-natal\/#breadcrumb","itemListElement":[{"@type":"ListItem","position":1,"name":"In\u00edcio","item":"https:\/\/deputadotaveirajr.com.br\/"},{"@type":"ListItem","position":2,"name":"Paralisa\u00e7\u00e3o da Pol\u00edcia Civil: Fam\u00edlia n\u00e3o consegue registrar BO e corpo de idoso fica 24 horas &#8216;preso&#8217; em hospital em Natal"}]},{"@type":"WebSite","@id":"https:\/\/deputadotaveirajr.com.br\/#website","url":"https:\/\/deputadotaveirajr.com.br\/","name":"Taveira Jr","description":"Deputado Estadual","publisher":{"@id":"https:\/\/deputadotaveirajr.com.br\/#organization"},"potentialAction":[{"@type":"SearchAction","target":{"@type":"EntryPoint","urlTemplate":"https:\/\/deputadotaveirajr.com.br\/?s={search_term_string}"},"query-input":{"@type":"PropertyValueSpecification","valueRequired":true,"valueName":"search_term_string"}}],"inLanguage":"pt-BR"},{"@type":"Organization","@id":"https:\/\/deputadotaveirajr.com.br\/#organization","name":"Taveira Jr","url":"https:\/\/deputadotaveirajr.com.br\/","logo":{"@type":"ImageObject","inLanguage":"pt-BR","@id":"https:\/\/deputadotaveirajr.com.br\/#\/schema\/logo\/image\/","url":"https:\/\/deputadotaveirajr.com.br\/wp-content\/uploads\/2026\/01\/logolow2a.png","contentUrl":"https:\/\/deputadotaveirajr.com.br\/wp-content\/uploads\/2026\/01\/logolow2a.png","width":290,"height":80,"caption":"Taveira Jr"},"image":{"@id":"https:\/\/deputadotaveirajr.com.br\/#\/schema\/logo\/image\/"}}]}},"_links":{"self":[{"href":"https:\/\/deputadotaveirajr.com.br\/index.php\/wp-json\/wp\/v2\/pages\/5742","targetHints":{"allow":["GET"]}}],"collection":[{"href":"https:\/\/deputadotaveirajr.com.br\/index.php\/wp-json\/wp\/v2\/pages"}],"about":[{"href":"https:\/\/deputadotaveirajr.com.br\/index.php\/wp-json\/wp\/v2\/types\/page"}],"replies":[{"embeddable":true,"href":"https:\/\/deputadotaveirajr.com.br\/index.php\/wp-json\/wp\/v2\/comments?post=5742"}],"version-history":[{"count":1,"href":"https:\/\/deputadotaveirajr.com.br\/index.php\/wp-json\/wp\/v2\/pages\/5742\/revisions"}],"predecessor-version":[{"id":5745,"href":"https:\/\/deputadotaveirajr.com.br\/index.php\/wp-json\/wp\/v2\/pages\/5742\/revisions\/5745"}],"wp:featuredmedia":[{"embeddable":true,"href":"https:\/\/deputadotaveirajr.com.br\/index.php\/wp-json\/wp\/v2\/media\/5743"}],"wp:attachment":[{"href":"https:\/\/deputadotaveirajr.com.br\/index.php\/wp-json\/wp\/v2\/media?parent=5742"}],"curies":[{"name":"wp","href":"https:\/\/api.w.org\/{rel}","templated":true}]}}