{"id":5763,"date":"2024-04-24T15:33:58","date_gmt":"2024-04-24T18:33:58","guid":{"rendered":"https:\/\/deputadotaveirajr.com.br\/?page_id=5763"},"modified":"2024-04-24T15:33:58","modified_gmt":"2024-04-24T18:33:58","slug":"motoristas-pagam-ate-r-30-para-usar-desvio-improvisado-em-fazenda-apos-rompimento-de-ponte-na-br-304-no-rn","status":"publish","type":"page","link":"https:\/\/deputadotaveirajr.com.br\/index.php\/motoristas-pagam-ate-r-30-para-usar-desvio-improvisado-em-fazenda-apos-rompimento-de-ponte-na-br-304-no-rn\/","title":{"rendered":"Motoristas pagam at\u00e9 R$ 30 para usar desvio improvisado em fazenda, ap\u00f3s rompimento de ponte na BR-304 no RN"},"content":{"rendered":"<p>     Trecho de 2,7 km foi aberto em propriedade privada localizada ao lado da rodovia federal, que est\u00e1 interditada desde 31 de mar\u00e7o.  Com BR-304 interditada, desvio \u00e9 aberto por dentro de fazendas em Lajes<br \/>\nUm desvio improvisado aberto dentro de fazendas de Lajes, na regi\u00e3o Central do Rio Grande do Norte, tem sido a alternativa usada por motoristas que utilizam a BR-304 desde esta segunda-feira (23).<br \/>\nUma ponte se rompeu no dia 31 de mar\u00e7o e, desde ent\u00e3o, a rodovia que liga as maiores cidades do estado &#8211; Natal e Mossor\u00f3 &#8211; est\u00e1 interditada.<br \/>\nPara acessar ao desvio, que tem 2,7 km, os motoristas precisam desembolsar R$ 20, no caso de carros de passeio, e R$ 30 no caso de caminhonetes. Carretas n\u00e3o podem passar pelo trecho. A via alternativa funciona no sistema pare e siga.<br \/>\nCarros atravessam desvio improvisado dentro de fazendas no interior do RN<br \/>\nReprodu\u00e7\u00e3o<br \/>\nSegundo o empres\u00e1rio Armando Filho, a ideia do desvio surgiu logo ap\u00f3s o desmoronamento na ponte. Ele conta que a fazenda de pecu\u00e1ria pertence \u00e0 fam\u00edlia h\u00e1 mais de 50 anos tamb\u00e9m perdeu alguns animais na cheia do Rio Ponta da Serra, que causou o rompimento da via.<br \/>\nNo entanto, a estrada alternativa s\u00f3 foi constru\u00edda ap\u00f3s di\u00e1logos com empres\u00e1rios da regi\u00e3o. De acordo com ele, a medida tamb\u00e9m dependia de acordo com o propriet\u00e1rio de uma fazenda vizinha.<br \/>\nArmando afirmou que cerca de 200 ve\u00edculos usaram o desvio no primeiro dia de funcionamento. O hor\u00e1rio \u00e9 limitado, das 5h \u00e0s 17h.<br \/>\nDe acordo com o empres\u00e1rio, a taxa cobrada visa cobrir os custos com a constru\u00e7\u00e3o do desvio. Viaturas oficiais e ambul\u00e2ncias n\u00e3o pagam pelo servi\u00e7o.<br \/>\n&#8220;Tem gente que acha barato, pela economia de tempo, de combust\u00edvel. A gente contratou trator, retroescavadeira, caminh\u00f5es-ca\u00e7amba, gastamos uns R$ 30 mil, e tem uma m\u00e1quina de dia e de noite dando atendimento&#8221;, explicou.<br \/>\nDesvio improvisado dentro de fazenda de Lajes passa por rio<br \/>\nReprodu\u00e7\u00e3o<br \/>\nAinda segundo o respons\u00e1vel pela fazenda, alguns dos usu\u00e1rios chegaram a se emocionar, ao passsar pelo local.<br \/>\n&#8220;Algumas pessoa choram. Dizem que foi Deus que tocou no cora\u00e7\u00e3o da gente&#8221;, disse.<br \/>\nDesvio oficial ainda n\u00e3o foi conclu\u00eddo<br \/>\nDesde o desmoronamento da ponte, o Departamento Nacional de Infraestrutura de Tr\u00e2nsito (Dnit) anunciou a constru\u00e7\u00e3o de um desvio na rodovia. A princ\u00edpio, o prazo para constru\u00e7\u00e3o era de 15 dias.<br \/>\nNesta ter\u00e7a-feira (23), o \u00f3rg\u00e3o informou que precisou mudar o cronograma da obra, por conta das &#8220;constantes chuvas&#8221;, e apresentou nova previs\u00e3o, de que o desvio passe a operar at\u00e9 o in\u00edcio do m\u00eas de maio.<br \/>\nDnit muda cronograma de obra de desvio na BR-304<br \/>\nO prazo para reconstru\u00e7\u00e3o da ponte n\u00e3o foi informado.<br \/>\nOutras rotas apresentadas pelo governo logo ap\u00f3s o desmoronamento da ponte acabam aumentando a dist\u00e2ncia percorrida entre Natal e Mossor\u00f3. Veja as rotas alternativas:<br \/>\n\ud83d\udd03 Sentido Natal &#8211; Mossor\u00f3<br \/>\nRota 1:  BR-226, seguindo por Currais Novos e Jucurutu (via Flor\u00e2nia), at\u00e9 Triunfo Potiguar, pela RN-233 at\u00e9 A\u00e7u, acessando A BR-304, em dire\u00e7\u00e3o a Mossor\u00f3;<br \/>\nRota 2:  BR-406 at\u00e9 Macau, seguindo pela RN118, acessando a BR-304 (acesso no km 118, ap\u00f3s o ponto de interdi\u00e7\u00e3o), em dire\u00e7\u00e3o a Mossor\u00f3.<br \/>\n\ud83d\udd03 Mossor\u00f3 \u2013 Natal<br \/>\nRota 1: Saindo pela BR-304 e acessando a RN-118 (acesso a Ipangua\u00e7u), no sentido Macau- pegar BR-406, em dire\u00e7\u00e3o a Natal;<br \/>\nRota 2: BR 304, acessar RN-118 (acesso a S\u00e3o Rafael), via Jucurutu para BR-226<br \/>\nRota 3: Sair pela BR-110 e pegar a BR-226 at\u00e9 Natal<br \/>\nVeja os v\u00eddeos mais assistidos no g1 RN<\/p>","protected":false},"excerpt":{"rendered":"<p>Trecho de 2,7 km foi aberto em propriedade privada localizada ao lado da rodovia federal, que est\u00e1 interditada desde 31 de mar\u00e7o. Com BR-304 interditada, desvio \u00e9 aberto por dentro &#8230;<\/p>\n","protected":false},"author":0,"featured_media":5764,"parent":0,"menu_order":0,"comment_status":"closed","ping_status":"closed","template":"","meta":{"footnotes":""},"class_list":["post-5763","page","type-page","status-publish","has-post-thumbnail","hentry"],"yoast_head":"<!-- This site is optimized with the Yoast SEO plugin v27.1.1 - https:\/\/yoast.com\/product\/yoast-seo-wordpress\/ -->\n<title>Motoristas pagam at\u00e9 R$ 30 para usar desvio improvisado em fazenda, ap\u00f3s rompimento de ponte na BR-304 no RN - Taveira Jr<\/title>\n<meta name=\"robots\" content=\"index, follow, max-snippet:-1, max-image-preview:large, max-video-preview:-1\" \/>\n<link rel=\"canonical\" href=\"https:\/\/deputadotaveirajr.com.br\/index.php\/motoristas-pagam-ate-r-30-para-usar-desvio-improvisado-em-fazenda-apos-rompimento-de-ponte-na-br-304-no-rn\/\" \/>\n<meta property=\"og:locale\" content=\"pt_BR\" \/>\n<meta property=\"og:type\" content=\"article\" \/>\n<meta property=\"og:title\" content=\"Motoristas pagam at\u00e9 R$ 30 para usar desvio improvisado em fazenda, ap\u00f3s rompimento de ponte na BR-304 no RN - Taveira Jr\" \/>\n<meta property=\"og:description\" content=\"Trecho de 2,7 km foi aberto em propriedade privada localizada ao lado da rodovia federal, que est\u00e1 interditada desde 31 de mar\u00e7o. Com BR-304 interditada, desvio \u00e9 aberto por dentro ...\" \/>\n<meta property=\"og:url\" content=\"https:\/\/deputadotaveirajr.com.br\/index.php\/motoristas-pagam-ate-r-30-para-usar-desvio-improvisado-em-fazenda-apos-rompimento-de-ponte-na-br-304-no-rn\/\" \/>\n<meta property=\"og:site_name\" content=\"Taveira Jr\" \/>\n<meta property=\"og:image\" content=\"https:\/\/deputadotaveirajr.com.br\/wp-content\/uploads\/2024\/04\/cedida-asZq29.jpeg\" \/>\n\t<meta property=\"og:image:width\" content=\"650\" \/>\n\t<meta property=\"og:image:height\" content=\"612\" \/>\n\t<meta property=\"og:image:type\" content=\"image\/jpeg\" \/>\n<meta name=\"twitter:card\" content=\"summary_large_image\" \/>\n<meta name=\"twitter:label1\" content=\"Est. tempo de leitura\" \/>\n\t<meta name=\"twitter:data1\" content=\"3 minutos\" \/>\n<script type=\"application\/ld+json\" class=\"yoast-schema-graph\">{\"@context\":\"https:\/\/schema.org\",\"@graph\":[{\"@type\":\"WebPage\",\"@id\":\"https:\/\/deputadotaveirajr.com.br\/index.php\/motoristas-pagam-ate-r-30-para-usar-desvio-improvisado-em-fazenda-apos-rompimento-de-ponte-na-br-304-no-rn\/\",\"url\":\"https:\/\/deputadotaveirajr.com.br\/index.php\/motoristas-pagam-ate-r-30-para-usar-desvio-improvisado-em-fazenda-apos-rompimento-de-ponte-na-br-304-no-rn\/\",\"name\":\"Motoristas pagam at\u00e9 R$ 30 para usar desvio improvisado em fazenda, ap\u00f3s rompimento de ponte na BR-304 no RN - Taveira Jr\",\"isPartOf\":{\"@id\":\"https:\/\/deputadotaveirajr.com.br\/#website\"},\"primaryImageOfPage\":{\"@id\":\"https:\/\/deputadotaveirajr.com.br\/index.php\/motoristas-pagam-ate-r-30-para-usar-desvio-improvisado-em-fazenda-apos-rompimento-de-ponte-na-br-304-no-rn\/#primaryimage\"},\"image\":{\"@id\":\"https:\/\/deputadotaveirajr.com.br\/index.php\/motoristas-pagam-ate-r-30-para-usar-desvio-improvisado-em-fazenda-apos-rompimento-de-ponte-na-br-304-no-rn\/#primaryimage\"},\"thumbnailUrl\":\"https:\/\/deputadotaveirajr.com.br\/wp-content\/uploads\/2024\/04\/cedida-asZq29.jpeg\",\"datePublished\":\"2024-04-24T18:33:58+00:00\",\"breadcrumb\":{\"@id\":\"https:\/\/deputadotaveirajr.com.br\/index.php\/motoristas-pagam-ate-r-30-para-usar-desvio-improvisado-em-fazenda-apos-rompimento-de-ponte-na-br-304-no-rn\/#breadcrumb\"},\"inLanguage\":\"pt-BR\",\"potentialAction\":[{\"@type\":\"ReadAction\",\"target\":[\"https:\/\/deputadotaveirajr.com.br\/index.php\/motoristas-pagam-ate-r-30-para-usar-desvio-improvisado-em-fazenda-apos-rompimento-de-ponte-na-br-304-no-rn\/\"]}]},{\"@type\":\"ImageObject\",\"inLanguage\":\"pt-BR\",\"@id\":\"https:\/\/deputadotaveirajr.com.br\/index.php\/motoristas-pagam-ate-r-30-para-usar-desvio-improvisado-em-fazenda-apos-rompimento-de-ponte-na-br-304-no-rn\/#primaryimage\",\"url\":\"https:\/\/deputadotaveirajr.com.br\/wp-content\/uploads\/2024\/04\/cedida-asZq29.jpeg\",\"contentUrl\":\"https:\/\/deputadotaveirajr.com.br\/wp-content\/uploads\/2024\/04\/cedida-asZq29.jpeg\",\"width\":650,\"height\":612},{\"@type\":\"BreadcrumbList\",\"@id\":\"https:\/\/deputadotaveirajr.com.br\/index.php\/motoristas-pagam-ate-r-30-para-usar-desvio-improvisado-em-fazenda-apos-rompimento-de-ponte-na-br-304-no-rn\/#breadcrumb\",\"itemListElement\":[{\"@type\":\"ListItem\",\"position\":1,\"name\":\"In\u00edcio\",\"item\":\"https:\/\/deputadotaveirajr.com.br\/\"},{\"@type\":\"ListItem\",\"position\":2,\"name\":\"Motoristas pagam at\u00e9 R$ 30 para usar desvio improvisado em fazenda, ap\u00f3s rompimento de ponte na BR-304 no RN\"}]},{\"@type\":\"WebSite\",\"@id\":\"https:\/\/deputadotaveirajr.com.br\/#website\",\"url\":\"https:\/\/deputadotaveirajr.com.br\/\",\"name\":\"Taveira Jr\",\"description\":\"Deputado Estadual\",\"publisher\":{\"@id\":\"https:\/\/deputadotaveirajr.com.br\/#organization\"},\"potentialAction\":[{\"@type\":\"SearchAction\",\"target\":{\"@type\":\"EntryPoint\",\"urlTemplate\":\"https:\/\/deputadotaveirajr.com.br\/?s={search_term_string}\"},\"query-input\":{\"@type\":\"PropertyValueSpecification\",\"valueRequired\":true,\"valueName\":\"search_term_string\"}}],\"inLanguage\":\"pt-BR\"},{\"@type\":\"Organization\",\"@id\":\"https:\/\/deputadotaveirajr.com.br\/#organization\",\"name\":\"Taveira Jr\",\"url\":\"https:\/\/deputadotaveirajr.com.br\/\",\"logo\":{\"@type\":\"ImageObject\",\"inLanguage\":\"pt-BR\",\"@id\":\"https:\/\/deputadotaveirajr.com.br\/#\/schema\/logo\/image\/\",\"url\":\"https:\/\/deputadotaveirajr.com.br\/wp-content\/uploads\/2026\/01\/logolow2a.png\",\"contentUrl\":\"https:\/\/deputadotaveirajr.com.br\/wp-content\/uploads\/2026\/01\/logolow2a.png\",\"width\":290,\"height\":80,\"caption\":\"Taveira Jr\"},\"image\":{\"@id\":\"https:\/\/deputadotaveirajr.com.br\/#\/schema\/logo\/image\/\"}}]}<\/script>\n<!-- \/ Yoast SEO plugin. -->","yoast_head_json":{"title":"Motoristas pagam at\u00e9 R$ 30 para usar desvio improvisado em fazenda, ap\u00f3s rompimento de ponte na BR-304 no RN - Taveira Jr","robots":{"index":"index","follow":"follow","max-snippet":"max-snippet:-1","max-image-preview":"max-image-preview:large","max-video-preview":"max-video-preview:-1"},"canonical":"https:\/\/deputadotaveirajr.com.br\/index.php\/motoristas-pagam-ate-r-30-para-usar-desvio-improvisado-em-fazenda-apos-rompimento-de-ponte-na-br-304-no-rn\/","og_locale":"pt_BR","og_type":"article","og_title":"Motoristas pagam at\u00e9 R$ 30 para usar desvio improvisado em fazenda, ap\u00f3s rompimento de ponte na BR-304 no RN - Taveira Jr","og_description":"Trecho de 2,7 km foi aberto em propriedade privada localizada ao lado da rodovia federal, que est\u00e1 interditada desde 31 de mar\u00e7o. Com BR-304 interditada, desvio \u00e9 aberto por dentro ...","og_url":"https:\/\/deputadotaveirajr.com.br\/index.php\/motoristas-pagam-ate-r-30-para-usar-desvio-improvisado-em-fazenda-apos-rompimento-de-ponte-na-br-304-no-rn\/","og_site_name":"Taveira Jr","og_image":[{"width":650,"height":612,"url":"https:\/\/deputadotaveirajr.com.br\/wp-content\/uploads\/2024\/04\/cedida-asZq29.jpeg","type":"image\/jpeg"}],"twitter_card":"summary_large_image","twitter_misc":{"Est. tempo de leitura":"3 minutos"},"schema":{"@context":"https:\/\/schema.org","@graph":[{"@type":"WebPage","@id":"https:\/\/deputadotaveirajr.com.br\/index.php\/motoristas-pagam-ate-r-30-para-usar-desvio-improvisado-em-fazenda-apos-rompimento-de-ponte-na-br-304-no-rn\/","url":"https:\/\/deputadotaveirajr.com.br\/index.php\/motoristas-pagam-ate-r-30-para-usar-desvio-improvisado-em-fazenda-apos-rompimento-de-ponte-na-br-304-no-rn\/","name":"Motoristas pagam at\u00e9 R$ 30 para usar desvio improvisado em fazenda, ap\u00f3s rompimento de ponte na BR-304 no RN - Taveira Jr","isPartOf":{"@id":"https:\/\/deputadotaveirajr.com.br\/#website"},"primaryImageOfPage":{"@id":"https:\/\/deputadotaveirajr.com.br\/index.php\/motoristas-pagam-ate-r-30-para-usar-desvio-improvisado-em-fazenda-apos-rompimento-de-ponte-na-br-304-no-rn\/#primaryimage"},"image":{"@id":"https:\/\/deputadotaveirajr.com.br\/index.php\/motoristas-pagam-ate-r-30-para-usar-desvio-improvisado-em-fazenda-apos-rompimento-de-ponte-na-br-304-no-rn\/#primaryimage"},"thumbnailUrl":"https:\/\/deputadotaveirajr.com.br\/wp-content\/uploads\/2024\/04\/cedida-asZq29.jpeg","datePublished":"2024-04-24T18:33:58+00:00","breadcrumb":{"@id":"https:\/\/deputadotaveirajr.com.br\/index.php\/motoristas-pagam-ate-r-30-para-usar-desvio-improvisado-em-fazenda-apos-rompimento-de-ponte-na-br-304-no-rn\/#breadcrumb"},"inLanguage":"pt-BR","potentialAction":[{"@type":"ReadAction","target":["https:\/\/deputadotaveirajr.com.br\/index.php\/motoristas-pagam-ate-r-30-para-usar-desvio-improvisado-em-fazenda-apos-rompimento-de-ponte-na-br-304-no-rn\/"]}]},{"@type":"ImageObject","inLanguage":"pt-BR","@id":"https:\/\/deputadotaveirajr.com.br\/index.php\/motoristas-pagam-ate-r-30-para-usar-desvio-improvisado-em-fazenda-apos-rompimento-de-ponte-na-br-304-no-rn\/#primaryimage","url":"https:\/\/deputadotaveirajr.com.br\/wp-content\/uploads\/2024\/04\/cedida-asZq29.jpeg","contentUrl":"https:\/\/deputadotaveirajr.com.br\/wp-content\/uploads\/2024\/04\/cedida-asZq29.jpeg","width":650,"height":612},{"@type":"BreadcrumbList","@id":"https:\/\/deputadotaveirajr.com.br\/index.php\/motoristas-pagam-ate-r-30-para-usar-desvio-improvisado-em-fazenda-apos-rompimento-de-ponte-na-br-304-no-rn\/#breadcrumb","itemListElement":[{"@type":"ListItem","position":1,"name":"In\u00edcio","item":"https:\/\/deputadotaveirajr.com.br\/"},{"@type":"ListItem","position":2,"name":"Motoristas pagam at\u00e9 R$ 30 para usar desvio improvisado em fazenda, ap\u00f3s rompimento de ponte na BR-304 no RN"}]},{"@type":"WebSite","@id":"https:\/\/deputadotaveirajr.com.br\/#website","url":"https:\/\/deputadotaveirajr.com.br\/","name":"Taveira Jr","description":"Deputado Estadual","publisher":{"@id":"https:\/\/deputadotaveirajr.com.br\/#organization"},"potentialAction":[{"@type":"SearchAction","target":{"@type":"EntryPoint","urlTemplate":"https:\/\/deputadotaveirajr.com.br\/?s={search_term_string}"},"query-input":{"@type":"PropertyValueSpecification","valueRequired":true,"valueName":"search_term_string"}}],"inLanguage":"pt-BR"},{"@type":"Organization","@id":"https:\/\/deputadotaveirajr.com.br\/#organization","name":"Taveira Jr","url":"https:\/\/deputadotaveirajr.com.br\/","logo":{"@type":"ImageObject","inLanguage":"pt-BR","@id":"https:\/\/deputadotaveirajr.com.br\/#\/schema\/logo\/image\/","url":"https:\/\/deputadotaveirajr.com.br\/wp-content\/uploads\/2026\/01\/logolow2a.png","contentUrl":"https:\/\/deputadotaveirajr.com.br\/wp-content\/uploads\/2026\/01\/logolow2a.png","width":290,"height":80,"caption":"Taveira Jr"},"image":{"@id":"https:\/\/deputadotaveirajr.com.br\/#\/schema\/logo\/image\/"}}]}},"_links":{"self":[{"href":"https:\/\/deputadotaveirajr.com.br\/index.php\/wp-json\/wp\/v2\/pages\/5763","targetHints":{"allow":["GET"]}}],"collection":[{"href":"https:\/\/deputadotaveirajr.com.br\/index.php\/wp-json\/wp\/v2\/pages"}],"about":[{"href":"https:\/\/deputadotaveirajr.com.br\/index.php\/wp-json\/wp\/v2\/types\/page"}],"replies":[{"embeddable":true,"href":"https:\/\/deputadotaveirajr.com.br\/index.php\/wp-json\/wp\/v2\/comments?post=5763"}],"version-history":[{"count":1,"href":"https:\/\/deputadotaveirajr.com.br\/index.php\/wp-json\/wp\/v2\/pages\/5763\/revisions"}],"predecessor-version":[{"id":5766,"href":"https:\/\/deputadotaveirajr.com.br\/index.php\/wp-json\/wp\/v2\/pages\/5763\/revisions\/5766"}],"wp:featuredmedia":[{"embeddable":true,"href":"https:\/\/deputadotaveirajr.com.br\/index.php\/wp-json\/wp\/v2\/media\/5764"}],"wp:attachment":[{"href":"https:\/\/deputadotaveirajr.com.br\/index.php\/wp-json\/wp\/v2\/media?parent=5763"}],"curies":[{"name":"wp","href":"https:\/\/api.w.org\/{rel}","templated":true}]}}