{"id":5774,"date":"2024-04-24T23:32:51","date_gmt":"2024-04-25T02:32:51","guid":{"rendered":"https:\/\/deputadotaveirajr.com.br\/?page_id=5774"},"modified":"2024-04-24T23:32:51","modified_gmt":"2024-04-25T02:32:51","slug":"suspeito-de-matar-psicologa-em-assu-e-servidor-do-tribunal-de-justica-do-rn","status":"publish","type":"page","link":"https:\/\/deputadotaveirajr.com.br\/index.php\/suspeito-de-matar-psicologa-em-assu-e-servidor-do-tribunal-de-justica-do-rn\/","title":{"rendered":"Suspeito de matar psic\u00f3loga em Ass\u00fa \u00e9 servidor do Tribunal de Justi\u00e7a do RN"},"content":{"rendered":"<p>     Homem foi detido em flagrante nesta quarta (24) em Natal quando chegava a um dos im\u00f3veis dele. Celular da v\u00edtima estava na casa do suspeito, onde tamb\u00e9m havia fragmentos de sangue. V\u00eddeo mostra suspeito de crime dentro da casa da psic\u00f3loga<br \/>\nReprodu\u00e7\u00e3o<br \/>\nO homem preso em Natal nesta quarta-feira (24) suspeito de matar a psic\u00f3loga Fabiana Maia Veras na cidade de Ass\u00fa, na Regi\u00e3o Oeste potiguar, na ter\u00e7a-feira (23) \u00e9 servidor do Tribunal de Justi\u00e7a do Rio Grande do Norte.<br \/>\nO suspeito, de 41 anos, foi detido em flagrante ao chegar a um dos im\u00f3veis dele na capital potiguar. Assim que entrou na garagem do pr\u00e9dio, ele foi abordado por policiais civis, que efetuaram a pris\u00e3o.<br \/>\nA Inter TV Costa Branca procurou o Tribunal de Justi\u00e7a do Rio Grande do Norte para comentar sobre o caso, mas n\u00e3o teve retorno at\u00e9 a atualiza\u00e7\u00e3o mais recente desta mat\u00e9ria.<br \/>\n\ud83d\udcf3Participe do canal do g1 RN no WhatsApp<br \/>\nDentro do carro do suspeito, os policiais e peritos do Instituto T\u00e9cnico-Cient\u00edfico de Per\u00edcia (Itep) encontraram uma bolsa com tr\u00eas facas, duas soqueiras e uma pistola com sangue.<br \/>\nAntes mesmo da chegada do suspeito, as equipes j\u00e1 realizavam uma per\u00edcia no apartamento dele. No local, foi encontrado, inclusive, o celular da psic\u00f3loga, que estava destru\u00eddo e no lixo, envolto em um quimono.<br \/>\n&#8220;A gente conseguiu puxar o IMEI [c\u00f3digo de identifica\u00e7\u00e3o do celular] desse aparelho e foi identificado pela autoridade policial que se tratava do celular da v\u00edtima&#8221;, explicou o perito criminal do Itep, Moab Ara\u00fajo.<br \/>\nV\u00eddeo mostra suspeito dentro da casa de psic\u00f3loga encontrada morta em Assu<br \/>\n&#8216;Pegar conte\u00fado do celular&#8217;<br \/>\nPara o delegado M\u00e1rcio Lemos, da Divis\u00e3o de Homic\u00eddios e Prote\u00e7\u00e3o \u00e0 Pessoa em Natal (DHPP), roubar o celular da v\u00edtima era um objetivo do suspeito, que entrou em contato atrav\u00e9s das redes sociais.<br \/>\nO delegado informou que o suspeito queria saber a rela\u00e7\u00e3o da v\u00edtima com a ex-companheira dele.<br \/>\n&#8220;O intuito dele, tudo indica, que foi buscar esse celular, que ele trouxe pra Natal e destruiu, para pegar o conte\u00fado. Para saber qual o tipo de relacionamento que tinha com a ex-companheira dele&#8221;, explicou.<br \/>\nO delegado municipal de Ass\u00fa, Val\u00e9rio Kurten, explicou que n\u00e3o foi poss\u00edvel confirmar qual a rela\u00e7\u00e3o exata que tinham o suspeito e a v\u00edtima. Segundo ele, \u00e9 poss\u00edvel confirmar ao menos que eles se conheciam.<br \/>\n&#8220;A gente apreendeu o celular do suspeito, e eu vou representar pela extra\u00e7\u00e3o de dados&#8221;, explicou o delegado. &#8220;Eles se conheciam, porque no momento em que ele adentra \u00e0 cl\u00ednica dela, ela abra\u00e7a ele. Ent\u00e3o se v\u00ea que h\u00e1 um gesto afetivo&#8221;, completou.<br \/>\nPsic\u00f3loga Fabiana Maia Veras, 42 anos, encontrada morta na noite de ter\u00e7a-feira (23) em Assu<br \/>\nRedes sociais<br \/>\nFragmentos de sangue no apartamento<br \/>\nA per\u00edcia ainda encontrou fragmentos que podem ser de sangue na escada do pr\u00e9dio e dentro do apartamento do suspeito. O material foi coletado e enviado para an\u00e1lise em laborat\u00f3rio, que vai definir se os fragmentos de fato s\u00e3o de sangue e tentar identificar o perfil gen\u00e9tico do material.<br \/>\n O delegado Val\u00e9rio Kurten explicou ainda que o suspeito contratou por R$ 500 um motorista que era amigo da fam\u00edlia para viajar de Natal at\u00e9 Ass\u00fa, 240 quil\u00f4metros distante. A alega\u00e7\u00e3o dele ao motorista era de que tinha uma consulta psiqui\u00e1trica para fazer na cidade.<br \/>\nPsic\u00f3loga foi morta em casa<br \/>\nFabiana Maia Veras foi encontrada morta dentro da casa onde morava e onde tamb\u00e9m realizava seus atendimentos em Ass\u00fa. O crime aconteceu por volta das 16h30 e o corpo dela foi encontrado \u00e0s 18h30, por uma funcion\u00e1ria.<br \/>\nSegundo a pol\u00edcia, o corpo estava amorda\u00e7ado, amarrado e com marcas de cortes de arma branca.<br \/>\nImagens de c\u00e2mera de seguran\u00e7a foram colhidas pelos investigadores e, por meio delas, a pol\u00edcia identificou que o suspeito de cometer o crime chegou ao im\u00f3vel por volta das 16h30, encapuzado, com m\u00e1scara e luvas. Eles conversaram e depois entraram.<br \/>\nSegundo a pol\u00edcia, a profissional n\u00e3o tinha consultar marcadas no hor\u00e1rio em que o homem chegou.<br \/>\nO suspeito foi preso em Natal pela Pol\u00edcia Civil ao chegar a um dos im\u00f3veis dele nesta quarta-feira (24).<br \/>\nV\u00eddeos mais assistidos do g1 RN<\/p>","protected":false},"excerpt":{"rendered":"<p>Homem foi detido em flagrante nesta quarta (24) em Natal quando chegava a um dos im\u00f3veis dele. Celular da v\u00edtima estava na casa do suspeito, onde tamb\u00e9m havia fragmentos de &#8230;<\/p>\n","protected":false},"author":0,"featured_media":5775,"parent":0,"menu_order":0,"comment_status":"closed","ping_status":"closed","template":"","meta":{"footnotes":""},"class_list":["post-5774","page","type-page","status-publish","has-post-thumbnail","hentry"],"yoast_head":"<!-- This site is optimized with the Yoast SEO plugin v27.1.1 - https:\/\/yoast.com\/product\/yoast-seo-wordpress\/ -->\n<title>Suspeito de matar psic\u00f3loga em Ass\u00fa \u00e9 servidor do Tribunal de Justi\u00e7a do RN - Taveira Jr<\/title>\n<meta name=\"robots\" content=\"index, follow, max-snippet:-1, max-image-preview:large, max-video-preview:-1\" \/>\n<link rel=\"canonical\" href=\"https:\/\/deputadotaveirajr.com.br\/index.php\/suspeito-de-matar-psicologa-em-assu-e-servidor-do-tribunal-de-justica-do-rn\/\" \/>\n<meta property=\"og:locale\" content=\"pt_BR\" \/>\n<meta property=\"og:type\" content=\"article\" \/>\n<meta property=\"og:title\" content=\"Suspeito de matar psic\u00f3loga em Ass\u00fa \u00e9 servidor do Tribunal de Justi\u00e7a do RN - Taveira Jr\" \/>\n<meta property=\"og:description\" content=\"Homem foi detido em flagrante nesta quarta (24) em Natal quando chegava a um dos im\u00f3veis dele. Celular da v\u00edtima estava na casa do suspeito, onde tamb\u00e9m havia fragmentos de ...\" \/>\n<meta property=\"og:url\" content=\"https:\/\/deputadotaveirajr.com.br\/index.php\/suspeito-de-matar-psicologa-em-assu-e-servidor-do-tribunal-de-justica-do-rn\/\" \/>\n<meta property=\"og:site_name\" content=\"Taveira Jr\" \/>\n<meta property=\"og:image\" content=\"https:\/\/deputadotaveirajr.com.br\/wp-content\/uploads\/2024\/04\/suspeito-e-vitima-LJmuZD.png\" \/>\n\t<meta property=\"og:image:width\" content=\"1219\" \/>\n\t<meta property=\"og:image:height\" content=\"724\" \/>\n\t<meta property=\"og:image:type\" content=\"image\/png\" \/>\n<meta name=\"twitter:card\" content=\"summary_large_image\" \/>\n<meta name=\"twitter:label1\" content=\"Est. tempo de leitura\" \/>\n\t<meta name=\"twitter:data1\" content=\"4 minutos\" \/>\n<script type=\"application\/ld+json\" class=\"yoast-schema-graph\">{\"@context\":\"https:\/\/schema.org\",\"@graph\":[{\"@type\":\"WebPage\",\"@id\":\"https:\/\/deputadotaveirajr.com.br\/index.php\/suspeito-de-matar-psicologa-em-assu-e-servidor-do-tribunal-de-justica-do-rn\/\",\"url\":\"https:\/\/deputadotaveirajr.com.br\/index.php\/suspeito-de-matar-psicologa-em-assu-e-servidor-do-tribunal-de-justica-do-rn\/\",\"name\":\"Suspeito de matar psic\u00f3loga em Ass\u00fa \u00e9 servidor do Tribunal de Justi\u00e7a do RN - Taveira Jr\",\"isPartOf\":{\"@id\":\"https:\/\/deputadotaveirajr.com.br\/#website\"},\"primaryImageOfPage\":{\"@id\":\"https:\/\/deputadotaveirajr.com.br\/index.php\/suspeito-de-matar-psicologa-em-assu-e-servidor-do-tribunal-de-justica-do-rn\/#primaryimage\"},\"image\":{\"@id\":\"https:\/\/deputadotaveirajr.com.br\/index.php\/suspeito-de-matar-psicologa-em-assu-e-servidor-do-tribunal-de-justica-do-rn\/#primaryimage\"},\"thumbnailUrl\":\"https:\/\/deputadotaveirajr.com.br\/wp-content\/uploads\/2024\/04\/suspeito-e-vitima-LJmuZD.png\",\"datePublished\":\"2024-04-25T02:32:51+00:00\",\"breadcrumb\":{\"@id\":\"https:\/\/deputadotaveirajr.com.br\/index.php\/suspeito-de-matar-psicologa-em-assu-e-servidor-do-tribunal-de-justica-do-rn\/#breadcrumb\"},\"inLanguage\":\"pt-BR\",\"potentialAction\":[{\"@type\":\"ReadAction\",\"target\":[\"https:\/\/deputadotaveirajr.com.br\/index.php\/suspeito-de-matar-psicologa-em-assu-e-servidor-do-tribunal-de-justica-do-rn\/\"]}]},{\"@type\":\"ImageObject\",\"inLanguage\":\"pt-BR\",\"@id\":\"https:\/\/deputadotaveirajr.com.br\/index.php\/suspeito-de-matar-psicologa-em-assu-e-servidor-do-tribunal-de-justica-do-rn\/#primaryimage\",\"url\":\"https:\/\/deputadotaveirajr.com.br\/wp-content\/uploads\/2024\/04\/suspeito-e-vitima-LJmuZD.png\",\"contentUrl\":\"https:\/\/deputadotaveirajr.com.br\/wp-content\/uploads\/2024\/04\/suspeito-e-vitima-LJmuZD.png\",\"width\":1219,\"height\":724},{\"@type\":\"BreadcrumbList\",\"@id\":\"https:\/\/deputadotaveirajr.com.br\/index.php\/suspeito-de-matar-psicologa-em-assu-e-servidor-do-tribunal-de-justica-do-rn\/#breadcrumb\",\"itemListElement\":[{\"@type\":\"ListItem\",\"position\":1,\"name\":\"In\u00edcio\",\"item\":\"https:\/\/deputadotaveirajr.com.br\/\"},{\"@type\":\"ListItem\",\"position\":2,\"name\":\"Suspeito de matar psic\u00f3loga em Ass\u00fa \u00e9 servidor do Tribunal de Justi\u00e7a do RN\"}]},{\"@type\":\"WebSite\",\"@id\":\"https:\/\/deputadotaveirajr.com.br\/#website\",\"url\":\"https:\/\/deputadotaveirajr.com.br\/\",\"name\":\"Taveira Jr\",\"description\":\"Deputado Estadual\",\"publisher\":{\"@id\":\"https:\/\/deputadotaveirajr.com.br\/#organization\"},\"potentialAction\":[{\"@type\":\"SearchAction\",\"target\":{\"@type\":\"EntryPoint\",\"urlTemplate\":\"https:\/\/deputadotaveirajr.com.br\/?s={search_term_string}\"},\"query-input\":{\"@type\":\"PropertyValueSpecification\",\"valueRequired\":true,\"valueName\":\"search_term_string\"}}],\"inLanguage\":\"pt-BR\"},{\"@type\":\"Organization\",\"@id\":\"https:\/\/deputadotaveirajr.com.br\/#organization\",\"name\":\"Taveira Jr\",\"url\":\"https:\/\/deputadotaveirajr.com.br\/\",\"logo\":{\"@type\":\"ImageObject\",\"inLanguage\":\"pt-BR\",\"@id\":\"https:\/\/deputadotaveirajr.com.br\/#\/schema\/logo\/image\/\",\"url\":\"https:\/\/deputadotaveirajr.com.br\/wp-content\/uploads\/2026\/01\/logolow2a.png\",\"contentUrl\":\"https:\/\/deputadotaveirajr.com.br\/wp-content\/uploads\/2026\/01\/logolow2a.png\",\"width\":290,\"height\":80,\"caption\":\"Taveira Jr\"},\"image\":{\"@id\":\"https:\/\/deputadotaveirajr.com.br\/#\/schema\/logo\/image\/\"}}]}<\/script>\n<!-- \/ Yoast SEO plugin. -->","yoast_head_json":{"title":"Suspeito de matar psic\u00f3loga em Ass\u00fa \u00e9 servidor do Tribunal de Justi\u00e7a do RN - Taveira Jr","robots":{"index":"index","follow":"follow","max-snippet":"max-snippet:-1","max-image-preview":"max-image-preview:large","max-video-preview":"max-video-preview:-1"},"canonical":"https:\/\/deputadotaveirajr.com.br\/index.php\/suspeito-de-matar-psicologa-em-assu-e-servidor-do-tribunal-de-justica-do-rn\/","og_locale":"pt_BR","og_type":"article","og_title":"Suspeito de matar psic\u00f3loga em Ass\u00fa \u00e9 servidor do Tribunal de Justi\u00e7a do RN - Taveira Jr","og_description":"Homem foi detido em flagrante nesta quarta (24) em Natal quando chegava a um dos im\u00f3veis dele. Celular da v\u00edtima estava na casa do suspeito, onde tamb\u00e9m havia fragmentos de ...","og_url":"https:\/\/deputadotaveirajr.com.br\/index.php\/suspeito-de-matar-psicologa-em-assu-e-servidor-do-tribunal-de-justica-do-rn\/","og_site_name":"Taveira Jr","og_image":[{"width":1219,"height":724,"url":"https:\/\/deputadotaveirajr.com.br\/wp-content\/uploads\/2024\/04\/suspeito-e-vitima-LJmuZD.png","type":"image\/png"}],"twitter_card":"summary_large_image","twitter_misc":{"Est. tempo de leitura":"4 minutos"},"schema":{"@context":"https:\/\/schema.org","@graph":[{"@type":"WebPage","@id":"https:\/\/deputadotaveirajr.com.br\/index.php\/suspeito-de-matar-psicologa-em-assu-e-servidor-do-tribunal-de-justica-do-rn\/","url":"https:\/\/deputadotaveirajr.com.br\/index.php\/suspeito-de-matar-psicologa-em-assu-e-servidor-do-tribunal-de-justica-do-rn\/","name":"Suspeito de matar psic\u00f3loga em Ass\u00fa \u00e9 servidor do Tribunal de Justi\u00e7a do RN - Taveira Jr","isPartOf":{"@id":"https:\/\/deputadotaveirajr.com.br\/#website"},"primaryImageOfPage":{"@id":"https:\/\/deputadotaveirajr.com.br\/index.php\/suspeito-de-matar-psicologa-em-assu-e-servidor-do-tribunal-de-justica-do-rn\/#primaryimage"},"image":{"@id":"https:\/\/deputadotaveirajr.com.br\/index.php\/suspeito-de-matar-psicologa-em-assu-e-servidor-do-tribunal-de-justica-do-rn\/#primaryimage"},"thumbnailUrl":"https:\/\/deputadotaveirajr.com.br\/wp-content\/uploads\/2024\/04\/suspeito-e-vitima-LJmuZD.png","datePublished":"2024-04-25T02:32:51+00:00","breadcrumb":{"@id":"https:\/\/deputadotaveirajr.com.br\/index.php\/suspeito-de-matar-psicologa-em-assu-e-servidor-do-tribunal-de-justica-do-rn\/#breadcrumb"},"inLanguage":"pt-BR","potentialAction":[{"@type":"ReadAction","target":["https:\/\/deputadotaveirajr.com.br\/index.php\/suspeito-de-matar-psicologa-em-assu-e-servidor-do-tribunal-de-justica-do-rn\/"]}]},{"@type":"ImageObject","inLanguage":"pt-BR","@id":"https:\/\/deputadotaveirajr.com.br\/index.php\/suspeito-de-matar-psicologa-em-assu-e-servidor-do-tribunal-de-justica-do-rn\/#primaryimage","url":"https:\/\/deputadotaveirajr.com.br\/wp-content\/uploads\/2024\/04\/suspeito-e-vitima-LJmuZD.png","contentUrl":"https:\/\/deputadotaveirajr.com.br\/wp-content\/uploads\/2024\/04\/suspeito-e-vitima-LJmuZD.png","width":1219,"height":724},{"@type":"BreadcrumbList","@id":"https:\/\/deputadotaveirajr.com.br\/index.php\/suspeito-de-matar-psicologa-em-assu-e-servidor-do-tribunal-de-justica-do-rn\/#breadcrumb","itemListElement":[{"@type":"ListItem","position":1,"name":"In\u00edcio","item":"https:\/\/deputadotaveirajr.com.br\/"},{"@type":"ListItem","position":2,"name":"Suspeito de matar psic\u00f3loga em Ass\u00fa \u00e9 servidor do Tribunal de Justi\u00e7a do RN"}]},{"@type":"WebSite","@id":"https:\/\/deputadotaveirajr.com.br\/#website","url":"https:\/\/deputadotaveirajr.com.br\/","name":"Taveira Jr","description":"Deputado Estadual","publisher":{"@id":"https:\/\/deputadotaveirajr.com.br\/#organization"},"potentialAction":[{"@type":"SearchAction","target":{"@type":"EntryPoint","urlTemplate":"https:\/\/deputadotaveirajr.com.br\/?s={search_term_string}"},"query-input":{"@type":"PropertyValueSpecification","valueRequired":true,"valueName":"search_term_string"}}],"inLanguage":"pt-BR"},{"@type":"Organization","@id":"https:\/\/deputadotaveirajr.com.br\/#organization","name":"Taveira Jr","url":"https:\/\/deputadotaveirajr.com.br\/","logo":{"@type":"ImageObject","inLanguage":"pt-BR","@id":"https:\/\/deputadotaveirajr.com.br\/#\/schema\/logo\/image\/","url":"https:\/\/deputadotaveirajr.com.br\/wp-content\/uploads\/2026\/01\/logolow2a.png","contentUrl":"https:\/\/deputadotaveirajr.com.br\/wp-content\/uploads\/2026\/01\/logolow2a.png","width":290,"height":80,"caption":"Taveira Jr"},"image":{"@id":"https:\/\/deputadotaveirajr.com.br\/#\/schema\/logo\/image\/"}}]}},"_links":{"self":[{"href":"https:\/\/deputadotaveirajr.com.br\/index.php\/wp-json\/wp\/v2\/pages\/5774","targetHints":{"allow":["GET"]}}],"collection":[{"href":"https:\/\/deputadotaveirajr.com.br\/index.php\/wp-json\/wp\/v2\/pages"}],"about":[{"href":"https:\/\/deputadotaveirajr.com.br\/index.php\/wp-json\/wp\/v2\/types\/page"}],"replies":[{"embeddable":true,"href":"https:\/\/deputadotaveirajr.com.br\/index.php\/wp-json\/wp\/v2\/comments?post=5774"}],"version-history":[{"count":1,"href":"https:\/\/deputadotaveirajr.com.br\/index.php\/wp-json\/wp\/v2\/pages\/5774\/revisions"}],"predecessor-version":[{"id":5776,"href":"https:\/\/deputadotaveirajr.com.br\/index.php\/wp-json\/wp\/v2\/pages\/5774\/revisions\/5776"}],"wp:featuredmedia":[{"embeddable":true,"href":"https:\/\/deputadotaveirajr.com.br\/index.php\/wp-json\/wp\/v2\/media\/5775"}],"wp:attachment":[{"href":"https:\/\/deputadotaveirajr.com.br\/index.php\/wp-json\/wp\/v2\/media?parent=5774"}],"curies":[{"name":"wp","href":"https:\/\/api.w.org\/{rel}","templated":true}]}}