{"id":5868,"date":"2024-04-29T13:24:32","date_gmt":"2024-04-29T16:24:32","guid":{"rendered":"https:\/\/deputadotaveirajr.com.br\/?page_id=5868"},"modified":"2024-04-29T13:24:32","modified_gmt":"2024-04-29T16:24:32","slug":"inmet-alerta-para-chuvas-de-ate-100-milimetros-em-88-municipios-do-rn-veja-lista","status":"publish","type":"page","link":"https:\/\/deputadotaveirajr.com.br\/index.php\/inmet-alerta-para-chuvas-de-ate-100-milimetros-em-88-municipios-do-rn-veja-lista\/","title":{"rendered":"Inmet alerta para chuvas de at\u00e9 100 mil\u00edmetros em 88 munic\u00edpios do RN; veja lista"},"content":{"rendered":"<p>     Alerta \u00e9 da cor laranja, de perigo, que tamb\u00e9m prev\u00ea possibilidade de ventos intensos entre 60 e 100 km\/h e \u00e9 v\u00e1lido at\u00e9 \u00e0s 10h de ter\u00e7a (30). Inmet alerta para chuvas de at\u00e9 100 mil\u00edmetros em 88 munic\u00edpios do RN<br \/>\nReprodu\u00e7\u00e3o\/Inmet<br \/>\nO Instituto Nacional de Meteorologia (Inmet) emitiu um alerta de perigo potencial por causa de chuvas intensas em 88 munic\u00edpios potiguares. O aviso \u00e9 v\u00e1lido da manh\u00e3 desta segunda-feira (29) at\u00e9 \u00e0s 10h de ter\u00e7a (30).<br \/>\nO alerta \u00e9 da cor laranja (perigo), o segundo n\u00edvel no grau de severidade do \u00f3rg\u00e3o.<br \/>\nDe acordo com o Inmet, a previs\u00e3o \u00e9 de chuvas com volume entre 30 e 60 mil\u00edmetros por hora ou at\u00e9 100 mil\u00edmetros por dia, al\u00e9m de ventos intensos, de at\u00e9 100 km por hora.<br \/>\nH\u00e1 nesse tipo de alerta risco de corte de energia el\u00e9trica, queda de galhos de \u00e1rvores, alagamentos e de descargas el\u00e9tricas, segundo o Inmet.<br \/>\nRecomenda\u00e7\u00f5es<br \/>\nEm caso de chuva intensa e rajadas de vento, \u00e9 recomendado:<br \/>\nn\u00e3o se abrigar debaixo de \u00e1rvores;<br \/>\nn\u00e3o estacionar ve\u00edculos pr\u00f3ximos a torres de transmiss\u00e3o e placas de propaganda;<br \/>\nse poss\u00edvel, desligar aparelhos el\u00e9tricos e quadro geral de energia<br \/>\nem caso de necessidade, acionar Defesa Civil (telefone 199) e Corpo de Bombeiros (telefone 193).<br \/>\nCidades com alerta amarelo do Inmet<br \/>\nA\u00e7u<br \/>\nAfonso Bezerra<br \/>\nAlto do Rodrigues<br \/>\nAngicos<br \/>\nAreia Branca<br \/>\nAr\u00eas<br \/>\nBa\u00eda Formosa<br \/>\nBarcelona<br \/>\nBento Fernandes<br \/>\nBod\u00f3<br \/>\nBom Jesus<br \/>\nBrejinho<br \/>\nCai\u00e7ara do Norte<br \/>\nCai\u00e7ara do Rio do Vento<br \/>\nCanguaretama<br \/>\nCarnaubais<br \/>\nCear\u00e1-Mirim<br \/>\nCerro Cor\u00e1<br \/>\nEsp\u00edrito Santo<br \/>\nExtremoz<br \/>\nFernando Pedroza<br \/>\nGalinhos<br \/>\nGoianinha<br \/>\nGuamar\u00e9<br \/>\nIelmo Marinho<br \/>\nIpangua\u00e7u<br \/>\nItaj\u00e1<br \/>\nJanda\u00edra<br \/>\nJanu\u00e1rio Cicco<br \/>\nJardim de Angicos<br \/>\nJo\u00e3o C\u00e2mara<br \/>\nJundi\u00e1<br \/>\nLagoa d&#8217;Anta<br \/>\nLagoa de Pedras<br \/>\nLagoa de Velhos<br \/>\nLagoa Salgada<br \/>\nLajes<br \/>\nLajes Pintadas<br \/>\nMaca\u00edba<br \/>\nMacau<br \/>\nMaxaranguape<br \/>\nMontanhas<br \/>\nMonte Alegre<br \/>\nMonte das Gameleiras<br \/>\nNatal<br \/>\nN\u00edsia Floresta<br \/>\nNova Cruz<br \/>\nParazinho<br \/>\nParnamirim<br \/>\nPassa e Fica<br \/>\nPassagem<br \/>\nPedra Grande<br \/>\nPedra Preta<br \/>\nPedro Avelino<br \/>\nPedro Velho<br \/>\nPend\u00eancias<br \/>\nPo\u00e7o Branco<br \/>\nPorto do Mangue<br \/>\nPureza<br \/>\nRiachuelo<br \/>\nRio do Fogo<br \/>\nRuy Barbosa<br \/>\nSanta Cruz<br \/>\nSanta Maria<br \/>\nSantana do Matos<br \/>\nSanto Ant\u00f4nio<br \/>\nS\u00e3o Bento do Norte<br \/>\nS\u00e3o Gon\u00e7alo do Amarante<br \/>\nS\u00e3o Jos\u00e9 de Mipibu<br \/>\nS\u00e3o Jos\u00e9 do Campestre<br \/>\nS\u00e3o Miguel do Gostoso<br \/>\nS\u00e3o Paulo do Potengi<br \/>\nS\u00e3o Pedro<br \/>\nS\u00e3o Tom\u00e9<br \/>\nSenador El\u00f3i de Souza<br \/>\nSenador Georgino Avelino<br \/>\nSerra Caiada<br \/>\nSerra de S\u00e3o Bento<br \/>\nSerra do Mel<br \/>\nSerrinha<br \/>\nS\u00edtio Novo<br \/>\nTaipu<br \/>\nTangar\u00e1<br \/>\nTibau do Sul<br \/>\nTouros<br \/>\nV\u00e1rzea<br \/>\nVera Cruz<br \/>\nVila Flor<br \/>\nVeja os v\u00eddeos mais assistidos no g1 RN<\/p>","protected":false},"excerpt":{"rendered":"<p>Alerta \u00e9 da cor laranja, de perigo, que tamb\u00e9m prev\u00ea possibilidade de ventos intensos entre 60 e 100 km\/h e \u00e9 v\u00e1lido at\u00e9 \u00e0s 10h de ter\u00e7a (30). Inmet alerta &#8230;<\/p>\n","protected":false},"author":0,"featured_media":5869,"parent":0,"menu_order":0,"comment_status":"closed","ping_status":"closed","template":"","meta":{"footnotes":""},"class_list":["post-5868","page","type-page","status-publish","has-post-thumbnail","hentry"],"yoast_head":"<!-- This site is optimized with the Yoast SEO plugin v27.1.1 - https:\/\/yoast.com\/product\/yoast-seo-wordpress\/ -->\n<title>Inmet alerta para chuvas de at\u00e9 100 mil\u00edmetros em 88 munic\u00edpios do RN; veja lista - Taveira Jr<\/title>\n<meta name=\"robots\" content=\"index, follow, max-snippet:-1, max-image-preview:large, max-video-preview:-1\" \/>\n<link rel=\"canonical\" href=\"https:\/\/deputadotaveirajr.com.br\/index.php\/inmet-alerta-para-chuvas-de-ate-100-milimetros-em-88-municipios-do-rn-veja-lista\/\" \/>\n<meta property=\"og:locale\" content=\"pt_BR\" \/>\n<meta property=\"og:type\" content=\"article\" \/>\n<meta property=\"og:title\" content=\"Inmet alerta para chuvas de at\u00e9 100 mil\u00edmetros em 88 munic\u00edpios do RN; veja lista - Taveira Jr\" \/>\n<meta property=\"og:description\" content=\"Alerta \u00e9 da cor laranja, de perigo, que tamb\u00e9m prev\u00ea possibilidade de ventos intensos entre 60 e 100 km\/h e \u00e9 v\u00e1lido at\u00e9 \u00e0s 10h de ter\u00e7a (30). Inmet alerta ...\" \/>\n<meta property=\"og:url\" content=\"https:\/\/deputadotaveirajr.com.br\/index.php\/inmet-alerta-para-chuvas-de-ate-100-milimetros-em-88-municipios-do-rn-veja-lista\/\" \/>\n<meta property=\"og:site_name\" content=\"Taveira Jr\" \/>\n<meta property=\"og:image\" content=\"https:\/\/deputadotaveirajr.com.br\/wp-content\/uploads\/2024\/04\/inmet2-v9vqJJ.jpeg\" \/>\n\t<meta property=\"og:image:width\" content=\"617\" \/>\n\t<meta property=\"og:image:height\" content=\"395\" \/>\n\t<meta property=\"og:image:type\" content=\"image\/jpeg\" \/>\n<meta name=\"twitter:card\" content=\"summary_large_image\" \/>\n<meta name=\"twitter:label1\" content=\"Est. tempo de leitura\" \/>\n\t<meta name=\"twitter:data1\" content=\"2 minutos\" \/>\n<script type=\"application\/ld+json\" class=\"yoast-schema-graph\">{\"@context\":\"https:\/\/schema.org\",\"@graph\":[{\"@type\":\"WebPage\",\"@id\":\"https:\/\/deputadotaveirajr.com.br\/index.php\/inmet-alerta-para-chuvas-de-ate-100-milimetros-em-88-municipios-do-rn-veja-lista\/\",\"url\":\"https:\/\/deputadotaveirajr.com.br\/index.php\/inmet-alerta-para-chuvas-de-ate-100-milimetros-em-88-municipios-do-rn-veja-lista\/\",\"name\":\"Inmet alerta para chuvas de at\u00e9 100 mil\u00edmetros em 88 munic\u00edpios do RN; veja lista - Taveira Jr\",\"isPartOf\":{\"@id\":\"https:\/\/deputadotaveirajr.com.br\/#website\"},\"primaryImageOfPage\":{\"@id\":\"https:\/\/deputadotaveirajr.com.br\/index.php\/inmet-alerta-para-chuvas-de-ate-100-milimetros-em-88-municipios-do-rn-veja-lista\/#primaryimage\"},\"image\":{\"@id\":\"https:\/\/deputadotaveirajr.com.br\/index.php\/inmet-alerta-para-chuvas-de-ate-100-milimetros-em-88-municipios-do-rn-veja-lista\/#primaryimage\"},\"thumbnailUrl\":\"https:\/\/deputadotaveirajr.com.br\/wp-content\/uploads\/2024\/04\/inmet2-v9vqJJ.jpeg\",\"datePublished\":\"2024-04-29T16:24:32+00:00\",\"breadcrumb\":{\"@id\":\"https:\/\/deputadotaveirajr.com.br\/index.php\/inmet-alerta-para-chuvas-de-ate-100-milimetros-em-88-municipios-do-rn-veja-lista\/#breadcrumb\"},\"inLanguage\":\"pt-BR\",\"potentialAction\":[{\"@type\":\"ReadAction\",\"target\":[\"https:\/\/deputadotaveirajr.com.br\/index.php\/inmet-alerta-para-chuvas-de-ate-100-milimetros-em-88-municipios-do-rn-veja-lista\/\"]}]},{\"@type\":\"ImageObject\",\"inLanguage\":\"pt-BR\",\"@id\":\"https:\/\/deputadotaveirajr.com.br\/index.php\/inmet-alerta-para-chuvas-de-ate-100-milimetros-em-88-municipios-do-rn-veja-lista\/#primaryimage\",\"url\":\"https:\/\/deputadotaveirajr.com.br\/wp-content\/uploads\/2024\/04\/inmet2-v9vqJJ.jpeg\",\"contentUrl\":\"https:\/\/deputadotaveirajr.com.br\/wp-content\/uploads\/2024\/04\/inmet2-v9vqJJ.jpeg\",\"width\":617,\"height\":395},{\"@type\":\"BreadcrumbList\",\"@id\":\"https:\/\/deputadotaveirajr.com.br\/index.php\/inmet-alerta-para-chuvas-de-ate-100-milimetros-em-88-municipios-do-rn-veja-lista\/#breadcrumb\",\"itemListElement\":[{\"@type\":\"ListItem\",\"position\":1,\"name\":\"In\u00edcio\",\"item\":\"https:\/\/deputadotaveirajr.com.br\/\"},{\"@type\":\"ListItem\",\"position\":2,\"name\":\"Inmet alerta para chuvas de at\u00e9 100 mil\u00edmetros em 88 munic\u00edpios do RN; veja lista\"}]},{\"@type\":\"WebSite\",\"@id\":\"https:\/\/deputadotaveirajr.com.br\/#website\",\"url\":\"https:\/\/deputadotaveirajr.com.br\/\",\"name\":\"Taveira Jr\",\"description\":\"Deputado Estadual\",\"publisher\":{\"@id\":\"https:\/\/deputadotaveirajr.com.br\/#organization\"},\"potentialAction\":[{\"@type\":\"SearchAction\",\"target\":{\"@type\":\"EntryPoint\",\"urlTemplate\":\"https:\/\/deputadotaveirajr.com.br\/?s={search_term_string}\"},\"query-input\":{\"@type\":\"PropertyValueSpecification\",\"valueRequired\":true,\"valueName\":\"search_term_string\"}}],\"inLanguage\":\"pt-BR\"},{\"@type\":\"Organization\",\"@id\":\"https:\/\/deputadotaveirajr.com.br\/#organization\",\"name\":\"Taveira Jr\",\"url\":\"https:\/\/deputadotaveirajr.com.br\/\",\"logo\":{\"@type\":\"ImageObject\",\"inLanguage\":\"pt-BR\",\"@id\":\"https:\/\/deputadotaveirajr.com.br\/#\/schema\/logo\/image\/\",\"url\":\"https:\/\/deputadotaveirajr.com.br\/wp-content\/uploads\/2026\/01\/logolow2a.png\",\"contentUrl\":\"https:\/\/deputadotaveirajr.com.br\/wp-content\/uploads\/2026\/01\/logolow2a.png\",\"width\":290,\"height\":80,\"caption\":\"Taveira Jr\"},\"image\":{\"@id\":\"https:\/\/deputadotaveirajr.com.br\/#\/schema\/logo\/image\/\"}}]}<\/script>\n<!-- \/ Yoast SEO plugin. -->","yoast_head_json":{"title":"Inmet alerta para chuvas de at\u00e9 100 mil\u00edmetros em 88 munic\u00edpios do RN; veja lista - Taveira Jr","robots":{"index":"index","follow":"follow","max-snippet":"max-snippet:-1","max-image-preview":"max-image-preview:large","max-video-preview":"max-video-preview:-1"},"canonical":"https:\/\/deputadotaveirajr.com.br\/index.php\/inmet-alerta-para-chuvas-de-ate-100-milimetros-em-88-municipios-do-rn-veja-lista\/","og_locale":"pt_BR","og_type":"article","og_title":"Inmet alerta para chuvas de at\u00e9 100 mil\u00edmetros em 88 munic\u00edpios do RN; veja lista - Taveira Jr","og_description":"Alerta \u00e9 da cor laranja, de perigo, que tamb\u00e9m prev\u00ea possibilidade de ventos intensos entre 60 e 100 km\/h e \u00e9 v\u00e1lido at\u00e9 \u00e0s 10h de ter\u00e7a (30). Inmet alerta ...","og_url":"https:\/\/deputadotaveirajr.com.br\/index.php\/inmet-alerta-para-chuvas-de-ate-100-milimetros-em-88-municipios-do-rn-veja-lista\/","og_site_name":"Taveira Jr","og_image":[{"width":617,"height":395,"url":"https:\/\/deputadotaveirajr.com.br\/wp-content\/uploads\/2024\/04\/inmet2-v9vqJJ.jpeg","type":"image\/jpeg"}],"twitter_card":"summary_large_image","twitter_misc":{"Est. tempo de leitura":"2 minutos"},"schema":{"@context":"https:\/\/schema.org","@graph":[{"@type":"WebPage","@id":"https:\/\/deputadotaveirajr.com.br\/index.php\/inmet-alerta-para-chuvas-de-ate-100-milimetros-em-88-municipios-do-rn-veja-lista\/","url":"https:\/\/deputadotaveirajr.com.br\/index.php\/inmet-alerta-para-chuvas-de-ate-100-milimetros-em-88-municipios-do-rn-veja-lista\/","name":"Inmet alerta para chuvas de at\u00e9 100 mil\u00edmetros em 88 munic\u00edpios do RN; veja lista - Taveira Jr","isPartOf":{"@id":"https:\/\/deputadotaveirajr.com.br\/#website"},"primaryImageOfPage":{"@id":"https:\/\/deputadotaveirajr.com.br\/index.php\/inmet-alerta-para-chuvas-de-ate-100-milimetros-em-88-municipios-do-rn-veja-lista\/#primaryimage"},"image":{"@id":"https:\/\/deputadotaveirajr.com.br\/index.php\/inmet-alerta-para-chuvas-de-ate-100-milimetros-em-88-municipios-do-rn-veja-lista\/#primaryimage"},"thumbnailUrl":"https:\/\/deputadotaveirajr.com.br\/wp-content\/uploads\/2024\/04\/inmet2-v9vqJJ.jpeg","datePublished":"2024-04-29T16:24:32+00:00","breadcrumb":{"@id":"https:\/\/deputadotaveirajr.com.br\/index.php\/inmet-alerta-para-chuvas-de-ate-100-milimetros-em-88-municipios-do-rn-veja-lista\/#breadcrumb"},"inLanguage":"pt-BR","potentialAction":[{"@type":"ReadAction","target":["https:\/\/deputadotaveirajr.com.br\/index.php\/inmet-alerta-para-chuvas-de-ate-100-milimetros-em-88-municipios-do-rn-veja-lista\/"]}]},{"@type":"ImageObject","inLanguage":"pt-BR","@id":"https:\/\/deputadotaveirajr.com.br\/index.php\/inmet-alerta-para-chuvas-de-ate-100-milimetros-em-88-municipios-do-rn-veja-lista\/#primaryimage","url":"https:\/\/deputadotaveirajr.com.br\/wp-content\/uploads\/2024\/04\/inmet2-v9vqJJ.jpeg","contentUrl":"https:\/\/deputadotaveirajr.com.br\/wp-content\/uploads\/2024\/04\/inmet2-v9vqJJ.jpeg","width":617,"height":395},{"@type":"BreadcrumbList","@id":"https:\/\/deputadotaveirajr.com.br\/index.php\/inmet-alerta-para-chuvas-de-ate-100-milimetros-em-88-municipios-do-rn-veja-lista\/#breadcrumb","itemListElement":[{"@type":"ListItem","position":1,"name":"In\u00edcio","item":"https:\/\/deputadotaveirajr.com.br\/"},{"@type":"ListItem","position":2,"name":"Inmet alerta para chuvas de at\u00e9 100 mil\u00edmetros em 88 munic\u00edpios do RN; veja lista"}]},{"@type":"WebSite","@id":"https:\/\/deputadotaveirajr.com.br\/#website","url":"https:\/\/deputadotaveirajr.com.br\/","name":"Taveira Jr","description":"Deputado Estadual","publisher":{"@id":"https:\/\/deputadotaveirajr.com.br\/#organization"},"potentialAction":[{"@type":"SearchAction","target":{"@type":"EntryPoint","urlTemplate":"https:\/\/deputadotaveirajr.com.br\/?s={search_term_string}"},"query-input":{"@type":"PropertyValueSpecification","valueRequired":true,"valueName":"search_term_string"}}],"inLanguage":"pt-BR"},{"@type":"Organization","@id":"https:\/\/deputadotaveirajr.com.br\/#organization","name":"Taveira Jr","url":"https:\/\/deputadotaveirajr.com.br\/","logo":{"@type":"ImageObject","inLanguage":"pt-BR","@id":"https:\/\/deputadotaveirajr.com.br\/#\/schema\/logo\/image\/","url":"https:\/\/deputadotaveirajr.com.br\/wp-content\/uploads\/2026\/01\/logolow2a.png","contentUrl":"https:\/\/deputadotaveirajr.com.br\/wp-content\/uploads\/2026\/01\/logolow2a.png","width":290,"height":80,"caption":"Taveira Jr"},"image":{"@id":"https:\/\/deputadotaveirajr.com.br\/#\/schema\/logo\/image\/"}}]}},"_links":{"self":[{"href":"https:\/\/deputadotaveirajr.com.br\/index.php\/wp-json\/wp\/v2\/pages\/5868","targetHints":{"allow":["GET"]}}],"collection":[{"href":"https:\/\/deputadotaveirajr.com.br\/index.php\/wp-json\/wp\/v2\/pages"}],"about":[{"href":"https:\/\/deputadotaveirajr.com.br\/index.php\/wp-json\/wp\/v2\/types\/page"}],"replies":[{"embeddable":true,"href":"https:\/\/deputadotaveirajr.com.br\/index.php\/wp-json\/wp\/v2\/comments?post=5868"}],"version-history":[{"count":1,"href":"https:\/\/deputadotaveirajr.com.br\/index.php\/wp-json\/wp\/v2\/pages\/5868\/revisions"}],"predecessor-version":[{"id":5874,"href":"https:\/\/deputadotaveirajr.com.br\/index.php\/wp-json\/wp\/v2\/pages\/5868\/revisions\/5874"}],"wp:featuredmedia":[{"embeddable":true,"href":"https:\/\/deputadotaveirajr.com.br\/index.php\/wp-json\/wp\/v2\/media\/5869"}],"wp:attachment":[{"href":"https:\/\/deputadotaveirajr.com.br\/index.php\/wp-json\/wp\/v2\/media?parent=5868"}],"curies":[{"name":"wp","href":"https:\/\/api.w.org\/{rel}","templated":true}]}}