{"id":5872,"date":"2024-04-29T11:39:18","date_gmt":"2024-04-29T14:39:18","guid":{"rendered":"https:\/\/deputadotaveirajr.com.br\/index.php\/mulher-e-morta-a-facadas-e-marido-confessa-crime-ao-se-entregar-a-policia-no-interior-do-rn\/"},"modified":"2024-04-29T11:39:18","modified_gmt":"2024-04-29T14:39:18","slug":"mulher-e-morta-a-facadas-e-marido-confessa-crime-ao-se-entregar-a-policia-no-interior-do-rn","status":"publish","type":"page","link":"https:\/\/deputadotaveirajr.com.br\/index.php\/mulher-e-morta-a-facadas-e-marido-confessa-crime-ao-se-entregar-a-policia-no-interior-do-rn\/","title":{"rendered":"Mulher \u00e9 morta a facadas e marido confessa crime ao se entregar \u00e0 pol\u00edcia no interior do RN"},"content":{"rendered":"<p>     Caso aconteceu na noite deste domingo (29) em Monte das Gameleiras, na regi\u00e3o Agreste. Homem fugiu do local do crime, mas se entregou \u00e0 pol\u00edcia em S\u00e3o Jos\u00e9 do Campestre. Jadna Cardoso Felipe, de 37 anos, foi morta a facadas em Monte das Gameleiras<br \/>\nRedes sociais<br \/>\nUma mulher de 37 anos foi assassinada com pelo menos tr\u00eas golpes de faca, na noite neste domingo (28), na cidade de Monte das Gameleiras, na regi\u00e3o Agreste potiguar. O marido da v\u00edtima foi apontado como principal suspeito do assassinato.<br \/>\nSegundo a Pol\u00edcia Militar, o homem fugiu do local em uma moto, percorreu cerca de 40 km, mas se entregou a policiais cerca de uma hora depois, na cidade de S\u00e3o Jos\u00e9 do Campestre, onde confessou o crime.<br \/>\nA v\u00edtima foi identificada como Jadna Cardoso Felipe, de 37 anos. Ela tinha dois filhos &#8211; um de 14 anos e outro de 3 anos. O mais novo \u00e9 filho dela com o suspeito do crime.<br \/>\nSegundo a pol\u00edcia, os filhos de Jadna estavam na casa dos av\u00f3s e a mulher estava s\u00f3 com o marido, em casa, quando houve uma discuss\u00e3o do casal e o homem esfaqueou a mulher.<br \/>\nTestemunhas informaram que ouviram gritos e que o homem deixou o local em uma moto, pouco depois. O corpo da v\u00edtima foi encontrado na cozinha da resid\u00eancia.<br \/>\nSegundo a PM, familiares e amigos informaram que as brigas eram constantes, na casa.<br \/>\nAp\u00f3s se entregar na cidade de S\u00e3o Jos\u00e9 de Campestre, o homem foi encaminhado a uma delegacia de plant\u00e3o, onde recebeu voz de pris\u00e3o em flagrante. Ele dever\u00e1 passar por audi\u00eancia de cust\u00f3dia nesta segunda-feira (29).<br \/>\nO corpo da Jadna foi recolhido pelo Instituto T\u00e9cnico-Cient\u00edfico de Per\u00edcia (Itep) para passar por exames periciais. Os peritos tamb\u00e9m fizeram uma an\u00e1lise do local do crime, para auxiliar a Pol\u00edcia Civil nas investiga\u00e7\u00f5es.<br \/>\nVeja os v\u00eddeos mais assistidos no g1 RN<\/p>","protected":false},"excerpt":{"rendered":"<p>Caso aconteceu na noite deste domingo (29) em Monte das Gameleiras, na regi\u00e3o Agreste. Homem fugiu do local do crime, mas se entregou \u00e0 pol\u00edcia em S\u00e3o Jos\u00e9 do Campestre. &#8230;<\/p>\n","protected":false},"author":0,"featured_media":5873,"parent":0,"menu_order":0,"comment_status":"closed","ping_status":"closed","template":"","meta":{"footnotes":""},"class_list":["post-5872","page","type-page","status-publish","has-post-thumbnail","hentry"],"yoast_head":"<!-- This site is optimized with the Yoast SEO plugin v27.1.1 - https:\/\/yoast.com\/product\/yoast-seo-wordpress\/ -->\n<title>Mulher \u00e9 morta a facadas e marido confessa crime ao se entregar \u00e0 pol\u00edcia no interior do RN - Taveira Jr<\/title>\n<meta name=\"robots\" content=\"index, follow, max-snippet:-1, max-image-preview:large, max-video-preview:-1\" \/>\n<link rel=\"canonical\" href=\"https:\/\/deputadotaveirajr.com.br\/index.php\/mulher-e-morta-a-facadas-e-marido-confessa-crime-ao-se-entregar-a-policia-no-interior-do-rn\/\" \/>\n<meta property=\"og:locale\" content=\"pt_BR\" \/>\n<meta property=\"og:type\" content=\"article\" \/>\n<meta property=\"og:title\" content=\"Mulher \u00e9 morta a facadas e marido confessa crime ao se entregar \u00e0 pol\u00edcia no interior do RN - Taveira Jr\" \/>\n<meta property=\"og:description\" content=\"Caso aconteceu na noite deste domingo (29) em Monte das Gameleiras, na regi\u00e3o Agreste. Homem fugiu do local do crime, mas se entregou \u00e0 pol\u00edcia em S\u00e3o Jos\u00e9 do Campestre. ...\" \/>\n<meta property=\"og:url\" content=\"https:\/\/deputadotaveirajr.com.br\/index.php\/mulher-e-morta-a-facadas-e-marido-confessa-crime-ao-se-entregar-a-policia-no-interior-do-rn\/\" \/>\n<meta property=\"og:site_name\" content=\"Taveira Jr\" \/>\n<meta name=\"twitter:card\" content=\"summary_large_image\" \/>\n<meta name=\"twitter:label1\" content=\"Est. tempo de leitura\" \/>\n\t<meta name=\"twitter:data1\" content=\"2 minutos\" \/>\n<script type=\"application\/ld+json\" class=\"yoast-schema-graph\">{\"@context\":\"https:\/\/schema.org\",\"@graph\":[{\"@type\":\"WebPage\",\"@id\":\"https:\/\/deputadotaveirajr.com.br\/index.php\/mulher-e-morta-a-facadas-e-marido-confessa-crime-ao-se-entregar-a-policia-no-interior-do-rn\/\",\"url\":\"https:\/\/deputadotaveirajr.com.br\/index.php\/mulher-e-morta-a-facadas-e-marido-confessa-crime-ao-se-entregar-a-policia-no-interior-do-rn\/\",\"name\":\"Mulher \u00e9 morta a facadas e marido confessa crime ao se entregar \u00e0 pol\u00edcia no interior do RN - Taveira Jr\",\"isPartOf\":{\"@id\":\"https:\/\/deputadotaveirajr.com.br\/#website\"},\"primaryImageOfPage\":{\"@id\":\"https:\/\/deputadotaveirajr.com.br\/index.php\/mulher-e-morta-a-facadas-e-marido-confessa-crime-ao-se-entregar-a-policia-no-interior-do-rn\/#primaryimage\"},\"image\":{\"@id\":\"https:\/\/deputadotaveirajr.com.br\/index.php\/mulher-e-morta-a-facadas-e-marido-confessa-crime-ao-se-entregar-a-policia-no-interior-do-rn\/#primaryimage\"},\"thumbnailUrl\":\"https:\/\/deputadotaveirajr.com.br\/wp-content\/uploads\/2024\/04\/whatsapp-image-2024-04-29-at-08.17.45-kwjQmX.jpeg\",\"datePublished\":\"2024-04-29T14:39:18+00:00\",\"breadcrumb\":{\"@id\":\"https:\/\/deputadotaveirajr.com.br\/index.php\/mulher-e-morta-a-facadas-e-marido-confessa-crime-ao-se-entregar-a-policia-no-interior-do-rn\/#breadcrumb\"},\"inLanguage\":\"pt-BR\",\"potentialAction\":[{\"@type\":\"ReadAction\",\"target\":[\"https:\/\/deputadotaveirajr.com.br\/index.php\/mulher-e-morta-a-facadas-e-marido-confessa-crime-ao-se-entregar-a-policia-no-interior-do-rn\/\"]}]},{\"@type\":\"ImageObject\",\"inLanguage\":\"pt-BR\",\"@id\":\"https:\/\/deputadotaveirajr.com.br\/index.php\/mulher-e-morta-a-facadas-e-marido-confessa-crime-ao-se-entregar-a-policia-no-interior-do-rn\/#primaryimage\",\"url\":\"https:\/\/deputadotaveirajr.com.br\/wp-content\/uploads\/2024\/04\/whatsapp-image-2024-04-29-at-08.17.45-kwjQmX.jpeg\",\"contentUrl\":\"https:\/\/deputadotaveirajr.com.br\/wp-content\/uploads\/2024\/04\/whatsapp-image-2024-04-29-at-08.17.45-kwjQmX.jpeg\",\"width\":720,\"height\":720},{\"@type\":\"BreadcrumbList\",\"@id\":\"https:\/\/deputadotaveirajr.com.br\/index.php\/mulher-e-morta-a-facadas-e-marido-confessa-crime-ao-se-entregar-a-policia-no-interior-do-rn\/#breadcrumb\",\"itemListElement\":[{\"@type\":\"ListItem\",\"position\":1,\"name\":\"In\u00edcio\",\"item\":\"https:\/\/deputadotaveirajr.com.br\/\"},{\"@type\":\"ListItem\",\"position\":2,\"name\":\"Mulher \u00e9 morta a facadas e marido confessa crime ao se entregar \u00e0 pol\u00edcia no interior do RN\"}]},{\"@type\":\"WebSite\",\"@id\":\"https:\/\/deputadotaveirajr.com.br\/#website\",\"url\":\"https:\/\/deputadotaveirajr.com.br\/\",\"name\":\"Taveira Jr\",\"description\":\"Deputado Estadual\",\"publisher\":{\"@id\":\"https:\/\/deputadotaveirajr.com.br\/#organization\"},\"potentialAction\":[{\"@type\":\"SearchAction\",\"target\":{\"@type\":\"EntryPoint\",\"urlTemplate\":\"https:\/\/deputadotaveirajr.com.br\/?s={search_term_string}\"},\"query-input\":{\"@type\":\"PropertyValueSpecification\",\"valueRequired\":true,\"valueName\":\"search_term_string\"}}],\"inLanguage\":\"pt-BR\"},{\"@type\":\"Organization\",\"@id\":\"https:\/\/deputadotaveirajr.com.br\/#organization\",\"name\":\"Taveira Jr\",\"url\":\"https:\/\/deputadotaveirajr.com.br\/\",\"logo\":{\"@type\":\"ImageObject\",\"inLanguage\":\"pt-BR\",\"@id\":\"https:\/\/deputadotaveirajr.com.br\/#\/schema\/logo\/image\/\",\"url\":\"https:\/\/deputadotaveirajr.com.br\/wp-content\/uploads\/2026\/01\/logolow2a.png\",\"contentUrl\":\"https:\/\/deputadotaveirajr.com.br\/wp-content\/uploads\/2026\/01\/logolow2a.png\",\"width\":290,\"height\":80,\"caption\":\"Taveira Jr\"},\"image\":{\"@id\":\"https:\/\/deputadotaveirajr.com.br\/#\/schema\/logo\/image\/\"}}]}<\/script>\n<!-- \/ Yoast SEO plugin. -->","yoast_head_json":{"title":"Mulher \u00e9 morta a facadas e marido confessa crime ao se entregar \u00e0 pol\u00edcia no interior do RN - Taveira Jr","robots":{"index":"index","follow":"follow","max-snippet":"max-snippet:-1","max-image-preview":"max-image-preview:large","max-video-preview":"max-video-preview:-1"},"canonical":"https:\/\/deputadotaveirajr.com.br\/index.php\/mulher-e-morta-a-facadas-e-marido-confessa-crime-ao-se-entregar-a-policia-no-interior-do-rn\/","og_locale":"pt_BR","og_type":"article","og_title":"Mulher \u00e9 morta a facadas e marido confessa crime ao se entregar \u00e0 pol\u00edcia no interior do RN - Taveira Jr","og_description":"Caso aconteceu na noite deste domingo (29) em Monte das Gameleiras, na regi\u00e3o Agreste. Homem fugiu do local do crime, mas se entregou \u00e0 pol\u00edcia em S\u00e3o Jos\u00e9 do Campestre. ...","og_url":"https:\/\/deputadotaveirajr.com.br\/index.php\/mulher-e-morta-a-facadas-e-marido-confessa-crime-ao-se-entregar-a-policia-no-interior-do-rn\/","og_site_name":"Taveira Jr","twitter_card":"summary_large_image","twitter_misc":{"Est. tempo de leitura":"2 minutos"},"schema":{"@context":"https:\/\/schema.org","@graph":[{"@type":"WebPage","@id":"https:\/\/deputadotaveirajr.com.br\/index.php\/mulher-e-morta-a-facadas-e-marido-confessa-crime-ao-se-entregar-a-policia-no-interior-do-rn\/","url":"https:\/\/deputadotaveirajr.com.br\/index.php\/mulher-e-morta-a-facadas-e-marido-confessa-crime-ao-se-entregar-a-policia-no-interior-do-rn\/","name":"Mulher \u00e9 morta a facadas e marido confessa crime ao se entregar \u00e0 pol\u00edcia no interior do RN - Taveira Jr","isPartOf":{"@id":"https:\/\/deputadotaveirajr.com.br\/#website"},"primaryImageOfPage":{"@id":"https:\/\/deputadotaveirajr.com.br\/index.php\/mulher-e-morta-a-facadas-e-marido-confessa-crime-ao-se-entregar-a-policia-no-interior-do-rn\/#primaryimage"},"image":{"@id":"https:\/\/deputadotaveirajr.com.br\/index.php\/mulher-e-morta-a-facadas-e-marido-confessa-crime-ao-se-entregar-a-policia-no-interior-do-rn\/#primaryimage"},"thumbnailUrl":"https:\/\/deputadotaveirajr.com.br\/wp-content\/uploads\/2024\/04\/whatsapp-image-2024-04-29-at-08.17.45-kwjQmX.jpeg","datePublished":"2024-04-29T14:39:18+00:00","breadcrumb":{"@id":"https:\/\/deputadotaveirajr.com.br\/index.php\/mulher-e-morta-a-facadas-e-marido-confessa-crime-ao-se-entregar-a-policia-no-interior-do-rn\/#breadcrumb"},"inLanguage":"pt-BR","potentialAction":[{"@type":"ReadAction","target":["https:\/\/deputadotaveirajr.com.br\/index.php\/mulher-e-morta-a-facadas-e-marido-confessa-crime-ao-se-entregar-a-policia-no-interior-do-rn\/"]}]},{"@type":"ImageObject","inLanguage":"pt-BR","@id":"https:\/\/deputadotaveirajr.com.br\/index.php\/mulher-e-morta-a-facadas-e-marido-confessa-crime-ao-se-entregar-a-policia-no-interior-do-rn\/#primaryimage","url":"https:\/\/deputadotaveirajr.com.br\/wp-content\/uploads\/2024\/04\/whatsapp-image-2024-04-29-at-08.17.45-kwjQmX.jpeg","contentUrl":"https:\/\/deputadotaveirajr.com.br\/wp-content\/uploads\/2024\/04\/whatsapp-image-2024-04-29-at-08.17.45-kwjQmX.jpeg","width":720,"height":720},{"@type":"BreadcrumbList","@id":"https:\/\/deputadotaveirajr.com.br\/index.php\/mulher-e-morta-a-facadas-e-marido-confessa-crime-ao-se-entregar-a-policia-no-interior-do-rn\/#breadcrumb","itemListElement":[{"@type":"ListItem","position":1,"name":"In\u00edcio","item":"https:\/\/deputadotaveirajr.com.br\/"},{"@type":"ListItem","position":2,"name":"Mulher \u00e9 morta a facadas e marido confessa crime ao se entregar \u00e0 pol\u00edcia no interior do RN"}]},{"@type":"WebSite","@id":"https:\/\/deputadotaveirajr.com.br\/#website","url":"https:\/\/deputadotaveirajr.com.br\/","name":"Taveira Jr","description":"Deputado Estadual","publisher":{"@id":"https:\/\/deputadotaveirajr.com.br\/#organization"},"potentialAction":[{"@type":"SearchAction","target":{"@type":"EntryPoint","urlTemplate":"https:\/\/deputadotaveirajr.com.br\/?s={search_term_string}"},"query-input":{"@type":"PropertyValueSpecification","valueRequired":true,"valueName":"search_term_string"}}],"inLanguage":"pt-BR"},{"@type":"Organization","@id":"https:\/\/deputadotaveirajr.com.br\/#organization","name":"Taveira Jr","url":"https:\/\/deputadotaveirajr.com.br\/","logo":{"@type":"ImageObject","inLanguage":"pt-BR","@id":"https:\/\/deputadotaveirajr.com.br\/#\/schema\/logo\/image\/","url":"https:\/\/deputadotaveirajr.com.br\/wp-content\/uploads\/2026\/01\/logolow2a.png","contentUrl":"https:\/\/deputadotaveirajr.com.br\/wp-content\/uploads\/2026\/01\/logolow2a.png","width":290,"height":80,"caption":"Taveira Jr"},"image":{"@id":"https:\/\/deputadotaveirajr.com.br\/#\/schema\/logo\/image\/"}}]}},"_links":{"self":[{"href":"https:\/\/deputadotaveirajr.com.br\/index.php\/wp-json\/wp\/v2\/pages\/5872","targetHints":{"allow":["GET"]}}],"collection":[{"href":"https:\/\/deputadotaveirajr.com.br\/index.php\/wp-json\/wp\/v2\/pages"}],"about":[{"href":"https:\/\/deputadotaveirajr.com.br\/index.php\/wp-json\/wp\/v2\/types\/page"}],"replies":[{"embeddable":true,"href":"https:\/\/deputadotaveirajr.com.br\/index.php\/wp-json\/wp\/v2\/comments?post=5872"}],"version-history":[{"count":0,"href":"https:\/\/deputadotaveirajr.com.br\/index.php\/wp-json\/wp\/v2\/pages\/5872\/revisions"}],"wp:featuredmedia":[{"embeddable":true,"href":"https:\/\/deputadotaveirajr.com.br\/index.php\/wp-json\/wp\/v2\/media\/5873"}],"wp:attachment":[{"href":"https:\/\/deputadotaveirajr.com.br\/index.php\/wp-json\/wp\/v2\/media?parent=5872"}],"curies":[{"name":"wp","href":"https:\/\/api.w.org\/{rel}","templated":true}]}}