{"id":5875,"date":"2024-04-29T17:45:37","date_gmt":"2024-04-29T20:45:37","guid":{"rendered":"https:\/\/deputadotaveirajr.com.br\/?page_id=5875"},"modified":"2024-04-29T17:45:37","modified_gmt":"2024-04-29T20:45:37","slug":"policia-diz-que-suspeito-de-matar-psicologa-no-rn-queria-usa-la-como-ponte-para-reatar-com-ex-namorada","status":"publish","type":"page","link":"https:\/\/deputadotaveirajr.com.br\/index.php\/policia-diz-que-suspeito-de-matar-psicologa-no-rn-queria-usa-la-como-ponte-para-reatar-com-ex-namorada\/","title":{"rendered":"Pol\u00edcia diz que suspeito de matar psic\u00f3loga no RN queria us\u00e1-la como &#8216;ponte&#8217; para reatar com ex-namorada"},"content":{"rendered":"<p>     Amiga da v\u00edtima, agente da Pol\u00edcia Civil foi ouvida nesta segunda-feira (29) e disse que teve relacionamento com suspeito entre 2020 e 2022.   Fabiana em salto de paraquedas em Fortaleza<br \/>\nRedes sociais<br \/>\nPrincipal suspeito do assassinato da psic\u00f3loga Fabiana Fernandes Maia Veras, de 42 anos, o servidor da Justi\u00e7a Jo\u00e3o Batista Carvalho Neto queria usar a amizade da profissional com a ex-namorada dele para tentar reatar o relacionamento, segundo a Pol\u00edcia Civil.<br \/>\nA vers\u00e3o foi apresentada no in\u00edcio da tarde desta segunda-feira (29) pelo delegado de Ass\u00fa, Val\u00e9rio K\u00fcrten, ap\u00f3s ouvir o depoimento da ex-namorada do suspeito. A mulher \u00e9 agente da Pol\u00edcia Civil.<br \/>\nFabiana foi encontrada morta com cortes de arma branca, na \u00faltima ter\u00e7a-feira (23), dentro de casa, na cidade de Ass\u00fa, no Oeste potiguar. No mesmo local, ela mantinha um consult\u00f3rio psicol\u00f3gico. No dia seguinte, o suspeito foi preso em Natal.<br \/>\nSegundo a pol\u00edcia, o homem \u00e9 o mesmo que aparece em imagens gravadas pelas c\u00e2meras de seguran\u00e7a na casa da v\u00edtima menos de duas horas antes do hor\u00e1rio em que ela foi achada morta. Ele estava de m\u00e1scara, \u00f3culos, luvas, encapuzado e com uma sacola nas m\u00e3os.<br \/>\nLEIA TAMB\u00c9M<br \/>\nQuem era a psic\u00f3loga morta dentro de casa no interior do RN<br \/>\nO que se sabe e o que falta esclarecer sobre morte de psic\u00f3loga no RN<br \/>\nV\u00eddeo mostra suspeito dentro da casa de psic\u00f3loga encontrada morta em Assu<br \/>\nDepoimento<br \/>\nDe acordo com o delegado, no depoimento, a ex-namorada de Jo\u00e3o Batista afirmou que manteve o relacionamento com ele por aproximadamente dois anos, entre 2020 a 2022, e rompeu o namoro no in\u00edcio de 2022.<br \/>\nAinda de acordo com o delegado, a ex-namorada afirmou que, no per\u00edodo em que manteve o relacionamento, o suspeito demonstrava ser uma pessoa frustrada por n\u00e3o ter conseguido passar em concursos para juiz, e achava que ganhava pouco dinheiro.<br \/>\nAl\u00e9m disso, o homem n\u00e3o teria o h\u00e1bito de sair para lugares diferentes e mantinha um c\u00edrculo de amizades restrito, mais voltado \u00e0 namorada e aos amigos dela.<br \/>\nFabiana Maia Veras era psic\u00f3loga e foi morta no im\u00f3vel onde morava e realizava atendimentos em Assu<br \/>\nRedes sociais<br \/>\nNo depoimento, a mulher tamb\u00e9m afirmou \u00e0 pol\u00edcia que j\u00e1 est\u00e1 em outro relacionamento, por\u00e9m Jo\u00e3o Batista teria tentado entrar em contato com ela, em janeiro deste ano, por meio de Fabiana, que era amiga dela.<br \/>\nO homem teria entrado em contato com Fabiana dizendo que queria mandar um buqu\u00ea de flores para a ex-namorada.<br \/>\n&#8220;A pol\u00edcia n\u00e3o acredita em um relacionamento amoroso entre Jo\u00e3o e Fabiana. E sim que ele queria uma ponte com Fabiana para tentar que ela aconselhasse a [nome da namorada suprimido] a reatar o relacionamento. S\u00f3 que j\u00e1 faz dois anos, ela est\u00e1 em outro relacionamento. O motivo \u00e9 banal, mas, at\u00e9 ent\u00e3o, o que foi levantado \u00e9 isso&#8221;, afirmou o delegado.<br \/>\nAinda de acordo com o delegado, o suspeito queria acessar o celular da v\u00edtima, para saber se ela aconselhava a ex-namorada a n\u00e3o reatar o relacionamento com ele.<br \/>\nInvestiga\u00e7\u00e3o<br \/>\nA delegacia respons\u00e1vel pela investiga\u00e7\u00e3o dever\u00e1 solicitar \u00e0 Justi\u00e7a, nesta ter\u00e7a-feira (30), a extra\u00e7\u00e3o dos dados do celular de Jo\u00e3o Batista, para tentar descobrir se ele havia marcado ou se chegou de surpresa \u00e0 casa da psic\u00f3loga, em Ass\u00fa, a 240 km de Natal.<br \/>\nA pol\u00edcia tamb\u00e9m apurou que uma arma de fogo encontrada entre os objetos do suspeito tinha sido comprada por ele h\u00e1 cerca de 10 dias de forma ilegal.<br \/>\nDefesa quer aguardar laudos psiqui\u00e1tricos<br \/>\nProcurado pelo g1 nesta segunda-feira (29), o advogado Andr\u00e9 Dantas, que representa Jo\u00e3o Batista, n\u00e3o quis dar entrevista, mas afirmou que vai aguardar a an\u00e1lise de m\u00e9dicos e a emiss\u00e3o laudos psiqui\u00e1tricos para definir a linha de defesa do servidor p\u00fablico.<br \/>\nO advogado ainda afirmou que ele e a fam\u00edlia do suspeito se compadecem &#8220;com a trag\u00e9dia humana ocorrida no fato&#8221;.<br \/>\nVeja os v\u00eddeos mais assistidos no g1 RN<\/p>","protected":false},"excerpt":{"rendered":"<p>Amiga da v\u00edtima, agente da Pol\u00edcia Civil foi ouvida nesta segunda-feira (29) e disse que teve relacionamento com suspeito entre 2020 e 2022. Fabiana em salto de paraquedas em Fortaleza &#8230;<\/p>\n","protected":false},"author":0,"featured_media":5876,"parent":0,"menu_order":0,"comment_status":"closed","ping_status":"closed","template":"","meta":{"footnotes":""},"class_list":["post-5875","page","type-page","status-publish","has-post-thumbnail","hentry"],"yoast_head":"<!-- This site is optimized with the Yoast SEO plugin v27.1.1 - https:\/\/yoast.com\/product\/yoast-seo-wordpress\/ -->\n<title>Pol\u00edcia diz que suspeito de matar psic\u00f3loga no RN queria us\u00e1-la como &#039;ponte&#039; para reatar com ex-namorada - Taveira Jr<\/title>\n<meta name=\"robots\" content=\"index, follow, max-snippet:-1, max-image-preview:large, max-video-preview:-1\" \/>\n<link rel=\"canonical\" href=\"https:\/\/deputadotaveirajr.com.br\/index.php\/policia-diz-que-suspeito-de-matar-psicologa-no-rn-queria-usa-la-como-ponte-para-reatar-com-ex-namorada\/\" \/>\n<meta property=\"og:locale\" content=\"pt_BR\" \/>\n<meta property=\"og:type\" content=\"article\" \/>\n<meta property=\"og:title\" content=\"Pol\u00edcia diz que suspeito de matar psic\u00f3loga no RN queria us\u00e1-la como &#039;ponte&#039; para reatar com ex-namorada - Taveira Jr\" \/>\n<meta property=\"og:description\" content=\"Amiga da v\u00edtima, agente da Pol\u00edcia Civil foi ouvida nesta segunda-feira (29) e disse que teve relacionamento com suspeito entre 2020 e 2022. Fabiana em salto de paraquedas em Fortaleza ...\" \/>\n<meta property=\"og:url\" content=\"https:\/\/deputadotaveirajr.com.br\/index.php\/policia-diz-que-suspeito-de-matar-psicologa-no-rn-queria-usa-la-como-ponte-para-reatar-com-ex-namorada\/\" \/>\n<meta property=\"og:site_name\" content=\"Taveira Jr\" \/>\n<meta property=\"og:image\" content=\"https:\/\/deputadotaveirajr.com.br\/wp-content\/uploads\/2024\/04\/captura-de-tela-2024-04-25-161515-9FJV17.jpeg\" \/>\n\t<meta property=\"og:image:width\" content=\"761\" \/>\n\t<meta property=\"og:image:height\" content=\"573\" \/>\n\t<meta property=\"og:image:type\" content=\"image\/jpeg\" \/>\n<meta name=\"twitter:card\" content=\"summary_large_image\" \/>\n<meta name=\"twitter:label1\" content=\"Est. tempo de leitura\" \/>\n\t<meta name=\"twitter:data1\" content=\"3 minutos\" \/>\n<script type=\"application\/ld+json\" class=\"yoast-schema-graph\">{\"@context\":\"https:\/\/schema.org\",\"@graph\":[{\"@type\":\"WebPage\",\"@id\":\"https:\/\/deputadotaveirajr.com.br\/index.php\/policia-diz-que-suspeito-de-matar-psicologa-no-rn-queria-usa-la-como-ponte-para-reatar-com-ex-namorada\/\",\"url\":\"https:\/\/deputadotaveirajr.com.br\/index.php\/policia-diz-que-suspeito-de-matar-psicologa-no-rn-queria-usa-la-como-ponte-para-reatar-com-ex-namorada\/\",\"name\":\"Pol\u00edcia diz que suspeito de matar psic\u00f3loga no RN queria us\u00e1-la como 'ponte' para reatar com ex-namorada - Taveira Jr\",\"isPartOf\":{\"@id\":\"https:\/\/deputadotaveirajr.com.br\/#website\"},\"primaryImageOfPage\":{\"@id\":\"https:\/\/deputadotaveirajr.com.br\/index.php\/policia-diz-que-suspeito-de-matar-psicologa-no-rn-queria-usa-la-como-ponte-para-reatar-com-ex-namorada\/#primaryimage\"},\"image\":{\"@id\":\"https:\/\/deputadotaveirajr.com.br\/index.php\/policia-diz-que-suspeito-de-matar-psicologa-no-rn-queria-usa-la-como-ponte-para-reatar-com-ex-namorada\/#primaryimage\"},\"thumbnailUrl\":\"https:\/\/deputadotaveirajr.com.br\/wp-content\/uploads\/2024\/04\/captura-de-tela-2024-04-25-161515-9FJV17.jpeg\",\"datePublished\":\"2024-04-29T20:45:37+00:00\",\"breadcrumb\":{\"@id\":\"https:\/\/deputadotaveirajr.com.br\/index.php\/policia-diz-que-suspeito-de-matar-psicologa-no-rn-queria-usa-la-como-ponte-para-reatar-com-ex-namorada\/#breadcrumb\"},\"inLanguage\":\"pt-BR\",\"potentialAction\":[{\"@type\":\"ReadAction\",\"target\":[\"https:\/\/deputadotaveirajr.com.br\/index.php\/policia-diz-que-suspeito-de-matar-psicologa-no-rn-queria-usa-la-como-ponte-para-reatar-com-ex-namorada\/\"]}]},{\"@type\":\"ImageObject\",\"inLanguage\":\"pt-BR\",\"@id\":\"https:\/\/deputadotaveirajr.com.br\/index.php\/policia-diz-que-suspeito-de-matar-psicologa-no-rn-queria-usa-la-como-ponte-para-reatar-com-ex-namorada\/#primaryimage\",\"url\":\"https:\/\/deputadotaveirajr.com.br\/wp-content\/uploads\/2024\/04\/captura-de-tela-2024-04-25-161515-9FJV17.jpeg\",\"contentUrl\":\"https:\/\/deputadotaveirajr.com.br\/wp-content\/uploads\/2024\/04\/captura-de-tela-2024-04-25-161515-9FJV17.jpeg\",\"width\":761,\"height\":573},{\"@type\":\"BreadcrumbList\",\"@id\":\"https:\/\/deputadotaveirajr.com.br\/index.php\/policia-diz-que-suspeito-de-matar-psicologa-no-rn-queria-usa-la-como-ponte-para-reatar-com-ex-namorada\/#breadcrumb\",\"itemListElement\":[{\"@type\":\"ListItem\",\"position\":1,\"name\":\"In\u00edcio\",\"item\":\"https:\/\/deputadotaveirajr.com.br\/\"},{\"@type\":\"ListItem\",\"position\":2,\"name\":\"Pol\u00edcia diz que suspeito de matar psic\u00f3loga no RN queria us\u00e1-la como &#8216;ponte&#8217; para reatar com ex-namorada\"}]},{\"@type\":\"WebSite\",\"@id\":\"https:\/\/deputadotaveirajr.com.br\/#website\",\"url\":\"https:\/\/deputadotaveirajr.com.br\/\",\"name\":\"Taveira Jr\",\"description\":\"Deputado Estadual\",\"publisher\":{\"@id\":\"https:\/\/deputadotaveirajr.com.br\/#organization\"},\"potentialAction\":[{\"@type\":\"SearchAction\",\"target\":{\"@type\":\"EntryPoint\",\"urlTemplate\":\"https:\/\/deputadotaveirajr.com.br\/?s={search_term_string}\"},\"query-input\":{\"@type\":\"PropertyValueSpecification\",\"valueRequired\":true,\"valueName\":\"search_term_string\"}}],\"inLanguage\":\"pt-BR\"},{\"@type\":\"Organization\",\"@id\":\"https:\/\/deputadotaveirajr.com.br\/#organization\",\"name\":\"Taveira Jr\",\"url\":\"https:\/\/deputadotaveirajr.com.br\/\",\"logo\":{\"@type\":\"ImageObject\",\"inLanguage\":\"pt-BR\",\"@id\":\"https:\/\/deputadotaveirajr.com.br\/#\/schema\/logo\/image\/\",\"url\":\"https:\/\/deputadotaveirajr.com.br\/wp-content\/uploads\/2026\/01\/logolow2a.png\",\"contentUrl\":\"https:\/\/deputadotaveirajr.com.br\/wp-content\/uploads\/2026\/01\/logolow2a.png\",\"width\":290,\"height\":80,\"caption\":\"Taveira Jr\"},\"image\":{\"@id\":\"https:\/\/deputadotaveirajr.com.br\/#\/schema\/logo\/image\/\"}}]}<\/script>\n<!-- \/ Yoast SEO plugin. -->","yoast_head_json":{"title":"Pol\u00edcia diz que suspeito de matar psic\u00f3loga no RN queria us\u00e1-la como 'ponte' para reatar com ex-namorada - Taveira Jr","robots":{"index":"index","follow":"follow","max-snippet":"max-snippet:-1","max-image-preview":"max-image-preview:large","max-video-preview":"max-video-preview:-1"},"canonical":"https:\/\/deputadotaveirajr.com.br\/index.php\/policia-diz-que-suspeito-de-matar-psicologa-no-rn-queria-usa-la-como-ponte-para-reatar-com-ex-namorada\/","og_locale":"pt_BR","og_type":"article","og_title":"Pol\u00edcia diz que suspeito de matar psic\u00f3loga no RN queria us\u00e1-la como 'ponte' para reatar com ex-namorada - Taveira Jr","og_description":"Amiga da v\u00edtima, agente da Pol\u00edcia Civil foi ouvida nesta segunda-feira (29) e disse que teve relacionamento com suspeito entre 2020 e 2022. Fabiana em salto de paraquedas em Fortaleza ...","og_url":"https:\/\/deputadotaveirajr.com.br\/index.php\/policia-diz-que-suspeito-de-matar-psicologa-no-rn-queria-usa-la-como-ponte-para-reatar-com-ex-namorada\/","og_site_name":"Taveira Jr","og_image":[{"width":761,"height":573,"url":"https:\/\/deputadotaveirajr.com.br\/wp-content\/uploads\/2024\/04\/captura-de-tela-2024-04-25-161515-9FJV17.jpeg","type":"image\/jpeg"}],"twitter_card":"summary_large_image","twitter_misc":{"Est. tempo de leitura":"3 minutos"},"schema":{"@context":"https:\/\/schema.org","@graph":[{"@type":"WebPage","@id":"https:\/\/deputadotaveirajr.com.br\/index.php\/policia-diz-que-suspeito-de-matar-psicologa-no-rn-queria-usa-la-como-ponte-para-reatar-com-ex-namorada\/","url":"https:\/\/deputadotaveirajr.com.br\/index.php\/policia-diz-que-suspeito-de-matar-psicologa-no-rn-queria-usa-la-como-ponte-para-reatar-com-ex-namorada\/","name":"Pol\u00edcia diz que suspeito de matar psic\u00f3loga no RN queria us\u00e1-la como 'ponte' para reatar com ex-namorada - Taveira Jr","isPartOf":{"@id":"https:\/\/deputadotaveirajr.com.br\/#website"},"primaryImageOfPage":{"@id":"https:\/\/deputadotaveirajr.com.br\/index.php\/policia-diz-que-suspeito-de-matar-psicologa-no-rn-queria-usa-la-como-ponte-para-reatar-com-ex-namorada\/#primaryimage"},"image":{"@id":"https:\/\/deputadotaveirajr.com.br\/index.php\/policia-diz-que-suspeito-de-matar-psicologa-no-rn-queria-usa-la-como-ponte-para-reatar-com-ex-namorada\/#primaryimage"},"thumbnailUrl":"https:\/\/deputadotaveirajr.com.br\/wp-content\/uploads\/2024\/04\/captura-de-tela-2024-04-25-161515-9FJV17.jpeg","datePublished":"2024-04-29T20:45:37+00:00","breadcrumb":{"@id":"https:\/\/deputadotaveirajr.com.br\/index.php\/policia-diz-que-suspeito-de-matar-psicologa-no-rn-queria-usa-la-como-ponte-para-reatar-com-ex-namorada\/#breadcrumb"},"inLanguage":"pt-BR","potentialAction":[{"@type":"ReadAction","target":["https:\/\/deputadotaveirajr.com.br\/index.php\/policia-diz-que-suspeito-de-matar-psicologa-no-rn-queria-usa-la-como-ponte-para-reatar-com-ex-namorada\/"]}]},{"@type":"ImageObject","inLanguage":"pt-BR","@id":"https:\/\/deputadotaveirajr.com.br\/index.php\/policia-diz-que-suspeito-de-matar-psicologa-no-rn-queria-usa-la-como-ponte-para-reatar-com-ex-namorada\/#primaryimage","url":"https:\/\/deputadotaveirajr.com.br\/wp-content\/uploads\/2024\/04\/captura-de-tela-2024-04-25-161515-9FJV17.jpeg","contentUrl":"https:\/\/deputadotaveirajr.com.br\/wp-content\/uploads\/2024\/04\/captura-de-tela-2024-04-25-161515-9FJV17.jpeg","width":761,"height":573},{"@type":"BreadcrumbList","@id":"https:\/\/deputadotaveirajr.com.br\/index.php\/policia-diz-que-suspeito-de-matar-psicologa-no-rn-queria-usa-la-como-ponte-para-reatar-com-ex-namorada\/#breadcrumb","itemListElement":[{"@type":"ListItem","position":1,"name":"In\u00edcio","item":"https:\/\/deputadotaveirajr.com.br\/"},{"@type":"ListItem","position":2,"name":"Pol\u00edcia diz que suspeito de matar psic\u00f3loga no RN queria us\u00e1-la como &#8216;ponte&#8217; para reatar com ex-namorada"}]},{"@type":"WebSite","@id":"https:\/\/deputadotaveirajr.com.br\/#website","url":"https:\/\/deputadotaveirajr.com.br\/","name":"Taveira Jr","description":"Deputado Estadual","publisher":{"@id":"https:\/\/deputadotaveirajr.com.br\/#organization"},"potentialAction":[{"@type":"SearchAction","target":{"@type":"EntryPoint","urlTemplate":"https:\/\/deputadotaveirajr.com.br\/?s={search_term_string}"},"query-input":{"@type":"PropertyValueSpecification","valueRequired":true,"valueName":"search_term_string"}}],"inLanguage":"pt-BR"},{"@type":"Organization","@id":"https:\/\/deputadotaveirajr.com.br\/#organization","name":"Taveira Jr","url":"https:\/\/deputadotaveirajr.com.br\/","logo":{"@type":"ImageObject","inLanguage":"pt-BR","@id":"https:\/\/deputadotaveirajr.com.br\/#\/schema\/logo\/image\/","url":"https:\/\/deputadotaveirajr.com.br\/wp-content\/uploads\/2026\/01\/logolow2a.png","contentUrl":"https:\/\/deputadotaveirajr.com.br\/wp-content\/uploads\/2026\/01\/logolow2a.png","width":290,"height":80,"caption":"Taveira Jr"},"image":{"@id":"https:\/\/deputadotaveirajr.com.br\/#\/schema\/logo\/image\/"}}]}},"_links":{"self":[{"href":"https:\/\/deputadotaveirajr.com.br\/index.php\/wp-json\/wp\/v2\/pages\/5875","targetHints":{"allow":["GET"]}}],"collection":[{"href":"https:\/\/deputadotaveirajr.com.br\/index.php\/wp-json\/wp\/v2\/pages"}],"about":[{"href":"https:\/\/deputadotaveirajr.com.br\/index.php\/wp-json\/wp\/v2\/types\/page"}],"replies":[{"embeddable":true,"href":"https:\/\/deputadotaveirajr.com.br\/index.php\/wp-json\/wp\/v2\/comments?post=5875"}],"version-history":[{"count":1,"href":"https:\/\/deputadotaveirajr.com.br\/index.php\/wp-json\/wp\/v2\/pages\/5875\/revisions"}],"predecessor-version":[{"id":5880,"href":"https:\/\/deputadotaveirajr.com.br\/index.php\/wp-json\/wp\/v2\/pages\/5875\/revisions\/5880"}],"wp:featuredmedia":[{"embeddable":true,"href":"https:\/\/deputadotaveirajr.com.br\/index.php\/wp-json\/wp\/v2\/media\/5876"}],"wp:attachment":[{"href":"https:\/\/deputadotaveirajr.com.br\/index.php\/wp-json\/wp\/v2\/media?parent=5875"}],"curies":[{"name":"wp","href":"https:\/\/api.w.org\/{rel}","templated":true}]}}