{"id":5894,"date":"2024-04-30T15:56:32","date_gmt":"2024-04-30T18:56:32","guid":{"rendered":"https:\/\/deputadotaveirajr.com.br\/?page_id=5894"},"modified":"2024-04-30T15:56:32","modified_gmt":"2024-04-30T18:56:32","slug":"policial-militar-forneceu-armas-para-assassinato-de-advogada-e-cliente-no-rn-diz-delegado","status":"publish","type":"page","link":"https:\/\/deputadotaveirajr.com.br\/index.php\/policial-militar-forneceu-armas-para-assassinato-de-advogada-e-cliente-no-rn-diz-delegado\/","title":{"rendered":"Policial militar forneceu armas para assassinato de advogada e cliente no RN, diz delegado"},"content":{"rendered":"<p>     Militar foi um dos oito presos nesta ter\u00e7a (30) pelo assassinato de Brenda Oliveira e de Janielson Nunes de Lima, em janeiro deste ano.  Arsenal apreendido com policial militar suspeito de integrar grupo de exterm\u00ednio no RN<br \/>\nVin\u00edcius Marinho\/Inter TV Cabugi<br \/>\nO policial militar detido na manh\u00e3 desta ter\u00e7a-feira (30) durante a opera\u00e7\u00e3o que prendeu oito suspeitos de envolvimento na morte da advogada Brenda Oliveira, de 26 anos e de um cliente dela, Janielson Nunes de Lima, de 25 anos, em janeiro deste ano, integra um grupo de exterm\u00ednio que atuou no duplo-homic\u00eddio e foi respons\u00e1vel pelo fornecimento das armas usadas no crime.<br \/>\nAs informa\u00e7\u00f5es foram divulgadas pelo delegado M\u00e1rcio Lemos, diretor da Divis\u00e3o de Homic\u00eddios e Prote\u00e7\u00e3o \u00e0 Pessoa (DHPP).<br \/>\nAinda de acordo com o delegado, o crime foi motivado por vingan\u00e7a e articulado por familiares e vaqueiros amigos de Jo\u00e3o Victor Bento da Costa, de 19 anos, assassinado a tiros no dia 28 de janeiro, durante uma vaquejada no Parque Maria Salete, em Santo Ant\u00f4nio.<br \/>\nJanielson Nunes de Lima, cliente de Brenda, era investigado pela pol\u00edcia como autor do assassinato do vaqueiro Jo\u00e3o Victor. A motiva\u00e7\u00e3o deste primeiro assassinato \u00e9 apurada em outra investiga\u00e7\u00e3o que segue em sigilo, segundo a pol\u00edcia.<br \/>\n&#8220;Os familiares se articularam junto com outros vaqueiros e membros de uma organiza\u00e7\u00e3o criminosa que age na regi\u00e3o de S\u00e3o Jos\u00e9 de Mipibu para vingar a morte de Jo\u00e3o Victor. Hoje conseguimos esclarecer a autoria e toda articula\u00e7\u00e3o. Foram presas oito pessoas que estavam no cen\u00e1rio do crime. Os executores, quem planejou e quem forneceu o armamento. Infelizmente conseguimos constatar o que n\u00f3s j\u00e1 est\u00e1vamos mapeando h\u00e1 algum tempo, que \u00e9 a participa\u00e7\u00e3o de agente de seguran\u00e7a p\u00fablica&#8221;, afirmou o delegado.<br \/>\n&#8220;Nossa preocupa\u00e7\u00e3o \u00e9 que h\u00e1 um grupo de exterm\u00ednio e as estat\u00edsticas apontam que atua naquela regi\u00e3o ali, em rivalidade a uma fac\u00e7\u00e3o local. Hoje conseguimos comprovar um vasto material, apreender mais de 20 armas longas fornecidas por esse agente de seguran\u00e7a p\u00fablica&#8221;, complementou.<br \/>\nLEIA MAIS<br \/>\nAdvogada morta junto com cliente no RN publicou imagem de dentro de delegacia antes do crime<br \/>\nAdvogada morta com cliente no RN iria inaugurar novo escrit\u00f3rio nos pr\u00f3ximos dias: &#8216;Meu cora\u00e7\u00e3o sentiu que algo estava errado&#8217;, diz s\u00f3cia<br \/>\nDe acordo com o delegado, ao saber da condu\u00e7\u00e3o do suspeito \u00e0 delegacia, os autores do crime se articularam e sa\u00edram de suas cidades &#8211; principalmente de S\u00e3o Jos\u00e9 de Mipibu &#8211; para irem at\u00e9 Santo Ant\u00f4nio. Eles passaram o dia \u00e0 espera de uma oportunidade para matar Janielson.<br \/>\n&#8220;O grupo j\u00e1 estava articulado h\u00e1 muito tempo, fazendo v\u00e1rias mortes l\u00e1, j\u00e1 tinham fornecedor de armamento, j\u00e1 tinham os executores, ent\u00e3o foi f\u00e1cil se articularem para esse crime&#8221;, diz o delegado.<br \/>\nAdvogada e cliente dela, suspeito de matar vaqueiro, foram mortos a tiros<br \/>\nDivulga\u00e7\u00e3o<br \/>\nO crime<br \/>\nBrenda e Janielson foram mortos logo ap\u00f3s deixarem delegacia do munic\u00edpio de Santo Ant\u00f4nio. O crime aconteceu em plena luz do dia, por volta das 15h30, a aproximadamente 600 metros da delegacia.<br \/>\nJanielson tinha sido detido pela Pol\u00edcia Militar no munic\u00edpio de Arez, e levado \u00e0 delegacia para prestar depoimento. A advogada Brenda Oliveira foi contratada pela fam\u00edlia do suspeito no mesmo dia e se dirigiu ao local para realizar a defesa dele.<br \/>\nO homem n\u00e3o ficou preso, porque n\u00e3o havia mais flagrante, e a Pol\u00edcia Civil ainda n\u00e3o tinha um mandado de pris\u00e3o contra ele. Na sa\u00edda do local, a advogada deu uma carona para o cliente e acabou morrendo junto com ele, ao ter o carro interceptado por quatro criminosos divididos em duas motos.<br \/>\nOutras tr\u00eas pessoas da fam\u00edlia ou ligadas a Janielson tamb\u00e9m estavam no ve\u00edculo, mas sobreviveram ao atentado. Os presos tamb\u00e9m dever\u00e3o responder por tentativa de homic\u00eddio delas.<br \/>\nV\u00eddeo mostra crime<br \/>\nUm v\u00eddeo gravado por c\u00e2meras de seguran\u00e7a mostra o momento em que o carro da advogada foi interceptado por pelo menos quatro pessoas que estavam em duas motos. Os criminosos atiram contra os ocupantes do ve\u00edculo.<br \/>\nA motorista tentou escapar dos disparos, acelerou o ve\u00edculo, mas acabou saindo da via e atingindo um \u00f4nibus estacionado. Os criminosos foram at\u00e9 o local e atiraram novamente contra ela e o cliente.<br \/>\nV\u00eddeo mostra assassinato de advogada e cliente no interior do RN<br \/>\nVeja os v\u00eddeos mais assistidos no g1 RN<\/p>","protected":false},"excerpt":{"rendered":"<p>Militar foi um dos oito presos nesta ter\u00e7a (30) pelo assassinato de Brenda Oliveira e de Janielson Nunes de Lima, em janeiro deste ano. Arsenal apreendido com policial militar suspeito &#8230;<\/p>\n","protected":false},"author":0,"featured_media":5895,"parent":0,"menu_order":0,"comment_status":"closed","ping_status":"closed","template":"","meta":{"footnotes":""},"class_list":["post-5894","page","type-page","status-publish","has-post-thumbnail","hentry"],"yoast_head":"<!-- This site is optimized with the Yoast SEO plugin v27.1.1 - https:\/\/yoast.com\/product\/yoast-seo-wordpress\/ -->\n<title>Policial militar forneceu armas para assassinato de advogada e cliente no RN, diz delegado - Taveira Jr<\/title>\n<meta name=\"robots\" content=\"index, follow, max-snippet:-1, max-image-preview:large, max-video-preview:-1\" \/>\n<link rel=\"canonical\" href=\"https:\/\/deputadotaveirajr.com.br\/index.php\/policial-militar-forneceu-armas-para-assassinato-de-advogada-e-cliente-no-rn-diz-delegado\/\" \/>\n<meta property=\"og:locale\" content=\"pt_BR\" \/>\n<meta property=\"og:type\" content=\"article\" \/>\n<meta property=\"og:title\" content=\"Policial militar forneceu armas para assassinato de advogada e cliente no RN, diz delegado - Taveira Jr\" \/>\n<meta property=\"og:description\" content=\"Militar foi um dos oito presos nesta ter\u00e7a (30) pelo assassinato de Brenda Oliveira e de Janielson Nunes de Lima, em janeiro deste ano. Arsenal apreendido com policial militar suspeito ...\" \/>\n<meta property=\"og:url\" content=\"https:\/\/deputadotaveirajr.com.br\/index.php\/policial-militar-forneceu-armas-para-assassinato-de-advogada-e-cliente-no-rn-diz-delegado\/\" \/>\n<meta property=\"og:site_name\" content=\"Taveira Jr\" \/>\n<meta property=\"og:image\" content=\"https:\/\/deputadotaveirajr.com.br\/wp-content\/uploads\/2024\/04\/whatsapp-image-2024-04-30-at-10.26.33-kAddvm.jpeg\" \/>\n\t<meta property=\"og:image:width\" content=\"1600\" \/>\n\t<meta property=\"og:image:height\" content=\"1200\" \/>\n\t<meta property=\"og:image:type\" content=\"image\/jpeg\" \/>\n<meta name=\"twitter:card\" content=\"summary_large_image\" \/>\n<meta name=\"twitter:label1\" content=\"Est. tempo de leitura\" \/>\n\t<meta name=\"twitter:data1\" content=\"4 minutos\" \/>\n<script type=\"application\/ld+json\" class=\"yoast-schema-graph\">{\"@context\":\"https:\/\/schema.org\",\"@graph\":[{\"@type\":\"WebPage\",\"@id\":\"https:\/\/deputadotaveirajr.com.br\/index.php\/policial-militar-forneceu-armas-para-assassinato-de-advogada-e-cliente-no-rn-diz-delegado\/\",\"url\":\"https:\/\/deputadotaveirajr.com.br\/index.php\/policial-militar-forneceu-armas-para-assassinato-de-advogada-e-cliente-no-rn-diz-delegado\/\",\"name\":\"Policial militar forneceu armas para assassinato de advogada e cliente no RN, diz delegado - Taveira Jr\",\"isPartOf\":{\"@id\":\"https:\/\/deputadotaveirajr.com.br\/#website\"},\"primaryImageOfPage\":{\"@id\":\"https:\/\/deputadotaveirajr.com.br\/index.php\/policial-militar-forneceu-armas-para-assassinato-de-advogada-e-cliente-no-rn-diz-delegado\/#primaryimage\"},\"image\":{\"@id\":\"https:\/\/deputadotaveirajr.com.br\/index.php\/policial-militar-forneceu-armas-para-assassinato-de-advogada-e-cliente-no-rn-diz-delegado\/#primaryimage\"},\"thumbnailUrl\":\"https:\/\/deputadotaveirajr.com.br\/wp-content\/uploads\/2024\/04\/whatsapp-image-2024-04-30-at-10.26.33-kAddvm.jpeg\",\"datePublished\":\"2024-04-30T18:56:32+00:00\",\"breadcrumb\":{\"@id\":\"https:\/\/deputadotaveirajr.com.br\/index.php\/policial-militar-forneceu-armas-para-assassinato-de-advogada-e-cliente-no-rn-diz-delegado\/#breadcrumb\"},\"inLanguage\":\"pt-BR\",\"potentialAction\":[{\"@type\":\"ReadAction\",\"target\":[\"https:\/\/deputadotaveirajr.com.br\/index.php\/policial-militar-forneceu-armas-para-assassinato-de-advogada-e-cliente-no-rn-diz-delegado\/\"]}]},{\"@type\":\"ImageObject\",\"inLanguage\":\"pt-BR\",\"@id\":\"https:\/\/deputadotaveirajr.com.br\/index.php\/policial-militar-forneceu-armas-para-assassinato-de-advogada-e-cliente-no-rn-diz-delegado\/#primaryimage\",\"url\":\"https:\/\/deputadotaveirajr.com.br\/wp-content\/uploads\/2024\/04\/whatsapp-image-2024-04-30-at-10.26.33-kAddvm.jpeg\",\"contentUrl\":\"https:\/\/deputadotaveirajr.com.br\/wp-content\/uploads\/2024\/04\/whatsapp-image-2024-04-30-at-10.26.33-kAddvm.jpeg\",\"width\":1600,\"height\":1200},{\"@type\":\"BreadcrumbList\",\"@id\":\"https:\/\/deputadotaveirajr.com.br\/index.php\/policial-militar-forneceu-armas-para-assassinato-de-advogada-e-cliente-no-rn-diz-delegado\/#breadcrumb\",\"itemListElement\":[{\"@type\":\"ListItem\",\"position\":1,\"name\":\"In\u00edcio\",\"item\":\"https:\/\/deputadotaveirajr.com.br\/\"},{\"@type\":\"ListItem\",\"position\":2,\"name\":\"Policial militar forneceu armas para assassinato de advogada e cliente no RN, diz delegado\"}]},{\"@type\":\"WebSite\",\"@id\":\"https:\/\/deputadotaveirajr.com.br\/#website\",\"url\":\"https:\/\/deputadotaveirajr.com.br\/\",\"name\":\"Taveira Jr\",\"description\":\"Deputado Estadual\",\"publisher\":{\"@id\":\"https:\/\/deputadotaveirajr.com.br\/#organization\"},\"potentialAction\":[{\"@type\":\"SearchAction\",\"target\":{\"@type\":\"EntryPoint\",\"urlTemplate\":\"https:\/\/deputadotaveirajr.com.br\/?s={search_term_string}\"},\"query-input\":{\"@type\":\"PropertyValueSpecification\",\"valueRequired\":true,\"valueName\":\"search_term_string\"}}],\"inLanguage\":\"pt-BR\"},{\"@type\":\"Organization\",\"@id\":\"https:\/\/deputadotaveirajr.com.br\/#organization\",\"name\":\"Taveira Jr\",\"url\":\"https:\/\/deputadotaveirajr.com.br\/\",\"logo\":{\"@type\":\"ImageObject\",\"inLanguage\":\"pt-BR\",\"@id\":\"https:\/\/deputadotaveirajr.com.br\/#\/schema\/logo\/image\/\",\"url\":\"https:\/\/deputadotaveirajr.com.br\/wp-content\/uploads\/2026\/01\/logolow2a.png\",\"contentUrl\":\"https:\/\/deputadotaveirajr.com.br\/wp-content\/uploads\/2026\/01\/logolow2a.png\",\"width\":290,\"height\":80,\"caption\":\"Taveira Jr\"},\"image\":{\"@id\":\"https:\/\/deputadotaveirajr.com.br\/#\/schema\/logo\/image\/\"}}]}<\/script>\n<!-- \/ Yoast SEO plugin. -->","yoast_head_json":{"title":"Policial militar forneceu armas para assassinato de advogada e cliente no RN, diz delegado - Taveira Jr","robots":{"index":"index","follow":"follow","max-snippet":"max-snippet:-1","max-image-preview":"max-image-preview:large","max-video-preview":"max-video-preview:-1"},"canonical":"https:\/\/deputadotaveirajr.com.br\/index.php\/policial-militar-forneceu-armas-para-assassinato-de-advogada-e-cliente-no-rn-diz-delegado\/","og_locale":"pt_BR","og_type":"article","og_title":"Policial militar forneceu armas para assassinato de advogada e cliente no RN, diz delegado - Taveira Jr","og_description":"Militar foi um dos oito presos nesta ter\u00e7a (30) pelo assassinato de Brenda Oliveira e de Janielson Nunes de Lima, em janeiro deste ano. Arsenal apreendido com policial militar suspeito ...","og_url":"https:\/\/deputadotaveirajr.com.br\/index.php\/policial-militar-forneceu-armas-para-assassinato-de-advogada-e-cliente-no-rn-diz-delegado\/","og_site_name":"Taveira Jr","og_image":[{"width":1600,"height":1200,"url":"https:\/\/deputadotaveirajr.com.br\/wp-content\/uploads\/2024\/04\/whatsapp-image-2024-04-30-at-10.26.33-kAddvm.jpeg","type":"image\/jpeg"}],"twitter_card":"summary_large_image","twitter_misc":{"Est. tempo de leitura":"4 minutos"},"schema":{"@context":"https:\/\/schema.org","@graph":[{"@type":"WebPage","@id":"https:\/\/deputadotaveirajr.com.br\/index.php\/policial-militar-forneceu-armas-para-assassinato-de-advogada-e-cliente-no-rn-diz-delegado\/","url":"https:\/\/deputadotaveirajr.com.br\/index.php\/policial-militar-forneceu-armas-para-assassinato-de-advogada-e-cliente-no-rn-diz-delegado\/","name":"Policial militar forneceu armas para assassinato de advogada e cliente no RN, diz delegado - Taveira Jr","isPartOf":{"@id":"https:\/\/deputadotaveirajr.com.br\/#website"},"primaryImageOfPage":{"@id":"https:\/\/deputadotaveirajr.com.br\/index.php\/policial-militar-forneceu-armas-para-assassinato-de-advogada-e-cliente-no-rn-diz-delegado\/#primaryimage"},"image":{"@id":"https:\/\/deputadotaveirajr.com.br\/index.php\/policial-militar-forneceu-armas-para-assassinato-de-advogada-e-cliente-no-rn-diz-delegado\/#primaryimage"},"thumbnailUrl":"https:\/\/deputadotaveirajr.com.br\/wp-content\/uploads\/2024\/04\/whatsapp-image-2024-04-30-at-10.26.33-kAddvm.jpeg","datePublished":"2024-04-30T18:56:32+00:00","breadcrumb":{"@id":"https:\/\/deputadotaveirajr.com.br\/index.php\/policial-militar-forneceu-armas-para-assassinato-de-advogada-e-cliente-no-rn-diz-delegado\/#breadcrumb"},"inLanguage":"pt-BR","potentialAction":[{"@type":"ReadAction","target":["https:\/\/deputadotaveirajr.com.br\/index.php\/policial-militar-forneceu-armas-para-assassinato-de-advogada-e-cliente-no-rn-diz-delegado\/"]}]},{"@type":"ImageObject","inLanguage":"pt-BR","@id":"https:\/\/deputadotaveirajr.com.br\/index.php\/policial-militar-forneceu-armas-para-assassinato-de-advogada-e-cliente-no-rn-diz-delegado\/#primaryimage","url":"https:\/\/deputadotaveirajr.com.br\/wp-content\/uploads\/2024\/04\/whatsapp-image-2024-04-30-at-10.26.33-kAddvm.jpeg","contentUrl":"https:\/\/deputadotaveirajr.com.br\/wp-content\/uploads\/2024\/04\/whatsapp-image-2024-04-30-at-10.26.33-kAddvm.jpeg","width":1600,"height":1200},{"@type":"BreadcrumbList","@id":"https:\/\/deputadotaveirajr.com.br\/index.php\/policial-militar-forneceu-armas-para-assassinato-de-advogada-e-cliente-no-rn-diz-delegado\/#breadcrumb","itemListElement":[{"@type":"ListItem","position":1,"name":"In\u00edcio","item":"https:\/\/deputadotaveirajr.com.br\/"},{"@type":"ListItem","position":2,"name":"Policial militar forneceu armas para assassinato de advogada e cliente no RN, diz delegado"}]},{"@type":"WebSite","@id":"https:\/\/deputadotaveirajr.com.br\/#website","url":"https:\/\/deputadotaveirajr.com.br\/","name":"Taveira Jr","description":"Deputado Estadual","publisher":{"@id":"https:\/\/deputadotaveirajr.com.br\/#organization"},"potentialAction":[{"@type":"SearchAction","target":{"@type":"EntryPoint","urlTemplate":"https:\/\/deputadotaveirajr.com.br\/?s={search_term_string}"},"query-input":{"@type":"PropertyValueSpecification","valueRequired":true,"valueName":"search_term_string"}}],"inLanguage":"pt-BR"},{"@type":"Organization","@id":"https:\/\/deputadotaveirajr.com.br\/#organization","name":"Taveira Jr","url":"https:\/\/deputadotaveirajr.com.br\/","logo":{"@type":"ImageObject","inLanguage":"pt-BR","@id":"https:\/\/deputadotaveirajr.com.br\/#\/schema\/logo\/image\/","url":"https:\/\/deputadotaveirajr.com.br\/wp-content\/uploads\/2026\/01\/logolow2a.png","contentUrl":"https:\/\/deputadotaveirajr.com.br\/wp-content\/uploads\/2026\/01\/logolow2a.png","width":290,"height":80,"caption":"Taveira Jr"},"image":{"@id":"https:\/\/deputadotaveirajr.com.br\/#\/schema\/logo\/image\/"}}]}},"_links":{"self":[{"href":"https:\/\/deputadotaveirajr.com.br\/index.php\/wp-json\/wp\/v2\/pages\/5894","targetHints":{"allow":["GET"]}}],"collection":[{"href":"https:\/\/deputadotaveirajr.com.br\/index.php\/wp-json\/wp\/v2\/pages"}],"about":[{"href":"https:\/\/deputadotaveirajr.com.br\/index.php\/wp-json\/wp\/v2\/types\/page"}],"replies":[{"embeddable":true,"href":"https:\/\/deputadotaveirajr.com.br\/index.php\/wp-json\/wp\/v2\/comments?post=5894"}],"version-history":[{"count":1,"href":"https:\/\/deputadotaveirajr.com.br\/index.php\/wp-json\/wp\/v2\/pages\/5894\/revisions"}],"predecessor-version":[{"id":5900,"href":"https:\/\/deputadotaveirajr.com.br\/index.php\/wp-json\/wp\/v2\/pages\/5894\/revisions\/5900"}],"wp:featuredmedia":[{"embeddable":true,"href":"https:\/\/deputadotaveirajr.com.br\/index.php\/wp-json\/wp\/v2\/media\/5895"}],"wp:attachment":[{"href":"https:\/\/deputadotaveirajr.com.br\/index.php\/wp-json\/wp\/v2\/media?parent=5894"}],"curies":[{"name":"wp","href":"https:\/\/api.w.org\/{rel}","templated":true}]}}