{"id":5913,"date":"2024-05-01T15:22:02","date_gmt":"2024-05-01T18:22:02","guid":{"rendered":"https:\/\/deputadotaveirajr.com.br\/?page_id=5913"},"modified":"2024-05-01T15:22:02","modified_gmt":"2024-05-01T18:22:02","slug":"mae-de-psicologa-assassinada-no-rn-diz-que-filha-nao-relatou-ameaca-e-estava-tranquila-que-outras-maes-nao-precisem-sentir-essa-dor","status":"publish","type":"page","link":"https:\/\/deputadotaveirajr.com.br\/index.php\/mae-de-psicologa-assassinada-no-rn-diz-que-filha-nao-relatou-ameaca-e-estava-tranquila-que-outras-maes-nao-precisem-sentir-essa-dor\/","title":{"rendered":"M\u00e3e de psic\u00f3loga assassinada no RN diz que filha n\u00e3o relatou amea\u00e7a e estava tranquila: &#8216;Que outras m\u00e3es n\u00e3o precisem sentir essa dor&#8217;"},"content":{"rendered":"<p>     Suspeito foi preso um dia ap\u00f3s o crime e, segundo a pol\u00edcia, queria usar Fabiana Maia Veras como &#8216;ponte&#8217; para retomar relacionamento com ex.  Fabiana Maia Veras era psic\u00f3loga e foi morta no im\u00f3vel onde morava e realizava atendimentos em Assu<br \/>\nRedes sociais<br \/>\nA m\u00e3e da psic\u00f3loga Fabiana Maia Veras, assassinada a facadas em Assu, na regi\u00e3o Oeste do Rio Grande do Norte, afirma que a filha n\u00e3o tinha relatado nenhum tipo de amea\u00e7a antes do crime.<br \/>\nSegundo Dalva Maia, Fabiana vivia uma rotina tranquila, entre trabalho e academia, e costumava passar os fins de semana na fazenda da fam\u00edlia, distante menos de 30 km de Assu.<br \/>\n&#8220;Ela n\u00e3o recebeu nenhum tipo de amea\u00e7a. Ela teria me dito. Ela n\u00e3o estava com medo. Ela estava tranquila, a vida dela era muito tranquila&#8221;, disse.<br \/>\nDalva concedeu entrevista \u00e0 Inter TV Costa Branca nesta ter\u00e7a-feira (30), uma semana ap\u00f3s o crime. Ela ainda afirmou que a filha, com quem tinha uma rela\u00e7\u00e3o muito pr\u00f3xima, nunca havia comentado a respeito do servidor p\u00fablico Jo\u00e3o Batista Carvalho Neto, apontado como principal suspeito do assassinato.<br \/>\n&#8220;Eu estava em casa, na fazenda, e havia falado diversas vezes com ela, durante a tarde, at\u00e9 minutos antes do ocorrido. Meu filho ligou para me avisar, mas n\u00e3o disse tudo o que tinha acontecido, apenas que tinham encontrado ela na cl\u00ednica, ferida, mas eu jamais imaginei que minha filha n\u00e3o estivesse mais aqui&#8221;, relatou.<br \/>\nM\u00e3e da psic\u00f3loga morta em Ass\u00fa faz desabafo ao RN1<br \/>\nDalva ainda declarou que ficou aliviada ap\u00f3s a pris\u00e3o do suspeito, ocorrida menos de 24 horas ap\u00f3s o crime, e disse que deseja que a Justi\u00e7a seja feita.<br \/>\n&#8220;Se ele n\u00e3o tivesse sido preso poderia fazer com qualquer outra pessoa novamente. Que outras m\u00e3es n\u00e3o precisem sentir essa dor que estou sentindo, nem mesmo a m\u00e3e dele&#8221;, comentou.<br \/>\nA m\u00e3e de Fabiana ainda comentou que acredita que o autor do crime agiu por maldade e que a filha n\u00e3o merecia a morte que sofreu.<br \/>\n&#8220;Eu acredito que uma pessoa, para ter uma atitude dessa, acho que ele n\u00e3o conhece, nunca ouviu falar de Deus. \u00c9 um homem cruel, sem cora\u00e7\u00e3o, covarde. Porque minha filha n\u00e3o precisava. Ele machucou muito ela&#8221;, disse, emocionada.<br \/>\nFabiana em salto de paraquedas em Fortaleza<br \/>\nRedes sociais<br \/>\nDalva classificou a filha como uma pessoa e profissional &#8220;maravilhosa, caridosa, bondosa, humana&#8221;.<br \/>\n&#8220;Uma pessoa que se preocupava com todo mundo, inclusive muito comigo. O normal \u00e9 a m\u00e3e proteger, \u00e9 a m\u00e3e cuidar, se preocupar. Aqui o papel era muito invertido. Ela \u00e9 que queria fazer esse papel de m\u00e3e comigo. Ela era essa pessoa muito caridosa e muito cuidadosa com todos&#8221;, relatou.<br \/>\nInvestiga\u00e7\u00e3o<br \/>\nPrincipal suspeito do assassinato da psic\u00f3loga Fabiana Fernandes Maia Veras, de 42 anos, o servidor da Justi\u00e7a Jo\u00e3o Batista Carvalho Neto queria usar a amizade da profissional com a ex-namorada dele para tentar reatar o relacionamento, segundo a Pol\u00edcia Civil.<br \/>\nA vers\u00e3o foi apresentada na \u00faltima segunda-feira (29) pelo delegado de Ass\u00fa, Val\u00e9rio K\u00fcrten, ap\u00f3s ouvir o depoimento da ex-namorada do suspeito. A mulher \u00e9 agente da Pol\u00edcia Civil.<br \/>\nFabiana foi encontrada morta com cortes de arma branca, dentro de casa, na cidade de Ass\u00fa, no Oeste potiguar. No mesmo local, ela mantinha um consult\u00f3rio psicol\u00f3gico. No dia seguinte, o suspeito foi preso em Natal.<br \/>\nSegundo a pol\u00edcia, o homem \u00e9 o mesmo que aparece em imagens gravadas pelas c\u00e2meras de seguran\u00e7a na casa da v\u00edtima menos de duas horas antes do hor\u00e1rio em que ela foi achada morta. Ele estava de m\u00e1scara, \u00f3culos, luvas, encapuzado e com uma sacola nas m\u00e3os.<br \/>\nLEIA TAMB\u00c9M<br \/>\nQuem era a psic\u00f3loga morta dentro de casa no interior do RN<br \/>\nO que se sabe e o que falta esclarecer sobre morte de psic\u00f3loga no RN<br \/>\nV\u00eddeo mostra suspeito dentro da casa de psic\u00f3loga encontrada morta em Assu<br \/>\nDepoimento<br \/>\nDe acordo com o delegado, no depoimento, a ex-namorada de Jo\u00e3o Batista afirmou que manteve o relacionamento com ele por aproximadamente dois anos, entre 2020 a 2022, e rompeu o namoro no in\u00edcio de 2022.<br \/>\nAinda de acordo com o delegado, a ex-namorada afirmou que, no per\u00edodo em que manteve o relacionamento, o suspeito demonstrava ser uma pessoa frustrada por n\u00e3o ter conseguido passar em concursos para juiz, e achava que ganhava pouco dinheiro.<br \/>\nAl\u00e9m disso, o homem n\u00e3o teria o h\u00e1bito de sair para lugares diferentes e mantinha um c\u00edrculo de amizades restrito, mais voltado \u00e0 namorada e aos amigos dela.<br \/>\nNo depoimento, a mulher tamb\u00e9m afirmou \u00e0 pol\u00edcia que j\u00e1 est\u00e1 em outro relacionamento, por\u00e9m Jo\u00e3o Batista teria tentado entrar em contato com ela, em janeiro deste ano, por meio de Fabiana, que era amiga dela.<br \/>\nO homem teria entrado em contato com Fabiana dizendo que queria mandar um buqu\u00ea de flores para a ex-namorada.<br \/>\n&#8220;A pol\u00edcia n\u00e3o acredita em um relacionamento amoroso entre Jo\u00e3o e Fabiana. E sim que ele queria uma ponte com Fabiana para tentar que ela aconselhasse a [nome da namorada suprimido] a reatar o relacionamento. S\u00f3 que j\u00e1 faz dois anos, ela est\u00e1 em outro relacionamento. O motivo \u00e9 banal, mas, at\u00e9 ent\u00e3o, o que foi levantado \u00e9 isso&#8221;, afirmou o delegado.<br \/>\nAinda de acordo com o delegado, o suspeito queria acessar o celular da v\u00edtima, para saber se ela aconselhava a ex-namorada a n\u00e3o reatar o relacionamento com ele.<br \/>\nDefesa quer aguardar laudos psiqui\u00e1tricos<br \/>\nProcurado pelo g1, o advogado Andr\u00e9 Dantas, que representa Jo\u00e3o Batista, n\u00e3o quis dar entrevista, mas afirmou que vai aguardar a an\u00e1lise de m\u00e9dicos e a emiss\u00e3o laudos psiqui\u00e1tricos para definir a linha de defesa do servidor p\u00fablico.<br \/>\nO advogado ainda afirmou que ele e a fam\u00edlia do suspeito se compadecem &#8220;com a trag\u00e9dia humana ocorrida no fato&#8221;.<br \/>\nVeja os v\u00eddeos mais assistidos no g1 RN<\/p>","protected":false},"excerpt":{"rendered":"<p>Suspeito foi preso um dia ap\u00f3s o crime e, segundo a pol\u00edcia, queria usar Fabiana Maia Veras como &#8216;ponte&#8217; para retomar relacionamento com ex. Fabiana Maia Veras era psic\u00f3loga e &#8230;<\/p>\n","protected":false},"author":0,"featured_media":5914,"parent":0,"menu_order":0,"comment_status":"closed","ping_status":"closed","template":"","meta":{"footnotes":""},"class_list":["post-5913","page","type-page","status-publish","has-post-thumbnail","hentry"],"yoast_head":"<!-- This site is optimized with the Yoast SEO plugin v27.1.1 - https:\/\/yoast.com\/product\/yoast-seo-wordpress\/ -->\n<title>M\u00e3e de psic\u00f3loga assassinada no RN diz que filha n\u00e3o relatou amea\u00e7a e estava tranquila: &#039;Que outras m\u00e3es n\u00e3o precisem sentir essa dor&#039; - Taveira Jr<\/title>\n<meta name=\"robots\" content=\"index, follow, max-snippet:-1, max-image-preview:large, max-video-preview:-1\" \/>\n<link rel=\"canonical\" href=\"https:\/\/deputadotaveirajr.com.br\/index.php\/mae-de-psicologa-assassinada-no-rn-diz-que-filha-nao-relatou-ameaca-e-estava-tranquila-que-outras-maes-nao-precisem-sentir-essa-dor\/\" \/>\n<meta property=\"og:locale\" content=\"pt_BR\" \/>\n<meta property=\"og:type\" content=\"article\" \/>\n<meta property=\"og:title\" content=\"M\u00e3e de psic\u00f3loga assassinada no RN diz que filha n\u00e3o relatou amea\u00e7a e estava tranquila: &#039;Que outras m\u00e3es n\u00e3o precisem sentir essa dor&#039; - Taveira Jr\" \/>\n<meta property=\"og:description\" content=\"Suspeito foi preso um dia ap\u00f3s o crime e, segundo a pol\u00edcia, queria usar Fabiana Maia Veras como &#8216;ponte&#8217; para retomar relacionamento com ex. Fabiana Maia Veras era psic\u00f3loga e ...\" \/>\n<meta property=\"og:url\" content=\"https:\/\/deputadotaveirajr.com.br\/index.php\/mae-de-psicologa-assassinada-no-rn-diz-que-filha-nao-relatou-ameaca-e-estava-tranquila-que-outras-maes-nao-precisem-sentir-essa-dor\/\" \/>\n<meta property=\"og:site_name\" content=\"Taveira Jr\" \/>\n<meta property=\"og:image\" content=\"https:\/\/deputadotaveirajr.com.br\/wp-content\/uploads\/2024\/05\/fabiana-tBXpiY.jpeg\" \/>\n\t<meta property=\"og:image:width\" content=\"1080\" \/>\n\t<meta property=\"og:image:height\" content=\"896\" \/>\n\t<meta property=\"og:image:type\" content=\"image\/jpeg\" \/>\n<meta name=\"twitter:card\" content=\"summary_large_image\" \/>\n<meta name=\"twitter:label1\" content=\"Est. tempo de leitura\" \/>\n\t<meta name=\"twitter:data1\" content=\"5 minutos\" \/>\n<script type=\"application\/ld+json\" class=\"yoast-schema-graph\">{\"@context\":\"https:\/\/schema.org\",\"@graph\":[{\"@type\":\"WebPage\",\"@id\":\"https:\/\/deputadotaveirajr.com.br\/index.php\/mae-de-psicologa-assassinada-no-rn-diz-que-filha-nao-relatou-ameaca-e-estava-tranquila-que-outras-maes-nao-precisem-sentir-essa-dor\/\",\"url\":\"https:\/\/deputadotaveirajr.com.br\/index.php\/mae-de-psicologa-assassinada-no-rn-diz-que-filha-nao-relatou-ameaca-e-estava-tranquila-que-outras-maes-nao-precisem-sentir-essa-dor\/\",\"name\":\"M\u00e3e de psic\u00f3loga assassinada no RN diz que filha n\u00e3o relatou amea\u00e7a e estava tranquila: 'Que outras m\u00e3es n\u00e3o precisem sentir essa dor' - Taveira Jr\",\"isPartOf\":{\"@id\":\"https:\/\/deputadotaveirajr.com.br\/#website\"},\"primaryImageOfPage\":{\"@id\":\"https:\/\/deputadotaveirajr.com.br\/index.php\/mae-de-psicologa-assassinada-no-rn-diz-que-filha-nao-relatou-ameaca-e-estava-tranquila-que-outras-maes-nao-precisem-sentir-essa-dor\/#primaryimage\"},\"image\":{\"@id\":\"https:\/\/deputadotaveirajr.com.br\/index.php\/mae-de-psicologa-assassinada-no-rn-diz-que-filha-nao-relatou-ameaca-e-estava-tranquila-que-outras-maes-nao-precisem-sentir-essa-dor\/#primaryimage\"},\"thumbnailUrl\":\"https:\/\/deputadotaveirajr.com.br\/wp-content\/uploads\/2024\/05\/fabiana-tBXpiY.jpeg\",\"datePublished\":\"2024-05-01T18:22:02+00:00\",\"breadcrumb\":{\"@id\":\"https:\/\/deputadotaveirajr.com.br\/index.php\/mae-de-psicologa-assassinada-no-rn-diz-que-filha-nao-relatou-ameaca-e-estava-tranquila-que-outras-maes-nao-precisem-sentir-essa-dor\/#breadcrumb\"},\"inLanguage\":\"pt-BR\",\"potentialAction\":[{\"@type\":\"ReadAction\",\"target\":[\"https:\/\/deputadotaveirajr.com.br\/index.php\/mae-de-psicologa-assassinada-no-rn-diz-que-filha-nao-relatou-ameaca-e-estava-tranquila-que-outras-maes-nao-precisem-sentir-essa-dor\/\"]}]},{\"@type\":\"ImageObject\",\"inLanguage\":\"pt-BR\",\"@id\":\"https:\/\/deputadotaveirajr.com.br\/index.php\/mae-de-psicologa-assassinada-no-rn-diz-que-filha-nao-relatou-ameaca-e-estava-tranquila-que-outras-maes-nao-precisem-sentir-essa-dor\/#primaryimage\",\"url\":\"https:\/\/deputadotaveirajr.com.br\/wp-content\/uploads\/2024\/05\/fabiana-tBXpiY.jpeg\",\"contentUrl\":\"https:\/\/deputadotaveirajr.com.br\/wp-content\/uploads\/2024\/05\/fabiana-tBXpiY.jpeg\",\"width\":1080,\"height\":896},{\"@type\":\"BreadcrumbList\",\"@id\":\"https:\/\/deputadotaveirajr.com.br\/index.php\/mae-de-psicologa-assassinada-no-rn-diz-que-filha-nao-relatou-ameaca-e-estava-tranquila-que-outras-maes-nao-precisem-sentir-essa-dor\/#breadcrumb\",\"itemListElement\":[{\"@type\":\"ListItem\",\"position\":1,\"name\":\"In\u00edcio\",\"item\":\"https:\/\/deputadotaveirajr.com.br\/\"},{\"@type\":\"ListItem\",\"position\":2,\"name\":\"M\u00e3e de psic\u00f3loga assassinada no RN diz que filha n\u00e3o relatou amea\u00e7a e estava tranquila: &#8216;Que outras m\u00e3es n\u00e3o precisem sentir essa dor&#8217;\"}]},{\"@type\":\"WebSite\",\"@id\":\"https:\/\/deputadotaveirajr.com.br\/#website\",\"url\":\"https:\/\/deputadotaveirajr.com.br\/\",\"name\":\"Taveira Jr\",\"description\":\"Deputado Estadual\",\"publisher\":{\"@id\":\"https:\/\/deputadotaveirajr.com.br\/#organization\"},\"potentialAction\":[{\"@type\":\"SearchAction\",\"target\":{\"@type\":\"EntryPoint\",\"urlTemplate\":\"https:\/\/deputadotaveirajr.com.br\/?s={search_term_string}\"},\"query-input\":{\"@type\":\"PropertyValueSpecification\",\"valueRequired\":true,\"valueName\":\"search_term_string\"}}],\"inLanguage\":\"pt-BR\"},{\"@type\":\"Organization\",\"@id\":\"https:\/\/deputadotaveirajr.com.br\/#organization\",\"name\":\"Taveira Jr\",\"url\":\"https:\/\/deputadotaveirajr.com.br\/\",\"logo\":{\"@type\":\"ImageObject\",\"inLanguage\":\"pt-BR\",\"@id\":\"https:\/\/deputadotaveirajr.com.br\/#\/schema\/logo\/image\/\",\"url\":\"https:\/\/deputadotaveirajr.com.br\/wp-content\/uploads\/2026\/01\/logolow2a.png\",\"contentUrl\":\"https:\/\/deputadotaveirajr.com.br\/wp-content\/uploads\/2026\/01\/logolow2a.png\",\"width\":290,\"height\":80,\"caption\":\"Taveira Jr\"},\"image\":{\"@id\":\"https:\/\/deputadotaveirajr.com.br\/#\/schema\/logo\/image\/\"}}]}<\/script>\n<!-- \/ Yoast SEO plugin. -->","yoast_head_json":{"title":"M\u00e3e de psic\u00f3loga assassinada no RN diz que filha n\u00e3o relatou amea\u00e7a e estava tranquila: 'Que outras m\u00e3es n\u00e3o precisem sentir essa dor' - Taveira Jr","robots":{"index":"index","follow":"follow","max-snippet":"max-snippet:-1","max-image-preview":"max-image-preview:large","max-video-preview":"max-video-preview:-1"},"canonical":"https:\/\/deputadotaveirajr.com.br\/index.php\/mae-de-psicologa-assassinada-no-rn-diz-que-filha-nao-relatou-ameaca-e-estava-tranquila-que-outras-maes-nao-precisem-sentir-essa-dor\/","og_locale":"pt_BR","og_type":"article","og_title":"M\u00e3e de psic\u00f3loga assassinada no RN diz que filha n\u00e3o relatou amea\u00e7a e estava tranquila: 'Que outras m\u00e3es n\u00e3o precisem sentir essa dor' - Taveira Jr","og_description":"Suspeito foi preso um dia ap\u00f3s o crime e, segundo a pol\u00edcia, queria usar Fabiana Maia Veras como &#8216;ponte&#8217; para retomar relacionamento com ex. Fabiana Maia Veras era psic\u00f3loga e ...","og_url":"https:\/\/deputadotaveirajr.com.br\/index.php\/mae-de-psicologa-assassinada-no-rn-diz-que-filha-nao-relatou-ameaca-e-estava-tranquila-que-outras-maes-nao-precisem-sentir-essa-dor\/","og_site_name":"Taveira Jr","og_image":[{"width":1080,"height":896,"url":"https:\/\/deputadotaveirajr.com.br\/wp-content\/uploads\/2024\/05\/fabiana-tBXpiY.jpeg","type":"image\/jpeg"}],"twitter_card":"summary_large_image","twitter_misc":{"Est. tempo de leitura":"5 minutos"},"schema":{"@context":"https:\/\/schema.org","@graph":[{"@type":"WebPage","@id":"https:\/\/deputadotaveirajr.com.br\/index.php\/mae-de-psicologa-assassinada-no-rn-diz-que-filha-nao-relatou-ameaca-e-estava-tranquila-que-outras-maes-nao-precisem-sentir-essa-dor\/","url":"https:\/\/deputadotaveirajr.com.br\/index.php\/mae-de-psicologa-assassinada-no-rn-diz-que-filha-nao-relatou-ameaca-e-estava-tranquila-que-outras-maes-nao-precisem-sentir-essa-dor\/","name":"M\u00e3e de psic\u00f3loga assassinada no RN diz que filha n\u00e3o relatou amea\u00e7a e estava tranquila: 'Que outras m\u00e3es n\u00e3o precisem sentir essa dor' - Taveira Jr","isPartOf":{"@id":"https:\/\/deputadotaveirajr.com.br\/#website"},"primaryImageOfPage":{"@id":"https:\/\/deputadotaveirajr.com.br\/index.php\/mae-de-psicologa-assassinada-no-rn-diz-que-filha-nao-relatou-ameaca-e-estava-tranquila-que-outras-maes-nao-precisem-sentir-essa-dor\/#primaryimage"},"image":{"@id":"https:\/\/deputadotaveirajr.com.br\/index.php\/mae-de-psicologa-assassinada-no-rn-diz-que-filha-nao-relatou-ameaca-e-estava-tranquila-que-outras-maes-nao-precisem-sentir-essa-dor\/#primaryimage"},"thumbnailUrl":"https:\/\/deputadotaveirajr.com.br\/wp-content\/uploads\/2024\/05\/fabiana-tBXpiY.jpeg","datePublished":"2024-05-01T18:22:02+00:00","breadcrumb":{"@id":"https:\/\/deputadotaveirajr.com.br\/index.php\/mae-de-psicologa-assassinada-no-rn-diz-que-filha-nao-relatou-ameaca-e-estava-tranquila-que-outras-maes-nao-precisem-sentir-essa-dor\/#breadcrumb"},"inLanguage":"pt-BR","potentialAction":[{"@type":"ReadAction","target":["https:\/\/deputadotaveirajr.com.br\/index.php\/mae-de-psicologa-assassinada-no-rn-diz-que-filha-nao-relatou-ameaca-e-estava-tranquila-que-outras-maes-nao-precisem-sentir-essa-dor\/"]}]},{"@type":"ImageObject","inLanguage":"pt-BR","@id":"https:\/\/deputadotaveirajr.com.br\/index.php\/mae-de-psicologa-assassinada-no-rn-diz-que-filha-nao-relatou-ameaca-e-estava-tranquila-que-outras-maes-nao-precisem-sentir-essa-dor\/#primaryimage","url":"https:\/\/deputadotaveirajr.com.br\/wp-content\/uploads\/2024\/05\/fabiana-tBXpiY.jpeg","contentUrl":"https:\/\/deputadotaveirajr.com.br\/wp-content\/uploads\/2024\/05\/fabiana-tBXpiY.jpeg","width":1080,"height":896},{"@type":"BreadcrumbList","@id":"https:\/\/deputadotaveirajr.com.br\/index.php\/mae-de-psicologa-assassinada-no-rn-diz-que-filha-nao-relatou-ameaca-e-estava-tranquila-que-outras-maes-nao-precisem-sentir-essa-dor\/#breadcrumb","itemListElement":[{"@type":"ListItem","position":1,"name":"In\u00edcio","item":"https:\/\/deputadotaveirajr.com.br\/"},{"@type":"ListItem","position":2,"name":"M\u00e3e de psic\u00f3loga assassinada no RN diz que filha n\u00e3o relatou amea\u00e7a e estava tranquila: &#8216;Que outras m\u00e3es n\u00e3o precisem sentir essa dor&#8217;"}]},{"@type":"WebSite","@id":"https:\/\/deputadotaveirajr.com.br\/#website","url":"https:\/\/deputadotaveirajr.com.br\/","name":"Taveira Jr","description":"Deputado Estadual","publisher":{"@id":"https:\/\/deputadotaveirajr.com.br\/#organization"},"potentialAction":[{"@type":"SearchAction","target":{"@type":"EntryPoint","urlTemplate":"https:\/\/deputadotaveirajr.com.br\/?s={search_term_string}"},"query-input":{"@type":"PropertyValueSpecification","valueRequired":true,"valueName":"search_term_string"}}],"inLanguage":"pt-BR"},{"@type":"Organization","@id":"https:\/\/deputadotaveirajr.com.br\/#organization","name":"Taveira Jr","url":"https:\/\/deputadotaveirajr.com.br\/","logo":{"@type":"ImageObject","inLanguage":"pt-BR","@id":"https:\/\/deputadotaveirajr.com.br\/#\/schema\/logo\/image\/","url":"https:\/\/deputadotaveirajr.com.br\/wp-content\/uploads\/2026\/01\/logolow2a.png","contentUrl":"https:\/\/deputadotaveirajr.com.br\/wp-content\/uploads\/2026\/01\/logolow2a.png","width":290,"height":80,"caption":"Taveira Jr"},"image":{"@id":"https:\/\/deputadotaveirajr.com.br\/#\/schema\/logo\/image\/"}}]}},"_links":{"self":[{"href":"https:\/\/deputadotaveirajr.com.br\/index.php\/wp-json\/wp\/v2\/pages\/5913","targetHints":{"allow":["GET"]}}],"collection":[{"href":"https:\/\/deputadotaveirajr.com.br\/index.php\/wp-json\/wp\/v2\/pages"}],"about":[{"href":"https:\/\/deputadotaveirajr.com.br\/index.php\/wp-json\/wp\/v2\/types\/page"}],"replies":[{"embeddable":true,"href":"https:\/\/deputadotaveirajr.com.br\/index.php\/wp-json\/wp\/v2\/comments?post=5913"}],"version-history":[{"count":1,"href":"https:\/\/deputadotaveirajr.com.br\/index.php\/wp-json\/wp\/v2\/pages\/5913\/revisions"}],"predecessor-version":[{"id":5918,"href":"https:\/\/deputadotaveirajr.com.br\/index.php\/wp-json\/wp\/v2\/pages\/5913\/revisions\/5918"}],"wp:featuredmedia":[{"embeddable":true,"href":"https:\/\/deputadotaveirajr.com.br\/index.php\/wp-json\/wp\/v2\/media\/5914"}],"wp:attachment":[{"href":"https:\/\/deputadotaveirajr.com.br\/index.php\/wp-json\/wp\/v2\/media?parent=5913"}],"curies":[{"name":"wp","href":"https:\/\/api.w.org\/{rel}","templated":true}]}}