{"id":5949,"date":"2024-05-02T20:57:57","date_gmt":"2024-05-02T23:57:57","guid":{"rendered":"https:\/\/deputadotaveirajr.com.br\/?page_id=5949"},"modified":"2024-05-02T20:57:57","modified_gmt":"2024-05-02T23:57:57","slug":"prefeitura-de-mossoro-exonera-servidor-da-cultura-apos-audio-vazado-com-suposto-caso-de-superfaturamento-de-contrato","status":"publish","type":"page","link":"https:\/\/deputadotaveirajr.com.br\/index.php\/prefeitura-de-mossoro-exonera-servidor-da-cultura-apos-audio-vazado-com-suposto-caso-de-superfaturamento-de-contrato\/","title":{"rendered":"Prefeitura de Mossor\u00f3 exonera servidor da Cultura ap\u00f3s \u00e1udio vazado com suposto caso de superfaturamento de contrato"},"content":{"rendered":"<p>     Munic\u00edpio informou em nota que o caso agora &#8220;dever\u00e1 ser apurado pelas inst\u00e2ncias competentes&#8221;. MPRN informou que adotou &#8220;as provid\u00eancias pertinentes em rela\u00e7\u00e3o ao caso&#8221;. Pal\u00e1cio da Resist\u00eancia, sede pr\u00e9dio prefeitura de Mossor\u00f3 fachada<br \/>\nWilson Moreno\/Secom PMM<br \/>\nO prefeito de Mossor\u00f3, Allyson Bezerra (Uni\u00e3o Brasil), exonerou um diretor administrativo da Secretaria Municipal de Cultura ap\u00f3s um \u00e1udio vazado atribu\u00eddo ao servidor viralizar nas redes sociais com um poss\u00edvel caso de superfaturamento de contratos.<br \/>\nA prefeitura de Mossor\u00f3 informou, em nota, que &#8220;tomou conhecimento de \u00e1udio envolvendo servidor do Munic\u00edpio, o qual tratava de suposto caso de irregularidade no trato da coisa p\u00fablica&#8221;.<br \/>\nA portaria com a exonera\u00e7\u00e3o foi publicada na quarta-feira (1\u00ba) no Di\u00e1rio Oficial do Munic\u00edpio (DOM). A prefeitura de Mossor\u00f3 informou que &#8220;o caso agora dever\u00e1 ser apurado pelas inst\u00e2ncias competentes&#8221;.<br \/>\n\ud83d\udcf3Participe do canal do g1 RN no WhatsApp<br \/>\nO exonerado foi Francisco Thiago Bento Silva, que ocupava o cargo de diretor do Departamento de Gest\u00e3o Cultural, com lota\u00e7\u00e3o na Secretaria Municipal de Cultura de Mossor\u00f3. O cargo era comissionado.<br \/>\nA Inter TV Cabugi tentou contato com o agora ex-diretor, mas n\u00e3o teve respostas at\u00e9 a atualiza\u00e7\u00e3o mais recente desta reportagem.<br \/>\nO \u00e1udio vazado mostra uma conversa, atribu\u00edda ao ex-diretor, na qual ele fala sobre um contrato e o fechamento de um cach\u00ea em que ele teria sugerido o aumento de R$ 20 mil para R$ 25 mil. No \u00e1udio, ele teria sugerido ficar com R$ 5 mil desse total.<br \/>\nO Minist\u00e9rio P\u00fablico do Rio Grande do Norte (MPRN) informou que adotou &#8220;as provid\u00eancias pertinentes em rela\u00e7\u00e3o ao caso&#8221;. Segundo o MP, a apura\u00e7\u00e3o est\u00e1 em fase inicial, &#8220;raz\u00e3o pela qual, no momento, n\u00e3o h\u00e1 informa\u00e7\u00f5es adicionais a serem repassadas&#8221;.<br \/>\nV\u00eddeos mais assistidos do g1 RN<\/p>","protected":false},"excerpt":{"rendered":"<p>Munic\u00edpio informou em nota que o caso agora &#8220;dever\u00e1 ser apurado pelas inst\u00e2ncias competentes&#8221;. MPRN informou que adotou &#8220;as provid\u00eancias pertinentes em rela\u00e7\u00e3o ao caso&#8221;. Pal\u00e1cio da Resist\u00eancia, sede pr\u00e9dio &#8230;<\/p>\n","protected":false},"author":0,"featured_media":5950,"parent":0,"menu_order":0,"comment_status":"closed","ping_status":"closed","template":"","meta":{"footnotes":""},"class_list":["post-5949","page","type-page","status-publish","has-post-thumbnail","hentry"],"yoast_head":"<!-- This site is optimized with the Yoast SEO plugin v27.1.1 - https:\/\/yoast.com\/product\/yoast-seo-wordpress\/ -->\n<title>Prefeitura de Mossor\u00f3 exonera servidor da Cultura ap\u00f3s \u00e1udio vazado com suposto caso de superfaturamento de contrato - Taveira Jr<\/title>\n<meta name=\"robots\" content=\"index, follow, max-snippet:-1, max-image-preview:large, max-video-preview:-1\" \/>\n<link rel=\"canonical\" href=\"https:\/\/deputadotaveirajr.com.br\/index.php\/prefeitura-de-mossoro-exonera-servidor-da-cultura-apos-audio-vazado-com-suposto-caso-de-superfaturamento-de-contrato\/\" \/>\n<meta property=\"og:locale\" content=\"pt_BR\" \/>\n<meta property=\"og:type\" content=\"article\" \/>\n<meta property=\"og:title\" content=\"Prefeitura de Mossor\u00f3 exonera servidor da Cultura ap\u00f3s \u00e1udio vazado com suposto caso de superfaturamento de contrato - Taveira Jr\" \/>\n<meta property=\"og:description\" content=\"Munic\u00edpio informou em nota que o caso agora &#8220;dever\u00e1 ser apurado pelas inst\u00e2ncias competentes&#8221;. MPRN informou que adotou &#8220;as provid\u00eancias pertinentes em rela\u00e7\u00e3o ao caso&#8221;. Pal\u00e1cio da Resist\u00eancia, sede pr\u00e9dio ...\" \/>\n<meta property=\"og:url\" content=\"https:\/\/deputadotaveirajr.com.br\/index.php\/prefeitura-de-mossoro-exonera-servidor-da-cultura-apos-audio-vazado-com-suposto-caso-de-superfaturamento-de-contrato\/\" \/>\n<meta property=\"og:site_name\" content=\"Taveira Jr\" \/>\n<meta property=\"og:image\" content=\"https:\/\/deputadotaveirajr.com.br\/wp-content\/uploads\/2024\/05\/wilson-moreno-T0FujN.jpeg\" \/>\n\t<meta property=\"og:image:width\" content=\"678\" \/>\n\t<meta property=\"og:image:height\" content=\"381\" \/>\n\t<meta property=\"og:image:type\" content=\"image\/jpeg\" \/>\n<meta name=\"twitter:card\" content=\"summary_large_image\" \/>\n<meta name=\"twitter:label1\" content=\"Est. tempo de leitura\" \/>\n\t<meta name=\"twitter:data1\" content=\"2 minutos\" \/>\n<script type=\"application\/ld+json\" class=\"yoast-schema-graph\">{\"@context\":\"https:\/\/schema.org\",\"@graph\":[{\"@type\":\"WebPage\",\"@id\":\"https:\/\/deputadotaveirajr.com.br\/index.php\/prefeitura-de-mossoro-exonera-servidor-da-cultura-apos-audio-vazado-com-suposto-caso-de-superfaturamento-de-contrato\/\",\"url\":\"https:\/\/deputadotaveirajr.com.br\/index.php\/prefeitura-de-mossoro-exonera-servidor-da-cultura-apos-audio-vazado-com-suposto-caso-de-superfaturamento-de-contrato\/\",\"name\":\"Prefeitura de Mossor\u00f3 exonera servidor da Cultura ap\u00f3s \u00e1udio vazado com suposto caso de superfaturamento de contrato - Taveira Jr\",\"isPartOf\":{\"@id\":\"https:\/\/deputadotaveirajr.com.br\/#website\"},\"primaryImageOfPage\":{\"@id\":\"https:\/\/deputadotaveirajr.com.br\/index.php\/prefeitura-de-mossoro-exonera-servidor-da-cultura-apos-audio-vazado-com-suposto-caso-de-superfaturamento-de-contrato\/#primaryimage\"},\"image\":{\"@id\":\"https:\/\/deputadotaveirajr.com.br\/index.php\/prefeitura-de-mossoro-exonera-servidor-da-cultura-apos-audio-vazado-com-suposto-caso-de-superfaturamento-de-contrato\/#primaryimage\"},\"thumbnailUrl\":\"https:\/\/deputadotaveirajr.com.br\/wp-content\/uploads\/2024\/05\/wilson-moreno-T0FujN.jpeg\",\"datePublished\":\"2024-05-02T23:57:57+00:00\",\"breadcrumb\":{\"@id\":\"https:\/\/deputadotaveirajr.com.br\/index.php\/prefeitura-de-mossoro-exonera-servidor-da-cultura-apos-audio-vazado-com-suposto-caso-de-superfaturamento-de-contrato\/#breadcrumb\"},\"inLanguage\":\"pt-BR\",\"potentialAction\":[{\"@type\":\"ReadAction\",\"target\":[\"https:\/\/deputadotaveirajr.com.br\/index.php\/prefeitura-de-mossoro-exonera-servidor-da-cultura-apos-audio-vazado-com-suposto-caso-de-superfaturamento-de-contrato\/\"]}]},{\"@type\":\"ImageObject\",\"inLanguage\":\"pt-BR\",\"@id\":\"https:\/\/deputadotaveirajr.com.br\/index.php\/prefeitura-de-mossoro-exonera-servidor-da-cultura-apos-audio-vazado-com-suposto-caso-de-superfaturamento-de-contrato\/#primaryimage\",\"url\":\"https:\/\/deputadotaveirajr.com.br\/wp-content\/uploads\/2024\/05\/wilson-moreno-T0FujN.jpeg\",\"contentUrl\":\"https:\/\/deputadotaveirajr.com.br\/wp-content\/uploads\/2024\/05\/wilson-moreno-T0FujN.jpeg\",\"width\":678,\"height\":381},{\"@type\":\"BreadcrumbList\",\"@id\":\"https:\/\/deputadotaveirajr.com.br\/index.php\/prefeitura-de-mossoro-exonera-servidor-da-cultura-apos-audio-vazado-com-suposto-caso-de-superfaturamento-de-contrato\/#breadcrumb\",\"itemListElement\":[{\"@type\":\"ListItem\",\"position\":1,\"name\":\"In\u00edcio\",\"item\":\"https:\/\/deputadotaveirajr.com.br\/\"},{\"@type\":\"ListItem\",\"position\":2,\"name\":\"Prefeitura de Mossor\u00f3 exonera servidor da Cultura ap\u00f3s \u00e1udio vazado com suposto caso de superfaturamento de contrato\"}]},{\"@type\":\"WebSite\",\"@id\":\"https:\/\/deputadotaveirajr.com.br\/#website\",\"url\":\"https:\/\/deputadotaveirajr.com.br\/\",\"name\":\"Taveira Jr\",\"description\":\"Deputado Estadual\",\"publisher\":{\"@id\":\"https:\/\/deputadotaveirajr.com.br\/#organization\"},\"potentialAction\":[{\"@type\":\"SearchAction\",\"target\":{\"@type\":\"EntryPoint\",\"urlTemplate\":\"https:\/\/deputadotaveirajr.com.br\/?s={search_term_string}\"},\"query-input\":{\"@type\":\"PropertyValueSpecification\",\"valueRequired\":true,\"valueName\":\"search_term_string\"}}],\"inLanguage\":\"pt-BR\"},{\"@type\":\"Organization\",\"@id\":\"https:\/\/deputadotaveirajr.com.br\/#organization\",\"name\":\"Taveira Jr\",\"url\":\"https:\/\/deputadotaveirajr.com.br\/\",\"logo\":{\"@type\":\"ImageObject\",\"inLanguage\":\"pt-BR\",\"@id\":\"https:\/\/deputadotaveirajr.com.br\/#\/schema\/logo\/image\/\",\"url\":\"https:\/\/deputadotaveirajr.com.br\/wp-content\/uploads\/2026\/01\/logolow2a.png\",\"contentUrl\":\"https:\/\/deputadotaveirajr.com.br\/wp-content\/uploads\/2026\/01\/logolow2a.png\",\"width\":290,\"height\":80,\"caption\":\"Taveira Jr\"},\"image\":{\"@id\":\"https:\/\/deputadotaveirajr.com.br\/#\/schema\/logo\/image\/\"}}]}<\/script>\n<!-- \/ Yoast SEO plugin. -->","yoast_head_json":{"title":"Prefeitura de Mossor\u00f3 exonera servidor da Cultura ap\u00f3s \u00e1udio vazado com suposto caso de superfaturamento de contrato - Taveira Jr","robots":{"index":"index","follow":"follow","max-snippet":"max-snippet:-1","max-image-preview":"max-image-preview:large","max-video-preview":"max-video-preview:-1"},"canonical":"https:\/\/deputadotaveirajr.com.br\/index.php\/prefeitura-de-mossoro-exonera-servidor-da-cultura-apos-audio-vazado-com-suposto-caso-de-superfaturamento-de-contrato\/","og_locale":"pt_BR","og_type":"article","og_title":"Prefeitura de Mossor\u00f3 exonera servidor da Cultura ap\u00f3s \u00e1udio vazado com suposto caso de superfaturamento de contrato - Taveira Jr","og_description":"Munic\u00edpio informou em nota que o caso agora &#8220;dever\u00e1 ser apurado pelas inst\u00e2ncias competentes&#8221;. MPRN informou que adotou &#8220;as provid\u00eancias pertinentes em rela\u00e7\u00e3o ao caso&#8221;. Pal\u00e1cio da Resist\u00eancia, sede pr\u00e9dio ...","og_url":"https:\/\/deputadotaveirajr.com.br\/index.php\/prefeitura-de-mossoro-exonera-servidor-da-cultura-apos-audio-vazado-com-suposto-caso-de-superfaturamento-de-contrato\/","og_site_name":"Taveira Jr","og_image":[{"width":678,"height":381,"url":"https:\/\/deputadotaveirajr.com.br\/wp-content\/uploads\/2024\/05\/wilson-moreno-T0FujN.jpeg","type":"image\/jpeg"}],"twitter_card":"summary_large_image","twitter_misc":{"Est. tempo de leitura":"2 minutos"},"schema":{"@context":"https:\/\/schema.org","@graph":[{"@type":"WebPage","@id":"https:\/\/deputadotaveirajr.com.br\/index.php\/prefeitura-de-mossoro-exonera-servidor-da-cultura-apos-audio-vazado-com-suposto-caso-de-superfaturamento-de-contrato\/","url":"https:\/\/deputadotaveirajr.com.br\/index.php\/prefeitura-de-mossoro-exonera-servidor-da-cultura-apos-audio-vazado-com-suposto-caso-de-superfaturamento-de-contrato\/","name":"Prefeitura de Mossor\u00f3 exonera servidor da Cultura ap\u00f3s \u00e1udio vazado com suposto caso de superfaturamento de contrato - Taveira Jr","isPartOf":{"@id":"https:\/\/deputadotaveirajr.com.br\/#website"},"primaryImageOfPage":{"@id":"https:\/\/deputadotaveirajr.com.br\/index.php\/prefeitura-de-mossoro-exonera-servidor-da-cultura-apos-audio-vazado-com-suposto-caso-de-superfaturamento-de-contrato\/#primaryimage"},"image":{"@id":"https:\/\/deputadotaveirajr.com.br\/index.php\/prefeitura-de-mossoro-exonera-servidor-da-cultura-apos-audio-vazado-com-suposto-caso-de-superfaturamento-de-contrato\/#primaryimage"},"thumbnailUrl":"https:\/\/deputadotaveirajr.com.br\/wp-content\/uploads\/2024\/05\/wilson-moreno-T0FujN.jpeg","datePublished":"2024-05-02T23:57:57+00:00","breadcrumb":{"@id":"https:\/\/deputadotaveirajr.com.br\/index.php\/prefeitura-de-mossoro-exonera-servidor-da-cultura-apos-audio-vazado-com-suposto-caso-de-superfaturamento-de-contrato\/#breadcrumb"},"inLanguage":"pt-BR","potentialAction":[{"@type":"ReadAction","target":["https:\/\/deputadotaveirajr.com.br\/index.php\/prefeitura-de-mossoro-exonera-servidor-da-cultura-apos-audio-vazado-com-suposto-caso-de-superfaturamento-de-contrato\/"]}]},{"@type":"ImageObject","inLanguage":"pt-BR","@id":"https:\/\/deputadotaveirajr.com.br\/index.php\/prefeitura-de-mossoro-exonera-servidor-da-cultura-apos-audio-vazado-com-suposto-caso-de-superfaturamento-de-contrato\/#primaryimage","url":"https:\/\/deputadotaveirajr.com.br\/wp-content\/uploads\/2024\/05\/wilson-moreno-T0FujN.jpeg","contentUrl":"https:\/\/deputadotaveirajr.com.br\/wp-content\/uploads\/2024\/05\/wilson-moreno-T0FujN.jpeg","width":678,"height":381},{"@type":"BreadcrumbList","@id":"https:\/\/deputadotaveirajr.com.br\/index.php\/prefeitura-de-mossoro-exonera-servidor-da-cultura-apos-audio-vazado-com-suposto-caso-de-superfaturamento-de-contrato\/#breadcrumb","itemListElement":[{"@type":"ListItem","position":1,"name":"In\u00edcio","item":"https:\/\/deputadotaveirajr.com.br\/"},{"@type":"ListItem","position":2,"name":"Prefeitura de Mossor\u00f3 exonera servidor da Cultura ap\u00f3s \u00e1udio vazado com suposto caso de superfaturamento de contrato"}]},{"@type":"WebSite","@id":"https:\/\/deputadotaveirajr.com.br\/#website","url":"https:\/\/deputadotaveirajr.com.br\/","name":"Taveira Jr","description":"Deputado Estadual","publisher":{"@id":"https:\/\/deputadotaveirajr.com.br\/#organization"},"potentialAction":[{"@type":"SearchAction","target":{"@type":"EntryPoint","urlTemplate":"https:\/\/deputadotaveirajr.com.br\/?s={search_term_string}"},"query-input":{"@type":"PropertyValueSpecification","valueRequired":true,"valueName":"search_term_string"}}],"inLanguage":"pt-BR"},{"@type":"Organization","@id":"https:\/\/deputadotaveirajr.com.br\/#organization","name":"Taveira Jr","url":"https:\/\/deputadotaveirajr.com.br\/","logo":{"@type":"ImageObject","inLanguage":"pt-BR","@id":"https:\/\/deputadotaveirajr.com.br\/#\/schema\/logo\/image\/","url":"https:\/\/deputadotaveirajr.com.br\/wp-content\/uploads\/2026\/01\/logolow2a.png","contentUrl":"https:\/\/deputadotaveirajr.com.br\/wp-content\/uploads\/2026\/01\/logolow2a.png","width":290,"height":80,"caption":"Taveira Jr"},"image":{"@id":"https:\/\/deputadotaveirajr.com.br\/#\/schema\/logo\/image\/"}}]}},"_links":{"self":[{"href":"https:\/\/deputadotaveirajr.com.br\/index.php\/wp-json\/wp\/v2\/pages\/5949","targetHints":{"allow":["GET"]}}],"collection":[{"href":"https:\/\/deputadotaveirajr.com.br\/index.php\/wp-json\/wp\/v2\/pages"}],"about":[{"href":"https:\/\/deputadotaveirajr.com.br\/index.php\/wp-json\/wp\/v2\/types\/page"}],"replies":[{"embeddable":true,"href":"https:\/\/deputadotaveirajr.com.br\/index.php\/wp-json\/wp\/v2\/comments?post=5949"}],"version-history":[{"count":1,"href":"https:\/\/deputadotaveirajr.com.br\/index.php\/wp-json\/wp\/v2\/pages\/5949\/revisions"}],"predecessor-version":[{"id":5956,"href":"https:\/\/deputadotaveirajr.com.br\/index.php\/wp-json\/wp\/v2\/pages\/5949\/revisions\/5956"}],"wp:featuredmedia":[{"embeddable":true,"href":"https:\/\/deputadotaveirajr.com.br\/index.php\/wp-json\/wp\/v2\/media\/5950"}],"wp:attachment":[{"href":"https:\/\/deputadotaveirajr.com.br\/index.php\/wp-json\/wp\/v2\/media?parent=5949"}],"curies":[{"name":"wp","href":"https:\/\/api.w.org\/{rel}","templated":true}]}}