{"id":5985,"date":"2024-05-05T11:46:49","date_gmt":"2024-05-05T14:46:49","guid":{"rendered":"https:\/\/deputadotaveirajr.com.br\/?page_id=5985"},"modified":"2024-05-05T11:46:49","modified_gmt":"2024-05-05T14:46:49","slug":"natal-oferece-330-vagas-em-cursos-gratuitos-de-qualificacao-profissional-veja-como-participar","status":"publish","type":"page","link":"https:\/\/deputadotaveirajr.com.br\/index.php\/natal-oferece-330-vagas-em-cursos-gratuitos-de-qualificacao-profissional-veja-como-participar\/","title":{"rendered":"Natal oferece 330 vagas em cursos gratuitos de qualifica\u00e7\u00e3o profissional; veja como participar"},"content":{"rendered":"<p>     H\u00e1 cursos para maquiagem, barbeiro, auxiliar de limpeza, entre outros. Inscri\u00e7\u00f5es acontecem na ter\u00e7a e quarta-feira de forma presencial, nos CMTE da Zona Norte e do Alecrim. Curso de cabelereiro \u00e9 um dos oferecisdos pela Semtas<br \/>\nFreepik<br \/>\nA Secretaria Municipal do Trabalho e Assist\u00eancia Social de Natal (Semtas) abriu 330 vagas em cursos gratuitos de qualifica\u00e7\u00e3o profissional. As inscri\u00e7\u00f5es acontecem nesta ter\u00e7a (7) e quarta-feira (8), de forma presencial.<br \/>\nAs inscri\u00e7\u00f5es ocorrem das 8h30 \u00e0s 16h30 nos Centros Municipais de Trabalho e Empreendedorismo (CMTE) Norte e do Alecrim, localizados na Rua Bariri s\/n\u00ba, Gramor\u00e9, e na Av. Pres. Bandeira, 765, Alecrim.<br \/>\n\u270dPara participar, os candidatos devem ter:<br \/>\npelo menos 18 anos (15 ou 16 anos para alguns cursos);<br \/>\nensino fundamental I ou II incompletos;<br \/>\natender aos pr\u00e9-requisitos espec\u00edficos de cada curso.<br \/>\nCursos dispon\u00edveis<br \/>\n\ud83d\udcd8 As aulas dos cursos ter\u00e3o in\u00edcio no dia 15 de maio e acontecem nos turnos da manh\u00e3 e da tarde. Entre as oportunidades, est\u00e3o sendo oferecidos os cursos de:<br \/>\nmaquiagem;<br \/>\ndesign de sobrancelhas;<br \/>\ncorte de cabelo;<br \/>\nmaquiagem;<br \/>\nbarbeiro;<br \/>\ningl\u00eas e espanhol b\u00e1sicos;<br \/>\nassistente de log\u00edstica;<br \/>\nauxiliar de limpeza;<br \/>\nentre outros.<br \/>\nPara se inscrever<br \/>\n\ud83d\udcc3 Os interessados devem apresentar:<br \/>\nc\u00f3pias do RG<br \/>\noriginais do CPF, PIS, NIS,<br \/>\ncarteira de trabalho,<br \/>\ncomprovante de resid\u00eancia,<br \/>\ncomprovante de escolaridade<br \/>\ne documentos de comprova\u00e7\u00e3o de conhecimentos t\u00e9cnicos, quando necess\u00e1rio para o curso escolhido.<br \/>\nV\u00eddeos mais assistidos do g1 RN<br \/>\nV\u00cdDEOS: Mais assistidos do Rio Grande do Norte nos \u00faltimos 7 dias| em G1 \/ RN \/ Rio Grande do Norte<\/p>","protected":false},"excerpt":{"rendered":"<p>H\u00e1 cursos para maquiagem, barbeiro, auxiliar de limpeza, entre outros. Inscri\u00e7\u00f5es acontecem na ter\u00e7a e quarta-feira de forma presencial, nos CMTE da Zona Norte e do Alecrim. Curso de cabelereiro &#8230;<\/p>\n","protected":false},"author":0,"featured_media":5986,"parent":0,"menu_order":0,"comment_status":"closed","ping_status":"closed","template":"","meta":{"footnotes":""},"class_list":["post-5985","page","type-page","status-publish","has-post-thumbnail","hentry"],"yoast_head":"<!-- This site is optimized with the Yoast SEO plugin v27.1.1 - https:\/\/yoast.com\/product\/yoast-seo-wordpress\/ -->\n<title>Natal oferece 330 vagas em cursos gratuitos de qualifica\u00e7\u00e3o profissional; veja como participar - Taveira Jr<\/title>\n<meta name=\"robots\" content=\"index, follow, max-snippet:-1, max-image-preview:large, max-video-preview:-1\" \/>\n<link rel=\"canonical\" href=\"https:\/\/deputadotaveirajr.com.br\/index.php\/natal-oferece-330-vagas-em-cursos-gratuitos-de-qualificacao-profissional-veja-como-participar\/\" \/>\n<meta property=\"og:locale\" content=\"pt_BR\" \/>\n<meta property=\"og:type\" content=\"article\" \/>\n<meta property=\"og:title\" content=\"Natal oferece 330 vagas em cursos gratuitos de qualifica\u00e7\u00e3o profissional; veja como participar - Taveira Jr\" \/>\n<meta property=\"og:description\" content=\"H\u00e1 cursos para maquiagem, barbeiro, auxiliar de limpeza, entre outros. Inscri\u00e7\u00f5es acontecem na ter\u00e7a e quarta-feira de forma presencial, nos CMTE da Zona Norte e do Alecrim. Curso de cabelereiro ...\" \/>\n<meta property=\"og:url\" content=\"https:\/\/deputadotaveirajr.com.br\/index.php\/natal-oferece-330-vagas-em-cursos-gratuitos-de-qualificacao-profissional-veja-como-participar\/\" \/>\n<meta property=\"og:site_name\" content=\"Taveira Jr\" \/>\n<meta property=\"og:image\" content=\"https:\/\/deputadotaveirajr.com.br\/wp-content\/uploads\/2024\/05\/client-getting-new-haircut-from-JT4o7W.jpeg\" \/>\n\t<meta property=\"og:image:width\" content=\"1000\" \/>\n\t<meta property=\"og:image:height\" content=\"750\" \/>\n\t<meta property=\"og:image:type\" content=\"image\/jpeg\" \/>\n<meta name=\"twitter:card\" content=\"summary_large_image\" \/>\n<meta name=\"twitter:label1\" content=\"Est. tempo de leitura\" \/>\n\t<meta name=\"twitter:data1\" content=\"1 minuto\" \/>\n<script type=\"application\/ld+json\" class=\"yoast-schema-graph\">{\"@context\":\"https:\/\/schema.org\",\"@graph\":[{\"@type\":\"WebPage\",\"@id\":\"https:\/\/deputadotaveirajr.com.br\/index.php\/natal-oferece-330-vagas-em-cursos-gratuitos-de-qualificacao-profissional-veja-como-participar\/\",\"url\":\"https:\/\/deputadotaveirajr.com.br\/index.php\/natal-oferece-330-vagas-em-cursos-gratuitos-de-qualificacao-profissional-veja-como-participar\/\",\"name\":\"Natal oferece 330 vagas em cursos gratuitos de qualifica\u00e7\u00e3o profissional; veja como participar - Taveira Jr\",\"isPartOf\":{\"@id\":\"https:\/\/deputadotaveirajr.com.br\/#website\"},\"primaryImageOfPage\":{\"@id\":\"https:\/\/deputadotaveirajr.com.br\/index.php\/natal-oferece-330-vagas-em-cursos-gratuitos-de-qualificacao-profissional-veja-como-participar\/#primaryimage\"},\"image\":{\"@id\":\"https:\/\/deputadotaveirajr.com.br\/index.php\/natal-oferece-330-vagas-em-cursos-gratuitos-de-qualificacao-profissional-veja-como-participar\/#primaryimage\"},\"thumbnailUrl\":\"https:\/\/deputadotaveirajr.com.br\/wp-content\/uploads\/2024\/05\/client-getting-new-haircut-from-JT4o7W.jpeg\",\"datePublished\":\"2024-05-05T14:46:49+00:00\",\"breadcrumb\":{\"@id\":\"https:\/\/deputadotaveirajr.com.br\/index.php\/natal-oferece-330-vagas-em-cursos-gratuitos-de-qualificacao-profissional-veja-como-participar\/#breadcrumb\"},\"inLanguage\":\"pt-BR\",\"potentialAction\":[{\"@type\":\"ReadAction\",\"target\":[\"https:\/\/deputadotaveirajr.com.br\/index.php\/natal-oferece-330-vagas-em-cursos-gratuitos-de-qualificacao-profissional-veja-como-participar\/\"]}]},{\"@type\":\"ImageObject\",\"inLanguage\":\"pt-BR\",\"@id\":\"https:\/\/deputadotaveirajr.com.br\/index.php\/natal-oferece-330-vagas-em-cursos-gratuitos-de-qualificacao-profissional-veja-como-participar\/#primaryimage\",\"url\":\"https:\/\/deputadotaveirajr.com.br\/wp-content\/uploads\/2024\/05\/client-getting-new-haircut-from-JT4o7W.jpeg\",\"contentUrl\":\"https:\/\/deputadotaveirajr.com.br\/wp-content\/uploads\/2024\/05\/client-getting-new-haircut-from-JT4o7W.jpeg\",\"width\":1000,\"height\":750},{\"@type\":\"BreadcrumbList\",\"@id\":\"https:\/\/deputadotaveirajr.com.br\/index.php\/natal-oferece-330-vagas-em-cursos-gratuitos-de-qualificacao-profissional-veja-como-participar\/#breadcrumb\",\"itemListElement\":[{\"@type\":\"ListItem\",\"position\":1,\"name\":\"In\u00edcio\",\"item\":\"https:\/\/deputadotaveirajr.com.br\/\"},{\"@type\":\"ListItem\",\"position\":2,\"name\":\"Natal oferece 330 vagas em cursos gratuitos de qualifica\u00e7\u00e3o profissional; veja como participar\"}]},{\"@type\":\"WebSite\",\"@id\":\"https:\/\/deputadotaveirajr.com.br\/#website\",\"url\":\"https:\/\/deputadotaveirajr.com.br\/\",\"name\":\"Taveira Jr\",\"description\":\"Deputado Estadual\",\"publisher\":{\"@id\":\"https:\/\/deputadotaveirajr.com.br\/#organization\"},\"potentialAction\":[{\"@type\":\"SearchAction\",\"target\":{\"@type\":\"EntryPoint\",\"urlTemplate\":\"https:\/\/deputadotaveirajr.com.br\/?s={search_term_string}\"},\"query-input\":{\"@type\":\"PropertyValueSpecification\",\"valueRequired\":true,\"valueName\":\"search_term_string\"}}],\"inLanguage\":\"pt-BR\"},{\"@type\":\"Organization\",\"@id\":\"https:\/\/deputadotaveirajr.com.br\/#organization\",\"name\":\"Taveira Jr\",\"url\":\"https:\/\/deputadotaveirajr.com.br\/\",\"logo\":{\"@type\":\"ImageObject\",\"inLanguage\":\"pt-BR\",\"@id\":\"https:\/\/deputadotaveirajr.com.br\/#\/schema\/logo\/image\/\",\"url\":\"https:\/\/deputadotaveirajr.com.br\/wp-content\/uploads\/2026\/01\/logolow2a.png\",\"contentUrl\":\"https:\/\/deputadotaveirajr.com.br\/wp-content\/uploads\/2026\/01\/logolow2a.png\",\"width\":290,\"height\":80,\"caption\":\"Taveira Jr\"},\"image\":{\"@id\":\"https:\/\/deputadotaveirajr.com.br\/#\/schema\/logo\/image\/\"}}]}<\/script>\n<!-- \/ Yoast SEO plugin. -->","yoast_head_json":{"title":"Natal oferece 330 vagas em cursos gratuitos de qualifica\u00e7\u00e3o profissional; veja como participar - Taveira Jr","robots":{"index":"index","follow":"follow","max-snippet":"max-snippet:-1","max-image-preview":"max-image-preview:large","max-video-preview":"max-video-preview:-1"},"canonical":"https:\/\/deputadotaveirajr.com.br\/index.php\/natal-oferece-330-vagas-em-cursos-gratuitos-de-qualificacao-profissional-veja-como-participar\/","og_locale":"pt_BR","og_type":"article","og_title":"Natal oferece 330 vagas em cursos gratuitos de qualifica\u00e7\u00e3o profissional; veja como participar - Taveira Jr","og_description":"H\u00e1 cursos para maquiagem, barbeiro, auxiliar de limpeza, entre outros. Inscri\u00e7\u00f5es acontecem na ter\u00e7a e quarta-feira de forma presencial, nos CMTE da Zona Norte e do Alecrim. Curso de cabelereiro ...","og_url":"https:\/\/deputadotaveirajr.com.br\/index.php\/natal-oferece-330-vagas-em-cursos-gratuitos-de-qualificacao-profissional-veja-como-participar\/","og_site_name":"Taveira Jr","og_image":[{"width":1000,"height":750,"url":"https:\/\/deputadotaveirajr.com.br\/wp-content\/uploads\/2024\/05\/client-getting-new-haircut-from-JT4o7W.jpeg","type":"image\/jpeg"}],"twitter_card":"summary_large_image","twitter_misc":{"Est. tempo de leitura":"1 minuto"},"schema":{"@context":"https:\/\/schema.org","@graph":[{"@type":"WebPage","@id":"https:\/\/deputadotaveirajr.com.br\/index.php\/natal-oferece-330-vagas-em-cursos-gratuitos-de-qualificacao-profissional-veja-como-participar\/","url":"https:\/\/deputadotaveirajr.com.br\/index.php\/natal-oferece-330-vagas-em-cursos-gratuitos-de-qualificacao-profissional-veja-como-participar\/","name":"Natal oferece 330 vagas em cursos gratuitos de qualifica\u00e7\u00e3o profissional; veja como participar - Taveira Jr","isPartOf":{"@id":"https:\/\/deputadotaveirajr.com.br\/#website"},"primaryImageOfPage":{"@id":"https:\/\/deputadotaveirajr.com.br\/index.php\/natal-oferece-330-vagas-em-cursos-gratuitos-de-qualificacao-profissional-veja-como-participar\/#primaryimage"},"image":{"@id":"https:\/\/deputadotaveirajr.com.br\/index.php\/natal-oferece-330-vagas-em-cursos-gratuitos-de-qualificacao-profissional-veja-como-participar\/#primaryimage"},"thumbnailUrl":"https:\/\/deputadotaveirajr.com.br\/wp-content\/uploads\/2024\/05\/client-getting-new-haircut-from-JT4o7W.jpeg","datePublished":"2024-05-05T14:46:49+00:00","breadcrumb":{"@id":"https:\/\/deputadotaveirajr.com.br\/index.php\/natal-oferece-330-vagas-em-cursos-gratuitos-de-qualificacao-profissional-veja-como-participar\/#breadcrumb"},"inLanguage":"pt-BR","potentialAction":[{"@type":"ReadAction","target":["https:\/\/deputadotaveirajr.com.br\/index.php\/natal-oferece-330-vagas-em-cursos-gratuitos-de-qualificacao-profissional-veja-como-participar\/"]}]},{"@type":"ImageObject","inLanguage":"pt-BR","@id":"https:\/\/deputadotaveirajr.com.br\/index.php\/natal-oferece-330-vagas-em-cursos-gratuitos-de-qualificacao-profissional-veja-como-participar\/#primaryimage","url":"https:\/\/deputadotaveirajr.com.br\/wp-content\/uploads\/2024\/05\/client-getting-new-haircut-from-JT4o7W.jpeg","contentUrl":"https:\/\/deputadotaveirajr.com.br\/wp-content\/uploads\/2024\/05\/client-getting-new-haircut-from-JT4o7W.jpeg","width":1000,"height":750},{"@type":"BreadcrumbList","@id":"https:\/\/deputadotaveirajr.com.br\/index.php\/natal-oferece-330-vagas-em-cursos-gratuitos-de-qualificacao-profissional-veja-como-participar\/#breadcrumb","itemListElement":[{"@type":"ListItem","position":1,"name":"In\u00edcio","item":"https:\/\/deputadotaveirajr.com.br\/"},{"@type":"ListItem","position":2,"name":"Natal oferece 330 vagas em cursos gratuitos de qualifica\u00e7\u00e3o profissional; veja como participar"}]},{"@type":"WebSite","@id":"https:\/\/deputadotaveirajr.com.br\/#website","url":"https:\/\/deputadotaveirajr.com.br\/","name":"Taveira Jr","description":"Deputado Estadual","publisher":{"@id":"https:\/\/deputadotaveirajr.com.br\/#organization"},"potentialAction":[{"@type":"SearchAction","target":{"@type":"EntryPoint","urlTemplate":"https:\/\/deputadotaveirajr.com.br\/?s={search_term_string}"},"query-input":{"@type":"PropertyValueSpecification","valueRequired":true,"valueName":"search_term_string"}}],"inLanguage":"pt-BR"},{"@type":"Organization","@id":"https:\/\/deputadotaveirajr.com.br\/#organization","name":"Taveira Jr","url":"https:\/\/deputadotaveirajr.com.br\/","logo":{"@type":"ImageObject","inLanguage":"pt-BR","@id":"https:\/\/deputadotaveirajr.com.br\/#\/schema\/logo\/image\/","url":"https:\/\/deputadotaveirajr.com.br\/wp-content\/uploads\/2026\/01\/logolow2a.png","contentUrl":"https:\/\/deputadotaveirajr.com.br\/wp-content\/uploads\/2026\/01\/logolow2a.png","width":290,"height":80,"caption":"Taveira Jr"},"image":{"@id":"https:\/\/deputadotaveirajr.com.br\/#\/schema\/logo\/image\/"}}]}},"_links":{"self":[{"href":"https:\/\/deputadotaveirajr.com.br\/index.php\/wp-json\/wp\/v2\/pages\/5985","targetHints":{"allow":["GET"]}}],"collection":[{"href":"https:\/\/deputadotaveirajr.com.br\/index.php\/wp-json\/wp\/v2\/pages"}],"about":[{"href":"https:\/\/deputadotaveirajr.com.br\/index.php\/wp-json\/wp\/v2\/types\/page"}],"replies":[{"embeddable":true,"href":"https:\/\/deputadotaveirajr.com.br\/index.php\/wp-json\/wp\/v2\/comments?post=5985"}],"version-history":[{"count":1,"href":"https:\/\/deputadotaveirajr.com.br\/index.php\/wp-json\/wp\/v2\/pages\/5985\/revisions"}],"predecessor-version":[{"id":5992,"href":"https:\/\/deputadotaveirajr.com.br\/index.php\/wp-json\/wp\/v2\/pages\/5985\/revisions\/5992"}],"wp:featuredmedia":[{"embeddable":true,"href":"https:\/\/deputadotaveirajr.com.br\/index.php\/wp-json\/wp\/v2\/media\/5986"}],"wp:attachment":[{"href":"https:\/\/deputadotaveirajr.com.br\/index.php\/wp-json\/wp\/v2\/media?parent=5985"}],"curies":[{"name":"wp","href":"https:\/\/api.w.org\/{rel}","templated":true}]}}