{"id":5988,"date":"2024-05-05T14:05:35","date_gmt":"2024-05-05T17:05:35","guid":{"rendered":"https:\/\/deputadotaveirajr.com.br\/?page_id=5988"},"modified":"2024-05-05T14:05:35","modified_gmt":"2024-05-05T17:05:35","slug":"operacao-lei-seca-autua-20-motoristas-que-dirigiam-sob-efeito-de-alcool-na-grande-natal","status":"publish","type":"page","link":"https:\/\/deputadotaveirajr.com.br\/index.php\/operacao-lei-seca-autua-20-motoristas-que-dirigiam-sob-efeito-de-alcool-na-grande-natal\/","title":{"rendered":"Opera\u00e7\u00e3o Lei Seca autua 20 motoristas que dirigiam sob efeito de \u00e1lcool na Grande Natal"},"content":{"rendered":"<p>     Um motorista foi preso em flagrante pelo crime de embriaguez ao volante, j\u00e1 que o teste de baf\u00f4metro dele apresentou valor acima de 0,33 mg\/l. Bliz da Lei Seca realizada em Parnamirim, na Grande Natal RN<br \/>\nDivulga\u00e7\u00e3o\/PM\/Arquivo<br \/>\nA Opera\u00e7\u00e3o Lei Seca autuou 20 motoristas na noite deste s\u00e1bado (4) no bairro Cidade Verde, em Parnamirim, na Grande Natal, que dirigiam sob efeito de \u00e1lcool. A blitz foi montada na Avenida Gast\u00e3o Mariz.<br \/>\nTodos os motoristas autuados foram multados no valor de R$2.934,70, al\u00e9m de terem o direito de dirigir suspenso pelo per\u00edodo de um ano.<br \/>\n\ud83d\udcf3Participe do canal do g1 RN no WhatsApp<br \/>\nDe acordo com o Comando de Policiamento Rodovi\u00e1rio Estadual (CPRE), na mesma fiscaliza\u00e7\u00e3o um homem de 31 anos recebeu voz de pris\u00e3o por se encontrar em estado de embriaguez.<br \/>\nO teste de alcoolemia do homem apontou valor de 0.39mg\/l, o que configura crime de tr\u00e2nsito. O teste quando tem um resultado entre 0,04 mg\/l e 0,33 mg\/l  \u00e9 considerado infra\u00e7\u00e3o grav\u00edssima.<br \/>\nO homem detido foi levado para a Central de Flagrantes para os procedimentos necess\u00e1rios.<br \/>\nV\u00eddeos mais assistidos do g1 RN<\/p>","protected":false},"excerpt":{"rendered":"<p>Um motorista foi preso em flagrante pelo crime de embriaguez ao volante, j\u00e1 que o teste de baf\u00f4metro dele apresentou valor acima de 0,33 mg\/l. Bliz da Lei Seca realizada &#8230;<\/p>\n","protected":false},"author":0,"featured_media":5989,"parent":0,"menu_order":0,"comment_status":"closed","ping_status":"closed","template":"","meta":{"footnotes":""},"class_list":["post-5988","page","type-page","status-publish","has-post-thumbnail","hentry"],"yoast_head":"<!-- This site is optimized with the Yoast SEO plugin v27.1.1 - https:\/\/yoast.com\/product\/yoast-seo-wordpress\/ -->\n<title>Opera\u00e7\u00e3o Lei Seca autua 20 motoristas que dirigiam sob efeito de \u00e1lcool na Grande Natal - Taveira Jr<\/title>\n<meta name=\"robots\" content=\"index, follow, max-snippet:-1, max-image-preview:large, max-video-preview:-1\" \/>\n<link rel=\"canonical\" href=\"https:\/\/deputadotaveirajr.com.br\/index.php\/operacao-lei-seca-autua-20-motoristas-que-dirigiam-sob-efeito-de-alcool-na-grande-natal\/\" \/>\n<meta property=\"og:locale\" content=\"pt_BR\" \/>\n<meta property=\"og:type\" content=\"article\" \/>\n<meta property=\"og:title\" content=\"Opera\u00e7\u00e3o Lei Seca autua 20 motoristas que dirigiam sob efeito de \u00e1lcool na Grande Natal - Taveira Jr\" \/>\n<meta property=\"og:description\" content=\"Um motorista foi preso em flagrante pelo crime de embriaguez ao volante, j\u00e1 que o teste de baf\u00f4metro dele apresentou valor acima de 0,33 mg\/l. Bliz da Lei Seca realizada ...\" \/>\n<meta property=\"og:url\" content=\"https:\/\/deputadotaveirajr.com.br\/index.php\/operacao-lei-seca-autua-20-motoristas-que-dirigiam-sob-efeito-de-alcool-na-grande-natal\/\" \/>\n<meta property=\"og:site_name\" content=\"Taveira Jr\" \/>\n<meta property=\"og:image\" content=\"https:\/\/deputadotaveirajr.com.br\/wp-content\/uploads\/2024\/05\/lei-seca-HHe3YZ.jpeg\" \/>\n\t<meta property=\"og:image:width\" content=\"1097\" \/>\n\t<meta property=\"og:image:height\" content=\"501\" \/>\n\t<meta property=\"og:image:type\" content=\"image\/jpeg\" \/>\n<meta name=\"twitter:card\" content=\"summary_large_image\" \/>\n<meta name=\"twitter:label1\" content=\"Est. tempo de leitura\" \/>\n\t<meta name=\"twitter:data1\" content=\"1 minuto\" \/>\n<script type=\"application\/ld+json\" class=\"yoast-schema-graph\">{\"@context\":\"https:\/\/schema.org\",\"@graph\":[{\"@type\":\"WebPage\",\"@id\":\"https:\/\/deputadotaveirajr.com.br\/index.php\/operacao-lei-seca-autua-20-motoristas-que-dirigiam-sob-efeito-de-alcool-na-grande-natal\/\",\"url\":\"https:\/\/deputadotaveirajr.com.br\/index.php\/operacao-lei-seca-autua-20-motoristas-que-dirigiam-sob-efeito-de-alcool-na-grande-natal\/\",\"name\":\"Opera\u00e7\u00e3o Lei Seca autua 20 motoristas que dirigiam sob efeito de \u00e1lcool na Grande Natal - Taveira Jr\",\"isPartOf\":{\"@id\":\"https:\/\/deputadotaveirajr.com.br\/#website\"},\"primaryImageOfPage\":{\"@id\":\"https:\/\/deputadotaveirajr.com.br\/index.php\/operacao-lei-seca-autua-20-motoristas-que-dirigiam-sob-efeito-de-alcool-na-grande-natal\/#primaryimage\"},\"image\":{\"@id\":\"https:\/\/deputadotaveirajr.com.br\/index.php\/operacao-lei-seca-autua-20-motoristas-que-dirigiam-sob-efeito-de-alcool-na-grande-natal\/#primaryimage\"},\"thumbnailUrl\":\"https:\/\/deputadotaveirajr.com.br\/wp-content\/uploads\/2024\/05\/lei-seca-HHe3YZ.jpeg\",\"datePublished\":\"2024-05-05T17:05:35+00:00\",\"breadcrumb\":{\"@id\":\"https:\/\/deputadotaveirajr.com.br\/index.php\/operacao-lei-seca-autua-20-motoristas-que-dirigiam-sob-efeito-de-alcool-na-grande-natal\/#breadcrumb\"},\"inLanguage\":\"pt-BR\",\"potentialAction\":[{\"@type\":\"ReadAction\",\"target\":[\"https:\/\/deputadotaveirajr.com.br\/index.php\/operacao-lei-seca-autua-20-motoristas-que-dirigiam-sob-efeito-de-alcool-na-grande-natal\/\"]}]},{\"@type\":\"ImageObject\",\"inLanguage\":\"pt-BR\",\"@id\":\"https:\/\/deputadotaveirajr.com.br\/index.php\/operacao-lei-seca-autua-20-motoristas-que-dirigiam-sob-efeito-de-alcool-na-grande-natal\/#primaryimage\",\"url\":\"https:\/\/deputadotaveirajr.com.br\/wp-content\/uploads\/2024\/05\/lei-seca-HHe3YZ.jpeg\",\"contentUrl\":\"https:\/\/deputadotaveirajr.com.br\/wp-content\/uploads\/2024\/05\/lei-seca-HHe3YZ.jpeg\",\"width\":1097,\"height\":501},{\"@type\":\"BreadcrumbList\",\"@id\":\"https:\/\/deputadotaveirajr.com.br\/index.php\/operacao-lei-seca-autua-20-motoristas-que-dirigiam-sob-efeito-de-alcool-na-grande-natal\/#breadcrumb\",\"itemListElement\":[{\"@type\":\"ListItem\",\"position\":1,\"name\":\"In\u00edcio\",\"item\":\"https:\/\/deputadotaveirajr.com.br\/\"},{\"@type\":\"ListItem\",\"position\":2,\"name\":\"Opera\u00e7\u00e3o Lei Seca autua 20 motoristas que dirigiam sob efeito de \u00e1lcool na Grande Natal\"}]},{\"@type\":\"WebSite\",\"@id\":\"https:\/\/deputadotaveirajr.com.br\/#website\",\"url\":\"https:\/\/deputadotaveirajr.com.br\/\",\"name\":\"Taveira Jr\",\"description\":\"Deputado Estadual\",\"publisher\":{\"@id\":\"https:\/\/deputadotaveirajr.com.br\/#organization\"},\"potentialAction\":[{\"@type\":\"SearchAction\",\"target\":{\"@type\":\"EntryPoint\",\"urlTemplate\":\"https:\/\/deputadotaveirajr.com.br\/?s={search_term_string}\"},\"query-input\":{\"@type\":\"PropertyValueSpecification\",\"valueRequired\":true,\"valueName\":\"search_term_string\"}}],\"inLanguage\":\"pt-BR\"},{\"@type\":\"Organization\",\"@id\":\"https:\/\/deputadotaveirajr.com.br\/#organization\",\"name\":\"Taveira Jr\",\"url\":\"https:\/\/deputadotaveirajr.com.br\/\",\"logo\":{\"@type\":\"ImageObject\",\"inLanguage\":\"pt-BR\",\"@id\":\"https:\/\/deputadotaveirajr.com.br\/#\/schema\/logo\/image\/\",\"url\":\"https:\/\/deputadotaveirajr.com.br\/wp-content\/uploads\/2026\/01\/logolow2a.png\",\"contentUrl\":\"https:\/\/deputadotaveirajr.com.br\/wp-content\/uploads\/2026\/01\/logolow2a.png\",\"width\":290,\"height\":80,\"caption\":\"Taveira Jr\"},\"image\":{\"@id\":\"https:\/\/deputadotaveirajr.com.br\/#\/schema\/logo\/image\/\"}}]}<\/script>\n<!-- \/ Yoast SEO plugin. -->","yoast_head_json":{"title":"Opera\u00e7\u00e3o Lei Seca autua 20 motoristas que dirigiam sob efeito de \u00e1lcool na Grande Natal - Taveira Jr","robots":{"index":"index","follow":"follow","max-snippet":"max-snippet:-1","max-image-preview":"max-image-preview:large","max-video-preview":"max-video-preview:-1"},"canonical":"https:\/\/deputadotaveirajr.com.br\/index.php\/operacao-lei-seca-autua-20-motoristas-que-dirigiam-sob-efeito-de-alcool-na-grande-natal\/","og_locale":"pt_BR","og_type":"article","og_title":"Opera\u00e7\u00e3o Lei Seca autua 20 motoristas que dirigiam sob efeito de \u00e1lcool na Grande Natal - Taveira Jr","og_description":"Um motorista foi preso em flagrante pelo crime de embriaguez ao volante, j\u00e1 que o teste de baf\u00f4metro dele apresentou valor acima de 0,33 mg\/l. Bliz da Lei Seca realizada ...","og_url":"https:\/\/deputadotaveirajr.com.br\/index.php\/operacao-lei-seca-autua-20-motoristas-que-dirigiam-sob-efeito-de-alcool-na-grande-natal\/","og_site_name":"Taveira Jr","og_image":[{"width":1097,"height":501,"url":"https:\/\/deputadotaveirajr.com.br\/wp-content\/uploads\/2024\/05\/lei-seca-HHe3YZ.jpeg","type":"image\/jpeg"}],"twitter_card":"summary_large_image","twitter_misc":{"Est. tempo de leitura":"1 minuto"},"schema":{"@context":"https:\/\/schema.org","@graph":[{"@type":"WebPage","@id":"https:\/\/deputadotaveirajr.com.br\/index.php\/operacao-lei-seca-autua-20-motoristas-que-dirigiam-sob-efeito-de-alcool-na-grande-natal\/","url":"https:\/\/deputadotaveirajr.com.br\/index.php\/operacao-lei-seca-autua-20-motoristas-que-dirigiam-sob-efeito-de-alcool-na-grande-natal\/","name":"Opera\u00e7\u00e3o Lei Seca autua 20 motoristas que dirigiam sob efeito de \u00e1lcool na Grande Natal - Taveira Jr","isPartOf":{"@id":"https:\/\/deputadotaveirajr.com.br\/#website"},"primaryImageOfPage":{"@id":"https:\/\/deputadotaveirajr.com.br\/index.php\/operacao-lei-seca-autua-20-motoristas-que-dirigiam-sob-efeito-de-alcool-na-grande-natal\/#primaryimage"},"image":{"@id":"https:\/\/deputadotaveirajr.com.br\/index.php\/operacao-lei-seca-autua-20-motoristas-que-dirigiam-sob-efeito-de-alcool-na-grande-natal\/#primaryimage"},"thumbnailUrl":"https:\/\/deputadotaveirajr.com.br\/wp-content\/uploads\/2024\/05\/lei-seca-HHe3YZ.jpeg","datePublished":"2024-05-05T17:05:35+00:00","breadcrumb":{"@id":"https:\/\/deputadotaveirajr.com.br\/index.php\/operacao-lei-seca-autua-20-motoristas-que-dirigiam-sob-efeito-de-alcool-na-grande-natal\/#breadcrumb"},"inLanguage":"pt-BR","potentialAction":[{"@type":"ReadAction","target":["https:\/\/deputadotaveirajr.com.br\/index.php\/operacao-lei-seca-autua-20-motoristas-que-dirigiam-sob-efeito-de-alcool-na-grande-natal\/"]}]},{"@type":"ImageObject","inLanguage":"pt-BR","@id":"https:\/\/deputadotaveirajr.com.br\/index.php\/operacao-lei-seca-autua-20-motoristas-que-dirigiam-sob-efeito-de-alcool-na-grande-natal\/#primaryimage","url":"https:\/\/deputadotaveirajr.com.br\/wp-content\/uploads\/2024\/05\/lei-seca-HHe3YZ.jpeg","contentUrl":"https:\/\/deputadotaveirajr.com.br\/wp-content\/uploads\/2024\/05\/lei-seca-HHe3YZ.jpeg","width":1097,"height":501},{"@type":"BreadcrumbList","@id":"https:\/\/deputadotaveirajr.com.br\/index.php\/operacao-lei-seca-autua-20-motoristas-que-dirigiam-sob-efeito-de-alcool-na-grande-natal\/#breadcrumb","itemListElement":[{"@type":"ListItem","position":1,"name":"In\u00edcio","item":"https:\/\/deputadotaveirajr.com.br\/"},{"@type":"ListItem","position":2,"name":"Opera\u00e7\u00e3o Lei Seca autua 20 motoristas que dirigiam sob efeito de \u00e1lcool na Grande Natal"}]},{"@type":"WebSite","@id":"https:\/\/deputadotaveirajr.com.br\/#website","url":"https:\/\/deputadotaveirajr.com.br\/","name":"Taveira Jr","description":"Deputado Estadual","publisher":{"@id":"https:\/\/deputadotaveirajr.com.br\/#organization"},"potentialAction":[{"@type":"SearchAction","target":{"@type":"EntryPoint","urlTemplate":"https:\/\/deputadotaveirajr.com.br\/?s={search_term_string}"},"query-input":{"@type":"PropertyValueSpecification","valueRequired":true,"valueName":"search_term_string"}}],"inLanguage":"pt-BR"},{"@type":"Organization","@id":"https:\/\/deputadotaveirajr.com.br\/#organization","name":"Taveira Jr","url":"https:\/\/deputadotaveirajr.com.br\/","logo":{"@type":"ImageObject","inLanguage":"pt-BR","@id":"https:\/\/deputadotaveirajr.com.br\/#\/schema\/logo\/image\/","url":"https:\/\/deputadotaveirajr.com.br\/wp-content\/uploads\/2026\/01\/logolow2a.png","contentUrl":"https:\/\/deputadotaveirajr.com.br\/wp-content\/uploads\/2026\/01\/logolow2a.png","width":290,"height":80,"caption":"Taveira Jr"},"image":{"@id":"https:\/\/deputadotaveirajr.com.br\/#\/schema\/logo\/image\/"}}]}},"_links":{"self":[{"href":"https:\/\/deputadotaveirajr.com.br\/index.php\/wp-json\/wp\/v2\/pages\/5988","targetHints":{"allow":["GET"]}}],"collection":[{"href":"https:\/\/deputadotaveirajr.com.br\/index.php\/wp-json\/wp\/v2\/pages"}],"about":[{"href":"https:\/\/deputadotaveirajr.com.br\/index.php\/wp-json\/wp\/v2\/types\/page"}],"replies":[{"embeddable":true,"href":"https:\/\/deputadotaveirajr.com.br\/index.php\/wp-json\/wp\/v2\/comments?post=5988"}],"version-history":[{"count":1,"href":"https:\/\/deputadotaveirajr.com.br\/index.php\/wp-json\/wp\/v2\/pages\/5988\/revisions"}],"predecessor-version":[{"id":5996,"href":"https:\/\/deputadotaveirajr.com.br\/index.php\/wp-json\/wp\/v2\/pages\/5988\/revisions\/5996"}],"wp:featuredmedia":[{"embeddable":true,"href":"https:\/\/deputadotaveirajr.com.br\/index.php\/wp-json\/wp\/v2\/media\/5989"}],"wp:attachment":[{"href":"https:\/\/deputadotaveirajr.com.br\/index.php\/wp-json\/wp\/v2\/media?parent=5988"}],"curies":[{"name":"wp","href":"https:\/\/api.w.org\/{rel}","templated":true}]}}