{"id":6050,"date":"2024-05-08T16:10:44","date_gmt":"2024-05-08T19:10:44","guid":{"rendered":"https:\/\/deputadotaveirajr.com.br\/?page_id=6050"},"modified":"2024-05-08T16:10:44","modified_gmt":"2024-05-08T19:10:44","slug":"inscricoes-para-concurso-da-guarda-municipal-de-parnamirim-terminam-nesta-sexta-10","status":"publish","type":"page","link":"https:\/\/deputadotaveirajr.com.br\/index.php\/inscricoes-para-concurso-da-guarda-municipal-de-parnamirim-terminam-nesta-sexta-10\/","title":{"rendered":"Inscri\u00e7\u00f5es para concurso da Guarda Municipal de Parnamirim terminam nesta sexta (10)"},"content":{"rendered":"<p>     Inscri\u00e7\u00f5es custam R$ 160. Ao todo, s\u00e3o 50 vagas imediatas e 100 para cadastro de reserva.  Concurso p\u00fablico<br \/>\nReprodu\u00e7\u00e3o\/ Ag\u00eancia Bras\u00edlia<br \/>\nAs inscri\u00e7\u00f5es para o concurso p\u00fablico da Guarda Municipal de Parnamirim terminam na pr\u00f3xima sexta-feira (10). As inscri\u00e7\u00f5es devem ser feitas pela internet e custam R$ 160.<br \/>\nConfira o edital completo.<br \/>\nClique AQUI para se inscrever.<br \/>\nAo todo, s\u00e3o 50 vagas imediatas e 100 para cadastro de reserva. Para concorrer \u00e9 preciso ter ensino m\u00e9dio completo. O sal\u00e1rio bas \u00e9 de R$ 2.650, mais gratifica\u00e7\u00e3o de risco de vida no valor de R$ 946, adicional noturno de R$ 120, e adicional de seguran\u00e7a p\u00fablica de R$ 1.250.<br \/>\nAs provas objetivas ser\u00e3o aplicadas no dia 19 de maio de 2024, com as seguintes disciplinas L\u00edngua Portuguesa, Direito Constitucional, Matem\u00e1tica, No\u00e7\u00f5es de Direito Penal e Processual Penal, Legisla\u00e7\u00e3o Extravagante.<br \/>\nV\u00cdDEOS: Mais vistos no RN nos \u00faltimos 7 dias<\/p>","protected":false},"excerpt":{"rendered":"<p>Inscri\u00e7\u00f5es custam R$ 160. Ao todo, s\u00e3o 50 vagas imediatas e 100 para cadastro de reserva. Concurso p\u00fablico Reprodu\u00e7\u00e3o\/ Ag\u00eancia Bras\u00edlia As inscri\u00e7\u00f5es para o concurso p\u00fablico da Guarda Municipal &#8230;<\/p>\n","protected":false},"author":0,"featured_media":6051,"parent":0,"menu_order":0,"comment_status":"closed","ping_status":"closed","template":"","meta":{"footnotes":""},"class_list":["post-6050","page","type-page","status-publish","has-post-thumbnail","hentry"],"yoast_head":"<!-- This site is optimized with the Yoast SEO plugin v27.1.1 - https:\/\/yoast.com\/product\/yoast-seo-wordpress\/ -->\n<title>Inscri\u00e7\u00f5es para concurso da Guarda Municipal de Parnamirim terminam nesta sexta (10) - Taveira Jr<\/title>\n<meta name=\"robots\" content=\"index, follow, max-snippet:-1, max-image-preview:large, max-video-preview:-1\" \/>\n<link rel=\"canonical\" href=\"https:\/\/deputadotaveirajr.com.br\/index.php\/inscricoes-para-concurso-da-guarda-municipal-de-parnamirim-terminam-nesta-sexta-10\/\" \/>\n<meta property=\"og:locale\" content=\"pt_BR\" \/>\n<meta property=\"og:type\" content=\"article\" \/>\n<meta property=\"og:title\" content=\"Inscri\u00e7\u00f5es para concurso da Guarda Municipal de Parnamirim terminam nesta sexta (10) - Taveira Jr\" \/>\n<meta property=\"og:description\" content=\"Inscri\u00e7\u00f5es custam R$ 160. Ao todo, s\u00e3o 50 vagas imediatas e 100 para cadastro de reserva. Concurso p\u00fablico Reprodu\u00e7\u00e3o\/ Ag\u00eancia Bras\u00edlia As inscri\u00e7\u00f5es para o concurso p\u00fablico da Guarda Municipal ...\" \/>\n<meta property=\"og:url\" content=\"https:\/\/deputadotaveirajr.com.br\/index.php\/inscricoes-para-concurso-da-guarda-municipal-de-parnamirim-terminam-nesta-sexta-10\/\" \/>\n<meta property=\"og:site_name\" content=\"Taveira Jr\" \/>\n<meta property=\"og:image\" content=\"https:\/\/deputadotaveirajr.com.br\/wp-content\/uploads\/2024\/05\/29487671023-2073c378f0-o-XMRPsI.jpeg\" \/>\n\t<meta property=\"og:image:width\" content=\"1728\" \/>\n\t<meta property=\"og:image:height\" content=\"800\" \/>\n\t<meta property=\"og:image:type\" content=\"image\/jpeg\" \/>\n<meta name=\"twitter:card\" content=\"summary_large_image\" \/>\n<meta name=\"twitter:label1\" content=\"Est. tempo de leitura\" \/>\n\t<meta name=\"twitter:data1\" content=\"1 minuto\" \/>\n<script type=\"application\/ld+json\" class=\"yoast-schema-graph\">{\"@context\":\"https:\/\/schema.org\",\"@graph\":[{\"@type\":\"WebPage\",\"@id\":\"https:\/\/deputadotaveirajr.com.br\/index.php\/inscricoes-para-concurso-da-guarda-municipal-de-parnamirim-terminam-nesta-sexta-10\/\",\"url\":\"https:\/\/deputadotaveirajr.com.br\/index.php\/inscricoes-para-concurso-da-guarda-municipal-de-parnamirim-terminam-nesta-sexta-10\/\",\"name\":\"Inscri\u00e7\u00f5es para concurso da Guarda Municipal de Parnamirim terminam nesta sexta (10) - Taveira Jr\",\"isPartOf\":{\"@id\":\"https:\/\/deputadotaveirajr.com.br\/#website\"},\"primaryImageOfPage\":{\"@id\":\"https:\/\/deputadotaveirajr.com.br\/index.php\/inscricoes-para-concurso-da-guarda-municipal-de-parnamirim-terminam-nesta-sexta-10\/#primaryimage\"},\"image\":{\"@id\":\"https:\/\/deputadotaveirajr.com.br\/index.php\/inscricoes-para-concurso-da-guarda-municipal-de-parnamirim-terminam-nesta-sexta-10\/#primaryimage\"},\"thumbnailUrl\":\"https:\/\/deputadotaveirajr.com.br\/wp-content\/uploads\/2024\/05\/29487671023-2073c378f0-o-XMRPsI.jpeg\",\"datePublished\":\"2024-05-08T19:10:44+00:00\",\"breadcrumb\":{\"@id\":\"https:\/\/deputadotaveirajr.com.br\/index.php\/inscricoes-para-concurso-da-guarda-municipal-de-parnamirim-terminam-nesta-sexta-10\/#breadcrumb\"},\"inLanguage\":\"pt-BR\",\"potentialAction\":[{\"@type\":\"ReadAction\",\"target\":[\"https:\/\/deputadotaveirajr.com.br\/index.php\/inscricoes-para-concurso-da-guarda-municipal-de-parnamirim-terminam-nesta-sexta-10\/\"]}]},{\"@type\":\"ImageObject\",\"inLanguage\":\"pt-BR\",\"@id\":\"https:\/\/deputadotaveirajr.com.br\/index.php\/inscricoes-para-concurso-da-guarda-municipal-de-parnamirim-terminam-nesta-sexta-10\/#primaryimage\",\"url\":\"https:\/\/deputadotaveirajr.com.br\/wp-content\/uploads\/2024\/05\/29487671023-2073c378f0-o-XMRPsI.jpeg\",\"contentUrl\":\"https:\/\/deputadotaveirajr.com.br\/wp-content\/uploads\/2024\/05\/29487671023-2073c378f0-o-XMRPsI.jpeg\",\"width\":1728,\"height\":800},{\"@type\":\"BreadcrumbList\",\"@id\":\"https:\/\/deputadotaveirajr.com.br\/index.php\/inscricoes-para-concurso-da-guarda-municipal-de-parnamirim-terminam-nesta-sexta-10\/#breadcrumb\",\"itemListElement\":[{\"@type\":\"ListItem\",\"position\":1,\"name\":\"In\u00edcio\",\"item\":\"https:\/\/deputadotaveirajr.com.br\/\"},{\"@type\":\"ListItem\",\"position\":2,\"name\":\"Inscri\u00e7\u00f5es para concurso da Guarda Municipal de Parnamirim terminam nesta sexta (10)\"}]},{\"@type\":\"WebSite\",\"@id\":\"https:\/\/deputadotaveirajr.com.br\/#website\",\"url\":\"https:\/\/deputadotaveirajr.com.br\/\",\"name\":\"Taveira Jr\",\"description\":\"Deputado Estadual\",\"publisher\":{\"@id\":\"https:\/\/deputadotaveirajr.com.br\/#organization\"},\"potentialAction\":[{\"@type\":\"SearchAction\",\"target\":{\"@type\":\"EntryPoint\",\"urlTemplate\":\"https:\/\/deputadotaveirajr.com.br\/?s={search_term_string}\"},\"query-input\":{\"@type\":\"PropertyValueSpecification\",\"valueRequired\":true,\"valueName\":\"search_term_string\"}}],\"inLanguage\":\"pt-BR\"},{\"@type\":\"Organization\",\"@id\":\"https:\/\/deputadotaveirajr.com.br\/#organization\",\"name\":\"Taveira Jr\",\"url\":\"https:\/\/deputadotaveirajr.com.br\/\",\"logo\":{\"@type\":\"ImageObject\",\"inLanguage\":\"pt-BR\",\"@id\":\"https:\/\/deputadotaveirajr.com.br\/#\/schema\/logo\/image\/\",\"url\":\"https:\/\/deputadotaveirajr.com.br\/wp-content\/uploads\/2026\/01\/logolow2a.png\",\"contentUrl\":\"https:\/\/deputadotaveirajr.com.br\/wp-content\/uploads\/2026\/01\/logolow2a.png\",\"width\":290,\"height\":80,\"caption\":\"Taveira Jr\"},\"image\":{\"@id\":\"https:\/\/deputadotaveirajr.com.br\/#\/schema\/logo\/image\/\"}}]}<\/script>\n<!-- \/ Yoast SEO plugin. -->","yoast_head_json":{"title":"Inscri\u00e7\u00f5es para concurso da Guarda Municipal de Parnamirim terminam nesta sexta (10) - Taveira Jr","robots":{"index":"index","follow":"follow","max-snippet":"max-snippet:-1","max-image-preview":"max-image-preview:large","max-video-preview":"max-video-preview:-1"},"canonical":"https:\/\/deputadotaveirajr.com.br\/index.php\/inscricoes-para-concurso-da-guarda-municipal-de-parnamirim-terminam-nesta-sexta-10\/","og_locale":"pt_BR","og_type":"article","og_title":"Inscri\u00e7\u00f5es para concurso da Guarda Municipal de Parnamirim terminam nesta sexta (10) - Taveira Jr","og_description":"Inscri\u00e7\u00f5es custam R$ 160. Ao todo, s\u00e3o 50 vagas imediatas e 100 para cadastro de reserva. Concurso p\u00fablico Reprodu\u00e7\u00e3o\/ Ag\u00eancia Bras\u00edlia As inscri\u00e7\u00f5es para o concurso p\u00fablico da Guarda Municipal ...","og_url":"https:\/\/deputadotaveirajr.com.br\/index.php\/inscricoes-para-concurso-da-guarda-municipal-de-parnamirim-terminam-nesta-sexta-10\/","og_site_name":"Taveira Jr","og_image":[{"width":1728,"height":800,"url":"https:\/\/deputadotaveirajr.com.br\/wp-content\/uploads\/2024\/05\/29487671023-2073c378f0-o-XMRPsI.jpeg","type":"image\/jpeg"}],"twitter_card":"summary_large_image","twitter_misc":{"Est. tempo de leitura":"1 minuto"},"schema":{"@context":"https:\/\/schema.org","@graph":[{"@type":"WebPage","@id":"https:\/\/deputadotaveirajr.com.br\/index.php\/inscricoes-para-concurso-da-guarda-municipal-de-parnamirim-terminam-nesta-sexta-10\/","url":"https:\/\/deputadotaveirajr.com.br\/index.php\/inscricoes-para-concurso-da-guarda-municipal-de-parnamirim-terminam-nesta-sexta-10\/","name":"Inscri\u00e7\u00f5es para concurso da Guarda Municipal de Parnamirim terminam nesta sexta (10) - Taveira Jr","isPartOf":{"@id":"https:\/\/deputadotaveirajr.com.br\/#website"},"primaryImageOfPage":{"@id":"https:\/\/deputadotaveirajr.com.br\/index.php\/inscricoes-para-concurso-da-guarda-municipal-de-parnamirim-terminam-nesta-sexta-10\/#primaryimage"},"image":{"@id":"https:\/\/deputadotaveirajr.com.br\/index.php\/inscricoes-para-concurso-da-guarda-municipal-de-parnamirim-terminam-nesta-sexta-10\/#primaryimage"},"thumbnailUrl":"https:\/\/deputadotaveirajr.com.br\/wp-content\/uploads\/2024\/05\/29487671023-2073c378f0-o-XMRPsI.jpeg","datePublished":"2024-05-08T19:10:44+00:00","breadcrumb":{"@id":"https:\/\/deputadotaveirajr.com.br\/index.php\/inscricoes-para-concurso-da-guarda-municipal-de-parnamirim-terminam-nesta-sexta-10\/#breadcrumb"},"inLanguage":"pt-BR","potentialAction":[{"@type":"ReadAction","target":["https:\/\/deputadotaveirajr.com.br\/index.php\/inscricoes-para-concurso-da-guarda-municipal-de-parnamirim-terminam-nesta-sexta-10\/"]}]},{"@type":"ImageObject","inLanguage":"pt-BR","@id":"https:\/\/deputadotaveirajr.com.br\/index.php\/inscricoes-para-concurso-da-guarda-municipal-de-parnamirim-terminam-nesta-sexta-10\/#primaryimage","url":"https:\/\/deputadotaveirajr.com.br\/wp-content\/uploads\/2024\/05\/29487671023-2073c378f0-o-XMRPsI.jpeg","contentUrl":"https:\/\/deputadotaveirajr.com.br\/wp-content\/uploads\/2024\/05\/29487671023-2073c378f0-o-XMRPsI.jpeg","width":1728,"height":800},{"@type":"BreadcrumbList","@id":"https:\/\/deputadotaveirajr.com.br\/index.php\/inscricoes-para-concurso-da-guarda-municipal-de-parnamirim-terminam-nesta-sexta-10\/#breadcrumb","itemListElement":[{"@type":"ListItem","position":1,"name":"In\u00edcio","item":"https:\/\/deputadotaveirajr.com.br\/"},{"@type":"ListItem","position":2,"name":"Inscri\u00e7\u00f5es para concurso da Guarda Municipal de Parnamirim terminam nesta sexta (10)"}]},{"@type":"WebSite","@id":"https:\/\/deputadotaveirajr.com.br\/#website","url":"https:\/\/deputadotaveirajr.com.br\/","name":"Taveira Jr","description":"Deputado Estadual","publisher":{"@id":"https:\/\/deputadotaveirajr.com.br\/#organization"},"potentialAction":[{"@type":"SearchAction","target":{"@type":"EntryPoint","urlTemplate":"https:\/\/deputadotaveirajr.com.br\/?s={search_term_string}"},"query-input":{"@type":"PropertyValueSpecification","valueRequired":true,"valueName":"search_term_string"}}],"inLanguage":"pt-BR"},{"@type":"Organization","@id":"https:\/\/deputadotaveirajr.com.br\/#organization","name":"Taveira Jr","url":"https:\/\/deputadotaveirajr.com.br\/","logo":{"@type":"ImageObject","inLanguage":"pt-BR","@id":"https:\/\/deputadotaveirajr.com.br\/#\/schema\/logo\/image\/","url":"https:\/\/deputadotaveirajr.com.br\/wp-content\/uploads\/2026\/01\/logolow2a.png","contentUrl":"https:\/\/deputadotaveirajr.com.br\/wp-content\/uploads\/2026\/01\/logolow2a.png","width":290,"height":80,"caption":"Taveira Jr"},"image":{"@id":"https:\/\/deputadotaveirajr.com.br\/#\/schema\/logo\/image\/"}}]}},"_links":{"self":[{"href":"https:\/\/deputadotaveirajr.com.br\/index.php\/wp-json\/wp\/v2\/pages\/6050","targetHints":{"allow":["GET"]}}],"collection":[{"href":"https:\/\/deputadotaveirajr.com.br\/index.php\/wp-json\/wp\/v2\/pages"}],"about":[{"href":"https:\/\/deputadotaveirajr.com.br\/index.php\/wp-json\/wp\/v2\/types\/page"}],"replies":[{"embeddable":true,"href":"https:\/\/deputadotaveirajr.com.br\/index.php\/wp-json\/wp\/v2\/comments?post=6050"}],"version-history":[{"count":1,"href":"https:\/\/deputadotaveirajr.com.br\/index.php\/wp-json\/wp\/v2\/pages\/6050\/revisions"}],"predecessor-version":[{"id":6058,"href":"https:\/\/deputadotaveirajr.com.br\/index.php\/wp-json\/wp\/v2\/pages\/6050\/revisions\/6058"}],"wp:featuredmedia":[{"embeddable":true,"href":"https:\/\/deputadotaveirajr.com.br\/index.php\/wp-json\/wp\/v2\/media\/6051"}],"wp:attachment":[{"href":"https:\/\/deputadotaveirajr.com.br\/index.php\/wp-json\/wp\/v2\/media?parent=6050"}],"curies":[{"name":"wp","href":"https:\/\/api.w.org\/{rel}","templated":true}]}}