{"id":6065,"date":"2024-05-09T11:55:04","date_gmt":"2024-05-09T14:55:04","guid":{"rendered":"https:\/\/deputadotaveirajr.com.br\/?page_id=6065"},"modified":"2024-05-09T11:55:04","modified_gmt":"2024-05-09T14:55:04","slug":"justica-do-rn-promove-mutirao-para-priorizar-julgamentos-de-processos-que-envolvem-assedio-e-discriminacao","status":"publish","type":"page","link":"https:\/\/deputadotaveirajr.com.br\/index.php\/justica-do-rn-promove-mutirao-para-priorizar-julgamentos-de-processos-que-envolvem-assedio-e-discriminacao\/","title":{"rendered":"Justi\u00e7a do RN promove mutir\u00e3o para priorizar julgamentos de processos que envolvem ass\u00e9dio e discrimina\u00e7\u00e3o"},"content":{"rendered":"<p>     Segundo tribunal, 172 processos est\u00e3o previstos para serem analisados at\u00e9 o fim deste m\u00eas de maio em comarcas de todas as regi\u00f5es do estado. Bilhete com ofensas racistas deixado no carro do empreendedor Alan Batista em outubro do ano passado; caso n\u00e3o teve desfecho<br \/>\nCedida\/Arquivo<br \/>\nO Tribunal de Justi\u00e7a do Rio Grande do Norte come\u00e7ou nesta semana um mutir\u00e3o que visa priorizar o julgamento de processos que envolvem dois tipos de tem\u00e1ticas: casos de ass\u00e9dios moral e sexual e  discrimina\u00e7\u00e3o.<br \/>\nAo todo,  172 processos est\u00e3o previstos para serem analisados at\u00e9 o fim do m\u00eas de maio, segundo o TJRN, dentro desse mutir\u00e3o.<br \/>\nO mutir\u00e3o faz parte da Semana de Combate ao Ass\u00e9dio e \u00e0 Discrimina\u00e7\u00e3o, que acontece em tribunais por todo o Brasil at\u00e9 esta sexta (10), com a\u00e7\u00f5es de sensibiliza\u00e7\u00e3o sobre os temas.<br \/>\n\ud83d\udcf3Participe do canal do g1 RN no WhatsApp<br \/>\nSegundo o Minist\u00e9rio do Trabalho e do Emprego, as mulheres, com quase 80% dos casos, s\u00e3o as principais v\u00edtimas desses tipos de crime.<br \/>\nSegundo o TJRN, os 172 processos que devem ser analisados no RN tratam exclusivamente de casos de ass\u00e9dio e de discrimina\u00e7\u00e3o &#8211; especialmente contendo os assuntos relacionados \u00e0 tem\u00e1tica racial, de cor, etnia e\/ou origem.<br \/>\nOs processos, segundo o TJRN, s\u00e3o de dezenas de comarcas e incluem todas as regi\u00f5es do Estado.<br \/>\nOs processos envolvem casos relacionados a ass\u00e9dio moral, ass\u00e9dio sexual; bullying, viol\u00eancia e discrimina\u00e7\u00e3o; multa pela ilicitude da discrimina\u00e7\u00e3o salarial; n\u00e3o discrimina\u00e7\u00e3o; al\u00e9m de situa\u00e7\u00f5es de intoler\u00e2ncia e\/ou inj\u00faria por identidade ou express\u00e3o de g\u00eanero; por orienta\u00e7\u00e3o sexual; por proced\u00eancia nacional; racial, de cor e\/ou etnia; religiosa; por identidade ou express\u00e3o de g\u00eanero; e por orienta\u00e7\u00e3o sexual.<br \/>\nRelembre dois casos recentes de discrimina\u00e7\u00e3o e que, segundo as v\u00edtimas, n\u00e3o tiveram desfecho at\u00e9 maio deste ano:<br \/>\nMoradora de condom\u00ednio de Natal denuncia agress\u00e3o e inj\u00faria racial de vizinhas<br \/>\n(A gerente de vendas Fl\u00e1via Ferreira disse que a investiga\u00e7\u00e3o foi conclu\u00edda pela pol\u00edcia, mas o processo dela n\u00e3o est\u00e1 no mutir\u00e3o do TJRN. A den\u00fancia foi recebida pela Justi\u00e7a, que determinou que as acusadas apresentassem a defesa).<br \/>\n&#8216;Machuca nossa alma&#8217;, diz homem que encontrou bilhete com ofensas racistas em condom\u00ednio na Grande Natal<br \/>\n(O empreendedor Alan Batista informou que n\u00e3o tem informa\u00e7\u00f5es sobre o andamento da investiga\u00e7\u00e3o do caso dele na Pol\u00edcia Civil).<br \/>\nPr\u00e9dio fachada sede do Tribunal de Justi\u00e7a do Rio Grande do Norte RN TJRN<br \/>\nS\u00e9rgio Henrique Santos\/Inter TV Cabugi<br \/>\nSemana de Combate ao Ass\u00e9dio e \u00e0 Discrimina\u00e7\u00e3o<br \/>\nInstitu\u00edda pela Resolu\u00e7\u00e3o CNJ n\u00ba 450\/2022, a Semana de Combate ao Ass\u00e9dio e \u00e0 Discrimina\u00e7\u00e3o \u00e9 realizada sempre em maio e est\u00e1 inserida em agenda permanente dos tribunais.<br \/>\nEntre as iniciativas realizadas pelos tribunais, est\u00e3o rodas de conversa, treinamentos e produ\u00e7\u00e3o de conte\u00fados, entre outras. A iniciativa visa o combate ao ass\u00e9dio e \u00e0 discrimina\u00e7\u00e3o, em suas mais variadas formas, a todos que constituem e atuam no sistema judici\u00e1rio.<br \/>\nV\u00eddeos mais assistidos do g1 RN<\/p>","protected":false},"excerpt":{"rendered":"<p>Segundo tribunal, 172 processos est\u00e3o previstos para serem analisados at\u00e9 o fim deste m\u00eas de maio em comarcas de todas as regi\u00f5es do estado. Bilhete com ofensas racistas deixado no &#8230;<\/p>\n","protected":false},"author":0,"featured_media":6066,"parent":0,"menu_order":0,"comment_status":"closed","ping_status":"closed","template":"","meta":{"footnotes":""},"class_list":["post-6065","page","type-page","status-publish","has-post-thumbnail","hentry"],"yoast_head":"<!-- This site is optimized with the Yoast SEO plugin v27.1.1 - https:\/\/yoast.com\/product\/yoast-seo-wordpress\/ -->\n<title>Justi\u00e7a do RN promove mutir\u00e3o para priorizar julgamentos de processos que envolvem ass\u00e9dio e discrimina\u00e7\u00e3o - Taveira Jr<\/title>\n<meta name=\"robots\" content=\"index, follow, max-snippet:-1, max-image-preview:large, max-video-preview:-1\" \/>\n<link rel=\"canonical\" href=\"https:\/\/deputadotaveirajr.com.br\/index.php\/justica-do-rn-promove-mutirao-para-priorizar-julgamentos-de-processos-que-envolvem-assedio-e-discriminacao\/\" \/>\n<meta property=\"og:locale\" content=\"pt_BR\" \/>\n<meta property=\"og:type\" content=\"article\" \/>\n<meta property=\"og:title\" content=\"Justi\u00e7a do RN promove mutir\u00e3o para priorizar julgamentos de processos que envolvem ass\u00e9dio e discrimina\u00e7\u00e3o - Taveira Jr\" \/>\n<meta property=\"og:description\" content=\"Segundo tribunal, 172 processos est\u00e3o previstos para serem analisados at\u00e9 o fim deste m\u00eas de maio em comarcas de todas as regi\u00f5es do estado. Bilhete com ofensas racistas deixado no ...\" \/>\n<meta property=\"og:url\" content=\"https:\/\/deputadotaveirajr.com.br\/index.php\/justica-do-rn-promove-mutirao-para-priorizar-julgamentos-de-processos-que-envolvem-assedio-e-discriminacao\/\" \/>\n<meta property=\"og:site_name\" content=\"Taveira Jr\" \/>\n<meta property=\"og:image\" content=\"https:\/\/deputadotaveirajr.com.br\/wp-content\/uploads\/2024\/05\/whatsapp-image-2023-10-05-at-11.23.49-1-ZNxyCp.jpeg\" \/>\n\t<meta property=\"og:image:width\" content=\"1251\" \/>\n\t<meta property=\"og:image:height\" content=\"814\" \/>\n\t<meta property=\"og:image:type\" content=\"image\/jpeg\" \/>\n<meta name=\"twitter:card\" content=\"summary_large_image\" \/>\n<meta name=\"twitter:label1\" content=\"Est. tempo de leitura\" \/>\n\t<meta name=\"twitter:data1\" content=\"3 minutos\" \/>\n<script type=\"application\/ld+json\" class=\"yoast-schema-graph\">{\"@context\":\"https:\/\/schema.org\",\"@graph\":[{\"@type\":\"WebPage\",\"@id\":\"https:\/\/deputadotaveirajr.com.br\/index.php\/justica-do-rn-promove-mutirao-para-priorizar-julgamentos-de-processos-que-envolvem-assedio-e-discriminacao\/\",\"url\":\"https:\/\/deputadotaveirajr.com.br\/index.php\/justica-do-rn-promove-mutirao-para-priorizar-julgamentos-de-processos-que-envolvem-assedio-e-discriminacao\/\",\"name\":\"Justi\u00e7a do RN promove mutir\u00e3o para priorizar julgamentos de processos que envolvem ass\u00e9dio e discrimina\u00e7\u00e3o - Taveira Jr\",\"isPartOf\":{\"@id\":\"https:\/\/deputadotaveirajr.com.br\/#website\"},\"primaryImageOfPage\":{\"@id\":\"https:\/\/deputadotaveirajr.com.br\/index.php\/justica-do-rn-promove-mutirao-para-priorizar-julgamentos-de-processos-que-envolvem-assedio-e-discriminacao\/#primaryimage\"},\"image\":{\"@id\":\"https:\/\/deputadotaveirajr.com.br\/index.php\/justica-do-rn-promove-mutirao-para-priorizar-julgamentos-de-processos-que-envolvem-assedio-e-discriminacao\/#primaryimage\"},\"thumbnailUrl\":\"https:\/\/deputadotaveirajr.com.br\/wp-content\/uploads\/2024\/05\/whatsapp-image-2023-10-05-at-11.23.49-1-ZNxyCp.jpeg\",\"datePublished\":\"2024-05-09T14:55:04+00:00\",\"breadcrumb\":{\"@id\":\"https:\/\/deputadotaveirajr.com.br\/index.php\/justica-do-rn-promove-mutirao-para-priorizar-julgamentos-de-processos-que-envolvem-assedio-e-discriminacao\/#breadcrumb\"},\"inLanguage\":\"pt-BR\",\"potentialAction\":[{\"@type\":\"ReadAction\",\"target\":[\"https:\/\/deputadotaveirajr.com.br\/index.php\/justica-do-rn-promove-mutirao-para-priorizar-julgamentos-de-processos-que-envolvem-assedio-e-discriminacao\/\"]}]},{\"@type\":\"ImageObject\",\"inLanguage\":\"pt-BR\",\"@id\":\"https:\/\/deputadotaveirajr.com.br\/index.php\/justica-do-rn-promove-mutirao-para-priorizar-julgamentos-de-processos-que-envolvem-assedio-e-discriminacao\/#primaryimage\",\"url\":\"https:\/\/deputadotaveirajr.com.br\/wp-content\/uploads\/2024\/05\/whatsapp-image-2023-10-05-at-11.23.49-1-ZNxyCp.jpeg\",\"contentUrl\":\"https:\/\/deputadotaveirajr.com.br\/wp-content\/uploads\/2024\/05\/whatsapp-image-2023-10-05-at-11.23.49-1-ZNxyCp.jpeg\",\"width\":1251,\"height\":814},{\"@type\":\"BreadcrumbList\",\"@id\":\"https:\/\/deputadotaveirajr.com.br\/index.php\/justica-do-rn-promove-mutirao-para-priorizar-julgamentos-de-processos-que-envolvem-assedio-e-discriminacao\/#breadcrumb\",\"itemListElement\":[{\"@type\":\"ListItem\",\"position\":1,\"name\":\"In\u00edcio\",\"item\":\"https:\/\/deputadotaveirajr.com.br\/\"},{\"@type\":\"ListItem\",\"position\":2,\"name\":\"Justi\u00e7a do RN promove mutir\u00e3o para priorizar julgamentos de processos que envolvem ass\u00e9dio e discrimina\u00e7\u00e3o\"}]},{\"@type\":\"WebSite\",\"@id\":\"https:\/\/deputadotaveirajr.com.br\/#website\",\"url\":\"https:\/\/deputadotaveirajr.com.br\/\",\"name\":\"Taveira Jr\",\"description\":\"Deputado Estadual\",\"publisher\":{\"@id\":\"https:\/\/deputadotaveirajr.com.br\/#organization\"},\"potentialAction\":[{\"@type\":\"SearchAction\",\"target\":{\"@type\":\"EntryPoint\",\"urlTemplate\":\"https:\/\/deputadotaveirajr.com.br\/?s={search_term_string}\"},\"query-input\":{\"@type\":\"PropertyValueSpecification\",\"valueRequired\":true,\"valueName\":\"search_term_string\"}}],\"inLanguage\":\"pt-BR\"},{\"@type\":\"Organization\",\"@id\":\"https:\/\/deputadotaveirajr.com.br\/#organization\",\"name\":\"Taveira Jr\",\"url\":\"https:\/\/deputadotaveirajr.com.br\/\",\"logo\":{\"@type\":\"ImageObject\",\"inLanguage\":\"pt-BR\",\"@id\":\"https:\/\/deputadotaveirajr.com.br\/#\/schema\/logo\/image\/\",\"url\":\"https:\/\/deputadotaveirajr.com.br\/wp-content\/uploads\/2026\/01\/logolow2a.png\",\"contentUrl\":\"https:\/\/deputadotaveirajr.com.br\/wp-content\/uploads\/2026\/01\/logolow2a.png\",\"width\":290,\"height\":80,\"caption\":\"Taveira Jr\"},\"image\":{\"@id\":\"https:\/\/deputadotaveirajr.com.br\/#\/schema\/logo\/image\/\"}}]}<\/script>\n<!-- \/ Yoast SEO plugin. -->","yoast_head_json":{"title":"Justi\u00e7a do RN promove mutir\u00e3o para priorizar julgamentos de processos que envolvem ass\u00e9dio e discrimina\u00e7\u00e3o - Taveira Jr","robots":{"index":"index","follow":"follow","max-snippet":"max-snippet:-1","max-image-preview":"max-image-preview:large","max-video-preview":"max-video-preview:-1"},"canonical":"https:\/\/deputadotaveirajr.com.br\/index.php\/justica-do-rn-promove-mutirao-para-priorizar-julgamentos-de-processos-que-envolvem-assedio-e-discriminacao\/","og_locale":"pt_BR","og_type":"article","og_title":"Justi\u00e7a do RN promove mutir\u00e3o para priorizar julgamentos de processos que envolvem ass\u00e9dio e discrimina\u00e7\u00e3o - Taveira Jr","og_description":"Segundo tribunal, 172 processos est\u00e3o previstos para serem analisados at\u00e9 o fim deste m\u00eas de maio em comarcas de todas as regi\u00f5es do estado. Bilhete com ofensas racistas deixado no ...","og_url":"https:\/\/deputadotaveirajr.com.br\/index.php\/justica-do-rn-promove-mutirao-para-priorizar-julgamentos-de-processos-que-envolvem-assedio-e-discriminacao\/","og_site_name":"Taveira Jr","og_image":[{"width":1251,"height":814,"url":"https:\/\/deputadotaveirajr.com.br\/wp-content\/uploads\/2024\/05\/whatsapp-image-2023-10-05-at-11.23.49-1-ZNxyCp.jpeg","type":"image\/jpeg"}],"twitter_card":"summary_large_image","twitter_misc":{"Est. tempo de leitura":"3 minutos"},"schema":{"@context":"https:\/\/schema.org","@graph":[{"@type":"WebPage","@id":"https:\/\/deputadotaveirajr.com.br\/index.php\/justica-do-rn-promove-mutirao-para-priorizar-julgamentos-de-processos-que-envolvem-assedio-e-discriminacao\/","url":"https:\/\/deputadotaveirajr.com.br\/index.php\/justica-do-rn-promove-mutirao-para-priorizar-julgamentos-de-processos-que-envolvem-assedio-e-discriminacao\/","name":"Justi\u00e7a do RN promove mutir\u00e3o para priorizar julgamentos de processos que envolvem ass\u00e9dio e discrimina\u00e7\u00e3o - Taveira Jr","isPartOf":{"@id":"https:\/\/deputadotaveirajr.com.br\/#website"},"primaryImageOfPage":{"@id":"https:\/\/deputadotaveirajr.com.br\/index.php\/justica-do-rn-promove-mutirao-para-priorizar-julgamentos-de-processos-que-envolvem-assedio-e-discriminacao\/#primaryimage"},"image":{"@id":"https:\/\/deputadotaveirajr.com.br\/index.php\/justica-do-rn-promove-mutirao-para-priorizar-julgamentos-de-processos-que-envolvem-assedio-e-discriminacao\/#primaryimage"},"thumbnailUrl":"https:\/\/deputadotaveirajr.com.br\/wp-content\/uploads\/2024\/05\/whatsapp-image-2023-10-05-at-11.23.49-1-ZNxyCp.jpeg","datePublished":"2024-05-09T14:55:04+00:00","breadcrumb":{"@id":"https:\/\/deputadotaveirajr.com.br\/index.php\/justica-do-rn-promove-mutirao-para-priorizar-julgamentos-de-processos-que-envolvem-assedio-e-discriminacao\/#breadcrumb"},"inLanguage":"pt-BR","potentialAction":[{"@type":"ReadAction","target":["https:\/\/deputadotaveirajr.com.br\/index.php\/justica-do-rn-promove-mutirao-para-priorizar-julgamentos-de-processos-que-envolvem-assedio-e-discriminacao\/"]}]},{"@type":"ImageObject","inLanguage":"pt-BR","@id":"https:\/\/deputadotaveirajr.com.br\/index.php\/justica-do-rn-promove-mutirao-para-priorizar-julgamentos-de-processos-que-envolvem-assedio-e-discriminacao\/#primaryimage","url":"https:\/\/deputadotaveirajr.com.br\/wp-content\/uploads\/2024\/05\/whatsapp-image-2023-10-05-at-11.23.49-1-ZNxyCp.jpeg","contentUrl":"https:\/\/deputadotaveirajr.com.br\/wp-content\/uploads\/2024\/05\/whatsapp-image-2023-10-05-at-11.23.49-1-ZNxyCp.jpeg","width":1251,"height":814},{"@type":"BreadcrumbList","@id":"https:\/\/deputadotaveirajr.com.br\/index.php\/justica-do-rn-promove-mutirao-para-priorizar-julgamentos-de-processos-que-envolvem-assedio-e-discriminacao\/#breadcrumb","itemListElement":[{"@type":"ListItem","position":1,"name":"In\u00edcio","item":"https:\/\/deputadotaveirajr.com.br\/"},{"@type":"ListItem","position":2,"name":"Justi\u00e7a do RN promove mutir\u00e3o para priorizar julgamentos de processos que envolvem ass\u00e9dio e discrimina\u00e7\u00e3o"}]},{"@type":"WebSite","@id":"https:\/\/deputadotaveirajr.com.br\/#website","url":"https:\/\/deputadotaveirajr.com.br\/","name":"Taveira Jr","description":"Deputado Estadual","publisher":{"@id":"https:\/\/deputadotaveirajr.com.br\/#organization"},"potentialAction":[{"@type":"SearchAction","target":{"@type":"EntryPoint","urlTemplate":"https:\/\/deputadotaveirajr.com.br\/?s={search_term_string}"},"query-input":{"@type":"PropertyValueSpecification","valueRequired":true,"valueName":"search_term_string"}}],"inLanguage":"pt-BR"},{"@type":"Organization","@id":"https:\/\/deputadotaveirajr.com.br\/#organization","name":"Taveira Jr","url":"https:\/\/deputadotaveirajr.com.br\/","logo":{"@type":"ImageObject","inLanguage":"pt-BR","@id":"https:\/\/deputadotaveirajr.com.br\/#\/schema\/logo\/image\/","url":"https:\/\/deputadotaveirajr.com.br\/wp-content\/uploads\/2026\/01\/logolow2a.png","contentUrl":"https:\/\/deputadotaveirajr.com.br\/wp-content\/uploads\/2026\/01\/logolow2a.png","width":290,"height":80,"caption":"Taveira Jr"},"image":{"@id":"https:\/\/deputadotaveirajr.com.br\/#\/schema\/logo\/image\/"}}]}},"_links":{"self":[{"href":"https:\/\/deputadotaveirajr.com.br\/index.php\/wp-json\/wp\/v2\/pages\/6065","targetHints":{"allow":["GET"]}}],"collection":[{"href":"https:\/\/deputadotaveirajr.com.br\/index.php\/wp-json\/wp\/v2\/pages"}],"about":[{"href":"https:\/\/deputadotaveirajr.com.br\/index.php\/wp-json\/wp\/v2\/types\/page"}],"replies":[{"embeddable":true,"href":"https:\/\/deputadotaveirajr.com.br\/index.php\/wp-json\/wp\/v2\/comments?post=6065"}],"version-history":[{"count":1,"href":"https:\/\/deputadotaveirajr.com.br\/index.php\/wp-json\/wp\/v2\/pages\/6065\/revisions"}],"predecessor-version":[{"id":6070,"href":"https:\/\/deputadotaveirajr.com.br\/index.php\/wp-json\/wp\/v2\/pages\/6065\/revisions\/6070"}],"wp:featuredmedia":[{"embeddable":true,"href":"https:\/\/deputadotaveirajr.com.br\/index.php\/wp-json\/wp\/v2\/media\/6066"}],"wp:attachment":[{"href":"https:\/\/deputadotaveirajr.com.br\/index.php\/wp-json\/wp\/v2\/media?parent=6065"}],"curies":[{"name":"wp","href":"https:\/\/api.w.org\/{rel}","templated":true}]}}