{"id":6068,"date":"2024-05-09T14:35:59","date_gmt":"2024-05-09T17:35:59","guid":{"rendered":"https:\/\/deputadotaveirajr.com.br\/?page_id=6068"},"modified":"2024-05-09T14:35:59","modified_gmt":"2024-05-09T17:35:59","slug":"inscricoes-para-concurso-da-prefeitura-de-ceara-mirim-terminam-dia-20-de-maio","status":"publish","type":"page","link":"https:\/\/deputadotaveirajr.com.br\/index.php\/inscricoes-para-concurso-da-prefeitura-de-ceara-mirim-terminam-dia-20-de-maio\/","title":{"rendered":"Inscri\u00e7\u00f5es para concurso da Prefeitura de Cear\u00e1-Mirim terminam dia 20 de maio"},"content":{"rendered":"<p>     S\u00e3o 378 vagas com sal\u00e1rios iniciais de at\u00e9 R$ 10 mil. Inscri\u00e7\u00f5es para concurso da Prefeitura de Cear\u00e1-Mirim terminam dia 20 de maio<br \/>\nDivulga\u00e7\u00e3o\/Freepik<br \/>\nAs inscri\u00e7\u00f5es para o concurso p\u00fablico da Prefeitura de Cear\u00e1-Mirim seguem abertas at\u00e9 o dia 20 de maio. Ao todo, s\u00e3o 378 vagas imediatas e outras 37 de cadastro reserva. Os sal\u00e1rios iniciais oferecidos variam de R$ 1.430 a R$ 10 mil, a depender do cargo.<br \/>\nAs inscri\u00e7\u00f5es devem ser feitas pela internet, no site da banca organizadora do concurso, o Instituto de Desenvolvimento Institucional Brasileiro (Idib). As taxas variam entre R$ 80 e R$ 140.<br \/>\nA previs\u00e3o \u00e9 de que as provas sejam realizadas no dia 25 de agosto.<br \/>\nAs oportunidades s\u00e3o divididas em vagas de n\u00edvel superior, m\u00e9dio e fundamental. Al\u00e9m disso, abrangem v\u00e1rias \u00e1reas, como administra\u00e7\u00e3o, sa\u00fade, educa\u00e7\u00e3o, entre outros.<br \/>\nOs maiores sal\u00e1rios oferecidos s\u00e3o para o cargo de m\u00e9dico cl\u00ednico geral, com carga de 40 horas semanais. Tamb\u00e9m h\u00e1 oportunidade para procurador do munic\u00edpio, com sal\u00e1rio inicial de R$ 6,3 mil.<br \/>\nJ\u00e1 o cargo com maior n\u00famero de vagas \u00e9 o de professor de anos iniciais, que conta com 32 vagas imediatas e 8 de cadastro reserva. O sal\u00e1rio \u00e9 de R$ 3.322,98.<br \/>\nAcesse o edital e inscri\u00e7\u00e3o aqui.<br \/>\nVagas oferecidas no concurso da Prefeitura de Cear\u00e1-Mirim, RN<\/p>\n<p>Veja os v\u00eddeos mais assistidos no g1 RN<\/p>","protected":false},"excerpt":{"rendered":"<p>S\u00e3o 378 vagas com sal\u00e1rios iniciais de at\u00e9 R$ 10 mil. Inscri\u00e7\u00f5es para concurso da Prefeitura de Cear\u00e1-Mirim terminam dia 20 de maio Divulga\u00e7\u00e3o\/Freepik As inscri\u00e7\u00f5es para o concurso p\u00fablico &#8230;<\/p>\n","protected":false},"author":0,"featured_media":6069,"parent":0,"menu_order":0,"comment_status":"closed","ping_status":"closed","template":"","meta":{"footnotes":""},"class_list":["post-6068","page","type-page","status-publish","has-post-thumbnail","hentry"],"yoast_head":"<!-- This site is optimized with the Yoast SEO plugin v27.1.1 - https:\/\/yoast.com\/product\/yoast-seo-wordpress\/ -->\n<title>Inscri\u00e7\u00f5es para concurso da Prefeitura de Cear\u00e1-Mirim terminam dia 20 de maio - Taveira Jr<\/title>\n<meta name=\"robots\" content=\"index, follow, max-snippet:-1, max-image-preview:large, max-video-preview:-1\" \/>\n<link rel=\"canonical\" href=\"https:\/\/deputadotaveirajr.com.br\/index.php\/inscricoes-para-concurso-da-prefeitura-de-ceara-mirim-terminam-dia-20-de-maio\/\" \/>\n<meta property=\"og:locale\" content=\"pt_BR\" \/>\n<meta property=\"og:type\" content=\"article\" \/>\n<meta property=\"og:title\" content=\"Inscri\u00e7\u00f5es para concurso da Prefeitura de Cear\u00e1-Mirim terminam dia 20 de maio - Taveira Jr\" \/>\n<meta property=\"og:description\" content=\"S\u00e3o 378 vagas com sal\u00e1rios iniciais de at\u00e9 R$ 10 mil. Inscri\u00e7\u00f5es para concurso da Prefeitura de Cear\u00e1-Mirim terminam dia 20 de maio Divulga\u00e7\u00e3o\/Freepik As inscri\u00e7\u00f5es para o concurso p\u00fablico ...\" \/>\n<meta property=\"og:url\" content=\"https:\/\/deputadotaveirajr.com.br\/index.php\/inscricoes-para-concurso-da-prefeitura-de-ceara-mirim-terminam-dia-20-de-maio\/\" \/>\n<meta property=\"og:site_name\" content=\"Taveira Jr\" \/>\n<meta property=\"og:image\" content=\"https:\/\/deputadotaveirajr.com.br\/wp-content\/uploads\/2024\/05\/captura-de-tela-2024-03-12-150413-bgBLhK.jpeg\" \/>\n\t<meta property=\"og:image:width\" content=\"806\" \/>\n\t<meta property=\"og:image:height\" content=\"527\" \/>\n\t<meta property=\"og:image:type\" content=\"image\/jpeg\" \/>\n<meta name=\"twitter:card\" content=\"summary_large_image\" \/>\n<meta name=\"twitter:label1\" content=\"Est. tempo de leitura\" \/>\n\t<meta name=\"twitter:data1\" content=\"1 minuto\" \/>\n<script type=\"application\/ld+json\" class=\"yoast-schema-graph\">{\"@context\":\"https:\/\/schema.org\",\"@graph\":[{\"@type\":\"WebPage\",\"@id\":\"https:\/\/deputadotaveirajr.com.br\/index.php\/inscricoes-para-concurso-da-prefeitura-de-ceara-mirim-terminam-dia-20-de-maio\/\",\"url\":\"https:\/\/deputadotaveirajr.com.br\/index.php\/inscricoes-para-concurso-da-prefeitura-de-ceara-mirim-terminam-dia-20-de-maio\/\",\"name\":\"Inscri\u00e7\u00f5es para concurso da Prefeitura de Cear\u00e1-Mirim terminam dia 20 de maio - Taveira Jr\",\"isPartOf\":{\"@id\":\"https:\/\/deputadotaveirajr.com.br\/#website\"},\"primaryImageOfPage\":{\"@id\":\"https:\/\/deputadotaveirajr.com.br\/index.php\/inscricoes-para-concurso-da-prefeitura-de-ceara-mirim-terminam-dia-20-de-maio\/#primaryimage\"},\"image\":{\"@id\":\"https:\/\/deputadotaveirajr.com.br\/index.php\/inscricoes-para-concurso-da-prefeitura-de-ceara-mirim-terminam-dia-20-de-maio\/#primaryimage\"},\"thumbnailUrl\":\"https:\/\/deputadotaveirajr.com.br\/wp-content\/uploads\/2024\/05\/captura-de-tela-2024-03-12-150413-bgBLhK.jpeg\",\"datePublished\":\"2024-05-09T17:35:59+00:00\",\"breadcrumb\":{\"@id\":\"https:\/\/deputadotaveirajr.com.br\/index.php\/inscricoes-para-concurso-da-prefeitura-de-ceara-mirim-terminam-dia-20-de-maio\/#breadcrumb\"},\"inLanguage\":\"pt-BR\",\"potentialAction\":[{\"@type\":\"ReadAction\",\"target\":[\"https:\/\/deputadotaveirajr.com.br\/index.php\/inscricoes-para-concurso-da-prefeitura-de-ceara-mirim-terminam-dia-20-de-maio\/\"]}]},{\"@type\":\"ImageObject\",\"inLanguage\":\"pt-BR\",\"@id\":\"https:\/\/deputadotaveirajr.com.br\/index.php\/inscricoes-para-concurso-da-prefeitura-de-ceara-mirim-terminam-dia-20-de-maio\/#primaryimage\",\"url\":\"https:\/\/deputadotaveirajr.com.br\/wp-content\/uploads\/2024\/05\/captura-de-tela-2024-03-12-150413-bgBLhK.jpeg\",\"contentUrl\":\"https:\/\/deputadotaveirajr.com.br\/wp-content\/uploads\/2024\/05\/captura-de-tela-2024-03-12-150413-bgBLhK.jpeg\",\"width\":806,\"height\":527},{\"@type\":\"BreadcrumbList\",\"@id\":\"https:\/\/deputadotaveirajr.com.br\/index.php\/inscricoes-para-concurso-da-prefeitura-de-ceara-mirim-terminam-dia-20-de-maio\/#breadcrumb\",\"itemListElement\":[{\"@type\":\"ListItem\",\"position\":1,\"name\":\"In\u00edcio\",\"item\":\"https:\/\/deputadotaveirajr.com.br\/\"},{\"@type\":\"ListItem\",\"position\":2,\"name\":\"Inscri\u00e7\u00f5es para concurso da Prefeitura de Cear\u00e1-Mirim terminam dia 20 de maio\"}]},{\"@type\":\"WebSite\",\"@id\":\"https:\/\/deputadotaveirajr.com.br\/#website\",\"url\":\"https:\/\/deputadotaveirajr.com.br\/\",\"name\":\"Taveira Jr\",\"description\":\"Deputado Estadual\",\"publisher\":{\"@id\":\"https:\/\/deputadotaveirajr.com.br\/#organization\"},\"potentialAction\":[{\"@type\":\"SearchAction\",\"target\":{\"@type\":\"EntryPoint\",\"urlTemplate\":\"https:\/\/deputadotaveirajr.com.br\/?s={search_term_string}\"},\"query-input\":{\"@type\":\"PropertyValueSpecification\",\"valueRequired\":true,\"valueName\":\"search_term_string\"}}],\"inLanguage\":\"pt-BR\"},{\"@type\":\"Organization\",\"@id\":\"https:\/\/deputadotaveirajr.com.br\/#organization\",\"name\":\"Taveira Jr\",\"url\":\"https:\/\/deputadotaveirajr.com.br\/\",\"logo\":{\"@type\":\"ImageObject\",\"inLanguage\":\"pt-BR\",\"@id\":\"https:\/\/deputadotaveirajr.com.br\/#\/schema\/logo\/image\/\",\"url\":\"https:\/\/deputadotaveirajr.com.br\/wp-content\/uploads\/2026\/01\/logolow2a.png\",\"contentUrl\":\"https:\/\/deputadotaveirajr.com.br\/wp-content\/uploads\/2026\/01\/logolow2a.png\",\"width\":290,\"height\":80,\"caption\":\"Taveira Jr\"},\"image\":{\"@id\":\"https:\/\/deputadotaveirajr.com.br\/#\/schema\/logo\/image\/\"}}]}<\/script>\n<!-- \/ Yoast SEO plugin. -->","yoast_head_json":{"title":"Inscri\u00e7\u00f5es para concurso da Prefeitura de Cear\u00e1-Mirim terminam dia 20 de maio - Taveira Jr","robots":{"index":"index","follow":"follow","max-snippet":"max-snippet:-1","max-image-preview":"max-image-preview:large","max-video-preview":"max-video-preview:-1"},"canonical":"https:\/\/deputadotaveirajr.com.br\/index.php\/inscricoes-para-concurso-da-prefeitura-de-ceara-mirim-terminam-dia-20-de-maio\/","og_locale":"pt_BR","og_type":"article","og_title":"Inscri\u00e7\u00f5es para concurso da Prefeitura de Cear\u00e1-Mirim terminam dia 20 de maio - Taveira Jr","og_description":"S\u00e3o 378 vagas com sal\u00e1rios iniciais de at\u00e9 R$ 10 mil. Inscri\u00e7\u00f5es para concurso da Prefeitura de Cear\u00e1-Mirim terminam dia 20 de maio Divulga\u00e7\u00e3o\/Freepik As inscri\u00e7\u00f5es para o concurso p\u00fablico ...","og_url":"https:\/\/deputadotaveirajr.com.br\/index.php\/inscricoes-para-concurso-da-prefeitura-de-ceara-mirim-terminam-dia-20-de-maio\/","og_site_name":"Taveira Jr","og_image":[{"width":806,"height":527,"url":"https:\/\/deputadotaveirajr.com.br\/wp-content\/uploads\/2024\/05\/captura-de-tela-2024-03-12-150413-bgBLhK.jpeg","type":"image\/jpeg"}],"twitter_card":"summary_large_image","twitter_misc":{"Est. tempo de leitura":"1 minuto"},"schema":{"@context":"https:\/\/schema.org","@graph":[{"@type":"WebPage","@id":"https:\/\/deputadotaveirajr.com.br\/index.php\/inscricoes-para-concurso-da-prefeitura-de-ceara-mirim-terminam-dia-20-de-maio\/","url":"https:\/\/deputadotaveirajr.com.br\/index.php\/inscricoes-para-concurso-da-prefeitura-de-ceara-mirim-terminam-dia-20-de-maio\/","name":"Inscri\u00e7\u00f5es para concurso da Prefeitura de Cear\u00e1-Mirim terminam dia 20 de maio - Taveira Jr","isPartOf":{"@id":"https:\/\/deputadotaveirajr.com.br\/#website"},"primaryImageOfPage":{"@id":"https:\/\/deputadotaveirajr.com.br\/index.php\/inscricoes-para-concurso-da-prefeitura-de-ceara-mirim-terminam-dia-20-de-maio\/#primaryimage"},"image":{"@id":"https:\/\/deputadotaveirajr.com.br\/index.php\/inscricoes-para-concurso-da-prefeitura-de-ceara-mirim-terminam-dia-20-de-maio\/#primaryimage"},"thumbnailUrl":"https:\/\/deputadotaveirajr.com.br\/wp-content\/uploads\/2024\/05\/captura-de-tela-2024-03-12-150413-bgBLhK.jpeg","datePublished":"2024-05-09T17:35:59+00:00","breadcrumb":{"@id":"https:\/\/deputadotaveirajr.com.br\/index.php\/inscricoes-para-concurso-da-prefeitura-de-ceara-mirim-terminam-dia-20-de-maio\/#breadcrumb"},"inLanguage":"pt-BR","potentialAction":[{"@type":"ReadAction","target":["https:\/\/deputadotaveirajr.com.br\/index.php\/inscricoes-para-concurso-da-prefeitura-de-ceara-mirim-terminam-dia-20-de-maio\/"]}]},{"@type":"ImageObject","inLanguage":"pt-BR","@id":"https:\/\/deputadotaveirajr.com.br\/index.php\/inscricoes-para-concurso-da-prefeitura-de-ceara-mirim-terminam-dia-20-de-maio\/#primaryimage","url":"https:\/\/deputadotaveirajr.com.br\/wp-content\/uploads\/2024\/05\/captura-de-tela-2024-03-12-150413-bgBLhK.jpeg","contentUrl":"https:\/\/deputadotaveirajr.com.br\/wp-content\/uploads\/2024\/05\/captura-de-tela-2024-03-12-150413-bgBLhK.jpeg","width":806,"height":527},{"@type":"BreadcrumbList","@id":"https:\/\/deputadotaveirajr.com.br\/index.php\/inscricoes-para-concurso-da-prefeitura-de-ceara-mirim-terminam-dia-20-de-maio\/#breadcrumb","itemListElement":[{"@type":"ListItem","position":1,"name":"In\u00edcio","item":"https:\/\/deputadotaveirajr.com.br\/"},{"@type":"ListItem","position":2,"name":"Inscri\u00e7\u00f5es para concurso da Prefeitura de Cear\u00e1-Mirim terminam dia 20 de maio"}]},{"@type":"WebSite","@id":"https:\/\/deputadotaveirajr.com.br\/#website","url":"https:\/\/deputadotaveirajr.com.br\/","name":"Taveira Jr","description":"Deputado Estadual","publisher":{"@id":"https:\/\/deputadotaveirajr.com.br\/#organization"},"potentialAction":[{"@type":"SearchAction","target":{"@type":"EntryPoint","urlTemplate":"https:\/\/deputadotaveirajr.com.br\/?s={search_term_string}"},"query-input":{"@type":"PropertyValueSpecification","valueRequired":true,"valueName":"search_term_string"}}],"inLanguage":"pt-BR"},{"@type":"Organization","@id":"https:\/\/deputadotaveirajr.com.br\/#organization","name":"Taveira Jr","url":"https:\/\/deputadotaveirajr.com.br\/","logo":{"@type":"ImageObject","inLanguage":"pt-BR","@id":"https:\/\/deputadotaveirajr.com.br\/#\/schema\/logo\/image\/","url":"https:\/\/deputadotaveirajr.com.br\/wp-content\/uploads\/2026\/01\/logolow2a.png","contentUrl":"https:\/\/deputadotaveirajr.com.br\/wp-content\/uploads\/2026\/01\/logolow2a.png","width":290,"height":80,"caption":"Taveira Jr"},"image":{"@id":"https:\/\/deputadotaveirajr.com.br\/#\/schema\/logo\/image\/"}}]}},"_links":{"self":[{"href":"https:\/\/deputadotaveirajr.com.br\/index.php\/wp-json\/wp\/v2\/pages\/6068","targetHints":{"allow":["GET"]}}],"collection":[{"href":"https:\/\/deputadotaveirajr.com.br\/index.php\/wp-json\/wp\/v2\/pages"}],"about":[{"href":"https:\/\/deputadotaveirajr.com.br\/index.php\/wp-json\/wp\/v2\/types\/page"}],"replies":[{"embeddable":true,"href":"https:\/\/deputadotaveirajr.com.br\/index.php\/wp-json\/wp\/v2\/comments?post=6068"}],"version-history":[{"count":1,"href":"https:\/\/deputadotaveirajr.com.br\/index.php\/wp-json\/wp\/v2\/pages\/6068\/revisions"}],"predecessor-version":[{"id":6075,"href":"https:\/\/deputadotaveirajr.com.br\/index.php\/wp-json\/wp\/v2\/pages\/6068\/revisions\/6075"}],"wp:featuredmedia":[{"embeddable":true,"href":"https:\/\/deputadotaveirajr.com.br\/index.php\/wp-json\/wp\/v2\/media\/6069"}],"wp:attachment":[{"href":"https:\/\/deputadotaveirajr.com.br\/index.php\/wp-json\/wp\/v2\/media?parent=6068"}],"curies":[{"name":"wp","href":"https:\/\/api.w.org\/{rel}","templated":true}]}}