{"id":6071,"date":"2024-05-09T15:19:58","date_gmt":"2024-05-09T18:19:58","guid":{"rendered":"https:\/\/deputadotaveirajr.com.br\/?page_id=6071"},"modified":"2024-05-09T15:19:58","modified_gmt":"2024-05-09T18:19:58","slug":"motorista-perde-o-controle-de-caminhao-derruba-4-postes-e-so-para-apos-bater-em-muro-de-igreja-na-grande-natal","status":"publish","type":"page","link":"https:\/\/deputadotaveirajr.com.br\/index.php\/motorista-perde-o-controle-de-caminhao-derruba-4-postes-e-so-para-apos-bater-em-muro-de-igreja-na-grande-natal\/","title":{"rendered":"Motorista perde o controle de caminh\u00e3o, derruba 4 postes e s\u00f3 para ap\u00f3s bater em muro de igreja na Grande Natal"},"content":{"rendered":"<p>     Ele teve ferimentos leves e foi socorrido pelo Samu. Marginal da BR-101 no sentido Natal, na altura de Ema\u00fas, foi interditada. Motorista perde o controle de caminh\u00e3o, derruba 4 postes e para ap\u00f3s bater em muro de igreja na Grande Natal<br \/>\nLayssa Vilela\/Inter TV Cabugi<br \/>\nO motorista de um caminh\u00e3o perdeu o controle do ve\u00edculo, derrubou quatro postes e s\u00f3 parou quando bateu no muro de uma igreja \u00e0s margens da BR-101, em Ema\u00fas, Parnamirim.<br \/>\nO acidente aconteceu por volta das 11h desta quinta-feira (9), no sentido Natal. A via foi interditada e a Pol\u00edcia Rodovi\u00e1ria Federal foi ao local para orientar os motoristas.<br \/>\n\ud83d\udcf3Participe do canal do g1 RN no WhatsApp<br \/>\nO caminh\u00e3o estava carregado de brita e ficou tombado depois que atingiu o muro da igreja.<br \/>\nA Neoenergia Cosern informou que equipes da distribuidora est\u00e3o no local iniciando o processo de substitui\u00e7\u00e3o dos seis postes e que 2.981 clientes ficaram sem energia \u00e0s 10h19. &#8220;A partir de manobras no sistema el\u00e9trico, a Neoenergia Cosern recomp\u00f4s o fornecimento para 1.473 clientes \u00e0s 11h09. As equipes t\u00e9cnicas atuam para que o fornecimento de energia para os demais clientes seja normalizado o mais brevemente poss\u00edvel&#8221;, diz a nota.<br \/>\nQuatro postes foram derrubados pelo caminh\u00e3o desgovernado em Ema\u00fas<br \/>\nLayssa Vilela\/Inter TV Cabugi<br \/>\nMotorista perde o controle de caminh\u00e3o, derruba 4 postes e s\u00f3 para ap\u00f3s bater em muro de igreja na Grande Natal<br \/>\nLayssa Vilela\/Inter TV Cabugi<br \/>\nV\u00cdDEOS: Mais assistidos do RN nos \u00faltimos 7 dias<\/p>","protected":false},"excerpt":{"rendered":"<p>Ele teve ferimentos leves e foi socorrido pelo Samu. Marginal da BR-101 no sentido Natal, na altura de Ema\u00fas, foi interditada. Motorista perde o controle de caminh\u00e3o, derruba 4 postes &#8230;<\/p>\n","protected":false},"author":0,"featured_media":6072,"parent":0,"menu_order":0,"comment_status":"closed","ping_status":"closed","template":"","meta":{"footnotes":""},"class_list":["post-6071","page","type-page","status-publish","has-post-thumbnail","hentry"],"yoast_head":"<!-- This site is optimized with the Yoast SEO plugin v27.1.1 - https:\/\/yoast.com\/product\/yoast-seo-wordpress\/ -->\n<title>Motorista perde o controle de caminh\u00e3o, derruba 4 postes e s\u00f3 para ap\u00f3s bater em muro de igreja na Grande Natal - Taveira Jr<\/title>\n<meta name=\"robots\" content=\"index, follow, max-snippet:-1, max-image-preview:large, max-video-preview:-1\" \/>\n<link rel=\"canonical\" href=\"https:\/\/deputadotaveirajr.com.br\/index.php\/motorista-perde-o-controle-de-caminhao-derruba-4-postes-e-so-para-apos-bater-em-muro-de-igreja-na-grande-natal\/\" \/>\n<meta property=\"og:locale\" content=\"pt_BR\" \/>\n<meta property=\"og:type\" content=\"article\" \/>\n<meta property=\"og:title\" content=\"Motorista perde o controle de caminh\u00e3o, derruba 4 postes e s\u00f3 para ap\u00f3s bater em muro de igreja na Grande Natal - Taveira Jr\" \/>\n<meta property=\"og:description\" content=\"Ele teve ferimentos leves e foi socorrido pelo Samu. Marginal da BR-101 no sentido Natal, na altura de Ema\u00fas, foi interditada. Motorista perde o controle de caminh\u00e3o, derruba 4 postes ...\" \/>\n<meta property=\"og:url\" content=\"https:\/\/deputadotaveirajr.com.br\/index.php\/motorista-perde-o-controle-de-caminhao-derruba-4-postes-e-so-para-apos-bater-em-muro-de-igreja-na-grande-natal\/\" \/>\n<meta property=\"og:site_name\" content=\"Taveira Jr\" \/>\n<meta property=\"og:image\" content=\"https:\/\/deputadotaveirajr.com.br\/wp-content\/uploads\/2024\/05\/whatsapp-image-2024-05-09-at-12.18.10-1HXOHX.jpeg\" \/>\n\t<meta property=\"og:image:width\" content=\"1600\" \/>\n\t<meta property=\"og:image:height\" content=\"900\" \/>\n\t<meta property=\"og:image:type\" content=\"image\/jpeg\" \/>\n<meta name=\"twitter:card\" content=\"summary_large_image\" \/>\n<meta name=\"twitter:label1\" content=\"Est. tempo de leitura\" \/>\n\t<meta name=\"twitter:data1\" content=\"1 minuto\" \/>\n<script type=\"application\/ld+json\" class=\"yoast-schema-graph\">{\"@context\":\"https:\/\/schema.org\",\"@graph\":[{\"@type\":\"WebPage\",\"@id\":\"https:\/\/deputadotaveirajr.com.br\/index.php\/motorista-perde-o-controle-de-caminhao-derruba-4-postes-e-so-para-apos-bater-em-muro-de-igreja-na-grande-natal\/\",\"url\":\"https:\/\/deputadotaveirajr.com.br\/index.php\/motorista-perde-o-controle-de-caminhao-derruba-4-postes-e-so-para-apos-bater-em-muro-de-igreja-na-grande-natal\/\",\"name\":\"Motorista perde o controle de caminh\u00e3o, derruba 4 postes e s\u00f3 para ap\u00f3s bater em muro de igreja na Grande Natal - Taveira Jr\",\"isPartOf\":{\"@id\":\"https:\/\/deputadotaveirajr.com.br\/#website\"},\"primaryImageOfPage\":{\"@id\":\"https:\/\/deputadotaveirajr.com.br\/index.php\/motorista-perde-o-controle-de-caminhao-derruba-4-postes-e-so-para-apos-bater-em-muro-de-igreja-na-grande-natal\/#primaryimage\"},\"image\":{\"@id\":\"https:\/\/deputadotaveirajr.com.br\/index.php\/motorista-perde-o-controle-de-caminhao-derruba-4-postes-e-so-para-apos-bater-em-muro-de-igreja-na-grande-natal\/#primaryimage\"},\"thumbnailUrl\":\"https:\/\/deputadotaveirajr.com.br\/wp-content\/uploads\/2024\/05\/whatsapp-image-2024-05-09-at-12.18.10-1HXOHX.jpeg\",\"datePublished\":\"2024-05-09T18:19:58+00:00\",\"breadcrumb\":{\"@id\":\"https:\/\/deputadotaveirajr.com.br\/index.php\/motorista-perde-o-controle-de-caminhao-derruba-4-postes-e-so-para-apos-bater-em-muro-de-igreja-na-grande-natal\/#breadcrumb\"},\"inLanguage\":\"pt-BR\",\"potentialAction\":[{\"@type\":\"ReadAction\",\"target\":[\"https:\/\/deputadotaveirajr.com.br\/index.php\/motorista-perde-o-controle-de-caminhao-derruba-4-postes-e-so-para-apos-bater-em-muro-de-igreja-na-grande-natal\/\"]}]},{\"@type\":\"ImageObject\",\"inLanguage\":\"pt-BR\",\"@id\":\"https:\/\/deputadotaveirajr.com.br\/index.php\/motorista-perde-o-controle-de-caminhao-derruba-4-postes-e-so-para-apos-bater-em-muro-de-igreja-na-grande-natal\/#primaryimage\",\"url\":\"https:\/\/deputadotaveirajr.com.br\/wp-content\/uploads\/2024\/05\/whatsapp-image-2024-05-09-at-12.18.10-1HXOHX.jpeg\",\"contentUrl\":\"https:\/\/deputadotaveirajr.com.br\/wp-content\/uploads\/2024\/05\/whatsapp-image-2024-05-09-at-12.18.10-1HXOHX.jpeg\",\"width\":1600,\"height\":900},{\"@type\":\"BreadcrumbList\",\"@id\":\"https:\/\/deputadotaveirajr.com.br\/index.php\/motorista-perde-o-controle-de-caminhao-derruba-4-postes-e-so-para-apos-bater-em-muro-de-igreja-na-grande-natal\/#breadcrumb\",\"itemListElement\":[{\"@type\":\"ListItem\",\"position\":1,\"name\":\"In\u00edcio\",\"item\":\"https:\/\/deputadotaveirajr.com.br\/\"},{\"@type\":\"ListItem\",\"position\":2,\"name\":\"Motorista perde o controle de caminh\u00e3o, derruba 4 postes e s\u00f3 para ap\u00f3s bater em muro de igreja na Grande Natal\"}]},{\"@type\":\"WebSite\",\"@id\":\"https:\/\/deputadotaveirajr.com.br\/#website\",\"url\":\"https:\/\/deputadotaveirajr.com.br\/\",\"name\":\"Taveira Jr\",\"description\":\"Deputado Estadual\",\"publisher\":{\"@id\":\"https:\/\/deputadotaveirajr.com.br\/#organization\"},\"potentialAction\":[{\"@type\":\"SearchAction\",\"target\":{\"@type\":\"EntryPoint\",\"urlTemplate\":\"https:\/\/deputadotaveirajr.com.br\/?s={search_term_string}\"},\"query-input\":{\"@type\":\"PropertyValueSpecification\",\"valueRequired\":true,\"valueName\":\"search_term_string\"}}],\"inLanguage\":\"pt-BR\"},{\"@type\":\"Organization\",\"@id\":\"https:\/\/deputadotaveirajr.com.br\/#organization\",\"name\":\"Taveira Jr\",\"url\":\"https:\/\/deputadotaveirajr.com.br\/\",\"logo\":{\"@type\":\"ImageObject\",\"inLanguage\":\"pt-BR\",\"@id\":\"https:\/\/deputadotaveirajr.com.br\/#\/schema\/logo\/image\/\",\"url\":\"https:\/\/deputadotaveirajr.com.br\/wp-content\/uploads\/2026\/01\/logolow2a.png\",\"contentUrl\":\"https:\/\/deputadotaveirajr.com.br\/wp-content\/uploads\/2026\/01\/logolow2a.png\",\"width\":290,\"height\":80,\"caption\":\"Taveira Jr\"},\"image\":{\"@id\":\"https:\/\/deputadotaveirajr.com.br\/#\/schema\/logo\/image\/\"}}]}<\/script>\n<!-- \/ Yoast SEO plugin. -->","yoast_head_json":{"title":"Motorista perde o controle de caminh\u00e3o, derruba 4 postes e s\u00f3 para ap\u00f3s bater em muro de igreja na Grande Natal - Taveira Jr","robots":{"index":"index","follow":"follow","max-snippet":"max-snippet:-1","max-image-preview":"max-image-preview:large","max-video-preview":"max-video-preview:-1"},"canonical":"https:\/\/deputadotaveirajr.com.br\/index.php\/motorista-perde-o-controle-de-caminhao-derruba-4-postes-e-so-para-apos-bater-em-muro-de-igreja-na-grande-natal\/","og_locale":"pt_BR","og_type":"article","og_title":"Motorista perde o controle de caminh\u00e3o, derruba 4 postes e s\u00f3 para ap\u00f3s bater em muro de igreja na Grande Natal - Taveira Jr","og_description":"Ele teve ferimentos leves e foi socorrido pelo Samu. Marginal da BR-101 no sentido Natal, na altura de Ema\u00fas, foi interditada. Motorista perde o controle de caminh\u00e3o, derruba 4 postes ...","og_url":"https:\/\/deputadotaveirajr.com.br\/index.php\/motorista-perde-o-controle-de-caminhao-derruba-4-postes-e-so-para-apos-bater-em-muro-de-igreja-na-grande-natal\/","og_site_name":"Taveira Jr","og_image":[{"width":1600,"height":900,"url":"https:\/\/deputadotaveirajr.com.br\/wp-content\/uploads\/2024\/05\/whatsapp-image-2024-05-09-at-12.18.10-1HXOHX.jpeg","type":"image\/jpeg"}],"twitter_card":"summary_large_image","twitter_misc":{"Est. tempo de leitura":"1 minuto"},"schema":{"@context":"https:\/\/schema.org","@graph":[{"@type":"WebPage","@id":"https:\/\/deputadotaveirajr.com.br\/index.php\/motorista-perde-o-controle-de-caminhao-derruba-4-postes-e-so-para-apos-bater-em-muro-de-igreja-na-grande-natal\/","url":"https:\/\/deputadotaveirajr.com.br\/index.php\/motorista-perde-o-controle-de-caminhao-derruba-4-postes-e-so-para-apos-bater-em-muro-de-igreja-na-grande-natal\/","name":"Motorista perde o controle de caminh\u00e3o, derruba 4 postes e s\u00f3 para ap\u00f3s bater em muro de igreja na Grande Natal - Taveira Jr","isPartOf":{"@id":"https:\/\/deputadotaveirajr.com.br\/#website"},"primaryImageOfPage":{"@id":"https:\/\/deputadotaveirajr.com.br\/index.php\/motorista-perde-o-controle-de-caminhao-derruba-4-postes-e-so-para-apos-bater-em-muro-de-igreja-na-grande-natal\/#primaryimage"},"image":{"@id":"https:\/\/deputadotaveirajr.com.br\/index.php\/motorista-perde-o-controle-de-caminhao-derruba-4-postes-e-so-para-apos-bater-em-muro-de-igreja-na-grande-natal\/#primaryimage"},"thumbnailUrl":"https:\/\/deputadotaveirajr.com.br\/wp-content\/uploads\/2024\/05\/whatsapp-image-2024-05-09-at-12.18.10-1HXOHX.jpeg","datePublished":"2024-05-09T18:19:58+00:00","breadcrumb":{"@id":"https:\/\/deputadotaveirajr.com.br\/index.php\/motorista-perde-o-controle-de-caminhao-derruba-4-postes-e-so-para-apos-bater-em-muro-de-igreja-na-grande-natal\/#breadcrumb"},"inLanguage":"pt-BR","potentialAction":[{"@type":"ReadAction","target":["https:\/\/deputadotaveirajr.com.br\/index.php\/motorista-perde-o-controle-de-caminhao-derruba-4-postes-e-so-para-apos-bater-em-muro-de-igreja-na-grande-natal\/"]}]},{"@type":"ImageObject","inLanguage":"pt-BR","@id":"https:\/\/deputadotaveirajr.com.br\/index.php\/motorista-perde-o-controle-de-caminhao-derruba-4-postes-e-so-para-apos-bater-em-muro-de-igreja-na-grande-natal\/#primaryimage","url":"https:\/\/deputadotaveirajr.com.br\/wp-content\/uploads\/2024\/05\/whatsapp-image-2024-05-09-at-12.18.10-1HXOHX.jpeg","contentUrl":"https:\/\/deputadotaveirajr.com.br\/wp-content\/uploads\/2024\/05\/whatsapp-image-2024-05-09-at-12.18.10-1HXOHX.jpeg","width":1600,"height":900},{"@type":"BreadcrumbList","@id":"https:\/\/deputadotaveirajr.com.br\/index.php\/motorista-perde-o-controle-de-caminhao-derruba-4-postes-e-so-para-apos-bater-em-muro-de-igreja-na-grande-natal\/#breadcrumb","itemListElement":[{"@type":"ListItem","position":1,"name":"In\u00edcio","item":"https:\/\/deputadotaveirajr.com.br\/"},{"@type":"ListItem","position":2,"name":"Motorista perde o controle de caminh\u00e3o, derruba 4 postes e s\u00f3 para ap\u00f3s bater em muro de igreja na Grande Natal"}]},{"@type":"WebSite","@id":"https:\/\/deputadotaveirajr.com.br\/#website","url":"https:\/\/deputadotaveirajr.com.br\/","name":"Taveira Jr","description":"Deputado Estadual","publisher":{"@id":"https:\/\/deputadotaveirajr.com.br\/#organization"},"potentialAction":[{"@type":"SearchAction","target":{"@type":"EntryPoint","urlTemplate":"https:\/\/deputadotaveirajr.com.br\/?s={search_term_string}"},"query-input":{"@type":"PropertyValueSpecification","valueRequired":true,"valueName":"search_term_string"}}],"inLanguage":"pt-BR"},{"@type":"Organization","@id":"https:\/\/deputadotaveirajr.com.br\/#organization","name":"Taveira Jr","url":"https:\/\/deputadotaveirajr.com.br\/","logo":{"@type":"ImageObject","inLanguage":"pt-BR","@id":"https:\/\/deputadotaveirajr.com.br\/#\/schema\/logo\/image\/","url":"https:\/\/deputadotaveirajr.com.br\/wp-content\/uploads\/2026\/01\/logolow2a.png","contentUrl":"https:\/\/deputadotaveirajr.com.br\/wp-content\/uploads\/2026\/01\/logolow2a.png","width":290,"height":80,"caption":"Taveira Jr"},"image":{"@id":"https:\/\/deputadotaveirajr.com.br\/#\/schema\/logo\/image\/"}}]}},"_links":{"self":[{"href":"https:\/\/deputadotaveirajr.com.br\/index.php\/wp-json\/wp\/v2\/pages\/6071","targetHints":{"allow":["GET"]}}],"collection":[{"href":"https:\/\/deputadotaveirajr.com.br\/index.php\/wp-json\/wp\/v2\/pages"}],"about":[{"href":"https:\/\/deputadotaveirajr.com.br\/index.php\/wp-json\/wp\/v2\/types\/page"}],"replies":[{"embeddable":true,"href":"https:\/\/deputadotaveirajr.com.br\/index.php\/wp-json\/wp\/v2\/comments?post=6071"}],"version-history":[{"count":1,"href":"https:\/\/deputadotaveirajr.com.br\/index.php\/wp-json\/wp\/v2\/pages\/6071\/revisions"}],"predecessor-version":[{"id":6076,"href":"https:\/\/deputadotaveirajr.com.br\/index.php\/wp-json\/wp\/v2\/pages\/6071\/revisions\/6076"}],"wp:featuredmedia":[{"embeddable":true,"href":"https:\/\/deputadotaveirajr.com.br\/index.php\/wp-json\/wp\/v2\/media\/6072"}],"wp:attachment":[{"href":"https:\/\/deputadotaveirajr.com.br\/index.php\/wp-json\/wp\/v2\/media?parent=6071"}],"curies":[{"name":"wp","href":"https:\/\/api.w.org\/{rel}","templated":true}]}}