{"id":6083,"date":"2024-05-09T22:54:20","date_gmt":"2024-05-10T01:54:20","guid":{"rendered":"https:\/\/deputadotaveirajr.com.br\/?page_id=6083"},"modified":"2024-05-09T22:54:20","modified_gmt":"2024-05-10T01:54:20","slug":"estoque-de-tres-tipos-sanguineos-zera-e-hemocentro-de-mossoro-convoca-doadores-saiba-quem-pode-doar","status":"publish","type":"page","link":"https:\/\/deputadotaveirajr.com.br\/index.php\/estoque-de-tres-tipos-sanguineos-zera-e-hemocentro-de-mossoro-convoca-doadores-saiba-quem-pode-doar\/","title":{"rendered":"Estoque de tr\u00eas tipos sangu\u00edneos zera e Hemocentro de Mossor\u00f3 convoca doadores; saiba quem pode doar"},"content":{"rendered":"<p>     M\u00e9dia de doa\u00e7\u00f5es caiu de 60 para 28 desde abril, segundo a unidade, que \u00e9 respons\u00e1vel por abastecer hospitais particulares e p\u00fablicos de Mossor\u00f3 e Regi\u00e3o. Doa\u00e7\u00e3o de sangue no Hemocentro em Mossor\u00f3<br \/>\nDivulga\u00e7\u00e3o<br \/>\nO estoque de tr\u00eas tipos sangu\u00edneos zerou no Hemocentro da cidade de Mossor\u00f3, na Regi\u00e3o Oeste do Rio Grande do Norte. Com a situa\u00e7\u00e3o considerada cr\u00edtica, a unidade convocou doadores com urg\u00eancia. (Veja mais abaixo onde doar e como doar).<br \/>\nOs tr\u00eas tipos de sangue que est\u00e3o em falta s\u00e3o:<br \/>\nA-<br \/>\nB-<br \/>\nAB-<br \/>\nO centro, no entanto, est\u00e1 pedindo doa\u00e7\u00f5es de sangue para doadores de todos os tipos sangu\u00edneos &#8211; n\u00e3o apenas para os estoque que j\u00e1 est\u00e3o zerados.<br \/>\n\ud83d\udcf3Participe do canal do g1 RN no WhatsApp<br \/>\nO Hemocentro explica que \u00e9 importante doar porque a unidade abastece os hospitais particulares e p\u00fablicos de Mossor\u00f3 e de parte da Regi\u00e3o Oeste.<br \/>\nA dire\u00e7\u00e3o do Hemocentro disse que a unidade recebia uma m\u00e9dia de 60 doa\u00e7\u00f5es di\u00e1rias de sangue, mas que esse n\u00famero tem ca\u00eddo desde abril. A m\u00e9dia atual \u00e9 de 28 bolsas de sangue coletadas por dia em Mossor\u00f3.<br \/>\nA queda nas doa\u00e7\u00f5es ocorreu exatamento no momento em que houve um aumento da necessidade por sangue dos hospitais, o que deixou a situa\u00e7\u00e3o cr\u00edtica.<br \/>\n&#8220;As cirurgias, os atendimentos, os tratamentos oncol\u00f3gicos continuam sendo feitos. E a demanda est\u00e1 do mesmo jeito. Continuam os hospitais fazendos seus pedidos para urg\u00eancias, tratamentos eletivos, cirurgias, e a gente precisa ter esse sangue em estoque&#8221;, explicou a assistente social Alda Sales, do Hemocentro.<br \/>\n\ud83d\udccdOnde doar?<br \/>\nO Hemocentro de Mossor\u00f3 funciona nos seguintes hor\u00e1rios:<br \/>\nde segunda a sexta-feira das 7h \u00e0s 18h;<br \/>\naos s\u00e1bados, das 7h \u00e0s 17h.<br \/>\nO Hemocentro fica ao lado do Hospital Regional Tarc\u00edsio Maia, no bairro Aeroporto, na Rua Projetada, sem n\u00famero.<br \/>\n\ud83d\udc89Como doar?<br \/>\nPara ser doador, \u00e9 preciso:<br \/>\nter entre 16 e 69 anos de idade;<br \/>\npesar no m\u00ednimo 50 quilos;<br \/>\nestar em boas condi\u00e7\u00f5es de sa\u00fade;<br \/>\nestar bem alimentado;<br \/>\napresentar documento de identifica\u00e7\u00e3o com foto;<br \/>\nn\u00e3o estar fazendo uso de medicamentos que possam afetar a sa\u00fade;<br \/>\nn\u00e3o ter contra\u00eddo hepatite ap\u00f3s os 11 anos de idade;<br \/>\nn\u00e3o ter feito procedimento cir\u00fargico recentemente;<br \/>\nn\u00e3o ter feito, nos \u00faltimos 12 meses, tatuagem, micropigmenta\u00e7\u00e3o ou colocado piercing;<br \/>\nn\u00e3o estar gripado ou ser portador de doen\u00e7as contagiosas;<br \/>\nn\u00e3o estar exposto a situa\u00e7\u00e3o de risco, como ter praticado ato sexual sem uso de preservativo;<br \/>\nn\u00e3o ser usu\u00e1rio de drogas;<br \/>\nn\u00e3o ter feito endoscopia nos \u00faltimos 6 meses.<br \/>\nV\u00eddeos mais assistidos do g1 RN<\/p>","protected":false},"excerpt":{"rendered":"<p>M\u00e9dia de doa\u00e7\u00f5es caiu de 60 para 28 desde abril, segundo a unidade, que \u00e9 respons\u00e1vel por abastecer hospitais particulares e p\u00fablicos de Mossor\u00f3 e Regi\u00e3o. Doa\u00e7\u00e3o de sangue no &#8230;<\/p>\n","protected":false},"author":0,"featured_media":6084,"parent":0,"menu_order":0,"comment_status":"closed","ping_status":"closed","template":"","meta":{"footnotes":""},"class_list":["post-6083","page","type-page","status-publish","has-post-thumbnail","hentry"],"yoast_head":"<!-- This site is optimized with the Yoast SEO plugin v27.1.1 - https:\/\/yoast.com\/product\/yoast-seo-wordpress\/ -->\n<title>Estoque de tr\u00eas tipos sangu\u00edneos zera e Hemocentro de Mossor\u00f3 convoca doadores; saiba quem pode doar - Taveira Jr<\/title>\n<meta name=\"robots\" content=\"index, follow, max-snippet:-1, max-image-preview:large, max-video-preview:-1\" \/>\n<link rel=\"canonical\" href=\"https:\/\/deputadotaveirajr.com.br\/index.php\/estoque-de-tres-tipos-sanguineos-zera-e-hemocentro-de-mossoro-convoca-doadores-saiba-quem-pode-doar\/\" \/>\n<meta property=\"og:locale\" content=\"pt_BR\" \/>\n<meta property=\"og:type\" content=\"article\" \/>\n<meta property=\"og:title\" content=\"Estoque de tr\u00eas tipos sangu\u00edneos zera e Hemocentro de Mossor\u00f3 convoca doadores; saiba quem pode doar - Taveira Jr\" \/>\n<meta property=\"og:description\" content=\"M\u00e9dia de doa\u00e7\u00f5es caiu de 60 para 28 desde abril, segundo a unidade, que \u00e9 respons\u00e1vel por abastecer hospitais particulares e p\u00fablicos de Mossor\u00f3 e Regi\u00e3o. Doa\u00e7\u00e3o de sangue no ...\" \/>\n<meta property=\"og:url\" content=\"https:\/\/deputadotaveirajr.com.br\/index.php\/estoque-de-tres-tipos-sanguineos-zera-e-hemocentro-de-mossoro-convoca-doadores-saiba-quem-pode-doar\/\" \/>\n<meta property=\"og:site_name\" content=\"Taveira Jr\" \/>\n<meta property=\"og:image\" content=\"https:\/\/deputadotaveirajr.com.br\/wp-content\/uploads\/2024\/05\/captura-de-tela-2024-05-09-194541-T5D0Cc.jpeg\" \/>\n\t<meta property=\"og:image:width\" content=\"1581\" \/>\n\t<meta property=\"og:image:height\" content=\"875\" \/>\n\t<meta property=\"og:image:type\" content=\"image\/jpeg\" \/>\n<meta name=\"twitter:card\" content=\"summary_large_image\" \/>\n<meta name=\"twitter:label1\" content=\"Est. tempo de leitura\" \/>\n\t<meta name=\"twitter:data1\" content=\"2 minutos\" \/>\n<script type=\"application\/ld+json\" class=\"yoast-schema-graph\">{\"@context\":\"https:\/\/schema.org\",\"@graph\":[{\"@type\":\"WebPage\",\"@id\":\"https:\/\/deputadotaveirajr.com.br\/index.php\/estoque-de-tres-tipos-sanguineos-zera-e-hemocentro-de-mossoro-convoca-doadores-saiba-quem-pode-doar\/\",\"url\":\"https:\/\/deputadotaveirajr.com.br\/index.php\/estoque-de-tres-tipos-sanguineos-zera-e-hemocentro-de-mossoro-convoca-doadores-saiba-quem-pode-doar\/\",\"name\":\"Estoque de tr\u00eas tipos sangu\u00edneos zera e Hemocentro de Mossor\u00f3 convoca doadores; saiba quem pode doar - Taveira Jr\",\"isPartOf\":{\"@id\":\"https:\/\/deputadotaveirajr.com.br\/#website\"},\"primaryImageOfPage\":{\"@id\":\"https:\/\/deputadotaveirajr.com.br\/index.php\/estoque-de-tres-tipos-sanguineos-zera-e-hemocentro-de-mossoro-convoca-doadores-saiba-quem-pode-doar\/#primaryimage\"},\"image\":{\"@id\":\"https:\/\/deputadotaveirajr.com.br\/index.php\/estoque-de-tres-tipos-sanguineos-zera-e-hemocentro-de-mossoro-convoca-doadores-saiba-quem-pode-doar\/#primaryimage\"},\"thumbnailUrl\":\"https:\/\/deputadotaveirajr.com.br\/wp-content\/uploads\/2024\/05\/captura-de-tela-2024-05-09-194541-T5D0Cc.jpeg\",\"datePublished\":\"2024-05-10T01:54:20+00:00\",\"breadcrumb\":{\"@id\":\"https:\/\/deputadotaveirajr.com.br\/index.php\/estoque-de-tres-tipos-sanguineos-zera-e-hemocentro-de-mossoro-convoca-doadores-saiba-quem-pode-doar\/#breadcrumb\"},\"inLanguage\":\"pt-BR\",\"potentialAction\":[{\"@type\":\"ReadAction\",\"target\":[\"https:\/\/deputadotaveirajr.com.br\/index.php\/estoque-de-tres-tipos-sanguineos-zera-e-hemocentro-de-mossoro-convoca-doadores-saiba-quem-pode-doar\/\"]}]},{\"@type\":\"ImageObject\",\"inLanguage\":\"pt-BR\",\"@id\":\"https:\/\/deputadotaveirajr.com.br\/index.php\/estoque-de-tres-tipos-sanguineos-zera-e-hemocentro-de-mossoro-convoca-doadores-saiba-quem-pode-doar\/#primaryimage\",\"url\":\"https:\/\/deputadotaveirajr.com.br\/wp-content\/uploads\/2024\/05\/captura-de-tela-2024-05-09-194541-T5D0Cc.jpeg\",\"contentUrl\":\"https:\/\/deputadotaveirajr.com.br\/wp-content\/uploads\/2024\/05\/captura-de-tela-2024-05-09-194541-T5D0Cc.jpeg\",\"width\":1581,\"height\":875},{\"@type\":\"BreadcrumbList\",\"@id\":\"https:\/\/deputadotaveirajr.com.br\/index.php\/estoque-de-tres-tipos-sanguineos-zera-e-hemocentro-de-mossoro-convoca-doadores-saiba-quem-pode-doar\/#breadcrumb\",\"itemListElement\":[{\"@type\":\"ListItem\",\"position\":1,\"name\":\"In\u00edcio\",\"item\":\"https:\/\/deputadotaveirajr.com.br\/\"},{\"@type\":\"ListItem\",\"position\":2,\"name\":\"Estoque de tr\u00eas tipos sangu\u00edneos zera e Hemocentro de Mossor\u00f3 convoca doadores; saiba quem pode doar\"}]},{\"@type\":\"WebSite\",\"@id\":\"https:\/\/deputadotaveirajr.com.br\/#website\",\"url\":\"https:\/\/deputadotaveirajr.com.br\/\",\"name\":\"Taveira Jr\",\"description\":\"Deputado Estadual\",\"publisher\":{\"@id\":\"https:\/\/deputadotaveirajr.com.br\/#organization\"},\"potentialAction\":[{\"@type\":\"SearchAction\",\"target\":{\"@type\":\"EntryPoint\",\"urlTemplate\":\"https:\/\/deputadotaveirajr.com.br\/?s={search_term_string}\"},\"query-input\":{\"@type\":\"PropertyValueSpecification\",\"valueRequired\":true,\"valueName\":\"search_term_string\"}}],\"inLanguage\":\"pt-BR\"},{\"@type\":\"Organization\",\"@id\":\"https:\/\/deputadotaveirajr.com.br\/#organization\",\"name\":\"Taveira Jr\",\"url\":\"https:\/\/deputadotaveirajr.com.br\/\",\"logo\":{\"@type\":\"ImageObject\",\"inLanguage\":\"pt-BR\",\"@id\":\"https:\/\/deputadotaveirajr.com.br\/#\/schema\/logo\/image\/\",\"url\":\"https:\/\/deputadotaveirajr.com.br\/wp-content\/uploads\/2026\/01\/logolow2a.png\",\"contentUrl\":\"https:\/\/deputadotaveirajr.com.br\/wp-content\/uploads\/2026\/01\/logolow2a.png\",\"width\":290,\"height\":80,\"caption\":\"Taveira Jr\"},\"image\":{\"@id\":\"https:\/\/deputadotaveirajr.com.br\/#\/schema\/logo\/image\/\"}}]}<\/script>\n<!-- \/ Yoast SEO plugin. -->","yoast_head_json":{"title":"Estoque de tr\u00eas tipos sangu\u00edneos zera e Hemocentro de Mossor\u00f3 convoca doadores; saiba quem pode doar - Taveira Jr","robots":{"index":"index","follow":"follow","max-snippet":"max-snippet:-1","max-image-preview":"max-image-preview:large","max-video-preview":"max-video-preview:-1"},"canonical":"https:\/\/deputadotaveirajr.com.br\/index.php\/estoque-de-tres-tipos-sanguineos-zera-e-hemocentro-de-mossoro-convoca-doadores-saiba-quem-pode-doar\/","og_locale":"pt_BR","og_type":"article","og_title":"Estoque de tr\u00eas tipos sangu\u00edneos zera e Hemocentro de Mossor\u00f3 convoca doadores; saiba quem pode doar - Taveira Jr","og_description":"M\u00e9dia de doa\u00e7\u00f5es caiu de 60 para 28 desde abril, segundo a unidade, que \u00e9 respons\u00e1vel por abastecer hospitais particulares e p\u00fablicos de Mossor\u00f3 e Regi\u00e3o. Doa\u00e7\u00e3o de sangue no ...","og_url":"https:\/\/deputadotaveirajr.com.br\/index.php\/estoque-de-tres-tipos-sanguineos-zera-e-hemocentro-de-mossoro-convoca-doadores-saiba-quem-pode-doar\/","og_site_name":"Taveira Jr","og_image":[{"width":1581,"height":875,"url":"https:\/\/deputadotaveirajr.com.br\/wp-content\/uploads\/2024\/05\/captura-de-tela-2024-05-09-194541-T5D0Cc.jpeg","type":"image\/jpeg"}],"twitter_card":"summary_large_image","twitter_misc":{"Est. tempo de leitura":"2 minutos"},"schema":{"@context":"https:\/\/schema.org","@graph":[{"@type":"WebPage","@id":"https:\/\/deputadotaveirajr.com.br\/index.php\/estoque-de-tres-tipos-sanguineos-zera-e-hemocentro-de-mossoro-convoca-doadores-saiba-quem-pode-doar\/","url":"https:\/\/deputadotaveirajr.com.br\/index.php\/estoque-de-tres-tipos-sanguineos-zera-e-hemocentro-de-mossoro-convoca-doadores-saiba-quem-pode-doar\/","name":"Estoque de tr\u00eas tipos sangu\u00edneos zera e Hemocentro de Mossor\u00f3 convoca doadores; saiba quem pode doar - Taveira Jr","isPartOf":{"@id":"https:\/\/deputadotaveirajr.com.br\/#website"},"primaryImageOfPage":{"@id":"https:\/\/deputadotaveirajr.com.br\/index.php\/estoque-de-tres-tipos-sanguineos-zera-e-hemocentro-de-mossoro-convoca-doadores-saiba-quem-pode-doar\/#primaryimage"},"image":{"@id":"https:\/\/deputadotaveirajr.com.br\/index.php\/estoque-de-tres-tipos-sanguineos-zera-e-hemocentro-de-mossoro-convoca-doadores-saiba-quem-pode-doar\/#primaryimage"},"thumbnailUrl":"https:\/\/deputadotaveirajr.com.br\/wp-content\/uploads\/2024\/05\/captura-de-tela-2024-05-09-194541-T5D0Cc.jpeg","datePublished":"2024-05-10T01:54:20+00:00","breadcrumb":{"@id":"https:\/\/deputadotaveirajr.com.br\/index.php\/estoque-de-tres-tipos-sanguineos-zera-e-hemocentro-de-mossoro-convoca-doadores-saiba-quem-pode-doar\/#breadcrumb"},"inLanguage":"pt-BR","potentialAction":[{"@type":"ReadAction","target":["https:\/\/deputadotaveirajr.com.br\/index.php\/estoque-de-tres-tipos-sanguineos-zera-e-hemocentro-de-mossoro-convoca-doadores-saiba-quem-pode-doar\/"]}]},{"@type":"ImageObject","inLanguage":"pt-BR","@id":"https:\/\/deputadotaveirajr.com.br\/index.php\/estoque-de-tres-tipos-sanguineos-zera-e-hemocentro-de-mossoro-convoca-doadores-saiba-quem-pode-doar\/#primaryimage","url":"https:\/\/deputadotaveirajr.com.br\/wp-content\/uploads\/2024\/05\/captura-de-tela-2024-05-09-194541-T5D0Cc.jpeg","contentUrl":"https:\/\/deputadotaveirajr.com.br\/wp-content\/uploads\/2024\/05\/captura-de-tela-2024-05-09-194541-T5D0Cc.jpeg","width":1581,"height":875},{"@type":"BreadcrumbList","@id":"https:\/\/deputadotaveirajr.com.br\/index.php\/estoque-de-tres-tipos-sanguineos-zera-e-hemocentro-de-mossoro-convoca-doadores-saiba-quem-pode-doar\/#breadcrumb","itemListElement":[{"@type":"ListItem","position":1,"name":"In\u00edcio","item":"https:\/\/deputadotaveirajr.com.br\/"},{"@type":"ListItem","position":2,"name":"Estoque de tr\u00eas tipos sangu\u00edneos zera e Hemocentro de Mossor\u00f3 convoca doadores; saiba quem pode doar"}]},{"@type":"WebSite","@id":"https:\/\/deputadotaveirajr.com.br\/#website","url":"https:\/\/deputadotaveirajr.com.br\/","name":"Taveira Jr","description":"Deputado Estadual","publisher":{"@id":"https:\/\/deputadotaveirajr.com.br\/#organization"},"potentialAction":[{"@type":"SearchAction","target":{"@type":"EntryPoint","urlTemplate":"https:\/\/deputadotaveirajr.com.br\/?s={search_term_string}"},"query-input":{"@type":"PropertyValueSpecification","valueRequired":true,"valueName":"search_term_string"}}],"inLanguage":"pt-BR"},{"@type":"Organization","@id":"https:\/\/deputadotaveirajr.com.br\/#organization","name":"Taveira Jr","url":"https:\/\/deputadotaveirajr.com.br\/","logo":{"@type":"ImageObject","inLanguage":"pt-BR","@id":"https:\/\/deputadotaveirajr.com.br\/#\/schema\/logo\/image\/","url":"https:\/\/deputadotaveirajr.com.br\/wp-content\/uploads\/2026\/01\/logolow2a.png","contentUrl":"https:\/\/deputadotaveirajr.com.br\/wp-content\/uploads\/2026\/01\/logolow2a.png","width":290,"height":80,"caption":"Taveira Jr"},"image":{"@id":"https:\/\/deputadotaveirajr.com.br\/#\/schema\/logo\/image\/"}}]}},"_links":{"self":[{"href":"https:\/\/deputadotaveirajr.com.br\/index.php\/wp-json\/wp\/v2\/pages\/6083","targetHints":{"allow":["GET"]}}],"collection":[{"href":"https:\/\/deputadotaveirajr.com.br\/index.php\/wp-json\/wp\/v2\/pages"}],"about":[{"href":"https:\/\/deputadotaveirajr.com.br\/index.php\/wp-json\/wp\/v2\/types\/page"}],"replies":[{"embeddable":true,"href":"https:\/\/deputadotaveirajr.com.br\/index.php\/wp-json\/wp\/v2\/comments?post=6083"}],"version-history":[{"count":1,"href":"https:\/\/deputadotaveirajr.com.br\/index.php\/wp-json\/wp\/v2\/pages\/6083\/revisions"}],"predecessor-version":[{"id":6086,"href":"https:\/\/deputadotaveirajr.com.br\/index.php\/wp-json\/wp\/v2\/pages\/6083\/revisions\/6086"}],"wp:featuredmedia":[{"embeddable":true,"href":"https:\/\/deputadotaveirajr.com.br\/index.php\/wp-json\/wp\/v2\/media\/6084"}],"wp:attachment":[{"href":"https:\/\/deputadotaveirajr.com.br\/index.php\/wp-json\/wp\/v2\/media?parent=6083"}],"curies":[{"name":"wp","href":"https:\/\/api.w.org\/{rel}","templated":true}]}}