{"id":6123,"date":"2024-05-12T10:01:58","date_gmt":"2024-05-12T13:01:58","guid":{"rendered":"https:\/\/deputadotaveirajr.com.br\/?page_id=6123"},"modified":"2024-05-12T10:01:58","modified_gmt":"2024-05-12T13:01:58","slug":"idosa-de-91-anos-se-inspira-em-tradicao-familiar-para-costurar-roupas-de-bebes-e-presentear-maes-em-natal-me-sinto-feliz-com-isso","status":"publish","type":"page","link":"https:\/\/deputadotaveirajr.com.br\/index.php\/idosa-de-91-anos-se-inspira-em-tradicao-familiar-para-costurar-roupas-de-bebes-e-presentear-maes-em-natal-me-sinto-feliz-com-isso\/","title":{"rendered":"Idosa de 91 anos se inspira em tradi\u00e7\u00e3o familiar para costurar roupas de beb\u00eas e presentear m\u00e3es em Natal: &#8216;Me sinto feliz com isso&#8217;"},"content":{"rendered":"<p>     Beatriz Ferreira doa roupas principalmente para fam\u00edlias carentes e que ela n\u00e3o conhece. Ela faz isso h\u00e1 anos e n\u00e3o sabe ao certo quantas pessoas j\u00e1 ajudou.  Idosa de 91 anos cria e distribui enxovais para fami\u0301lias carentes no RN<br \/>\nCom as pr\u00f3prias m\u00e3os munidas de uma agulha, linha ap\u00f3s linha, uma idosa de 91 anos produz roupas, luvas e sapatinhos para compor enxovais para presentear m\u00e3es de rec\u00e9m-nascidos em Natal, no Rio Grande do Norte. Um fato, no entanto, chama a aten\u00e7\u00e3o: a idosa sequer conhece qualquer dessas pessoas.<br \/>\nAs costuras de Beatriz Ferreira s\u00e3o entregues, na grande maioria das vezes, de forma an\u00f4nima. A ideia \u00e9 ser uma m\u00e3e que ajuda tantas outras m\u00e3es que precisam de um certo apoio nesse in\u00edcio de caminhada.<br \/>\n\ud83d\udcf3Participe do canal do g1 RN no WhatsApp<br \/>\nNos \u00faltimos anos, ela tem se dedicado a deixar os kits no Hospital Maternidade Janu\u00e1rio Cicco, da Universidade Federal do Rio Grande do Norte, onde h\u00e1 muitas fam\u00edlias carentes.<br \/>\nO motivo de fazer essa a\u00e7\u00e3o ao longo da vida n\u00e3o \u00e9 nada mais do que apenas ajudar, segundo Beatriz.<br \/>\n&#8220;Eu me sinto feliz em fazer isso. Eu tenho prazer. No meu cora\u00e7\u00e3o n\u00e3o tem espa\u00e7o para maldade&#8221;, contou.<br \/>\nDona Beatiz Ferreira, de 91 anos, costurando para doar pe\u00e7as a fam\u00edlias carentes<br \/>\nAnselmo Ferreira\/Inter TV Cabugi<br \/>\nTradi\u00e7\u00e3o por gera\u00e7\u00f5es<br \/>\nA idosa faz esses enxovais h\u00e1 tantos anos que ela n\u00e3o lembra exatamente quando come\u00e7ou ou quantas pe\u00e7as j\u00e1 produziu. Mas se tem algo que ela n\u00e3o esquece foi de onde herdou essa tradi\u00e7\u00e3o: da av\u00f3 Sabina, que era parteira no munic\u00edpio de Santo Ant\u00f4nio, no interior do Rio Grande do Norte.<br \/>\nAo realizar um parto e notar que uma crian\u00e7a n\u00e3o tinha recursos para o enxoval, Sabina botava a m\u00e3o na massa para ajudar as fam\u00edlias.<br \/>\n&#8220;Se a crian\u00e7a estava em cima da cama pelada, ela tirava uma das saias que tinha pra fazer aquela fraldinha do tri\u00e2ngulo&#8221;, contou Beatriz, que mant\u00e9m a tradi\u00e7\u00e3o da av\u00f3.<br \/>\nBeatriz Ferreira costura pe\u00e7as h\u00e1 muitos anos e j\u00e1 perdeu as contas de quantas pessoas j\u00e1 ajudou<br \/>\nAnselmo Ferreira\/Reprodu\u00e7\u00e3o<br \/>\nBeatriz Ferreira tenta criar detalhes, como desenhos e imagens nos bordados, que deixem boa parte das pe\u00e7as feitas com uma marca especial para as m\u00e3es, sejam aquelas de primeira viagem ou n\u00e3o.<br \/>\nOs grandes enxovais produzidos em d\u00e9cadas passadas se transformaram em kits menores nos \u00faltimos anos, o que n\u00e3o deixou de ajudar quem precisa.<br \/>\n&#8220;\u00c9 dar com uma m\u00e3o para que a outra n\u00e3o veja&#8230;n\u00e3o \u00e9 assim que Deus disse para fazer?&#8221;, falou a idosa.<br \/>\nEnsinamentos para fam\u00edlia e comunidade<br \/>\nBeatriz Ferreira nunca quis guardar o que aprendeu com a av\u00f3 Sabina apenas para ela. Na d\u00e9cada de 1980, ela criou um clube de m\u00e3es no bairro Cidade da Esperan\u00e7a, na Zona Oeste de Natal, para dar aulas de artesanato e culin\u00e1ria para outras m\u00e3es.<br \/>\n&#8220;Sempre foi assim. A casa cheia, muitos trabalhos manuais, muita aula, escola, pessoas aprendendo. Ambiente bem de aprendizado mesmo&#8221;, contou o filho de Beatriz, o servidor p\u00fablico Josedek Albuquerque.<br \/>\n&#8220;Ensinava a fazer croch\u00ea&#8230;At\u00e9 p\u00e3o eu ensinava a fazer&#8221;, disse a idosa.<br \/>\nBeatriz Ferreira e pe\u00e7as feitas por ela para kits<br \/>\nAnselmo Ferreira\/Inter TV Cabugi<br \/>\nE a fam\u00edlia passou a levar consigo tamb\u00e9m os desejos de ajudar. Em certo momento, por exemplo, Beatriz fez das filhas dela as professoras da escola em cas.<br \/>\n&#8220;Essa generosidade dela passou para todos os filhos. A gente sempre tem esse desejo de estar ajudando as pessoas sem querer aparecer. Ajudar porque precisa&#8221;, disse a filha Mezaabe Albuquerque, que \u00e9 professora.<br \/>\nOs filhos contaram que a casa sempre estava cheia e que a m\u00e3e sempre tentava ajudar da forma que conseguia.<br \/>\n&#8220;Vinha um pessoal do interior para se consultar, fazer exame, e a casa era cheia. Eu tinha muitas vezes que doar a minha cama para outra pessoa dormir&#8221;, lembrou D\u00e9bora Pires, tamb\u00e9m filha de Beatriz.<br \/>\nSolidariedade inspira filhos<br \/>\nAos 91 anos, a idosa disse que n\u00e3o pretende parar de fazer croch\u00ea enquanto for poss\u00edvel. &#8220;At\u00e9 quando Deus me chamar [vou fazer]&#8221;, disse.<br \/>\nE o fato inspira os filhos a levaram essa cultura por muitos anos pela frente. &#8220;O exemplo que ela deu, de sempre estar ativa com a comunidade, com os familiares, com os vizinhos, com as crian\u00e7as, com os idosos&#8221;, disse o filho Josedek Albuquerque.<br \/>\n&#8220;A minha m\u00e3e \u00e9 um exemplo de vida. Ela \u00e9 uma pessoa guerreira, lutadora. Tudo que ela quer, ela consegue. Desde nova que ela \u00e9 assim&#8221;, refor\u00e7ou a filha Mezaabe Albuquerque.<br \/>\nV\u00eddeos mais assistidos do g1 RN<\/p>","protected":false},"excerpt":{"rendered":"<p>Beatriz Ferreira doa roupas principalmente para fam\u00edlias carentes e que ela n\u00e3o conhece. Ela faz isso h\u00e1 anos e n\u00e3o sabe ao certo quantas pessoas j\u00e1 ajudou. Idosa de 91 &#8230;<\/p>\n","protected":false},"author":0,"featured_media":6124,"parent":0,"menu_order":0,"comment_status":"closed","ping_status":"closed","template":"","meta":{"footnotes":""},"class_list":["post-6123","page","type-page","status-publish","has-post-thumbnail","hentry"],"yoast_head":"<!-- This site is optimized with the Yoast SEO plugin v27.1.1 - https:\/\/yoast.com\/product\/yoast-seo-wordpress\/ -->\n<title>Idosa de 91 anos se inspira em tradi\u00e7\u00e3o familiar para costurar roupas de beb\u00eas e presentear m\u00e3es em Natal: &#039;Me sinto feliz com isso&#039; - Taveira Jr<\/title>\n<meta name=\"robots\" content=\"index, follow, max-snippet:-1, max-image-preview:large, max-video-preview:-1\" \/>\n<link rel=\"canonical\" href=\"https:\/\/deputadotaveirajr.com.br\/index.php\/idosa-de-91-anos-se-inspira-em-tradicao-familiar-para-costurar-roupas-de-bebes-e-presentear-maes-em-natal-me-sinto-feliz-com-isso\/\" \/>\n<meta property=\"og:locale\" content=\"pt_BR\" \/>\n<meta property=\"og:type\" content=\"article\" \/>\n<meta property=\"og:title\" content=\"Idosa de 91 anos se inspira em tradi\u00e7\u00e3o familiar para costurar roupas de beb\u00eas e presentear m\u00e3es em Natal: &#039;Me sinto feliz com isso&#039; - Taveira Jr\" \/>\n<meta property=\"og:description\" content=\"Beatriz Ferreira doa roupas principalmente para fam\u00edlias carentes e que ela n\u00e3o conhece. Ela faz isso h\u00e1 anos e n\u00e3o sabe ao certo quantas pessoas j\u00e1 ajudou. Idosa de 91 ...\" \/>\n<meta property=\"og:url\" content=\"https:\/\/deputadotaveirajr.com.br\/index.php\/idosa-de-91-anos-se-inspira-em-tradicao-familiar-para-costurar-roupas-de-bebes-e-presentear-maes-em-natal-me-sinto-feliz-com-isso\/\" \/>\n<meta property=\"og:site_name\" content=\"Taveira Jr\" \/>\n<meta property=\"og:image\" content=\"https:\/\/deputadotaveirajr.com.br\/wp-content\/uploads\/2024\/05\/beatriz22-vdmpjw.jpeg\" \/>\n\t<meta property=\"og:image:width\" content=\"1728\" \/>\n\t<meta property=\"og:image:height\" content=\"874\" \/>\n\t<meta property=\"og:image:type\" content=\"image\/jpeg\" \/>\n<meta name=\"twitter:card\" content=\"summary_large_image\" \/>\n<meta name=\"twitter:label1\" content=\"Est. tempo de leitura\" \/>\n\t<meta name=\"twitter:data1\" content=\"4 minutos\" \/>\n<script type=\"application\/ld+json\" class=\"yoast-schema-graph\">{\"@context\":\"https:\/\/schema.org\",\"@graph\":[{\"@type\":\"WebPage\",\"@id\":\"https:\/\/deputadotaveirajr.com.br\/index.php\/idosa-de-91-anos-se-inspira-em-tradicao-familiar-para-costurar-roupas-de-bebes-e-presentear-maes-em-natal-me-sinto-feliz-com-isso\/\",\"url\":\"https:\/\/deputadotaveirajr.com.br\/index.php\/idosa-de-91-anos-se-inspira-em-tradicao-familiar-para-costurar-roupas-de-bebes-e-presentear-maes-em-natal-me-sinto-feliz-com-isso\/\",\"name\":\"Idosa de 91 anos se inspira em tradi\u00e7\u00e3o familiar para costurar roupas de beb\u00eas e presentear m\u00e3es em Natal: 'Me sinto feliz com isso' - Taveira Jr\",\"isPartOf\":{\"@id\":\"https:\/\/deputadotaveirajr.com.br\/#website\"},\"primaryImageOfPage\":{\"@id\":\"https:\/\/deputadotaveirajr.com.br\/index.php\/idosa-de-91-anos-se-inspira-em-tradicao-familiar-para-costurar-roupas-de-bebes-e-presentear-maes-em-natal-me-sinto-feliz-com-isso\/#primaryimage\"},\"image\":{\"@id\":\"https:\/\/deputadotaveirajr.com.br\/index.php\/idosa-de-91-anos-se-inspira-em-tradicao-familiar-para-costurar-roupas-de-bebes-e-presentear-maes-em-natal-me-sinto-feliz-com-isso\/#primaryimage\"},\"thumbnailUrl\":\"https:\/\/deputadotaveirajr.com.br\/wp-content\/uploads\/2024\/05\/beatriz22-vdmpjw.jpeg\",\"datePublished\":\"2024-05-12T13:01:58+00:00\",\"breadcrumb\":{\"@id\":\"https:\/\/deputadotaveirajr.com.br\/index.php\/idosa-de-91-anos-se-inspira-em-tradicao-familiar-para-costurar-roupas-de-bebes-e-presentear-maes-em-natal-me-sinto-feliz-com-isso\/#breadcrumb\"},\"inLanguage\":\"pt-BR\",\"potentialAction\":[{\"@type\":\"ReadAction\",\"target\":[\"https:\/\/deputadotaveirajr.com.br\/index.php\/idosa-de-91-anos-se-inspira-em-tradicao-familiar-para-costurar-roupas-de-bebes-e-presentear-maes-em-natal-me-sinto-feliz-com-isso\/\"]}]},{\"@type\":\"ImageObject\",\"inLanguage\":\"pt-BR\",\"@id\":\"https:\/\/deputadotaveirajr.com.br\/index.php\/idosa-de-91-anos-se-inspira-em-tradicao-familiar-para-costurar-roupas-de-bebes-e-presentear-maes-em-natal-me-sinto-feliz-com-isso\/#primaryimage\",\"url\":\"https:\/\/deputadotaveirajr.com.br\/wp-content\/uploads\/2024\/05\/beatriz22-vdmpjw.jpeg\",\"contentUrl\":\"https:\/\/deputadotaveirajr.com.br\/wp-content\/uploads\/2024\/05\/beatriz22-vdmpjw.jpeg\",\"width\":1728,\"height\":874},{\"@type\":\"BreadcrumbList\",\"@id\":\"https:\/\/deputadotaveirajr.com.br\/index.php\/idosa-de-91-anos-se-inspira-em-tradicao-familiar-para-costurar-roupas-de-bebes-e-presentear-maes-em-natal-me-sinto-feliz-com-isso\/#breadcrumb\",\"itemListElement\":[{\"@type\":\"ListItem\",\"position\":1,\"name\":\"In\u00edcio\",\"item\":\"https:\/\/deputadotaveirajr.com.br\/\"},{\"@type\":\"ListItem\",\"position\":2,\"name\":\"Idosa de 91 anos se inspira em tradi\u00e7\u00e3o familiar para costurar roupas de beb\u00eas e presentear m\u00e3es em Natal: &#8216;Me sinto feliz com isso&#8217;\"}]},{\"@type\":\"WebSite\",\"@id\":\"https:\/\/deputadotaveirajr.com.br\/#website\",\"url\":\"https:\/\/deputadotaveirajr.com.br\/\",\"name\":\"Taveira Jr\",\"description\":\"Deputado Estadual\",\"publisher\":{\"@id\":\"https:\/\/deputadotaveirajr.com.br\/#organization\"},\"potentialAction\":[{\"@type\":\"SearchAction\",\"target\":{\"@type\":\"EntryPoint\",\"urlTemplate\":\"https:\/\/deputadotaveirajr.com.br\/?s={search_term_string}\"},\"query-input\":{\"@type\":\"PropertyValueSpecification\",\"valueRequired\":true,\"valueName\":\"search_term_string\"}}],\"inLanguage\":\"pt-BR\"},{\"@type\":\"Organization\",\"@id\":\"https:\/\/deputadotaveirajr.com.br\/#organization\",\"name\":\"Taveira Jr\",\"url\":\"https:\/\/deputadotaveirajr.com.br\/\",\"logo\":{\"@type\":\"ImageObject\",\"inLanguage\":\"pt-BR\",\"@id\":\"https:\/\/deputadotaveirajr.com.br\/#\/schema\/logo\/image\/\",\"url\":\"https:\/\/deputadotaveirajr.com.br\/wp-content\/uploads\/2026\/01\/logolow2a.png\",\"contentUrl\":\"https:\/\/deputadotaveirajr.com.br\/wp-content\/uploads\/2026\/01\/logolow2a.png\",\"width\":290,\"height\":80,\"caption\":\"Taveira Jr\"},\"image\":{\"@id\":\"https:\/\/deputadotaveirajr.com.br\/#\/schema\/logo\/image\/\"}}]}<\/script>\n<!-- \/ Yoast SEO plugin. -->","yoast_head_json":{"title":"Idosa de 91 anos se inspira em tradi\u00e7\u00e3o familiar para costurar roupas de beb\u00eas e presentear m\u00e3es em Natal: 'Me sinto feliz com isso' - Taveira Jr","robots":{"index":"index","follow":"follow","max-snippet":"max-snippet:-1","max-image-preview":"max-image-preview:large","max-video-preview":"max-video-preview:-1"},"canonical":"https:\/\/deputadotaveirajr.com.br\/index.php\/idosa-de-91-anos-se-inspira-em-tradicao-familiar-para-costurar-roupas-de-bebes-e-presentear-maes-em-natal-me-sinto-feliz-com-isso\/","og_locale":"pt_BR","og_type":"article","og_title":"Idosa de 91 anos se inspira em tradi\u00e7\u00e3o familiar para costurar roupas de beb\u00eas e presentear m\u00e3es em Natal: 'Me sinto feliz com isso' - Taveira Jr","og_description":"Beatriz Ferreira doa roupas principalmente para fam\u00edlias carentes e que ela n\u00e3o conhece. Ela faz isso h\u00e1 anos e n\u00e3o sabe ao certo quantas pessoas j\u00e1 ajudou. Idosa de 91 ...","og_url":"https:\/\/deputadotaveirajr.com.br\/index.php\/idosa-de-91-anos-se-inspira-em-tradicao-familiar-para-costurar-roupas-de-bebes-e-presentear-maes-em-natal-me-sinto-feliz-com-isso\/","og_site_name":"Taveira Jr","og_image":[{"width":1728,"height":874,"url":"https:\/\/deputadotaveirajr.com.br\/wp-content\/uploads\/2024\/05\/beatriz22-vdmpjw.jpeg","type":"image\/jpeg"}],"twitter_card":"summary_large_image","twitter_misc":{"Est. tempo de leitura":"4 minutos"},"schema":{"@context":"https:\/\/schema.org","@graph":[{"@type":"WebPage","@id":"https:\/\/deputadotaveirajr.com.br\/index.php\/idosa-de-91-anos-se-inspira-em-tradicao-familiar-para-costurar-roupas-de-bebes-e-presentear-maes-em-natal-me-sinto-feliz-com-isso\/","url":"https:\/\/deputadotaveirajr.com.br\/index.php\/idosa-de-91-anos-se-inspira-em-tradicao-familiar-para-costurar-roupas-de-bebes-e-presentear-maes-em-natal-me-sinto-feliz-com-isso\/","name":"Idosa de 91 anos se inspira em tradi\u00e7\u00e3o familiar para costurar roupas de beb\u00eas e presentear m\u00e3es em Natal: 'Me sinto feliz com isso' - Taveira Jr","isPartOf":{"@id":"https:\/\/deputadotaveirajr.com.br\/#website"},"primaryImageOfPage":{"@id":"https:\/\/deputadotaveirajr.com.br\/index.php\/idosa-de-91-anos-se-inspira-em-tradicao-familiar-para-costurar-roupas-de-bebes-e-presentear-maes-em-natal-me-sinto-feliz-com-isso\/#primaryimage"},"image":{"@id":"https:\/\/deputadotaveirajr.com.br\/index.php\/idosa-de-91-anos-se-inspira-em-tradicao-familiar-para-costurar-roupas-de-bebes-e-presentear-maes-em-natal-me-sinto-feliz-com-isso\/#primaryimage"},"thumbnailUrl":"https:\/\/deputadotaveirajr.com.br\/wp-content\/uploads\/2024\/05\/beatriz22-vdmpjw.jpeg","datePublished":"2024-05-12T13:01:58+00:00","breadcrumb":{"@id":"https:\/\/deputadotaveirajr.com.br\/index.php\/idosa-de-91-anos-se-inspira-em-tradicao-familiar-para-costurar-roupas-de-bebes-e-presentear-maes-em-natal-me-sinto-feliz-com-isso\/#breadcrumb"},"inLanguage":"pt-BR","potentialAction":[{"@type":"ReadAction","target":["https:\/\/deputadotaveirajr.com.br\/index.php\/idosa-de-91-anos-se-inspira-em-tradicao-familiar-para-costurar-roupas-de-bebes-e-presentear-maes-em-natal-me-sinto-feliz-com-isso\/"]}]},{"@type":"ImageObject","inLanguage":"pt-BR","@id":"https:\/\/deputadotaveirajr.com.br\/index.php\/idosa-de-91-anos-se-inspira-em-tradicao-familiar-para-costurar-roupas-de-bebes-e-presentear-maes-em-natal-me-sinto-feliz-com-isso\/#primaryimage","url":"https:\/\/deputadotaveirajr.com.br\/wp-content\/uploads\/2024\/05\/beatriz22-vdmpjw.jpeg","contentUrl":"https:\/\/deputadotaveirajr.com.br\/wp-content\/uploads\/2024\/05\/beatriz22-vdmpjw.jpeg","width":1728,"height":874},{"@type":"BreadcrumbList","@id":"https:\/\/deputadotaveirajr.com.br\/index.php\/idosa-de-91-anos-se-inspira-em-tradicao-familiar-para-costurar-roupas-de-bebes-e-presentear-maes-em-natal-me-sinto-feliz-com-isso\/#breadcrumb","itemListElement":[{"@type":"ListItem","position":1,"name":"In\u00edcio","item":"https:\/\/deputadotaveirajr.com.br\/"},{"@type":"ListItem","position":2,"name":"Idosa de 91 anos se inspira em tradi\u00e7\u00e3o familiar para costurar roupas de beb\u00eas e presentear m\u00e3es em Natal: &#8216;Me sinto feliz com isso&#8217;"}]},{"@type":"WebSite","@id":"https:\/\/deputadotaveirajr.com.br\/#website","url":"https:\/\/deputadotaveirajr.com.br\/","name":"Taveira Jr","description":"Deputado Estadual","publisher":{"@id":"https:\/\/deputadotaveirajr.com.br\/#organization"},"potentialAction":[{"@type":"SearchAction","target":{"@type":"EntryPoint","urlTemplate":"https:\/\/deputadotaveirajr.com.br\/?s={search_term_string}"},"query-input":{"@type":"PropertyValueSpecification","valueRequired":true,"valueName":"search_term_string"}}],"inLanguage":"pt-BR"},{"@type":"Organization","@id":"https:\/\/deputadotaveirajr.com.br\/#organization","name":"Taveira Jr","url":"https:\/\/deputadotaveirajr.com.br\/","logo":{"@type":"ImageObject","inLanguage":"pt-BR","@id":"https:\/\/deputadotaveirajr.com.br\/#\/schema\/logo\/image\/","url":"https:\/\/deputadotaveirajr.com.br\/wp-content\/uploads\/2026\/01\/logolow2a.png","contentUrl":"https:\/\/deputadotaveirajr.com.br\/wp-content\/uploads\/2026\/01\/logolow2a.png","width":290,"height":80,"caption":"Taveira Jr"},"image":{"@id":"https:\/\/deputadotaveirajr.com.br\/#\/schema\/logo\/image\/"}}]}},"_links":{"self":[{"href":"https:\/\/deputadotaveirajr.com.br\/index.php\/wp-json\/wp\/v2\/pages\/6123","targetHints":{"allow":["GET"]}}],"collection":[{"href":"https:\/\/deputadotaveirajr.com.br\/index.php\/wp-json\/wp\/v2\/pages"}],"about":[{"href":"https:\/\/deputadotaveirajr.com.br\/index.php\/wp-json\/wp\/v2\/types\/page"}],"replies":[{"embeddable":true,"href":"https:\/\/deputadotaveirajr.com.br\/index.php\/wp-json\/wp\/v2\/comments?post=6123"}],"version-history":[{"count":1,"href":"https:\/\/deputadotaveirajr.com.br\/index.php\/wp-json\/wp\/v2\/pages\/6123\/revisions"}],"predecessor-version":[{"id":6129,"href":"https:\/\/deputadotaveirajr.com.br\/index.php\/wp-json\/wp\/v2\/pages\/6123\/revisions\/6129"}],"wp:featuredmedia":[{"embeddable":true,"href":"https:\/\/deputadotaveirajr.com.br\/index.php\/wp-json\/wp\/v2\/media\/6124"}],"wp:attachment":[{"href":"https:\/\/deputadotaveirajr.com.br\/index.php\/wp-json\/wp\/v2\/media?parent=6123"}],"curies":[{"name":"wp","href":"https:\/\/api.w.org\/{rel}","templated":true}]}}