{"id":6131,"date":"2024-05-12T13:21:08","date_gmt":"2024-05-12T16:21:08","guid":{"rendered":"https:\/\/deputadotaveirajr.com.br\/?page_id=6131"},"modified":"2024-05-12T13:21:08","modified_gmt":"2024-05-12T16:21:08","slug":"policia-federal-prende-homem-no-aeroporto-de-natal-com-10-kg-de-haxixe","status":"publish","type":"page","link":"https:\/\/deputadotaveirajr.com.br\/index.php\/policia-federal-prende-homem-no-aeroporto-de-natal-com-10-kg-de-haxixe\/","title":{"rendered":"Pol\u00edcia Federal prende homem no Aeroporto de Natal com 10 kg de haxixe"},"content":{"rendered":"<p>     C\u00e3es detectaram droga em pacotes prensados na mala do suspeito que havia embarcado em Manaus. PF prende homem no Aeroporto de Natal com 10 kg de haxixe<br \/>\nCedida<br \/>\nUm homem de 29 anos foi preso em flagrante no Aeroporto Internacional Alu\u00edzio Alves, em S\u00e3o Gon\u00e7alo do Amarante, na Grande Natal, com 10 kg de haxixe em uma mala. De acordo com a Pol\u00edcia Federal, a pris\u00e3o ocorreu durante fiscaliza\u00e7\u00e3o de rotina na \u00e1rea de desembarque dom\u00e9stico.<br \/>\nC\u00e3es detectores de drogas localizaram os pacotes prensados suspeitos em meio a roupas na mala de um passageiro que chegava de Manaus, na \u00faltima sexta-feira (10).<br \/>\n\ud83d\udcf3Participe do canal do g1 RN no WhatsApp<br \/>\nC\u00e3es localizaram drogas na mala de suspeito que chegava de Manaus<br \/>\nCedida<br \/>\nA subst\u00e2ncia foi submetida a teste preliminar no local e positivou para a droga (haxixe). O acusado recebeu voz de pris\u00e3o e foi levado em seguida para os procedimentos de autua\u00e7\u00e3o na sede da PF, em Natal.<br \/>\nSegundo a PF, durante o interrogat\u00f3rio, o homem teria confessado que na bagagem continha droga, mas n\u00e3o sabia dizer o tipo e a quantidade. Ele declarou ainda que foi contratado em Manaus por uma pessoa desconhecida e que n\u00e3o sabe a quem entregaria a mala em Natal &#8211; ele seria procurado t\u00e3o logo desembarcasse.<br \/>\nO homem foi autuado por tr\u00e1fico interestadual de drogas.<br \/>\nSomente em 2024, a Pol\u00edcia Federal apreendeu 20 kg de drogas com passageiros que transitavam pelo Aeroporto de Natal.<br \/>\nV\u00cdDEOS: Mais vistos do RN nos \u00faltimos 7 dias<\/p>","protected":false},"excerpt":{"rendered":"<p>C\u00e3es detectaram droga em pacotes prensados na mala do suspeito que havia embarcado em Manaus. PF prende homem no Aeroporto de Natal com 10 kg de haxixe Cedida Um homem &#8230;<\/p>\n","protected":false},"author":0,"featured_media":6132,"parent":0,"menu_order":0,"comment_status":"closed","ping_status":"closed","template":"","meta":{"footnotes":""},"class_list":["post-6131","page","type-page","status-publish","has-post-thumbnail","hentry"],"yoast_head":"<!-- This site is optimized with the Yoast SEO plugin v27.1.1 - https:\/\/yoast.com\/product\/yoast-seo-wordpress\/ -->\n<title>Pol\u00edcia Federal prende homem no Aeroporto de Natal com 10 kg de haxixe - Taveira Jr<\/title>\n<meta name=\"robots\" content=\"index, follow, max-snippet:-1, max-image-preview:large, max-video-preview:-1\" \/>\n<link rel=\"canonical\" href=\"https:\/\/deputadotaveirajr.com.br\/index.php\/policia-federal-prende-homem-no-aeroporto-de-natal-com-10-kg-de-haxixe\/\" \/>\n<meta property=\"og:locale\" content=\"pt_BR\" \/>\n<meta property=\"og:type\" content=\"article\" \/>\n<meta property=\"og:title\" content=\"Pol\u00edcia Federal prende homem no Aeroporto de Natal com 10 kg de haxixe - Taveira Jr\" \/>\n<meta property=\"og:description\" content=\"C\u00e3es detectaram droga em pacotes prensados na mala do suspeito que havia embarcado em Manaus. PF prende homem no Aeroporto de Natal com 10 kg de haxixe Cedida Um homem ...\" \/>\n<meta property=\"og:url\" content=\"https:\/\/deputadotaveirajr.com.br\/index.php\/policia-federal-prende-homem-no-aeroporto-de-natal-com-10-kg-de-haxixe\/\" \/>\n<meta property=\"og:site_name\" content=\"Taveira Jr\" \/>\n<meta property=\"og:image\" content=\"https:\/\/deputadotaveirajr.com.br\/wp-content\/uploads\/2024\/05\/drogas-gGpfyS.jpeg\" \/>\n\t<meta property=\"og:image:width\" content=\"669\" \/>\n\t<meta property=\"og:image:height\" content=\"673\" \/>\n\t<meta property=\"og:image:type\" content=\"image\/jpeg\" \/>\n<meta name=\"twitter:card\" content=\"summary_large_image\" \/>\n<meta name=\"twitter:label1\" content=\"Est. tempo de leitura\" \/>\n\t<meta name=\"twitter:data1\" content=\"1 minuto\" \/>\n<script type=\"application\/ld+json\" class=\"yoast-schema-graph\">{\"@context\":\"https:\/\/schema.org\",\"@graph\":[{\"@type\":\"WebPage\",\"@id\":\"https:\/\/deputadotaveirajr.com.br\/index.php\/policia-federal-prende-homem-no-aeroporto-de-natal-com-10-kg-de-haxixe\/\",\"url\":\"https:\/\/deputadotaveirajr.com.br\/index.php\/policia-federal-prende-homem-no-aeroporto-de-natal-com-10-kg-de-haxixe\/\",\"name\":\"Pol\u00edcia Federal prende homem no Aeroporto de Natal com 10 kg de haxixe - Taveira Jr\",\"isPartOf\":{\"@id\":\"https:\/\/deputadotaveirajr.com.br\/#website\"},\"primaryImageOfPage\":{\"@id\":\"https:\/\/deputadotaveirajr.com.br\/index.php\/policia-federal-prende-homem-no-aeroporto-de-natal-com-10-kg-de-haxixe\/#primaryimage\"},\"image\":{\"@id\":\"https:\/\/deputadotaveirajr.com.br\/index.php\/policia-federal-prende-homem-no-aeroporto-de-natal-com-10-kg-de-haxixe\/#primaryimage\"},\"thumbnailUrl\":\"https:\/\/deputadotaveirajr.com.br\/wp-content\/uploads\/2024\/05\/drogas-gGpfyS.jpeg\",\"datePublished\":\"2024-05-12T16:21:08+00:00\",\"breadcrumb\":{\"@id\":\"https:\/\/deputadotaveirajr.com.br\/index.php\/policia-federal-prende-homem-no-aeroporto-de-natal-com-10-kg-de-haxixe\/#breadcrumb\"},\"inLanguage\":\"pt-BR\",\"potentialAction\":[{\"@type\":\"ReadAction\",\"target\":[\"https:\/\/deputadotaveirajr.com.br\/index.php\/policia-federal-prende-homem-no-aeroporto-de-natal-com-10-kg-de-haxixe\/\"]}]},{\"@type\":\"ImageObject\",\"inLanguage\":\"pt-BR\",\"@id\":\"https:\/\/deputadotaveirajr.com.br\/index.php\/policia-federal-prende-homem-no-aeroporto-de-natal-com-10-kg-de-haxixe\/#primaryimage\",\"url\":\"https:\/\/deputadotaveirajr.com.br\/wp-content\/uploads\/2024\/05\/drogas-gGpfyS.jpeg\",\"contentUrl\":\"https:\/\/deputadotaveirajr.com.br\/wp-content\/uploads\/2024\/05\/drogas-gGpfyS.jpeg\",\"width\":669,\"height\":673},{\"@type\":\"BreadcrumbList\",\"@id\":\"https:\/\/deputadotaveirajr.com.br\/index.php\/policia-federal-prende-homem-no-aeroporto-de-natal-com-10-kg-de-haxixe\/#breadcrumb\",\"itemListElement\":[{\"@type\":\"ListItem\",\"position\":1,\"name\":\"In\u00edcio\",\"item\":\"https:\/\/deputadotaveirajr.com.br\/\"},{\"@type\":\"ListItem\",\"position\":2,\"name\":\"Pol\u00edcia Federal prende homem no Aeroporto de Natal com 10 kg de haxixe\"}]},{\"@type\":\"WebSite\",\"@id\":\"https:\/\/deputadotaveirajr.com.br\/#website\",\"url\":\"https:\/\/deputadotaveirajr.com.br\/\",\"name\":\"Taveira Jr\",\"description\":\"Deputado Estadual\",\"publisher\":{\"@id\":\"https:\/\/deputadotaveirajr.com.br\/#organization\"},\"potentialAction\":[{\"@type\":\"SearchAction\",\"target\":{\"@type\":\"EntryPoint\",\"urlTemplate\":\"https:\/\/deputadotaveirajr.com.br\/?s={search_term_string}\"},\"query-input\":{\"@type\":\"PropertyValueSpecification\",\"valueRequired\":true,\"valueName\":\"search_term_string\"}}],\"inLanguage\":\"pt-BR\"},{\"@type\":\"Organization\",\"@id\":\"https:\/\/deputadotaveirajr.com.br\/#organization\",\"name\":\"Taveira Jr\",\"url\":\"https:\/\/deputadotaveirajr.com.br\/\",\"logo\":{\"@type\":\"ImageObject\",\"inLanguage\":\"pt-BR\",\"@id\":\"https:\/\/deputadotaveirajr.com.br\/#\/schema\/logo\/image\/\",\"url\":\"https:\/\/deputadotaveirajr.com.br\/wp-content\/uploads\/2026\/01\/logolow2a.png\",\"contentUrl\":\"https:\/\/deputadotaveirajr.com.br\/wp-content\/uploads\/2026\/01\/logolow2a.png\",\"width\":290,\"height\":80,\"caption\":\"Taveira Jr\"},\"image\":{\"@id\":\"https:\/\/deputadotaveirajr.com.br\/#\/schema\/logo\/image\/\"}}]}<\/script>\n<!-- \/ Yoast SEO plugin. -->","yoast_head_json":{"title":"Pol\u00edcia Federal prende homem no Aeroporto de Natal com 10 kg de haxixe - Taveira Jr","robots":{"index":"index","follow":"follow","max-snippet":"max-snippet:-1","max-image-preview":"max-image-preview:large","max-video-preview":"max-video-preview:-1"},"canonical":"https:\/\/deputadotaveirajr.com.br\/index.php\/policia-federal-prende-homem-no-aeroporto-de-natal-com-10-kg-de-haxixe\/","og_locale":"pt_BR","og_type":"article","og_title":"Pol\u00edcia Federal prende homem no Aeroporto de Natal com 10 kg de haxixe - Taveira Jr","og_description":"C\u00e3es detectaram droga em pacotes prensados na mala do suspeito que havia embarcado em Manaus. PF prende homem no Aeroporto de Natal com 10 kg de haxixe Cedida Um homem ...","og_url":"https:\/\/deputadotaveirajr.com.br\/index.php\/policia-federal-prende-homem-no-aeroporto-de-natal-com-10-kg-de-haxixe\/","og_site_name":"Taveira Jr","og_image":[{"width":669,"height":673,"url":"https:\/\/deputadotaveirajr.com.br\/wp-content\/uploads\/2024\/05\/drogas-gGpfyS.jpeg","type":"image\/jpeg"}],"twitter_card":"summary_large_image","twitter_misc":{"Est. tempo de leitura":"1 minuto"},"schema":{"@context":"https:\/\/schema.org","@graph":[{"@type":"WebPage","@id":"https:\/\/deputadotaveirajr.com.br\/index.php\/policia-federal-prende-homem-no-aeroporto-de-natal-com-10-kg-de-haxixe\/","url":"https:\/\/deputadotaveirajr.com.br\/index.php\/policia-federal-prende-homem-no-aeroporto-de-natal-com-10-kg-de-haxixe\/","name":"Pol\u00edcia Federal prende homem no Aeroporto de Natal com 10 kg de haxixe - Taveira Jr","isPartOf":{"@id":"https:\/\/deputadotaveirajr.com.br\/#website"},"primaryImageOfPage":{"@id":"https:\/\/deputadotaveirajr.com.br\/index.php\/policia-federal-prende-homem-no-aeroporto-de-natal-com-10-kg-de-haxixe\/#primaryimage"},"image":{"@id":"https:\/\/deputadotaveirajr.com.br\/index.php\/policia-federal-prende-homem-no-aeroporto-de-natal-com-10-kg-de-haxixe\/#primaryimage"},"thumbnailUrl":"https:\/\/deputadotaveirajr.com.br\/wp-content\/uploads\/2024\/05\/drogas-gGpfyS.jpeg","datePublished":"2024-05-12T16:21:08+00:00","breadcrumb":{"@id":"https:\/\/deputadotaveirajr.com.br\/index.php\/policia-federal-prende-homem-no-aeroporto-de-natal-com-10-kg-de-haxixe\/#breadcrumb"},"inLanguage":"pt-BR","potentialAction":[{"@type":"ReadAction","target":["https:\/\/deputadotaveirajr.com.br\/index.php\/policia-federal-prende-homem-no-aeroporto-de-natal-com-10-kg-de-haxixe\/"]}]},{"@type":"ImageObject","inLanguage":"pt-BR","@id":"https:\/\/deputadotaveirajr.com.br\/index.php\/policia-federal-prende-homem-no-aeroporto-de-natal-com-10-kg-de-haxixe\/#primaryimage","url":"https:\/\/deputadotaveirajr.com.br\/wp-content\/uploads\/2024\/05\/drogas-gGpfyS.jpeg","contentUrl":"https:\/\/deputadotaveirajr.com.br\/wp-content\/uploads\/2024\/05\/drogas-gGpfyS.jpeg","width":669,"height":673},{"@type":"BreadcrumbList","@id":"https:\/\/deputadotaveirajr.com.br\/index.php\/policia-federal-prende-homem-no-aeroporto-de-natal-com-10-kg-de-haxixe\/#breadcrumb","itemListElement":[{"@type":"ListItem","position":1,"name":"In\u00edcio","item":"https:\/\/deputadotaveirajr.com.br\/"},{"@type":"ListItem","position":2,"name":"Pol\u00edcia Federal prende homem no Aeroporto de Natal com 10 kg de haxixe"}]},{"@type":"WebSite","@id":"https:\/\/deputadotaveirajr.com.br\/#website","url":"https:\/\/deputadotaveirajr.com.br\/","name":"Taveira Jr","description":"Deputado Estadual","publisher":{"@id":"https:\/\/deputadotaveirajr.com.br\/#organization"},"potentialAction":[{"@type":"SearchAction","target":{"@type":"EntryPoint","urlTemplate":"https:\/\/deputadotaveirajr.com.br\/?s={search_term_string}"},"query-input":{"@type":"PropertyValueSpecification","valueRequired":true,"valueName":"search_term_string"}}],"inLanguage":"pt-BR"},{"@type":"Organization","@id":"https:\/\/deputadotaveirajr.com.br\/#organization","name":"Taveira Jr","url":"https:\/\/deputadotaveirajr.com.br\/","logo":{"@type":"ImageObject","inLanguage":"pt-BR","@id":"https:\/\/deputadotaveirajr.com.br\/#\/schema\/logo\/image\/","url":"https:\/\/deputadotaveirajr.com.br\/wp-content\/uploads\/2026\/01\/logolow2a.png","contentUrl":"https:\/\/deputadotaveirajr.com.br\/wp-content\/uploads\/2026\/01\/logolow2a.png","width":290,"height":80,"caption":"Taveira Jr"},"image":{"@id":"https:\/\/deputadotaveirajr.com.br\/#\/schema\/logo\/image\/"}}]}},"_links":{"self":[{"href":"https:\/\/deputadotaveirajr.com.br\/index.php\/wp-json\/wp\/v2\/pages\/6131","targetHints":{"allow":["GET"]}}],"collection":[{"href":"https:\/\/deputadotaveirajr.com.br\/index.php\/wp-json\/wp\/v2\/pages"}],"about":[{"href":"https:\/\/deputadotaveirajr.com.br\/index.php\/wp-json\/wp\/v2\/types\/page"}],"replies":[{"embeddable":true,"href":"https:\/\/deputadotaveirajr.com.br\/index.php\/wp-json\/wp\/v2\/comments?post=6131"}],"version-history":[{"count":1,"href":"https:\/\/deputadotaveirajr.com.br\/index.php\/wp-json\/wp\/v2\/pages\/6131\/revisions"}],"predecessor-version":[{"id":6134,"href":"https:\/\/deputadotaveirajr.com.br\/index.php\/wp-json\/wp\/v2\/pages\/6131\/revisions\/6134"}],"wp:featuredmedia":[{"embeddable":true,"href":"https:\/\/deputadotaveirajr.com.br\/index.php\/wp-json\/wp\/v2\/media\/6132"}],"wp:attachment":[{"href":"https:\/\/deputadotaveirajr.com.br\/index.php\/wp-json\/wp\/v2\/media?parent=6131"}],"curies":[{"name":"wp","href":"https:\/\/api.w.org\/{rel}","templated":true}]}}