{"id":6211,"date":"2024-05-15T17:52:38","date_gmt":"2024-05-15T20:52:38","guid":{"rendered":"https:\/\/deputadotaveirajr.com.br\/?page_id=6211"},"modified":"2024-05-15T17:52:38","modified_gmt":"2024-05-15T20:52:38","slug":"mostra-macambira-de-cinema-tem-inscricoes-abertas-para-filmes-realizados-por-mulheres","status":"publish","type":"page","link":"https:\/\/deputadotaveirajr.com.br\/index.php\/mostra-macambira-de-cinema-tem-inscricoes-abertas-para-filmes-realizados-por-mulheres\/","title":{"rendered":"Mostra Macambira de Cinema tem inscri\u00e7\u00f5es abertas para filmes realizados por mulheres"},"content":{"rendered":"<p>     As inscri\u00e7\u00f5es s\u00e3o gratuitas e os filmes selecionados ser\u00e3o exibidos no Cin\u00e9polis, no Natal Shopping. Ser\u00e3o aceitos para participar da Mostra curtas-metragens de at\u00e9 vinte minutos e longas entre setenta a cem minutos.  Mostra Macambira de Cinema abre inscri\u00e7\u00f5es para filmes realizados por mulheres<br \/>\nPixabay<br \/>\nAs inscri\u00e7\u00f5es para a Mostra Macambira de Cinema seguem abertas at\u00e9 o dia 21 de maio. O diferencial dessa mostra \u00e9 que ela \u00e9 produzida por mulheres e os filmes selecionados s\u00e3o produzidos por realizadoras (cis, trans, travestis) e outras identidades g\u00eanero dissidentes.<br \/>\nEsta \u00e9 a terceira edi\u00e7\u00e3o do evento e os filmes selecionados ser\u00e3o exibidos no Cin\u00e9polis, localizado no Natal Shopping, nos dias 20 e 21 de agosto.<br \/>\nAs inscri\u00e7\u00f5es devem ser feitas pela internet. Confira AQUI o regulamento completo. Ser\u00e3o aceitos para participar da Mostra curtas-metragens de at\u00e9 vinte minutos e longas entre setenta a cem minutos.<br \/>\nNesta edi\u00e7\u00e3o ser\u00e3o exibidas tr\u00eas mostras: Potiguar, Nacional e Mostra com Acessibilidade. A tem\u00e1tica de 2024 \u00e9 \u201cdireito ao sonho\u201d, que possui o intuito de contemplar as subjetividades autorais da dire\u00e7\u00e3o dos filmes.<br \/>\nDe acordo com Rosy Nascimento, respons\u00e1vel pela coordena\u00e7\u00e3o e curadoria da Macambira, \u00e9 necess\u00e1rio ampliar a exibi\u00e7\u00e3o de filmes produzidos no RN. \u201cQueremos que o p\u00fablico potiguar conhe\u00e7a as produ\u00e7\u00f5es que s\u00e3o feitas no Rio Grande do Norte e no Brasil, a partir da \u00f3tica de pessoas que foram historicamente afastadas do campo do cinema\u201d, enfatiza.<br \/>\nServi\u00e7o<br \/>\nMacambira &#8211; Mostra de Cinema de Mulheridades e Dissidentes de G\u00eanero Inscri\u00e7\u00f5es<br \/>\nInscri\u00e7\u00f5es: at\u00e9 21 de maio de 2024<br \/>\nClique aqui para fazer a inscri\u00e7\u00e3o<br \/>\nMostra Macambira segue com inscri\u00e7\u00f5es abertas at\u00e9 21 de maio<br \/>\nDivulga\u00e7\u00e3o<\/p>","protected":false},"excerpt":{"rendered":"<p>As inscri\u00e7\u00f5es s\u00e3o gratuitas e os filmes selecionados ser\u00e3o exibidos no Cin\u00e9polis, no Natal Shopping. Ser\u00e3o aceitos para participar da Mostra curtas-metragens de at\u00e9 vinte minutos e longas entre setenta &#8230;<\/p>\n","protected":false},"author":0,"featured_media":6212,"parent":0,"menu_order":0,"comment_status":"closed","ping_status":"closed","template":"","meta":{"footnotes":""},"class_list":["post-6211","page","type-page","status-publish","has-post-thumbnail","hentry"],"yoast_head":"<!-- This site is optimized with the Yoast SEO plugin v27.1.1 - https:\/\/yoast.com\/product\/yoast-seo-wordpress\/ -->\n<title>Mostra Macambira de Cinema tem inscri\u00e7\u00f5es abertas para filmes realizados por mulheres - Taveira Jr<\/title>\n<meta name=\"robots\" content=\"index, follow, max-snippet:-1, max-image-preview:large, max-video-preview:-1\" \/>\n<link rel=\"canonical\" href=\"https:\/\/deputadotaveirajr.com.br\/index.php\/mostra-macambira-de-cinema-tem-inscricoes-abertas-para-filmes-realizados-por-mulheres\/\" \/>\n<meta property=\"og:locale\" content=\"pt_BR\" \/>\n<meta property=\"og:type\" content=\"article\" \/>\n<meta property=\"og:title\" content=\"Mostra Macambira de Cinema tem inscri\u00e7\u00f5es abertas para filmes realizados por mulheres - Taveira Jr\" \/>\n<meta property=\"og:description\" content=\"As inscri\u00e7\u00f5es s\u00e3o gratuitas e os filmes selecionados ser\u00e3o exibidos no Cin\u00e9polis, no Natal Shopping. Ser\u00e3o aceitos para participar da Mostra curtas-metragens de at\u00e9 vinte minutos e longas entre setenta ...\" \/>\n<meta property=\"og:url\" content=\"https:\/\/deputadotaveirajr.com.br\/index.php\/mostra-macambira-de-cinema-tem-inscricoes-abertas-para-filmes-realizados-por-mulheres\/\" \/>\n<meta property=\"og:site_name\" content=\"Taveira Jr\" \/>\n<meta property=\"og:image\" content=\"https:\/\/deputadotaveirajr.com.br\/wp-content\/uploads\/2024\/05\/camera-de-cinema-GGCWTU.jpeg\" \/>\n\t<meta property=\"og:image:width\" content=\"1280\" \/>\n\t<meta property=\"og:image:height\" content=\"901\" \/>\n\t<meta property=\"og:image:type\" content=\"image\/jpeg\" \/>\n<meta name=\"twitter:card\" content=\"summary_large_image\" \/>\n<meta name=\"twitter:label1\" content=\"Est. tempo de leitura\" \/>\n\t<meta name=\"twitter:data1\" content=\"1 minuto\" \/>\n<script type=\"application\/ld+json\" class=\"yoast-schema-graph\">{\"@context\":\"https:\/\/schema.org\",\"@graph\":[{\"@type\":\"WebPage\",\"@id\":\"https:\/\/deputadotaveirajr.com.br\/index.php\/mostra-macambira-de-cinema-tem-inscricoes-abertas-para-filmes-realizados-por-mulheres\/\",\"url\":\"https:\/\/deputadotaveirajr.com.br\/index.php\/mostra-macambira-de-cinema-tem-inscricoes-abertas-para-filmes-realizados-por-mulheres\/\",\"name\":\"Mostra Macambira de Cinema tem inscri\u00e7\u00f5es abertas para filmes realizados por mulheres - Taveira Jr\",\"isPartOf\":{\"@id\":\"https:\/\/deputadotaveirajr.com.br\/#website\"},\"primaryImageOfPage\":{\"@id\":\"https:\/\/deputadotaveirajr.com.br\/index.php\/mostra-macambira-de-cinema-tem-inscricoes-abertas-para-filmes-realizados-por-mulheres\/#primaryimage\"},\"image\":{\"@id\":\"https:\/\/deputadotaveirajr.com.br\/index.php\/mostra-macambira-de-cinema-tem-inscricoes-abertas-para-filmes-realizados-por-mulheres\/#primaryimage\"},\"thumbnailUrl\":\"https:\/\/deputadotaveirajr.com.br\/wp-content\/uploads\/2024\/05\/camera-de-cinema-GGCWTU.jpeg\",\"datePublished\":\"2024-05-15T20:52:38+00:00\",\"breadcrumb\":{\"@id\":\"https:\/\/deputadotaveirajr.com.br\/index.php\/mostra-macambira-de-cinema-tem-inscricoes-abertas-para-filmes-realizados-por-mulheres\/#breadcrumb\"},\"inLanguage\":\"pt-BR\",\"potentialAction\":[{\"@type\":\"ReadAction\",\"target\":[\"https:\/\/deputadotaveirajr.com.br\/index.php\/mostra-macambira-de-cinema-tem-inscricoes-abertas-para-filmes-realizados-por-mulheres\/\"]}]},{\"@type\":\"ImageObject\",\"inLanguage\":\"pt-BR\",\"@id\":\"https:\/\/deputadotaveirajr.com.br\/index.php\/mostra-macambira-de-cinema-tem-inscricoes-abertas-para-filmes-realizados-por-mulheres\/#primaryimage\",\"url\":\"https:\/\/deputadotaveirajr.com.br\/wp-content\/uploads\/2024\/05\/camera-de-cinema-GGCWTU.jpeg\",\"contentUrl\":\"https:\/\/deputadotaveirajr.com.br\/wp-content\/uploads\/2024\/05\/camera-de-cinema-GGCWTU.jpeg\",\"width\":1280,\"height\":901},{\"@type\":\"BreadcrumbList\",\"@id\":\"https:\/\/deputadotaveirajr.com.br\/index.php\/mostra-macambira-de-cinema-tem-inscricoes-abertas-para-filmes-realizados-por-mulheres\/#breadcrumb\",\"itemListElement\":[{\"@type\":\"ListItem\",\"position\":1,\"name\":\"In\u00edcio\",\"item\":\"https:\/\/deputadotaveirajr.com.br\/\"},{\"@type\":\"ListItem\",\"position\":2,\"name\":\"Mostra Macambira de Cinema tem inscri\u00e7\u00f5es abertas para filmes realizados por mulheres\"}]},{\"@type\":\"WebSite\",\"@id\":\"https:\/\/deputadotaveirajr.com.br\/#website\",\"url\":\"https:\/\/deputadotaveirajr.com.br\/\",\"name\":\"Taveira Jr\",\"description\":\"Deputado Estadual\",\"publisher\":{\"@id\":\"https:\/\/deputadotaveirajr.com.br\/#organization\"},\"potentialAction\":[{\"@type\":\"SearchAction\",\"target\":{\"@type\":\"EntryPoint\",\"urlTemplate\":\"https:\/\/deputadotaveirajr.com.br\/?s={search_term_string}\"},\"query-input\":{\"@type\":\"PropertyValueSpecification\",\"valueRequired\":true,\"valueName\":\"search_term_string\"}}],\"inLanguage\":\"pt-BR\"},{\"@type\":\"Organization\",\"@id\":\"https:\/\/deputadotaveirajr.com.br\/#organization\",\"name\":\"Taveira Jr\",\"url\":\"https:\/\/deputadotaveirajr.com.br\/\",\"logo\":{\"@type\":\"ImageObject\",\"inLanguage\":\"pt-BR\",\"@id\":\"https:\/\/deputadotaveirajr.com.br\/#\/schema\/logo\/image\/\",\"url\":\"https:\/\/deputadotaveirajr.com.br\/wp-content\/uploads\/2026\/01\/logolow2a.png\",\"contentUrl\":\"https:\/\/deputadotaveirajr.com.br\/wp-content\/uploads\/2026\/01\/logolow2a.png\",\"width\":290,\"height\":80,\"caption\":\"Taveira Jr\"},\"image\":{\"@id\":\"https:\/\/deputadotaveirajr.com.br\/#\/schema\/logo\/image\/\"}}]}<\/script>\n<!-- \/ Yoast SEO plugin. -->","yoast_head_json":{"title":"Mostra Macambira de Cinema tem inscri\u00e7\u00f5es abertas para filmes realizados por mulheres - Taveira Jr","robots":{"index":"index","follow":"follow","max-snippet":"max-snippet:-1","max-image-preview":"max-image-preview:large","max-video-preview":"max-video-preview:-1"},"canonical":"https:\/\/deputadotaveirajr.com.br\/index.php\/mostra-macambira-de-cinema-tem-inscricoes-abertas-para-filmes-realizados-por-mulheres\/","og_locale":"pt_BR","og_type":"article","og_title":"Mostra Macambira de Cinema tem inscri\u00e7\u00f5es abertas para filmes realizados por mulheres - Taveira Jr","og_description":"As inscri\u00e7\u00f5es s\u00e3o gratuitas e os filmes selecionados ser\u00e3o exibidos no Cin\u00e9polis, no Natal Shopping. Ser\u00e3o aceitos para participar da Mostra curtas-metragens de at\u00e9 vinte minutos e longas entre setenta ...","og_url":"https:\/\/deputadotaveirajr.com.br\/index.php\/mostra-macambira-de-cinema-tem-inscricoes-abertas-para-filmes-realizados-por-mulheres\/","og_site_name":"Taveira Jr","og_image":[{"width":1280,"height":901,"url":"https:\/\/deputadotaveirajr.com.br\/wp-content\/uploads\/2024\/05\/camera-de-cinema-GGCWTU.jpeg","type":"image\/jpeg"}],"twitter_card":"summary_large_image","twitter_misc":{"Est. tempo de leitura":"1 minuto"},"schema":{"@context":"https:\/\/schema.org","@graph":[{"@type":"WebPage","@id":"https:\/\/deputadotaveirajr.com.br\/index.php\/mostra-macambira-de-cinema-tem-inscricoes-abertas-para-filmes-realizados-por-mulheres\/","url":"https:\/\/deputadotaveirajr.com.br\/index.php\/mostra-macambira-de-cinema-tem-inscricoes-abertas-para-filmes-realizados-por-mulheres\/","name":"Mostra Macambira de Cinema tem inscri\u00e7\u00f5es abertas para filmes realizados por mulheres - Taveira Jr","isPartOf":{"@id":"https:\/\/deputadotaveirajr.com.br\/#website"},"primaryImageOfPage":{"@id":"https:\/\/deputadotaveirajr.com.br\/index.php\/mostra-macambira-de-cinema-tem-inscricoes-abertas-para-filmes-realizados-por-mulheres\/#primaryimage"},"image":{"@id":"https:\/\/deputadotaveirajr.com.br\/index.php\/mostra-macambira-de-cinema-tem-inscricoes-abertas-para-filmes-realizados-por-mulheres\/#primaryimage"},"thumbnailUrl":"https:\/\/deputadotaveirajr.com.br\/wp-content\/uploads\/2024\/05\/camera-de-cinema-GGCWTU.jpeg","datePublished":"2024-05-15T20:52:38+00:00","breadcrumb":{"@id":"https:\/\/deputadotaveirajr.com.br\/index.php\/mostra-macambira-de-cinema-tem-inscricoes-abertas-para-filmes-realizados-por-mulheres\/#breadcrumb"},"inLanguage":"pt-BR","potentialAction":[{"@type":"ReadAction","target":["https:\/\/deputadotaveirajr.com.br\/index.php\/mostra-macambira-de-cinema-tem-inscricoes-abertas-para-filmes-realizados-por-mulheres\/"]}]},{"@type":"ImageObject","inLanguage":"pt-BR","@id":"https:\/\/deputadotaveirajr.com.br\/index.php\/mostra-macambira-de-cinema-tem-inscricoes-abertas-para-filmes-realizados-por-mulheres\/#primaryimage","url":"https:\/\/deputadotaveirajr.com.br\/wp-content\/uploads\/2024\/05\/camera-de-cinema-GGCWTU.jpeg","contentUrl":"https:\/\/deputadotaveirajr.com.br\/wp-content\/uploads\/2024\/05\/camera-de-cinema-GGCWTU.jpeg","width":1280,"height":901},{"@type":"BreadcrumbList","@id":"https:\/\/deputadotaveirajr.com.br\/index.php\/mostra-macambira-de-cinema-tem-inscricoes-abertas-para-filmes-realizados-por-mulheres\/#breadcrumb","itemListElement":[{"@type":"ListItem","position":1,"name":"In\u00edcio","item":"https:\/\/deputadotaveirajr.com.br\/"},{"@type":"ListItem","position":2,"name":"Mostra Macambira de Cinema tem inscri\u00e7\u00f5es abertas para filmes realizados por mulheres"}]},{"@type":"WebSite","@id":"https:\/\/deputadotaveirajr.com.br\/#website","url":"https:\/\/deputadotaveirajr.com.br\/","name":"Taveira Jr","description":"Deputado Estadual","publisher":{"@id":"https:\/\/deputadotaveirajr.com.br\/#organization"},"potentialAction":[{"@type":"SearchAction","target":{"@type":"EntryPoint","urlTemplate":"https:\/\/deputadotaveirajr.com.br\/?s={search_term_string}"},"query-input":{"@type":"PropertyValueSpecification","valueRequired":true,"valueName":"search_term_string"}}],"inLanguage":"pt-BR"},{"@type":"Organization","@id":"https:\/\/deputadotaveirajr.com.br\/#organization","name":"Taveira Jr","url":"https:\/\/deputadotaveirajr.com.br\/","logo":{"@type":"ImageObject","inLanguage":"pt-BR","@id":"https:\/\/deputadotaveirajr.com.br\/#\/schema\/logo\/image\/","url":"https:\/\/deputadotaveirajr.com.br\/wp-content\/uploads\/2026\/01\/logolow2a.png","contentUrl":"https:\/\/deputadotaveirajr.com.br\/wp-content\/uploads\/2026\/01\/logolow2a.png","width":290,"height":80,"caption":"Taveira Jr"},"image":{"@id":"https:\/\/deputadotaveirajr.com.br\/#\/schema\/logo\/image\/"}}]}},"_links":{"self":[{"href":"https:\/\/deputadotaveirajr.com.br\/index.php\/wp-json\/wp\/v2\/pages\/6211","targetHints":{"allow":["GET"]}}],"collection":[{"href":"https:\/\/deputadotaveirajr.com.br\/index.php\/wp-json\/wp\/v2\/pages"}],"about":[{"href":"https:\/\/deputadotaveirajr.com.br\/index.php\/wp-json\/wp\/v2\/types\/page"}],"replies":[{"embeddable":true,"href":"https:\/\/deputadotaveirajr.com.br\/index.php\/wp-json\/wp\/v2\/comments?post=6211"}],"version-history":[{"count":1,"href":"https:\/\/deputadotaveirajr.com.br\/index.php\/wp-json\/wp\/v2\/pages\/6211\/revisions"}],"predecessor-version":[{"id":6220,"href":"https:\/\/deputadotaveirajr.com.br\/index.php\/wp-json\/wp\/v2\/pages\/6211\/revisions\/6220"}],"wp:featuredmedia":[{"embeddable":true,"href":"https:\/\/deputadotaveirajr.com.br\/index.php\/wp-json\/wp\/v2\/media\/6212"}],"wp:attachment":[{"href":"https:\/\/deputadotaveirajr.com.br\/index.php\/wp-json\/wp\/v2\/media?parent=6211"}],"curies":[{"name":"wp","href":"https:\/\/api.w.org\/{rel}","templated":true}]}}