{"id":6252,"date":"2024-05-16T22:06:48","date_gmt":"2024-05-17T01:06:48","guid":{"rendered":"https:\/\/deputadotaveirajr.com.br\/?page_id=6252"},"modified":"2024-05-16T22:06:48","modified_gmt":"2024-05-17T01:06:48","slug":"video-mostra-adolescentes-correndo-em-cima-de-cobertura-de-passarela-na-grande-natal","status":"publish","type":"page","link":"https:\/\/deputadotaveirajr.com.br\/index.php\/video-mostra-adolescentes-correndo-em-cima-de-cobertura-de-passarela-na-grande-natal\/","title":{"rendered":"V\u00eddeo mostra adolescentes correndo em cima de cobertura de passarela na Grande Natal"},"content":{"rendered":"<p>     Fato foi flagrado na tarde desta quinta (16) por comerciantes que trabalham nas margens da pista e que disseram que essa n\u00e3o foi a primeira vez que os jovens fizeram a a\u00e7\u00e3o. V\u00eddeo mostra adolescentes correndo em cima de cobertura de passarela na Grande Natal<br \/>\nAdolescentes foram flagrados na tarde desta quinta-feira (16) em cima da cobertura de uma passarela na BR-101 no munic\u00edpio de Parnamirim, na Grande Natal. Comerciantes da regi\u00e3o gravaram o momento em que os jovens passaram andando e at\u00e9 correndo no trecho (veja v\u00eddeo).<br \/>\nOs comerciantes que conversaram com a Inter TV Cabugi explicaram que essa n\u00e3o foi a primeira vez que os adolescentes se colocaram em risco na passarela, que tem cerca de 5,5 metros de altura da base at\u00e9 a pista &#8211; a cobertura \u00e9 ainda mais alta.<br \/>\n\ud83d\udcf3Participe do canal do g1 RN no WhatsApp<br \/>\nAdolescentes correndo em cima de passarela na Grande Natal<br \/>\nReprodu\u00e7\u00e3o<br \/>\nUm dos comerciantes comentou que os adolescentes j\u00e1 fizeram esse movimento no mesmo hor\u00e1rio em outras oportunidades. O comerciante acredita que isso possa ter ocorrido logo ap\u00f3s os jovens deixarem a escola.<br \/>\nPara conseguirem ter acesso ao topo da passarela, os adolescentes escalaram uma grade na entrada da estrutura, segundo os comerciantes.<br \/>\nLEIA TAMB\u00c9M<br \/>\nINFRA\u00c7\u00d5ES: Dupla \u00e9 flagrada fazendo manobras com quadriciclo na BR-101<br \/>\nAs testemunhas disseram que, quando perceberam que os adolescentes subiriam novamente na cobertura nesta quinta, pediram para eles n\u00e3o repetirem a a\u00e7\u00e3o e avisaram at\u00e9 que chamariam a pol\u00edcia.<br \/>\nUma adolescente, no entanto, disse que era anivers\u00e1rio dela e que n\u00e3o sairia porque estava comemorando.<br \/>\nA Inter TV Cabugi procurou a Pol\u00edcia Rodovi\u00e1ria Federal (PRF) para falar sobres os riscos dessa a\u00e7\u00e3o, mas n\u00e3o recebeu respostas at\u00e9 a atualiza\u00e7\u00e3o mais recente desta mat\u00e9ria.<br \/>\nPassarela tem 5,5 metros da base at\u00e9 a pista<br \/>\nFrancielly Medeiros\/Inter TV Cabugi<br \/>\nV\u00eddeos mais assistidos do g1 RN<\/p>","protected":false},"excerpt":{"rendered":"<p>Fato foi flagrado na tarde desta quinta (16) por comerciantes que trabalham nas margens da pista e que disseram que essa n\u00e3o foi a primeira vez que os jovens fizeram &#8230;<\/p>\n","protected":false},"author":0,"featured_media":6253,"parent":0,"menu_order":0,"comment_status":"closed","ping_status":"closed","template":"","meta":{"footnotes":""},"class_list":["post-6252","page","type-page","status-publish","has-post-thumbnail","hentry"],"yoast_head":"<!-- This site is optimized with the Yoast SEO plugin v27.1.1 - https:\/\/yoast.com\/product\/yoast-seo-wordpress\/ -->\n<title>V\u00eddeo mostra adolescentes correndo em cima de cobertura de passarela na Grande Natal - Taveira Jr<\/title>\n<meta name=\"robots\" content=\"index, follow, max-snippet:-1, max-image-preview:large, max-video-preview:-1\" \/>\n<link rel=\"canonical\" href=\"https:\/\/deputadotaveirajr.com.br\/index.php\/video-mostra-adolescentes-correndo-em-cima-de-cobertura-de-passarela-na-grande-natal\/\" \/>\n<meta property=\"og:locale\" content=\"pt_BR\" \/>\n<meta property=\"og:type\" content=\"article\" \/>\n<meta property=\"og:title\" content=\"V\u00eddeo mostra adolescentes correndo em cima de cobertura de passarela na Grande Natal - Taveira Jr\" \/>\n<meta property=\"og:description\" content=\"Fato foi flagrado na tarde desta quinta (16) por comerciantes que trabalham nas margens da pista e que disseram que essa n\u00e3o foi a primeira vez que os jovens fizeram ...\" \/>\n<meta property=\"og:url\" content=\"https:\/\/deputadotaveirajr.com.br\/index.php\/video-mostra-adolescentes-correndo-em-cima-de-cobertura-de-passarela-na-grande-natal\/\" \/>\n<meta property=\"og:site_name\" content=\"Taveira Jr\" \/>\n<meta property=\"og:image\" content=\"https:\/\/deputadotaveirajr.com.br\/wp-content\/uploads\/2024\/05\/captura-de-tela-2024-05-16-181709-8kghsX.jpeg\" \/>\n\t<meta property=\"og:image:width\" content=\"567\" \/>\n\t<meta property=\"og:image:height\" content=\"673\" \/>\n\t<meta property=\"og:image:type\" content=\"image\/jpeg\" \/>\n<meta name=\"twitter:card\" content=\"summary_large_image\" \/>\n<meta name=\"twitter:label1\" content=\"Est. tempo de leitura\" \/>\n\t<meta name=\"twitter:data1\" content=\"2 minutos\" \/>\n<script type=\"application\/ld+json\" class=\"yoast-schema-graph\">{\"@context\":\"https:\/\/schema.org\",\"@graph\":[{\"@type\":\"WebPage\",\"@id\":\"https:\/\/deputadotaveirajr.com.br\/index.php\/video-mostra-adolescentes-correndo-em-cima-de-cobertura-de-passarela-na-grande-natal\/\",\"url\":\"https:\/\/deputadotaveirajr.com.br\/index.php\/video-mostra-adolescentes-correndo-em-cima-de-cobertura-de-passarela-na-grande-natal\/\",\"name\":\"V\u00eddeo mostra adolescentes correndo em cima de cobertura de passarela na Grande Natal - Taveira Jr\",\"isPartOf\":{\"@id\":\"https:\/\/deputadotaveirajr.com.br\/#website\"},\"primaryImageOfPage\":{\"@id\":\"https:\/\/deputadotaveirajr.com.br\/index.php\/video-mostra-adolescentes-correndo-em-cima-de-cobertura-de-passarela-na-grande-natal\/#primaryimage\"},\"image\":{\"@id\":\"https:\/\/deputadotaveirajr.com.br\/index.php\/video-mostra-adolescentes-correndo-em-cima-de-cobertura-de-passarela-na-grande-natal\/#primaryimage\"},\"thumbnailUrl\":\"https:\/\/deputadotaveirajr.com.br\/wp-content\/uploads\/2024\/05\/captura-de-tela-2024-05-16-181709-8kghsX.jpeg\",\"datePublished\":\"2024-05-17T01:06:48+00:00\",\"breadcrumb\":{\"@id\":\"https:\/\/deputadotaveirajr.com.br\/index.php\/video-mostra-adolescentes-correndo-em-cima-de-cobertura-de-passarela-na-grande-natal\/#breadcrumb\"},\"inLanguage\":\"pt-BR\",\"potentialAction\":[{\"@type\":\"ReadAction\",\"target\":[\"https:\/\/deputadotaveirajr.com.br\/index.php\/video-mostra-adolescentes-correndo-em-cima-de-cobertura-de-passarela-na-grande-natal\/\"]}]},{\"@type\":\"ImageObject\",\"inLanguage\":\"pt-BR\",\"@id\":\"https:\/\/deputadotaveirajr.com.br\/index.php\/video-mostra-adolescentes-correndo-em-cima-de-cobertura-de-passarela-na-grande-natal\/#primaryimage\",\"url\":\"https:\/\/deputadotaveirajr.com.br\/wp-content\/uploads\/2024\/05\/captura-de-tela-2024-05-16-181709-8kghsX.jpeg\",\"contentUrl\":\"https:\/\/deputadotaveirajr.com.br\/wp-content\/uploads\/2024\/05\/captura-de-tela-2024-05-16-181709-8kghsX.jpeg\",\"width\":567,\"height\":673},{\"@type\":\"BreadcrumbList\",\"@id\":\"https:\/\/deputadotaveirajr.com.br\/index.php\/video-mostra-adolescentes-correndo-em-cima-de-cobertura-de-passarela-na-grande-natal\/#breadcrumb\",\"itemListElement\":[{\"@type\":\"ListItem\",\"position\":1,\"name\":\"In\u00edcio\",\"item\":\"https:\/\/deputadotaveirajr.com.br\/\"},{\"@type\":\"ListItem\",\"position\":2,\"name\":\"V\u00eddeo mostra adolescentes correndo em cima de cobertura de passarela na Grande Natal\"}]},{\"@type\":\"WebSite\",\"@id\":\"https:\/\/deputadotaveirajr.com.br\/#website\",\"url\":\"https:\/\/deputadotaveirajr.com.br\/\",\"name\":\"Taveira Jr\",\"description\":\"Deputado Estadual\",\"publisher\":{\"@id\":\"https:\/\/deputadotaveirajr.com.br\/#organization\"},\"potentialAction\":[{\"@type\":\"SearchAction\",\"target\":{\"@type\":\"EntryPoint\",\"urlTemplate\":\"https:\/\/deputadotaveirajr.com.br\/?s={search_term_string}\"},\"query-input\":{\"@type\":\"PropertyValueSpecification\",\"valueRequired\":true,\"valueName\":\"search_term_string\"}}],\"inLanguage\":\"pt-BR\"},{\"@type\":\"Organization\",\"@id\":\"https:\/\/deputadotaveirajr.com.br\/#organization\",\"name\":\"Taveira Jr\",\"url\":\"https:\/\/deputadotaveirajr.com.br\/\",\"logo\":{\"@type\":\"ImageObject\",\"inLanguage\":\"pt-BR\",\"@id\":\"https:\/\/deputadotaveirajr.com.br\/#\/schema\/logo\/image\/\",\"url\":\"https:\/\/deputadotaveirajr.com.br\/wp-content\/uploads\/2026\/01\/logolow2a.png\",\"contentUrl\":\"https:\/\/deputadotaveirajr.com.br\/wp-content\/uploads\/2026\/01\/logolow2a.png\",\"width\":290,\"height\":80,\"caption\":\"Taveira Jr\"},\"image\":{\"@id\":\"https:\/\/deputadotaveirajr.com.br\/#\/schema\/logo\/image\/\"}}]}<\/script>\n<!-- \/ Yoast SEO plugin. -->","yoast_head_json":{"title":"V\u00eddeo mostra adolescentes correndo em cima de cobertura de passarela na Grande Natal - Taveira Jr","robots":{"index":"index","follow":"follow","max-snippet":"max-snippet:-1","max-image-preview":"max-image-preview:large","max-video-preview":"max-video-preview:-1"},"canonical":"https:\/\/deputadotaveirajr.com.br\/index.php\/video-mostra-adolescentes-correndo-em-cima-de-cobertura-de-passarela-na-grande-natal\/","og_locale":"pt_BR","og_type":"article","og_title":"V\u00eddeo mostra adolescentes correndo em cima de cobertura de passarela na Grande Natal - Taveira Jr","og_description":"Fato foi flagrado na tarde desta quinta (16) por comerciantes que trabalham nas margens da pista e que disseram que essa n\u00e3o foi a primeira vez que os jovens fizeram ...","og_url":"https:\/\/deputadotaveirajr.com.br\/index.php\/video-mostra-adolescentes-correndo-em-cima-de-cobertura-de-passarela-na-grande-natal\/","og_site_name":"Taveira Jr","og_image":[{"width":567,"height":673,"url":"https:\/\/deputadotaveirajr.com.br\/wp-content\/uploads\/2024\/05\/captura-de-tela-2024-05-16-181709-8kghsX.jpeg","type":"image\/jpeg"}],"twitter_card":"summary_large_image","twitter_misc":{"Est. tempo de leitura":"2 minutos"},"schema":{"@context":"https:\/\/schema.org","@graph":[{"@type":"WebPage","@id":"https:\/\/deputadotaveirajr.com.br\/index.php\/video-mostra-adolescentes-correndo-em-cima-de-cobertura-de-passarela-na-grande-natal\/","url":"https:\/\/deputadotaveirajr.com.br\/index.php\/video-mostra-adolescentes-correndo-em-cima-de-cobertura-de-passarela-na-grande-natal\/","name":"V\u00eddeo mostra adolescentes correndo em cima de cobertura de passarela na Grande Natal - Taveira Jr","isPartOf":{"@id":"https:\/\/deputadotaveirajr.com.br\/#website"},"primaryImageOfPage":{"@id":"https:\/\/deputadotaveirajr.com.br\/index.php\/video-mostra-adolescentes-correndo-em-cima-de-cobertura-de-passarela-na-grande-natal\/#primaryimage"},"image":{"@id":"https:\/\/deputadotaveirajr.com.br\/index.php\/video-mostra-adolescentes-correndo-em-cima-de-cobertura-de-passarela-na-grande-natal\/#primaryimage"},"thumbnailUrl":"https:\/\/deputadotaveirajr.com.br\/wp-content\/uploads\/2024\/05\/captura-de-tela-2024-05-16-181709-8kghsX.jpeg","datePublished":"2024-05-17T01:06:48+00:00","breadcrumb":{"@id":"https:\/\/deputadotaveirajr.com.br\/index.php\/video-mostra-adolescentes-correndo-em-cima-de-cobertura-de-passarela-na-grande-natal\/#breadcrumb"},"inLanguage":"pt-BR","potentialAction":[{"@type":"ReadAction","target":["https:\/\/deputadotaveirajr.com.br\/index.php\/video-mostra-adolescentes-correndo-em-cima-de-cobertura-de-passarela-na-grande-natal\/"]}]},{"@type":"ImageObject","inLanguage":"pt-BR","@id":"https:\/\/deputadotaveirajr.com.br\/index.php\/video-mostra-adolescentes-correndo-em-cima-de-cobertura-de-passarela-na-grande-natal\/#primaryimage","url":"https:\/\/deputadotaveirajr.com.br\/wp-content\/uploads\/2024\/05\/captura-de-tela-2024-05-16-181709-8kghsX.jpeg","contentUrl":"https:\/\/deputadotaveirajr.com.br\/wp-content\/uploads\/2024\/05\/captura-de-tela-2024-05-16-181709-8kghsX.jpeg","width":567,"height":673},{"@type":"BreadcrumbList","@id":"https:\/\/deputadotaveirajr.com.br\/index.php\/video-mostra-adolescentes-correndo-em-cima-de-cobertura-de-passarela-na-grande-natal\/#breadcrumb","itemListElement":[{"@type":"ListItem","position":1,"name":"In\u00edcio","item":"https:\/\/deputadotaveirajr.com.br\/"},{"@type":"ListItem","position":2,"name":"V\u00eddeo mostra adolescentes correndo em cima de cobertura de passarela na Grande Natal"}]},{"@type":"WebSite","@id":"https:\/\/deputadotaveirajr.com.br\/#website","url":"https:\/\/deputadotaveirajr.com.br\/","name":"Taveira Jr","description":"Deputado Estadual","publisher":{"@id":"https:\/\/deputadotaveirajr.com.br\/#organization"},"potentialAction":[{"@type":"SearchAction","target":{"@type":"EntryPoint","urlTemplate":"https:\/\/deputadotaveirajr.com.br\/?s={search_term_string}"},"query-input":{"@type":"PropertyValueSpecification","valueRequired":true,"valueName":"search_term_string"}}],"inLanguage":"pt-BR"},{"@type":"Organization","@id":"https:\/\/deputadotaveirajr.com.br\/#organization","name":"Taveira Jr","url":"https:\/\/deputadotaveirajr.com.br\/","logo":{"@type":"ImageObject","inLanguage":"pt-BR","@id":"https:\/\/deputadotaveirajr.com.br\/#\/schema\/logo\/image\/","url":"https:\/\/deputadotaveirajr.com.br\/wp-content\/uploads\/2026\/01\/logolow2a.png","contentUrl":"https:\/\/deputadotaveirajr.com.br\/wp-content\/uploads\/2026\/01\/logolow2a.png","width":290,"height":80,"caption":"Taveira Jr"},"image":{"@id":"https:\/\/deputadotaveirajr.com.br\/#\/schema\/logo\/image\/"}}]}},"_links":{"self":[{"href":"https:\/\/deputadotaveirajr.com.br\/index.php\/wp-json\/wp\/v2\/pages\/6252","targetHints":{"allow":["GET"]}}],"collection":[{"href":"https:\/\/deputadotaveirajr.com.br\/index.php\/wp-json\/wp\/v2\/pages"}],"about":[{"href":"https:\/\/deputadotaveirajr.com.br\/index.php\/wp-json\/wp\/v2\/types\/page"}],"replies":[{"embeddable":true,"href":"https:\/\/deputadotaveirajr.com.br\/index.php\/wp-json\/wp\/v2\/comments?post=6252"}],"version-history":[{"count":1,"href":"https:\/\/deputadotaveirajr.com.br\/index.php\/wp-json\/wp\/v2\/pages\/6252\/revisions"}],"predecessor-version":[{"id":6254,"href":"https:\/\/deputadotaveirajr.com.br\/index.php\/wp-json\/wp\/v2\/pages\/6252\/revisions\/6254"}],"wp:featuredmedia":[{"embeddable":true,"href":"https:\/\/deputadotaveirajr.com.br\/index.php\/wp-json\/wp\/v2\/media\/6253"}],"wp:attachment":[{"href":"https:\/\/deputadotaveirajr.com.br\/index.php\/wp-json\/wp\/v2\/media?parent=6252"}],"curies":[{"name":"wp","href":"https:\/\/api.w.org\/{rel}","templated":true}]}}