{"id":6265,"date":"2024-05-17T14:20:47","date_gmt":"2024-05-17T17:20:47","guid":{"rendered":"https:\/\/deputadotaveirajr.com.br\/?page_id=6265"},"modified":"2024-05-17T14:20:47","modified_gmt":"2024-05-17T17:20:47","slug":"pelo-menos-tres-lagoas-de-captacao-transbordam-em-natal-apos-chuvas","status":"publish","type":"page","link":"https:\/\/deputadotaveirajr.com.br\/index.php\/pelo-menos-tres-lagoas-de-captacao-transbordam-em-natal-apos-chuvas\/","title":{"rendered":"Pelo menos tr\u00eas lagoas de capta\u00e7\u00e3o transbordam em Natal ap\u00f3s chuvas"},"content":{"rendered":"<p>     Lagoas do Santar\u00e9m, Sarney e Makro n\u00e3o aguentaram o volume das chuvas, segundo a Defesa Civil do munic\u00edpio. Em alguns locais a \u00e1gua invadiu casas. A Lagoa do Loteamento Jos\u00e9 Sarney, na Zona Norte de Natal, transbordou j\u00e1 na madrugada<br \/>\nS\u00e9rgio Henrique Santos\/Inter TV Cabugi<br \/>\nPelo menos tr\u00eas lagoas de capta\u00e7\u00e3o transbordaram em Natal nesta sexta-feira (17) por causa das chuvas:  Santar\u00e9m, Sarney e Makro. De acordo com a Empresa de Pesquisa Agropecu\u00e1ria do Rio Grande do Norte (Emparn), das 7h de quinta (16) at\u00e9 7h de sexta (17) choveu 42.7 mm na capital potiguar.<br \/>\nInmet emite alerta de acumulado de chuvas para todo o RN<br \/>\nChuva causa alagamentos em ruas e avenidas de Natal; veja pontos<br \/>\nA Lagoa do Loteamento Jos\u00e9 Sarney, na Zona Norte de Natal, transbordou j\u00e1 na madrugada. A \u00e1gua invadiu a casa de moradores de ruas pr\u00f3ximas.<br \/>\n&#8220;Faz 14 anos que a gente vive nessa situa\u00e7\u00e3o. Todo ano as fam\u00edlias aqui perdem tudo, m\u00f3veis, eletrodom\u00e9sticos, muitas pessoas ficam ilhadas sem poder sair de casa&#8221;, disse a professora Neiva Castro.<br \/>\nA Defesa Civil da capital informou que &#8220;acionou os \u00f3rg\u00e3os competentes para tomar as devidas provid\u00eancias, tanto para as quest\u00f5es vinculadas \u00e0 manuten\u00e7\u00e3o da lagoa quanto para o atendimento da popula\u00e7\u00e3o atingida&#8221;.<br \/>\nNa lagoa de capta\u00e7\u00e3o do Santar\u00e9m a \u00e1gua tomou conta das ruas e tamb\u00e9m invadiu casas. O problema  tamb\u00e9m \u00e9 antigo nesta \u00e1rea.<br \/>\nNa lagoa de capta\u00e7\u00e3o do Santar\u00e9m a \u00e1gua tomou conta das ruas e tamb\u00e9m invadiu casas<br \/>\nS\u00e9rgio Henrique Santos\/Inter TV Cabugi<br \/>\nLagoa de Capta\u00e7\u00e3o do Santar\u00e9m, na Zona Norte de Natal, tamb\u00e9m transbordou<br \/>\nS\u00e9rgio Henrique Santos\/Inter TV Cabugi<\/p>","protected":false},"excerpt":{"rendered":"<p>Lagoas do Santar\u00e9m, Sarney e Makro n\u00e3o aguentaram o volume das chuvas, segundo a Defesa Civil do munic\u00edpio. Em alguns locais a \u00e1gua invadiu casas. A Lagoa do Loteamento Jos\u00e9 &#8230;<\/p>\n","protected":false},"author":0,"featured_media":6266,"parent":0,"menu_order":0,"comment_status":"closed","ping_status":"closed","template":"","meta":{"footnotes":""},"class_list":["post-6265","page","type-page","status-publish","has-post-thumbnail","hentry"],"yoast_head":"<!-- This site is optimized with the Yoast SEO plugin v27.1.1 - https:\/\/yoast.com\/product\/yoast-seo-wordpress\/ -->\n<title>Pelo menos tr\u00eas lagoas de capta\u00e7\u00e3o transbordam em Natal ap\u00f3s chuvas - Taveira Jr<\/title>\n<meta name=\"robots\" content=\"index, follow, max-snippet:-1, max-image-preview:large, max-video-preview:-1\" \/>\n<link rel=\"canonical\" href=\"https:\/\/deputadotaveirajr.com.br\/index.php\/pelo-menos-tres-lagoas-de-captacao-transbordam-em-natal-apos-chuvas\/\" \/>\n<meta property=\"og:locale\" content=\"pt_BR\" \/>\n<meta property=\"og:type\" content=\"article\" \/>\n<meta property=\"og:title\" content=\"Pelo menos tr\u00eas lagoas de capta\u00e7\u00e3o transbordam em Natal ap\u00f3s chuvas - Taveira Jr\" \/>\n<meta property=\"og:description\" content=\"Lagoas do Santar\u00e9m, Sarney e Makro n\u00e3o aguentaram o volume das chuvas, segundo a Defesa Civil do munic\u00edpio. Em alguns locais a \u00e1gua invadiu casas. A Lagoa do Loteamento Jos\u00e9 ...\" \/>\n<meta property=\"og:url\" content=\"https:\/\/deputadotaveirajr.com.br\/index.php\/pelo-menos-tres-lagoas-de-captacao-transbordam-em-natal-apos-chuvas\/\" \/>\n<meta property=\"og:site_name\" content=\"Taveira Jr\" \/>\n<meta property=\"og:image\" content=\"https:\/\/deputadotaveirajr.com.br\/wp-content\/uploads\/2024\/05\/whatsapp-image-2024-05-17-at-10.07.01-KZF7Os.jpeg\" \/>\n\t<meta property=\"og:image:width\" content=\"1599\" \/>\n\t<meta property=\"og:image:height\" content=\"899\" \/>\n\t<meta property=\"og:image:type\" content=\"image\/jpeg\" \/>\n<meta name=\"twitter:card\" content=\"summary_large_image\" \/>\n<meta name=\"twitter:label1\" content=\"Est. tempo de leitura\" \/>\n\t<meta name=\"twitter:data1\" content=\"1 minuto\" \/>\n<script type=\"application\/ld+json\" class=\"yoast-schema-graph\">{\"@context\":\"https:\/\/schema.org\",\"@graph\":[{\"@type\":\"WebPage\",\"@id\":\"https:\/\/deputadotaveirajr.com.br\/index.php\/pelo-menos-tres-lagoas-de-captacao-transbordam-em-natal-apos-chuvas\/\",\"url\":\"https:\/\/deputadotaveirajr.com.br\/index.php\/pelo-menos-tres-lagoas-de-captacao-transbordam-em-natal-apos-chuvas\/\",\"name\":\"Pelo menos tr\u00eas lagoas de capta\u00e7\u00e3o transbordam em Natal ap\u00f3s chuvas - Taveira Jr\",\"isPartOf\":{\"@id\":\"https:\/\/deputadotaveirajr.com.br\/#website\"},\"primaryImageOfPage\":{\"@id\":\"https:\/\/deputadotaveirajr.com.br\/index.php\/pelo-menos-tres-lagoas-de-captacao-transbordam-em-natal-apos-chuvas\/#primaryimage\"},\"image\":{\"@id\":\"https:\/\/deputadotaveirajr.com.br\/index.php\/pelo-menos-tres-lagoas-de-captacao-transbordam-em-natal-apos-chuvas\/#primaryimage\"},\"thumbnailUrl\":\"https:\/\/deputadotaveirajr.com.br\/wp-content\/uploads\/2024\/05\/whatsapp-image-2024-05-17-at-10.07.01-KZF7Os.jpeg\",\"datePublished\":\"2024-05-17T17:20:47+00:00\",\"breadcrumb\":{\"@id\":\"https:\/\/deputadotaveirajr.com.br\/index.php\/pelo-menos-tres-lagoas-de-captacao-transbordam-em-natal-apos-chuvas\/#breadcrumb\"},\"inLanguage\":\"pt-BR\",\"potentialAction\":[{\"@type\":\"ReadAction\",\"target\":[\"https:\/\/deputadotaveirajr.com.br\/index.php\/pelo-menos-tres-lagoas-de-captacao-transbordam-em-natal-apos-chuvas\/\"]}]},{\"@type\":\"ImageObject\",\"inLanguage\":\"pt-BR\",\"@id\":\"https:\/\/deputadotaveirajr.com.br\/index.php\/pelo-menos-tres-lagoas-de-captacao-transbordam-em-natal-apos-chuvas\/#primaryimage\",\"url\":\"https:\/\/deputadotaveirajr.com.br\/wp-content\/uploads\/2024\/05\/whatsapp-image-2024-05-17-at-10.07.01-KZF7Os.jpeg\",\"contentUrl\":\"https:\/\/deputadotaveirajr.com.br\/wp-content\/uploads\/2024\/05\/whatsapp-image-2024-05-17-at-10.07.01-KZF7Os.jpeg\",\"width\":1599,\"height\":899},{\"@type\":\"BreadcrumbList\",\"@id\":\"https:\/\/deputadotaveirajr.com.br\/index.php\/pelo-menos-tres-lagoas-de-captacao-transbordam-em-natal-apos-chuvas\/#breadcrumb\",\"itemListElement\":[{\"@type\":\"ListItem\",\"position\":1,\"name\":\"In\u00edcio\",\"item\":\"https:\/\/deputadotaveirajr.com.br\/\"},{\"@type\":\"ListItem\",\"position\":2,\"name\":\"Pelo menos tr\u00eas lagoas de capta\u00e7\u00e3o transbordam em Natal ap\u00f3s chuvas\"}]},{\"@type\":\"WebSite\",\"@id\":\"https:\/\/deputadotaveirajr.com.br\/#website\",\"url\":\"https:\/\/deputadotaveirajr.com.br\/\",\"name\":\"Taveira Jr\",\"description\":\"Deputado Estadual\",\"publisher\":{\"@id\":\"https:\/\/deputadotaveirajr.com.br\/#organization\"},\"potentialAction\":[{\"@type\":\"SearchAction\",\"target\":{\"@type\":\"EntryPoint\",\"urlTemplate\":\"https:\/\/deputadotaveirajr.com.br\/?s={search_term_string}\"},\"query-input\":{\"@type\":\"PropertyValueSpecification\",\"valueRequired\":true,\"valueName\":\"search_term_string\"}}],\"inLanguage\":\"pt-BR\"},{\"@type\":\"Organization\",\"@id\":\"https:\/\/deputadotaveirajr.com.br\/#organization\",\"name\":\"Taveira Jr\",\"url\":\"https:\/\/deputadotaveirajr.com.br\/\",\"logo\":{\"@type\":\"ImageObject\",\"inLanguage\":\"pt-BR\",\"@id\":\"https:\/\/deputadotaveirajr.com.br\/#\/schema\/logo\/image\/\",\"url\":\"https:\/\/deputadotaveirajr.com.br\/wp-content\/uploads\/2026\/01\/logolow2a.png\",\"contentUrl\":\"https:\/\/deputadotaveirajr.com.br\/wp-content\/uploads\/2026\/01\/logolow2a.png\",\"width\":290,\"height\":80,\"caption\":\"Taveira Jr\"},\"image\":{\"@id\":\"https:\/\/deputadotaveirajr.com.br\/#\/schema\/logo\/image\/\"}}]}<\/script>\n<!-- \/ Yoast SEO plugin. -->","yoast_head_json":{"title":"Pelo menos tr\u00eas lagoas de capta\u00e7\u00e3o transbordam em Natal ap\u00f3s chuvas - Taveira Jr","robots":{"index":"index","follow":"follow","max-snippet":"max-snippet:-1","max-image-preview":"max-image-preview:large","max-video-preview":"max-video-preview:-1"},"canonical":"https:\/\/deputadotaveirajr.com.br\/index.php\/pelo-menos-tres-lagoas-de-captacao-transbordam-em-natal-apos-chuvas\/","og_locale":"pt_BR","og_type":"article","og_title":"Pelo menos tr\u00eas lagoas de capta\u00e7\u00e3o transbordam em Natal ap\u00f3s chuvas - Taveira Jr","og_description":"Lagoas do Santar\u00e9m, Sarney e Makro n\u00e3o aguentaram o volume das chuvas, segundo a Defesa Civil do munic\u00edpio. Em alguns locais a \u00e1gua invadiu casas. A Lagoa do Loteamento Jos\u00e9 ...","og_url":"https:\/\/deputadotaveirajr.com.br\/index.php\/pelo-menos-tres-lagoas-de-captacao-transbordam-em-natal-apos-chuvas\/","og_site_name":"Taveira Jr","og_image":[{"width":1599,"height":899,"url":"https:\/\/deputadotaveirajr.com.br\/wp-content\/uploads\/2024\/05\/whatsapp-image-2024-05-17-at-10.07.01-KZF7Os.jpeg","type":"image\/jpeg"}],"twitter_card":"summary_large_image","twitter_misc":{"Est. tempo de leitura":"1 minuto"},"schema":{"@context":"https:\/\/schema.org","@graph":[{"@type":"WebPage","@id":"https:\/\/deputadotaveirajr.com.br\/index.php\/pelo-menos-tres-lagoas-de-captacao-transbordam-em-natal-apos-chuvas\/","url":"https:\/\/deputadotaveirajr.com.br\/index.php\/pelo-menos-tres-lagoas-de-captacao-transbordam-em-natal-apos-chuvas\/","name":"Pelo menos tr\u00eas lagoas de capta\u00e7\u00e3o transbordam em Natal ap\u00f3s chuvas - Taveira Jr","isPartOf":{"@id":"https:\/\/deputadotaveirajr.com.br\/#website"},"primaryImageOfPage":{"@id":"https:\/\/deputadotaveirajr.com.br\/index.php\/pelo-menos-tres-lagoas-de-captacao-transbordam-em-natal-apos-chuvas\/#primaryimage"},"image":{"@id":"https:\/\/deputadotaveirajr.com.br\/index.php\/pelo-menos-tres-lagoas-de-captacao-transbordam-em-natal-apos-chuvas\/#primaryimage"},"thumbnailUrl":"https:\/\/deputadotaveirajr.com.br\/wp-content\/uploads\/2024\/05\/whatsapp-image-2024-05-17-at-10.07.01-KZF7Os.jpeg","datePublished":"2024-05-17T17:20:47+00:00","breadcrumb":{"@id":"https:\/\/deputadotaveirajr.com.br\/index.php\/pelo-menos-tres-lagoas-de-captacao-transbordam-em-natal-apos-chuvas\/#breadcrumb"},"inLanguage":"pt-BR","potentialAction":[{"@type":"ReadAction","target":["https:\/\/deputadotaveirajr.com.br\/index.php\/pelo-menos-tres-lagoas-de-captacao-transbordam-em-natal-apos-chuvas\/"]}]},{"@type":"ImageObject","inLanguage":"pt-BR","@id":"https:\/\/deputadotaveirajr.com.br\/index.php\/pelo-menos-tres-lagoas-de-captacao-transbordam-em-natal-apos-chuvas\/#primaryimage","url":"https:\/\/deputadotaveirajr.com.br\/wp-content\/uploads\/2024\/05\/whatsapp-image-2024-05-17-at-10.07.01-KZF7Os.jpeg","contentUrl":"https:\/\/deputadotaveirajr.com.br\/wp-content\/uploads\/2024\/05\/whatsapp-image-2024-05-17-at-10.07.01-KZF7Os.jpeg","width":1599,"height":899},{"@type":"BreadcrumbList","@id":"https:\/\/deputadotaveirajr.com.br\/index.php\/pelo-menos-tres-lagoas-de-captacao-transbordam-em-natal-apos-chuvas\/#breadcrumb","itemListElement":[{"@type":"ListItem","position":1,"name":"In\u00edcio","item":"https:\/\/deputadotaveirajr.com.br\/"},{"@type":"ListItem","position":2,"name":"Pelo menos tr\u00eas lagoas de capta\u00e7\u00e3o transbordam em Natal ap\u00f3s chuvas"}]},{"@type":"WebSite","@id":"https:\/\/deputadotaveirajr.com.br\/#website","url":"https:\/\/deputadotaveirajr.com.br\/","name":"Taveira Jr","description":"Deputado Estadual","publisher":{"@id":"https:\/\/deputadotaveirajr.com.br\/#organization"},"potentialAction":[{"@type":"SearchAction","target":{"@type":"EntryPoint","urlTemplate":"https:\/\/deputadotaveirajr.com.br\/?s={search_term_string}"},"query-input":{"@type":"PropertyValueSpecification","valueRequired":true,"valueName":"search_term_string"}}],"inLanguage":"pt-BR"},{"@type":"Organization","@id":"https:\/\/deputadotaveirajr.com.br\/#organization","name":"Taveira Jr","url":"https:\/\/deputadotaveirajr.com.br\/","logo":{"@type":"ImageObject","inLanguage":"pt-BR","@id":"https:\/\/deputadotaveirajr.com.br\/#\/schema\/logo\/image\/","url":"https:\/\/deputadotaveirajr.com.br\/wp-content\/uploads\/2026\/01\/logolow2a.png","contentUrl":"https:\/\/deputadotaveirajr.com.br\/wp-content\/uploads\/2026\/01\/logolow2a.png","width":290,"height":80,"caption":"Taveira Jr"},"image":{"@id":"https:\/\/deputadotaveirajr.com.br\/#\/schema\/logo\/image\/"}}]}},"_links":{"self":[{"href":"https:\/\/deputadotaveirajr.com.br\/index.php\/wp-json\/wp\/v2\/pages\/6265","targetHints":{"allow":["GET"]}}],"collection":[{"href":"https:\/\/deputadotaveirajr.com.br\/index.php\/wp-json\/wp\/v2\/pages"}],"about":[{"href":"https:\/\/deputadotaveirajr.com.br\/index.php\/wp-json\/wp\/v2\/types\/page"}],"replies":[{"embeddable":true,"href":"https:\/\/deputadotaveirajr.com.br\/index.php\/wp-json\/wp\/v2\/comments?post=6265"}],"version-history":[{"count":1,"href":"https:\/\/deputadotaveirajr.com.br\/index.php\/wp-json\/wp\/v2\/pages\/6265\/revisions"}],"predecessor-version":[{"id":6272,"href":"https:\/\/deputadotaveirajr.com.br\/index.php\/wp-json\/wp\/v2\/pages\/6265\/revisions\/6272"}],"wp:featuredmedia":[{"embeddable":true,"href":"https:\/\/deputadotaveirajr.com.br\/index.php\/wp-json\/wp\/v2\/media\/6266"}],"wp:attachment":[{"href":"https:\/\/deputadotaveirajr.com.br\/index.php\/wp-json\/wp\/v2\/media?parent=6265"}],"curies":[{"name":"wp","href":"https:\/\/api.w.org\/{rel}","templated":true}]}}