{"id":6276,"date":"2024-05-17T20:25:44","date_gmt":"2024-05-17T23:25:44","guid":{"rendered":"https:\/\/deputadotaveirajr.com.br\/?page_id=6276"},"modified":"2024-05-17T20:25:44","modified_gmt":"2024-05-17T23:25:44","slug":"prf-apreende-145-mil-macos-de-cigarros-contrabandeados-em-caminhao-na-br-304-no-rn","status":"publish","type":"page","link":"https:\/\/deputadotaveirajr.com.br\/index.php\/prf-apreende-145-mil-macos-de-cigarros-contrabandeados-em-caminhao-na-br-304-no-rn\/","title":{"rendered":"PRF apreende 145 mil ma\u00e7os de cigarros contrabandeados em caminh\u00e3o na BR-304 no RN"},"content":{"rendered":"<p>     Motorista do caminh\u00e3o &#8211; que sequer possu\u00eda CNH &#8211; tamb\u00e9m foi detido na fiscaliza\u00e7\u00e3o que aconteceu na cidade de Ass\u00fa na madrugada desta sexta-feira (17). Carga foi descoberta em caminh\u00e3o em Ass\u00fa, no interior do RN<br \/>\nDivulga\u00e7\u00e3o\/PRF<br \/>\nA Pol\u00edcia Rodovi\u00e1ria Federal (PRF) prendeu um homem e apreendeu um carga de 145 mil ma\u00e7os de cigarros contrabandeados na madrugada desta sexta-feira (17) na BR-304 em Ass\u00fa, no interior do Rio Grande do Norte.<br \/>\nA carga era levada em um caminh\u00e3o de cor cinza e estava estimada em cerca de R$ 500 mil.<br \/>\n\ud83d\udcf3Participe do canal do g1 RN no WhatsApp<br \/>\nDe acordo com a PRF, os cigarros eram de origem estrangeira e t\u00eam a comercializa\u00e7\u00e3o proibida no Brasil. Por conta disso, o motorista, de 23 anos, tamb\u00e9m foi detido.<br \/>\nAl\u00e9m disso, segundo a PRF, o motorista do caminh\u00e3o n\u00e3o possu\u00eda Carteira Nacional de Habilita\u00e7\u00e3o (CNH). O C\u00f3digo de Tr\u00e2nsito Brasileiro (CTB) considera a infa\u00e7\u00e3o grav\u00edssima, com aplica\u00e7\u00e3o de multa e possibilidade de deten\u00e7\u00e3o de seis meses a um ano.<br \/>\nSegundo a PRF, o motorista foi preso pelo crime de contrabando e a ocorr\u00eancia encaminhada para a Pol\u00edcia Rodovi\u00e1ria Federal em Mossor\u00f3 (RN).<br \/>\nV\u00eddeos mais assistidos do g1 RN<\/p>","protected":false},"excerpt":{"rendered":"<p>Motorista do caminh\u00e3o &#8211; que sequer possu\u00eda CNH &#8211; tamb\u00e9m foi detido na fiscaliza\u00e7\u00e3o que aconteceu na cidade de Ass\u00fa na madrugada desta sexta-feira (17). Carga foi descoberta em caminh\u00e3o &#8230;<\/p>\n","protected":false},"author":0,"featured_media":6277,"parent":0,"menu_order":0,"comment_status":"closed","ping_status":"closed","template":"","meta":{"footnotes":""},"class_list":["post-6276","page","type-page","status-publish","has-post-thumbnail","hentry"],"yoast_head":"<!-- This site is optimized with the Yoast SEO plugin v27.1.1 - https:\/\/yoast.com\/product\/yoast-seo-wordpress\/ -->\n<title>PRF apreende 145 mil ma\u00e7os de cigarros contrabandeados em caminh\u00e3o na BR-304 no RN - Taveira Jr<\/title>\n<meta name=\"robots\" content=\"index, follow, max-snippet:-1, max-image-preview:large, max-video-preview:-1\" \/>\n<link rel=\"canonical\" href=\"https:\/\/deputadotaveirajr.com.br\/index.php\/prf-apreende-145-mil-macos-de-cigarros-contrabandeados-em-caminhao-na-br-304-no-rn\/\" \/>\n<meta property=\"og:locale\" content=\"pt_BR\" \/>\n<meta property=\"og:type\" content=\"article\" \/>\n<meta property=\"og:title\" content=\"PRF apreende 145 mil ma\u00e7os de cigarros contrabandeados em caminh\u00e3o na BR-304 no RN - Taveira Jr\" \/>\n<meta property=\"og:description\" content=\"Motorista do caminh\u00e3o &#8211; que sequer possu\u00eda CNH &#8211; tamb\u00e9m foi detido na fiscaliza\u00e7\u00e3o que aconteceu na cidade de Ass\u00fa na madrugada desta sexta-feira (17). Carga foi descoberta em caminh\u00e3o ...\" \/>\n<meta property=\"og:url\" content=\"https:\/\/deputadotaveirajr.com.br\/index.php\/prf-apreende-145-mil-macos-de-cigarros-contrabandeados-em-caminhao-na-br-304-no-rn\/\" \/>\n<meta property=\"og:site_name\" content=\"Taveira Jr\" \/>\n<meta property=\"og:image\" content=\"https:\/\/deputadotaveirajr.com.br\/wp-content\/uploads\/2024\/05\/carga-DzzMBs.jpeg\" \/>\n\t<meta property=\"og:image:width\" content=\"576\" \/>\n\t<meta property=\"og:image:height\" content=\"768\" \/>\n\t<meta property=\"og:image:type\" content=\"image\/jpeg\" \/>\n<meta name=\"twitter:card\" content=\"summary_large_image\" \/>\n<meta name=\"twitter:label1\" content=\"Est. tempo de leitura\" \/>\n\t<meta name=\"twitter:data1\" content=\"1 minuto\" \/>\n<script type=\"application\/ld+json\" class=\"yoast-schema-graph\">{\"@context\":\"https:\/\/schema.org\",\"@graph\":[{\"@type\":\"WebPage\",\"@id\":\"https:\/\/deputadotaveirajr.com.br\/index.php\/prf-apreende-145-mil-macos-de-cigarros-contrabandeados-em-caminhao-na-br-304-no-rn\/\",\"url\":\"https:\/\/deputadotaveirajr.com.br\/index.php\/prf-apreende-145-mil-macos-de-cigarros-contrabandeados-em-caminhao-na-br-304-no-rn\/\",\"name\":\"PRF apreende 145 mil ma\u00e7os de cigarros contrabandeados em caminh\u00e3o na BR-304 no RN - Taveira Jr\",\"isPartOf\":{\"@id\":\"https:\/\/deputadotaveirajr.com.br\/#website\"},\"primaryImageOfPage\":{\"@id\":\"https:\/\/deputadotaveirajr.com.br\/index.php\/prf-apreende-145-mil-macos-de-cigarros-contrabandeados-em-caminhao-na-br-304-no-rn\/#primaryimage\"},\"image\":{\"@id\":\"https:\/\/deputadotaveirajr.com.br\/index.php\/prf-apreende-145-mil-macos-de-cigarros-contrabandeados-em-caminhao-na-br-304-no-rn\/#primaryimage\"},\"thumbnailUrl\":\"https:\/\/deputadotaveirajr.com.br\/wp-content\/uploads\/2024\/05\/carga-DzzMBs.jpeg\",\"datePublished\":\"2024-05-17T23:25:44+00:00\",\"breadcrumb\":{\"@id\":\"https:\/\/deputadotaveirajr.com.br\/index.php\/prf-apreende-145-mil-macos-de-cigarros-contrabandeados-em-caminhao-na-br-304-no-rn\/#breadcrumb\"},\"inLanguage\":\"pt-BR\",\"potentialAction\":[{\"@type\":\"ReadAction\",\"target\":[\"https:\/\/deputadotaveirajr.com.br\/index.php\/prf-apreende-145-mil-macos-de-cigarros-contrabandeados-em-caminhao-na-br-304-no-rn\/\"]}]},{\"@type\":\"ImageObject\",\"inLanguage\":\"pt-BR\",\"@id\":\"https:\/\/deputadotaveirajr.com.br\/index.php\/prf-apreende-145-mil-macos-de-cigarros-contrabandeados-em-caminhao-na-br-304-no-rn\/#primaryimage\",\"url\":\"https:\/\/deputadotaveirajr.com.br\/wp-content\/uploads\/2024\/05\/carga-DzzMBs.jpeg\",\"contentUrl\":\"https:\/\/deputadotaveirajr.com.br\/wp-content\/uploads\/2024\/05\/carga-DzzMBs.jpeg\",\"width\":576,\"height\":768},{\"@type\":\"BreadcrumbList\",\"@id\":\"https:\/\/deputadotaveirajr.com.br\/index.php\/prf-apreende-145-mil-macos-de-cigarros-contrabandeados-em-caminhao-na-br-304-no-rn\/#breadcrumb\",\"itemListElement\":[{\"@type\":\"ListItem\",\"position\":1,\"name\":\"In\u00edcio\",\"item\":\"https:\/\/deputadotaveirajr.com.br\/\"},{\"@type\":\"ListItem\",\"position\":2,\"name\":\"PRF apreende 145 mil ma\u00e7os de cigarros contrabandeados em caminh\u00e3o na BR-304 no RN\"}]},{\"@type\":\"WebSite\",\"@id\":\"https:\/\/deputadotaveirajr.com.br\/#website\",\"url\":\"https:\/\/deputadotaveirajr.com.br\/\",\"name\":\"Taveira Jr\",\"description\":\"Deputado Estadual\",\"publisher\":{\"@id\":\"https:\/\/deputadotaveirajr.com.br\/#organization\"},\"potentialAction\":[{\"@type\":\"SearchAction\",\"target\":{\"@type\":\"EntryPoint\",\"urlTemplate\":\"https:\/\/deputadotaveirajr.com.br\/?s={search_term_string}\"},\"query-input\":{\"@type\":\"PropertyValueSpecification\",\"valueRequired\":true,\"valueName\":\"search_term_string\"}}],\"inLanguage\":\"pt-BR\"},{\"@type\":\"Organization\",\"@id\":\"https:\/\/deputadotaveirajr.com.br\/#organization\",\"name\":\"Taveira Jr\",\"url\":\"https:\/\/deputadotaveirajr.com.br\/\",\"logo\":{\"@type\":\"ImageObject\",\"inLanguage\":\"pt-BR\",\"@id\":\"https:\/\/deputadotaveirajr.com.br\/#\/schema\/logo\/image\/\",\"url\":\"https:\/\/deputadotaveirajr.com.br\/wp-content\/uploads\/2026\/01\/logolow2a.png\",\"contentUrl\":\"https:\/\/deputadotaveirajr.com.br\/wp-content\/uploads\/2026\/01\/logolow2a.png\",\"width\":290,\"height\":80,\"caption\":\"Taveira Jr\"},\"image\":{\"@id\":\"https:\/\/deputadotaveirajr.com.br\/#\/schema\/logo\/image\/\"}}]}<\/script>\n<!-- \/ Yoast SEO plugin. -->","yoast_head_json":{"title":"PRF apreende 145 mil ma\u00e7os de cigarros contrabandeados em caminh\u00e3o na BR-304 no RN - Taveira Jr","robots":{"index":"index","follow":"follow","max-snippet":"max-snippet:-1","max-image-preview":"max-image-preview:large","max-video-preview":"max-video-preview:-1"},"canonical":"https:\/\/deputadotaveirajr.com.br\/index.php\/prf-apreende-145-mil-macos-de-cigarros-contrabandeados-em-caminhao-na-br-304-no-rn\/","og_locale":"pt_BR","og_type":"article","og_title":"PRF apreende 145 mil ma\u00e7os de cigarros contrabandeados em caminh\u00e3o na BR-304 no RN - Taveira Jr","og_description":"Motorista do caminh\u00e3o &#8211; que sequer possu\u00eda CNH &#8211; tamb\u00e9m foi detido na fiscaliza\u00e7\u00e3o que aconteceu na cidade de Ass\u00fa na madrugada desta sexta-feira (17). Carga foi descoberta em caminh\u00e3o ...","og_url":"https:\/\/deputadotaveirajr.com.br\/index.php\/prf-apreende-145-mil-macos-de-cigarros-contrabandeados-em-caminhao-na-br-304-no-rn\/","og_site_name":"Taveira Jr","og_image":[{"width":576,"height":768,"url":"https:\/\/deputadotaveirajr.com.br\/wp-content\/uploads\/2024\/05\/carga-DzzMBs.jpeg","type":"image\/jpeg"}],"twitter_card":"summary_large_image","twitter_misc":{"Est. tempo de leitura":"1 minuto"},"schema":{"@context":"https:\/\/schema.org","@graph":[{"@type":"WebPage","@id":"https:\/\/deputadotaveirajr.com.br\/index.php\/prf-apreende-145-mil-macos-de-cigarros-contrabandeados-em-caminhao-na-br-304-no-rn\/","url":"https:\/\/deputadotaveirajr.com.br\/index.php\/prf-apreende-145-mil-macos-de-cigarros-contrabandeados-em-caminhao-na-br-304-no-rn\/","name":"PRF apreende 145 mil ma\u00e7os de cigarros contrabandeados em caminh\u00e3o na BR-304 no RN - Taveira Jr","isPartOf":{"@id":"https:\/\/deputadotaveirajr.com.br\/#website"},"primaryImageOfPage":{"@id":"https:\/\/deputadotaveirajr.com.br\/index.php\/prf-apreende-145-mil-macos-de-cigarros-contrabandeados-em-caminhao-na-br-304-no-rn\/#primaryimage"},"image":{"@id":"https:\/\/deputadotaveirajr.com.br\/index.php\/prf-apreende-145-mil-macos-de-cigarros-contrabandeados-em-caminhao-na-br-304-no-rn\/#primaryimage"},"thumbnailUrl":"https:\/\/deputadotaveirajr.com.br\/wp-content\/uploads\/2024\/05\/carga-DzzMBs.jpeg","datePublished":"2024-05-17T23:25:44+00:00","breadcrumb":{"@id":"https:\/\/deputadotaveirajr.com.br\/index.php\/prf-apreende-145-mil-macos-de-cigarros-contrabandeados-em-caminhao-na-br-304-no-rn\/#breadcrumb"},"inLanguage":"pt-BR","potentialAction":[{"@type":"ReadAction","target":["https:\/\/deputadotaveirajr.com.br\/index.php\/prf-apreende-145-mil-macos-de-cigarros-contrabandeados-em-caminhao-na-br-304-no-rn\/"]}]},{"@type":"ImageObject","inLanguage":"pt-BR","@id":"https:\/\/deputadotaveirajr.com.br\/index.php\/prf-apreende-145-mil-macos-de-cigarros-contrabandeados-em-caminhao-na-br-304-no-rn\/#primaryimage","url":"https:\/\/deputadotaveirajr.com.br\/wp-content\/uploads\/2024\/05\/carga-DzzMBs.jpeg","contentUrl":"https:\/\/deputadotaveirajr.com.br\/wp-content\/uploads\/2024\/05\/carga-DzzMBs.jpeg","width":576,"height":768},{"@type":"BreadcrumbList","@id":"https:\/\/deputadotaveirajr.com.br\/index.php\/prf-apreende-145-mil-macos-de-cigarros-contrabandeados-em-caminhao-na-br-304-no-rn\/#breadcrumb","itemListElement":[{"@type":"ListItem","position":1,"name":"In\u00edcio","item":"https:\/\/deputadotaveirajr.com.br\/"},{"@type":"ListItem","position":2,"name":"PRF apreende 145 mil ma\u00e7os de cigarros contrabandeados em caminh\u00e3o na BR-304 no RN"}]},{"@type":"WebSite","@id":"https:\/\/deputadotaveirajr.com.br\/#website","url":"https:\/\/deputadotaveirajr.com.br\/","name":"Taveira Jr","description":"Deputado Estadual","publisher":{"@id":"https:\/\/deputadotaveirajr.com.br\/#organization"},"potentialAction":[{"@type":"SearchAction","target":{"@type":"EntryPoint","urlTemplate":"https:\/\/deputadotaveirajr.com.br\/?s={search_term_string}"},"query-input":{"@type":"PropertyValueSpecification","valueRequired":true,"valueName":"search_term_string"}}],"inLanguage":"pt-BR"},{"@type":"Organization","@id":"https:\/\/deputadotaveirajr.com.br\/#organization","name":"Taveira Jr","url":"https:\/\/deputadotaveirajr.com.br\/","logo":{"@type":"ImageObject","inLanguage":"pt-BR","@id":"https:\/\/deputadotaveirajr.com.br\/#\/schema\/logo\/image\/","url":"https:\/\/deputadotaveirajr.com.br\/wp-content\/uploads\/2026\/01\/logolow2a.png","contentUrl":"https:\/\/deputadotaveirajr.com.br\/wp-content\/uploads\/2026\/01\/logolow2a.png","width":290,"height":80,"caption":"Taveira Jr"},"image":{"@id":"https:\/\/deputadotaveirajr.com.br\/#\/schema\/logo\/image\/"}}]}},"_links":{"self":[{"href":"https:\/\/deputadotaveirajr.com.br\/index.php\/wp-json\/wp\/v2\/pages\/6276","targetHints":{"allow":["GET"]}}],"collection":[{"href":"https:\/\/deputadotaveirajr.com.br\/index.php\/wp-json\/wp\/v2\/pages"}],"about":[{"href":"https:\/\/deputadotaveirajr.com.br\/index.php\/wp-json\/wp\/v2\/types\/page"}],"replies":[{"embeddable":true,"href":"https:\/\/deputadotaveirajr.com.br\/index.php\/wp-json\/wp\/v2\/comments?post=6276"}],"version-history":[{"count":1,"href":"https:\/\/deputadotaveirajr.com.br\/index.php\/wp-json\/wp\/v2\/pages\/6276\/revisions"}],"predecessor-version":[{"id":6281,"href":"https:\/\/deputadotaveirajr.com.br\/index.php\/wp-json\/wp\/v2\/pages\/6276\/revisions\/6281"}],"wp:featuredmedia":[{"embeddable":true,"href":"https:\/\/deputadotaveirajr.com.br\/index.php\/wp-json\/wp\/v2\/media\/6277"}],"wp:attachment":[{"href":"https:\/\/deputadotaveirajr.com.br\/index.php\/wp-json\/wp\/v2\/media?parent=6276"}],"curies":[{"name":"wp","href":"https:\/\/api.w.org\/{rel}","templated":true}]}}