{"id":6289,"date":"2024-05-18T13:42:11","date_gmt":"2024-05-18T16:42:11","guid":{"rendered":"https:\/\/deputadotaveirajr.com.br\/?page_id=6289"},"modified":"2024-05-18T13:42:11","modified_gmt":"2024-05-18T16:42:11","slug":"secretaria-de-saude-do-rn-convoca-66-profissionais-aprovados-em-concurso-publico","status":"publish","type":"page","link":"https:\/\/deputadotaveirajr.com.br\/index.php\/secretaria-de-saude-do-rn-convoca-66-profissionais-aprovados-em-concurso-publico\/","title":{"rendered":"Secretaria de Sa\u00fade do RN convoca 66 profissionais aprovados em concurso p\u00fablico"},"content":{"rendered":"<p>     Nomes foram publicados no Di\u00e1rio Oficial do Estado e aprovados t\u00eam um prazo de 30 dias para assumir os cargos. Edital do concurso \u00e9 de 2018. Hospital Col\u00f4nia Dr. Jo\u00e3o Machado UTI Natal Rio Grande do Norte RN<br \/>\nDivulga\u00e7\u00e3o\/Sesap<br \/>\nA Secretaria de Estado da Sa\u00fade P\u00fablica do Rio Grande do Norte (Sesap) convocou 66 profissionais aprovados em um concurso p\u00fablico promovido pela pasta em 2018. A nomea\u00e7\u00e3o dos profissionais foi publicada na edi\u00e7\u00e3o desta sexta-feira (17) do Di\u00e1rio Oficial do Estado (DOE).<br \/>\nForam convocados:<br \/>\n21 enfermeiros<br \/>\n12 fisioterapeutas<br \/>\n8 farmac\u00eauticos<br \/>\n5 assistentes sociais<br \/>\n4 fonoaudi\u00f3logos<br \/>\n4 nutricionistas<br \/>\n4 psic\u00f3logos<br \/>\n4 terapeutas ocupacionais<br \/>\n4 t\u00e9cnicos em radiologia.<br \/>\nA lista completa com os nomes dos aprovados foi publicada na p\u00e1gina 5 do DOE.<br \/>\nOs aprovados t\u00eam um prazo de 30 dias para assumir o cargo, de acordo com as informa\u00e7\u00f5es publicadas no Di\u00e1rio Oficial do Estado.<br \/>\nA convoca\u00e7\u00e3o ocorre ap\u00f3s um acordo entre a pasta e o Minist\u00e9rio P\u00fablico do RN, que gerou um decis\u00e3o judicial para a nomea\u00e7\u00e3o de pessoal para o Hospital Regional Deocl\u00e9cio Marques de Lucena, em Parnamirim (com 40 novos leitos ortop\u00e9dicos), e para o Hospital Geral Jo\u00e3o Machado, em Natal (com 8 novos leitos).<br \/>\nInicialmente, segundo a Sesap, os 48 leitos ser\u00e3o destinados a receber os pacientes do Walfredo Gurgel. Seguindo o acordo judicial entre Sesap e MP, ap\u00f3s o encerramento da obra os leitos permanecer\u00e3o no Deocl\u00e9cio Marques e no Jo\u00e3o Machado.<br \/>\nA abertura dos novos leitos no Deocl\u00e9cio e no Jo\u00e3o Machado, segundo a Sesap, tamb\u00e9m ter\u00e1 contrata\u00e7\u00e3o tempor\u00e1ria de 72 t\u00e9cnicos de enfermagem, seis t\u00e9cnicos de laborat\u00f3rio e tr\u00eas t\u00e9cnicos de farm\u00e1cia.<br \/>\nV\u00eddeos mais assistidos do g1 RN<\/p>","protected":false},"excerpt":{"rendered":"<p>Nomes foram publicados no Di\u00e1rio Oficial do Estado e aprovados t\u00eam um prazo de 30 dias para assumir os cargos. Edital do concurso \u00e9 de 2018. Hospital Col\u00f4nia Dr. Jo\u00e3o &#8230;<\/p>\n","protected":false},"author":0,"featured_media":6290,"parent":0,"menu_order":0,"comment_status":"closed","ping_status":"closed","template":"","meta":{"footnotes":""},"class_list":["post-6289","page","type-page","status-publish","has-post-thumbnail","hentry"],"yoast_head":"<!-- This site is optimized with the Yoast SEO plugin v27.1.1 - https:\/\/yoast.com\/product\/yoast-seo-wordpress\/ -->\n<title>Secretaria de Sa\u00fade do RN convoca 66 profissionais aprovados em concurso p\u00fablico - Taveira Jr<\/title>\n<meta name=\"robots\" content=\"index, follow, max-snippet:-1, max-image-preview:large, max-video-preview:-1\" \/>\n<link rel=\"canonical\" href=\"https:\/\/deputadotaveirajr.com.br\/index.php\/secretaria-de-saude-do-rn-convoca-66-profissionais-aprovados-em-concurso-publico\/\" \/>\n<meta property=\"og:locale\" content=\"pt_BR\" \/>\n<meta property=\"og:type\" content=\"article\" \/>\n<meta property=\"og:title\" content=\"Secretaria de Sa\u00fade do RN convoca 66 profissionais aprovados em concurso p\u00fablico - Taveira Jr\" \/>\n<meta property=\"og:description\" content=\"Nomes foram publicados no Di\u00e1rio Oficial do Estado e aprovados t\u00eam um prazo de 30 dias para assumir os cargos. Edital do concurso \u00e9 de 2018. Hospital Col\u00f4nia Dr. Jo\u00e3o ...\" \/>\n<meta property=\"og:url\" content=\"https:\/\/deputadotaveirajr.com.br\/index.php\/secretaria-de-saude-do-rn-convoca-66-profissionais-aprovados-em-concurso-publico\/\" \/>\n<meta property=\"og:site_name\" content=\"Taveira Jr\" \/>\n<meta property=\"og:image\" content=\"https:\/\/deputadotaveirajr.com.br\/wp-content\/uploads\/2024\/05\/joao-machad-Sx3Xa2.jpeg\" \/>\n\t<meta property=\"og:image:width\" content=\"1280\" \/>\n\t<meta property=\"og:image:height\" content=\"960\" \/>\n\t<meta property=\"og:image:type\" content=\"image\/jpeg\" \/>\n<meta name=\"twitter:card\" content=\"summary_large_image\" \/>\n<meta name=\"twitter:label1\" content=\"Est. tempo de leitura\" \/>\n\t<meta name=\"twitter:data1\" content=\"1 minuto\" \/>\n<script type=\"application\/ld+json\" class=\"yoast-schema-graph\">{\"@context\":\"https:\/\/schema.org\",\"@graph\":[{\"@type\":\"WebPage\",\"@id\":\"https:\/\/deputadotaveirajr.com.br\/index.php\/secretaria-de-saude-do-rn-convoca-66-profissionais-aprovados-em-concurso-publico\/\",\"url\":\"https:\/\/deputadotaveirajr.com.br\/index.php\/secretaria-de-saude-do-rn-convoca-66-profissionais-aprovados-em-concurso-publico\/\",\"name\":\"Secretaria de Sa\u00fade do RN convoca 66 profissionais aprovados em concurso p\u00fablico - Taveira Jr\",\"isPartOf\":{\"@id\":\"https:\/\/deputadotaveirajr.com.br\/#website\"},\"primaryImageOfPage\":{\"@id\":\"https:\/\/deputadotaveirajr.com.br\/index.php\/secretaria-de-saude-do-rn-convoca-66-profissionais-aprovados-em-concurso-publico\/#primaryimage\"},\"image\":{\"@id\":\"https:\/\/deputadotaveirajr.com.br\/index.php\/secretaria-de-saude-do-rn-convoca-66-profissionais-aprovados-em-concurso-publico\/#primaryimage\"},\"thumbnailUrl\":\"https:\/\/deputadotaveirajr.com.br\/wp-content\/uploads\/2024\/05\/joao-machad-Sx3Xa2.jpeg\",\"datePublished\":\"2024-05-18T16:42:11+00:00\",\"breadcrumb\":{\"@id\":\"https:\/\/deputadotaveirajr.com.br\/index.php\/secretaria-de-saude-do-rn-convoca-66-profissionais-aprovados-em-concurso-publico\/#breadcrumb\"},\"inLanguage\":\"pt-BR\",\"potentialAction\":[{\"@type\":\"ReadAction\",\"target\":[\"https:\/\/deputadotaveirajr.com.br\/index.php\/secretaria-de-saude-do-rn-convoca-66-profissionais-aprovados-em-concurso-publico\/\"]}]},{\"@type\":\"ImageObject\",\"inLanguage\":\"pt-BR\",\"@id\":\"https:\/\/deputadotaveirajr.com.br\/index.php\/secretaria-de-saude-do-rn-convoca-66-profissionais-aprovados-em-concurso-publico\/#primaryimage\",\"url\":\"https:\/\/deputadotaveirajr.com.br\/wp-content\/uploads\/2024\/05\/joao-machad-Sx3Xa2.jpeg\",\"contentUrl\":\"https:\/\/deputadotaveirajr.com.br\/wp-content\/uploads\/2024\/05\/joao-machad-Sx3Xa2.jpeg\",\"width\":1280,\"height\":960},{\"@type\":\"BreadcrumbList\",\"@id\":\"https:\/\/deputadotaveirajr.com.br\/index.php\/secretaria-de-saude-do-rn-convoca-66-profissionais-aprovados-em-concurso-publico\/#breadcrumb\",\"itemListElement\":[{\"@type\":\"ListItem\",\"position\":1,\"name\":\"In\u00edcio\",\"item\":\"https:\/\/deputadotaveirajr.com.br\/\"},{\"@type\":\"ListItem\",\"position\":2,\"name\":\"Secretaria de Sa\u00fade do RN convoca 66 profissionais aprovados em concurso p\u00fablico\"}]},{\"@type\":\"WebSite\",\"@id\":\"https:\/\/deputadotaveirajr.com.br\/#website\",\"url\":\"https:\/\/deputadotaveirajr.com.br\/\",\"name\":\"Taveira Jr\",\"description\":\"Deputado Estadual\",\"publisher\":{\"@id\":\"https:\/\/deputadotaveirajr.com.br\/#organization\"},\"potentialAction\":[{\"@type\":\"SearchAction\",\"target\":{\"@type\":\"EntryPoint\",\"urlTemplate\":\"https:\/\/deputadotaveirajr.com.br\/?s={search_term_string}\"},\"query-input\":{\"@type\":\"PropertyValueSpecification\",\"valueRequired\":true,\"valueName\":\"search_term_string\"}}],\"inLanguage\":\"pt-BR\"},{\"@type\":\"Organization\",\"@id\":\"https:\/\/deputadotaveirajr.com.br\/#organization\",\"name\":\"Taveira Jr\",\"url\":\"https:\/\/deputadotaveirajr.com.br\/\",\"logo\":{\"@type\":\"ImageObject\",\"inLanguage\":\"pt-BR\",\"@id\":\"https:\/\/deputadotaveirajr.com.br\/#\/schema\/logo\/image\/\",\"url\":\"https:\/\/deputadotaveirajr.com.br\/wp-content\/uploads\/2026\/01\/logolow2a.png\",\"contentUrl\":\"https:\/\/deputadotaveirajr.com.br\/wp-content\/uploads\/2026\/01\/logolow2a.png\",\"width\":290,\"height\":80,\"caption\":\"Taveira Jr\"},\"image\":{\"@id\":\"https:\/\/deputadotaveirajr.com.br\/#\/schema\/logo\/image\/\"}}]}<\/script>\n<!-- \/ Yoast SEO plugin. -->","yoast_head_json":{"title":"Secretaria de Sa\u00fade do RN convoca 66 profissionais aprovados em concurso p\u00fablico - Taveira Jr","robots":{"index":"index","follow":"follow","max-snippet":"max-snippet:-1","max-image-preview":"max-image-preview:large","max-video-preview":"max-video-preview:-1"},"canonical":"https:\/\/deputadotaveirajr.com.br\/index.php\/secretaria-de-saude-do-rn-convoca-66-profissionais-aprovados-em-concurso-publico\/","og_locale":"pt_BR","og_type":"article","og_title":"Secretaria de Sa\u00fade do RN convoca 66 profissionais aprovados em concurso p\u00fablico - Taveira Jr","og_description":"Nomes foram publicados no Di\u00e1rio Oficial do Estado e aprovados t\u00eam um prazo de 30 dias para assumir os cargos. Edital do concurso \u00e9 de 2018. Hospital Col\u00f4nia Dr. Jo\u00e3o ...","og_url":"https:\/\/deputadotaveirajr.com.br\/index.php\/secretaria-de-saude-do-rn-convoca-66-profissionais-aprovados-em-concurso-publico\/","og_site_name":"Taveira Jr","og_image":[{"width":1280,"height":960,"url":"https:\/\/deputadotaveirajr.com.br\/wp-content\/uploads\/2024\/05\/joao-machad-Sx3Xa2.jpeg","type":"image\/jpeg"}],"twitter_card":"summary_large_image","twitter_misc":{"Est. tempo de leitura":"1 minuto"},"schema":{"@context":"https:\/\/schema.org","@graph":[{"@type":"WebPage","@id":"https:\/\/deputadotaveirajr.com.br\/index.php\/secretaria-de-saude-do-rn-convoca-66-profissionais-aprovados-em-concurso-publico\/","url":"https:\/\/deputadotaveirajr.com.br\/index.php\/secretaria-de-saude-do-rn-convoca-66-profissionais-aprovados-em-concurso-publico\/","name":"Secretaria de Sa\u00fade do RN convoca 66 profissionais aprovados em concurso p\u00fablico - Taveira Jr","isPartOf":{"@id":"https:\/\/deputadotaveirajr.com.br\/#website"},"primaryImageOfPage":{"@id":"https:\/\/deputadotaveirajr.com.br\/index.php\/secretaria-de-saude-do-rn-convoca-66-profissionais-aprovados-em-concurso-publico\/#primaryimage"},"image":{"@id":"https:\/\/deputadotaveirajr.com.br\/index.php\/secretaria-de-saude-do-rn-convoca-66-profissionais-aprovados-em-concurso-publico\/#primaryimage"},"thumbnailUrl":"https:\/\/deputadotaveirajr.com.br\/wp-content\/uploads\/2024\/05\/joao-machad-Sx3Xa2.jpeg","datePublished":"2024-05-18T16:42:11+00:00","breadcrumb":{"@id":"https:\/\/deputadotaveirajr.com.br\/index.php\/secretaria-de-saude-do-rn-convoca-66-profissionais-aprovados-em-concurso-publico\/#breadcrumb"},"inLanguage":"pt-BR","potentialAction":[{"@type":"ReadAction","target":["https:\/\/deputadotaveirajr.com.br\/index.php\/secretaria-de-saude-do-rn-convoca-66-profissionais-aprovados-em-concurso-publico\/"]}]},{"@type":"ImageObject","inLanguage":"pt-BR","@id":"https:\/\/deputadotaveirajr.com.br\/index.php\/secretaria-de-saude-do-rn-convoca-66-profissionais-aprovados-em-concurso-publico\/#primaryimage","url":"https:\/\/deputadotaveirajr.com.br\/wp-content\/uploads\/2024\/05\/joao-machad-Sx3Xa2.jpeg","contentUrl":"https:\/\/deputadotaveirajr.com.br\/wp-content\/uploads\/2024\/05\/joao-machad-Sx3Xa2.jpeg","width":1280,"height":960},{"@type":"BreadcrumbList","@id":"https:\/\/deputadotaveirajr.com.br\/index.php\/secretaria-de-saude-do-rn-convoca-66-profissionais-aprovados-em-concurso-publico\/#breadcrumb","itemListElement":[{"@type":"ListItem","position":1,"name":"In\u00edcio","item":"https:\/\/deputadotaveirajr.com.br\/"},{"@type":"ListItem","position":2,"name":"Secretaria de Sa\u00fade do RN convoca 66 profissionais aprovados em concurso p\u00fablico"}]},{"@type":"WebSite","@id":"https:\/\/deputadotaveirajr.com.br\/#website","url":"https:\/\/deputadotaveirajr.com.br\/","name":"Taveira Jr","description":"Deputado Estadual","publisher":{"@id":"https:\/\/deputadotaveirajr.com.br\/#organization"},"potentialAction":[{"@type":"SearchAction","target":{"@type":"EntryPoint","urlTemplate":"https:\/\/deputadotaveirajr.com.br\/?s={search_term_string}"},"query-input":{"@type":"PropertyValueSpecification","valueRequired":true,"valueName":"search_term_string"}}],"inLanguage":"pt-BR"},{"@type":"Organization","@id":"https:\/\/deputadotaveirajr.com.br\/#organization","name":"Taveira Jr","url":"https:\/\/deputadotaveirajr.com.br\/","logo":{"@type":"ImageObject","inLanguage":"pt-BR","@id":"https:\/\/deputadotaveirajr.com.br\/#\/schema\/logo\/image\/","url":"https:\/\/deputadotaveirajr.com.br\/wp-content\/uploads\/2026\/01\/logolow2a.png","contentUrl":"https:\/\/deputadotaveirajr.com.br\/wp-content\/uploads\/2026\/01\/logolow2a.png","width":290,"height":80,"caption":"Taveira Jr"},"image":{"@id":"https:\/\/deputadotaveirajr.com.br\/#\/schema\/logo\/image\/"}}]}},"_links":{"self":[{"href":"https:\/\/deputadotaveirajr.com.br\/index.php\/wp-json\/wp\/v2\/pages\/6289","targetHints":{"allow":["GET"]}}],"collection":[{"href":"https:\/\/deputadotaveirajr.com.br\/index.php\/wp-json\/wp\/v2\/pages"}],"about":[{"href":"https:\/\/deputadotaveirajr.com.br\/index.php\/wp-json\/wp\/v2\/types\/page"}],"replies":[{"embeddable":true,"href":"https:\/\/deputadotaveirajr.com.br\/index.php\/wp-json\/wp\/v2\/comments?post=6289"}],"version-history":[{"count":1,"href":"https:\/\/deputadotaveirajr.com.br\/index.php\/wp-json\/wp\/v2\/pages\/6289\/revisions"}],"predecessor-version":[{"id":6293,"href":"https:\/\/deputadotaveirajr.com.br\/index.php\/wp-json\/wp\/v2\/pages\/6289\/revisions\/6293"}],"wp:featuredmedia":[{"embeddable":true,"href":"https:\/\/deputadotaveirajr.com.br\/index.php\/wp-json\/wp\/v2\/media\/6290"}],"wp:attachment":[{"href":"https:\/\/deputadotaveirajr.com.br\/index.php\/wp-json\/wp\/v2\/media?parent=6289"}],"curies":[{"name":"wp","href":"https:\/\/api.w.org\/{rel}","templated":true}]}}