{"id":6303,"date":"2024-05-19T11:01:09","date_gmt":"2024-05-19T14:01:09","guid":{"rendered":"https:\/\/deputadotaveirajr.com.br\/?page_id=6303"},"modified":"2024-05-19T11:01:09","modified_gmt":"2024-05-19T14:01:09","slug":"doacoes-de-leite-humano-beneficiam-mais-de-8-mil-recem-nascidos-no-rn-saiba-como-doar","status":"publish","type":"page","link":"https:\/\/deputadotaveirajr.com.br\/index.php\/doacoes-de-leite-humano-beneficiam-mais-de-8-mil-recem-nascidos-no-rn-saiba-como-doar\/","title":{"rendered":"Doa\u00e7\u00f5es de leite humano beneficiam mais de 8 mil rec\u00e9m-nascidos no RN; saiba como doar"},"content":{"rendered":"<p>     Em 2023, foram doados 5,7 mil litros de leite humano no Rio Grande do Norte. g1 apresenta lista de locais onde entregar o leite para doa\u00e7\u00e3o. Doa\u00e7\u00f5es de leite humano beneficiam mais de 8 mil rec\u00e9m-nascidos no RN<br \/>\nBreno Esaki\/Ag\u00eancia Sa\u00fade<br \/>\nA cada ano, 340 mil beb\u00eas brasileiros nascem prematuros ou com baixo peso, de acordo com estimativa do Minist\u00e9rio da Sa\u00fade. O n\u00famero corresponde a 12% do total de nascidos vivos. Eles s\u00e3o os principais beneficiados pela doa\u00e7\u00e3o de leite humano, fundamental para a sa\u00fade de beb\u00eas durante o per\u00edodo em que se encontram em Unidades de Tratamento Intensivo (UTIs) neonatais e n\u00e3o podem ser amamentados pela m\u00e3e.<br \/>\n\ud83d\udcf3Participe do canal do g1 RN no WhatsApp<br \/>\nDados do Minist\u00e9rio da Sa\u00fade apontam que, entre janeiro e dezembro de 2023, foram registrados 253 mil litros de leite humano doados no Brasil, beneficiando mais de 225 mil rec\u00e9m-nascidos. O n\u00famero \u00e9 8% maior do que o registrado no ano anterior, mas ainda representa apenas 55% da necessidade do pa\u00eds. No Rio Grande do Norte, foram doados 5,7 mil litros de leite humano, que chegaram a 8,5 mil rec\u00e9m-nascidos em unidades neonatais do estado.<br \/>\nO Dia Nacional de Doa\u00e7\u00e3o de Leite Humano, celebrado em 19 de maio, \u00e9 uma iniciativa para promover o aleitamento materno, incentivar doa\u00e7\u00f5es, promover debates, esclarecer d\u00favidas e divulgar bancos de leite aptos a receber e encaminhar doa\u00e7\u00f5es \u00e0s fam\u00edlias necessitadas. Neste ano, a data fecha a semana nacional em alus\u00e3o ao tema, fortalecida pela coopera\u00e7\u00e3o internacional pelo reconhecimento do Mercosul e Unasul.<br \/>\nCarol, m\u00e3e atendida no Instituto Santos Dumont (ISD), teve parto prematuro e sabe a import\u00e2ncia do gesto de solidariedade. &#8220;Eu doei para uma m\u00e3e de g\u00eameos, um casal que estava na UTI. Ela n\u00e3o estava conseguindo tirar leite de jeito nenhum e nem dar para o beb\u00ea, ent\u00e3o a m\u00e9dica do hospital falou comigo e eu concordei&#8221;, disse.<br \/>\nA preceptora pediatra do ISD, Stella Beatriz, explica que, na prematuridade, os beb\u00eas n\u00e3o t\u00eam for\u00e7a para puxar e engolir o leite materno. &#8220;Essa incoordena\u00e7\u00e3o do sugar para o deglutir faz com que eles n\u00e3o possam adquirir o leite sozinhos na amamenta\u00e7\u00e3o, a gente precisa dar atrav\u00e9s de sondas, e \u00e9 isso que \u00e9 o que vai manter o beb\u00ea bem alimentado&#8221;.<br \/>\nJohnatan, filho de Carol, nasceu aos sete meses, com microcefalia. A m\u00e3e teve dificuldades, mas foi orientada e conseguiu garantir a amamenta\u00e7\u00e3o do beb\u00ea. &#8220;Foi muito dif\u00edcil ele querer pegar no peito, mas eu estava conseguindo tirar e ir dando no copinho. Eu fiquei um m\u00eas com ele no hospital at\u00e9 ele aprender a mamar e pegar peso&#8221;, explicou.<br \/>\nA equipe multidisciplinar do ISD acompanha o crescimento e desenvolvimento do menino, que hoje est\u00e1 com um ano e dois meses de idade. Stella alerta que a garantia de um pr\u00e9-natal de qualidade, com acompanhamento e monitoramento constante, diminui significativamente o risco de prematuridade. Quando n\u00e3o \u00e9 poss\u00edvel evitar, o trabalho de parto ocorre mais pr\u00f3ximo do per\u00edodo correto do nascimento.<br \/>\nLeite humano garante prote\u00e7\u00e3o para os beb\u00eas<br \/>\nO leite humano possui propriedades \u00fanicas que possibilitam maiores chances de recupera\u00e7\u00e3o e uma vida mais saud\u00e1vel a esses beb\u00eas. O Minist\u00e9rio da Sa\u00fade estima que o aleitamento materno \u00e9 capaz de diminuir em at\u00e9 13% a morte de crian\u00e7as menores de 5 anos em todo o mundo por causas preven\u00edveis, diminuindo a ocorr\u00eancia de diarreias, afec\u00e7\u00f5es perinatais e infec\u00e7\u00f5es, principais causas de morte de rec\u00e9m-nascidos.<br \/>\n&#8220;A vantagem em rela\u00e7\u00e3o ao aleitamento artificial \u00e9 que ele tem protetores biol\u00f3gicos que melhoram a imunidade do beb\u00ea e favorecem o ganho de peso, por causa das prote\u00ednas que est\u00e3o presentes. A longo prazo, as crian\u00e7as que recebem o aleitamento materno exclusivo at\u00e9 os seis meses, complement\u00e1vel at\u00e9 dois anos ou mais, t\u00eam menos tend\u00eancia a ter hipertens\u00e3o, diabetes e obesidade&#8221;, explica a especialista do ISD.<br \/>\nAl\u00e9m dos benef\u00edcios aos prematuros, a doa\u00e7\u00e3o de leite humano busca suprir outras car\u00eancias no atendimento neonatal, como nos casos de beb\u00eas de m\u00e3es com dificuldades para amamentar, ou aqueles que, por motivos diversos, tenham perdido o v\u00ednculo com a m\u00e3e. Quando o rec\u00e9m-nascido perde o acesso \u00e0 amamenta\u00e7\u00e3o, ele precisa ser alimentado por meio de f\u00f3rmulas infantis, o que onera o SUS e n\u00e3o oferece a mesma efetividade.<br \/>\nCuidados que devem ser observados para a doa\u00e7\u00e3o de leite humano<br \/>\nUtilizar frasco de vidro com tampa de pl\u00e1stico<br \/>\nFerver previamente o frasco ou utilizar um fornecido pelo posto de coleta;<br \/>\nUtilizar touca ou len\u00e7o sobre os cabelos durante a coleta;<br \/>\nHigienizar as m\u00e3os com \u00e1gua e sab\u00e3o e os seios apenas com \u00e1gua;<br \/>\nO frasco n\u00e3o deve ficar cheio por completo (deixe dois dedos da borda);<br \/>\nIdentificar o frasco com seu nome completo, data do parto e a data da coleta;<br \/>\nGuardar o frasco tampado no freezer ou congelador at\u00e9 o momento da entrega.<br \/>\nSaiba onde entregar o seu leite para doa\u00e7\u00e3o<br \/>\nBancos de Leite Humano no Rio Grande do Norte<br \/>\nMaternidade Escola Janu\u00e1rio Cicco (Natal) &#8211; (84) 3342-5800<br \/>\nHospital Dr\u00ba Jos\u00e9 Pedro Bezerra (Natal) &#8211; (84) 3232-7728<br \/>\nHospital Central Coronel Pedro Germano (Natal) &#8211; (84) 3232-0941<br \/>\nHospital Maternidade Divino Amor (Parnamirim) &#8211; (84) 3272-4367<br \/>\nHospital do Serid\u00f3 (Caic\u00f3) &#8211; (84) 98192-2300<br \/>\nHospital Regional Parteira Maria Correia (Mossor\u00f3) &#8211; 84 3317-3050<br \/>\nPostos de Coleta de Leite Humano no Rio Grande do Norte<br \/>\nMaternidade Leide Morais (Natal) &#8211; (84) 3232-1548<br \/>\nMaternidade Araken Irer\u00ea Pinto (Natal) &#8211; (84) 3232-8431<br \/>\nHospital Universit\u00e1rio Ana Bezerra (Santa Cruz) &#8211; (84) 4042-1100<br \/>\nMaternidade Almeida Castro (Mossor\u00f3) &#8211; (84) 3315-1030<br \/>\nV\u00eddeos mais assistidos do g1 RN<\/p>","protected":false},"excerpt":{"rendered":"<p>Em 2023, foram doados 5,7 mil litros de leite humano no Rio Grande do Norte. g1 apresenta lista de locais onde entregar o leite para doa\u00e7\u00e3o. Doa\u00e7\u00f5es de leite humano &#8230;<\/p>\n","protected":false},"author":0,"featured_media":6304,"parent":0,"menu_order":0,"comment_status":"closed","ping_status":"closed","template":"","meta":{"footnotes":""},"class_list":["post-6303","page","type-page","status-publish","has-post-thumbnail","hentry"],"yoast_head":"<!-- This site is optimized with the Yoast SEO plugin v27.1.1 - https:\/\/yoast.com\/product\/yoast-seo-wordpress\/ -->\n<title>Doa\u00e7\u00f5es de leite humano beneficiam mais de 8 mil rec\u00e9m-nascidos no RN; saiba como doar - Taveira Jr<\/title>\n<meta name=\"robots\" content=\"index, follow, max-snippet:-1, max-image-preview:large, max-video-preview:-1\" \/>\n<link rel=\"canonical\" href=\"https:\/\/deputadotaveirajr.com.br\/index.php\/doacoes-de-leite-humano-beneficiam-mais-de-8-mil-recem-nascidos-no-rn-saiba-como-doar\/\" \/>\n<meta property=\"og:locale\" content=\"pt_BR\" \/>\n<meta property=\"og:type\" content=\"article\" \/>\n<meta property=\"og:title\" content=\"Doa\u00e7\u00f5es de leite humano beneficiam mais de 8 mil rec\u00e9m-nascidos no RN; saiba como doar - Taveira Jr\" \/>\n<meta property=\"og:description\" content=\"Em 2023, foram doados 5,7 mil litros de leite humano no Rio Grande do Norte. g1 apresenta lista de locais onde entregar o leite para doa\u00e7\u00e3o. Doa\u00e7\u00f5es de leite humano ...\" \/>\n<meta property=\"og:url\" content=\"https:\/\/deputadotaveirajr.com.br\/index.php\/doacoes-de-leite-humano-beneficiam-mais-de-8-mil-recem-nascidos-no-rn-saiba-como-doar\/\" \/>\n<meta property=\"og:site_name\" content=\"Taveira Jr\" \/>\n<meta property=\"og:image\" content=\"https:\/\/deputadotaveirajr.com.br\/wp-content\/uploads\/2024\/05\/foto-breno-esaki-saude-df-3-1-WAeU4M.jpeg\" \/>\n\t<meta property=\"og:image:width\" content=\"1920\" \/>\n\t<meta property=\"og:image:height\" content=\"1275\" \/>\n\t<meta property=\"og:image:type\" content=\"image\/jpeg\" \/>\n<meta name=\"twitter:card\" content=\"summary_large_image\" \/>\n<meta name=\"twitter:label1\" content=\"Est. tempo de leitura\" \/>\n\t<meta name=\"twitter:data1\" content=\"5 minutos\" \/>\n<script type=\"application\/ld+json\" class=\"yoast-schema-graph\">{\"@context\":\"https:\/\/schema.org\",\"@graph\":[{\"@type\":\"WebPage\",\"@id\":\"https:\/\/deputadotaveirajr.com.br\/index.php\/doacoes-de-leite-humano-beneficiam-mais-de-8-mil-recem-nascidos-no-rn-saiba-como-doar\/\",\"url\":\"https:\/\/deputadotaveirajr.com.br\/index.php\/doacoes-de-leite-humano-beneficiam-mais-de-8-mil-recem-nascidos-no-rn-saiba-como-doar\/\",\"name\":\"Doa\u00e7\u00f5es de leite humano beneficiam mais de 8 mil rec\u00e9m-nascidos no RN; saiba como doar - Taveira Jr\",\"isPartOf\":{\"@id\":\"https:\/\/deputadotaveirajr.com.br\/#website\"},\"primaryImageOfPage\":{\"@id\":\"https:\/\/deputadotaveirajr.com.br\/index.php\/doacoes-de-leite-humano-beneficiam-mais-de-8-mil-recem-nascidos-no-rn-saiba-como-doar\/#primaryimage\"},\"image\":{\"@id\":\"https:\/\/deputadotaveirajr.com.br\/index.php\/doacoes-de-leite-humano-beneficiam-mais-de-8-mil-recem-nascidos-no-rn-saiba-como-doar\/#primaryimage\"},\"thumbnailUrl\":\"https:\/\/deputadotaveirajr.com.br\/wp-content\/uploads\/2024\/05\/foto-breno-esaki-saude-df-3-1-WAeU4M.jpeg\",\"datePublished\":\"2024-05-19T14:01:09+00:00\",\"breadcrumb\":{\"@id\":\"https:\/\/deputadotaveirajr.com.br\/index.php\/doacoes-de-leite-humano-beneficiam-mais-de-8-mil-recem-nascidos-no-rn-saiba-como-doar\/#breadcrumb\"},\"inLanguage\":\"pt-BR\",\"potentialAction\":[{\"@type\":\"ReadAction\",\"target\":[\"https:\/\/deputadotaveirajr.com.br\/index.php\/doacoes-de-leite-humano-beneficiam-mais-de-8-mil-recem-nascidos-no-rn-saiba-como-doar\/\"]}]},{\"@type\":\"ImageObject\",\"inLanguage\":\"pt-BR\",\"@id\":\"https:\/\/deputadotaveirajr.com.br\/index.php\/doacoes-de-leite-humano-beneficiam-mais-de-8-mil-recem-nascidos-no-rn-saiba-como-doar\/#primaryimage\",\"url\":\"https:\/\/deputadotaveirajr.com.br\/wp-content\/uploads\/2024\/05\/foto-breno-esaki-saude-df-3-1-WAeU4M.jpeg\",\"contentUrl\":\"https:\/\/deputadotaveirajr.com.br\/wp-content\/uploads\/2024\/05\/foto-breno-esaki-saude-df-3-1-WAeU4M.jpeg\",\"width\":1920,\"height\":1275},{\"@type\":\"BreadcrumbList\",\"@id\":\"https:\/\/deputadotaveirajr.com.br\/index.php\/doacoes-de-leite-humano-beneficiam-mais-de-8-mil-recem-nascidos-no-rn-saiba-como-doar\/#breadcrumb\",\"itemListElement\":[{\"@type\":\"ListItem\",\"position\":1,\"name\":\"In\u00edcio\",\"item\":\"https:\/\/deputadotaveirajr.com.br\/\"},{\"@type\":\"ListItem\",\"position\":2,\"name\":\"Doa\u00e7\u00f5es de leite humano beneficiam mais de 8 mil rec\u00e9m-nascidos no RN; saiba como doar\"}]},{\"@type\":\"WebSite\",\"@id\":\"https:\/\/deputadotaveirajr.com.br\/#website\",\"url\":\"https:\/\/deputadotaveirajr.com.br\/\",\"name\":\"Taveira Jr\",\"description\":\"Deputado Estadual\",\"publisher\":{\"@id\":\"https:\/\/deputadotaveirajr.com.br\/#organization\"},\"potentialAction\":[{\"@type\":\"SearchAction\",\"target\":{\"@type\":\"EntryPoint\",\"urlTemplate\":\"https:\/\/deputadotaveirajr.com.br\/?s={search_term_string}\"},\"query-input\":{\"@type\":\"PropertyValueSpecification\",\"valueRequired\":true,\"valueName\":\"search_term_string\"}}],\"inLanguage\":\"pt-BR\"},{\"@type\":\"Organization\",\"@id\":\"https:\/\/deputadotaveirajr.com.br\/#organization\",\"name\":\"Taveira Jr\",\"url\":\"https:\/\/deputadotaveirajr.com.br\/\",\"logo\":{\"@type\":\"ImageObject\",\"inLanguage\":\"pt-BR\",\"@id\":\"https:\/\/deputadotaveirajr.com.br\/#\/schema\/logo\/image\/\",\"url\":\"https:\/\/deputadotaveirajr.com.br\/wp-content\/uploads\/2026\/01\/logolow2a.png\",\"contentUrl\":\"https:\/\/deputadotaveirajr.com.br\/wp-content\/uploads\/2026\/01\/logolow2a.png\",\"width\":290,\"height\":80,\"caption\":\"Taveira Jr\"},\"image\":{\"@id\":\"https:\/\/deputadotaveirajr.com.br\/#\/schema\/logo\/image\/\"}}]}<\/script>\n<!-- \/ Yoast SEO plugin. -->","yoast_head_json":{"title":"Doa\u00e7\u00f5es de leite humano beneficiam mais de 8 mil rec\u00e9m-nascidos no RN; saiba como doar - Taveira Jr","robots":{"index":"index","follow":"follow","max-snippet":"max-snippet:-1","max-image-preview":"max-image-preview:large","max-video-preview":"max-video-preview:-1"},"canonical":"https:\/\/deputadotaveirajr.com.br\/index.php\/doacoes-de-leite-humano-beneficiam-mais-de-8-mil-recem-nascidos-no-rn-saiba-como-doar\/","og_locale":"pt_BR","og_type":"article","og_title":"Doa\u00e7\u00f5es de leite humano beneficiam mais de 8 mil rec\u00e9m-nascidos no RN; saiba como doar - Taveira Jr","og_description":"Em 2023, foram doados 5,7 mil litros de leite humano no Rio Grande do Norte. g1 apresenta lista de locais onde entregar o leite para doa\u00e7\u00e3o. Doa\u00e7\u00f5es de leite humano ...","og_url":"https:\/\/deputadotaveirajr.com.br\/index.php\/doacoes-de-leite-humano-beneficiam-mais-de-8-mil-recem-nascidos-no-rn-saiba-como-doar\/","og_site_name":"Taveira Jr","og_image":[{"width":1920,"height":1275,"url":"https:\/\/deputadotaveirajr.com.br\/wp-content\/uploads\/2024\/05\/foto-breno-esaki-saude-df-3-1-WAeU4M.jpeg","type":"image\/jpeg"}],"twitter_card":"summary_large_image","twitter_misc":{"Est. tempo de leitura":"5 minutos"},"schema":{"@context":"https:\/\/schema.org","@graph":[{"@type":"WebPage","@id":"https:\/\/deputadotaveirajr.com.br\/index.php\/doacoes-de-leite-humano-beneficiam-mais-de-8-mil-recem-nascidos-no-rn-saiba-como-doar\/","url":"https:\/\/deputadotaveirajr.com.br\/index.php\/doacoes-de-leite-humano-beneficiam-mais-de-8-mil-recem-nascidos-no-rn-saiba-como-doar\/","name":"Doa\u00e7\u00f5es de leite humano beneficiam mais de 8 mil rec\u00e9m-nascidos no RN; saiba como doar - Taveira Jr","isPartOf":{"@id":"https:\/\/deputadotaveirajr.com.br\/#website"},"primaryImageOfPage":{"@id":"https:\/\/deputadotaveirajr.com.br\/index.php\/doacoes-de-leite-humano-beneficiam-mais-de-8-mil-recem-nascidos-no-rn-saiba-como-doar\/#primaryimage"},"image":{"@id":"https:\/\/deputadotaveirajr.com.br\/index.php\/doacoes-de-leite-humano-beneficiam-mais-de-8-mil-recem-nascidos-no-rn-saiba-como-doar\/#primaryimage"},"thumbnailUrl":"https:\/\/deputadotaveirajr.com.br\/wp-content\/uploads\/2024\/05\/foto-breno-esaki-saude-df-3-1-WAeU4M.jpeg","datePublished":"2024-05-19T14:01:09+00:00","breadcrumb":{"@id":"https:\/\/deputadotaveirajr.com.br\/index.php\/doacoes-de-leite-humano-beneficiam-mais-de-8-mil-recem-nascidos-no-rn-saiba-como-doar\/#breadcrumb"},"inLanguage":"pt-BR","potentialAction":[{"@type":"ReadAction","target":["https:\/\/deputadotaveirajr.com.br\/index.php\/doacoes-de-leite-humano-beneficiam-mais-de-8-mil-recem-nascidos-no-rn-saiba-como-doar\/"]}]},{"@type":"ImageObject","inLanguage":"pt-BR","@id":"https:\/\/deputadotaveirajr.com.br\/index.php\/doacoes-de-leite-humano-beneficiam-mais-de-8-mil-recem-nascidos-no-rn-saiba-como-doar\/#primaryimage","url":"https:\/\/deputadotaveirajr.com.br\/wp-content\/uploads\/2024\/05\/foto-breno-esaki-saude-df-3-1-WAeU4M.jpeg","contentUrl":"https:\/\/deputadotaveirajr.com.br\/wp-content\/uploads\/2024\/05\/foto-breno-esaki-saude-df-3-1-WAeU4M.jpeg","width":1920,"height":1275},{"@type":"BreadcrumbList","@id":"https:\/\/deputadotaveirajr.com.br\/index.php\/doacoes-de-leite-humano-beneficiam-mais-de-8-mil-recem-nascidos-no-rn-saiba-como-doar\/#breadcrumb","itemListElement":[{"@type":"ListItem","position":1,"name":"In\u00edcio","item":"https:\/\/deputadotaveirajr.com.br\/"},{"@type":"ListItem","position":2,"name":"Doa\u00e7\u00f5es de leite humano beneficiam mais de 8 mil rec\u00e9m-nascidos no RN; saiba como doar"}]},{"@type":"WebSite","@id":"https:\/\/deputadotaveirajr.com.br\/#website","url":"https:\/\/deputadotaveirajr.com.br\/","name":"Taveira Jr","description":"Deputado Estadual","publisher":{"@id":"https:\/\/deputadotaveirajr.com.br\/#organization"},"potentialAction":[{"@type":"SearchAction","target":{"@type":"EntryPoint","urlTemplate":"https:\/\/deputadotaveirajr.com.br\/?s={search_term_string}"},"query-input":{"@type":"PropertyValueSpecification","valueRequired":true,"valueName":"search_term_string"}}],"inLanguage":"pt-BR"},{"@type":"Organization","@id":"https:\/\/deputadotaveirajr.com.br\/#organization","name":"Taveira Jr","url":"https:\/\/deputadotaveirajr.com.br\/","logo":{"@type":"ImageObject","inLanguage":"pt-BR","@id":"https:\/\/deputadotaveirajr.com.br\/#\/schema\/logo\/image\/","url":"https:\/\/deputadotaveirajr.com.br\/wp-content\/uploads\/2026\/01\/logolow2a.png","contentUrl":"https:\/\/deputadotaveirajr.com.br\/wp-content\/uploads\/2026\/01\/logolow2a.png","width":290,"height":80,"caption":"Taveira Jr"},"image":{"@id":"https:\/\/deputadotaveirajr.com.br\/#\/schema\/logo\/image\/"}}]}},"_links":{"self":[{"href":"https:\/\/deputadotaveirajr.com.br\/index.php\/wp-json\/wp\/v2\/pages\/6303","targetHints":{"allow":["GET"]}}],"collection":[{"href":"https:\/\/deputadotaveirajr.com.br\/index.php\/wp-json\/wp\/v2\/pages"}],"about":[{"href":"https:\/\/deputadotaveirajr.com.br\/index.php\/wp-json\/wp\/v2\/types\/page"}],"replies":[{"embeddable":true,"href":"https:\/\/deputadotaveirajr.com.br\/index.php\/wp-json\/wp\/v2\/comments?post=6303"}],"version-history":[{"count":1,"href":"https:\/\/deputadotaveirajr.com.br\/index.php\/wp-json\/wp\/v2\/pages\/6303\/revisions"}],"predecessor-version":[{"id":6309,"href":"https:\/\/deputadotaveirajr.com.br\/index.php\/wp-json\/wp\/v2\/pages\/6303\/revisions\/6309"}],"wp:featuredmedia":[{"embeddable":true,"href":"https:\/\/deputadotaveirajr.com.br\/index.php\/wp-json\/wp\/v2\/media\/6304"}],"wp:attachment":[{"href":"https:\/\/deputadotaveirajr.com.br\/index.php\/wp-json\/wp\/v2\/media?parent=6303"}],"curies":[{"name":"wp","href":"https:\/\/api.w.org\/{rel}","templated":true}]}}