{"id":6308,"date":"2024-05-19T13:59:37","date_gmt":"2024-05-19T16:59:37","guid":{"rendered":"https:\/\/deputadotaveirajr.com.br\/?page_id=6308"},"modified":"2024-05-19T13:59:37","modified_gmt":"2024-05-19T16:59:37","slug":"operacao-resgata-adolescente-vitima-de-exploracao-sexual-na-grande-natal","status":"publish","type":"page","link":"https:\/\/deputadotaveirajr.com.br\/index.php\/operacao-resgata-adolescente-vitima-de-exploracao-sexual-na-grande-natal\/","title":{"rendered":"Opera\u00e7\u00e3o resgata adolescente v\u00edtima de explora\u00e7\u00e3o sexual na Grande Natal"},"content":{"rendered":"<p>Dois homens s\u00e3o presos. Adolescente de 15 anos ficou sob cuidados do Conselho Tutelar de Parnamirim. Uma adolescente v\u00edtima de explora\u00e7\u00e3o sexual foi resgatada durante opera\u00e7\u00e3o realizada na noite de sexta-feira (17), em Parnamirim, na Grande Natal. Dois homens foram presos.<br \/>\nA Opera\u00e7\u00e3o Domiduca X contou com a participa\u00e7\u00e3o da Pol\u00edcia Rodovi\u00e1ria Federal, Pol\u00edcia Civil, Corpo de Bombeiros, Instituto T\u00e9cnico-Cient\u00edfico de Per\u00edcia e Conselho Tutelar.<br \/>\n\ud83d\udcf3Participe do canal do g1 RN no WhatsApp<br \/>\nO resgate ocorreu em um estabelecimento comercial localizado nas proximidades do km 107 da BR-101, previamente identificado pelo Projeto Mapear da PRF. A adolescente de 15 anos que foi encontrada em situa\u00e7\u00e3o de vulnerabilidade ficou sob os cuidados do Conselho Tutelar de Parnamirim.<br \/>\nOs dois homens respons\u00e1veis pelo estabelecimento foram presos pelo crime de submeter crian\u00e7a ou adolescente \u00e0 prostitui\u00e7\u00e3o ou explora\u00e7\u00e3o sexual.<br \/>\nA Opera\u00e7\u00e3o Domiduca X \u00e9 uma a\u00e7\u00e3o nacional que o efetivo da PRF percorre pontos considerados cr\u00edticos, nas rodovias federais e proximidades, e fiscaliza ve\u00edculos e estabelecimentos com o objetivo de resgatar menores de idade v\u00edtimas de viola\u00e7\u00f5es dos direitos estabelecidos no Estatuto da Crian\u00e7a e do Adolescente (ECA).<br \/>\nV\u00eddeos mais assistidos do g1 RN<br \/>\nV\u00cdDEOS: Mais assistidos do Rio Grande do Norte nos \u00faltimos 7 dias| em G1 \/ RN \/ Rio Grande do Norte<\/p>","protected":false},"excerpt":{"rendered":"<p>Dois homens s\u00e3o presos. Adolescente de 15 anos ficou sob cuidados do Conselho Tutelar de Parnamirim. Uma adolescente v\u00edtima de explora\u00e7\u00e3o sexual foi resgatada durante opera\u00e7\u00e3o realizada na noite de &#8230;<\/p>\n","protected":false},"author":0,"featured_media":0,"parent":0,"menu_order":0,"comment_status":"closed","ping_status":"closed","template":"","meta":{"footnotes":""},"class_list":["post-6308","page","type-page","status-publish","hentry"],"yoast_head":"<!-- This site is optimized with the Yoast SEO plugin v27.1.1 - https:\/\/yoast.com\/product\/yoast-seo-wordpress\/ -->\n<title>Opera\u00e7\u00e3o resgata adolescente v\u00edtima de explora\u00e7\u00e3o sexual na Grande Natal - Taveira Jr<\/title>\n<meta name=\"robots\" content=\"index, follow, max-snippet:-1, max-image-preview:large, max-video-preview:-1\" \/>\n<link rel=\"canonical\" href=\"https:\/\/deputadotaveirajr.com.br\/index.php\/operacao-resgata-adolescente-vitima-de-exploracao-sexual-na-grande-natal\/\" \/>\n<meta property=\"og:locale\" content=\"pt_BR\" \/>\n<meta property=\"og:type\" content=\"article\" \/>\n<meta property=\"og:title\" content=\"Opera\u00e7\u00e3o resgata adolescente v\u00edtima de explora\u00e7\u00e3o sexual na Grande Natal - Taveira Jr\" \/>\n<meta property=\"og:description\" content=\"Dois homens s\u00e3o presos. Adolescente de 15 anos ficou sob cuidados do Conselho Tutelar de Parnamirim. Uma adolescente v\u00edtima de explora\u00e7\u00e3o sexual foi resgatada durante opera\u00e7\u00e3o realizada na noite de ...\" \/>\n<meta property=\"og:url\" content=\"https:\/\/deputadotaveirajr.com.br\/index.php\/operacao-resgata-adolescente-vitima-de-exploracao-sexual-na-grande-natal\/\" \/>\n<meta property=\"og:site_name\" content=\"Taveira Jr\" \/>\n<meta name=\"twitter:card\" content=\"summary_large_image\" \/>\n<meta name=\"twitter:label1\" content=\"Est. tempo de leitura\" \/>\n\t<meta name=\"twitter:data1\" content=\"1 minuto\" \/>\n<script type=\"application\/ld+json\" class=\"yoast-schema-graph\">{\"@context\":\"https:\/\/schema.org\",\"@graph\":[{\"@type\":\"WebPage\",\"@id\":\"https:\/\/deputadotaveirajr.com.br\/index.php\/operacao-resgata-adolescente-vitima-de-exploracao-sexual-na-grande-natal\/\",\"url\":\"https:\/\/deputadotaveirajr.com.br\/index.php\/operacao-resgata-adolescente-vitima-de-exploracao-sexual-na-grande-natal\/\",\"name\":\"Opera\u00e7\u00e3o resgata adolescente v\u00edtima de explora\u00e7\u00e3o sexual na Grande Natal - Taveira Jr\",\"isPartOf\":{\"@id\":\"https:\/\/deputadotaveirajr.com.br\/#website\"},\"datePublished\":\"2024-05-19T16:59:37+00:00\",\"breadcrumb\":{\"@id\":\"https:\/\/deputadotaveirajr.com.br\/index.php\/operacao-resgata-adolescente-vitima-de-exploracao-sexual-na-grande-natal\/#breadcrumb\"},\"inLanguage\":\"pt-BR\",\"potentialAction\":[{\"@type\":\"ReadAction\",\"target\":[\"https:\/\/deputadotaveirajr.com.br\/index.php\/operacao-resgata-adolescente-vitima-de-exploracao-sexual-na-grande-natal\/\"]}]},{\"@type\":\"BreadcrumbList\",\"@id\":\"https:\/\/deputadotaveirajr.com.br\/index.php\/operacao-resgata-adolescente-vitima-de-exploracao-sexual-na-grande-natal\/#breadcrumb\",\"itemListElement\":[{\"@type\":\"ListItem\",\"position\":1,\"name\":\"In\u00edcio\",\"item\":\"https:\/\/deputadotaveirajr.com.br\/\"},{\"@type\":\"ListItem\",\"position\":2,\"name\":\"Opera\u00e7\u00e3o resgata adolescente v\u00edtima de explora\u00e7\u00e3o sexual na Grande Natal\"}]},{\"@type\":\"WebSite\",\"@id\":\"https:\/\/deputadotaveirajr.com.br\/#website\",\"url\":\"https:\/\/deputadotaveirajr.com.br\/\",\"name\":\"Taveira Jr\",\"description\":\"Deputado Estadual\",\"publisher\":{\"@id\":\"https:\/\/deputadotaveirajr.com.br\/#organization\"},\"potentialAction\":[{\"@type\":\"SearchAction\",\"target\":{\"@type\":\"EntryPoint\",\"urlTemplate\":\"https:\/\/deputadotaveirajr.com.br\/?s={search_term_string}\"},\"query-input\":{\"@type\":\"PropertyValueSpecification\",\"valueRequired\":true,\"valueName\":\"search_term_string\"}}],\"inLanguage\":\"pt-BR\"},{\"@type\":\"Organization\",\"@id\":\"https:\/\/deputadotaveirajr.com.br\/#organization\",\"name\":\"Taveira Jr\",\"url\":\"https:\/\/deputadotaveirajr.com.br\/\",\"logo\":{\"@type\":\"ImageObject\",\"inLanguage\":\"pt-BR\",\"@id\":\"https:\/\/deputadotaveirajr.com.br\/#\/schema\/logo\/image\/\",\"url\":\"https:\/\/deputadotaveirajr.com.br\/wp-content\/uploads\/2026\/01\/logolow2a.png\",\"contentUrl\":\"https:\/\/deputadotaveirajr.com.br\/wp-content\/uploads\/2026\/01\/logolow2a.png\",\"width\":290,\"height\":80,\"caption\":\"Taveira Jr\"},\"image\":{\"@id\":\"https:\/\/deputadotaveirajr.com.br\/#\/schema\/logo\/image\/\"}}]}<\/script>\n<!-- \/ Yoast SEO plugin. -->","yoast_head_json":{"title":"Opera\u00e7\u00e3o resgata adolescente v\u00edtima de explora\u00e7\u00e3o sexual na Grande Natal - Taveira Jr","robots":{"index":"index","follow":"follow","max-snippet":"max-snippet:-1","max-image-preview":"max-image-preview:large","max-video-preview":"max-video-preview:-1"},"canonical":"https:\/\/deputadotaveirajr.com.br\/index.php\/operacao-resgata-adolescente-vitima-de-exploracao-sexual-na-grande-natal\/","og_locale":"pt_BR","og_type":"article","og_title":"Opera\u00e7\u00e3o resgata adolescente v\u00edtima de explora\u00e7\u00e3o sexual na Grande Natal - Taveira Jr","og_description":"Dois homens s\u00e3o presos. Adolescente de 15 anos ficou sob cuidados do Conselho Tutelar de Parnamirim. Uma adolescente v\u00edtima de explora\u00e7\u00e3o sexual foi resgatada durante opera\u00e7\u00e3o realizada na noite de ...","og_url":"https:\/\/deputadotaveirajr.com.br\/index.php\/operacao-resgata-adolescente-vitima-de-exploracao-sexual-na-grande-natal\/","og_site_name":"Taveira Jr","twitter_card":"summary_large_image","twitter_misc":{"Est. tempo de leitura":"1 minuto"},"schema":{"@context":"https:\/\/schema.org","@graph":[{"@type":"WebPage","@id":"https:\/\/deputadotaveirajr.com.br\/index.php\/operacao-resgata-adolescente-vitima-de-exploracao-sexual-na-grande-natal\/","url":"https:\/\/deputadotaveirajr.com.br\/index.php\/operacao-resgata-adolescente-vitima-de-exploracao-sexual-na-grande-natal\/","name":"Opera\u00e7\u00e3o resgata adolescente v\u00edtima de explora\u00e7\u00e3o sexual na Grande Natal - Taveira Jr","isPartOf":{"@id":"https:\/\/deputadotaveirajr.com.br\/#website"},"datePublished":"2024-05-19T16:59:37+00:00","breadcrumb":{"@id":"https:\/\/deputadotaveirajr.com.br\/index.php\/operacao-resgata-adolescente-vitima-de-exploracao-sexual-na-grande-natal\/#breadcrumb"},"inLanguage":"pt-BR","potentialAction":[{"@type":"ReadAction","target":["https:\/\/deputadotaveirajr.com.br\/index.php\/operacao-resgata-adolescente-vitima-de-exploracao-sexual-na-grande-natal\/"]}]},{"@type":"BreadcrumbList","@id":"https:\/\/deputadotaveirajr.com.br\/index.php\/operacao-resgata-adolescente-vitima-de-exploracao-sexual-na-grande-natal\/#breadcrumb","itemListElement":[{"@type":"ListItem","position":1,"name":"In\u00edcio","item":"https:\/\/deputadotaveirajr.com.br\/"},{"@type":"ListItem","position":2,"name":"Opera\u00e7\u00e3o resgata adolescente v\u00edtima de explora\u00e7\u00e3o sexual na Grande Natal"}]},{"@type":"WebSite","@id":"https:\/\/deputadotaveirajr.com.br\/#website","url":"https:\/\/deputadotaveirajr.com.br\/","name":"Taveira Jr","description":"Deputado Estadual","publisher":{"@id":"https:\/\/deputadotaveirajr.com.br\/#organization"},"potentialAction":[{"@type":"SearchAction","target":{"@type":"EntryPoint","urlTemplate":"https:\/\/deputadotaveirajr.com.br\/?s={search_term_string}"},"query-input":{"@type":"PropertyValueSpecification","valueRequired":true,"valueName":"search_term_string"}}],"inLanguage":"pt-BR"},{"@type":"Organization","@id":"https:\/\/deputadotaveirajr.com.br\/#organization","name":"Taveira Jr","url":"https:\/\/deputadotaveirajr.com.br\/","logo":{"@type":"ImageObject","inLanguage":"pt-BR","@id":"https:\/\/deputadotaveirajr.com.br\/#\/schema\/logo\/image\/","url":"https:\/\/deputadotaveirajr.com.br\/wp-content\/uploads\/2026\/01\/logolow2a.png","contentUrl":"https:\/\/deputadotaveirajr.com.br\/wp-content\/uploads\/2026\/01\/logolow2a.png","width":290,"height":80,"caption":"Taveira Jr"},"image":{"@id":"https:\/\/deputadotaveirajr.com.br\/#\/schema\/logo\/image\/"}}]}},"_links":{"self":[{"href":"https:\/\/deputadotaveirajr.com.br\/index.php\/wp-json\/wp\/v2\/pages\/6308","targetHints":{"allow":["GET"]}}],"collection":[{"href":"https:\/\/deputadotaveirajr.com.br\/index.php\/wp-json\/wp\/v2\/pages"}],"about":[{"href":"https:\/\/deputadotaveirajr.com.br\/index.php\/wp-json\/wp\/v2\/types\/page"}],"replies":[{"embeddable":true,"href":"https:\/\/deputadotaveirajr.com.br\/index.php\/wp-json\/wp\/v2\/comments?post=6308"}],"version-history":[{"count":1,"href":"https:\/\/deputadotaveirajr.com.br\/index.php\/wp-json\/wp\/v2\/pages\/6308\/revisions"}],"predecessor-version":[{"id":6315,"href":"https:\/\/deputadotaveirajr.com.br\/index.php\/wp-json\/wp\/v2\/pages\/6308\/revisions\/6315"}],"wp:attachment":[{"href":"https:\/\/deputadotaveirajr.com.br\/index.php\/wp-json\/wp\/v2\/media?parent=6308"}],"curies":[{"name":"wp","href":"https:\/\/api.w.org\/{rel}","templated":true}]}}