{"id":6326,"date":"2024-05-20T14:23:26","date_gmt":"2024-05-20T17:23:26","guid":{"rendered":"https:\/\/deputadotaveirajr.com.br\/?page_id=6326"},"modified":"2024-05-20T14:23:26","modified_gmt":"2024-05-20T17:23:26","slug":"rn-registra-chuvas-de-ate-162-milimetros-em-24-horas-nao-era-esperado-diz-emparn","status":"publish","type":"page","link":"https:\/\/deputadotaveirajr.com.br\/index.php\/rn-registra-chuvas-de-ate-162-milimetros-em-24-horas-nao-era-esperado-diz-emparn\/","title":{"rendered":"RN registra chuvas de at\u00e9 162 mil\u00edmetros em 24 horas: &#8216;N\u00e3o era esperado&#8217;, diz Emparn"},"content":{"rendered":"<p>     Chuvas mais fortes ocorreram em Campo Grande e Jandu\u00eds, no Oeste potiguar, entre a manh\u00e3 do domingo (19) e esta segunda (20).   Volume de \u00e1gua causa interdi\u00e7\u00e3o de passagem molhada em rio de Campo Grande<br \/>\nReprodu\u00e7\u00e3o<br \/>\nO interior do Rio Grande do Norte registrou fortes chuvas entre a manh\u00e3 do domingo (19) e o in\u00edcio da manh\u00e3 desta segunda (20). Em 24 horas, somente em Campo Grande, na regi\u00e3o Oeste, choveu 162 mil\u00edmetros. Em Jandu\u00eds, tamb\u00e9m no Oeste, os pluvi\u00f4metros registraram o acumulado de 150 mil\u00edmetros de \u00e1gua.<br \/>\nPara se ter uma ideia, o volume \u00e9 quase o total esperado para a regi\u00e3o Oeste ao longo dos meses de maio, junho e julho (175,2mm), segundo previs\u00e3o divulgada pelo setor de meteorologia da Empresa de Pesquisa Agropecu\u00e1ria (Emparn), em abril.<br \/>\nSegundo o chefe do setor, o meteorologista Gilmar Bristot, a chuva era inesperada para a regi\u00e3o, por uma s\u00e9rie de fatores, mas se formou principalmente pela a\u00e7\u00e3o do calor e da forte evapora\u00e7\u00e3o da \u00e1gua dos grandes reservat\u00f3rios da regi\u00e3o, que est\u00e3o cheios, como \u00e9 o caso da Barragem Armando Ribeiro Gon\u00e7alves e Umari.<br \/>\nMapa mostra volume de chuva em cidades do Rio Grande do Norte entre a manh\u00e3 de domingo (19) e a manh\u00e3 desta segunda (20).<br \/>\nEmparn\/Reprodu\u00e7\u00e3o<br \/>\n&#8220;Esse volume n\u00e3o era esperado, porque no m\u00eas de maio as chuvas j\u00e1 diminuem, por ser o ultimo m\u00eas do per\u00edodo chuvoso no interior do estado. N\u00e3o tinha previs\u00e3o de chuvas para o interior do estado nesse final de semana, at\u00e9 porque tem um bloqueio enorme sobre a parte central do Brasil dificultando a passagem das frentes frias, mas a gente observou que ontem \u00e0 tarde essa regi\u00e3o formou uma instabilidade bastante forte, intensa, e voc\u00ea tem v\u00e1rios reservat\u00f3rios de \u00e1gua que est\u00e3o cheios e liberam muita umidade. A evapora\u00e7\u00e3o dessa superf\u00edcie l\u00edquida alimentou a instabilidade e intensificou as chuvas, que poderiam ter sido menores&#8221;, explicou.<br \/>\nDe acordo com Gilmar Bristot, a zona de converg\u00eancia, que cria as instabilidades que causam chuvas na regi\u00e3o j\u00e1 est\u00e1 mais deslocada para o Norte e a previs\u00e3o \u00e9 de que o estado comece a registrar mais precipita\u00e7\u00f5es em outras regi\u00f5es, como o Litoral e o Agreste a partir deste m\u00eas.<br \/>\nO Instituto de Gest\u00e3o das \u00c1guas (Igarn) atribuiu \u00e0 chuva que caiu em Campo Grande, o aumento do volume da Barragem de Umari, que voltou a sangrar durante a madrugada. O terceiro maior reservat\u00f3rio de \u00e1gua do estado fica no munic\u00edpio de Upanema.<br \/>\nMaiores volumes registrados no Oeste potiguar<br \/>\nCampo Grande &#8211; 162.4 mm<br \/>\nJandu\u00eds &#8211; 150.2 mm<br \/>\nRodolfo Fernandes &#8211; 80 mm<br \/>\nTriunfo Potiguar &#8211; 55.8 mm<br \/>\nJucurutu &#8211; 55 mm<br \/>\nSeveriano Melo &#8211; 53.8 mm<br \/>\nCara\u00fabas &#8211; 53.2 mm<br \/>\nFelipe Guerra &#8211; 50 mm<br \/>\nApodi &#8211; 40 mm<br \/>\nVeja os v\u00eddeos mais assistidos no g1 RN<\/p>","protected":false},"excerpt":{"rendered":"<p>Chuvas mais fortes ocorreram em Campo Grande e Jandu\u00eds, no Oeste potiguar, entre a manh\u00e3 do domingo (19) e esta segunda (20). Volume de \u00e1gua causa interdi\u00e7\u00e3o de passagem molhada &#8230;<\/p>\n","protected":false},"author":0,"featured_media":6327,"parent":0,"menu_order":0,"comment_status":"closed","ping_status":"closed","template":"","meta":{"footnotes":""},"class_list":["post-6326","page","type-page","status-publish","has-post-thumbnail","hentry"],"yoast_head":"<!-- This site is optimized with the Yoast SEO plugin v27.1.1 - https:\/\/yoast.com\/product\/yoast-seo-wordpress\/ -->\n<title>RN registra chuvas de at\u00e9 162 mil\u00edmetros em 24 horas: &#039;N\u00e3o era esperado&#039;, diz Emparn - Taveira Jr<\/title>\n<meta name=\"robots\" content=\"index, follow, max-snippet:-1, max-image-preview:large, max-video-preview:-1\" \/>\n<link rel=\"canonical\" href=\"https:\/\/deputadotaveirajr.com.br\/index.php\/rn-registra-chuvas-de-ate-162-milimetros-em-24-horas-nao-era-esperado-diz-emparn\/\" \/>\n<meta property=\"og:locale\" content=\"pt_BR\" \/>\n<meta property=\"og:type\" content=\"article\" \/>\n<meta property=\"og:title\" content=\"RN registra chuvas de at\u00e9 162 mil\u00edmetros em 24 horas: &#039;N\u00e3o era esperado&#039;, diz Emparn - Taveira Jr\" \/>\n<meta property=\"og:description\" content=\"Chuvas mais fortes ocorreram em Campo Grande e Jandu\u00eds, no Oeste potiguar, entre a manh\u00e3 do domingo (19) e esta segunda (20). Volume de \u00e1gua causa interdi\u00e7\u00e3o de passagem molhada ...\" \/>\n<meta property=\"og:url\" content=\"https:\/\/deputadotaveirajr.com.br\/index.php\/rn-registra-chuvas-de-ate-162-milimetros-em-24-horas-nao-era-esperado-diz-emparn\/\" \/>\n<meta property=\"og:site_name\" content=\"Taveira Jr\" \/>\n<meta property=\"og:image\" content=\"https:\/\/deputadotaveirajr.com.br\/wp-content\/uploads\/2024\/05\/passagem-molhada-em-campo-grande-C1Iycv.jpeg\" \/>\n\t<meta property=\"og:image:width\" content=\"1535\" \/>\n\t<meta property=\"og:image:height\" content=\"860\" \/>\n\t<meta property=\"og:image:type\" content=\"image\/jpeg\" \/>\n<meta name=\"twitter:card\" content=\"summary_large_image\" \/>\n<meta name=\"twitter:label1\" content=\"Est. tempo de leitura\" \/>\n\t<meta name=\"twitter:data1\" content=\"2 minutos\" \/>\n<script type=\"application\/ld+json\" class=\"yoast-schema-graph\">{\"@context\":\"https:\/\/schema.org\",\"@graph\":[{\"@type\":\"WebPage\",\"@id\":\"https:\/\/deputadotaveirajr.com.br\/index.php\/rn-registra-chuvas-de-ate-162-milimetros-em-24-horas-nao-era-esperado-diz-emparn\/\",\"url\":\"https:\/\/deputadotaveirajr.com.br\/index.php\/rn-registra-chuvas-de-ate-162-milimetros-em-24-horas-nao-era-esperado-diz-emparn\/\",\"name\":\"RN registra chuvas de at\u00e9 162 mil\u00edmetros em 24 horas: 'N\u00e3o era esperado', diz Emparn - Taveira Jr\",\"isPartOf\":{\"@id\":\"https:\/\/deputadotaveirajr.com.br\/#website\"},\"primaryImageOfPage\":{\"@id\":\"https:\/\/deputadotaveirajr.com.br\/index.php\/rn-registra-chuvas-de-ate-162-milimetros-em-24-horas-nao-era-esperado-diz-emparn\/#primaryimage\"},\"image\":{\"@id\":\"https:\/\/deputadotaveirajr.com.br\/index.php\/rn-registra-chuvas-de-ate-162-milimetros-em-24-horas-nao-era-esperado-diz-emparn\/#primaryimage\"},\"thumbnailUrl\":\"https:\/\/deputadotaveirajr.com.br\/wp-content\/uploads\/2024\/05\/passagem-molhada-em-campo-grande-C1Iycv.jpeg\",\"datePublished\":\"2024-05-20T17:23:26+00:00\",\"breadcrumb\":{\"@id\":\"https:\/\/deputadotaveirajr.com.br\/index.php\/rn-registra-chuvas-de-ate-162-milimetros-em-24-horas-nao-era-esperado-diz-emparn\/#breadcrumb\"},\"inLanguage\":\"pt-BR\",\"potentialAction\":[{\"@type\":\"ReadAction\",\"target\":[\"https:\/\/deputadotaveirajr.com.br\/index.php\/rn-registra-chuvas-de-ate-162-milimetros-em-24-horas-nao-era-esperado-diz-emparn\/\"]}]},{\"@type\":\"ImageObject\",\"inLanguage\":\"pt-BR\",\"@id\":\"https:\/\/deputadotaveirajr.com.br\/index.php\/rn-registra-chuvas-de-ate-162-milimetros-em-24-horas-nao-era-esperado-diz-emparn\/#primaryimage\",\"url\":\"https:\/\/deputadotaveirajr.com.br\/wp-content\/uploads\/2024\/05\/passagem-molhada-em-campo-grande-C1Iycv.jpeg\",\"contentUrl\":\"https:\/\/deputadotaveirajr.com.br\/wp-content\/uploads\/2024\/05\/passagem-molhada-em-campo-grande-C1Iycv.jpeg\",\"width\":1535,\"height\":860},{\"@type\":\"BreadcrumbList\",\"@id\":\"https:\/\/deputadotaveirajr.com.br\/index.php\/rn-registra-chuvas-de-ate-162-milimetros-em-24-horas-nao-era-esperado-diz-emparn\/#breadcrumb\",\"itemListElement\":[{\"@type\":\"ListItem\",\"position\":1,\"name\":\"In\u00edcio\",\"item\":\"https:\/\/deputadotaveirajr.com.br\/\"},{\"@type\":\"ListItem\",\"position\":2,\"name\":\"RN registra chuvas de at\u00e9 162 mil\u00edmetros em 24 horas: &#8216;N\u00e3o era esperado&#8217;, diz Emparn\"}]},{\"@type\":\"WebSite\",\"@id\":\"https:\/\/deputadotaveirajr.com.br\/#website\",\"url\":\"https:\/\/deputadotaveirajr.com.br\/\",\"name\":\"Taveira Jr\",\"description\":\"Deputado Estadual\",\"publisher\":{\"@id\":\"https:\/\/deputadotaveirajr.com.br\/#organization\"},\"potentialAction\":[{\"@type\":\"SearchAction\",\"target\":{\"@type\":\"EntryPoint\",\"urlTemplate\":\"https:\/\/deputadotaveirajr.com.br\/?s={search_term_string}\"},\"query-input\":{\"@type\":\"PropertyValueSpecification\",\"valueRequired\":true,\"valueName\":\"search_term_string\"}}],\"inLanguage\":\"pt-BR\"},{\"@type\":\"Organization\",\"@id\":\"https:\/\/deputadotaveirajr.com.br\/#organization\",\"name\":\"Taveira Jr\",\"url\":\"https:\/\/deputadotaveirajr.com.br\/\",\"logo\":{\"@type\":\"ImageObject\",\"inLanguage\":\"pt-BR\",\"@id\":\"https:\/\/deputadotaveirajr.com.br\/#\/schema\/logo\/image\/\",\"url\":\"https:\/\/deputadotaveirajr.com.br\/wp-content\/uploads\/2026\/01\/logolow2a.png\",\"contentUrl\":\"https:\/\/deputadotaveirajr.com.br\/wp-content\/uploads\/2026\/01\/logolow2a.png\",\"width\":290,\"height\":80,\"caption\":\"Taveira Jr\"},\"image\":{\"@id\":\"https:\/\/deputadotaveirajr.com.br\/#\/schema\/logo\/image\/\"}}]}<\/script>\n<!-- \/ Yoast SEO plugin. -->","yoast_head_json":{"title":"RN registra chuvas de at\u00e9 162 mil\u00edmetros em 24 horas: 'N\u00e3o era esperado', diz Emparn - Taveira Jr","robots":{"index":"index","follow":"follow","max-snippet":"max-snippet:-1","max-image-preview":"max-image-preview:large","max-video-preview":"max-video-preview:-1"},"canonical":"https:\/\/deputadotaveirajr.com.br\/index.php\/rn-registra-chuvas-de-ate-162-milimetros-em-24-horas-nao-era-esperado-diz-emparn\/","og_locale":"pt_BR","og_type":"article","og_title":"RN registra chuvas de at\u00e9 162 mil\u00edmetros em 24 horas: 'N\u00e3o era esperado', diz Emparn - Taveira Jr","og_description":"Chuvas mais fortes ocorreram em Campo Grande e Jandu\u00eds, no Oeste potiguar, entre a manh\u00e3 do domingo (19) e esta segunda (20). Volume de \u00e1gua causa interdi\u00e7\u00e3o de passagem molhada ...","og_url":"https:\/\/deputadotaveirajr.com.br\/index.php\/rn-registra-chuvas-de-ate-162-milimetros-em-24-horas-nao-era-esperado-diz-emparn\/","og_site_name":"Taveira Jr","og_image":[{"width":1535,"height":860,"url":"https:\/\/deputadotaveirajr.com.br\/wp-content\/uploads\/2024\/05\/passagem-molhada-em-campo-grande-C1Iycv.jpeg","type":"image\/jpeg"}],"twitter_card":"summary_large_image","twitter_misc":{"Est. tempo de leitura":"2 minutos"},"schema":{"@context":"https:\/\/schema.org","@graph":[{"@type":"WebPage","@id":"https:\/\/deputadotaveirajr.com.br\/index.php\/rn-registra-chuvas-de-ate-162-milimetros-em-24-horas-nao-era-esperado-diz-emparn\/","url":"https:\/\/deputadotaveirajr.com.br\/index.php\/rn-registra-chuvas-de-ate-162-milimetros-em-24-horas-nao-era-esperado-diz-emparn\/","name":"RN registra chuvas de at\u00e9 162 mil\u00edmetros em 24 horas: 'N\u00e3o era esperado', diz Emparn - Taveira Jr","isPartOf":{"@id":"https:\/\/deputadotaveirajr.com.br\/#website"},"primaryImageOfPage":{"@id":"https:\/\/deputadotaveirajr.com.br\/index.php\/rn-registra-chuvas-de-ate-162-milimetros-em-24-horas-nao-era-esperado-diz-emparn\/#primaryimage"},"image":{"@id":"https:\/\/deputadotaveirajr.com.br\/index.php\/rn-registra-chuvas-de-ate-162-milimetros-em-24-horas-nao-era-esperado-diz-emparn\/#primaryimage"},"thumbnailUrl":"https:\/\/deputadotaveirajr.com.br\/wp-content\/uploads\/2024\/05\/passagem-molhada-em-campo-grande-C1Iycv.jpeg","datePublished":"2024-05-20T17:23:26+00:00","breadcrumb":{"@id":"https:\/\/deputadotaveirajr.com.br\/index.php\/rn-registra-chuvas-de-ate-162-milimetros-em-24-horas-nao-era-esperado-diz-emparn\/#breadcrumb"},"inLanguage":"pt-BR","potentialAction":[{"@type":"ReadAction","target":["https:\/\/deputadotaveirajr.com.br\/index.php\/rn-registra-chuvas-de-ate-162-milimetros-em-24-horas-nao-era-esperado-diz-emparn\/"]}]},{"@type":"ImageObject","inLanguage":"pt-BR","@id":"https:\/\/deputadotaveirajr.com.br\/index.php\/rn-registra-chuvas-de-ate-162-milimetros-em-24-horas-nao-era-esperado-diz-emparn\/#primaryimage","url":"https:\/\/deputadotaveirajr.com.br\/wp-content\/uploads\/2024\/05\/passagem-molhada-em-campo-grande-C1Iycv.jpeg","contentUrl":"https:\/\/deputadotaveirajr.com.br\/wp-content\/uploads\/2024\/05\/passagem-molhada-em-campo-grande-C1Iycv.jpeg","width":1535,"height":860},{"@type":"BreadcrumbList","@id":"https:\/\/deputadotaveirajr.com.br\/index.php\/rn-registra-chuvas-de-ate-162-milimetros-em-24-horas-nao-era-esperado-diz-emparn\/#breadcrumb","itemListElement":[{"@type":"ListItem","position":1,"name":"In\u00edcio","item":"https:\/\/deputadotaveirajr.com.br\/"},{"@type":"ListItem","position":2,"name":"RN registra chuvas de at\u00e9 162 mil\u00edmetros em 24 horas: &#8216;N\u00e3o era esperado&#8217;, diz Emparn"}]},{"@type":"WebSite","@id":"https:\/\/deputadotaveirajr.com.br\/#website","url":"https:\/\/deputadotaveirajr.com.br\/","name":"Taveira Jr","description":"Deputado Estadual","publisher":{"@id":"https:\/\/deputadotaveirajr.com.br\/#organization"},"potentialAction":[{"@type":"SearchAction","target":{"@type":"EntryPoint","urlTemplate":"https:\/\/deputadotaveirajr.com.br\/?s={search_term_string}"},"query-input":{"@type":"PropertyValueSpecification","valueRequired":true,"valueName":"search_term_string"}}],"inLanguage":"pt-BR"},{"@type":"Organization","@id":"https:\/\/deputadotaveirajr.com.br\/#organization","name":"Taveira Jr","url":"https:\/\/deputadotaveirajr.com.br\/","logo":{"@type":"ImageObject","inLanguage":"pt-BR","@id":"https:\/\/deputadotaveirajr.com.br\/#\/schema\/logo\/image\/","url":"https:\/\/deputadotaveirajr.com.br\/wp-content\/uploads\/2026\/01\/logolow2a.png","contentUrl":"https:\/\/deputadotaveirajr.com.br\/wp-content\/uploads\/2026\/01\/logolow2a.png","width":290,"height":80,"caption":"Taveira Jr"},"image":{"@id":"https:\/\/deputadotaveirajr.com.br\/#\/schema\/logo\/image\/"}}]}},"_links":{"self":[{"href":"https:\/\/deputadotaveirajr.com.br\/index.php\/wp-json\/wp\/v2\/pages\/6326","targetHints":{"allow":["GET"]}}],"collection":[{"href":"https:\/\/deputadotaveirajr.com.br\/index.php\/wp-json\/wp\/v2\/pages"}],"about":[{"href":"https:\/\/deputadotaveirajr.com.br\/index.php\/wp-json\/wp\/v2\/types\/page"}],"replies":[{"embeddable":true,"href":"https:\/\/deputadotaveirajr.com.br\/index.php\/wp-json\/wp\/v2\/comments?post=6326"}],"version-history":[{"count":1,"href":"https:\/\/deputadotaveirajr.com.br\/index.php\/wp-json\/wp\/v2\/pages\/6326\/revisions"}],"predecessor-version":[{"id":6331,"href":"https:\/\/deputadotaveirajr.com.br\/index.php\/wp-json\/wp\/v2\/pages\/6326\/revisions\/6331"}],"wp:featuredmedia":[{"embeddable":true,"href":"https:\/\/deputadotaveirajr.com.br\/index.php\/wp-json\/wp\/v2\/media\/6327"}],"wp:attachment":[{"href":"https:\/\/deputadotaveirajr.com.br\/index.php\/wp-json\/wp\/v2\/media?parent=6326"}],"curies":[{"name":"wp","href":"https:\/\/api.w.org\/{rel}","templated":true}]}}