{"id":6339,"date":"2024-05-20T22:05:10","date_gmt":"2024-05-21T01:05:10","guid":{"rendered":"https:\/\/deputadotaveirajr.com.br\/?page_id=6339"},"modified":"2024-05-20T22:05:10","modified_gmt":"2024-05-21T01:05:10","slug":"dnit-libera-desvio-na-br-304-e-motoristas-voltam-a-passar-pelo-trecho-apos-50-dias-no-rn","status":"publish","type":"page","link":"https:\/\/deputadotaveirajr.com.br\/index.php\/dnit-libera-desvio-na-br-304-e-motoristas-voltam-a-passar-pelo-trecho-apos-50-dias-no-rn\/","title":{"rendered":"Dnit libera desvio na BR-304 e motoristas voltam a passar pelo trecho ap\u00f3s 50 dias no RN"},"content":{"rendered":"<p>     Com obra iniciada em 3 de abril, trecho teve prazos de entrega adiados algumas vezes. Obra para reconstru\u00e7\u00e3o da ponte destru\u00edda por enxurrada na estrada n\u00e3o come\u00e7ou. Desvio da BR-304 liberada no RN<br \/>\nReprodu\u00e7\u00e3o\/Redes sociais<br \/>\nO desvio na BR-304, no munic\u00edpio de Lajes (RN), foi liberado nesta segunda-feira (20) para o tr\u00e1fego de ve\u00edculos ap\u00f3s 50 dias. A informa\u00e7\u00e3o foi confirmada pelo Departamento Nacional de Infraestrutura de Transportes (Dnit)<br \/>\nA passagem pelo trecho estava interditada desde o dia 31 de mar\u00e7o, quando a ponte sobre o rio Ponta da Serra caiu ap\u00f3s uma enxurrada.<br \/>\n\ud83d\udcf3Participe do canal do g1 RN no WhatsApp<br \/>\nO Dnit, ent\u00e3o, anunciou a constru\u00e7\u00e3o de um desvio para que os carros pudessem passar pelo trecho at\u00e9 que a ponte seja reconstru\u00edda. A obra da ponte n\u00e3o foi iniciada.<br \/>\nO g1 procurou o Dnit para saber se alguma obra segue sendo feita no pr\u00f3prio desvio, mesmo ap\u00f3s a libera\u00e7\u00e3o, mas n\u00e3o recebeu respostas at\u00e9 a atualiza\u00e7\u00e3o mais recente desta mat\u00e9ria.<br \/>\nV\u00eddeos enviados \u00e0 Inter TV Cabugi e ao g1 mostraram carros apenas em um dos sentidos passando pelo trecho. O Dnit, no entanto, tamb\u00e9m n\u00e3o comunicou sobre como passou a funcionar o desvio.<br \/>\nObra de desvio na BR-304 em Lajes (RN), do Dnit<br \/>\nDivulga\u00e7\u00e3o<br \/>\nAtrasos na entrega do desvio<br \/>\nA entrega do desvio foi adiada em algumas oportunidades. Inicialmente prevista ainda para o m\u00eas de abril, conclus\u00e3o passou a ser anunciada para  in\u00edcio de maio.<br \/>\nDepois, o Dnit informou que o desvio seria conclu\u00eddo, primeiro, no dia 10 de maio e, depois, no dia 15 de maio, o que tamb\u00e9m n\u00e3o ocorreu.<br \/>\nA autarquia informou que os atrasos ocorreram por contas das chuvas. O desvio come\u00e7ou a ser constru\u00eddo no dia 3 de abril.<br \/>\nDnit descumpre mais uma vez prazo para conclusa\u0303o de desvio na BR-304, RN<br \/>\nNeste per\u00edodo, um desvio improvisado aberto dentro de fazendas de Lajes passou a ser uma alternativa usada por motoristas que utilizam a BR-304.<br \/>\nPara acessar o desvio, que tem 2,7 km, os motoristas precisam desembolsar R$ 20, no caso de carros de passeio, e R$ 30 no caso de caminhonetes. Carretas n\u00e3o podem passar pelo trecho.<br \/>\nV\u00eddeos mais assistidos do g1 RN<\/p>","protected":false},"excerpt":{"rendered":"<p>Com obra iniciada em 3 de abril, trecho teve prazos de entrega adiados algumas vezes. Obra para reconstru\u00e7\u00e3o da ponte destru\u00edda por enxurrada na estrada n\u00e3o come\u00e7ou. Desvio da BR-304 &#8230;<\/p>\n","protected":false},"author":0,"featured_media":6340,"parent":0,"menu_order":0,"comment_status":"closed","ping_status":"closed","template":"","meta":{"footnotes":""},"class_list":["post-6339","page","type-page","status-publish","has-post-thumbnail","hentry"],"yoast_head":"<!-- This site is optimized with the Yoast SEO plugin v27.1.1 - https:\/\/yoast.com\/product\/yoast-seo-wordpress\/ -->\n<title>Dnit libera desvio na BR-304 e motoristas voltam a passar pelo trecho ap\u00f3s 50 dias no RN - Taveira Jr<\/title>\n<meta name=\"robots\" content=\"index, follow, max-snippet:-1, max-image-preview:large, max-video-preview:-1\" \/>\n<link rel=\"canonical\" href=\"https:\/\/deputadotaveirajr.com.br\/index.php\/dnit-libera-desvio-na-br-304-e-motoristas-voltam-a-passar-pelo-trecho-apos-50-dias-no-rn\/\" \/>\n<meta property=\"og:locale\" content=\"pt_BR\" \/>\n<meta property=\"og:type\" content=\"article\" \/>\n<meta property=\"og:title\" content=\"Dnit libera desvio na BR-304 e motoristas voltam a passar pelo trecho ap\u00f3s 50 dias no RN - Taveira Jr\" \/>\n<meta property=\"og:description\" content=\"Com obra iniciada em 3 de abril, trecho teve prazos de entrega adiados algumas vezes. Obra para reconstru\u00e7\u00e3o da ponte destru\u00edda por enxurrada na estrada n\u00e3o come\u00e7ou. Desvio da BR-304 ...\" \/>\n<meta property=\"og:url\" content=\"https:\/\/deputadotaveirajr.com.br\/index.php\/dnit-libera-desvio-na-br-304-e-motoristas-voltam-a-passar-pelo-trecho-apos-50-dias-no-rn\/\" \/>\n<meta property=\"og:site_name\" content=\"Taveira Jr\" \/>\n<meta property=\"og:image\" content=\"https:\/\/deputadotaveirajr.com.br\/wp-content\/uploads\/2024\/05\/umdoitres-qJEhMn.jpeg\" \/>\n\t<meta property=\"og:image:width\" content=\"602\" \/>\n\t<meta property=\"og:image:height\" content=\"487\" \/>\n\t<meta property=\"og:image:type\" content=\"image\/jpeg\" \/>\n<meta name=\"twitter:card\" content=\"summary_large_image\" \/>\n<meta name=\"twitter:label1\" content=\"Est. tempo de leitura\" \/>\n\t<meta name=\"twitter:data1\" content=\"2 minutos\" \/>\n<script type=\"application\/ld+json\" class=\"yoast-schema-graph\">{\"@context\":\"https:\/\/schema.org\",\"@graph\":[{\"@type\":\"WebPage\",\"@id\":\"https:\/\/deputadotaveirajr.com.br\/index.php\/dnit-libera-desvio-na-br-304-e-motoristas-voltam-a-passar-pelo-trecho-apos-50-dias-no-rn\/\",\"url\":\"https:\/\/deputadotaveirajr.com.br\/index.php\/dnit-libera-desvio-na-br-304-e-motoristas-voltam-a-passar-pelo-trecho-apos-50-dias-no-rn\/\",\"name\":\"Dnit libera desvio na BR-304 e motoristas voltam a passar pelo trecho ap\u00f3s 50 dias no RN - Taveira Jr\",\"isPartOf\":{\"@id\":\"https:\/\/deputadotaveirajr.com.br\/#website\"},\"primaryImageOfPage\":{\"@id\":\"https:\/\/deputadotaveirajr.com.br\/index.php\/dnit-libera-desvio-na-br-304-e-motoristas-voltam-a-passar-pelo-trecho-apos-50-dias-no-rn\/#primaryimage\"},\"image\":{\"@id\":\"https:\/\/deputadotaveirajr.com.br\/index.php\/dnit-libera-desvio-na-br-304-e-motoristas-voltam-a-passar-pelo-trecho-apos-50-dias-no-rn\/#primaryimage\"},\"thumbnailUrl\":\"https:\/\/deputadotaveirajr.com.br\/wp-content\/uploads\/2024\/05\/umdoitres-qJEhMn.jpeg\",\"datePublished\":\"2024-05-21T01:05:10+00:00\",\"breadcrumb\":{\"@id\":\"https:\/\/deputadotaveirajr.com.br\/index.php\/dnit-libera-desvio-na-br-304-e-motoristas-voltam-a-passar-pelo-trecho-apos-50-dias-no-rn\/#breadcrumb\"},\"inLanguage\":\"pt-BR\",\"potentialAction\":[{\"@type\":\"ReadAction\",\"target\":[\"https:\/\/deputadotaveirajr.com.br\/index.php\/dnit-libera-desvio-na-br-304-e-motoristas-voltam-a-passar-pelo-trecho-apos-50-dias-no-rn\/\"]}]},{\"@type\":\"ImageObject\",\"inLanguage\":\"pt-BR\",\"@id\":\"https:\/\/deputadotaveirajr.com.br\/index.php\/dnit-libera-desvio-na-br-304-e-motoristas-voltam-a-passar-pelo-trecho-apos-50-dias-no-rn\/#primaryimage\",\"url\":\"https:\/\/deputadotaveirajr.com.br\/wp-content\/uploads\/2024\/05\/umdoitres-qJEhMn.jpeg\",\"contentUrl\":\"https:\/\/deputadotaveirajr.com.br\/wp-content\/uploads\/2024\/05\/umdoitres-qJEhMn.jpeg\",\"width\":602,\"height\":487},{\"@type\":\"BreadcrumbList\",\"@id\":\"https:\/\/deputadotaveirajr.com.br\/index.php\/dnit-libera-desvio-na-br-304-e-motoristas-voltam-a-passar-pelo-trecho-apos-50-dias-no-rn\/#breadcrumb\",\"itemListElement\":[{\"@type\":\"ListItem\",\"position\":1,\"name\":\"In\u00edcio\",\"item\":\"https:\/\/deputadotaveirajr.com.br\/\"},{\"@type\":\"ListItem\",\"position\":2,\"name\":\"Dnit libera desvio na BR-304 e motoristas voltam a passar pelo trecho ap\u00f3s 50 dias no RN\"}]},{\"@type\":\"WebSite\",\"@id\":\"https:\/\/deputadotaveirajr.com.br\/#website\",\"url\":\"https:\/\/deputadotaveirajr.com.br\/\",\"name\":\"Taveira Jr\",\"description\":\"Deputado Estadual\",\"publisher\":{\"@id\":\"https:\/\/deputadotaveirajr.com.br\/#organization\"},\"potentialAction\":[{\"@type\":\"SearchAction\",\"target\":{\"@type\":\"EntryPoint\",\"urlTemplate\":\"https:\/\/deputadotaveirajr.com.br\/?s={search_term_string}\"},\"query-input\":{\"@type\":\"PropertyValueSpecification\",\"valueRequired\":true,\"valueName\":\"search_term_string\"}}],\"inLanguage\":\"pt-BR\"},{\"@type\":\"Organization\",\"@id\":\"https:\/\/deputadotaveirajr.com.br\/#organization\",\"name\":\"Taveira Jr\",\"url\":\"https:\/\/deputadotaveirajr.com.br\/\",\"logo\":{\"@type\":\"ImageObject\",\"inLanguage\":\"pt-BR\",\"@id\":\"https:\/\/deputadotaveirajr.com.br\/#\/schema\/logo\/image\/\",\"url\":\"https:\/\/deputadotaveirajr.com.br\/wp-content\/uploads\/2026\/01\/logolow2a.png\",\"contentUrl\":\"https:\/\/deputadotaveirajr.com.br\/wp-content\/uploads\/2026\/01\/logolow2a.png\",\"width\":290,\"height\":80,\"caption\":\"Taveira Jr\"},\"image\":{\"@id\":\"https:\/\/deputadotaveirajr.com.br\/#\/schema\/logo\/image\/\"}}]}<\/script>\n<!-- \/ Yoast SEO plugin. -->","yoast_head_json":{"title":"Dnit libera desvio na BR-304 e motoristas voltam a passar pelo trecho ap\u00f3s 50 dias no RN - Taveira Jr","robots":{"index":"index","follow":"follow","max-snippet":"max-snippet:-1","max-image-preview":"max-image-preview:large","max-video-preview":"max-video-preview:-1"},"canonical":"https:\/\/deputadotaveirajr.com.br\/index.php\/dnit-libera-desvio-na-br-304-e-motoristas-voltam-a-passar-pelo-trecho-apos-50-dias-no-rn\/","og_locale":"pt_BR","og_type":"article","og_title":"Dnit libera desvio na BR-304 e motoristas voltam a passar pelo trecho ap\u00f3s 50 dias no RN - Taveira Jr","og_description":"Com obra iniciada em 3 de abril, trecho teve prazos de entrega adiados algumas vezes. Obra para reconstru\u00e7\u00e3o da ponte destru\u00edda por enxurrada na estrada n\u00e3o come\u00e7ou. Desvio da BR-304 ...","og_url":"https:\/\/deputadotaveirajr.com.br\/index.php\/dnit-libera-desvio-na-br-304-e-motoristas-voltam-a-passar-pelo-trecho-apos-50-dias-no-rn\/","og_site_name":"Taveira Jr","og_image":[{"width":602,"height":487,"url":"https:\/\/deputadotaveirajr.com.br\/wp-content\/uploads\/2024\/05\/umdoitres-qJEhMn.jpeg","type":"image\/jpeg"}],"twitter_card":"summary_large_image","twitter_misc":{"Est. tempo de leitura":"2 minutos"},"schema":{"@context":"https:\/\/schema.org","@graph":[{"@type":"WebPage","@id":"https:\/\/deputadotaveirajr.com.br\/index.php\/dnit-libera-desvio-na-br-304-e-motoristas-voltam-a-passar-pelo-trecho-apos-50-dias-no-rn\/","url":"https:\/\/deputadotaveirajr.com.br\/index.php\/dnit-libera-desvio-na-br-304-e-motoristas-voltam-a-passar-pelo-trecho-apos-50-dias-no-rn\/","name":"Dnit libera desvio na BR-304 e motoristas voltam a passar pelo trecho ap\u00f3s 50 dias no RN - Taveira Jr","isPartOf":{"@id":"https:\/\/deputadotaveirajr.com.br\/#website"},"primaryImageOfPage":{"@id":"https:\/\/deputadotaveirajr.com.br\/index.php\/dnit-libera-desvio-na-br-304-e-motoristas-voltam-a-passar-pelo-trecho-apos-50-dias-no-rn\/#primaryimage"},"image":{"@id":"https:\/\/deputadotaveirajr.com.br\/index.php\/dnit-libera-desvio-na-br-304-e-motoristas-voltam-a-passar-pelo-trecho-apos-50-dias-no-rn\/#primaryimage"},"thumbnailUrl":"https:\/\/deputadotaveirajr.com.br\/wp-content\/uploads\/2024\/05\/umdoitres-qJEhMn.jpeg","datePublished":"2024-05-21T01:05:10+00:00","breadcrumb":{"@id":"https:\/\/deputadotaveirajr.com.br\/index.php\/dnit-libera-desvio-na-br-304-e-motoristas-voltam-a-passar-pelo-trecho-apos-50-dias-no-rn\/#breadcrumb"},"inLanguage":"pt-BR","potentialAction":[{"@type":"ReadAction","target":["https:\/\/deputadotaveirajr.com.br\/index.php\/dnit-libera-desvio-na-br-304-e-motoristas-voltam-a-passar-pelo-trecho-apos-50-dias-no-rn\/"]}]},{"@type":"ImageObject","inLanguage":"pt-BR","@id":"https:\/\/deputadotaveirajr.com.br\/index.php\/dnit-libera-desvio-na-br-304-e-motoristas-voltam-a-passar-pelo-trecho-apos-50-dias-no-rn\/#primaryimage","url":"https:\/\/deputadotaveirajr.com.br\/wp-content\/uploads\/2024\/05\/umdoitres-qJEhMn.jpeg","contentUrl":"https:\/\/deputadotaveirajr.com.br\/wp-content\/uploads\/2024\/05\/umdoitres-qJEhMn.jpeg","width":602,"height":487},{"@type":"BreadcrumbList","@id":"https:\/\/deputadotaveirajr.com.br\/index.php\/dnit-libera-desvio-na-br-304-e-motoristas-voltam-a-passar-pelo-trecho-apos-50-dias-no-rn\/#breadcrumb","itemListElement":[{"@type":"ListItem","position":1,"name":"In\u00edcio","item":"https:\/\/deputadotaveirajr.com.br\/"},{"@type":"ListItem","position":2,"name":"Dnit libera desvio na BR-304 e motoristas voltam a passar pelo trecho ap\u00f3s 50 dias no RN"}]},{"@type":"WebSite","@id":"https:\/\/deputadotaveirajr.com.br\/#website","url":"https:\/\/deputadotaveirajr.com.br\/","name":"Taveira Jr","description":"Deputado Estadual","publisher":{"@id":"https:\/\/deputadotaveirajr.com.br\/#organization"},"potentialAction":[{"@type":"SearchAction","target":{"@type":"EntryPoint","urlTemplate":"https:\/\/deputadotaveirajr.com.br\/?s={search_term_string}"},"query-input":{"@type":"PropertyValueSpecification","valueRequired":true,"valueName":"search_term_string"}}],"inLanguage":"pt-BR"},{"@type":"Organization","@id":"https:\/\/deputadotaveirajr.com.br\/#organization","name":"Taveira Jr","url":"https:\/\/deputadotaveirajr.com.br\/","logo":{"@type":"ImageObject","inLanguage":"pt-BR","@id":"https:\/\/deputadotaveirajr.com.br\/#\/schema\/logo\/image\/","url":"https:\/\/deputadotaveirajr.com.br\/wp-content\/uploads\/2026\/01\/logolow2a.png","contentUrl":"https:\/\/deputadotaveirajr.com.br\/wp-content\/uploads\/2026\/01\/logolow2a.png","width":290,"height":80,"caption":"Taveira Jr"},"image":{"@id":"https:\/\/deputadotaveirajr.com.br\/#\/schema\/logo\/image\/"}}]}},"_links":{"self":[{"href":"https:\/\/deputadotaveirajr.com.br\/index.php\/wp-json\/wp\/v2\/pages\/6339","targetHints":{"allow":["GET"]}}],"collection":[{"href":"https:\/\/deputadotaveirajr.com.br\/index.php\/wp-json\/wp\/v2\/pages"}],"about":[{"href":"https:\/\/deputadotaveirajr.com.br\/index.php\/wp-json\/wp\/v2\/types\/page"}],"replies":[{"embeddable":true,"href":"https:\/\/deputadotaveirajr.com.br\/index.php\/wp-json\/wp\/v2\/comments?post=6339"}],"version-history":[{"count":1,"href":"https:\/\/deputadotaveirajr.com.br\/index.php\/wp-json\/wp\/v2\/pages\/6339\/revisions"}],"predecessor-version":[{"id":6341,"href":"https:\/\/deputadotaveirajr.com.br\/index.php\/wp-json\/wp\/v2\/pages\/6339\/revisions\/6341"}],"wp:featuredmedia":[{"embeddable":true,"href":"https:\/\/deputadotaveirajr.com.br\/index.php\/wp-json\/wp\/v2\/media\/6340"}],"wp:attachment":[{"href":"https:\/\/deputadotaveirajr.com.br\/index.php\/wp-json\/wp\/v2\/media?parent=6339"}],"curies":[{"name":"wp","href":"https:\/\/api.w.org\/{rel}","templated":true}]}}