{"id":6365,"date":"2024-05-21T16:02:44","date_gmt":"2024-05-21T19:02:44","guid":{"rendered":"https:\/\/deputadotaveirajr.com.br\/?page_id=6365"},"modified":"2024-05-21T16:02:44","modified_gmt":"2024-05-21T19:02:44","slug":"edital-seleciona-11-agentes-territoriais-de-cultura-no-rio-grande-do-norte-veja-como-concorrer","status":"publish","type":"page","link":"https:\/\/deputadotaveirajr.com.br\/index.php\/edital-seleciona-11-agentes-territoriais-de-cultura-no-rio-grande-do-norte-veja-como-concorrer\/","title":{"rendered":"Edital seleciona 11 agentes territoriais de cultura no Rio Grande do Norte; veja como concorrer"},"content":{"rendered":"<p>     Edital prev\u00ea bolsa mensal de R$ 1,2 mil por 20 horas semanais de atua\u00e7\u00e3o.  Quadrilhas juninas s\u00e3o uma das manifesta\u00e7\u00f5es culturais do Rio Grande do Norte<br \/>\nIgor J\u00e1come\/g1<br \/>\nUm edital lan\u00e7ado em parceria entre o Minist\u00e9rio da Cultura e o IFRN vai selecionar 11 agentes territoriais de cultura para atuarem em diferentes cidades do Rio Grande do Norte.<br \/>\nAs vagas no estado ser\u00e3o disponibilizadas nas regi\u00f5es imediatas de Jo\u00e3o C\u00e2mara, Santo Ant\u00f4nio\/Passa e Fica\/ Nova Cruz, S\u00e3o Paulo do Potengi, Santa Cruz, Natal, Canguaretama, Mossor\u00f3, Assu, Pau dos Ferros, Currais Novos e Caic\u00f3.<br \/>\nPodem participar da sele\u00e7\u00e3o pessoas f\u00edsicas com conhecimento sobre as din\u00e2micas culturais e locais de suas comunidades, e que dever\u00e3o desenvolver atividades de promo\u00e7\u00e3o do acesso \u00e0 cultura nestas localidades.<br \/>\nPara concorrer \u00e0 oportunidade, \u00e9 preciso ter pelo menos 18 anos de idade, ser alfabetizado e contar com habilidades m\u00ednimas no uso de tecnologias digitais.<br \/>\nTamb\u00e9m \u00e9 preciso residir na regi\u00e3o correspondente \u00e0 vaga para a qual ir\u00e1 se inscrever e ter reconhecida atua\u00e7\u00e3o na \u00e1rea cultural em seu territ\u00f3rio.<br \/>\nBolsa<br \/>\nCada selecionado receber\u00e1 uma bolsa mensal de R$ 1,1 mil durante o per\u00edodo de 12 meses, podendo ser renovado por at\u00e9 igual per\u00edodo, al\u00e9m de um aux\u00edlio inclus\u00e3o digital de R$ 1 mil, depositado em parcela \u00fanica, e um aux\u00edlio inclus\u00e3o digital mensal &#8211; de R$ 25.<br \/>\nA carga hor\u00e1ria de atividades dos Agentes Territoriais de Cultura \u00e9 de 20 horas semanais, distribu\u00eddas da seguinte forma: forma\u00e7\u00e3o (5 horas), planejamento e orienta\u00e7\u00e3o (2 horas), articula\u00e7\u00e3o e mobiliza\u00e7\u00e3o (10 horas) e sistematiza\u00e7\u00e3o (3 horas).<br \/>\nMais de 600 vagas no pa\u00eds<br \/>\nA sele\u00e7\u00e3o contemplar\u00e1 601 pessoas em todas as regi\u00f5es do pa\u00eds e respeitar\u00e1 a seguinte divis\u00e3o: a regi\u00e3o Norte ter\u00e1 64 vagas; Centro-Oeste, 56; Nordeste, 175; Sudeste, 203; e Sul, 103.<br \/>\nA distribui\u00e7\u00e3o atende 510 Regi\u00f5es Imediatas que, de acordo com o Instituto Brasileiro de Geografia e Estat\u00edstica (IBGE), s\u00e3o agrupamentos de munic\u00edpios que t\u00eam como principal refer\u00eancia a rede urbana e possuem um centro urbano local como base. Em fun\u00e7\u00e3o dessas caracter\u00edsticas, essas \u00e1reas compartilham identidades culturais, econ\u00f4micas, possibilidades de deslocamentos em transportes coletivos, rede de educa\u00e7\u00e3o e servi\u00e7os de sa\u00fade.<br \/>\nAs atividades ser\u00e3o realizadas por meio da rede de parceiros do programa, dos Comit\u00eas de Cultura e de Agentes Territoriais de Cultura. Ademais, estar\u00e3o abertas a todas as pessoas, uma vez que s\u00e3o espa\u00e7os de debate, comunica\u00e7\u00e3o e mobiliza\u00e7\u00e3o da sociedade civil.<br \/>\nComo se inscrever<br \/>\nPara consultar o edital e realizar a inscri\u00e7\u00e3o o candidato deve acessar o link no site do IFRN (aqui).<br \/>\nNa \u00e1rea de inscri\u00e7\u00e3o, o candidato dever\u00e1 cadastrar e anexar todos os dados e documentos exigidos:<br \/>\nAutodeclara\u00e7\u00e3o de capacidade de leitura e habilidades m\u00ednimas no uso de tecnologias digitais, manuscrita e assinada, em formato PDF.<br \/>\nAutodeclara\u00e7\u00e3o de resid\u00eancia, assinada e em formato PDF (modelo no Anexo V). Ou c\u00f3pia do comprovante de resid\u00eancia atual, na localidade (Regi\u00e3o Imediata) da Unidade da Federa\u00e7\u00e3o que voc\u00ea quer concorrer, em formato JPG ou PDF.<br \/>\nProposta de A\u00e7\u00e3o Cultural, de acordo com modelo do Anexo VI.<br \/>\nLink de v\u00eddeo com at\u00e9 5 minutos narrando suas experi\u00eancias no campo art\u00edstico-cultural (modelo no Anexo VII).<br \/>\nComprova\u00e7\u00e3o art\u00edstico-cultural (opcional), apresentando sua atua\u00e7\u00e3o na \u00e1rea cultural em seu territ\u00f3rio. Ser\u00e3o aceitos como materiais: redes sociais, blogs ou sites da internet; cartazes, folhetos, folders, mat\u00e9rias em jornais; impressos; fotografias em eventos culturais; certificados ou declara\u00e7\u00f5es emitidas por institui\u00e7\u00f5es id\u00f4neas, mostrando a participa\u00e7\u00e3o da pessoa em atividades culturais; participa\u00e7\u00e3o em Conselhos de Cultura; e outros materiais, desde que relacionados \u00e0 sua atua\u00e7\u00e3o cultural.<br \/>\nVeja os v\u00eddeos mais assistidos no g1 RN<\/p>","protected":false},"excerpt":{"rendered":"<p>Edital prev\u00ea bolsa mensal de R$ 1,2 mil por 20 horas semanais de atua\u00e7\u00e3o. Quadrilhas juninas s\u00e3o uma das manifesta\u00e7\u00f5es culturais do Rio Grande do Norte Igor J\u00e1come\/g1 Um edital &#8230;<\/p>\n","protected":false},"author":0,"featured_media":6366,"parent":0,"menu_order":0,"comment_status":"closed","ping_status":"closed","template":"","meta":{"footnotes":""},"class_list":["post-6365","page","type-page","status-publish","has-post-thumbnail","hentry"],"yoast_head":"<!-- This site is optimized with the Yoast SEO plugin v27.1.1 - https:\/\/yoast.com\/product\/yoast-seo-wordpress\/ -->\n<title>Edital seleciona 11 agentes territoriais de cultura no Rio Grande do Norte; veja como concorrer - Taveira Jr<\/title>\n<meta name=\"robots\" content=\"index, follow, max-snippet:-1, max-image-preview:large, max-video-preview:-1\" \/>\n<link rel=\"canonical\" href=\"https:\/\/deputadotaveirajr.com.br\/index.php\/edital-seleciona-11-agentes-territoriais-de-cultura-no-rio-grande-do-norte-veja-como-concorrer\/\" \/>\n<meta property=\"og:locale\" content=\"pt_BR\" \/>\n<meta property=\"og:type\" content=\"article\" \/>\n<meta property=\"og:title\" content=\"Edital seleciona 11 agentes territoriais de cultura no Rio Grande do Norte; veja como concorrer - Taveira Jr\" \/>\n<meta property=\"og:description\" content=\"Edital prev\u00ea bolsa mensal de R$ 1,2 mil por 20 horas semanais de atua\u00e7\u00e3o. Quadrilhas juninas s\u00e3o uma das manifesta\u00e7\u00f5es culturais do Rio Grande do Norte Igor J\u00e1come\/g1 Um edital ...\" \/>\n<meta property=\"og:url\" content=\"https:\/\/deputadotaveirajr.com.br\/index.php\/edital-seleciona-11-agentes-territoriais-de-cultura-no-rio-grande-do-norte-veja-como-concorrer\/\" \/>\n<meta property=\"og:site_name\" content=\"Taveira Jr\" \/>\n<meta property=\"og:image\" content=\"https:\/\/deputadotaveirajr.com.br\/wp-content\/uploads\/2024\/05\/quadrilha-5VP7cr-scaled.jpeg\" \/>\n\t<meta property=\"og:image:width\" content=\"2560\" \/>\n\t<meta property=\"og:image:height\" content=\"1920\" \/>\n\t<meta property=\"og:image:type\" content=\"image\/jpeg\" \/>\n<meta name=\"twitter:card\" content=\"summary_large_image\" \/>\n<meta name=\"twitter:label1\" content=\"Est. tempo de leitura\" \/>\n\t<meta name=\"twitter:data1\" content=\"3 minutos\" \/>\n<script type=\"application\/ld+json\" class=\"yoast-schema-graph\">{\"@context\":\"https:\/\/schema.org\",\"@graph\":[{\"@type\":\"WebPage\",\"@id\":\"https:\/\/deputadotaveirajr.com.br\/index.php\/edital-seleciona-11-agentes-territoriais-de-cultura-no-rio-grande-do-norte-veja-como-concorrer\/\",\"url\":\"https:\/\/deputadotaveirajr.com.br\/index.php\/edital-seleciona-11-agentes-territoriais-de-cultura-no-rio-grande-do-norte-veja-como-concorrer\/\",\"name\":\"Edital seleciona 11 agentes territoriais de cultura no Rio Grande do Norte; veja como concorrer - Taveira Jr\",\"isPartOf\":{\"@id\":\"https:\/\/deputadotaveirajr.com.br\/#website\"},\"primaryImageOfPage\":{\"@id\":\"https:\/\/deputadotaveirajr.com.br\/index.php\/edital-seleciona-11-agentes-territoriais-de-cultura-no-rio-grande-do-norte-veja-como-concorrer\/#primaryimage\"},\"image\":{\"@id\":\"https:\/\/deputadotaveirajr.com.br\/index.php\/edital-seleciona-11-agentes-territoriais-de-cultura-no-rio-grande-do-norte-veja-como-concorrer\/#primaryimage\"},\"thumbnailUrl\":\"https:\/\/deputadotaveirajr.com.br\/wp-content\/uploads\/2024\/05\/quadrilha-5VP7cr-scaled.jpeg\",\"datePublished\":\"2024-05-21T19:02:44+00:00\",\"breadcrumb\":{\"@id\":\"https:\/\/deputadotaveirajr.com.br\/index.php\/edital-seleciona-11-agentes-territoriais-de-cultura-no-rio-grande-do-norte-veja-como-concorrer\/#breadcrumb\"},\"inLanguage\":\"pt-BR\",\"potentialAction\":[{\"@type\":\"ReadAction\",\"target\":[\"https:\/\/deputadotaveirajr.com.br\/index.php\/edital-seleciona-11-agentes-territoriais-de-cultura-no-rio-grande-do-norte-veja-como-concorrer\/\"]}]},{\"@type\":\"ImageObject\",\"inLanguage\":\"pt-BR\",\"@id\":\"https:\/\/deputadotaveirajr.com.br\/index.php\/edital-seleciona-11-agentes-territoriais-de-cultura-no-rio-grande-do-norte-veja-como-concorrer\/#primaryimage\",\"url\":\"https:\/\/deputadotaveirajr.com.br\/wp-content\/uploads\/2024\/05\/quadrilha-5VP7cr-scaled.jpeg\",\"contentUrl\":\"https:\/\/deputadotaveirajr.com.br\/wp-content\/uploads\/2024\/05\/quadrilha-5VP7cr-scaled.jpeg\",\"width\":2560,\"height\":1920},{\"@type\":\"BreadcrumbList\",\"@id\":\"https:\/\/deputadotaveirajr.com.br\/index.php\/edital-seleciona-11-agentes-territoriais-de-cultura-no-rio-grande-do-norte-veja-como-concorrer\/#breadcrumb\",\"itemListElement\":[{\"@type\":\"ListItem\",\"position\":1,\"name\":\"In\u00edcio\",\"item\":\"https:\/\/deputadotaveirajr.com.br\/\"},{\"@type\":\"ListItem\",\"position\":2,\"name\":\"Edital seleciona 11 agentes territoriais de cultura no Rio Grande do Norte; veja como concorrer\"}]},{\"@type\":\"WebSite\",\"@id\":\"https:\/\/deputadotaveirajr.com.br\/#website\",\"url\":\"https:\/\/deputadotaveirajr.com.br\/\",\"name\":\"Taveira Jr\",\"description\":\"Deputado Estadual\",\"publisher\":{\"@id\":\"https:\/\/deputadotaveirajr.com.br\/#organization\"},\"potentialAction\":[{\"@type\":\"SearchAction\",\"target\":{\"@type\":\"EntryPoint\",\"urlTemplate\":\"https:\/\/deputadotaveirajr.com.br\/?s={search_term_string}\"},\"query-input\":{\"@type\":\"PropertyValueSpecification\",\"valueRequired\":true,\"valueName\":\"search_term_string\"}}],\"inLanguage\":\"pt-BR\"},{\"@type\":\"Organization\",\"@id\":\"https:\/\/deputadotaveirajr.com.br\/#organization\",\"name\":\"Taveira Jr\",\"url\":\"https:\/\/deputadotaveirajr.com.br\/\",\"logo\":{\"@type\":\"ImageObject\",\"inLanguage\":\"pt-BR\",\"@id\":\"https:\/\/deputadotaveirajr.com.br\/#\/schema\/logo\/image\/\",\"url\":\"https:\/\/deputadotaveirajr.com.br\/wp-content\/uploads\/2026\/01\/logolow2a.png\",\"contentUrl\":\"https:\/\/deputadotaveirajr.com.br\/wp-content\/uploads\/2026\/01\/logolow2a.png\",\"width\":290,\"height\":80,\"caption\":\"Taveira Jr\"},\"image\":{\"@id\":\"https:\/\/deputadotaveirajr.com.br\/#\/schema\/logo\/image\/\"}}]}<\/script>\n<!-- \/ Yoast SEO plugin. -->","yoast_head_json":{"title":"Edital seleciona 11 agentes territoriais de cultura no Rio Grande do Norte; veja como concorrer - Taveira Jr","robots":{"index":"index","follow":"follow","max-snippet":"max-snippet:-1","max-image-preview":"max-image-preview:large","max-video-preview":"max-video-preview:-1"},"canonical":"https:\/\/deputadotaveirajr.com.br\/index.php\/edital-seleciona-11-agentes-territoriais-de-cultura-no-rio-grande-do-norte-veja-como-concorrer\/","og_locale":"pt_BR","og_type":"article","og_title":"Edital seleciona 11 agentes territoriais de cultura no Rio Grande do Norte; veja como concorrer - Taveira Jr","og_description":"Edital prev\u00ea bolsa mensal de R$ 1,2 mil por 20 horas semanais de atua\u00e7\u00e3o. Quadrilhas juninas s\u00e3o uma das manifesta\u00e7\u00f5es culturais do Rio Grande do Norte Igor J\u00e1come\/g1 Um edital ...","og_url":"https:\/\/deputadotaveirajr.com.br\/index.php\/edital-seleciona-11-agentes-territoriais-de-cultura-no-rio-grande-do-norte-veja-como-concorrer\/","og_site_name":"Taveira Jr","og_image":[{"width":2560,"height":1920,"url":"https:\/\/deputadotaveirajr.com.br\/wp-content\/uploads\/2024\/05\/quadrilha-5VP7cr-scaled.jpeg","type":"image\/jpeg"}],"twitter_card":"summary_large_image","twitter_misc":{"Est. tempo de leitura":"3 minutos"},"schema":{"@context":"https:\/\/schema.org","@graph":[{"@type":"WebPage","@id":"https:\/\/deputadotaveirajr.com.br\/index.php\/edital-seleciona-11-agentes-territoriais-de-cultura-no-rio-grande-do-norte-veja-como-concorrer\/","url":"https:\/\/deputadotaveirajr.com.br\/index.php\/edital-seleciona-11-agentes-territoriais-de-cultura-no-rio-grande-do-norte-veja-como-concorrer\/","name":"Edital seleciona 11 agentes territoriais de cultura no Rio Grande do Norte; veja como concorrer - Taveira Jr","isPartOf":{"@id":"https:\/\/deputadotaveirajr.com.br\/#website"},"primaryImageOfPage":{"@id":"https:\/\/deputadotaveirajr.com.br\/index.php\/edital-seleciona-11-agentes-territoriais-de-cultura-no-rio-grande-do-norte-veja-como-concorrer\/#primaryimage"},"image":{"@id":"https:\/\/deputadotaveirajr.com.br\/index.php\/edital-seleciona-11-agentes-territoriais-de-cultura-no-rio-grande-do-norte-veja-como-concorrer\/#primaryimage"},"thumbnailUrl":"https:\/\/deputadotaveirajr.com.br\/wp-content\/uploads\/2024\/05\/quadrilha-5VP7cr-scaled.jpeg","datePublished":"2024-05-21T19:02:44+00:00","breadcrumb":{"@id":"https:\/\/deputadotaveirajr.com.br\/index.php\/edital-seleciona-11-agentes-territoriais-de-cultura-no-rio-grande-do-norte-veja-como-concorrer\/#breadcrumb"},"inLanguage":"pt-BR","potentialAction":[{"@type":"ReadAction","target":["https:\/\/deputadotaveirajr.com.br\/index.php\/edital-seleciona-11-agentes-territoriais-de-cultura-no-rio-grande-do-norte-veja-como-concorrer\/"]}]},{"@type":"ImageObject","inLanguage":"pt-BR","@id":"https:\/\/deputadotaveirajr.com.br\/index.php\/edital-seleciona-11-agentes-territoriais-de-cultura-no-rio-grande-do-norte-veja-como-concorrer\/#primaryimage","url":"https:\/\/deputadotaveirajr.com.br\/wp-content\/uploads\/2024\/05\/quadrilha-5VP7cr-scaled.jpeg","contentUrl":"https:\/\/deputadotaveirajr.com.br\/wp-content\/uploads\/2024\/05\/quadrilha-5VP7cr-scaled.jpeg","width":2560,"height":1920},{"@type":"BreadcrumbList","@id":"https:\/\/deputadotaveirajr.com.br\/index.php\/edital-seleciona-11-agentes-territoriais-de-cultura-no-rio-grande-do-norte-veja-como-concorrer\/#breadcrumb","itemListElement":[{"@type":"ListItem","position":1,"name":"In\u00edcio","item":"https:\/\/deputadotaveirajr.com.br\/"},{"@type":"ListItem","position":2,"name":"Edital seleciona 11 agentes territoriais de cultura no Rio Grande do Norte; veja como concorrer"}]},{"@type":"WebSite","@id":"https:\/\/deputadotaveirajr.com.br\/#website","url":"https:\/\/deputadotaveirajr.com.br\/","name":"Taveira Jr","description":"Deputado Estadual","publisher":{"@id":"https:\/\/deputadotaveirajr.com.br\/#organization"},"potentialAction":[{"@type":"SearchAction","target":{"@type":"EntryPoint","urlTemplate":"https:\/\/deputadotaveirajr.com.br\/?s={search_term_string}"},"query-input":{"@type":"PropertyValueSpecification","valueRequired":true,"valueName":"search_term_string"}}],"inLanguage":"pt-BR"},{"@type":"Organization","@id":"https:\/\/deputadotaveirajr.com.br\/#organization","name":"Taveira Jr","url":"https:\/\/deputadotaveirajr.com.br\/","logo":{"@type":"ImageObject","inLanguage":"pt-BR","@id":"https:\/\/deputadotaveirajr.com.br\/#\/schema\/logo\/image\/","url":"https:\/\/deputadotaveirajr.com.br\/wp-content\/uploads\/2026\/01\/logolow2a.png","contentUrl":"https:\/\/deputadotaveirajr.com.br\/wp-content\/uploads\/2026\/01\/logolow2a.png","width":290,"height":80,"caption":"Taveira Jr"},"image":{"@id":"https:\/\/deputadotaveirajr.com.br\/#\/schema\/logo\/image\/"}}]}},"_links":{"self":[{"href":"https:\/\/deputadotaveirajr.com.br\/index.php\/wp-json\/wp\/v2\/pages\/6365","targetHints":{"allow":["GET"]}}],"collection":[{"href":"https:\/\/deputadotaveirajr.com.br\/index.php\/wp-json\/wp\/v2\/pages"}],"about":[{"href":"https:\/\/deputadotaveirajr.com.br\/index.php\/wp-json\/wp\/v2\/types\/page"}],"replies":[{"embeddable":true,"href":"https:\/\/deputadotaveirajr.com.br\/index.php\/wp-json\/wp\/v2\/comments?post=6365"}],"version-history":[{"count":1,"href":"https:\/\/deputadotaveirajr.com.br\/index.php\/wp-json\/wp\/v2\/pages\/6365\/revisions"}],"predecessor-version":[{"id":6368,"href":"https:\/\/deputadotaveirajr.com.br\/index.php\/wp-json\/wp\/v2\/pages\/6365\/revisions\/6368"}],"wp:featuredmedia":[{"embeddable":true,"href":"https:\/\/deputadotaveirajr.com.br\/index.php\/wp-json\/wp\/v2\/media\/6366"}],"wp:attachment":[{"href":"https:\/\/deputadotaveirajr.com.br\/index.php\/wp-json\/wp\/v2\/media?parent=6365"}],"curies":[{"name":"wp","href":"https:\/\/api.w.org\/{rel}","templated":true}]}}