{"id":6401,"date":"2024-05-23T10:01:56","date_gmt":"2024-05-23T13:01:56","guid":{"rendered":"https:\/\/deputadotaveirajr.com.br\/?page_id=6401"},"modified":"2024-05-23T10:01:56","modified_gmt":"2024-05-23T13:01:56","slug":"fim-de-semana-tem-show-de-sorriso-maroto-e-apresentacoes-de-comedia-em-natal-confira-agenda-cultural","status":"publish","type":"page","link":"https:\/\/deputadotaveirajr.com.br\/index.php\/fim-de-semana-tem-show-de-sorriso-maroto-e-apresentacoes-de-comedia-em-natal-confira-agenda-cultural\/","title":{"rendered":"Fim de semana tem show de Sorriso Maroto e apresenta\u00e7\u00f5es de com\u00e9dia em Natal; confira agenda cultural"},"content":{"rendered":"<p>     O g1 reuniu algumas das op\u00e7\u00f5es de eventos que acontecem entre esta quinta-feira (23) e a segunda (27) na capital potiguar. Sorriso Maroto<br \/>\nDivulga\u00e7\u00e3o<br \/>\nO fim de semana em Natal prev\u00ea shows musicais, com destaque para a banda Sorriso Maroto, e apresenta\u00e7\u00f5es de com\u00e9dia, como a do humorista Gustavo Pardal.<br \/>\nO g1 reuniu algumas das op\u00e7\u00f5es de eventos que acontecem entre esta quinta-feira (23) e a segunda (27) na capital potiguar. Confira abaixo:<br \/>\nQuinta-feira (23)<br \/>\nMomboj\u00f3 toca Alceu Valen\u00e7a<br \/>\nLocal: Sede Cultural Dosol<br \/>\nHor\u00e1rio: 19h e 21h<br \/>\nIngressos: esgotados (mais informa\u00e7\u00f5es AQUI)<br \/>\nAnivers\u00e1rio de 1 ano do F\u00e1brica de Piadas Potiguar<br \/>\nLocal: Natal Comedy Club<br \/>\nHor\u00e1rio: 20h<br \/>\nIngressos: a partir de R$  15, mas com entrada gratuita para estudantes que apresentarem a carteira at\u00e9 19h na portaria (clique AQUI).<br \/>\nQuinta que te quero samba<br \/>\nLocal: em frente ao Bar da Nazar\u00e9, na R. Cel. Cascudo, 130 &#8211; Cidade Alta<br \/>\nHor\u00e1rio: a partir das 19h<br \/>\nIngressos: entrada gratuita<br \/>\nSexta-feira (24)<br \/>\nTodo mundo odeia o Lucio em Natal<br \/>\nLocal: Natal Comedy Club<br \/>\nHor\u00e1rio: 19h<br \/>\nIngressos: a partir de R$ 40 (clique AQUI)<br \/>\nDod\u00f4 Press\u00e3o<br \/>\nLocal: Vegas Club<br \/>\nHor\u00e1rio: a partir das 21h<br \/>\nIngressos: a partir de R$ 35 (clique AQUI)<br \/>\nMagno Martins em Pardo \u00e9 papel<br \/>\nLocal: Natal Comedy Club<br \/>\nHor\u00e1rio: 22h30<br \/>\nIngressos: a partir de R$ 20 (clique AQUI)<br \/>\nMarcos Almeida &#8211; Tour 2024<br \/>\nLocal: Teatro Alberto Maranh\u00e3o<br \/>\nHor\u00e1rio: 20h<br \/>\nIngressos: a partir de R$ 30 (clique AQUI)<br \/>\nExibi\u00e7\u00e3o dos filmes &#8220;O Cavalo de Pedro&#8221; e \u201cThe Female Closet\u201d<br \/>\nLocal: Casa da Ribeira<br \/>\nHor\u00e1rio: 19h<br \/>\nIngressos: gratuitos, com retirada a partir das 18h30 (clique AQUI)<br \/>\nS\u00e1bado (25)<br \/>\nSorriso Maroto &#8211; As Antigas<br \/>\nLocal: Arena das Dunas<br \/>\nHor\u00e1rio: 15h<br \/>\nIngressos: a partir de R$ 135 (clique AQUI)<br \/>\nFelipe Cordeiro e Ferve na Sede Cultural Dosol<br \/>\nLocal: Sede Cultural DoSol<br \/>\nHor\u00e1rio: 19h<br \/>\nIngressos: a partir de R$ 40 (clique AQUI)<br \/>\nCarol Delgado em Aquele que todos fazem 30<br \/>\nLocal: Natal Comedy Club<br \/>\nHor\u00e1rio: 20h<br \/>\nIngressos: a partir de R$ 40 (clique AQUI)<br \/>\nSocorro Lima e Amanda &amp; Ruama<br \/>\nLocal: Buraco da Catita<br \/>\nHor\u00e1rio: 21h<br \/>\nIngressos: a partir de R$ 30 (clique AQUI)<br \/>\n3\u00ba ensaio do Ahay\u00e1 de Rua &#8211; com Orquestra Forr\u00f3 Assoprado do Boi Esmeralda<br \/>\nLocal: Rua do Merc\u00fario, n\u00ba 80, Potil\u00e2ndia (Lagoa Nova)<br \/>\nHor\u00e1rio: 19h<br \/>\nIngressos: entrada gratuita<br \/>\nDomingo (26)<br \/>\nGustavo Pardal &#8211; Sem Pena<br \/>\nLocal: Natal Comedy Club<br \/>\nHor\u00e1rio: 20h<br \/>\nIngressos: a partir de R$ 25 (clique AQUI)<br \/>\nSegunda-feira (27)<br \/>\nSegunda de Vagabundo<br \/>\nLocal: Rua Pereira Sim\u00f5es , 43 B, Rocas<br \/>\nHor\u00e1rio: 20h<br \/>\nIngressos: entrada gratuita<br \/>\nV\u00eddeos mais assistidos do g1 RN<\/p>","protected":false},"excerpt":{"rendered":"<p>O g1 reuniu algumas das op\u00e7\u00f5es de eventos que acontecem entre esta quinta-feira (23) e a segunda (27) na capital potiguar. Sorriso Maroto Divulga\u00e7\u00e3o O fim de semana em Natal &#8230;<\/p>\n","protected":false},"author":0,"featured_media":6402,"parent":0,"menu_order":0,"comment_status":"closed","ping_status":"closed","template":"","meta":{"footnotes":""},"class_list":["post-6401","page","type-page","status-publish","has-post-thumbnail","hentry"],"yoast_head":"<!-- This site is optimized with the Yoast SEO plugin v27.1.1 - https:\/\/yoast.com\/product\/yoast-seo-wordpress\/ -->\n<title>Fim de semana tem show de Sorriso Maroto e apresenta\u00e7\u00f5es de com\u00e9dia em Natal; confira agenda cultural - Taveira Jr<\/title>\n<meta name=\"robots\" content=\"index, follow, max-snippet:-1, max-image-preview:large, max-video-preview:-1\" \/>\n<link rel=\"canonical\" href=\"https:\/\/deputadotaveirajr.com.br\/index.php\/fim-de-semana-tem-show-de-sorriso-maroto-e-apresentacoes-de-comedia-em-natal-confira-agenda-cultural\/\" \/>\n<meta property=\"og:locale\" content=\"pt_BR\" \/>\n<meta property=\"og:type\" content=\"article\" \/>\n<meta property=\"og:title\" content=\"Fim de semana tem show de Sorriso Maroto e apresenta\u00e7\u00f5es de com\u00e9dia em Natal; confira agenda cultural - Taveira Jr\" \/>\n<meta property=\"og:description\" content=\"O g1 reuniu algumas das op\u00e7\u00f5es de eventos que acontecem entre esta quinta-feira (23) e a segunda (27) na capital potiguar. Sorriso Maroto Divulga\u00e7\u00e3o O fim de semana em Natal ...\" \/>\n<meta property=\"og:url\" content=\"https:\/\/deputadotaveirajr.com.br\/index.php\/fim-de-semana-tem-show-de-sorriso-maroto-e-apresentacoes-de-comedia-em-natal-confira-agenda-cultural\/\" \/>\n<meta property=\"og:site_name\" content=\"Taveira Jr\" \/>\n<meta property=\"og:image\" content=\"https:\/\/deputadotaveirajr.com.br\/wp-content\/uploads\/2024\/05\/sorriso-maroto-1-d4axHR.jpeg\" \/>\n\t<meta property=\"og:image:width\" content=\"1600\" \/>\n\t<meta property=\"og:image:height\" content=\"1066\" \/>\n\t<meta property=\"og:image:type\" content=\"image\/jpeg\" \/>\n<meta name=\"twitter:card\" content=\"summary_large_image\" \/>\n<meta name=\"twitter:label1\" content=\"Est. tempo de leitura\" \/>\n\t<meta name=\"twitter:data1\" content=\"2 minutos\" \/>\n<script type=\"application\/ld+json\" class=\"yoast-schema-graph\">{\"@context\":\"https:\/\/schema.org\",\"@graph\":[{\"@type\":\"WebPage\",\"@id\":\"https:\/\/deputadotaveirajr.com.br\/index.php\/fim-de-semana-tem-show-de-sorriso-maroto-e-apresentacoes-de-comedia-em-natal-confira-agenda-cultural\/\",\"url\":\"https:\/\/deputadotaveirajr.com.br\/index.php\/fim-de-semana-tem-show-de-sorriso-maroto-e-apresentacoes-de-comedia-em-natal-confira-agenda-cultural\/\",\"name\":\"Fim de semana tem show de Sorriso Maroto e apresenta\u00e7\u00f5es de com\u00e9dia em Natal; confira agenda cultural - Taveira Jr\",\"isPartOf\":{\"@id\":\"https:\/\/deputadotaveirajr.com.br\/#website\"},\"primaryImageOfPage\":{\"@id\":\"https:\/\/deputadotaveirajr.com.br\/index.php\/fim-de-semana-tem-show-de-sorriso-maroto-e-apresentacoes-de-comedia-em-natal-confira-agenda-cultural\/#primaryimage\"},\"image\":{\"@id\":\"https:\/\/deputadotaveirajr.com.br\/index.php\/fim-de-semana-tem-show-de-sorriso-maroto-e-apresentacoes-de-comedia-em-natal-confira-agenda-cultural\/#primaryimage\"},\"thumbnailUrl\":\"https:\/\/deputadotaveirajr.com.br\/wp-content\/uploads\/2024\/05\/sorriso-maroto-1-d4axHR.jpeg\",\"datePublished\":\"2024-05-23T13:01:56+00:00\",\"breadcrumb\":{\"@id\":\"https:\/\/deputadotaveirajr.com.br\/index.php\/fim-de-semana-tem-show-de-sorriso-maroto-e-apresentacoes-de-comedia-em-natal-confira-agenda-cultural\/#breadcrumb\"},\"inLanguage\":\"pt-BR\",\"potentialAction\":[{\"@type\":\"ReadAction\",\"target\":[\"https:\/\/deputadotaveirajr.com.br\/index.php\/fim-de-semana-tem-show-de-sorriso-maroto-e-apresentacoes-de-comedia-em-natal-confira-agenda-cultural\/\"]}]},{\"@type\":\"ImageObject\",\"inLanguage\":\"pt-BR\",\"@id\":\"https:\/\/deputadotaveirajr.com.br\/index.php\/fim-de-semana-tem-show-de-sorriso-maroto-e-apresentacoes-de-comedia-em-natal-confira-agenda-cultural\/#primaryimage\",\"url\":\"https:\/\/deputadotaveirajr.com.br\/wp-content\/uploads\/2024\/05\/sorriso-maroto-1-d4axHR.jpeg\",\"contentUrl\":\"https:\/\/deputadotaveirajr.com.br\/wp-content\/uploads\/2024\/05\/sorriso-maroto-1-d4axHR.jpeg\",\"width\":1600,\"height\":1066},{\"@type\":\"BreadcrumbList\",\"@id\":\"https:\/\/deputadotaveirajr.com.br\/index.php\/fim-de-semana-tem-show-de-sorriso-maroto-e-apresentacoes-de-comedia-em-natal-confira-agenda-cultural\/#breadcrumb\",\"itemListElement\":[{\"@type\":\"ListItem\",\"position\":1,\"name\":\"In\u00edcio\",\"item\":\"https:\/\/deputadotaveirajr.com.br\/\"},{\"@type\":\"ListItem\",\"position\":2,\"name\":\"Fim de semana tem show de Sorriso Maroto e apresenta\u00e7\u00f5es de com\u00e9dia em Natal; confira agenda cultural\"}]},{\"@type\":\"WebSite\",\"@id\":\"https:\/\/deputadotaveirajr.com.br\/#website\",\"url\":\"https:\/\/deputadotaveirajr.com.br\/\",\"name\":\"Taveira Jr\",\"description\":\"Deputado Estadual\",\"publisher\":{\"@id\":\"https:\/\/deputadotaveirajr.com.br\/#organization\"},\"potentialAction\":[{\"@type\":\"SearchAction\",\"target\":{\"@type\":\"EntryPoint\",\"urlTemplate\":\"https:\/\/deputadotaveirajr.com.br\/?s={search_term_string}\"},\"query-input\":{\"@type\":\"PropertyValueSpecification\",\"valueRequired\":true,\"valueName\":\"search_term_string\"}}],\"inLanguage\":\"pt-BR\"},{\"@type\":\"Organization\",\"@id\":\"https:\/\/deputadotaveirajr.com.br\/#organization\",\"name\":\"Taveira Jr\",\"url\":\"https:\/\/deputadotaveirajr.com.br\/\",\"logo\":{\"@type\":\"ImageObject\",\"inLanguage\":\"pt-BR\",\"@id\":\"https:\/\/deputadotaveirajr.com.br\/#\/schema\/logo\/image\/\",\"url\":\"https:\/\/deputadotaveirajr.com.br\/wp-content\/uploads\/2026\/01\/logolow2a.png\",\"contentUrl\":\"https:\/\/deputadotaveirajr.com.br\/wp-content\/uploads\/2026\/01\/logolow2a.png\",\"width\":290,\"height\":80,\"caption\":\"Taveira Jr\"},\"image\":{\"@id\":\"https:\/\/deputadotaveirajr.com.br\/#\/schema\/logo\/image\/\"}}]}<\/script>\n<!-- \/ Yoast SEO plugin. -->","yoast_head_json":{"title":"Fim de semana tem show de Sorriso Maroto e apresenta\u00e7\u00f5es de com\u00e9dia em Natal; confira agenda cultural - Taveira Jr","robots":{"index":"index","follow":"follow","max-snippet":"max-snippet:-1","max-image-preview":"max-image-preview:large","max-video-preview":"max-video-preview:-1"},"canonical":"https:\/\/deputadotaveirajr.com.br\/index.php\/fim-de-semana-tem-show-de-sorriso-maroto-e-apresentacoes-de-comedia-em-natal-confira-agenda-cultural\/","og_locale":"pt_BR","og_type":"article","og_title":"Fim de semana tem show de Sorriso Maroto e apresenta\u00e7\u00f5es de com\u00e9dia em Natal; confira agenda cultural - Taveira Jr","og_description":"O g1 reuniu algumas das op\u00e7\u00f5es de eventos que acontecem entre esta quinta-feira (23) e a segunda (27) na capital potiguar. Sorriso Maroto Divulga\u00e7\u00e3o O fim de semana em Natal ...","og_url":"https:\/\/deputadotaveirajr.com.br\/index.php\/fim-de-semana-tem-show-de-sorriso-maroto-e-apresentacoes-de-comedia-em-natal-confira-agenda-cultural\/","og_site_name":"Taveira Jr","og_image":[{"width":1600,"height":1066,"url":"https:\/\/deputadotaveirajr.com.br\/wp-content\/uploads\/2024\/05\/sorriso-maroto-1-d4axHR.jpeg","type":"image\/jpeg"}],"twitter_card":"summary_large_image","twitter_misc":{"Est. tempo de leitura":"2 minutos"},"schema":{"@context":"https:\/\/schema.org","@graph":[{"@type":"WebPage","@id":"https:\/\/deputadotaveirajr.com.br\/index.php\/fim-de-semana-tem-show-de-sorriso-maroto-e-apresentacoes-de-comedia-em-natal-confira-agenda-cultural\/","url":"https:\/\/deputadotaveirajr.com.br\/index.php\/fim-de-semana-tem-show-de-sorriso-maroto-e-apresentacoes-de-comedia-em-natal-confira-agenda-cultural\/","name":"Fim de semana tem show de Sorriso Maroto e apresenta\u00e7\u00f5es de com\u00e9dia em Natal; confira agenda cultural - Taveira Jr","isPartOf":{"@id":"https:\/\/deputadotaveirajr.com.br\/#website"},"primaryImageOfPage":{"@id":"https:\/\/deputadotaveirajr.com.br\/index.php\/fim-de-semana-tem-show-de-sorriso-maroto-e-apresentacoes-de-comedia-em-natal-confira-agenda-cultural\/#primaryimage"},"image":{"@id":"https:\/\/deputadotaveirajr.com.br\/index.php\/fim-de-semana-tem-show-de-sorriso-maroto-e-apresentacoes-de-comedia-em-natal-confira-agenda-cultural\/#primaryimage"},"thumbnailUrl":"https:\/\/deputadotaveirajr.com.br\/wp-content\/uploads\/2024\/05\/sorriso-maroto-1-d4axHR.jpeg","datePublished":"2024-05-23T13:01:56+00:00","breadcrumb":{"@id":"https:\/\/deputadotaveirajr.com.br\/index.php\/fim-de-semana-tem-show-de-sorriso-maroto-e-apresentacoes-de-comedia-em-natal-confira-agenda-cultural\/#breadcrumb"},"inLanguage":"pt-BR","potentialAction":[{"@type":"ReadAction","target":["https:\/\/deputadotaveirajr.com.br\/index.php\/fim-de-semana-tem-show-de-sorriso-maroto-e-apresentacoes-de-comedia-em-natal-confira-agenda-cultural\/"]}]},{"@type":"ImageObject","inLanguage":"pt-BR","@id":"https:\/\/deputadotaveirajr.com.br\/index.php\/fim-de-semana-tem-show-de-sorriso-maroto-e-apresentacoes-de-comedia-em-natal-confira-agenda-cultural\/#primaryimage","url":"https:\/\/deputadotaveirajr.com.br\/wp-content\/uploads\/2024\/05\/sorriso-maroto-1-d4axHR.jpeg","contentUrl":"https:\/\/deputadotaveirajr.com.br\/wp-content\/uploads\/2024\/05\/sorriso-maroto-1-d4axHR.jpeg","width":1600,"height":1066},{"@type":"BreadcrumbList","@id":"https:\/\/deputadotaveirajr.com.br\/index.php\/fim-de-semana-tem-show-de-sorriso-maroto-e-apresentacoes-de-comedia-em-natal-confira-agenda-cultural\/#breadcrumb","itemListElement":[{"@type":"ListItem","position":1,"name":"In\u00edcio","item":"https:\/\/deputadotaveirajr.com.br\/"},{"@type":"ListItem","position":2,"name":"Fim de semana tem show de Sorriso Maroto e apresenta\u00e7\u00f5es de com\u00e9dia em Natal; confira agenda cultural"}]},{"@type":"WebSite","@id":"https:\/\/deputadotaveirajr.com.br\/#website","url":"https:\/\/deputadotaveirajr.com.br\/","name":"Taveira Jr","description":"Deputado Estadual","publisher":{"@id":"https:\/\/deputadotaveirajr.com.br\/#organization"},"potentialAction":[{"@type":"SearchAction","target":{"@type":"EntryPoint","urlTemplate":"https:\/\/deputadotaveirajr.com.br\/?s={search_term_string}"},"query-input":{"@type":"PropertyValueSpecification","valueRequired":true,"valueName":"search_term_string"}}],"inLanguage":"pt-BR"},{"@type":"Organization","@id":"https:\/\/deputadotaveirajr.com.br\/#organization","name":"Taveira Jr","url":"https:\/\/deputadotaveirajr.com.br\/","logo":{"@type":"ImageObject","inLanguage":"pt-BR","@id":"https:\/\/deputadotaveirajr.com.br\/#\/schema\/logo\/image\/","url":"https:\/\/deputadotaveirajr.com.br\/wp-content\/uploads\/2026\/01\/logolow2a.png","contentUrl":"https:\/\/deputadotaveirajr.com.br\/wp-content\/uploads\/2026\/01\/logolow2a.png","width":290,"height":80,"caption":"Taveira Jr"},"image":{"@id":"https:\/\/deputadotaveirajr.com.br\/#\/schema\/logo\/image\/"}}]}},"_links":{"self":[{"href":"https:\/\/deputadotaveirajr.com.br\/index.php\/wp-json\/wp\/v2\/pages\/6401","targetHints":{"allow":["GET"]}}],"collection":[{"href":"https:\/\/deputadotaveirajr.com.br\/index.php\/wp-json\/wp\/v2\/pages"}],"about":[{"href":"https:\/\/deputadotaveirajr.com.br\/index.php\/wp-json\/wp\/v2\/types\/page"}],"replies":[{"embeddable":true,"href":"https:\/\/deputadotaveirajr.com.br\/index.php\/wp-json\/wp\/v2\/comments?post=6401"}],"version-history":[{"count":1,"href":"https:\/\/deputadotaveirajr.com.br\/index.php\/wp-json\/wp\/v2\/pages\/6401\/revisions"}],"predecessor-version":[{"id":6407,"href":"https:\/\/deputadotaveirajr.com.br\/index.php\/wp-json\/wp\/v2\/pages\/6401\/revisions\/6407"}],"wp:featuredmedia":[{"embeddable":true,"href":"https:\/\/deputadotaveirajr.com.br\/index.php\/wp-json\/wp\/v2\/media\/6402"}],"wp:attachment":[{"href":"https:\/\/deputadotaveirajr.com.br\/index.php\/wp-json\/wp\/v2\/media?parent=6401"}],"curies":[{"name":"wp","href":"https:\/\/api.w.org\/{rel}","templated":true}]}}