{"id":6443,"date":"2024-05-24T16:13:00","date_gmt":"2024-05-24T19:13:00","guid":{"rendered":"https:\/\/deputadotaveirajr.com.br\/?page_id=6443"},"modified":"2024-05-24T16:13:00","modified_gmt":"2024-05-24T19:13:00","slug":"pai-infarta-e-morre-ao-saber-que-filho-sofreu-acidente-no-interior-do-rn","status":"publish","type":"page","link":"https:\/\/deputadotaveirajr.com.br\/index.php\/pai-infarta-e-morre-ao-saber-que-filho-sofreu-acidente-no-interior-do-rn\/","title":{"rendered":"Pai infarta e morre ao saber que filho sofreu acidente no interior do RN"},"content":{"rendered":"<p>     V\u00edtima de acidente foi atendida em hospital e se recupera em casa. Caso aconteceu na tarde de quinta-feira (24) em Alto do Rodrigues.  Jos\u00e9 Heitor Nunes morreu de infarto ap\u00f3s saber que filho sofreu acidente<br \/>\nCedida<br \/>\nUm idoso teve um infarto e morreu ao saber que um dos filho tinha se envolvido em um acidente de tr\u00e2nsito. O caso aconteceu na tarde desta quinta-feira (24) no munic\u00edpio do Alto do Rodrigues, na regi\u00e3o Oeste potiguar.<br \/>\nJos\u00e9 Heitor Nunes, conhecido como Z\u00e9 Druga, tinha 68 anos.<br \/>\nSegundo familiares, o acidente envolvendo o filho dele aconteceu por volta das 16h30. O homem de  de 35 anos estava em uma moto, com um passageiro, e seguia para uma comunidade rural do munic\u00edpio, quando acabou jogado para fora da pista por uma carreta que passou muito perto da motocicleta.<br \/>\nOutro filho de Jos\u00e9 Heitor passava de carro no local do acidente, quando presenciou a cena e acionou uma ambul\u00e2ncia para atender ao irm\u00e3o. Ap\u00f3s a chegada das equipes de sa\u00fade, ele foi em casa e avisou ao pai sobre o caso.<br \/>\nJos\u00e9 Heitor pegou uma moto e se dirigiu ao local do acidente, por\u00e9m, ao passar pela ambul\u00e2ncia, passou mal e caiu da moto. Ele foi socorrido e levado ao hospital da cidade, mas j\u00e1 chegou sem vida \u00e0 unidade de sa\u00fade.<br \/>\nO filho de Jos\u00e9 Heitor foi atendido e recebeu alta para se recuperar dos ferimentos em casa.<br \/>\nO sepultamento do corpo do pai est\u00e1 previsto para o fim da tarde desta sexta-feira (24) em Alto do Rodrigues. O vel\u00f3rio ocorre na casa da fam\u00edlia.<br \/>\nVeja os v\u00eddeos mais assistidos no g1 RN<\/p>","protected":false},"excerpt":{"rendered":"<p>V\u00edtima de acidente foi atendida em hospital e se recupera em casa. Caso aconteceu na tarde de quinta-feira (24) em Alto do Rodrigues. Jos\u00e9 Heitor Nunes morreu de infarto ap\u00f3s &#8230;<\/p>\n","protected":false},"author":0,"featured_media":6444,"parent":0,"menu_order":0,"comment_status":"closed","ping_status":"closed","template":"","meta":{"footnotes":""},"class_list":["post-6443","page","type-page","status-publish","has-post-thumbnail","hentry"],"yoast_head":"<!-- This site is optimized with the Yoast SEO plugin v27.1.1 - https:\/\/yoast.com\/product\/yoast-seo-wordpress\/ -->\n<title>Pai infarta e morre ao saber que filho sofreu acidente no interior do RN - Taveira Jr<\/title>\n<meta name=\"robots\" content=\"index, follow, max-snippet:-1, max-image-preview:large, max-video-preview:-1\" \/>\n<link rel=\"canonical\" href=\"https:\/\/deputadotaveirajr.com.br\/index.php\/pai-infarta-e-morre-ao-saber-que-filho-sofreu-acidente-no-interior-do-rn\/\" \/>\n<meta property=\"og:locale\" content=\"pt_BR\" \/>\n<meta property=\"og:type\" content=\"article\" \/>\n<meta property=\"og:title\" content=\"Pai infarta e morre ao saber que filho sofreu acidente no interior do RN - Taveira Jr\" \/>\n<meta property=\"og:description\" content=\"V\u00edtima de acidente foi atendida em hospital e se recupera em casa. Caso aconteceu na tarde de quinta-feira (24) em Alto do Rodrigues. Jos\u00e9 Heitor Nunes morreu de infarto ap\u00f3s ...\" \/>\n<meta property=\"og:url\" content=\"https:\/\/deputadotaveirajr.com.br\/index.php\/pai-infarta-e-morre-ao-saber-que-filho-sofreu-acidente-no-interior-do-rn\/\" \/>\n<meta property=\"og:site_name\" content=\"Taveira Jr\" \/>\n<meta property=\"og:image\" content=\"https:\/\/deputadotaveirajr.com.br\/wp-content\/uploads\/2024\/05\/whatsapp-image-2024-05-24-at-12.43.49-zjLtEy.jpeg\" \/>\n\t<meta property=\"og:image:width\" content=\"957\" \/>\n\t<meta property=\"og:image:height\" content=\"1280\" \/>\n\t<meta property=\"og:image:type\" content=\"image\/jpeg\" \/>\n<meta name=\"twitter:card\" content=\"summary_large_image\" \/>\n<meta name=\"twitter:label1\" content=\"Est. tempo de leitura\" \/>\n\t<meta name=\"twitter:data1\" content=\"1 minuto\" \/>\n<script type=\"application\/ld+json\" class=\"yoast-schema-graph\">{\"@context\":\"https:\/\/schema.org\",\"@graph\":[{\"@type\":\"WebPage\",\"@id\":\"https:\/\/deputadotaveirajr.com.br\/index.php\/pai-infarta-e-morre-ao-saber-que-filho-sofreu-acidente-no-interior-do-rn\/\",\"url\":\"https:\/\/deputadotaveirajr.com.br\/index.php\/pai-infarta-e-morre-ao-saber-que-filho-sofreu-acidente-no-interior-do-rn\/\",\"name\":\"Pai infarta e morre ao saber que filho sofreu acidente no interior do RN - Taveira Jr\",\"isPartOf\":{\"@id\":\"https:\/\/deputadotaveirajr.com.br\/#website\"},\"primaryImageOfPage\":{\"@id\":\"https:\/\/deputadotaveirajr.com.br\/index.php\/pai-infarta-e-morre-ao-saber-que-filho-sofreu-acidente-no-interior-do-rn\/#primaryimage\"},\"image\":{\"@id\":\"https:\/\/deputadotaveirajr.com.br\/index.php\/pai-infarta-e-morre-ao-saber-que-filho-sofreu-acidente-no-interior-do-rn\/#primaryimage\"},\"thumbnailUrl\":\"https:\/\/deputadotaveirajr.com.br\/wp-content\/uploads\/2024\/05\/whatsapp-image-2024-05-24-at-12.43.49-zjLtEy.jpeg\",\"datePublished\":\"2024-05-24T19:13:00+00:00\",\"breadcrumb\":{\"@id\":\"https:\/\/deputadotaveirajr.com.br\/index.php\/pai-infarta-e-morre-ao-saber-que-filho-sofreu-acidente-no-interior-do-rn\/#breadcrumb\"},\"inLanguage\":\"pt-BR\",\"potentialAction\":[{\"@type\":\"ReadAction\",\"target\":[\"https:\/\/deputadotaveirajr.com.br\/index.php\/pai-infarta-e-morre-ao-saber-que-filho-sofreu-acidente-no-interior-do-rn\/\"]}]},{\"@type\":\"ImageObject\",\"inLanguage\":\"pt-BR\",\"@id\":\"https:\/\/deputadotaveirajr.com.br\/index.php\/pai-infarta-e-morre-ao-saber-que-filho-sofreu-acidente-no-interior-do-rn\/#primaryimage\",\"url\":\"https:\/\/deputadotaveirajr.com.br\/wp-content\/uploads\/2024\/05\/whatsapp-image-2024-05-24-at-12.43.49-zjLtEy.jpeg\",\"contentUrl\":\"https:\/\/deputadotaveirajr.com.br\/wp-content\/uploads\/2024\/05\/whatsapp-image-2024-05-24-at-12.43.49-zjLtEy.jpeg\",\"width\":957,\"height\":1280},{\"@type\":\"BreadcrumbList\",\"@id\":\"https:\/\/deputadotaveirajr.com.br\/index.php\/pai-infarta-e-morre-ao-saber-que-filho-sofreu-acidente-no-interior-do-rn\/#breadcrumb\",\"itemListElement\":[{\"@type\":\"ListItem\",\"position\":1,\"name\":\"In\u00edcio\",\"item\":\"https:\/\/deputadotaveirajr.com.br\/\"},{\"@type\":\"ListItem\",\"position\":2,\"name\":\"Pai infarta e morre ao saber que filho sofreu acidente no interior do RN\"}]},{\"@type\":\"WebSite\",\"@id\":\"https:\/\/deputadotaveirajr.com.br\/#website\",\"url\":\"https:\/\/deputadotaveirajr.com.br\/\",\"name\":\"Taveira Jr\",\"description\":\"Deputado Estadual\",\"publisher\":{\"@id\":\"https:\/\/deputadotaveirajr.com.br\/#organization\"},\"potentialAction\":[{\"@type\":\"SearchAction\",\"target\":{\"@type\":\"EntryPoint\",\"urlTemplate\":\"https:\/\/deputadotaveirajr.com.br\/?s={search_term_string}\"},\"query-input\":{\"@type\":\"PropertyValueSpecification\",\"valueRequired\":true,\"valueName\":\"search_term_string\"}}],\"inLanguage\":\"pt-BR\"},{\"@type\":\"Organization\",\"@id\":\"https:\/\/deputadotaveirajr.com.br\/#organization\",\"name\":\"Taveira Jr\",\"url\":\"https:\/\/deputadotaveirajr.com.br\/\",\"logo\":{\"@type\":\"ImageObject\",\"inLanguage\":\"pt-BR\",\"@id\":\"https:\/\/deputadotaveirajr.com.br\/#\/schema\/logo\/image\/\",\"url\":\"https:\/\/deputadotaveirajr.com.br\/wp-content\/uploads\/2026\/01\/logolow2a.png\",\"contentUrl\":\"https:\/\/deputadotaveirajr.com.br\/wp-content\/uploads\/2026\/01\/logolow2a.png\",\"width\":290,\"height\":80,\"caption\":\"Taveira Jr\"},\"image\":{\"@id\":\"https:\/\/deputadotaveirajr.com.br\/#\/schema\/logo\/image\/\"}}]}<\/script>\n<!-- \/ Yoast SEO plugin. -->","yoast_head_json":{"title":"Pai infarta e morre ao saber que filho sofreu acidente no interior do RN - Taveira Jr","robots":{"index":"index","follow":"follow","max-snippet":"max-snippet:-1","max-image-preview":"max-image-preview:large","max-video-preview":"max-video-preview:-1"},"canonical":"https:\/\/deputadotaveirajr.com.br\/index.php\/pai-infarta-e-morre-ao-saber-que-filho-sofreu-acidente-no-interior-do-rn\/","og_locale":"pt_BR","og_type":"article","og_title":"Pai infarta e morre ao saber que filho sofreu acidente no interior do RN - Taveira Jr","og_description":"V\u00edtima de acidente foi atendida em hospital e se recupera em casa. Caso aconteceu na tarde de quinta-feira (24) em Alto do Rodrigues. Jos\u00e9 Heitor Nunes morreu de infarto ap\u00f3s ...","og_url":"https:\/\/deputadotaveirajr.com.br\/index.php\/pai-infarta-e-morre-ao-saber-que-filho-sofreu-acidente-no-interior-do-rn\/","og_site_name":"Taveira Jr","og_image":[{"width":957,"height":1280,"url":"https:\/\/deputadotaveirajr.com.br\/wp-content\/uploads\/2024\/05\/whatsapp-image-2024-05-24-at-12.43.49-zjLtEy.jpeg","type":"image\/jpeg"}],"twitter_card":"summary_large_image","twitter_misc":{"Est. tempo de leitura":"1 minuto"},"schema":{"@context":"https:\/\/schema.org","@graph":[{"@type":"WebPage","@id":"https:\/\/deputadotaveirajr.com.br\/index.php\/pai-infarta-e-morre-ao-saber-que-filho-sofreu-acidente-no-interior-do-rn\/","url":"https:\/\/deputadotaveirajr.com.br\/index.php\/pai-infarta-e-morre-ao-saber-que-filho-sofreu-acidente-no-interior-do-rn\/","name":"Pai infarta e morre ao saber que filho sofreu acidente no interior do RN - Taveira Jr","isPartOf":{"@id":"https:\/\/deputadotaveirajr.com.br\/#website"},"primaryImageOfPage":{"@id":"https:\/\/deputadotaveirajr.com.br\/index.php\/pai-infarta-e-morre-ao-saber-que-filho-sofreu-acidente-no-interior-do-rn\/#primaryimage"},"image":{"@id":"https:\/\/deputadotaveirajr.com.br\/index.php\/pai-infarta-e-morre-ao-saber-que-filho-sofreu-acidente-no-interior-do-rn\/#primaryimage"},"thumbnailUrl":"https:\/\/deputadotaveirajr.com.br\/wp-content\/uploads\/2024\/05\/whatsapp-image-2024-05-24-at-12.43.49-zjLtEy.jpeg","datePublished":"2024-05-24T19:13:00+00:00","breadcrumb":{"@id":"https:\/\/deputadotaveirajr.com.br\/index.php\/pai-infarta-e-morre-ao-saber-que-filho-sofreu-acidente-no-interior-do-rn\/#breadcrumb"},"inLanguage":"pt-BR","potentialAction":[{"@type":"ReadAction","target":["https:\/\/deputadotaveirajr.com.br\/index.php\/pai-infarta-e-morre-ao-saber-que-filho-sofreu-acidente-no-interior-do-rn\/"]}]},{"@type":"ImageObject","inLanguage":"pt-BR","@id":"https:\/\/deputadotaveirajr.com.br\/index.php\/pai-infarta-e-morre-ao-saber-que-filho-sofreu-acidente-no-interior-do-rn\/#primaryimage","url":"https:\/\/deputadotaveirajr.com.br\/wp-content\/uploads\/2024\/05\/whatsapp-image-2024-05-24-at-12.43.49-zjLtEy.jpeg","contentUrl":"https:\/\/deputadotaveirajr.com.br\/wp-content\/uploads\/2024\/05\/whatsapp-image-2024-05-24-at-12.43.49-zjLtEy.jpeg","width":957,"height":1280},{"@type":"BreadcrumbList","@id":"https:\/\/deputadotaveirajr.com.br\/index.php\/pai-infarta-e-morre-ao-saber-que-filho-sofreu-acidente-no-interior-do-rn\/#breadcrumb","itemListElement":[{"@type":"ListItem","position":1,"name":"In\u00edcio","item":"https:\/\/deputadotaveirajr.com.br\/"},{"@type":"ListItem","position":2,"name":"Pai infarta e morre ao saber que filho sofreu acidente no interior do RN"}]},{"@type":"WebSite","@id":"https:\/\/deputadotaveirajr.com.br\/#website","url":"https:\/\/deputadotaveirajr.com.br\/","name":"Taveira Jr","description":"Deputado Estadual","publisher":{"@id":"https:\/\/deputadotaveirajr.com.br\/#organization"},"potentialAction":[{"@type":"SearchAction","target":{"@type":"EntryPoint","urlTemplate":"https:\/\/deputadotaveirajr.com.br\/?s={search_term_string}"},"query-input":{"@type":"PropertyValueSpecification","valueRequired":true,"valueName":"search_term_string"}}],"inLanguage":"pt-BR"},{"@type":"Organization","@id":"https:\/\/deputadotaveirajr.com.br\/#organization","name":"Taveira Jr","url":"https:\/\/deputadotaveirajr.com.br\/","logo":{"@type":"ImageObject","inLanguage":"pt-BR","@id":"https:\/\/deputadotaveirajr.com.br\/#\/schema\/logo\/image\/","url":"https:\/\/deputadotaveirajr.com.br\/wp-content\/uploads\/2026\/01\/logolow2a.png","contentUrl":"https:\/\/deputadotaveirajr.com.br\/wp-content\/uploads\/2026\/01\/logolow2a.png","width":290,"height":80,"caption":"Taveira Jr"},"image":{"@id":"https:\/\/deputadotaveirajr.com.br\/#\/schema\/logo\/image\/"}}]}},"_links":{"self":[{"href":"https:\/\/deputadotaveirajr.com.br\/index.php\/wp-json\/wp\/v2\/pages\/6443","targetHints":{"allow":["GET"]}}],"collection":[{"href":"https:\/\/deputadotaveirajr.com.br\/index.php\/wp-json\/wp\/v2\/pages"}],"about":[{"href":"https:\/\/deputadotaveirajr.com.br\/index.php\/wp-json\/wp\/v2\/types\/page"}],"replies":[{"embeddable":true,"href":"https:\/\/deputadotaveirajr.com.br\/index.php\/wp-json\/wp\/v2\/comments?post=6443"}],"version-history":[{"count":1,"href":"https:\/\/deputadotaveirajr.com.br\/index.php\/wp-json\/wp\/v2\/pages\/6443\/revisions"}],"predecessor-version":[{"id":6447,"href":"https:\/\/deputadotaveirajr.com.br\/index.php\/wp-json\/wp\/v2\/pages\/6443\/revisions\/6447"}],"wp:featuredmedia":[{"embeddable":true,"href":"https:\/\/deputadotaveirajr.com.br\/index.php\/wp-json\/wp\/v2\/media\/6444"}],"wp:attachment":[{"href":"https:\/\/deputadotaveirajr.com.br\/index.php\/wp-json\/wp\/v2\/media?parent=6443"}],"curies":[{"name":"wp","href":"https:\/\/api.w.org\/{rel}","templated":true}]}}