{"id":6455,"date":"2024-05-24T20:31:40","date_gmt":"2024-05-24T23:31:40","guid":{"rendered":"https:\/\/deputadotaveirajr.com.br\/?page_id=6455"},"modified":"2024-05-24T20:31:40","modified_gmt":"2024-05-24T23:31:40","slug":"video-criminosos-colocam-fogo-em-loterica-em-tentativa-de-assalto-no-interior-do-rn","status":"publish","type":"page","link":"https:\/\/deputadotaveirajr.com.br\/index.php\/video-criminosos-colocam-fogo-em-loterica-em-tentativa-de-assalto-no-interior-do-rn\/","title":{"rendered":"V\u00cdDEO: Criminosos colocam fogo em lot\u00e9rica em tentativa de assalto no interior do RN"},"content":{"rendered":"<p>     Suspeitos foram mortos em confronto com a PM em Tenente Ananias horas depois do crime em Alexandria. Havia clientes e funcion\u00e1rios na lot\u00e9rica, mas ningu\u00e9m ficou ferido. Dupla suspeita de atear fogo em lote\u0301rica morre no RN<br \/>\nCriminosos colocaram fogo em uma lot\u00e9rica na cidade de Alexandria, no interior do Rio Grande do Norte, durante uma tentativa de assalto nesta quinta-feira (23). As c\u00e2meras de seguran\u00e7as registraram a a\u00e7\u00e3o (veja v\u00eddeo acima). Ningu\u00e9m ficou ferido.<br \/>\nO crime aconteceu por volta das 8h20, poucos minutos ap\u00f3s o estabelecimento ser aberto para o p\u00fablico. Havia clientes e tr\u00eas funcion\u00e1rios no momento do crime.<br \/>\n\ud83d\udcf3Participe do canal do g1 RN no WhatsApp<br \/>\nA c\u00e2mera de seguran\u00e7a mostrou que um dos suspeitos anunciou o assalto e retirou da mochila uma garrafa de pl\u00e1stico com um l\u00edquido inflam\u00e1vel, que, segundo a Pol\u00edcia Militar, era gasolina.<br \/>\nOs funcion\u00e1rios da lot\u00e9rica n\u00e3o permitiram o acesso dos bandidos \u00e0 area interna da lot\u00e9rica, onde fica o caixa, e, em seguida, um deles derramou a gasolina em cima do balc\u00e3o, colocando fogo em seguida.<\/p>\n<p>Fogo ateado em lot\u00e9rica em Alexandria, no interior do RN<br \/>\nDivulga\u00e7\u00e3o<br \/>\nAs chamas rapidamente se espalharam. Enquanto um dos suspeitos realizou essa a\u00e7\u00e3o, o outro impediu que os clientes deixassem a loja, mesmo com as chamas.<br \/>\nLogo em seguida, os criminosos colocaram mais gasolina no balc\u00e3o, o que fez os clientes e os pr\u00f3prios suspeitos sa\u00edrem da loja.<br \/>\nOs funcion\u00e1rios, que estavam na parte interna da lot\u00e9rica, conseguiram escapar pela janela do banheiro. Eles foram ajudados por populares da regi\u00e3o.<br \/>\nEnquanto isso, vizinhos e populares que estavam na regi\u00e3o apagaram o fogo da lot\u00e9rica, que ficou destru\u00edda e n\u00e3o abriu as portas nesta sexta-feira.<br \/>\nFogo foi colocado contra funcion\u00e1rios da lot\u00e9rica<br \/>\nDivulga\u00e7\u00e3o<br \/>\nSuspeitos s\u00e3o mortos e mandante preso, diz pol\u00edcia<br \/>\nAp\u00f3s o crime, os dois suspeitos fugiram em uma moto, que era roubada. Ap\u00f3s perderem o controle do ve\u00edculo, eles conseguiram escapar inicialmente da persegui\u00e7\u00e3o policial por um matagal.<br \/>\nDurante a noite, no entanto, os suspeitos foram encontrados no S\u00edtio Tanquinho, no munic\u00edpio de Tenente Ananias, cidade cerca de 30 quil\u00f4metros distante de onde ocorreu o crime. A dupla resistiu \u00e0 pris\u00e3o, trocou tiros com os policiais, e foi morta no confronto.<br \/>\nSegundo a PM, as armas usadas no roubo foram apreendidas. A a\u00e7\u00e3o contou o com o aux\u00edlio da Pol\u00edcia Militar da Para\u00edba.<br \/>\nA PM informou tamb\u00e9m que, mais cedo, havia prendido o homem que seria o mandante do crime.<br \/>\nV\u00eddeos mais assistidos do g1 RN<\/p>","protected":false},"excerpt":{"rendered":"<p>Suspeitos foram mortos em confronto com a PM em Tenente Ananias horas depois do crime em Alexandria. Havia clientes e funcion\u00e1rios na lot\u00e9rica, mas ningu\u00e9m ficou ferido. Dupla suspeita de &#8230;<\/p>\n","protected":false},"author":0,"featured_media":6456,"parent":0,"menu_order":0,"comment_status":"closed","ping_status":"closed","template":"","meta":{"footnotes":""},"class_list":["post-6455","page","type-page","status-publish","has-post-thumbnail","hentry"],"yoast_head":"<!-- This site is optimized with the Yoast SEO plugin v27.1.1 - https:\/\/yoast.com\/product\/yoast-seo-wordpress\/ -->\n<title>V\u00cdDEO: Criminosos colocam fogo em lot\u00e9rica em tentativa de assalto no interior do RN - Taveira Jr<\/title>\n<meta name=\"robots\" content=\"index, follow, max-snippet:-1, max-image-preview:large, max-video-preview:-1\" \/>\n<link rel=\"canonical\" href=\"https:\/\/deputadotaveirajr.com.br\/index.php\/video-criminosos-colocam-fogo-em-loterica-em-tentativa-de-assalto-no-interior-do-rn\/\" \/>\n<meta property=\"og:locale\" content=\"pt_BR\" \/>\n<meta property=\"og:type\" content=\"article\" \/>\n<meta property=\"og:title\" content=\"V\u00cdDEO: Criminosos colocam fogo em lot\u00e9rica em tentativa de assalto no interior do RN - Taveira Jr\" \/>\n<meta property=\"og:description\" content=\"Suspeitos foram mortos em confronto com a PM em Tenente Ananias horas depois do crime em Alexandria. Havia clientes e funcion\u00e1rios na lot\u00e9rica, mas ningu\u00e9m ficou ferido. Dupla suspeita de ...\" \/>\n<meta property=\"og:url\" content=\"https:\/\/deputadotaveirajr.com.br\/index.php\/video-criminosos-colocam-fogo-em-loterica-em-tentativa-de-assalto-no-interior-do-rn\/\" \/>\n<meta property=\"og:site_name\" content=\"Taveira Jr\" \/>\n<meta property=\"og:image\" content=\"https:\/\/deputadotaveirajr.com.br\/wp-content\/uploads\/2024\/05\/fogo-B35cun.jpeg\" \/>\n\t<meta property=\"og:image:width\" content=\"1784\" \/>\n\t<meta property=\"og:image:height\" content=\"851\" \/>\n\t<meta property=\"og:image:type\" content=\"image\/jpeg\" \/>\n<meta name=\"twitter:card\" content=\"summary_large_image\" \/>\n<meta name=\"twitter:label1\" content=\"Est. tempo de leitura\" \/>\n\t<meta name=\"twitter:data1\" content=\"2 minutos\" \/>\n<script type=\"application\/ld+json\" class=\"yoast-schema-graph\">{\"@context\":\"https:\/\/schema.org\",\"@graph\":[{\"@type\":\"WebPage\",\"@id\":\"https:\/\/deputadotaveirajr.com.br\/index.php\/video-criminosos-colocam-fogo-em-loterica-em-tentativa-de-assalto-no-interior-do-rn\/\",\"url\":\"https:\/\/deputadotaveirajr.com.br\/index.php\/video-criminosos-colocam-fogo-em-loterica-em-tentativa-de-assalto-no-interior-do-rn\/\",\"name\":\"V\u00cdDEO: Criminosos colocam fogo em lot\u00e9rica em tentativa de assalto no interior do RN - Taveira Jr\",\"isPartOf\":{\"@id\":\"https:\/\/deputadotaveirajr.com.br\/#website\"},\"primaryImageOfPage\":{\"@id\":\"https:\/\/deputadotaveirajr.com.br\/index.php\/video-criminosos-colocam-fogo-em-loterica-em-tentativa-de-assalto-no-interior-do-rn\/#primaryimage\"},\"image\":{\"@id\":\"https:\/\/deputadotaveirajr.com.br\/index.php\/video-criminosos-colocam-fogo-em-loterica-em-tentativa-de-assalto-no-interior-do-rn\/#primaryimage\"},\"thumbnailUrl\":\"https:\/\/deputadotaveirajr.com.br\/wp-content\/uploads\/2024\/05\/fogo-B35cun.jpeg\",\"datePublished\":\"2024-05-24T23:31:40+00:00\",\"breadcrumb\":{\"@id\":\"https:\/\/deputadotaveirajr.com.br\/index.php\/video-criminosos-colocam-fogo-em-loterica-em-tentativa-de-assalto-no-interior-do-rn\/#breadcrumb\"},\"inLanguage\":\"pt-BR\",\"potentialAction\":[{\"@type\":\"ReadAction\",\"target\":[\"https:\/\/deputadotaveirajr.com.br\/index.php\/video-criminosos-colocam-fogo-em-loterica-em-tentativa-de-assalto-no-interior-do-rn\/\"]}]},{\"@type\":\"ImageObject\",\"inLanguage\":\"pt-BR\",\"@id\":\"https:\/\/deputadotaveirajr.com.br\/index.php\/video-criminosos-colocam-fogo-em-loterica-em-tentativa-de-assalto-no-interior-do-rn\/#primaryimage\",\"url\":\"https:\/\/deputadotaveirajr.com.br\/wp-content\/uploads\/2024\/05\/fogo-B35cun.jpeg\",\"contentUrl\":\"https:\/\/deputadotaveirajr.com.br\/wp-content\/uploads\/2024\/05\/fogo-B35cun.jpeg\",\"width\":1784,\"height\":851},{\"@type\":\"BreadcrumbList\",\"@id\":\"https:\/\/deputadotaveirajr.com.br\/index.php\/video-criminosos-colocam-fogo-em-loterica-em-tentativa-de-assalto-no-interior-do-rn\/#breadcrumb\",\"itemListElement\":[{\"@type\":\"ListItem\",\"position\":1,\"name\":\"In\u00edcio\",\"item\":\"https:\/\/deputadotaveirajr.com.br\/\"},{\"@type\":\"ListItem\",\"position\":2,\"name\":\"V\u00cdDEO: Criminosos colocam fogo em lot\u00e9rica em tentativa de assalto no interior do RN\"}]},{\"@type\":\"WebSite\",\"@id\":\"https:\/\/deputadotaveirajr.com.br\/#website\",\"url\":\"https:\/\/deputadotaveirajr.com.br\/\",\"name\":\"Taveira Jr\",\"description\":\"Deputado Estadual\",\"publisher\":{\"@id\":\"https:\/\/deputadotaveirajr.com.br\/#organization\"},\"potentialAction\":[{\"@type\":\"SearchAction\",\"target\":{\"@type\":\"EntryPoint\",\"urlTemplate\":\"https:\/\/deputadotaveirajr.com.br\/?s={search_term_string}\"},\"query-input\":{\"@type\":\"PropertyValueSpecification\",\"valueRequired\":true,\"valueName\":\"search_term_string\"}}],\"inLanguage\":\"pt-BR\"},{\"@type\":\"Organization\",\"@id\":\"https:\/\/deputadotaveirajr.com.br\/#organization\",\"name\":\"Taveira Jr\",\"url\":\"https:\/\/deputadotaveirajr.com.br\/\",\"logo\":{\"@type\":\"ImageObject\",\"inLanguage\":\"pt-BR\",\"@id\":\"https:\/\/deputadotaveirajr.com.br\/#\/schema\/logo\/image\/\",\"url\":\"https:\/\/deputadotaveirajr.com.br\/wp-content\/uploads\/2026\/01\/logolow2a.png\",\"contentUrl\":\"https:\/\/deputadotaveirajr.com.br\/wp-content\/uploads\/2026\/01\/logolow2a.png\",\"width\":290,\"height\":80,\"caption\":\"Taveira Jr\"},\"image\":{\"@id\":\"https:\/\/deputadotaveirajr.com.br\/#\/schema\/logo\/image\/\"}}]}<\/script>\n<!-- \/ Yoast SEO plugin. -->","yoast_head_json":{"title":"V\u00cdDEO: Criminosos colocam fogo em lot\u00e9rica em tentativa de assalto no interior do RN - Taveira Jr","robots":{"index":"index","follow":"follow","max-snippet":"max-snippet:-1","max-image-preview":"max-image-preview:large","max-video-preview":"max-video-preview:-1"},"canonical":"https:\/\/deputadotaveirajr.com.br\/index.php\/video-criminosos-colocam-fogo-em-loterica-em-tentativa-de-assalto-no-interior-do-rn\/","og_locale":"pt_BR","og_type":"article","og_title":"V\u00cdDEO: Criminosos colocam fogo em lot\u00e9rica em tentativa de assalto no interior do RN - Taveira Jr","og_description":"Suspeitos foram mortos em confronto com a PM em Tenente Ananias horas depois do crime em Alexandria. Havia clientes e funcion\u00e1rios na lot\u00e9rica, mas ningu\u00e9m ficou ferido. Dupla suspeita de ...","og_url":"https:\/\/deputadotaveirajr.com.br\/index.php\/video-criminosos-colocam-fogo-em-loterica-em-tentativa-de-assalto-no-interior-do-rn\/","og_site_name":"Taveira Jr","og_image":[{"width":1784,"height":851,"url":"https:\/\/deputadotaveirajr.com.br\/wp-content\/uploads\/2024\/05\/fogo-B35cun.jpeg","type":"image\/jpeg"}],"twitter_card":"summary_large_image","twitter_misc":{"Est. tempo de leitura":"2 minutos"},"schema":{"@context":"https:\/\/schema.org","@graph":[{"@type":"WebPage","@id":"https:\/\/deputadotaveirajr.com.br\/index.php\/video-criminosos-colocam-fogo-em-loterica-em-tentativa-de-assalto-no-interior-do-rn\/","url":"https:\/\/deputadotaveirajr.com.br\/index.php\/video-criminosos-colocam-fogo-em-loterica-em-tentativa-de-assalto-no-interior-do-rn\/","name":"V\u00cdDEO: Criminosos colocam fogo em lot\u00e9rica em tentativa de assalto no interior do RN - Taveira Jr","isPartOf":{"@id":"https:\/\/deputadotaveirajr.com.br\/#website"},"primaryImageOfPage":{"@id":"https:\/\/deputadotaveirajr.com.br\/index.php\/video-criminosos-colocam-fogo-em-loterica-em-tentativa-de-assalto-no-interior-do-rn\/#primaryimage"},"image":{"@id":"https:\/\/deputadotaveirajr.com.br\/index.php\/video-criminosos-colocam-fogo-em-loterica-em-tentativa-de-assalto-no-interior-do-rn\/#primaryimage"},"thumbnailUrl":"https:\/\/deputadotaveirajr.com.br\/wp-content\/uploads\/2024\/05\/fogo-B35cun.jpeg","datePublished":"2024-05-24T23:31:40+00:00","breadcrumb":{"@id":"https:\/\/deputadotaveirajr.com.br\/index.php\/video-criminosos-colocam-fogo-em-loterica-em-tentativa-de-assalto-no-interior-do-rn\/#breadcrumb"},"inLanguage":"pt-BR","potentialAction":[{"@type":"ReadAction","target":["https:\/\/deputadotaveirajr.com.br\/index.php\/video-criminosos-colocam-fogo-em-loterica-em-tentativa-de-assalto-no-interior-do-rn\/"]}]},{"@type":"ImageObject","inLanguage":"pt-BR","@id":"https:\/\/deputadotaveirajr.com.br\/index.php\/video-criminosos-colocam-fogo-em-loterica-em-tentativa-de-assalto-no-interior-do-rn\/#primaryimage","url":"https:\/\/deputadotaveirajr.com.br\/wp-content\/uploads\/2024\/05\/fogo-B35cun.jpeg","contentUrl":"https:\/\/deputadotaveirajr.com.br\/wp-content\/uploads\/2024\/05\/fogo-B35cun.jpeg","width":1784,"height":851},{"@type":"BreadcrumbList","@id":"https:\/\/deputadotaveirajr.com.br\/index.php\/video-criminosos-colocam-fogo-em-loterica-em-tentativa-de-assalto-no-interior-do-rn\/#breadcrumb","itemListElement":[{"@type":"ListItem","position":1,"name":"In\u00edcio","item":"https:\/\/deputadotaveirajr.com.br\/"},{"@type":"ListItem","position":2,"name":"V\u00cdDEO: Criminosos colocam fogo em lot\u00e9rica em tentativa de assalto no interior do RN"}]},{"@type":"WebSite","@id":"https:\/\/deputadotaveirajr.com.br\/#website","url":"https:\/\/deputadotaveirajr.com.br\/","name":"Taveira Jr","description":"Deputado Estadual","publisher":{"@id":"https:\/\/deputadotaveirajr.com.br\/#organization"},"potentialAction":[{"@type":"SearchAction","target":{"@type":"EntryPoint","urlTemplate":"https:\/\/deputadotaveirajr.com.br\/?s={search_term_string}"},"query-input":{"@type":"PropertyValueSpecification","valueRequired":true,"valueName":"search_term_string"}}],"inLanguage":"pt-BR"},{"@type":"Organization","@id":"https:\/\/deputadotaveirajr.com.br\/#organization","name":"Taveira Jr","url":"https:\/\/deputadotaveirajr.com.br\/","logo":{"@type":"ImageObject","inLanguage":"pt-BR","@id":"https:\/\/deputadotaveirajr.com.br\/#\/schema\/logo\/image\/","url":"https:\/\/deputadotaveirajr.com.br\/wp-content\/uploads\/2026\/01\/logolow2a.png","contentUrl":"https:\/\/deputadotaveirajr.com.br\/wp-content\/uploads\/2026\/01\/logolow2a.png","width":290,"height":80,"caption":"Taveira Jr"},"image":{"@id":"https:\/\/deputadotaveirajr.com.br\/#\/schema\/logo\/image\/"}}]}},"_links":{"self":[{"href":"https:\/\/deputadotaveirajr.com.br\/index.php\/wp-json\/wp\/v2\/pages\/6455","targetHints":{"allow":["GET"]}}],"collection":[{"href":"https:\/\/deputadotaveirajr.com.br\/index.php\/wp-json\/wp\/v2\/pages"}],"about":[{"href":"https:\/\/deputadotaveirajr.com.br\/index.php\/wp-json\/wp\/v2\/types\/page"}],"replies":[{"embeddable":true,"href":"https:\/\/deputadotaveirajr.com.br\/index.php\/wp-json\/wp\/v2\/comments?post=6455"}],"version-history":[{"count":1,"href":"https:\/\/deputadotaveirajr.com.br\/index.php\/wp-json\/wp\/v2\/pages\/6455\/revisions"}],"predecessor-version":[{"id":6457,"href":"https:\/\/deputadotaveirajr.com.br\/index.php\/wp-json\/wp\/v2\/pages\/6455\/revisions\/6457"}],"wp:featuredmedia":[{"embeddable":true,"href":"https:\/\/deputadotaveirajr.com.br\/index.php\/wp-json\/wp\/v2\/media\/6456"}],"wp:attachment":[{"href":"https:\/\/deputadotaveirajr.com.br\/index.php\/wp-json\/wp\/v2\/media?parent=6455"}],"curies":[{"name":"wp","href":"https:\/\/api.w.org\/{rel}","templated":true}]}}