{"id":6477,"date":"2024-05-25T17:08:34","date_gmt":"2024-05-25T20:08:34","guid":{"rendered":"https:\/\/deputadotaveirajr.com.br\/?page_id=6477"},"modified":"2024-05-25T17:08:34","modified_gmt":"2024-05-25T20:08:34","slug":"praia-de-ponta-negra-tem-16-vezes-mais-coliformes-fecais-que-o-aceitavel-aponta-boletim-de-balneabilidade-em-natal","status":"publish","type":"page","link":"https:\/\/deputadotaveirajr.com.br\/index.php\/praia-de-ponta-negra-tem-16-vezes-mais-coliformes-fecais-que-o-aceitavel-aponta-boletim-de-balneabilidade-em-natal\/","title":{"rendered":"Praia de Ponta Negra tem 16 vezes mais coliformes fecais que o aceit\u00e1vel, aponta boletim de balneabilidade em Natal"},"content":{"rendered":"<p>     Capital potiguar tem pelo menos seis pontos impr\u00f3prios para o banho neste fim de semana, segundo an\u00e1lise do programa \u00c1gua Azul.  Praia de Ponta Negra com Morro do Careca ao fundo, em Natal<br \/>\nIgor J\u00e1come\/g1<br \/>\nUm dos principais cart\u00f5es postais de Natal, a praia de Ponta Negra, tem 16 vezes mais coliformes fecais na \u00e1gua que o limite aceit\u00e1vel pelo Conselho Nacional do Meio Ambiente (Conama), o que torna os trechos analisados impr\u00f3prios para o banho neste fim de semana.<br \/>\nOs dados s\u00e3o do boletim de balneabilidade das praias da regi\u00e3o metropolitana de Natal, divulgado nesta sexta-feira (24) pelo Instituto de Desenvolvimento Sustent\u00e1vel e Meio Ambiente (Idema).<br \/>\nEm dois trechos da praia da Zona Sul da capital, o valor obtido na \u00faltima amostragem foi de 16 mil coliformes fecais por 100 ml de \u00e1gua, quando o limite \u00e9 de mil coliformes fecais por 100 ml, segundo o coordenador do programa \u00c1gua Azul, o ge\u00f3logo Ronaldo Diniz.<br \/>\nO levantamento tem como base os limites estabelecidos pelo pela Resolu\u00e7\u00e3o N\u00b0 274 do Conama.<br \/>\n&#8220;Para classificar a praia como impr\u00f3pria, a gente usa os resultados de cinco semanas. Se dois ou mais desses cinco resultados possu\u00edrem mais de mil coliformes fecais por 100 ml de \u00e1gua, essa praia est\u00e1 impr\u00f3pria. E se na an\u00e1lise mais recente tiver mais de 2.500 coliformes fecais, com apenas esse resultado ela j\u00e1 \u00e9 classificada como impr\u00f3pria. Ou seja, a praia est\u00e1 16 vezes acima do limite de mil e seis vezes acima do limite de 2,5 mil&#8221;, explica Ronaldo, que coordena o estudo de balneabilidade h\u00e1 23 anos.<br \/>\nNo trecho da Praia de Areia Preta, na Zona Leste da cidade, perto da escadaria de M\u00e3e Luiza, o levantamento semanal encontrou uma contamina\u00e7\u00e3o ainda maior: 24.000 coliformes termotolerantes nas amostras de at\u00e9 100 ml de \u00e1gua &#8211; ou seja &#8211; um valor 24 vezes maior que o limite de 1 mil coliformes por 100 ml.<br \/>\nAinda de acordo com Ronaldo, a presen\u00e7a elevada de coliformes fecais em praias da capital e da regi\u00e3o metropolitana s\u00e3o causados por diferentes fatores. Por\u00e9m, no caso de Ponta Negra, ele explica que a suspeita \u00e9 de instala\u00e7\u00f5es irregulares de esgoto em galerias pluviais (que deveriam receber apenas \u00e1gua da chuva), bem como o contr\u00e1rio &#8211; liga\u00e7\u00f5es de \u00e1guas da chuva no sistema de esgoto.<br \/>\n&#8220;No caso de Ponta Negra, o que n\u00f3s vemos s\u00e3o um conjunto de liga\u00e7\u00f5es clandestinas de \u00e1guas contaminadas nas galerias pluviais, nas instala\u00e7\u00f5es que deveriam conter apenas \u00e1gua da chuva, mas acabam recebendo esgotos n\u00e3o tratados, principalmente dom\u00e9stico. E \u00e0s vezes n\u00f3s temos liga\u00e7\u00f5es clandestinas de \u00e1gua de chuva nas liga\u00e7\u00f5es de esgoto. A \u00e1rea de Ponta Negra \u00e9 saneada, ent\u00e3o essas instala\u00e7\u00f5es n\u00e3o suportam, no per\u00edodo que chove mais, e elas chegam a extravasar pelas tampas vistas ao longo do cal\u00e7ad\u00e3o. Essa rede fica sobrecarregada e joga tudo diretamente na praia. Essa \u00e9 a causa mais prov\u00e1vel de ter ocorrido em Ponta Negra nesta semana&#8221;, afirmou.<br \/>\nEm Areia Preta, o professor acredita que o problema tamb\u00e9m \u00e9 causado por liga\u00e7\u00f5es clandestinas. &#8220;Essa \u00e1gua da chuva chega com grande quantidade de esgotos n\u00e3o tratados&#8221;, pontuou.<br \/>\nDos 33 pontos de praias e rios da Grande Natal, analisados pelos pesquisadores nesta semana, sete estavam impr\u00f3prios: seis deles em Natal e um em N\u00edsia Floresta, na regi\u00e3o metropolitana. Tr\u00eas dos pontos impr\u00f3prios na capital foram na praia de Ponta Negra. Veja abaixo:<br \/>\nTrechos e quantidade de coliformes por 100 ml de \u00e1gua na \u00faltima an\u00e1lise<br \/>\nN\u00edsia Floresta\/Foz do Rio Pirangi &#8211; 1.340 na \u00faltima an\u00e1lise<br \/>\nNatal\/Ponta Negra\/acesso principal &#8211; 16.000 na \u00faltima an\u00e1lise<br \/>\nNatal\/Ponta Negra\/Rua C.G. Teixeira &#8211; Escadaria &#8211; 16.000 na \u00faltima an\u00e1lise<br \/>\nNatal\/Ponta Negra\/Rua R. S. Medeiros &#8211; 9.200 na \u00faltima an\u00e1lise<br \/>\nNatal\/Via Costeira (Barreira D&#8217;\u00c1gua) &#8211; 2.800 na \u00faltima an\u00e1lise<br \/>\nNatal\/Areia Preta (Escadaria de M\u00e3e Luiza) &#8211; 24.000 na \u00faltima an\u00e1lise<br \/>\nNatal\/Redinha (Rio Potengi) &#8211; 3.500 na \u00faltima an\u00e1lise<br \/>\nNenhum dos pontos analisados nos munic\u00edpios de Parnamirim e Extremoz, tamb\u00e9m na regi\u00e3o metropolitana, foram considerados impr\u00f3prios no boletim.<br \/>\nVeja os v\u00eddeos mais assistidos no g1 RN<\/p>","protected":false},"excerpt":{"rendered":"<p>Capital potiguar tem pelo menos seis pontos impr\u00f3prios para o banho neste fim de semana, segundo an\u00e1lise do programa \u00c1gua Azul. Praia de Ponta Negra com Morro do Careca ao &#8230;<\/p>\n","protected":false},"author":0,"featured_media":6478,"parent":0,"menu_order":0,"comment_status":"closed","ping_status":"closed","template":"","meta":{"footnotes":""},"class_list":["post-6477","page","type-page","status-publish","has-post-thumbnail","hentry"],"yoast_head":"<!-- This site is optimized with the Yoast SEO plugin v27.1.1 - https:\/\/yoast.com\/product\/yoast-seo-wordpress\/ -->\n<title>Praia de Ponta Negra tem 16 vezes mais coliformes fecais que o aceit\u00e1vel, aponta boletim de balneabilidade em Natal - Taveira Jr<\/title>\n<meta name=\"robots\" content=\"index, follow, max-snippet:-1, max-image-preview:large, max-video-preview:-1\" \/>\n<link rel=\"canonical\" href=\"https:\/\/deputadotaveirajr.com.br\/index.php\/praia-de-ponta-negra-tem-16-vezes-mais-coliformes-fecais-que-o-aceitavel-aponta-boletim-de-balneabilidade-em-natal\/\" \/>\n<meta property=\"og:locale\" content=\"pt_BR\" \/>\n<meta property=\"og:type\" content=\"article\" \/>\n<meta property=\"og:title\" content=\"Praia de Ponta Negra tem 16 vezes mais coliformes fecais que o aceit\u00e1vel, aponta boletim de balneabilidade em Natal - Taveira Jr\" \/>\n<meta property=\"og:description\" content=\"Capital potiguar tem pelo menos seis pontos impr\u00f3prios para o banho neste fim de semana, segundo an\u00e1lise do programa \u00c1gua Azul. Praia de Ponta Negra com Morro do Careca ao ...\" \/>\n<meta property=\"og:url\" content=\"https:\/\/deputadotaveirajr.com.br\/index.php\/praia-de-ponta-negra-tem-16-vezes-mais-coliformes-fecais-que-o-aceitavel-aponta-boletim-de-balneabilidade-em-natal\/\" \/>\n<meta property=\"og:site_name\" content=\"Taveira Jr\" \/>\n<meta property=\"og:image\" content=\"https:\/\/deputadotaveirajr.com.br\/wp-content\/uploads\/2024\/05\/20230620-171359-eKPbBN-scaled.jpeg\" \/>\n\t<meta property=\"og:image:width\" content=\"2560\" \/>\n\t<meta property=\"og:image:height\" content=\"1440\" \/>\n\t<meta property=\"og:image:type\" content=\"image\/jpeg\" \/>\n<meta name=\"twitter:card\" content=\"summary_large_image\" \/>\n<meta name=\"twitter:label1\" content=\"Est. tempo de leitura\" \/>\n\t<meta name=\"twitter:data1\" content=\"4 minutos\" \/>\n<script type=\"application\/ld+json\" class=\"yoast-schema-graph\">{\"@context\":\"https:\/\/schema.org\",\"@graph\":[{\"@type\":\"WebPage\",\"@id\":\"https:\/\/deputadotaveirajr.com.br\/index.php\/praia-de-ponta-negra-tem-16-vezes-mais-coliformes-fecais-que-o-aceitavel-aponta-boletim-de-balneabilidade-em-natal\/\",\"url\":\"https:\/\/deputadotaveirajr.com.br\/index.php\/praia-de-ponta-negra-tem-16-vezes-mais-coliformes-fecais-que-o-aceitavel-aponta-boletim-de-balneabilidade-em-natal\/\",\"name\":\"Praia de Ponta Negra tem 16 vezes mais coliformes fecais que o aceit\u00e1vel, aponta boletim de balneabilidade em Natal - Taveira Jr\",\"isPartOf\":{\"@id\":\"https:\/\/deputadotaveirajr.com.br\/#website\"},\"primaryImageOfPage\":{\"@id\":\"https:\/\/deputadotaveirajr.com.br\/index.php\/praia-de-ponta-negra-tem-16-vezes-mais-coliformes-fecais-que-o-aceitavel-aponta-boletim-de-balneabilidade-em-natal\/#primaryimage\"},\"image\":{\"@id\":\"https:\/\/deputadotaveirajr.com.br\/index.php\/praia-de-ponta-negra-tem-16-vezes-mais-coliformes-fecais-que-o-aceitavel-aponta-boletim-de-balneabilidade-em-natal\/#primaryimage\"},\"thumbnailUrl\":\"https:\/\/deputadotaveirajr.com.br\/wp-content\/uploads\/2024\/05\/20230620-171359-eKPbBN-scaled.jpeg\",\"datePublished\":\"2024-05-25T20:08:34+00:00\",\"breadcrumb\":{\"@id\":\"https:\/\/deputadotaveirajr.com.br\/index.php\/praia-de-ponta-negra-tem-16-vezes-mais-coliformes-fecais-que-o-aceitavel-aponta-boletim-de-balneabilidade-em-natal\/#breadcrumb\"},\"inLanguage\":\"pt-BR\",\"potentialAction\":[{\"@type\":\"ReadAction\",\"target\":[\"https:\/\/deputadotaveirajr.com.br\/index.php\/praia-de-ponta-negra-tem-16-vezes-mais-coliformes-fecais-que-o-aceitavel-aponta-boletim-de-balneabilidade-em-natal\/\"]}]},{\"@type\":\"ImageObject\",\"inLanguage\":\"pt-BR\",\"@id\":\"https:\/\/deputadotaveirajr.com.br\/index.php\/praia-de-ponta-negra-tem-16-vezes-mais-coliformes-fecais-que-o-aceitavel-aponta-boletim-de-balneabilidade-em-natal\/#primaryimage\",\"url\":\"https:\/\/deputadotaveirajr.com.br\/wp-content\/uploads\/2024\/05\/20230620-171359-eKPbBN-scaled.jpeg\",\"contentUrl\":\"https:\/\/deputadotaveirajr.com.br\/wp-content\/uploads\/2024\/05\/20230620-171359-eKPbBN-scaled.jpeg\",\"width\":2560,\"height\":1440},{\"@type\":\"BreadcrumbList\",\"@id\":\"https:\/\/deputadotaveirajr.com.br\/index.php\/praia-de-ponta-negra-tem-16-vezes-mais-coliformes-fecais-que-o-aceitavel-aponta-boletim-de-balneabilidade-em-natal\/#breadcrumb\",\"itemListElement\":[{\"@type\":\"ListItem\",\"position\":1,\"name\":\"In\u00edcio\",\"item\":\"https:\/\/deputadotaveirajr.com.br\/\"},{\"@type\":\"ListItem\",\"position\":2,\"name\":\"Praia de Ponta Negra tem 16 vezes mais coliformes fecais que o aceit\u00e1vel, aponta boletim de balneabilidade em Natal\"}]},{\"@type\":\"WebSite\",\"@id\":\"https:\/\/deputadotaveirajr.com.br\/#website\",\"url\":\"https:\/\/deputadotaveirajr.com.br\/\",\"name\":\"Taveira Jr\",\"description\":\"Deputado Estadual\",\"publisher\":{\"@id\":\"https:\/\/deputadotaveirajr.com.br\/#organization\"},\"potentialAction\":[{\"@type\":\"SearchAction\",\"target\":{\"@type\":\"EntryPoint\",\"urlTemplate\":\"https:\/\/deputadotaveirajr.com.br\/?s={search_term_string}\"},\"query-input\":{\"@type\":\"PropertyValueSpecification\",\"valueRequired\":true,\"valueName\":\"search_term_string\"}}],\"inLanguage\":\"pt-BR\"},{\"@type\":\"Organization\",\"@id\":\"https:\/\/deputadotaveirajr.com.br\/#organization\",\"name\":\"Taveira Jr\",\"url\":\"https:\/\/deputadotaveirajr.com.br\/\",\"logo\":{\"@type\":\"ImageObject\",\"inLanguage\":\"pt-BR\",\"@id\":\"https:\/\/deputadotaveirajr.com.br\/#\/schema\/logo\/image\/\",\"url\":\"https:\/\/deputadotaveirajr.com.br\/wp-content\/uploads\/2026\/01\/logolow2a.png\",\"contentUrl\":\"https:\/\/deputadotaveirajr.com.br\/wp-content\/uploads\/2026\/01\/logolow2a.png\",\"width\":290,\"height\":80,\"caption\":\"Taveira Jr\"},\"image\":{\"@id\":\"https:\/\/deputadotaveirajr.com.br\/#\/schema\/logo\/image\/\"}}]}<\/script>\n<!-- \/ Yoast SEO plugin. -->","yoast_head_json":{"title":"Praia de Ponta Negra tem 16 vezes mais coliformes fecais que o aceit\u00e1vel, aponta boletim de balneabilidade em Natal - Taveira Jr","robots":{"index":"index","follow":"follow","max-snippet":"max-snippet:-1","max-image-preview":"max-image-preview:large","max-video-preview":"max-video-preview:-1"},"canonical":"https:\/\/deputadotaveirajr.com.br\/index.php\/praia-de-ponta-negra-tem-16-vezes-mais-coliformes-fecais-que-o-aceitavel-aponta-boletim-de-balneabilidade-em-natal\/","og_locale":"pt_BR","og_type":"article","og_title":"Praia de Ponta Negra tem 16 vezes mais coliformes fecais que o aceit\u00e1vel, aponta boletim de balneabilidade em Natal - Taveira Jr","og_description":"Capital potiguar tem pelo menos seis pontos impr\u00f3prios para o banho neste fim de semana, segundo an\u00e1lise do programa \u00c1gua Azul. Praia de Ponta Negra com Morro do Careca ao ...","og_url":"https:\/\/deputadotaveirajr.com.br\/index.php\/praia-de-ponta-negra-tem-16-vezes-mais-coliformes-fecais-que-o-aceitavel-aponta-boletim-de-balneabilidade-em-natal\/","og_site_name":"Taveira Jr","og_image":[{"width":2560,"height":1440,"url":"https:\/\/deputadotaveirajr.com.br\/wp-content\/uploads\/2024\/05\/20230620-171359-eKPbBN-scaled.jpeg","type":"image\/jpeg"}],"twitter_card":"summary_large_image","twitter_misc":{"Est. tempo de leitura":"4 minutos"},"schema":{"@context":"https:\/\/schema.org","@graph":[{"@type":"WebPage","@id":"https:\/\/deputadotaveirajr.com.br\/index.php\/praia-de-ponta-negra-tem-16-vezes-mais-coliformes-fecais-que-o-aceitavel-aponta-boletim-de-balneabilidade-em-natal\/","url":"https:\/\/deputadotaveirajr.com.br\/index.php\/praia-de-ponta-negra-tem-16-vezes-mais-coliformes-fecais-que-o-aceitavel-aponta-boletim-de-balneabilidade-em-natal\/","name":"Praia de Ponta Negra tem 16 vezes mais coliformes fecais que o aceit\u00e1vel, aponta boletim de balneabilidade em Natal - Taveira Jr","isPartOf":{"@id":"https:\/\/deputadotaveirajr.com.br\/#website"},"primaryImageOfPage":{"@id":"https:\/\/deputadotaveirajr.com.br\/index.php\/praia-de-ponta-negra-tem-16-vezes-mais-coliformes-fecais-que-o-aceitavel-aponta-boletim-de-balneabilidade-em-natal\/#primaryimage"},"image":{"@id":"https:\/\/deputadotaveirajr.com.br\/index.php\/praia-de-ponta-negra-tem-16-vezes-mais-coliformes-fecais-que-o-aceitavel-aponta-boletim-de-balneabilidade-em-natal\/#primaryimage"},"thumbnailUrl":"https:\/\/deputadotaveirajr.com.br\/wp-content\/uploads\/2024\/05\/20230620-171359-eKPbBN-scaled.jpeg","datePublished":"2024-05-25T20:08:34+00:00","breadcrumb":{"@id":"https:\/\/deputadotaveirajr.com.br\/index.php\/praia-de-ponta-negra-tem-16-vezes-mais-coliformes-fecais-que-o-aceitavel-aponta-boletim-de-balneabilidade-em-natal\/#breadcrumb"},"inLanguage":"pt-BR","potentialAction":[{"@type":"ReadAction","target":["https:\/\/deputadotaveirajr.com.br\/index.php\/praia-de-ponta-negra-tem-16-vezes-mais-coliformes-fecais-que-o-aceitavel-aponta-boletim-de-balneabilidade-em-natal\/"]}]},{"@type":"ImageObject","inLanguage":"pt-BR","@id":"https:\/\/deputadotaveirajr.com.br\/index.php\/praia-de-ponta-negra-tem-16-vezes-mais-coliformes-fecais-que-o-aceitavel-aponta-boletim-de-balneabilidade-em-natal\/#primaryimage","url":"https:\/\/deputadotaveirajr.com.br\/wp-content\/uploads\/2024\/05\/20230620-171359-eKPbBN-scaled.jpeg","contentUrl":"https:\/\/deputadotaveirajr.com.br\/wp-content\/uploads\/2024\/05\/20230620-171359-eKPbBN-scaled.jpeg","width":2560,"height":1440},{"@type":"BreadcrumbList","@id":"https:\/\/deputadotaveirajr.com.br\/index.php\/praia-de-ponta-negra-tem-16-vezes-mais-coliformes-fecais-que-o-aceitavel-aponta-boletim-de-balneabilidade-em-natal\/#breadcrumb","itemListElement":[{"@type":"ListItem","position":1,"name":"In\u00edcio","item":"https:\/\/deputadotaveirajr.com.br\/"},{"@type":"ListItem","position":2,"name":"Praia de Ponta Negra tem 16 vezes mais coliformes fecais que o aceit\u00e1vel, aponta boletim de balneabilidade em Natal"}]},{"@type":"WebSite","@id":"https:\/\/deputadotaveirajr.com.br\/#website","url":"https:\/\/deputadotaveirajr.com.br\/","name":"Taveira Jr","description":"Deputado Estadual","publisher":{"@id":"https:\/\/deputadotaveirajr.com.br\/#organization"},"potentialAction":[{"@type":"SearchAction","target":{"@type":"EntryPoint","urlTemplate":"https:\/\/deputadotaveirajr.com.br\/?s={search_term_string}"},"query-input":{"@type":"PropertyValueSpecification","valueRequired":true,"valueName":"search_term_string"}}],"inLanguage":"pt-BR"},{"@type":"Organization","@id":"https:\/\/deputadotaveirajr.com.br\/#organization","name":"Taveira Jr","url":"https:\/\/deputadotaveirajr.com.br\/","logo":{"@type":"ImageObject","inLanguage":"pt-BR","@id":"https:\/\/deputadotaveirajr.com.br\/#\/schema\/logo\/image\/","url":"https:\/\/deputadotaveirajr.com.br\/wp-content\/uploads\/2026\/01\/logolow2a.png","contentUrl":"https:\/\/deputadotaveirajr.com.br\/wp-content\/uploads\/2026\/01\/logolow2a.png","width":290,"height":80,"caption":"Taveira Jr"},"image":{"@id":"https:\/\/deputadotaveirajr.com.br\/#\/schema\/logo\/image\/"}}]}},"_links":{"self":[{"href":"https:\/\/deputadotaveirajr.com.br\/index.php\/wp-json\/wp\/v2\/pages\/6477","targetHints":{"allow":["GET"]}}],"collection":[{"href":"https:\/\/deputadotaveirajr.com.br\/index.php\/wp-json\/wp\/v2\/pages"}],"about":[{"href":"https:\/\/deputadotaveirajr.com.br\/index.php\/wp-json\/wp\/v2\/types\/page"}],"replies":[{"embeddable":true,"href":"https:\/\/deputadotaveirajr.com.br\/index.php\/wp-json\/wp\/v2\/comments?post=6477"}],"version-history":[{"count":1,"href":"https:\/\/deputadotaveirajr.com.br\/index.php\/wp-json\/wp\/v2\/pages\/6477\/revisions"}],"predecessor-version":[{"id":6479,"href":"https:\/\/deputadotaveirajr.com.br\/index.php\/wp-json\/wp\/v2\/pages\/6477\/revisions\/6479"}],"wp:featuredmedia":[{"embeddable":true,"href":"https:\/\/deputadotaveirajr.com.br\/index.php\/wp-json\/wp\/v2\/media\/6478"}],"wp:attachment":[{"href":"https:\/\/deputadotaveirajr.com.br\/index.php\/wp-json\/wp\/v2\/media?parent=6477"}],"curies":[{"name":"wp","href":"https:\/\/api.w.org\/{rel}","templated":true}]}}