{"id":6499,"date":"2024-05-27T10:58:08","date_gmt":"2024-05-27T13:58:08","guid":{"rendered":"https:\/\/deputadotaveirajr.com.br\/?page_id=6499"},"modified":"2024-05-27T10:58:08","modified_gmt":"2024-05-27T13:58:08","slug":"homem-e-preso-ao-ser-flagrado-com-8-kg-de-cocaina-escondidos-em-fundo-falso-de-mala-no-aeroporto-de-natal","status":"publish","type":"page","link":"https:\/\/deputadotaveirajr.com.br\/index.php\/homem-e-preso-ao-ser-flagrado-com-8-kg-de-cocaina-escondidos-em-fundo-falso-de-mala-no-aeroporto-de-natal\/","title":{"rendered":"Homem \u00e9 preso ao ser flagrado com 8 kg de coca\u00edna escondidos em fundo falso de mala no Aeroporto de Natal"},"content":{"rendered":"<p>     Passageiro de voo internacional confessou \u00e0 Pol\u00edcia Federal que pretendia entregar droga em Lisboa, Portugal.  Droga foi encontrada em fundo falso de mala, no Aeroporto de Natal<br \/>\nPF\/Divulga\u00e7\u00e3o<br \/>\nUm passageiro de voo internacional foi preso ap\u00f3s ser flagrado com 8,2 kg de coca\u00edna escondidos no fundo falso de sua mala. O caso aconteceu no \u00faltimo s\u00e1bado (25) no Aeroporto de Natal, segundo informou a Pol\u00edcia Federal.<br \/>\nO entorpecente tinha sa\u00eddo de S\u00e3o Paulo com destino \u00e0 Europa. O preso \u00e9 um homem de 24 anos, paraense, que dever\u00e1 responder pelo crime de tr\u00e1fico de drogas.<br \/>\nSegundo a PF, a a\u00e7\u00e3o ocorreu durante uma fiscaliza\u00e7\u00e3o de rotina, no momento em que a bagagem do passageiro foi submetida ao aparelho de raios-X, que acusou uma subst\u00e2ncia considerada suspeita.<br \/>\n&#8220;Identificado o passageiro, este acompanhou a abertura da mala, ocasi\u00e3o em que a droga foi encontrada em um fundo falso&#8221;, informou a PF.<br \/>\nO homem recebeu voz de pris\u00e3o e seguiu escoltado para a sede da Pol\u00edcia Federal onde foi autuado em flagrante.<br \/>\nAinda de acordo com a pol\u00edcia, durante o interrogat\u00f3rio, o homem declarou que mora em Bel\u00e9m e que foi contratado por pessoas desconhecidas atrav\u00e9s de um aplicativo de mensagens, para ir at\u00e9 S\u00e3o Paulo, onde recebeu a mala.<br \/>\nO suspeito tamb\u00e9m relatou que foi orientado a entregar a mala a outra pessoa logo que desembarcasse no aeroporto de Lisboa, em Portugal.<br \/>\nIndiciado por crime de tr\u00e1fico internacional de drogas, o homem passou por exame de corpo de delito no Instituto T\u00e9cnico-Cient\u00edfico de Per\u00edcia (Itep) e segue custodiado na Superintend\u00eancia da Pol\u00edcia Federal, \u00e0 disposi\u00e7\u00e3o da Justi\u00e7a.<br \/>\nDesde janeiro, a PF j\u00e1 apreendeu quase 30 kg de drogas no aeroporto Alu\u00edzio Alves.<br \/>\nVeja os v\u00eddeos mais assistidos no g1 RN<\/p>","protected":false},"excerpt":{"rendered":"<p>Passageiro de voo internacional confessou \u00e0 Pol\u00edcia Federal que pretendia entregar droga em Lisboa, Portugal. Droga foi encontrada em fundo falso de mala, no Aeroporto de Natal PF\/Divulga\u00e7\u00e3o Um passageiro &#8230;<\/p>\n","protected":false},"author":0,"featured_media":6500,"parent":0,"menu_order":0,"comment_status":"closed","ping_status":"closed","template":"","meta":{"footnotes":""},"class_list":["post-6499","page","type-page","status-publish","has-post-thumbnail","hentry"],"yoast_head":"<!-- This site is optimized with the Yoast SEO plugin v27.1.1 - https:\/\/yoast.com\/product\/yoast-seo-wordpress\/ -->\n<title>Homem \u00e9 preso ao ser flagrado com 8 kg de coca\u00edna escondidos em fundo falso de mala no Aeroporto de Natal - Taveira Jr<\/title>\n<meta name=\"robots\" content=\"index, follow, max-snippet:-1, max-image-preview:large, max-video-preview:-1\" \/>\n<link rel=\"canonical\" href=\"https:\/\/deputadotaveirajr.com.br\/index.php\/homem-e-preso-ao-ser-flagrado-com-8-kg-de-cocaina-escondidos-em-fundo-falso-de-mala-no-aeroporto-de-natal\/\" \/>\n<meta property=\"og:locale\" content=\"pt_BR\" \/>\n<meta property=\"og:type\" content=\"article\" \/>\n<meta property=\"og:title\" content=\"Homem \u00e9 preso ao ser flagrado com 8 kg de coca\u00edna escondidos em fundo falso de mala no Aeroporto de Natal - Taveira Jr\" \/>\n<meta property=\"og:description\" content=\"Passageiro de voo internacional confessou \u00e0 Pol\u00edcia Federal que pretendia entregar droga em Lisboa, Portugal. Droga foi encontrada em fundo falso de mala, no Aeroporto de Natal PF\/Divulga\u00e7\u00e3o Um passageiro ...\" \/>\n<meta property=\"og:url\" content=\"https:\/\/deputadotaveirajr.com.br\/index.php\/homem-e-preso-ao-ser-flagrado-com-8-kg-de-cocaina-escondidos-em-fundo-falso-de-mala-no-aeroporto-de-natal\/\" \/>\n<meta property=\"og:site_name\" content=\"Taveira Jr\" \/>\n<meta property=\"og:image\" content=\"https:\/\/deputadotaveirajr.com.br\/wp-content\/uploads\/2024\/05\/mala-LpnH08.jpeg\" \/>\n\t<meta property=\"og:image:width\" content=\"1000\" \/>\n\t<meta property=\"og:image:height\" content=\"570\" \/>\n\t<meta property=\"og:image:type\" content=\"image\/jpeg\" \/>\n<meta name=\"twitter:card\" content=\"summary_large_image\" \/>\n<meta name=\"twitter:label1\" content=\"Est. tempo de leitura\" \/>\n\t<meta name=\"twitter:data1\" content=\"2 minutos\" \/>\n<script type=\"application\/ld+json\" class=\"yoast-schema-graph\">{\"@context\":\"https:\/\/schema.org\",\"@graph\":[{\"@type\":\"WebPage\",\"@id\":\"https:\/\/deputadotaveirajr.com.br\/index.php\/homem-e-preso-ao-ser-flagrado-com-8-kg-de-cocaina-escondidos-em-fundo-falso-de-mala-no-aeroporto-de-natal\/\",\"url\":\"https:\/\/deputadotaveirajr.com.br\/index.php\/homem-e-preso-ao-ser-flagrado-com-8-kg-de-cocaina-escondidos-em-fundo-falso-de-mala-no-aeroporto-de-natal\/\",\"name\":\"Homem \u00e9 preso ao ser flagrado com 8 kg de coca\u00edna escondidos em fundo falso de mala no Aeroporto de Natal - Taveira Jr\",\"isPartOf\":{\"@id\":\"https:\/\/deputadotaveirajr.com.br\/#website\"},\"primaryImageOfPage\":{\"@id\":\"https:\/\/deputadotaveirajr.com.br\/index.php\/homem-e-preso-ao-ser-flagrado-com-8-kg-de-cocaina-escondidos-em-fundo-falso-de-mala-no-aeroporto-de-natal\/#primaryimage\"},\"image\":{\"@id\":\"https:\/\/deputadotaveirajr.com.br\/index.php\/homem-e-preso-ao-ser-flagrado-com-8-kg-de-cocaina-escondidos-em-fundo-falso-de-mala-no-aeroporto-de-natal\/#primaryimage\"},\"thumbnailUrl\":\"https:\/\/deputadotaveirajr.com.br\/wp-content\/uploads\/2024\/05\/mala-LpnH08.jpeg\",\"datePublished\":\"2024-05-27T13:58:08+00:00\",\"breadcrumb\":{\"@id\":\"https:\/\/deputadotaveirajr.com.br\/index.php\/homem-e-preso-ao-ser-flagrado-com-8-kg-de-cocaina-escondidos-em-fundo-falso-de-mala-no-aeroporto-de-natal\/#breadcrumb\"},\"inLanguage\":\"pt-BR\",\"potentialAction\":[{\"@type\":\"ReadAction\",\"target\":[\"https:\/\/deputadotaveirajr.com.br\/index.php\/homem-e-preso-ao-ser-flagrado-com-8-kg-de-cocaina-escondidos-em-fundo-falso-de-mala-no-aeroporto-de-natal\/\"]}]},{\"@type\":\"ImageObject\",\"inLanguage\":\"pt-BR\",\"@id\":\"https:\/\/deputadotaveirajr.com.br\/index.php\/homem-e-preso-ao-ser-flagrado-com-8-kg-de-cocaina-escondidos-em-fundo-falso-de-mala-no-aeroporto-de-natal\/#primaryimage\",\"url\":\"https:\/\/deputadotaveirajr.com.br\/wp-content\/uploads\/2024\/05\/mala-LpnH08.jpeg\",\"contentUrl\":\"https:\/\/deputadotaveirajr.com.br\/wp-content\/uploads\/2024\/05\/mala-LpnH08.jpeg\",\"width\":1000,\"height\":570},{\"@type\":\"BreadcrumbList\",\"@id\":\"https:\/\/deputadotaveirajr.com.br\/index.php\/homem-e-preso-ao-ser-flagrado-com-8-kg-de-cocaina-escondidos-em-fundo-falso-de-mala-no-aeroporto-de-natal\/#breadcrumb\",\"itemListElement\":[{\"@type\":\"ListItem\",\"position\":1,\"name\":\"In\u00edcio\",\"item\":\"https:\/\/deputadotaveirajr.com.br\/\"},{\"@type\":\"ListItem\",\"position\":2,\"name\":\"Homem \u00e9 preso ao ser flagrado com 8 kg de coca\u00edna escondidos em fundo falso de mala no Aeroporto de Natal\"}]},{\"@type\":\"WebSite\",\"@id\":\"https:\/\/deputadotaveirajr.com.br\/#website\",\"url\":\"https:\/\/deputadotaveirajr.com.br\/\",\"name\":\"Taveira Jr\",\"description\":\"Deputado Estadual\",\"publisher\":{\"@id\":\"https:\/\/deputadotaveirajr.com.br\/#organization\"},\"potentialAction\":[{\"@type\":\"SearchAction\",\"target\":{\"@type\":\"EntryPoint\",\"urlTemplate\":\"https:\/\/deputadotaveirajr.com.br\/?s={search_term_string}\"},\"query-input\":{\"@type\":\"PropertyValueSpecification\",\"valueRequired\":true,\"valueName\":\"search_term_string\"}}],\"inLanguage\":\"pt-BR\"},{\"@type\":\"Organization\",\"@id\":\"https:\/\/deputadotaveirajr.com.br\/#organization\",\"name\":\"Taveira Jr\",\"url\":\"https:\/\/deputadotaveirajr.com.br\/\",\"logo\":{\"@type\":\"ImageObject\",\"inLanguage\":\"pt-BR\",\"@id\":\"https:\/\/deputadotaveirajr.com.br\/#\/schema\/logo\/image\/\",\"url\":\"https:\/\/deputadotaveirajr.com.br\/wp-content\/uploads\/2026\/01\/logolow2a.png\",\"contentUrl\":\"https:\/\/deputadotaveirajr.com.br\/wp-content\/uploads\/2026\/01\/logolow2a.png\",\"width\":290,\"height\":80,\"caption\":\"Taveira Jr\"},\"image\":{\"@id\":\"https:\/\/deputadotaveirajr.com.br\/#\/schema\/logo\/image\/\"}}]}<\/script>\n<!-- \/ Yoast SEO plugin. -->","yoast_head_json":{"title":"Homem \u00e9 preso ao ser flagrado com 8 kg de coca\u00edna escondidos em fundo falso de mala no Aeroporto de Natal - Taveira Jr","robots":{"index":"index","follow":"follow","max-snippet":"max-snippet:-1","max-image-preview":"max-image-preview:large","max-video-preview":"max-video-preview:-1"},"canonical":"https:\/\/deputadotaveirajr.com.br\/index.php\/homem-e-preso-ao-ser-flagrado-com-8-kg-de-cocaina-escondidos-em-fundo-falso-de-mala-no-aeroporto-de-natal\/","og_locale":"pt_BR","og_type":"article","og_title":"Homem \u00e9 preso ao ser flagrado com 8 kg de coca\u00edna escondidos em fundo falso de mala no Aeroporto de Natal - Taveira Jr","og_description":"Passageiro de voo internacional confessou \u00e0 Pol\u00edcia Federal que pretendia entregar droga em Lisboa, Portugal. Droga foi encontrada em fundo falso de mala, no Aeroporto de Natal PF\/Divulga\u00e7\u00e3o Um passageiro ...","og_url":"https:\/\/deputadotaveirajr.com.br\/index.php\/homem-e-preso-ao-ser-flagrado-com-8-kg-de-cocaina-escondidos-em-fundo-falso-de-mala-no-aeroporto-de-natal\/","og_site_name":"Taveira Jr","og_image":[{"width":1000,"height":570,"url":"https:\/\/deputadotaveirajr.com.br\/wp-content\/uploads\/2024\/05\/mala-LpnH08.jpeg","type":"image\/jpeg"}],"twitter_card":"summary_large_image","twitter_misc":{"Est. tempo de leitura":"2 minutos"},"schema":{"@context":"https:\/\/schema.org","@graph":[{"@type":"WebPage","@id":"https:\/\/deputadotaveirajr.com.br\/index.php\/homem-e-preso-ao-ser-flagrado-com-8-kg-de-cocaina-escondidos-em-fundo-falso-de-mala-no-aeroporto-de-natal\/","url":"https:\/\/deputadotaveirajr.com.br\/index.php\/homem-e-preso-ao-ser-flagrado-com-8-kg-de-cocaina-escondidos-em-fundo-falso-de-mala-no-aeroporto-de-natal\/","name":"Homem \u00e9 preso ao ser flagrado com 8 kg de coca\u00edna escondidos em fundo falso de mala no Aeroporto de Natal - Taveira Jr","isPartOf":{"@id":"https:\/\/deputadotaveirajr.com.br\/#website"},"primaryImageOfPage":{"@id":"https:\/\/deputadotaveirajr.com.br\/index.php\/homem-e-preso-ao-ser-flagrado-com-8-kg-de-cocaina-escondidos-em-fundo-falso-de-mala-no-aeroporto-de-natal\/#primaryimage"},"image":{"@id":"https:\/\/deputadotaveirajr.com.br\/index.php\/homem-e-preso-ao-ser-flagrado-com-8-kg-de-cocaina-escondidos-em-fundo-falso-de-mala-no-aeroporto-de-natal\/#primaryimage"},"thumbnailUrl":"https:\/\/deputadotaveirajr.com.br\/wp-content\/uploads\/2024\/05\/mala-LpnH08.jpeg","datePublished":"2024-05-27T13:58:08+00:00","breadcrumb":{"@id":"https:\/\/deputadotaveirajr.com.br\/index.php\/homem-e-preso-ao-ser-flagrado-com-8-kg-de-cocaina-escondidos-em-fundo-falso-de-mala-no-aeroporto-de-natal\/#breadcrumb"},"inLanguage":"pt-BR","potentialAction":[{"@type":"ReadAction","target":["https:\/\/deputadotaveirajr.com.br\/index.php\/homem-e-preso-ao-ser-flagrado-com-8-kg-de-cocaina-escondidos-em-fundo-falso-de-mala-no-aeroporto-de-natal\/"]}]},{"@type":"ImageObject","inLanguage":"pt-BR","@id":"https:\/\/deputadotaveirajr.com.br\/index.php\/homem-e-preso-ao-ser-flagrado-com-8-kg-de-cocaina-escondidos-em-fundo-falso-de-mala-no-aeroporto-de-natal\/#primaryimage","url":"https:\/\/deputadotaveirajr.com.br\/wp-content\/uploads\/2024\/05\/mala-LpnH08.jpeg","contentUrl":"https:\/\/deputadotaveirajr.com.br\/wp-content\/uploads\/2024\/05\/mala-LpnH08.jpeg","width":1000,"height":570},{"@type":"BreadcrumbList","@id":"https:\/\/deputadotaveirajr.com.br\/index.php\/homem-e-preso-ao-ser-flagrado-com-8-kg-de-cocaina-escondidos-em-fundo-falso-de-mala-no-aeroporto-de-natal\/#breadcrumb","itemListElement":[{"@type":"ListItem","position":1,"name":"In\u00edcio","item":"https:\/\/deputadotaveirajr.com.br\/"},{"@type":"ListItem","position":2,"name":"Homem \u00e9 preso ao ser flagrado com 8 kg de coca\u00edna escondidos em fundo falso de mala no Aeroporto de Natal"}]},{"@type":"WebSite","@id":"https:\/\/deputadotaveirajr.com.br\/#website","url":"https:\/\/deputadotaveirajr.com.br\/","name":"Taveira Jr","description":"Deputado Estadual","publisher":{"@id":"https:\/\/deputadotaveirajr.com.br\/#organization"},"potentialAction":[{"@type":"SearchAction","target":{"@type":"EntryPoint","urlTemplate":"https:\/\/deputadotaveirajr.com.br\/?s={search_term_string}"},"query-input":{"@type":"PropertyValueSpecification","valueRequired":true,"valueName":"search_term_string"}}],"inLanguage":"pt-BR"},{"@type":"Organization","@id":"https:\/\/deputadotaveirajr.com.br\/#organization","name":"Taveira Jr","url":"https:\/\/deputadotaveirajr.com.br\/","logo":{"@type":"ImageObject","inLanguage":"pt-BR","@id":"https:\/\/deputadotaveirajr.com.br\/#\/schema\/logo\/image\/","url":"https:\/\/deputadotaveirajr.com.br\/wp-content\/uploads\/2026\/01\/logolow2a.png","contentUrl":"https:\/\/deputadotaveirajr.com.br\/wp-content\/uploads\/2026\/01\/logolow2a.png","width":290,"height":80,"caption":"Taveira Jr"},"image":{"@id":"https:\/\/deputadotaveirajr.com.br\/#\/schema\/logo\/image\/"}}]}},"_links":{"self":[{"href":"https:\/\/deputadotaveirajr.com.br\/index.php\/wp-json\/wp\/v2\/pages\/6499","targetHints":{"allow":["GET"]}}],"collection":[{"href":"https:\/\/deputadotaveirajr.com.br\/index.php\/wp-json\/wp\/v2\/pages"}],"about":[{"href":"https:\/\/deputadotaveirajr.com.br\/index.php\/wp-json\/wp\/v2\/types\/page"}],"replies":[{"embeddable":true,"href":"https:\/\/deputadotaveirajr.com.br\/index.php\/wp-json\/wp\/v2\/comments?post=6499"}],"version-history":[{"count":1,"href":"https:\/\/deputadotaveirajr.com.br\/index.php\/wp-json\/wp\/v2\/pages\/6499\/revisions"}],"predecessor-version":[{"id":6503,"href":"https:\/\/deputadotaveirajr.com.br\/index.php\/wp-json\/wp\/v2\/pages\/6499\/revisions\/6503"}],"wp:featuredmedia":[{"embeddable":true,"href":"https:\/\/deputadotaveirajr.com.br\/index.php\/wp-json\/wp\/v2\/media\/6500"}],"wp:attachment":[{"href":"https:\/\/deputadotaveirajr.com.br\/index.php\/wp-json\/wp\/v2\/media?parent=6499"}],"curies":[{"name":"wp","href":"https:\/\/api.w.org\/{rel}","templated":true}]}}