{"id":6505,"date":"2024-05-27T15:00:48","date_gmt":"2024-05-27T18:00:48","guid":{"rendered":"https:\/\/deputadotaveirajr.com.br\/?page_id=6505"},"modified":"2024-05-27T15:00:48","modified_gmt":"2024-05-27T18:00:48","slug":"homem-matou-cunhada-apos-discussao-entre-criancas-da-familia-em-mossoro-diz-policia-civil","status":"publish","type":"page","link":"https:\/\/deputadotaveirajr.com.br\/index.php\/homem-matou-cunhada-apos-discussao-entre-criancas-da-familia-em-mossoro-diz-policia-civil\/","title":{"rendered":"Homem matou cunhada ap\u00f3s discuss\u00e3o entre crian\u00e7as da fam\u00edlia em Mossor\u00f3, diz Pol\u00edcia Civil"},"content":{"rendered":"<p>     Suspeito fugiu ap\u00f3s o crime, no s\u00e1bado (25) e n\u00e3o foi preso at\u00e9 esta segunda-feira (27).  Rossileny Silvino Ribeiro Dantas, de 37 anos, foi assassinada em Mossor\u00f3<br \/>\nCedida<br \/>\nO cunhado de Rossileny Silvino Ribeiro Dantas, de 37 anos, apontado como principal suspeito do assassinato da mulher, no \u00faltimo s\u00e1bado (25), cometeu o crime ap\u00f3s um conflito iniciado ap\u00f3s uma discuss\u00e3o entre crian\u00e7as da fam\u00edlia, em Mossor\u00f3.<br \/>\nEssa \u00e9 foi a vers\u00e3o confirmada pela Pol\u00edcia Civil do Rio Grande do Norte a partir da coleta de depoimentos de testemunhas. O suspeito fugiu ap\u00f3s o crime e n\u00e3o foi preso at\u00e9 a \u00faltima atualiza\u00e7\u00e3o desta mat\u00e9ria. A arma usada no crime tamb\u00e9m n\u00e3o foi apreendida.<br \/>\nSegundo a Divis\u00e3o de Homic\u00eddios e Prote\u00e7\u00e3o \u00e0 Pessoa (DHPP), Rossileny sofreu um tiro no rosto e outro no abd\u00f4men. A esposa do suspeito, que \u00e9 irm\u00e3 de Rossilene, tamb\u00e9m sofreu um tiro de rasp\u00e3o no bra\u00e7o.<br \/>\nO crime aconteceu na casa do suspeito, onde a fam\u00edlia tinha se reunido para almo\u00e7ar no s\u00e1bado, e passou a tarde, inclusive com consumo de bebidas alco\u00f3licas.<br \/>\n&#8220;A briga entre eles teria se iniciado por causa da discuss\u00e3o entre duas crian\u00e7as. Por causa dessa discuss\u00e3o, ele foi at\u00e9 seu quarto pegar a arma. A caminho do quarto, a sua companheira decidiu ir atr\u00e1s dele, momento em que foi chamada de rapariga. Rossileny foi atr\u00e1s deles no intuito de defender sua irm\u00e3, momento em que ele pegou a arma e efetuou os disparos&#8221;, informou a delegada Luana Vidal.<br \/>\n\ud83d\udcf3Participe do canal do g1 RN no WhatsApp<br \/>\nO crime aconteceu na Rua Ant\u00f4nio Galdino de Freitas, no bairro Vingt Rosado. O homem fugiu em seguida, de carro, segundo testemunhas.<br \/>\nO Servi\u00e7o de Atendimento M\u00f3vel de Urg\u00eancia (Samu) foi acionado, mas constatou a morte de Rossileny ainda no local. A irm\u00e3 dela n\u00e3o corre risco de morte.<br \/>\nA dona de casa deixa dois filhos, de 11 e 13 anos, marido, al\u00e9m dos pais, aos quais dava assist\u00eancia.<br \/>\nSegundo a Pol\u00edcia Civil, o homem j\u00e1 tinha passagem pela pol\u00edcia por amea\u00e7a e vias de fato contra uma mulher, registrada no in\u00edcio de 2023. A v\u00edtima que registrou a ocorr\u00eancia, no entanto, n\u00e3o era a companheira atual dele, irm\u00e3 de Rossileny.<br \/>\nMarido de Rossileny, o mestre de obras Francisco Claudenilson Dantas afirmou que o homem tinha um &#8220;hist\u00f3rico&#8221; de agress\u00f5es contra a irm\u00e3 de Rossileny, e, por isso, essa n\u00e3o era a primeira vez que eles discutiam.<br \/>\n&#8220;Cheguei l\u00e1 (na casa) e ela disse que tinha dito umas verdades para ele. Peguei na m\u00e3o dela duas vezes para levar ela para casa. O pai dela tamb\u00e9m. Mas ela quis ficar&#8221;, relatou o marido. De acordo com ele, o crime aconteceu em seguida.<br \/>\nV\u00eddeos mais assistidos do g1 RN<\/p>","protected":false},"excerpt":{"rendered":"<p>Suspeito fugiu ap\u00f3s o crime, no s\u00e1bado (25) e n\u00e3o foi preso at\u00e9 esta segunda-feira (27). Rossileny Silvino Ribeiro Dantas, de 37 anos, foi assassinada em Mossor\u00f3 Cedida O cunhado &#8230;<\/p>\n","protected":false},"author":0,"featured_media":6506,"parent":0,"menu_order":0,"comment_status":"closed","ping_status":"closed","template":"","meta":{"footnotes":""},"class_list":["post-6505","page","type-page","status-publish","has-post-thumbnail","hentry"],"yoast_head":"<!-- This site is optimized with the Yoast SEO plugin v27.1.1 - https:\/\/yoast.com\/product\/yoast-seo-wordpress\/ -->\n<title>Homem matou cunhada ap\u00f3s discuss\u00e3o entre crian\u00e7as da fam\u00edlia em Mossor\u00f3, diz Pol\u00edcia Civil - Taveira Jr<\/title>\n<meta name=\"robots\" content=\"index, follow, max-snippet:-1, max-image-preview:large, max-video-preview:-1\" \/>\n<link rel=\"canonical\" href=\"https:\/\/deputadotaveirajr.com.br\/index.php\/homem-matou-cunhada-apos-discussao-entre-criancas-da-familia-em-mossoro-diz-policia-civil\/\" \/>\n<meta property=\"og:locale\" content=\"pt_BR\" \/>\n<meta property=\"og:type\" content=\"article\" \/>\n<meta property=\"og:title\" content=\"Homem matou cunhada ap\u00f3s discuss\u00e3o entre crian\u00e7as da fam\u00edlia em Mossor\u00f3, diz Pol\u00edcia Civil - Taveira Jr\" \/>\n<meta property=\"og:description\" content=\"Suspeito fugiu ap\u00f3s o crime, no s\u00e1bado (25) e n\u00e3o foi preso at\u00e9 esta segunda-feira (27). Rossileny Silvino Ribeiro Dantas, de 37 anos, foi assassinada em Mossor\u00f3 Cedida O cunhado ...\" \/>\n<meta property=\"og:url\" content=\"https:\/\/deputadotaveirajr.com.br\/index.php\/homem-matou-cunhada-apos-discussao-entre-criancas-da-familia-em-mossoro-diz-policia-civil\/\" \/>\n<meta property=\"og:site_name\" content=\"Taveira Jr\" \/>\n<meta property=\"og:image\" content=\"https:\/\/deputadotaveirajr.com.br\/wp-content\/uploads\/2024\/05\/rossileny-SCyvbR.png\" \/>\n\t<meta property=\"og:image:width\" content=\"700\" \/>\n\t<meta property=\"og:image:height\" content=\"865\" \/>\n\t<meta property=\"og:image:type\" content=\"image\/png\" \/>\n<meta name=\"twitter:card\" content=\"summary_large_image\" \/>\n<meta name=\"twitter:label1\" content=\"Est. tempo de leitura\" \/>\n\t<meta name=\"twitter:data1\" content=\"2 minutos\" \/>\n<script type=\"application\/ld+json\" class=\"yoast-schema-graph\">{\"@context\":\"https:\/\/schema.org\",\"@graph\":[{\"@type\":\"WebPage\",\"@id\":\"https:\/\/deputadotaveirajr.com.br\/index.php\/homem-matou-cunhada-apos-discussao-entre-criancas-da-familia-em-mossoro-diz-policia-civil\/\",\"url\":\"https:\/\/deputadotaveirajr.com.br\/index.php\/homem-matou-cunhada-apos-discussao-entre-criancas-da-familia-em-mossoro-diz-policia-civil\/\",\"name\":\"Homem matou cunhada ap\u00f3s discuss\u00e3o entre crian\u00e7as da fam\u00edlia em Mossor\u00f3, diz Pol\u00edcia Civil - Taveira Jr\",\"isPartOf\":{\"@id\":\"https:\/\/deputadotaveirajr.com.br\/#website\"},\"primaryImageOfPage\":{\"@id\":\"https:\/\/deputadotaveirajr.com.br\/index.php\/homem-matou-cunhada-apos-discussao-entre-criancas-da-familia-em-mossoro-diz-policia-civil\/#primaryimage\"},\"image\":{\"@id\":\"https:\/\/deputadotaveirajr.com.br\/index.php\/homem-matou-cunhada-apos-discussao-entre-criancas-da-familia-em-mossoro-diz-policia-civil\/#primaryimage\"},\"thumbnailUrl\":\"https:\/\/deputadotaveirajr.com.br\/wp-content\/uploads\/2024\/05\/rossileny-SCyvbR.png\",\"datePublished\":\"2024-05-27T18:00:48+00:00\",\"breadcrumb\":{\"@id\":\"https:\/\/deputadotaveirajr.com.br\/index.php\/homem-matou-cunhada-apos-discussao-entre-criancas-da-familia-em-mossoro-diz-policia-civil\/#breadcrumb\"},\"inLanguage\":\"pt-BR\",\"potentialAction\":[{\"@type\":\"ReadAction\",\"target\":[\"https:\/\/deputadotaveirajr.com.br\/index.php\/homem-matou-cunhada-apos-discussao-entre-criancas-da-familia-em-mossoro-diz-policia-civil\/\"]}]},{\"@type\":\"ImageObject\",\"inLanguage\":\"pt-BR\",\"@id\":\"https:\/\/deputadotaveirajr.com.br\/index.php\/homem-matou-cunhada-apos-discussao-entre-criancas-da-familia-em-mossoro-diz-policia-civil\/#primaryimage\",\"url\":\"https:\/\/deputadotaveirajr.com.br\/wp-content\/uploads\/2024\/05\/rossileny-SCyvbR.png\",\"contentUrl\":\"https:\/\/deputadotaveirajr.com.br\/wp-content\/uploads\/2024\/05\/rossileny-SCyvbR.png\",\"width\":700,\"height\":865},{\"@type\":\"BreadcrumbList\",\"@id\":\"https:\/\/deputadotaveirajr.com.br\/index.php\/homem-matou-cunhada-apos-discussao-entre-criancas-da-familia-em-mossoro-diz-policia-civil\/#breadcrumb\",\"itemListElement\":[{\"@type\":\"ListItem\",\"position\":1,\"name\":\"In\u00edcio\",\"item\":\"https:\/\/deputadotaveirajr.com.br\/\"},{\"@type\":\"ListItem\",\"position\":2,\"name\":\"Homem matou cunhada ap\u00f3s discuss\u00e3o entre crian\u00e7as da fam\u00edlia em Mossor\u00f3, diz Pol\u00edcia Civil\"}]},{\"@type\":\"WebSite\",\"@id\":\"https:\/\/deputadotaveirajr.com.br\/#website\",\"url\":\"https:\/\/deputadotaveirajr.com.br\/\",\"name\":\"Taveira Jr\",\"description\":\"Deputado Estadual\",\"publisher\":{\"@id\":\"https:\/\/deputadotaveirajr.com.br\/#organization\"},\"potentialAction\":[{\"@type\":\"SearchAction\",\"target\":{\"@type\":\"EntryPoint\",\"urlTemplate\":\"https:\/\/deputadotaveirajr.com.br\/?s={search_term_string}\"},\"query-input\":{\"@type\":\"PropertyValueSpecification\",\"valueRequired\":true,\"valueName\":\"search_term_string\"}}],\"inLanguage\":\"pt-BR\"},{\"@type\":\"Organization\",\"@id\":\"https:\/\/deputadotaveirajr.com.br\/#organization\",\"name\":\"Taveira Jr\",\"url\":\"https:\/\/deputadotaveirajr.com.br\/\",\"logo\":{\"@type\":\"ImageObject\",\"inLanguage\":\"pt-BR\",\"@id\":\"https:\/\/deputadotaveirajr.com.br\/#\/schema\/logo\/image\/\",\"url\":\"https:\/\/deputadotaveirajr.com.br\/wp-content\/uploads\/2026\/01\/logolow2a.png\",\"contentUrl\":\"https:\/\/deputadotaveirajr.com.br\/wp-content\/uploads\/2026\/01\/logolow2a.png\",\"width\":290,\"height\":80,\"caption\":\"Taveira Jr\"},\"image\":{\"@id\":\"https:\/\/deputadotaveirajr.com.br\/#\/schema\/logo\/image\/\"}}]}<\/script>\n<!-- \/ Yoast SEO plugin. -->","yoast_head_json":{"title":"Homem matou cunhada ap\u00f3s discuss\u00e3o entre crian\u00e7as da fam\u00edlia em Mossor\u00f3, diz Pol\u00edcia Civil - Taveira Jr","robots":{"index":"index","follow":"follow","max-snippet":"max-snippet:-1","max-image-preview":"max-image-preview:large","max-video-preview":"max-video-preview:-1"},"canonical":"https:\/\/deputadotaveirajr.com.br\/index.php\/homem-matou-cunhada-apos-discussao-entre-criancas-da-familia-em-mossoro-diz-policia-civil\/","og_locale":"pt_BR","og_type":"article","og_title":"Homem matou cunhada ap\u00f3s discuss\u00e3o entre crian\u00e7as da fam\u00edlia em Mossor\u00f3, diz Pol\u00edcia Civil - Taveira Jr","og_description":"Suspeito fugiu ap\u00f3s o crime, no s\u00e1bado (25) e n\u00e3o foi preso at\u00e9 esta segunda-feira (27). Rossileny Silvino Ribeiro Dantas, de 37 anos, foi assassinada em Mossor\u00f3 Cedida O cunhado ...","og_url":"https:\/\/deputadotaveirajr.com.br\/index.php\/homem-matou-cunhada-apos-discussao-entre-criancas-da-familia-em-mossoro-diz-policia-civil\/","og_site_name":"Taveira Jr","og_image":[{"width":700,"height":865,"url":"https:\/\/deputadotaveirajr.com.br\/wp-content\/uploads\/2024\/05\/rossileny-SCyvbR.png","type":"image\/png"}],"twitter_card":"summary_large_image","twitter_misc":{"Est. tempo de leitura":"2 minutos"},"schema":{"@context":"https:\/\/schema.org","@graph":[{"@type":"WebPage","@id":"https:\/\/deputadotaveirajr.com.br\/index.php\/homem-matou-cunhada-apos-discussao-entre-criancas-da-familia-em-mossoro-diz-policia-civil\/","url":"https:\/\/deputadotaveirajr.com.br\/index.php\/homem-matou-cunhada-apos-discussao-entre-criancas-da-familia-em-mossoro-diz-policia-civil\/","name":"Homem matou cunhada ap\u00f3s discuss\u00e3o entre crian\u00e7as da fam\u00edlia em Mossor\u00f3, diz Pol\u00edcia Civil - Taveira Jr","isPartOf":{"@id":"https:\/\/deputadotaveirajr.com.br\/#website"},"primaryImageOfPage":{"@id":"https:\/\/deputadotaveirajr.com.br\/index.php\/homem-matou-cunhada-apos-discussao-entre-criancas-da-familia-em-mossoro-diz-policia-civil\/#primaryimage"},"image":{"@id":"https:\/\/deputadotaveirajr.com.br\/index.php\/homem-matou-cunhada-apos-discussao-entre-criancas-da-familia-em-mossoro-diz-policia-civil\/#primaryimage"},"thumbnailUrl":"https:\/\/deputadotaveirajr.com.br\/wp-content\/uploads\/2024\/05\/rossileny-SCyvbR.png","datePublished":"2024-05-27T18:00:48+00:00","breadcrumb":{"@id":"https:\/\/deputadotaveirajr.com.br\/index.php\/homem-matou-cunhada-apos-discussao-entre-criancas-da-familia-em-mossoro-diz-policia-civil\/#breadcrumb"},"inLanguage":"pt-BR","potentialAction":[{"@type":"ReadAction","target":["https:\/\/deputadotaveirajr.com.br\/index.php\/homem-matou-cunhada-apos-discussao-entre-criancas-da-familia-em-mossoro-diz-policia-civil\/"]}]},{"@type":"ImageObject","inLanguage":"pt-BR","@id":"https:\/\/deputadotaveirajr.com.br\/index.php\/homem-matou-cunhada-apos-discussao-entre-criancas-da-familia-em-mossoro-diz-policia-civil\/#primaryimage","url":"https:\/\/deputadotaveirajr.com.br\/wp-content\/uploads\/2024\/05\/rossileny-SCyvbR.png","contentUrl":"https:\/\/deputadotaveirajr.com.br\/wp-content\/uploads\/2024\/05\/rossileny-SCyvbR.png","width":700,"height":865},{"@type":"BreadcrumbList","@id":"https:\/\/deputadotaveirajr.com.br\/index.php\/homem-matou-cunhada-apos-discussao-entre-criancas-da-familia-em-mossoro-diz-policia-civil\/#breadcrumb","itemListElement":[{"@type":"ListItem","position":1,"name":"In\u00edcio","item":"https:\/\/deputadotaveirajr.com.br\/"},{"@type":"ListItem","position":2,"name":"Homem matou cunhada ap\u00f3s discuss\u00e3o entre crian\u00e7as da fam\u00edlia em Mossor\u00f3, diz Pol\u00edcia Civil"}]},{"@type":"WebSite","@id":"https:\/\/deputadotaveirajr.com.br\/#website","url":"https:\/\/deputadotaveirajr.com.br\/","name":"Taveira Jr","description":"Deputado Estadual","publisher":{"@id":"https:\/\/deputadotaveirajr.com.br\/#organization"},"potentialAction":[{"@type":"SearchAction","target":{"@type":"EntryPoint","urlTemplate":"https:\/\/deputadotaveirajr.com.br\/?s={search_term_string}"},"query-input":{"@type":"PropertyValueSpecification","valueRequired":true,"valueName":"search_term_string"}}],"inLanguage":"pt-BR"},{"@type":"Organization","@id":"https:\/\/deputadotaveirajr.com.br\/#organization","name":"Taveira Jr","url":"https:\/\/deputadotaveirajr.com.br\/","logo":{"@type":"ImageObject","inLanguage":"pt-BR","@id":"https:\/\/deputadotaveirajr.com.br\/#\/schema\/logo\/image\/","url":"https:\/\/deputadotaveirajr.com.br\/wp-content\/uploads\/2026\/01\/logolow2a.png","contentUrl":"https:\/\/deputadotaveirajr.com.br\/wp-content\/uploads\/2026\/01\/logolow2a.png","width":290,"height":80,"caption":"Taveira Jr"},"image":{"@id":"https:\/\/deputadotaveirajr.com.br\/#\/schema\/logo\/image\/"}}]}},"_links":{"self":[{"href":"https:\/\/deputadotaveirajr.com.br\/index.php\/wp-json\/wp\/v2\/pages\/6505","targetHints":{"allow":["GET"]}}],"collection":[{"href":"https:\/\/deputadotaveirajr.com.br\/index.php\/wp-json\/wp\/v2\/pages"}],"about":[{"href":"https:\/\/deputadotaveirajr.com.br\/index.php\/wp-json\/wp\/v2\/types\/page"}],"replies":[{"embeddable":true,"href":"https:\/\/deputadotaveirajr.com.br\/index.php\/wp-json\/wp\/v2\/comments?post=6505"}],"version-history":[{"count":1,"href":"https:\/\/deputadotaveirajr.com.br\/index.php\/wp-json\/wp\/v2\/pages\/6505\/revisions"}],"predecessor-version":[{"id":6507,"href":"https:\/\/deputadotaveirajr.com.br\/index.php\/wp-json\/wp\/v2\/pages\/6505\/revisions\/6507"}],"wp:featuredmedia":[{"embeddable":true,"href":"https:\/\/deputadotaveirajr.com.br\/index.php\/wp-json\/wp\/v2\/media\/6506"}],"wp:attachment":[{"href":"https:\/\/deputadotaveirajr.com.br\/index.php\/wp-json\/wp\/v2\/media?parent=6505"}],"curies":[{"name":"wp","href":"https:\/\/api.w.org\/{rel}","templated":true}]}}