{"id":6514,"date":"2024-05-27T19:35:54","date_gmt":"2024-05-27T22:35:54","guid":{"rendered":"https:\/\/deputadotaveirajr.com.br\/?page_id=6514"},"modified":"2024-05-27T19:35:54","modified_gmt":"2024-05-27T22:35:54","slug":"festival-gratuito-de-musica-em-natal-divulga-programacao-com-shows-de-cantoras-potiguares-confira-atracoes","status":"publish","type":"page","link":"https:\/\/deputadotaveirajr.com.br\/index.php\/festival-gratuito-de-musica-em-natal-divulga-programacao-com-shows-de-cantoras-potiguares-confira-atracoes\/","title":{"rendered":"Festival gratuito de m\u00fasica em Natal divulga programa\u00e7\u00e3o com shows de cantoras potiguares; confira atra\u00e7\u00f5es"},"content":{"rendered":"<p>     Evento acontece nos dias 11 e 12 de julho no Teatro Riachuelo, em Natal, com entrada gratuita. Com apenas mulheres na programa\u00e7\u00e3o, evento busca celebrar cantoras potiguares. Primeiro line-up do Festival Ponto de Ebuli\u00e7\u00e3o<br \/>\nBrunno Martins\/Divulga\u00e7\u00e3o<br \/>\nO festival de m\u00fasica Ponto de Ebuli\u00e7\u00e3o divulgou nesta segunda-feira (27) as atra\u00e7\u00f5es para o evento, que acontece nos dias 11 e 12 de julho no Teatro Riachuelo, com programa\u00e7\u00e3o gratuita.<br \/>\nO evento vai reunir um grupo de cantoras potiguares. As atra\u00e7\u00f5es anunciadas foram:<br \/>\nKhrystal apresenta &#8216;Dois Tempos&#8217;;<br \/>\nVal\u00e9ria Oliveira apresenta &#8216;Est\u00e1 tudo a\u00ed&#8217;;<br \/>\nDani Cruz apresenta &#8216;Poente&#8217;;<br \/>\nSimona Talma apresenta &#8216;A mo\u00e7a mais vagal que h\u00e1 &#8211; 18 anos&#8217;;<br \/>\nCami Santiz e Gracinha (encontro in\u00e9dito) apresentam &#8216;De noite e de dia&#8217;;<br \/>\nSarah Oliver e Tiquinha Rodrigues (encontro in\u00e9dito) apresentam &#8216;Do jeitin delas&#8217;.<br \/>\nOs ingressos, que s\u00e3o gratuitos, poder\u00e3o ser retirados a partir do dia 30 de junho atrav\u00e9s da plataforma Sympla.<br \/>\n\ud83d\udcf3Participe do canal do g1 RN no WhatsApp<br \/>\n&#8220;O trabalho dessas artistas \u00e9 muito relevante; todas elas t\u00eam uma import\u00e2ncia e influ\u00eancia muito forte na nossa cena musical. Marcam e influenciam outras mulheres e certamente contribuem para o despontar da m\u00fasica potiguar para o mundo&#8221;, explicou a produtora e idealizadora do evento, Nathalia Santana.<br \/>\nA produtora lembrou de cantoras que marcaram \u00e9poca no estado, como Terezinha de Jesus, N\u00fabia Lafayette e Ademilde Fonseca.<br \/>\n&#8220;A linha curatorial da nossa primeira edi\u00e7\u00e3o passa, sobretudo, pelo desejo de celebrar todas essas mulheres, de ontem e de hoje, que nos inspiram, orgulham e embalam&#8221;.<br \/>\nOs shows<br \/>\nGracinha e Cami Santiz apresentam um show exclusivo, com os repert\u00f3rios autorais com novos arranjos e experimenta\u00e7\u00f5es.<br \/>\nA cantora Khrystal revisita \u201cDois Tempos\u201d, seu primeiro disco de composi\u00e7\u00f5es pr\u00f3prias, lan\u00e7ado em 2012.<br \/>\nEm um dueto in\u00e9dito, Sarah Oliver convida a musicista Tiquinha Rodrigues para um encontro de gera\u00e7\u00f5es.<br \/>\nSimona Talma remonta o show de estreia de sua carreira solo, celebrando os 18 anos do \u00e1lbum &#8220;A mo\u00e7a mais vagal que h\u00e1&#8221;.<br \/>\nDani Cruz celebra dez anos de carreira revisitando sucessos e compartilhando parte do novo trabalho.<br \/>\nA cantora e compositora Val\u00e9ria Oliveira celebra os 33 anos de carreira com um show que coleciona as p\u00e9rolas da sua trajet\u00f3ria musical com 10 discos oficialmente lan\u00e7ados.<br \/>\nV\u00eddeos mais assistidos do g1 RN<\/p>","protected":false},"excerpt":{"rendered":"<p>Evento acontece nos dias 11 e 12 de julho no Teatro Riachuelo, em Natal, com entrada gratuita. Com apenas mulheres na programa\u00e7\u00e3o, evento busca celebrar cantoras potiguares. Primeiro line-up do &#8230;<\/p>\n","protected":false},"author":0,"featured_media":6515,"parent":0,"menu_order":0,"comment_status":"closed","ping_status":"closed","template":"","meta":{"footnotes":""},"class_list":["post-6514","page","type-page","status-publish","has-post-thumbnail","hentry"],"yoast_head":"<!-- This site is optimized with the Yoast SEO plugin v27.1.1 - https:\/\/yoast.com\/product\/yoast-seo-wordpress\/ -->\n<title>Festival gratuito de m\u00fasica em Natal divulga programa\u00e7\u00e3o com shows de cantoras potiguares; confira atra\u00e7\u00f5es - Taveira Jr<\/title>\n<meta name=\"robots\" content=\"index, follow, max-snippet:-1, max-image-preview:large, max-video-preview:-1\" \/>\n<link rel=\"canonical\" href=\"https:\/\/deputadotaveirajr.com.br\/index.php\/festival-gratuito-de-musica-em-natal-divulga-programacao-com-shows-de-cantoras-potiguares-confira-atracoes\/\" \/>\n<meta property=\"og:locale\" content=\"pt_BR\" \/>\n<meta property=\"og:type\" content=\"article\" \/>\n<meta property=\"og:title\" content=\"Festival gratuito de m\u00fasica em Natal divulga programa\u00e7\u00e3o com shows de cantoras potiguares; confira atra\u00e7\u00f5es - Taveira Jr\" \/>\n<meta property=\"og:description\" content=\"Evento acontece nos dias 11 e 12 de julho no Teatro Riachuelo, em Natal, com entrada gratuita. Com apenas mulheres na programa\u00e7\u00e3o, evento busca celebrar cantoras potiguares. Primeiro line-up do ...\" \/>\n<meta property=\"og:url\" content=\"https:\/\/deputadotaveirajr.com.br\/index.php\/festival-gratuito-de-musica-em-natal-divulga-programacao-com-shows-de-cantoras-potiguares-confira-atracoes\/\" \/>\n<meta property=\"og:site_name\" content=\"Taveira Jr\" \/>\n<meta property=\"og:image\" content=\"https:\/\/deputadotaveirajr.com.br\/wp-content\/uploads\/2024\/05\/line-up-1a-edicao-foto-por-brunno-martins-bylQLf-scaled.jpeg\" \/>\n\t<meta property=\"og:image:width\" content=\"2560\" \/>\n\t<meta property=\"og:image:height\" content=\"2048\" \/>\n\t<meta property=\"og:image:type\" content=\"image\/jpeg\" \/>\n<meta name=\"twitter:card\" content=\"summary_large_image\" \/>\n<meta name=\"twitter:label1\" content=\"Est. tempo de leitura\" \/>\n\t<meta name=\"twitter:data1\" content=\"2 minutos\" \/>\n<script type=\"application\/ld+json\" class=\"yoast-schema-graph\">{\"@context\":\"https:\/\/schema.org\",\"@graph\":[{\"@type\":\"WebPage\",\"@id\":\"https:\/\/deputadotaveirajr.com.br\/index.php\/festival-gratuito-de-musica-em-natal-divulga-programacao-com-shows-de-cantoras-potiguares-confira-atracoes\/\",\"url\":\"https:\/\/deputadotaveirajr.com.br\/index.php\/festival-gratuito-de-musica-em-natal-divulga-programacao-com-shows-de-cantoras-potiguares-confira-atracoes\/\",\"name\":\"Festival gratuito de m\u00fasica em Natal divulga programa\u00e7\u00e3o com shows de cantoras potiguares; confira atra\u00e7\u00f5es - Taveira Jr\",\"isPartOf\":{\"@id\":\"https:\/\/deputadotaveirajr.com.br\/#website\"},\"primaryImageOfPage\":{\"@id\":\"https:\/\/deputadotaveirajr.com.br\/index.php\/festival-gratuito-de-musica-em-natal-divulga-programacao-com-shows-de-cantoras-potiguares-confira-atracoes\/#primaryimage\"},\"image\":{\"@id\":\"https:\/\/deputadotaveirajr.com.br\/index.php\/festival-gratuito-de-musica-em-natal-divulga-programacao-com-shows-de-cantoras-potiguares-confira-atracoes\/#primaryimage\"},\"thumbnailUrl\":\"https:\/\/deputadotaveirajr.com.br\/wp-content\/uploads\/2024\/05\/line-up-1a-edicao-foto-por-brunno-martins-bylQLf-scaled.jpeg\",\"datePublished\":\"2024-05-27T22:35:54+00:00\",\"breadcrumb\":{\"@id\":\"https:\/\/deputadotaveirajr.com.br\/index.php\/festival-gratuito-de-musica-em-natal-divulga-programacao-com-shows-de-cantoras-potiguares-confira-atracoes\/#breadcrumb\"},\"inLanguage\":\"pt-BR\",\"potentialAction\":[{\"@type\":\"ReadAction\",\"target\":[\"https:\/\/deputadotaveirajr.com.br\/index.php\/festival-gratuito-de-musica-em-natal-divulga-programacao-com-shows-de-cantoras-potiguares-confira-atracoes\/\"]}]},{\"@type\":\"ImageObject\",\"inLanguage\":\"pt-BR\",\"@id\":\"https:\/\/deputadotaveirajr.com.br\/index.php\/festival-gratuito-de-musica-em-natal-divulga-programacao-com-shows-de-cantoras-potiguares-confira-atracoes\/#primaryimage\",\"url\":\"https:\/\/deputadotaveirajr.com.br\/wp-content\/uploads\/2024\/05\/line-up-1a-edicao-foto-por-brunno-martins-bylQLf-scaled.jpeg\",\"contentUrl\":\"https:\/\/deputadotaveirajr.com.br\/wp-content\/uploads\/2024\/05\/line-up-1a-edicao-foto-por-brunno-martins-bylQLf-scaled.jpeg\",\"width\":2560,\"height\":2048},{\"@type\":\"BreadcrumbList\",\"@id\":\"https:\/\/deputadotaveirajr.com.br\/index.php\/festival-gratuito-de-musica-em-natal-divulga-programacao-com-shows-de-cantoras-potiguares-confira-atracoes\/#breadcrumb\",\"itemListElement\":[{\"@type\":\"ListItem\",\"position\":1,\"name\":\"In\u00edcio\",\"item\":\"https:\/\/deputadotaveirajr.com.br\/\"},{\"@type\":\"ListItem\",\"position\":2,\"name\":\"Festival gratuito de m\u00fasica em Natal divulga programa\u00e7\u00e3o com shows de cantoras potiguares; confira atra\u00e7\u00f5es\"}]},{\"@type\":\"WebSite\",\"@id\":\"https:\/\/deputadotaveirajr.com.br\/#website\",\"url\":\"https:\/\/deputadotaveirajr.com.br\/\",\"name\":\"Taveira Jr\",\"description\":\"Deputado Estadual\",\"publisher\":{\"@id\":\"https:\/\/deputadotaveirajr.com.br\/#organization\"},\"potentialAction\":[{\"@type\":\"SearchAction\",\"target\":{\"@type\":\"EntryPoint\",\"urlTemplate\":\"https:\/\/deputadotaveirajr.com.br\/?s={search_term_string}\"},\"query-input\":{\"@type\":\"PropertyValueSpecification\",\"valueRequired\":true,\"valueName\":\"search_term_string\"}}],\"inLanguage\":\"pt-BR\"},{\"@type\":\"Organization\",\"@id\":\"https:\/\/deputadotaveirajr.com.br\/#organization\",\"name\":\"Taveira Jr\",\"url\":\"https:\/\/deputadotaveirajr.com.br\/\",\"logo\":{\"@type\":\"ImageObject\",\"inLanguage\":\"pt-BR\",\"@id\":\"https:\/\/deputadotaveirajr.com.br\/#\/schema\/logo\/image\/\",\"url\":\"https:\/\/deputadotaveirajr.com.br\/wp-content\/uploads\/2026\/01\/logolow2a.png\",\"contentUrl\":\"https:\/\/deputadotaveirajr.com.br\/wp-content\/uploads\/2026\/01\/logolow2a.png\",\"width\":290,\"height\":80,\"caption\":\"Taveira Jr\"},\"image\":{\"@id\":\"https:\/\/deputadotaveirajr.com.br\/#\/schema\/logo\/image\/\"}}]}<\/script>\n<!-- \/ Yoast SEO plugin. -->","yoast_head_json":{"title":"Festival gratuito de m\u00fasica em Natal divulga programa\u00e7\u00e3o com shows de cantoras potiguares; confira atra\u00e7\u00f5es - Taveira Jr","robots":{"index":"index","follow":"follow","max-snippet":"max-snippet:-1","max-image-preview":"max-image-preview:large","max-video-preview":"max-video-preview:-1"},"canonical":"https:\/\/deputadotaveirajr.com.br\/index.php\/festival-gratuito-de-musica-em-natal-divulga-programacao-com-shows-de-cantoras-potiguares-confira-atracoes\/","og_locale":"pt_BR","og_type":"article","og_title":"Festival gratuito de m\u00fasica em Natal divulga programa\u00e7\u00e3o com shows de cantoras potiguares; confira atra\u00e7\u00f5es - Taveira Jr","og_description":"Evento acontece nos dias 11 e 12 de julho no Teatro Riachuelo, em Natal, com entrada gratuita. Com apenas mulheres na programa\u00e7\u00e3o, evento busca celebrar cantoras potiguares. Primeiro line-up do ...","og_url":"https:\/\/deputadotaveirajr.com.br\/index.php\/festival-gratuito-de-musica-em-natal-divulga-programacao-com-shows-de-cantoras-potiguares-confira-atracoes\/","og_site_name":"Taveira Jr","og_image":[{"width":2560,"height":2048,"url":"https:\/\/deputadotaveirajr.com.br\/wp-content\/uploads\/2024\/05\/line-up-1a-edicao-foto-por-brunno-martins-bylQLf-scaled.jpeg","type":"image\/jpeg"}],"twitter_card":"summary_large_image","twitter_misc":{"Est. tempo de leitura":"2 minutos"},"schema":{"@context":"https:\/\/schema.org","@graph":[{"@type":"WebPage","@id":"https:\/\/deputadotaveirajr.com.br\/index.php\/festival-gratuito-de-musica-em-natal-divulga-programacao-com-shows-de-cantoras-potiguares-confira-atracoes\/","url":"https:\/\/deputadotaveirajr.com.br\/index.php\/festival-gratuito-de-musica-em-natal-divulga-programacao-com-shows-de-cantoras-potiguares-confira-atracoes\/","name":"Festival gratuito de m\u00fasica em Natal divulga programa\u00e7\u00e3o com shows de cantoras potiguares; confira atra\u00e7\u00f5es - Taveira Jr","isPartOf":{"@id":"https:\/\/deputadotaveirajr.com.br\/#website"},"primaryImageOfPage":{"@id":"https:\/\/deputadotaveirajr.com.br\/index.php\/festival-gratuito-de-musica-em-natal-divulga-programacao-com-shows-de-cantoras-potiguares-confira-atracoes\/#primaryimage"},"image":{"@id":"https:\/\/deputadotaveirajr.com.br\/index.php\/festival-gratuito-de-musica-em-natal-divulga-programacao-com-shows-de-cantoras-potiguares-confira-atracoes\/#primaryimage"},"thumbnailUrl":"https:\/\/deputadotaveirajr.com.br\/wp-content\/uploads\/2024\/05\/line-up-1a-edicao-foto-por-brunno-martins-bylQLf-scaled.jpeg","datePublished":"2024-05-27T22:35:54+00:00","breadcrumb":{"@id":"https:\/\/deputadotaveirajr.com.br\/index.php\/festival-gratuito-de-musica-em-natal-divulga-programacao-com-shows-de-cantoras-potiguares-confira-atracoes\/#breadcrumb"},"inLanguage":"pt-BR","potentialAction":[{"@type":"ReadAction","target":["https:\/\/deputadotaveirajr.com.br\/index.php\/festival-gratuito-de-musica-em-natal-divulga-programacao-com-shows-de-cantoras-potiguares-confira-atracoes\/"]}]},{"@type":"ImageObject","inLanguage":"pt-BR","@id":"https:\/\/deputadotaveirajr.com.br\/index.php\/festival-gratuito-de-musica-em-natal-divulga-programacao-com-shows-de-cantoras-potiguares-confira-atracoes\/#primaryimage","url":"https:\/\/deputadotaveirajr.com.br\/wp-content\/uploads\/2024\/05\/line-up-1a-edicao-foto-por-brunno-martins-bylQLf-scaled.jpeg","contentUrl":"https:\/\/deputadotaveirajr.com.br\/wp-content\/uploads\/2024\/05\/line-up-1a-edicao-foto-por-brunno-martins-bylQLf-scaled.jpeg","width":2560,"height":2048},{"@type":"BreadcrumbList","@id":"https:\/\/deputadotaveirajr.com.br\/index.php\/festival-gratuito-de-musica-em-natal-divulga-programacao-com-shows-de-cantoras-potiguares-confira-atracoes\/#breadcrumb","itemListElement":[{"@type":"ListItem","position":1,"name":"In\u00edcio","item":"https:\/\/deputadotaveirajr.com.br\/"},{"@type":"ListItem","position":2,"name":"Festival gratuito de m\u00fasica em Natal divulga programa\u00e7\u00e3o com shows de cantoras potiguares; confira atra\u00e7\u00f5es"}]},{"@type":"WebSite","@id":"https:\/\/deputadotaveirajr.com.br\/#website","url":"https:\/\/deputadotaveirajr.com.br\/","name":"Taveira Jr","description":"Deputado Estadual","publisher":{"@id":"https:\/\/deputadotaveirajr.com.br\/#organization"},"potentialAction":[{"@type":"SearchAction","target":{"@type":"EntryPoint","urlTemplate":"https:\/\/deputadotaveirajr.com.br\/?s={search_term_string}"},"query-input":{"@type":"PropertyValueSpecification","valueRequired":true,"valueName":"search_term_string"}}],"inLanguage":"pt-BR"},{"@type":"Organization","@id":"https:\/\/deputadotaveirajr.com.br\/#organization","name":"Taveira Jr","url":"https:\/\/deputadotaveirajr.com.br\/","logo":{"@type":"ImageObject","inLanguage":"pt-BR","@id":"https:\/\/deputadotaveirajr.com.br\/#\/schema\/logo\/image\/","url":"https:\/\/deputadotaveirajr.com.br\/wp-content\/uploads\/2026\/01\/logolow2a.png","contentUrl":"https:\/\/deputadotaveirajr.com.br\/wp-content\/uploads\/2026\/01\/logolow2a.png","width":290,"height":80,"caption":"Taveira Jr"},"image":{"@id":"https:\/\/deputadotaveirajr.com.br\/#\/schema\/logo\/image\/"}}]}},"_links":{"self":[{"href":"https:\/\/deputadotaveirajr.com.br\/index.php\/wp-json\/wp\/v2\/pages\/6514","targetHints":{"allow":["GET"]}}],"collection":[{"href":"https:\/\/deputadotaveirajr.com.br\/index.php\/wp-json\/wp\/v2\/pages"}],"about":[{"href":"https:\/\/deputadotaveirajr.com.br\/index.php\/wp-json\/wp\/v2\/types\/page"}],"replies":[{"embeddable":true,"href":"https:\/\/deputadotaveirajr.com.br\/index.php\/wp-json\/wp\/v2\/comments?post=6514"}],"version-history":[{"count":1,"href":"https:\/\/deputadotaveirajr.com.br\/index.php\/wp-json\/wp\/v2\/pages\/6514\/revisions"}],"predecessor-version":[{"id":6517,"href":"https:\/\/deputadotaveirajr.com.br\/index.php\/wp-json\/wp\/v2\/pages\/6514\/revisions\/6517"}],"wp:featuredmedia":[{"embeddable":true,"href":"https:\/\/deputadotaveirajr.com.br\/index.php\/wp-json\/wp\/v2\/media\/6515"}],"wp:attachment":[{"href":"https:\/\/deputadotaveirajr.com.br\/index.php\/wp-json\/wp\/v2\/media?parent=6514"}],"curies":[{"name":"wp","href":"https:\/\/api.w.org\/{rel}","templated":true}]}}