{"id":6520,"date":"2024-05-28T10:44:26","date_gmt":"2024-05-28T13:44:26","guid":{"rendered":"https:\/\/deputadotaveirajr.com.br\/?page_id=6520"},"modified":"2024-05-28T10:44:26","modified_gmt":"2024-05-28T13:44:26","slug":"idosa-adota-sapa-que-entrava-na-casa-dela-todos-os-dias-batiza-de-sophia-loren-e-a-veste-com-roupas-sob-medida-no-rn","status":"publish","type":"page","link":"https:\/\/deputadotaveirajr.com.br\/index.php\/idosa-adota-sapa-que-entrava-na-casa-dela-todos-os-dias-batiza-de-sophia-loren-e-a-veste-com-roupas-sob-medida-no-rn\/","title":{"rendered":"Idosa &#8216;adota&#8217; sapa que entrava na casa dela todos os dias, batiza de Sophia Loren e a veste com roupas sob medida no RN"},"content":{"rendered":"<p>     Maric\u00e9o Cruz, de 82 anos de idade, moradora da cidade de Flor\u00e2nia, contou que o animal passou a frequentar a casa dela todos os dias a noite. Conhec\u0327a a sapa Sophia Loren no quadro &#8220;Olha o Bicho&#8221;<br \/>\nUma idosa moradora da cidade de Flor\u00e2nia, no interior do Rio Grande do Norte, decidiu &#8220;adotar&#8221; uma sapa que come\u00e7ou a frequentar a casa dela todos os dias durante o turno da noite. A rela\u00e7\u00e3o ficou t\u00e3o pr\u00f3xima, que o animal at\u00e9 ganhou nome: Sophia Loren, em homenagem \u00e0 atriz italiana.<br \/>\nMaric\u00e9o Cruz, de 82 anos de idade, contou que a sapa virou um animal de estima\u00e7\u00e3o e uma companhia di\u00e1ria para ela.<br \/>\n&#8220;Ela anda por a\u00ed, e a noite ela vem tomar banho aqui debaixo da minha planta. Ela ficou minha amiga, mas ela n\u00e3o fala da vida de ningu\u00e9m&#8221;, contou.<br \/>\nIdosa Maric\u00e9o Cruz com a sapa Sophia Loren<br \/>\nCedida<br \/>\nA pr\u00f3pria idosa passou a dar banho na sapa e a sec\u00e1-la dentro de casa. Maric\u00e9o contou que j\u00e1 recebeu cr\u00edticas das pessoas pela rela\u00e7\u00e3o que tem com o animal, mas que n\u00e3o liga para isso.<br \/>\n&#8220;O povo acha que eu sou sebosa. Sebosa talvez seja a lingua de algu\u00e9m. Mas a minha sapinha n\u00e3o diz nada, n\u00e3o fala da vida de ningu\u00e9m&#8221;, disse.<br \/>\nMaric\u00e9o Cruz e a sapinha de estima\u00e7\u00e3o<br \/>\nCedida<br \/>\nA rela\u00e7\u00e3o com a sapa \u00e9 t\u00e3o pr\u00f3xima que a idosa veste o animal com roupas pr\u00f3prias feitas sob medida para ela e a deixa descansar em cima de uma almofada de casa.<br \/>\nA sapa tamb\u00e9m passou a conviver de forma amistosa com o cachorro de Maric\u00e9o, que j\u00e1 morava na casa antes da nova integrante.<br \/>\nSapa Sophie Loren tomando banho<br \/>\nCedida<br \/>\nV\u00eddeos mais assistidos do g1 RN<\/p>","protected":false},"excerpt":{"rendered":"<p>Maric\u00e9o Cruz, de 82 anos de idade, moradora da cidade de Flor\u00e2nia, contou que o animal passou a frequentar a casa dela todos os dias a noite. Conhec\u0327a a sapa &#8230;<\/p>\n","protected":false},"author":0,"featured_media":6521,"parent":0,"menu_order":0,"comment_status":"closed","ping_status":"closed","template":"","meta":{"footnotes":""},"class_list":["post-6520","page","type-page","status-publish","has-post-thumbnail","hentry"],"yoast_head":"<!-- This site is optimized with the Yoast SEO plugin v27.1.1 - https:\/\/yoast.com\/product\/yoast-seo-wordpress\/ -->\n<title>Idosa &#039;adota&#039; sapa que entrava na casa dela todos os dias, batiza de Sophia Loren e a veste com roupas sob medida no RN - Taveira Jr<\/title>\n<meta name=\"robots\" content=\"index, follow, max-snippet:-1, max-image-preview:large, max-video-preview:-1\" \/>\n<link rel=\"canonical\" href=\"https:\/\/deputadotaveirajr.com.br\/index.php\/idosa-adota-sapa-que-entrava-na-casa-dela-todos-os-dias-batiza-de-sophia-loren-e-a-veste-com-roupas-sob-medida-no-rn\/\" \/>\n<meta property=\"og:locale\" content=\"pt_BR\" \/>\n<meta property=\"og:type\" content=\"article\" \/>\n<meta property=\"og:title\" content=\"Idosa &#039;adota&#039; sapa que entrava na casa dela todos os dias, batiza de Sophia Loren e a veste com roupas sob medida no RN - Taveira Jr\" \/>\n<meta property=\"og:description\" content=\"Maric\u00e9o Cruz, de 82 anos de idade, moradora da cidade de Flor\u00e2nia, contou que o animal passou a frequentar a casa dela todos os dias a noite. Conhec\u0327a a sapa ...\" \/>\n<meta property=\"og:url\" content=\"https:\/\/deputadotaveirajr.com.br\/index.php\/idosa-adota-sapa-que-entrava-na-casa-dela-todos-os-dias-batiza-de-sophia-loren-e-a-veste-com-roupas-sob-medida-no-rn\/\" \/>\n<meta property=\"og:site_name\" content=\"Taveira Jr\" \/>\n<meta property=\"og:image\" content=\"https:\/\/deputadotaveirajr.com.br\/wp-content\/uploads\/2024\/05\/idosa-e-sapinha-7odTky.jpeg\" \/>\n\t<meta property=\"og:image:width\" content=\"698\" \/>\n\t<meta property=\"og:image:height\" content=\"873\" \/>\n\t<meta property=\"og:image:type\" content=\"image\/jpeg\" \/>\n<meta name=\"twitter:card\" content=\"summary_large_image\" \/>\n<meta name=\"twitter:label1\" content=\"Est. tempo de leitura\" \/>\n\t<meta name=\"twitter:data1\" content=\"2 minutos\" \/>\n<script type=\"application\/ld+json\" class=\"yoast-schema-graph\">{\"@context\":\"https:\/\/schema.org\",\"@graph\":[{\"@type\":\"WebPage\",\"@id\":\"https:\/\/deputadotaveirajr.com.br\/index.php\/idosa-adota-sapa-que-entrava-na-casa-dela-todos-os-dias-batiza-de-sophia-loren-e-a-veste-com-roupas-sob-medida-no-rn\/\",\"url\":\"https:\/\/deputadotaveirajr.com.br\/index.php\/idosa-adota-sapa-que-entrava-na-casa-dela-todos-os-dias-batiza-de-sophia-loren-e-a-veste-com-roupas-sob-medida-no-rn\/\",\"name\":\"Idosa 'adota' sapa que entrava na casa dela todos os dias, batiza de Sophia Loren e a veste com roupas sob medida no RN - Taveira Jr\",\"isPartOf\":{\"@id\":\"https:\/\/deputadotaveirajr.com.br\/#website\"},\"primaryImageOfPage\":{\"@id\":\"https:\/\/deputadotaveirajr.com.br\/index.php\/idosa-adota-sapa-que-entrava-na-casa-dela-todos-os-dias-batiza-de-sophia-loren-e-a-veste-com-roupas-sob-medida-no-rn\/#primaryimage\"},\"image\":{\"@id\":\"https:\/\/deputadotaveirajr.com.br\/index.php\/idosa-adota-sapa-que-entrava-na-casa-dela-todos-os-dias-batiza-de-sophia-loren-e-a-veste-com-roupas-sob-medida-no-rn\/#primaryimage\"},\"thumbnailUrl\":\"https:\/\/deputadotaveirajr.com.br\/wp-content\/uploads\/2024\/05\/idosa-e-sapinha-7odTky.jpeg\",\"datePublished\":\"2024-05-28T13:44:26+00:00\",\"breadcrumb\":{\"@id\":\"https:\/\/deputadotaveirajr.com.br\/index.php\/idosa-adota-sapa-que-entrava-na-casa-dela-todos-os-dias-batiza-de-sophia-loren-e-a-veste-com-roupas-sob-medida-no-rn\/#breadcrumb\"},\"inLanguage\":\"pt-BR\",\"potentialAction\":[{\"@type\":\"ReadAction\",\"target\":[\"https:\/\/deputadotaveirajr.com.br\/index.php\/idosa-adota-sapa-que-entrava-na-casa-dela-todos-os-dias-batiza-de-sophia-loren-e-a-veste-com-roupas-sob-medida-no-rn\/\"]}]},{\"@type\":\"ImageObject\",\"inLanguage\":\"pt-BR\",\"@id\":\"https:\/\/deputadotaveirajr.com.br\/index.php\/idosa-adota-sapa-que-entrava-na-casa-dela-todos-os-dias-batiza-de-sophia-loren-e-a-veste-com-roupas-sob-medida-no-rn\/#primaryimage\",\"url\":\"https:\/\/deputadotaveirajr.com.br\/wp-content\/uploads\/2024\/05\/idosa-e-sapinha-7odTky.jpeg\",\"contentUrl\":\"https:\/\/deputadotaveirajr.com.br\/wp-content\/uploads\/2024\/05\/idosa-e-sapinha-7odTky.jpeg\",\"width\":698,\"height\":873},{\"@type\":\"BreadcrumbList\",\"@id\":\"https:\/\/deputadotaveirajr.com.br\/index.php\/idosa-adota-sapa-que-entrava-na-casa-dela-todos-os-dias-batiza-de-sophia-loren-e-a-veste-com-roupas-sob-medida-no-rn\/#breadcrumb\",\"itemListElement\":[{\"@type\":\"ListItem\",\"position\":1,\"name\":\"In\u00edcio\",\"item\":\"https:\/\/deputadotaveirajr.com.br\/\"},{\"@type\":\"ListItem\",\"position\":2,\"name\":\"Idosa &#8216;adota&#8217; sapa que entrava na casa dela todos os dias, batiza de Sophia Loren e a veste com roupas sob medida no RN\"}]},{\"@type\":\"WebSite\",\"@id\":\"https:\/\/deputadotaveirajr.com.br\/#website\",\"url\":\"https:\/\/deputadotaveirajr.com.br\/\",\"name\":\"Taveira Jr\",\"description\":\"Deputado Estadual\",\"publisher\":{\"@id\":\"https:\/\/deputadotaveirajr.com.br\/#organization\"},\"potentialAction\":[{\"@type\":\"SearchAction\",\"target\":{\"@type\":\"EntryPoint\",\"urlTemplate\":\"https:\/\/deputadotaveirajr.com.br\/?s={search_term_string}\"},\"query-input\":{\"@type\":\"PropertyValueSpecification\",\"valueRequired\":true,\"valueName\":\"search_term_string\"}}],\"inLanguage\":\"pt-BR\"},{\"@type\":\"Organization\",\"@id\":\"https:\/\/deputadotaveirajr.com.br\/#organization\",\"name\":\"Taveira Jr\",\"url\":\"https:\/\/deputadotaveirajr.com.br\/\",\"logo\":{\"@type\":\"ImageObject\",\"inLanguage\":\"pt-BR\",\"@id\":\"https:\/\/deputadotaveirajr.com.br\/#\/schema\/logo\/image\/\",\"url\":\"https:\/\/deputadotaveirajr.com.br\/wp-content\/uploads\/2026\/01\/logolow2a.png\",\"contentUrl\":\"https:\/\/deputadotaveirajr.com.br\/wp-content\/uploads\/2026\/01\/logolow2a.png\",\"width\":290,\"height\":80,\"caption\":\"Taveira Jr\"},\"image\":{\"@id\":\"https:\/\/deputadotaveirajr.com.br\/#\/schema\/logo\/image\/\"}}]}<\/script>\n<!-- \/ Yoast SEO plugin. -->","yoast_head_json":{"title":"Idosa 'adota' sapa que entrava na casa dela todos os dias, batiza de Sophia Loren e a veste com roupas sob medida no RN - Taveira Jr","robots":{"index":"index","follow":"follow","max-snippet":"max-snippet:-1","max-image-preview":"max-image-preview:large","max-video-preview":"max-video-preview:-1"},"canonical":"https:\/\/deputadotaveirajr.com.br\/index.php\/idosa-adota-sapa-que-entrava-na-casa-dela-todos-os-dias-batiza-de-sophia-loren-e-a-veste-com-roupas-sob-medida-no-rn\/","og_locale":"pt_BR","og_type":"article","og_title":"Idosa 'adota' sapa que entrava na casa dela todos os dias, batiza de Sophia Loren e a veste com roupas sob medida no RN - Taveira Jr","og_description":"Maric\u00e9o Cruz, de 82 anos de idade, moradora da cidade de Flor\u00e2nia, contou que o animal passou a frequentar a casa dela todos os dias a noite. Conhec\u0327a a sapa ...","og_url":"https:\/\/deputadotaveirajr.com.br\/index.php\/idosa-adota-sapa-que-entrava-na-casa-dela-todos-os-dias-batiza-de-sophia-loren-e-a-veste-com-roupas-sob-medida-no-rn\/","og_site_name":"Taveira Jr","og_image":[{"width":698,"height":873,"url":"https:\/\/deputadotaveirajr.com.br\/wp-content\/uploads\/2024\/05\/idosa-e-sapinha-7odTky.jpeg","type":"image\/jpeg"}],"twitter_card":"summary_large_image","twitter_misc":{"Est. tempo de leitura":"2 minutos"},"schema":{"@context":"https:\/\/schema.org","@graph":[{"@type":"WebPage","@id":"https:\/\/deputadotaveirajr.com.br\/index.php\/idosa-adota-sapa-que-entrava-na-casa-dela-todos-os-dias-batiza-de-sophia-loren-e-a-veste-com-roupas-sob-medida-no-rn\/","url":"https:\/\/deputadotaveirajr.com.br\/index.php\/idosa-adota-sapa-que-entrava-na-casa-dela-todos-os-dias-batiza-de-sophia-loren-e-a-veste-com-roupas-sob-medida-no-rn\/","name":"Idosa 'adota' sapa que entrava na casa dela todos os dias, batiza de Sophia Loren e a veste com roupas sob medida no RN - Taveira Jr","isPartOf":{"@id":"https:\/\/deputadotaveirajr.com.br\/#website"},"primaryImageOfPage":{"@id":"https:\/\/deputadotaveirajr.com.br\/index.php\/idosa-adota-sapa-que-entrava-na-casa-dela-todos-os-dias-batiza-de-sophia-loren-e-a-veste-com-roupas-sob-medida-no-rn\/#primaryimage"},"image":{"@id":"https:\/\/deputadotaveirajr.com.br\/index.php\/idosa-adota-sapa-que-entrava-na-casa-dela-todos-os-dias-batiza-de-sophia-loren-e-a-veste-com-roupas-sob-medida-no-rn\/#primaryimage"},"thumbnailUrl":"https:\/\/deputadotaveirajr.com.br\/wp-content\/uploads\/2024\/05\/idosa-e-sapinha-7odTky.jpeg","datePublished":"2024-05-28T13:44:26+00:00","breadcrumb":{"@id":"https:\/\/deputadotaveirajr.com.br\/index.php\/idosa-adota-sapa-que-entrava-na-casa-dela-todos-os-dias-batiza-de-sophia-loren-e-a-veste-com-roupas-sob-medida-no-rn\/#breadcrumb"},"inLanguage":"pt-BR","potentialAction":[{"@type":"ReadAction","target":["https:\/\/deputadotaveirajr.com.br\/index.php\/idosa-adota-sapa-que-entrava-na-casa-dela-todos-os-dias-batiza-de-sophia-loren-e-a-veste-com-roupas-sob-medida-no-rn\/"]}]},{"@type":"ImageObject","inLanguage":"pt-BR","@id":"https:\/\/deputadotaveirajr.com.br\/index.php\/idosa-adota-sapa-que-entrava-na-casa-dela-todos-os-dias-batiza-de-sophia-loren-e-a-veste-com-roupas-sob-medida-no-rn\/#primaryimage","url":"https:\/\/deputadotaveirajr.com.br\/wp-content\/uploads\/2024\/05\/idosa-e-sapinha-7odTky.jpeg","contentUrl":"https:\/\/deputadotaveirajr.com.br\/wp-content\/uploads\/2024\/05\/idosa-e-sapinha-7odTky.jpeg","width":698,"height":873},{"@type":"BreadcrumbList","@id":"https:\/\/deputadotaveirajr.com.br\/index.php\/idosa-adota-sapa-que-entrava-na-casa-dela-todos-os-dias-batiza-de-sophia-loren-e-a-veste-com-roupas-sob-medida-no-rn\/#breadcrumb","itemListElement":[{"@type":"ListItem","position":1,"name":"In\u00edcio","item":"https:\/\/deputadotaveirajr.com.br\/"},{"@type":"ListItem","position":2,"name":"Idosa &#8216;adota&#8217; sapa que entrava na casa dela todos os dias, batiza de Sophia Loren e a veste com roupas sob medida no RN"}]},{"@type":"WebSite","@id":"https:\/\/deputadotaveirajr.com.br\/#website","url":"https:\/\/deputadotaveirajr.com.br\/","name":"Taveira Jr","description":"Deputado Estadual","publisher":{"@id":"https:\/\/deputadotaveirajr.com.br\/#organization"},"potentialAction":[{"@type":"SearchAction","target":{"@type":"EntryPoint","urlTemplate":"https:\/\/deputadotaveirajr.com.br\/?s={search_term_string}"},"query-input":{"@type":"PropertyValueSpecification","valueRequired":true,"valueName":"search_term_string"}}],"inLanguage":"pt-BR"},{"@type":"Organization","@id":"https:\/\/deputadotaveirajr.com.br\/#organization","name":"Taveira Jr","url":"https:\/\/deputadotaveirajr.com.br\/","logo":{"@type":"ImageObject","inLanguage":"pt-BR","@id":"https:\/\/deputadotaveirajr.com.br\/#\/schema\/logo\/image\/","url":"https:\/\/deputadotaveirajr.com.br\/wp-content\/uploads\/2026\/01\/logolow2a.png","contentUrl":"https:\/\/deputadotaveirajr.com.br\/wp-content\/uploads\/2026\/01\/logolow2a.png","width":290,"height":80,"caption":"Taveira Jr"},"image":{"@id":"https:\/\/deputadotaveirajr.com.br\/#\/schema\/logo\/image\/"}}]}},"_links":{"self":[{"href":"https:\/\/deputadotaveirajr.com.br\/index.php\/wp-json\/wp\/v2\/pages\/6520","targetHints":{"allow":["GET"]}}],"collection":[{"href":"https:\/\/deputadotaveirajr.com.br\/index.php\/wp-json\/wp\/v2\/pages"}],"about":[{"href":"https:\/\/deputadotaveirajr.com.br\/index.php\/wp-json\/wp\/v2\/types\/page"}],"replies":[{"embeddable":true,"href":"https:\/\/deputadotaveirajr.com.br\/index.php\/wp-json\/wp\/v2\/comments?post=6520"}],"version-history":[{"count":1,"href":"https:\/\/deputadotaveirajr.com.br\/index.php\/wp-json\/wp\/v2\/pages\/6520\/revisions"}],"predecessor-version":[{"id":6524,"href":"https:\/\/deputadotaveirajr.com.br\/index.php\/wp-json\/wp\/v2\/pages\/6520\/revisions\/6524"}],"wp:featuredmedia":[{"embeddable":true,"href":"https:\/\/deputadotaveirajr.com.br\/index.php\/wp-json\/wp\/v2\/media\/6521"}],"wp:attachment":[{"href":"https:\/\/deputadotaveirajr.com.br\/index.php\/wp-json\/wp\/v2\/media?parent=6520"}],"curies":[{"name":"wp","href":"https:\/\/api.w.org\/{rel}","templated":true}]}}