{"id":6527,"date":"2024-05-28T12:45:03","date_gmt":"2024-05-28T15:45:03","guid":{"rendered":"https:\/\/deputadotaveirajr.com.br\/?page_id=6527"},"modified":"2024-05-28T12:45:03","modified_gmt":"2024-05-28T15:45:03","slug":"inmet-emite-dois-alertas-de-acumulado-de-chuvas-para-natal-e-outras-68-cidades-do-rn","status":"publish","type":"page","link":"https:\/\/deputadotaveirajr.com.br\/index.php\/inmet-emite-dois-alertas-de-acumulado-de-chuvas-para-natal-e-outras-68-cidades-do-rn\/","title":{"rendered":"Inmet emite dois alertas de acumulado de chuvas para Natal e outras 68 cidades do RN"},"content":{"rendered":"<p>     Avisos meteorol\u00f3gico foram publicados na manh\u00e3 desta ter\u00e7a-feira (28) e valem at\u00e9 \u00e0s 10h desta quarta-feira (29).  Alertas abrangem cidades principalmente do litoral potiguar<br \/>\nInmet\/Reprodu\u00e7\u00e3o<br \/>\nO Instituto Nacional de Meteorologia (Inmet) emitiu, nesta ter\u00e7a-feira (28) dois alertas &#8211; um amarelo e outro laranja &#8211; de perigo e perigo potencial &#8211; por causa das chuvas no litoral do Rio Grande do Norte. Os avisos abrangem Natal e outras 68 cidades, principalmente do litoral, e valem at\u00e9 \u00e0s 10h da quarta-feira (29).<br \/>\nO alerta laranja atinge a capital potiguar e outras 14 cidades do Litoral Sul do estado, com previs\u00e3o de acumulado de chuva entre 30 a 60 mm por hora ou at\u00e9 100 mm por dia, al\u00e9m de risco de alagamentos, deslizamentos de encostas e transbordamentos de rios, em cidades com tais \u00e1reas de risco.<br \/>\nAs recomenda\u00e7\u00f5es envolvem: evitar enfrentar o mau tempo; observar altera\u00e7\u00e3o nas encostas; se poss\u00edvel, desligar aparelhos el\u00e9tricos e quadro geral de energia.<br \/>\n&#8220;Em caso de situa\u00e7\u00e3o de inunda\u00e7\u00e3o, ou similar, proteja seus pertences da \u00e1gua envoltos em sacos pl\u00e1sticos&#8221;, recomendou o Inmet.<br \/>\nCidades em alerta laranja<br \/>\nAr\u00eas<br \/>\nBa\u00eda Formosa<br \/>\nCanguaretama<br \/>\nCear\u00e1-Mirim<br \/>\nExtremoz<br \/>\nGoianinha<br \/>\nMaca\u00edba<br \/>\nNatal<br \/>\nN\u00edsia Floresta<br \/>\nParnamirim<br \/>\nS\u00e3o Gon\u00e7alo do Amarante<br \/>\nS\u00e3o Jos\u00e9 de Mipibu<br \/>\nSenador Georgino Avelino<br \/>\nTibau do Sul<br \/>\nVila Flor<br \/>\nCidades em alerta amarelo<br \/>\nJ\u00e1 em 54 cidades do Litoral Norte e da regi\u00e3o Agreste, a previs\u00e3o \u00e9 de um volume de chuvas menor, variando entre 20 a 30 mm por hora ou at\u00e9 50 mm por dia. Ainda assim, h\u00e1 baixo risco de alagamentos e pequenos deslizamentos, em cidades com \u00e1reas de risco. As recomenda\u00e7\u00f5es do Inmet s\u00e3o as mesmas para as cidades em alerta laranja.<br \/>\nAreia Branca<br \/>\nAr\u00eas<br \/>\nBento Fernandes<br \/>\nBom Jesus<br \/>\nBrejinho<br \/>\nCai\u00e7ara do Norte<br \/>\nCanguaretama<br \/>\nCarnaubais<br \/>\nCear\u00e1-Mirim<br \/>\nEsp\u00edrito Santo<br \/>\nExtremoz<br \/>\nGalinhos<br \/>\nGoianinha<br \/>\nGrossos<br \/>\nGuamar\u00e9<br \/>\nIelmo Marinho<br \/>\nJanda\u00edra<br \/>\nJanu\u00e1rio Cicco<br \/>\nJo\u00e3o C\u00e2mara<br \/>\nJundi\u00e1<br \/>\nLagoa de Pedras<br \/>\nLagoa Salgada<br \/>\nMaca\u00edba<br \/>\nMacau<br \/>\nMaxaranguape<br \/>\nMontanhas<br \/>\nMonte Alegre<br \/>\nMossor\u00f3<br \/>\nNova Cruz<br \/>\nParazinho<br \/>\nParnamirim<br \/>\nPassagem<br \/>\nPedra Grande<br \/>\nPedro Avelino<br \/>\nPedro Velho<br \/>\nPend\u00eancias<br \/>\nPo\u00e7o Branco<br \/>\nPorto do Mangue<br \/>\nPureza<br \/>\nRio do Fogo<br \/>\nSanta Maria<br \/>\nSanto Ant\u00f4nio<br \/>\nS\u00e3o Bento do Norte<br \/>\nS\u00e3o Gon\u00e7alo do Amarante<br \/>\nS\u00e3o Jos\u00e9 de Mipibu<br \/>\nS\u00e3o Miguel do Gostoso<br \/>\nS\u00e3o Pedro<br \/>\nSerra do Mel<br \/>\nSerrinha<br \/>\nTaipu<br \/>\nTibau<br \/>\nTouros<br \/>\nV\u00e1rzea<br \/>\nVera Cruz<br \/>\nVeja os v\u00eddeos mais assistidos no g1 RN<\/p>","protected":false},"excerpt":{"rendered":"<p>Avisos meteorol\u00f3gico foram publicados na manh\u00e3 desta ter\u00e7a-feira (28) e valem at\u00e9 \u00e0s 10h desta quarta-feira (29). Alertas abrangem cidades principalmente do litoral potiguar Inmet\/Reprodu\u00e7\u00e3o O Instituto Nacional de Meteorologia &#8230;<\/p>\n","protected":false},"author":0,"featured_media":6528,"parent":0,"menu_order":0,"comment_status":"closed","ping_status":"closed","template":"","meta":{"footnotes":""},"class_list":["post-6527","page","type-page","status-publish","has-post-thumbnail","hentry"],"yoast_head":"<!-- This site is optimized with the Yoast SEO plugin v27.1.1 - https:\/\/yoast.com\/product\/yoast-seo-wordpress\/ -->\n<title>Inmet emite dois alertas de acumulado de chuvas para Natal e outras 68 cidades do RN - Taveira Jr<\/title>\n<meta name=\"robots\" content=\"index, follow, max-snippet:-1, max-image-preview:large, max-video-preview:-1\" \/>\n<link rel=\"canonical\" href=\"https:\/\/deputadotaveirajr.com.br\/index.php\/inmet-emite-dois-alertas-de-acumulado-de-chuvas-para-natal-e-outras-68-cidades-do-rn\/\" \/>\n<meta property=\"og:locale\" content=\"pt_BR\" \/>\n<meta property=\"og:type\" content=\"article\" \/>\n<meta property=\"og:title\" content=\"Inmet emite dois alertas de acumulado de chuvas para Natal e outras 68 cidades do RN - Taveira Jr\" \/>\n<meta property=\"og:description\" content=\"Avisos meteorol\u00f3gico foram publicados na manh\u00e3 desta ter\u00e7a-feira (28) e valem at\u00e9 \u00e0s 10h desta quarta-feira (29). Alertas abrangem cidades principalmente do litoral potiguar Inmet\/Reprodu\u00e7\u00e3o O Instituto Nacional de Meteorologia ...\" \/>\n<meta property=\"og:url\" content=\"https:\/\/deputadotaveirajr.com.br\/index.php\/inmet-emite-dois-alertas-de-acumulado-de-chuvas-para-natal-e-outras-68-cidades-do-rn\/\" \/>\n<meta property=\"og:site_name\" content=\"Taveira Jr\" \/>\n<meta property=\"og:image\" content=\"https:\/\/deputadotaveirajr.com.br\/wp-content\/uploads\/2024\/05\/alertas-sAajZP.jpeg\" \/>\n\t<meta property=\"og:image:width\" content=\"1004\" \/>\n\t<meta property=\"og:image:height\" content=\"674\" \/>\n\t<meta property=\"og:image:type\" content=\"image\/jpeg\" \/>\n<meta name=\"twitter:card\" content=\"summary_large_image\" \/>\n<meta name=\"twitter:label1\" content=\"Est. tempo de leitura\" \/>\n\t<meta name=\"twitter:data1\" content=\"2 minutos\" \/>\n<script type=\"application\/ld+json\" class=\"yoast-schema-graph\">{\"@context\":\"https:\/\/schema.org\",\"@graph\":[{\"@type\":\"WebPage\",\"@id\":\"https:\/\/deputadotaveirajr.com.br\/index.php\/inmet-emite-dois-alertas-de-acumulado-de-chuvas-para-natal-e-outras-68-cidades-do-rn\/\",\"url\":\"https:\/\/deputadotaveirajr.com.br\/index.php\/inmet-emite-dois-alertas-de-acumulado-de-chuvas-para-natal-e-outras-68-cidades-do-rn\/\",\"name\":\"Inmet emite dois alertas de acumulado de chuvas para Natal e outras 68 cidades do RN - Taveira Jr\",\"isPartOf\":{\"@id\":\"https:\/\/deputadotaveirajr.com.br\/#website\"},\"primaryImageOfPage\":{\"@id\":\"https:\/\/deputadotaveirajr.com.br\/index.php\/inmet-emite-dois-alertas-de-acumulado-de-chuvas-para-natal-e-outras-68-cidades-do-rn\/#primaryimage\"},\"image\":{\"@id\":\"https:\/\/deputadotaveirajr.com.br\/index.php\/inmet-emite-dois-alertas-de-acumulado-de-chuvas-para-natal-e-outras-68-cidades-do-rn\/#primaryimage\"},\"thumbnailUrl\":\"https:\/\/deputadotaveirajr.com.br\/wp-content\/uploads\/2024\/05\/alertas-sAajZP.jpeg\",\"datePublished\":\"2024-05-28T15:45:03+00:00\",\"breadcrumb\":{\"@id\":\"https:\/\/deputadotaveirajr.com.br\/index.php\/inmet-emite-dois-alertas-de-acumulado-de-chuvas-para-natal-e-outras-68-cidades-do-rn\/#breadcrumb\"},\"inLanguage\":\"pt-BR\",\"potentialAction\":[{\"@type\":\"ReadAction\",\"target\":[\"https:\/\/deputadotaveirajr.com.br\/index.php\/inmet-emite-dois-alertas-de-acumulado-de-chuvas-para-natal-e-outras-68-cidades-do-rn\/\"]}]},{\"@type\":\"ImageObject\",\"inLanguage\":\"pt-BR\",\"@id\":\"https:\/\/deputadotaveirajr.com.br\/index.php\/inmet-emite-dois-alertas-de-acumulado-de-chuvas-para-natal-e-outras-68-cidades-do-rn\/#primaryimage\",\"url\":\"https:\/\/deputadotaveirajr.com.br\/wp-content\/uploads\/2024\/05\/alertas-sAajZP.jpeg\",\"contentUrl\":\"https:\/\/deputadotaveirajr.com.br\/wp-content\/uploads\/2024\/05\/alertas-sAajZP.jpeg\",\"width\":1004,\"height\":674},{\"@type\":\"BreadcrumbList\",\"@id\":\"https:\/\/deputadotaveirajr.com.br\/index.php\/inmet-emite-dois-alertas-de-acumulado-de-chuvas-para-natal-e-outras-68-cidades-do-rn\/#breadcrumb\",\"itemListElement\":[{\"@type\":\"ListItem\",\"position\":1,\"name\":\"In\u00edcio\",\"item\":\"https:\/\/deputadotaveirajr.com.br\/\"},{\"@type\":\"ListItem\",\"position\":2,\"name\":\"Inmet emite dois alertas de acumulado de chuvas para Natal e outras 68 cidades do RN\"}]},{\"@type\":\"WebSite\",\"@id\":\"https:\/\/deputadotaveirajr.com.br\/#website\",\"url\":\"https:\/\/deputadotaveirajr.com.br\/\",\"name\":\"Taveira Jr\",\"description\":\"Deputado Estadual\",\"publisher\":{\"@id\":\"https:\/\/deputadotaveirajr.com.br\/#organization\"},\"potentialAction\":[{\"@type\":\"SearchAction\",\"target\":{\"@type\":\"EntryPoint\",\"urlTemplate\":\"https:\/\/deputadotaveirajr.com.br\/?s={search_term_string}\"},\"query-input\":{\"@type\":\"PropertyValueSpecification\",\"valueRequired\":true,\"valueName\":\"search_term_string\"}}],\"inLanguage\":\"pt-BR\"},{\"@type\":\"Organization\",\"@id\":\"https:\/\/deputadotaveirajr.com.br\/#organization\",\"name\":\"Taveira Jr\",\"url\":\"https:\/\/deputadotaveirajr.com.br\/\",\"logo\":{\"@type\":\"ImageObject\",\"inLanguage\":\"pt-BR\",\"@id\":\"https:\/\/deputadotaveirajr.com.br\/#\/schema\/logo\/image\/\",\"url\":\"https:\/\/deputadotaveirajr.com.br\/wp-content\/uploads\/2026\/01\/logolow2a.png\",\"contentUrl\":\"https:\/\/deputadotaveirajr.com.br\/wp-content\/uploads\/2026\/01\/logolow2a.png\",\"width\":290,\"height\":80,\"caption\":\"Taveira Jr\"},\"image\":{\"@id\":\"https:\/\/deputadotaveirajr.com.br\/#\/schema\/logo\/image\/\"}}]}<\/script>\n<!-- \/ Yoast SEO plugin. -->","yoast_head_json":{"title":"Inmet emite dois alertas de acumulado de chuvas para Natal e outras 68 cidades do RN - Taveira Jr","robots":{"index":"index","follow":"follow","max-snippet":"max-snippet:-1","max-image-preview":"max-image-preview:large","max-video-preview":"max-video-preview:-1"},"canonical":"https:\/\/deputadotaveirajr.com.br\/index.php\/inmet-emite-dois-alertas-de-acumulado-de-chuvas-para-natal-e-outras-68-cidades-do-rn\/","og_locale":"pt_BR","og_type":"article","og_title":"Inmet emite dois alertas de acumulado de chuvas para Natal e outras 68 cidades do RN - Taveira Jr","og_description":"Avisos meteorol\u00f3gico foram publicados na manh\u00e3 desta ter\u00e7a-feira (28) e valem at\u00e9 \u00e0s 10h desta quarta-feira (29). Alertas abrangem cidades principalmente do litoral potiguar Inmet\/Reprodu\u00e7\u00e3o O Instituto Nacional de Meteorologia ...","og_url":"https:\/\/deputadotaveirajr.com.br\/index.php\/inmet-emite-dois-alertas-de-acumulado-de-chuvas-para-natal-e-outras-68-cidades-do-rn\/","og_site_name":"Taveira Jr","og_image":[{"width":1004,"height":674,"url":"https:\/\/deputadotaveirajr.com.br\/wp-content\/uploads\/2024\/05\/alertas-sAajZP.jpeg","type":"image\/jpeg"}],"twitter_card":"summary_large_image","twitter_misc":{"Est. tempo de leitura":"2 minutos"},"schema":{"@context":"https:\/\/schema.org","@graph":[{"@type":"WebPage","@id":"https:\/\/deputadotaveirajr.com.br\/index.php\/inmet-emite-dois-alertas-de-acumulado-de-chuvas-para-natal-e-outras-68-cidades-do-rn\/","url":"https:\/\/deputadotaveirajr.com.br\/index.php\/inmet-emite-dois-alertas-de-acumulado-de-chuvas-para-natal-e-outras-68-cidades-do-rn\/","name":"Inmet emite dois alertas de acumulado de chuvas para Natal e outras 68 cidades do RN - Taveira Jr","isPartOf":{"@id":"https:\/\/deputadotaveirajr.com.br\/#website"},"primaryImageOfPage":{"@id":"https:\/\/deputadotaveirajr.com.br\/index.php\/inmet-emite-dois-alertas-de-acumulado-de-chuvas-para-natal-e-outras-68-cidades-do-rn\/#primaryimage"},"image":{"@id":"https:\/\/deputadotaveirajr.com.br\/index.php\/inmet-emite-dois-alertas-de-acumulado-de-chuvas-para-natal-e-outras-68-cidades-do-rn\/#primaryimage"},"thumbnailUrl":"https:\/\/deputadotaveirajr.com.br\/wp-content\/uploads\/2024\/05\/alertas-sAajZP.jpeg","datePublished":"2024-05-28T15:45:03+00:00","breadcrumb":{"@id":"https:\/\/deputadotaveirajr.com.br\/index.php\/inmet-emite-dois-alertas-de-acumulado-de-chuvas-para-natal-e-outras-68-cidades-do-rn\/#breadcrumb"},"inLanguage":"pt-BR","potentialAction":[{"@type":"ReadAction","target":["https:\/\/deputadotaveirajr.com.br\/index.php\/inmet-emite-dois-alertas-de-acumulado-de-chuvas-para-natal-e-outras-68-cidades-do-rn\/"]}]},{"@type":"ImageObject","inLanguage":"pt-BR","@id":"https:\/\/deputadotaveirajr.com.br\/index.php\/inmet-emite-dois-alertas-de-acumulado-de-chuvas-para-natal-e-outras-68-cidades-do-rn\/#primaryimage","url":"https:\/\/deputadotaveirajr.com.br\/wp-content\/uploads\/2024\/05\/alertas-sAajZP.jpeg","contentUrl":"https:\/\/deputadotaveirajr.com.br\/wp-content\/uploads\/2024\/05\/alertas-sAajZP.jpeg","width":1004,"height":674},{"@type":"BreadcrumbList","@id":"https:\/\/deputadotaveirajr.com.br\/index.php\/inmet-emite-dois-alertas-de-acumulado-de-chuvas-para-natal-e-outras-68-cidades-do-rn\/#breadcrumb","itemListElement":[{"@type":"ListItem","position":1,"name":"In\u00edcio","item":"https:\/\/deputadotaveirajr.com.br\/"},{"@type":"ListItem","position":2,"name":"Inmet emite dois alertas de acumulado de chuvas para Natal e outras 68 cidades do RN"}]},{"@type":"WebSite","@id":"https:\/\/deputadotaveirajr.com.br\/#website","url":"https:\/\/deputadotaveirajr.com.br\/","name":"Taveira Jr","description":"Deputado Estadual","publisher":{"@id":"https:\/\/deputadotaveirajr.com.br\/#organization"},"potentialAction":[{"@type":"SearchAction","target":{"@type":"EntryPoint","urlTemplate":"https:\/\/deputadotaveirajr.com.br\/?s={search_term_string}"},"query-input":{"@type":"PropertyValueSpecification","valueRequired":true,"valueName":"search_term_string"}}],"inLanguage":"pt-BR"},{"@type":"Organization","@id":"https:\/\/deputadotaveirajr.com.br\/#organization","name":"Taveira Jr","url":"https:\/\/deputadotaveirajr.com.br\/","logo":{"@type":"ImageObject","inLanguage":"pt-BR","@id":"https:\/\/deputadotaveirajr.com.br\/#\/schema\/logo\/image\/","url":"https:\/\/deputadotaveirajr.com.br\/wp-content\/uploads\/2026\/01\/logolow2a.png","contentUrl":"https:\/\/deputadotaveirajr.com.br\/wp-content\/uploads\/2026\/01\/logolow2a.png","width":290,"height":80,"caption":"Taveira Jr"},"image":{"@id":"https:\/\/deputadotaveirajr.com.br\/#\/schema\/logo\/image\/"}}]}},"_links":{"self":[{"href":"https:\/\/deputadotaveirajr.com.br\/index.php\/wp-json\/wp\/v2\/pages\/6527","targetHints":{"allow":["GET"]}}],"collection":[{"href":"https:\/\/deputadotaveirajr.com.br\/index.php\/wp-json\/wp\/v2\/pages"}],"about":[{"href":"https:\/\/deputadotaveirajr.com.br\/index.php\/wp-json\/wp\/v2\/types\/page"}],"replies":[{"embeddable":true,"href":"https:\/\/deputadotaveirajr.com.br\/index.php\/wp-json\/wp\/v2\/comments?post=6527"}],"version-history":[{"count":1,"href":"https:\/\/deputadotaveirajr.com.br\/index.php\/wp-json\/wp\/v2\/pages\/6527\/revisions"}],"predecessor-version":[{"id":6532,"href":"https:\/\/deputadotaveirajr.com.br\/index.php\/wp-json\/wp\/v2\/pages\/6527\/revisions\/6532"}],"wp:featuredmedia":[{"embeddable":true,"href":"https:\/\/deputadotaveirajr.com.br\/index.php\/wp-json\/wp\/v2\/media\/6528"}],"wp:attachment":[{"href":"https:\/\/deputadotaveirajr.com.br\/index.php\/wp-json\/wp\/v2\/media?parent=6527"}],"curies":[{"name":"wp","href":"https:\/\/api.w.org\/{rel}","templated":true}]}}