{"id":6534,"date":"2024-05-28T15:35:42","date_gmt":"2024-05-28T18:35:42","guid":{"rendered":"https:\/\/deputadotaveirajr.com.br\/?page_id=6534"},"modified":"2024-05-28T15:35:42","modified_gmt":"2024-05-28T18:35:42","slug":"suspeito-de-matar-cunhada-durante-encontro-familiar-e-preso-em-mossoro","status":"publish","type":"page","link":"https:\/\/deputadotaveirajr.com.br\/index.php\/suspeito-de-matar-cunhada-durante-encontro-familiar-e-preso-em-mossoro\/","title":{"rendered":"Suspeito de matar cunhada durante encontro familiar \u00e9 preso em Mossor\u00f3"},"content":{"rendered":"<p>     Homem disse \u00e0 pol\u00edcia que disparou arma de fogo com inten\u00e7\u00e3o de &#8216;cessar briga&#8217;. Crime aconteceu no \u00faltimo s\u00e1bado (25).  Rossileny Silvino Ribeiro Dantas, de 37 anos, foi assassinada em Mossor\u00f3<br \/>\nCedida<br \/>\nO homem apontado como principal suspeito do assassinato da pr\u00f3pria cunhada, Rossileny Silvino Ribeiro Dantas, de 37 anos, foi preso na manh\u00e3 desta ter\u00e7a-feira (28) em Mossor\u00f3, no Oeste potiguar.<br \/>\nA pris\u00e3o foi confirmada pela Delegacia de Homic\u00eddios e Prote\u00e7\u00e3o \u00e0 Pessoa (DHPP), respons\u00e1vel pela investiga\u00e7\u00e3o.<br \/>\nSegundo a delegada Luana Vidal, o homem foi localizado e intimado a prestar depoimento na delegacia. Enquanto apresentava sua vers\u00e3o aos policiais, no entanto, a Justi\u00e7a expediu o mandado de pris\u00e3o preventiva, que tinha sido solicitada pela corpora\u00e7\u00e3o.<br \/>\nAinda segundo a delegada, o homem disse aos investigadores que a inten\u00e7\u00e3o dos disparos era &#8220;s\u00f3 cessar a briga&#8221;.<br \/>\n&#8216;Morreu nos meus bra\u00e7os&#8217;, diz marido de mulher assassinada por cunhado em Mossor\u00f3<br \/>\nO crime aconteceu entre o fim da tarde e in\u00edcio da noite de s\u00e1bado (25) no bairro Vingt Rosado, na casa do suspeito, onde a fam\u00edlia tinha se reunido para almo\u00e7ar, e passou a tarde, inclusive com consumo de bebidas alco\u00f3licas.<br \/>\nSegundo a Pol\u00edcia Civil e testemunhas do crime, o homem cometeu o crime durante um conflito iniciado ap\u00f3s uma discuss\u00e3o entre crian\u00e7as da fam\u00edlia. O homem fugiu ap\u00f3s os disparos.<br \/>\nSegundo a Divis\u00e3o de Homic\u00eddios e Prote\u00e7\u00e3o \u00e0 Pessoa (DHPP), Rossileny sofreu um tiro no rosto e outro no abd\u00f4men. A esposa do suspeito, que \u00e9 irm\u00e3 da v\u00edtima, tamb\u00e9m sofreu um tiro de rasp\u00e3o no bra\u00e7o, mas n\u00e3o corre risco de morte.<br \/>\n&#8220;A briga entre eles teria se iniciado por causa da discuss\u00e3o entre duas crian\u00e7as. Por causa dessa discuss\u00e3o, ele foi at\u00e9 seu quarto pegar a arma. A caminho do quarto, a sua companheira decidiu ir atr\u00e1s dele, momento em que foi chamada de rapariga. Rossileny foi atr\u00e1s deles no intuito de defender sua irm\u00e3, momento em que ele pegou a arma e efetuou os disparos&#8221;, informou a delegada Luana Vidal na segunda-feira (27).<br \/>\nO Servi\u00e7o de Atendimento M\u00f3vel de Urg\u00eancia (Samu) foi acionado, mas constatou a morte de Rossileny ainda no local. A dona de casa deixou dois filhos, de 11 e 13 anos, marido, al\u00e9m dos pais, aos quais dava assist\u00eancia.<br \/>\n\ud83d\udcf3Participe do canal do g1 RN no WhatsApp<br \/>\nV\u00eddeos mais assistidos do g1 RN<\/p>","protected":false},"excerpt":{"rendered":"<p>Homem disse \u00e0 pol\u00edcia que disparou arma de fogo com inten\u00e7\u00e3o de &#8216;cessar briga&#8217;. Crime aconteceu no \u00faltimo s\u00e1bado (25). Rossileny Silvino Ribeiro Dantas, de 37 anos, foi assassinada em &#8230;<\/p>\n","protected":false},"author":0,"featured_media":6535,"parent":0,"menu_order":0,"comment_status":"closed","ping_status":"closed","template":"","meta":{"footnotes":""},"class_list":["post-6534","page","type-page","status-publish","has-post-thumbnail","hentry"],"yoast_head":"<!-- This site is optimized with the Yoast SEO plugin v27.1.1 - https:\/\/yoast.com\/product\/yoast-seo-wordpress\/ -->\n<title>Suspeito de matar cunhada durante encontro familiar \u00e9 preso em Mossor\u00f3 - Taveira Jr<\/title>\n<meta name=\"robots\" content=\"index, follow, max-snippet:-1, max-image-preview:large, max-video-preview:-1\" \/>\n<link rel=\"canonical\" href=\"https:\/\/deputadotaveirajr.com.br\/index.php\/suspeito-de-matar-cunhada-durante-encontro-familiar-e-preso-em-mossoro\/\" \/>\n<meta property=\"og:locale\" content=\"pt_BR\" \/>\n<meta property=\"og:type\" content=\"article\" \/>\n<meta property=\"og:title\" content=\"Suspeito de matar cunhada durante encontro familiar \u00e9 preso em Mossor\u00f3 - Taveira Jr\" \/>\n<meta property=\"og:description\" content=\"Homem disse \u00e0 pol\u00edcia que disparou arma de fogo com inten\u00e7\u00e3o de &#8216;cessar briga&#8217;. Crime aconteceu no \u00faltimo s\u00e1bado (25). Rossileny Silvino Ribeiro Dantas, de 37 anos, foi assassinada em ...\" \/>\n<meta property=\"og:url\" content=\"https:\/\/deputadotaveirajr.com.br\/index.php\/suspeito-de-matar-cunhada-durante-encontro-familiar-e-preso-em-mossoro\/\" \/>\n<meta property=\"og:site_name\" content=\"Taveira Jr\" \/>\n<meta property=\"og:image\" content=\"https:\/\/deputadotaveirajr.com.br\/wp-content\/uploads\/2024\/05\/rossileny-zHFI1v.png\" \/>\n\t<meta property=\"og:image:width\" content=\"700\" \/>\n\t<meta property=\"og:image:height\" content=\"865\" \/>\n\t<meta property=\"og:image:type\" content=\"image\/png\" \/>\n<meta name=\"twitter:card\" content=\"summary_large_image\" \/>\n<meta name=\"twitter:label1\" content=\"Est. tempo de leitura\" \/>\n\t<meta name=\"twitter:data1\" content=\"2 minutos\" \/>\n<script type=\"application\/ld+json\" class=\"yoast-schema-graph\">{\"@context\":\"https:\/\/schema.org\",\"@graph\":[{\"@type\":\"WebPage\",\"@id\":\"https:\/\/deputadotaveirajr.com.br\/index.php\/suspeito-de-matar-cunhada-durante-encontro-familiar-e-preso-em-mossoro\/\",\"url\":\"https:\/\/deputadotaveirajr.com.br\/index.php\/suspeito-de-matar-cunhada-durante-encontro-familiar-e-preso-em-mossoro\/\",\"name\":\"Suspeito de matar cunhada durante encontro familiar \u00e9 preso em Mossor\u00f3 - Taveira Jr\",\"isPartOf\":{\"@id\":\"https:\/\/deputadotaveirajr.com.br\/#website\"},\"primaryImageOfPage\":{\"@id\":\"https:\/\/deputadotaveirajr.com.br\/index.php\/suspeito-de-matar-cunhada-durante-encontro-familiar-e-preso-em-mossoro\/#primaryimage\"},\"image\":{\"@id\":\"https:\/\/deputadotaveirajr.com.br\/index.php\/suspeito-de-matar-cunhada-durante-encontro-familiar-e-preso-em-mossoro\/#primaryimage\"},\"thumbnailUrl\":\"https:\/\/deputadotaveirajr.com.br\/wp-content\/uploads\/2024\/05\/rossileny-zHFI1v.png\",\"datePublished\":\"2024-05-28T18:35:42+00:00\",\"breadcrumb\":{\"@id\":\"https:\/\/deputadotaveirajr.com.br\/index.php\/suspeito-de-matar-cunhada-durante-encontro-familiar-e-preso-em-mossoro\/#breadcrumb\"},\"inLanguage\":\"pt-BR\",\"potentialAction\":[{\"@type\":\"ReadAction\",\"target\":[\"https:\/\/deputadotaveirajr.com.br\/index.php\/suspeito-de-matar-cunhada-durante-encontro-familiar-e-preso-em-mossoro\/\"]}]},{\"@type\":\"ImageObject\",\"inLanguage\":\"pt-BR\",\"@id\":\"https:\/\/deputadotaveirajr.com.br\/index.php\/suspeito-de-matar-cunhada-durante-encontro-familiar-e-preso-em-mossoro\/#primaryimage\",\"url\":\"https:\/\/deputadotaveirajr.com.br\/wp-content\/uploads\/2024\/05\/rossileny-zHFI1v.png\",\"contentUrl\":\"https:\/\/deputadotaveirajr.com.br\/wp-content\/uploads\/2024\/05\/rossileny-zHFI1v.png\",\"width\":700,\"height\":865},{\"@type\":\"BreadcrumbList\",\"@id\":\"https:\/\/deputadotaveirajr.com.br\/index.php\/suspeito-de-matar-cunhada-durante-encontro-familiar-e-preso-em-mossoro\/#breadcrumb\",\"itemListElement\":[{\"@type\":\"ListItem\",\"position\":1,\"name\":\"In\u00edcio\",\"item\":\"https:\/\/deputadotaveirajr.com.br\/\"},{\"@type\":\"ListItem\",\"position\":2,\"name\":\"Suspeito de matar cunhada durante encontro familiar \u00e9 preso em Mossor\u00f3\"}]},{\"@type\":\"WebSite\",\"@id\":\"https:\/\/deputadotaveirajr.com.br\/#website\",\"url\":\"https:\/\/deputadotaveirajr.com.br\/\",\"name\":\"Taveira Jr\",\"description\":\"Deputado Estadual\",\"publisher\":{\"@id\":\"https:\/\/deputadotaveirajr.com.br\/#organization\"},\"potentialAction\":[{\"@type\":\"SearchAction\",\"target\":{\"@type\":\"EntryPoint\",\"urlTemplate\":\"https:\/\/deputadotaveirajr.com.br\/?s={search_term_string}\"},\"query-input\":{\"@type\":\"PropertyValueSpecification\",\"valueRequired\":true,\"valueName\":\"search_term_string\"}}],\"inLanguage\":\"pt-BR\"},{\"@type\":\"Organization\",\"@id\":\"https:\/\/deputadotaveirajr.com.br\/#organization\",\"name\":\"Taveira Jr\",\"url\":\"https:\/\/deputadotaveirajr.com.br\/\",\"logo\":{\"@type\":\"ImageObject\",\"inLanguage\":\"pt-BR\",\"@id\":\"https:\/\/deputadotaveirajr.com.br\/#\/schema\/logo\/image\/\",\"url\":\"https:\/\/deputadotaveirajr.com.br\/wp-content\/uploads\/2026\/01\/logolow2a.png\",\"contentUrl\":\"https:\/\/deputadotaveirajr.com.br\/wp-content\/uploads\/2026\/01\/logolow2a.png\",\"width\":290,\"height\":80,\"caption\":\"Taveira Jr\"},\"image\":{\"@id\":\"https:\/\/deputadotaveirajr.com.br\/#\/schema\/logo\/image\/\"}}]}<\/script>\n<!-- \/ Yoast SEO plugin. -->","yoast_head_json":{"title":"Suspeito de matar cunhada durante encontro familiar \u00e9 preso em Mossor\u00f3 - Taveira Jr","robots":{"index":"index","follow":"follow","max-snippet":"max-snippet:-1","max-image-preview":"max-image-preview:large","max-video-preview":"max-video-preview:-1"},"canonical":"https:\/\/deputadotaveirajr.com.br\/index.php\/suspeito-de-matar-cunhada-durante-encontro-familiar-e-preso-em-mossoro\/","og_locale":"pt_BR","og_type":"article","og_title":"Suspeito de matar cunhada durante encontro familiar \u00e9 preso em Mossor\u00f3 - Taveira Jr","og_description":"Homem disse \u00e0 pol\u00edcia que disparou arma de fogo com inten\u00e7\u00e3o de &#8216;cessar briga&#8217;. Crime aconteceu no \u00faltimo s\u00e1bado (25). Rossileny Silvino Ribeiro Dantas, de 37 anos, foi assassinada em ...","og_url":"https:\/\/deputadotaveirajr.com.br\/index.php\/suspeito-de-matar-cunhada-durante-encontro-familiar-e-preso-em-mossoro\/","og_site_name":"Taveira Jr","og_image":[{"width":700,"height":865,"url":"https:\/\/deputadotaveirajr.com.br\/wp-content\/uploads\/2024\/05\/rossileny-zHFI1v.png","type":"image\/png"}],"twitter_card":"summary_large_image","twitter_misc":{"Est. tempo de leitura":"2 minutos"},"schema":{"@context":"https:\/\/schema.org","@graph":[{"@type":"WebPage","@id":"https:\/\/deputadotaveirajr.com.br\/index.php\/suspeito-de-matar-cunhada-durante-encontro-familiar-e-preso-em-mossoro\/","url":"https:\/\/deputadotaveirajr.com.br\/index.php\/suspeito-de-matar-cunhada-durante-encontro-familiar-e-preso-em-mossoro\/","name":"Suspeito de matar cunhada durante encontro familiar \u00e9 preso em Mossor\u00f3 - Taveira Jr","isPartOf":{"@id":"https:\/\/deputadotaveirajr.com.br\/#website"},"primaryImageOfPage":{"@id":"https:\/\/deputadotaveirajr.com.br\/index.php\/suspeito-de-matar-cunhada-durante-encontro-familiar-e-preso-em-mossoro\/#primaryimage"},"image":{"@id":"https:\/\/deputadotaveirajr.com.br\/index.php\/suspeito-de-matar-cunhada-durante-encontro-familiar-e-preso-em-mossoro\/#primaryimage"},"thumbnailUrl":"https:\/\/deputadotaveirajr.com.br\/wp-content\/uploads\/2024\/05\/rossileny-zHFI1v.png","datePublished":"2024-05-28T18:35:42+00:00","breadcrumb":{"@id":"https:\/\/deputadotaveirajr.com.br\/index.php\/suspeito-de-matar-cunhada-durante-encontro-familiar-e-preso-em-mossoro\/#breadcrumb"},"inLanguage":"pt-BR","potentialAction":[{"@type":"ReadAction","target":["https:\/\/deputadotaveirajr.com.br\/index.php\/suspeito-de-matar-cunhada-durante-encontro-familiar-e-preso-em-mossoro\/"]}]},{"@type":"ImageObject","inLanguage":"pt-BR","@id":"https:\/\/deputadotaveirajr.com.br\/index.php\/suspeito-de-matar-cunhada-durante-encontro-familiar-e-preso-em-mossoro\/#primaryimage","url":"https:\/\/deputadotaveirajr.com.br\/wp-content\/uploads\/2024\/05\/rossileny-zHFI1v.png","contentUrl":"https:\/\/deputadotaveirajr.com.br\/wp-content\/uploads\/2024\/05\/rossileny-zHFI1v.png","width":700,"height":865},{"@type":"BreadcrumbList","@id":"https:\/\/deputadotaveirajr.com.br\/index.php\/suspeito-de-matar-cunhada-durante-encontro-familiar-e-preso-em-mossoro\/#breadcrumb","itemListElement":[{"@type":"ListItem","position":1,"name":"In\u00edcio","item":"https:\/\/deputadotaveirajr.com.br\/"},{"@type":"ListItem","position":2,"name":"Suspeito de matar cunhada durante encontro familiar \u00e9 preso em Mossor\u00f3"}]},{"@type":"WebSite","@id":"https:\/\/deputadotaveirajr.com.br\/#website","url":"https:\/\/deputadotaveirajr.com.br\/","name":"Taveira Jr","description":"Deputado Estadual","publisher":{"@id":"https:\/\/deputadotaveirajr.com.br\/#organization"},"potentialAction":[{"@type":"SearchAction","target":{"@type":"EntryPoint","urlTemplate":"https:\/\/deputadotaveirajr.com.br\/?s={search_term_string}"},"query-input":{"@type":"PropertyValueSpecification","valueRequired":true,"valueName":"search_term_string"}}],"inLanguage":"pt-BR"},{"@type":"Organization","@id":"https:\/\/deputadotaveirajr.com.br\/#organization","name":"Taveira Jr","url":"https:\/\/deputadotaveirajr.com.br\/","logo":{"@type":"ImageObject","inLanguage":"pt-BR","@id":"https:\/\/deputadotaveirajr.com.br\/#\/schema\/logo\/image\/","url":"https:\/\/deputadotaveirajr.com.br\/wp-content\/uploads\/2026\/01\/logolow2a.png","contentUrl":"https:\/\/deputadotaveirajr.com.br\/wp-content\/uploads\/2026\/01\/logolow2a.png","width":290,"height":80,"caption":"Taveira Jr"},"image":{"@id":"https:\/\/deputadotaveirajr.com.br\/#\/schema\/logo\/image\/"}}]}},"_links":{"self":[{"href":"https:\/\/deputadotaveirajr.com.br\/index.php\/wp-json\/wp\/v2\/pages\/6534","targetHints":{"allow":["GET"]}}],"collection":[{"href":"https:\/\/deputadotaveirajr.com.br\/index.php\/wp-json\/wp\/v2\/pages"}],"about":[{"href":"https:\/\/deputadotaveirajr.com.br\/index.php\/wp-json\/wp\/v2\/types\/page"}],"replies":[{"embeddable":true,"href":"https:\/\/deputadotaveirajr.com.br\/index.php\/wp-json\/wp\/v2\/comments?post=6534"}],"version-history":[{"count":1,"href":"https:\/\/deputadotaveirajr.com.br\/index.php\/wp-json\/wp\/v2\/pages\/6534\/revisions"}],"predecessor-version":[{"id":6537,"href":"https:\/\/deputadotaveirajr.com.br\/index.php\/wp-json\/wp\/v2\/pages\/6534\/revisions\/6537"}],"wp:featuredmedia":[{"embeddable":true,"href":"https:\/\/deputadotaveirajr.com.br\/index.php\/wp-json\/wp\/v2\/media\/6535"}],"wp:attachment":[{"href":"https:\/\/deputadotaveirajr.com.br\/index.php\/wp-json\/wp\/v2\/media?parent=6534"}],"curies":[{"name":"wp","href":"https:\/\/api.w.org\/{rel}","templated":true}]}}